{"id":21865,"date":"2024-05-06T11:33:11","date_gmt":"2024-05-06T11:33:11","guid":{"rendered":"https:\/\/lightsteelblue-zebra-299715.hostingersite.com\/?post_type=product&#038;p=21865"},"modified":"2024-06-03T20:11:55","modified_gmt":"2024-06-03T20:11:55","slug":"%d0%bb%d0%b0%d0%ba%d0%be%d0%bc%d1%81%d1%82%d0%b2%d0%be-%d0%b4%d0%bb%d1%8f-%d1%81%d0%be%d0%b1%d0%b0%d0%ba-wanpy-cat-chicken-jerky-codfish-sandwiches-%d1%81%d1%8d%d0%bd%d0%b4%d0%b2%d0%b8%d1%87-%d0%ba","status":"publish","type":"product","link":"https:\/\/zoo-land.az\/az\/shop\/cat\/cat-food-adds\/%d0%bb%d0%b0%d0%ba%d0%be%d0%bc%d1%81%d1%82%d0%b2%d0%be-%d0%b4%d0%bb%d1%8f-%d1%81%d0%be%d0%b1%d0%b0%d0%ba-wanpy-cat-chicken-jerky-codfish-sandwiches-%d1%81%d1%8d%d0%bd%d0%b4%d0%b2%d0%b8%d1%87-%d0%ba\/","title":{"rendered":"\u041b\u0430\u043a\u043e\u043c\u0441\u0442\u0432\u043e \u043b\u044f \u043a\u043e\u0448\u0435\u043a Wanpy Cat Chicken Jerky &amp; Codfish Sandwiches \u0441\u044d\u043d\u0434\u0432\u0438\u0447 \u043a\u0443\u0440\u0438\u0446\u0430 \u0441 \u0442\u0440\u0435\u0441\u043a\u043e\u0439 80 q"},"content":{"rendered":"<p>\u0421\u044d\u043d\u0434\u0432\u0438\u0447-\u043f\u043e\u043b\u043e\u0441\u043a\u0438 Wanpy Chicken Jerky &amp; Codfish Sandwiches \u2013 \u043d\u0430\u0442\u0443\u0440\u0430\u043b\u044c\u043d\u043e\u0435 \u043b\u0430\u043a\u043e\u043c\u0441\u0442\u0432\u043e \u043d\u0430 \u043e\u0441\u043d\u043e\u0432\u0435 \u0432\u044f\u043b\u0435\u043d\u043e\u0433\u043e \u043c\u044f\u0441\u0430 \u043a\u0443\u0440\u0438\u0446\u044b \u0438 \u0444\u0438\u043b\u0435 \u0442\u0440\u0435\u0441\u043a\u0438. \u041f\u0440\u0435\u0434\u043d\u0430\u0437\u043d\u0430\u0447\u0435\u043d\u043e \u0432 \u043a\u0430\u0447\u0435\u0441\u0442\u0432\u0435 \u0432\u043a\u0443\u0441\u043d\u043e\u0433\u043e \u0438 \u043f\u043e\u043b\u0435\u0437\u043d\u043e\u0433\u043e \u0434\u043e\u043f\u043e\u043b\u043d\u0435\u043d\u0438\u044f \u043a \u043e\u0441\u043d\u043e\u0432\u043d\u043e\u043c\u0443 \u0440\u0430\u0446\u0438\u043e\u043d\u0443<\/p>\n<p>\u041b\u0430\u043a\u043e\u043c\u0441\u0442\u0432\u043e \u043c\u043e\u0436\u043d\u043e \u0438\u0441\u043f\u043e\u043b\u044c\u0437\u043e\u0432\u0430\u0442\u044c \u0434\u043b\u044f \u0440\u0430\u0437\u043d\u044b\u0445 \u0446\u0435\u043b\u0435\u0439. \u041d\u0430\u043f\u0440\u0438\u043c\u0435\u0440, \u0432 \u043a\u0430\u0447\u0435\u0441\u0442\u0432\u0435 \u0443\u0433\u043e\u0449\u0435\u043d\u0438\u044f \u0438\u043b\u0438 \u043f\u043e\u043e\u0449\u0440\u0435\u043d\u0438\u044f \u0437\u0430 \u0445\u043e\u0440\u043e\u0448\u0435\u0435 \u043f\u043e\u0432\u0435\u0434\u0435\u043d\u0438\u0435. \u0412\u0430\u0448 \u043f\u0438\u0442\u043e\u043c\u0435\u0446, \u043a\u0430\u043a \u0438 \u0432\u044b, \u0432\u0440\u0435\u043c\u044f \u043e\u0442 \u0432\u0440\u0435\u043c\u0435\u043d\u0438 \u043b\u044e\u0431\u0438\u0442 \u043f\u0435\u0440\u0435\u043a\u0443\u0441\u0438\u0442\u044c \u0438 \u043d\u0435 \u043e\u0442\u043a\u0430\u0436\u0435\u0442\u0441\u044f \u043e\u0442 \u0447\u0435\u0433\u043e-\u0442\u043e \u043e\u0441\u043e\u0431\u0435\u043d\u043d\u043e\u0433\u043e, \u043e\u0442\u043b\u0438\u0447\u0430\u044e\u0449\u0435\u0433\u043e\u0441\u044f \u043e\u0442 \u043f\u043e\u0432\u0441\u0435\u0434\u043d\u0435\u0432\u043d\u043e\u0433\u043e \u043a\u043e\u0440\u043c\u0430. \u0421 Wanpy Chicken Jerky &amp; Codfish Sandwiches \u0432\u044b \u043f\u0440\u0435\u0434\u043b\u0430\u0433\u0430\u0435\u0442\u0435 \u043f\u0438\u0442\u043e\u043c\u0446\u0443 \u043c\u044f\u0441\u043d\u043e\u0439 \u0434\u0435\u043b\u0438\u043a\u0430\u0442\u0435\u0441 \u043f\u0440\u0435\u043c\u0438\u0443\u043c \u043a\u0430\u0447\u0435\u0441\u0442\u0432\u0430 \u0431\u0435\u0437 \u0438\u0441\u043a\u0443\u0441\u0441\u0442\u0432\u0435\u043d\u043d\u044b\u0445 \u0430\u0440\u043e\u043c\u0430\u0442\u0438\u0437\u0430\u0442\u043e\u0440\u043e\u0432 \u0441 \u043f\u0438\u043a\u0430\u043d\u0442\u043d\u043e\u0439 \u0434\u043e\u0431\u0430\u0432\u043a\u043e\u0439 \u043f\u043e\u043b\u0435\u0437\u043d\u043e\u0439 \u0440\u044b\u0431\u044b, \u043d\u0435\u0431\u043e\u043b\u044c\u0448\u0438\u043c \u0430\u043a\u0446\u0435\u043d\u0442\u043e\u043c \u0441\u043f\u0435\u0446\u0438\u0439 \u0438 \u0441\u043e\u043b\u044c\u044e \u0432 \u043a\u0430\u0447\u0435\u0441\u0442\u0432\u0435 \u043d\u0430\u0442\u0443\u0440\u0430\u043b\u044c\u043d\u043e\u0433\u043e \u043a\u043e\u043d\u0441\u0435\u0440\u0432\u0430\u043d\u0442\u0430. \u041b\u0430\u043a\u043e\u043c\u0441\u0442\u0432\u043e \u0437\u0430\u043f\u0435\u043a\u0430\u0435\u0442\u0441\u044f \u0432 \u0434\u0443\u0445\u043e\u0432\u043a\u0435, \u0447\u0442\u043e\u0431\u044b \u0441\u043e\u0445\u0440\u0430\u043d\u0438\u0442\u044c \u043c\u0430\u043a\u0441\u0438\u043c\u0443\u043c \u043f\u043e\u043b\u0435\u0437\u043d\u044b\u0445 \u0432\u0435\u0449\u0435\u0441\u0442\u0432, \u043a\u0430\u043a \u0435\u0441\u043b\u0438 \u0431\u044b \u0432\u044b \u0433\u043e\u0442\u043e\u0432\u0438\u043b\u0438 \u043b\u0430\u043a\u043e\u043c\u0441\u0442\u0432\u0430 \u0434\u043b\u044f \u0441\u043e\u0431\u0430\u043a \u0441\u0432\u043e\u0438\u043c\u0438 \u0440\u0443\u043a\u0430\u043c\u0438.<\/p>\n<p>\u0421\u044d\u043d\u0434\u0432\u0438\u0447-\u043f\u043e\u043b\u043e\u0441\u043a\u0438 \u0438\u0437 \u0432\u044f\u043b\u0435\u043d\u043e\u0433\u043e \u043a\u0443\u0440\u0438\u043d\u043e\u0433\u043e \u043c\u044f\u0441\u0430 \u0438 \u0442\u0440\u0435\u0441\u043a\u0438 \u0442\u0430\u043a\u0436\u0435 \u043f\u043e\u0434\u0445\u043e\u0434\u044f\u0442 \u0432 \u043a\u0430\u0447\u0435\u0441\u0442\u0432\u0435 \u043b\u0430\u043a\u043e\u043c\u0441\u0442\u0432\u0430 \u0434\u043b\u044f \u0434\u0440\u0435\u0441\u0441\u0438\u0440\u043e\u0432\u043a\u0438 . \u0418\u0445 \u043b\u0435\u0433\u043a\u043e \u0440\u0430\u0437\u043b\u043e\u043c\u0430\u0442\u044c \u043d\u0430 \u0447\u0430\u0441\u0442\u0438 \u0438 \u0443\u0433\u043e\u0449\u0430\u0442\u044c \u043f\u0438\u0442\u043e\u043c\u0446\u0430 \u0437\u0430 \u0443\u0434\u0430\u0447\u043d\u043e \u0432\u044b\u043f\u043e\u043b\u043d\u0435\u043d\u043d\u0443\u044e \u043a\u043e\u043c\u0430\u043d\u0434\u0443 \u0438\u043b\u0438 \u0443\u043f\u0440\u0430\u0436\u043d\u0435\u043d\u0438\u0435.<\/p>\n<p>\u041a\u0440\u043e\u043c\u0435 \u0442\u043e\u0433\u043e, \u043d\u0430\u0442\u0443\u0440\u0430\u043b\u044c\u043d\u043e\u0435 \u043b\u0430\u043a\u043e\u043c\u0441\u0442\u0432\u043e Wanpy Chicken Jerky &amp; Codfish Sandwiches \u0441\u043e\u0434\u0435\u0440\u0436\u0438\u0442 \u043c\u043d\u043e\u0433\u043e \u043f\u043e\u043b\u0435\u0437\u043d\u043e\u0433\u043e \u0436\u0438\u0432\u043e\u0442\u043d\u043e\u0433\u043e \u0431\u0435\u043b\u043a\u0430 \u0438 \u043c\u0430\u043b\u043e \u0436\u0438\u0440\u0430. \u0422\u0430\u043a\u0438\u043c \u043e\u0431\u0440\u0430\u0437\u043e\u043c \u043e\u0431\u0435\u0441\u043f\u0435\u0447\u0438\u0432\u0430\u0435\u0442\u0441\u044f \u0430\u043a\u0442\u0438\u0432\u043d\u043e\u0441\u0442\u044c \u0432\u0430\u0448\u0435\u0433\u043e \u043f\u0438\u0442\u043e\u043c\u0446\u0430, \u0443\u043a\u0440\u0435\u043f\u043b\u044f\u0435\u0442\u0441\u044f \u0435\u0433\u043e \u0437\u0434\u043e\u0440\u043e\u0432\u044c\u0435 \u0438 \u0438\u043c\u043c\u0443\u043d\u0438\u0442\u0435\u0442 \u043f\u0440\u0438 \u043d\u0430\u0434\u043b\u0435\u0436\u0430\u0449\u0435\u043c \u043a\u043e\u043d\u0442\u0440\u043e\u043b\u0435 \u0432\u0435\u0441\u0430.<\/p>","protected":false},"excerpt":{"rendered":"<p>\u0421\u044d\u043d\u0434\u0432\u0438\u0447-\u043f\u043e\u043b\u043e\u0441\u043a\u0438 Wanpy Chicken Jerky &amp; Codfish Sandwiches \u2013 \u043d\u0430\u0442\u0443\u0440\u0430\u043b\u044c\u043d\u043e\u0435 \u043b\u0430\u043a\u043e\u043c\u0441\u0442\u0432\u043e \u043d\u0430 \u043e\u0441\u043d\u043e\u0432\u0435 \u0432\u044f\u043b\u0435\u043d\u043e\u0433\u043e \u043c\u044f\u0441\u0430 \u043a\u0443\u0440\u0438\u0446\u044b \u0438 \u0444\u0438\u043b\u0435 \u0442\u0440\u0435\u0441\u043a\u0438. \u041f\u0440\u0435\u0434\u043d\u0430\u0437\u043d\u0430\u0447\u0435\u043d\u043e \u0432 \u043a\u0430\u0447\u0435\u0441\u0442\u0432\u0435 \u0432\u043a\u0443\u0441\u043d\u043e\u0433\u043e \u0438 \u043f\u043e\u043b\u0435\u0437\u043d\u043e\u0433\u043e \u0434\u043e\u043f\u043e\u043b\u043d\u0435\u043d\u0438\u044f \u043a \u043e\u0441\u043d\u043e\u0432\u043d\u043e\u043c\u0443 \u0440\u0430\u0446\u0438\u043e\u043d\u0443<\/p>","protected":false},"featured_media":22585,"template":"","meta":{"inline_featured_image":false,"_joinchat":[]},"product_cat":[191,188],"product_tag":[],"class_list":{"0":"post-21865","1":"product","2":"type-product","3":"status-publish","4":"has-post-thumbnail","6":"product_brand-wanpy","7":"product_cat-cat-food-adds","8":"product_cat-cat","10":"first","11":"instock","12":"shipping-taxable","13":"purchasable","14":"product-type-simple"},"yoast_head":"<!-- This site is optimized with the Yoast SEO plugin v26.7 - https:\/\/yoast.com\/wordpress\/plugins\/seo\/ -->\n<title>\u041b\u0430\u043a\u043e\u043c\u0441\u0442\u0432\u043e \u043b\u044f \u043a\u043e\u0448\u0435\u043a Wanpy Cat Chicken Jerky &amp; Codfish Sandwiches \u0441\u044d\u043d\u0434\u0432\u0438\u0447 \u043a\u0443\u0440\u0438\u0446\u0430 \u0441 \u0442\u0440\u0435\u0441\u043a\u043e\u0439 80 \u0433 - Zooland.az<\/title>\n<meta name=\"robots\" content=\"index, follow, max-snippet:-1, max-image-preview:large, max-video-preview:-1\" \/>\n<link rel=\"canonical\" href=\"https:\/\/zoo-land.az\/az\/shop\/cat\/cat-food-adds\/\u043b\u0430\u043a\u043e\u043c\u0441\u0442\u0432\u043e-\u0434\u043b\u044f-\u0441\u043e\u0431\u0430\u043a-wanpy-cat-chicken-jerky-codfish-sandwiches-\u0441\u044d\u043d\u0434\u0432\u0438\u0447-\u043a\/\" \/>\n<meta property=\"og:locale\" content=\"az_AZ\" \/>\n<meta property=\"og:type\" content=\"article\" \/>\n<meta property=\"og:title\" content=\"\u041b\u0430\u043a\u043e\u043c\u0441\u0442\u0432\u043e \u043b\u044f \u043a\u043e\u0448\u0435\u043a Wanpy Cat Chicken Jerky &amp; Codfish Sandwiches \u0441\u044d\u043d\u0434\u0432\u0438\u0447 \u043a\u0443\u0440\u0438\u0446\u0430 \u0441 \u0442\u0440\u0435\u0441\u043a\u043e\u0439 80 \u0433 - Zooland.az\" \/>\n<meta property=\"og:description\" content=\"\u0421\u044d\u043d\u0434\u0432\u0438\u0447-\u043f\u043e\u043b\u043e\u0441\u043a\u0438 Wanpy Chicken Jerky &amp; Codfish Sandwiches \u2013 \u043d\u0430\u0442\u0443\u0440\u0430\u043b\u044c\u043d\u043e\u0435 \u043b\u0430\u043a\u043e\u043c\u0441\u0442\u0432\u043e \u043d\u0430 \u043e\u0441\u043d\u043e\u0432\u0435 \u0432\u044f\u043b\u0435\u043d\u043e\u0433\u043e \u043c\u044f\u0441\u0430 \u043a\u0443\u0440\u0438\u0446\u044b \u0438 \u0444\u0438\u043b\u0435 \u0442\u0440\u0435\u0441\u043a\u0438. \u041f\u0440\u0435\u0434\u043d\u0430\u0437\u043d\u0430\u0447\u0435\u043d\u043e \u0432 \u043a\u0430\u0447\u0435\u0441\u0442\u0432\u0435 \u0432\u043a\u0443\u0441\u043d\u043e\u0433\u043e \u0438 \u043f\u043e\u043b\u0435\u0437\u043d\u043e\u0433\u043e \u0434\u043e\u043f\u043e\u043b\u043d\u0435\u043d\u0438\u044f \u043a \u043e\u0441\u043d\u043e\u0432\u043d\u043e\u043c\u0443 \u0440\u0430\u0446\u0438\u043e\u043d\u0443\" \/>\n<meta property=\"og:url\" content=\"https:\/\/zoo-land.az\/az\/shop\/cat\/cat-food-adds\/\u043b\u0430\u043a\u043e\u043c\u0441\u0442\u0432\u043e-\u0434\u043b\u044f-\u0441\u043e\u0431\u0430\u043a-wanpy-cat-chicken-jerky-codfish-sandwiches-\u0441\u044d\u043d\u0434\u0432\u0438\u0447-\u043a\/\" \/>\n<meta property=\"og:site_name\" content=\"Zooland.az\" \/>\n<meta property=\"article:modified_time\" content=\"2024-06-03T20:11:55+00:00\" \/>\n<meta property=\"og:image\" content=\"https:\/\/zoo-land.az\/wp-content\/uploads\/2024\/05\/777815-6fbabc803475c61c32b4db79afa112ee.jpg\" \/>\n\t<meta property=\"og:image:width\" content=\"840\" \/>\n\t<meta property=\"og:image:height\" content=\"840\" \/>\n\t<meta property=\"og:image:type\" content=\"image\/jpeg\" \/>\n<meta name=\"twitter:card\" content=\"summary_large_image\" \/>\n<script type=\"application\/ld+json\" class=\"yoast-schema-graph\">{\"@context\":\"https:\/\/schema.org\",\"@graph\":[{\"@type\":\"WebPage\",\"@id\":\"https:\/\/zoo-land.az\/az\/shop\/cat\/cat-food-adds\/%d0%bb%d0%b0%d0%ba%d0%be%d0%bc%d1%81%d1%82%d0%b2%d0%be-%d0%b4%d0%bb%d1%8f-%d1%81%d0%be%d0%b1%d0%b0%d0%ba-wanpy-cat-chicken-jerky-codfish-sandwiches-%d1%81%d1%8d%d0%bd%d0%b4%d0%b2%d0%b8%d1%87-%d0%ba\/\",\"url\":\"https:\/\/zoo-land.az\/az\/shop\/cat\/cat-food-adds\/%d0%bb%d0%b0%d0%ba%d0%be%d0%bc%d1%81%d1%82%d0%b2%d0%be-%d0%b4%d0%bb%d1%8f-%d1%81%d0%be%d0%b1%d0%b0%d0%ba-wanpy-cat-chicken-jerky-codfish-sandwiches-%d1%81%d1%8d%d0%bd%d0%b4%d0%b2%d0%b8%d1%87-%d0%ba\/\",\"name\":\"\u041b\u0430\u043a\u043e\u043c\u0441\u0442\u0432\u043e \u043b\u044f \u043a\u043e\u0448\u0435\u043a Wanpy Cat Chicken Jerky & Codfish Sandwiches \u0441\u044d\u043d\u0434\u0432\u0438\u0447 \u043a\u0443\u0440\u0438\u0446\u0430 \u0441 \u0442\u0440\u0435\u0441\u043a\u043e\u0439 80 \u0433 - Zooland.az\",\"isPartOf\":{\"@id\":\"https:\/\/zoo-land.az\/#website\"},\"primaryImageOfPage\":{\"@id\":\"https:\/\/zoo-land.az\/az\/shop\/cat\/cat-food-adds\/%d0%bb%d0%b0%d0%ba%d0%be%d0%bc%d1%81%d1%82%d0%b2%d0%be-%d0%b4%d0%bb%d1%8f-%d1%81%d0%be%d0%b1%d0%b0%d0%ba-wanpy-cat-chicken-jerky-codfish-sandwiches-%d1%81%d1%8d%d0%bd%d0%b4%d0%b2%d0%b8%d1%87-%d0%ba\/#primaryimage\"},\"image\":{\"@id\":\"https:\/\/zoo-land.az\/az\/shop\/cat\/cat-food-adds\/%d0%bb%d0%b0%d0%ba%d0%be%d0%bc%d1%81%d1%82%d0%b2%d0%be-%d0%b4%d0%bb%d1%8f-%d1%81%d0%be%d0%b1%d0%b0%d0%ba-wanpy-cat-chicken-jerky-codfish-sandwiches-%d1%81%d1%8d%d0%bd%d0%b4%d0%b2%d0%b8%d1%87-%d0%ba\/#primaryimage\"},\"thumbnailUrl\":\"https:\/\/zoo-land.az\/wp-content\/uploads\/2024\/05\/777815-6fbabc803475c61c32b4db79afa112ee.jpg\",\"datePublished\":\"2024-05-06T11:33:11+00:00\",\"dateModified\":\"2024-06-03T20:11:55+00:00\",\"breadcrumb\":{\"@id\":\"https:\/\/zoo-land.az\/az\/shop\/cat\/cat-food-adds\/%d0%bb%d0%b0%d0%ba%d0%be%d0%bc%d1%81%d1%82%d0%b2%d0%be-%d0%b4%d0%bb%d1%8f-%d1%81%d0%be%d0%b1%d0%b0%d0%ba-wanpy-cat-chicken-jerky-codfish-sandwiches-%d1%81%d1%8d%d0%bd%d0%b4%d0%b2%d0%b8%d1%87-%d0%ba\/#breadcrumb\"},\"inLanguage\":\"az\",\"potentialAction\":[{\"@type\":\"ReadAction\",\"target\":[\"https:\/\/zoo-land.az\/az\/shop\/cat\/cat-food-adds\/%d0%bb%d0%b0%d0%ba%d0%be%d0%bc%d1%81%d1%82%d0%b2%d0%be-%d0%b4%d0%bb%d1%8f-%d1%81%d0%be%d0%b1%d0%b0%d0%ba-wanpy-cat-chicken-jerky-codfish-sandwiches-%d1%81%d1%8d%d0%bd%d0%b4%d0%b2%d0%b8%d1%87-%d0%ba\/\"]}]},{\"@type\":\"ImageObject\",\"inLanguage\":\"az\",\"@id\":\"https:\/\/zoo-land.az\/az\/shop\/cat\/cat-food-adds\/%d0%bb%d0%b0%d0%ba%d0%be%d0%bc%d1%81%d1%82%d0%b2%d0%be-%d0%b4%d0%bb%d1%8f-%d1%81%d0%be%d0%b1%d0%b0%d0%ba-wanpy-cat-chicken-jerky-codfish-sandwiches-%d1%81%d1%8d%d0%bd%d0%b4%d0%b2%d0%b8%d1%87-%d0%ba\/#primaryimage\",\"url\":\"https:\/\/zoo-land.az\/wp-content\/uploads\/2024\/05\/777815-6fbabc803475c61c32b4db79afa112ee.jpg\",\"contentUrl\":\"https:\/\/zoo-land.az\/wp-content\/uploads\/2024\/05\/777815-6fbabc803475c61c32b4db79afa112ee.jpg\",\"width\":840,\"height\":840},{\"@type\":\"BreadcrumbList\",\"@id\":\"https:\/\/zoo-land.az\/az\/shop\/cat\/cat-food-adds\/%d0%bb%d0%b0%d0%ba%d0%be%d0%bc%d1%81%d1%82%d0%b2%d0%be-%d0%b4%d0%bb%d1%8f-%d1%81%d0%be%d0%b1%d0%b0%d0%ba-wanpy-cat-chicken-jerky-codfish-sandwiches-%d1%81%d1%8d%d0%bd%d0%b4%d0%b2%d0%b8%d1%87-%d0%ba\/#breadcrumb\",\"itemListElement\":[{\"@type\":\"ListItem\",\"position\":1,\"name\":\"Home\",\"item\":\"https:\/\/zoo-land.az\/ru\/\"},{\"@type\":\"ListItem\",\"position\":2,\"name\":\"Shop\",\"item\":\"https:\/\/zoo-land.az\/ru\/\"},{\"@type\":\"ListItem\",\"position\":3,\"name\":\"\u041b\u0430\u043a\u043e\u043c\u0441\u0442\u0432\u043e \u043b\u044f \u043a\u043e\u0448\u0435\u043a Wanpy Cat Chicken Jerky &#038; Codfish Sandwiches \u0441\u044d\u043d\u0434\u0432\u0438\u0447 \u043a\u0443\u0440\u0438\u0446\u0430 \u0441 \u0442\u0440\u0435\u0441\u043a\u043e\u0439 80 \u0433\"}]},{\"@type\":\"WebSite\",\"@id\":\"https:\/\/zoo-land.az\/#website\",\"url\":\"https:\/\/zoo-land.az\/\",\"name\":\"Zooland.az\",\"description\":\"Xo\u015fb\u0259xt ev heyvanlar\u0131n\u0131n \u00fcnvan\u0131 Zooland.az\",\"publisher\":{\"@id\":\"https:\/\/zoo-land.az\/#organization\"},\"potentialAction\":[{\"@type\":\"SearchAction\",\"target\":{\"@type\":\"EntryPoint\",\"urlTemplate\":\"https:\/\/zoo-land.az\/?s={search_term_string}\"},\"query-input\":{\"@type\":\"PropertyValueSpecification\",\"valueRequired\":true,\"valueName\":\"search_term_string\"}}],\"inLanguage\":\"az\"},{\"@type\":\"Organization\",\"@id\":\"https:\/\/zoo-land.az\/#organization\",\"name\":\"Zooland.az\",\"url\":\"https:\/\/zoo-land.az\/\",\"logo\":{\"@type\":\"ImageObject\",\"inLanguage\":\"az\",\"@id\":\"https:\/\/zoo-land.az\/#\/schema\/logo\/image\/\",\"url\":\"https:\/\/zoo-land.az\/wp-content\/uploads\/2022\/05\/logo.svg\",\"contentUrl\":\"https:\/\/zoo-land.az\/wp-content\/uploads\/2022\/05\/logo.svg\",\"width\":113,\"height\":46,\"caption\":\"Zooland.az\"},\"image\":{\"@id\":\"https:\/\/zoo-land.az\/#\/schema\/logo\/image\/\"}}]}<\/script>\n<!-- \/ Yoast SEO plugin. -->","yoast_head_json":{"title":"\u041b\u0430\u043a\u043e\u043c\u0441\u0442\u0432\u043e \u043b\u044f \u043a\u043e\u0448\u0435\u043a Wanpy Cat Chicken Jerky & Codfish Sandwiches \u0441\u044d\u043d\u0434\u0432\u0438\u0447 \u043a\u0443\u0440\u0438\u0446\u0430 \u0441 \u0442\u0440\u0435\u0441\u043a\u043e\u0439 80 \u0433 - Zooland.az","robots":{"index":"index","follow":"follow","max-snippet":"max-snippet:-1","max-image-preview":"max-image-preview:large","max-video-preview":"max-video-preview:-1"},"canonical":"https:\/\/zoo-land.az\/az\/shop\/cat\/cat-food-adds\/\u043b\u0430\u043a\u043e\u043c\u0441\u0442\u0432\u043e-\u0434\u043b\u044f-\u0441\u043e\u0431\u0430\u043a-wanpy-cat-chicken-jerky-codfish-sandwiches-\u0441\u044d\u043d\u0434\u0432\u0438\u0447-\u043a\/","og_locale":"az_AZ","og_type":"article","og_title":"\u041b\u0430\u043a\u043e\u043c\u0441\u0442\u0432\u043e \u043b\u044f \u043a\u043e\u0448\u0435\u043a Wanpy Cat Chicken Jerky & Codfish Sandwiches \u0441\u044d\u043d\u0434\u0432\u0438\u0447 \u043a\u0443\u0440\u0438\u0446\u0430 \u0441 \u0442\u0440\u0435\u0441\u043a\u043e\u0439 80 \u0433 - Zooland.az","og_description":"\u0421\u044d\u043d\u0434\u0432\u0438\u0447-\u043f\u043e\u043b\u043e\u0441\u043a\u0438 Wanpy Chicken Jerky &amp; Codfish Sandwiches \u2013 \u043d\u0430\u0442\u0443\u0440\u0430\u043b\u044c\u043d\u043e\u0435 \u043b\u0430\u043a\u043e\u043c\u0441\u0442\u0432\u043e \u043d\u0430 \u043e\u0441\u043d\u043e\u0432\u0435 \u0432\u044f\u043b\u0435\u043d\u043e\u0433\u043e \u043c\u044f\u0441\u0430 \u043a\u0443\u0440\u0438\u0446\u044b \u0438 \u0444\u0438\u043b\u0435 \u0442\u0440\u0435\u0441\u043a\u0438. \u041f\u0440\u0435\u0434\u043d\u0430\u0437\u043d\u0430\u0447\u0435\u043d\u043e \u0432 \u043a\u0430\u0447\u0435\u0441\u0442\u0432\u0435 \u0432\u043a\u0443\u0441\u043d\u043e\u0433\u043e \u0438 \u043f\u043e\u043b\u0435\u0437\u043d\u043e\u0433\u043e \u0434\u043e\u043f\u043e\u043b\u043d\u0435\u043d\u0438\u044f \u043a \u043e\u0441\u043d\u043e\u0432\u043d\u043e\u043c\u0443 \u0440\u0430\u0446\u0438\u043e\u043d\u0443","og_url":"https:\/\/zoo-land.az\/az\/shop\/cat\/cat-food-adds\/\u043b\u0430\u043a\u043e\u043c\u0441\u0442\u0432\u043e-\u0434\u043b\u044f-\u0441\u043e\u0431\u0430\u043a-wanpy-cat-chicken-jerky-codfish-sandwiches-\u0441\u044d\u043d\u0434\u0432\u0438\u0447-\u043a\/","og_site_name":"Zooland.az","article_modified_time":"2024-06-03T20:11:55+00:00","og_image":[{"width":840,"height":840,"url":"https:\/\/zoo-land.az\/wp-content\/uploads\/2024\/05\/777815-6fbabc803475c61c32b4db79afa112ee.jpg","type":"image\/jpeg"}],"twitter_card":"summary_large_image","schema":{"@context":"https:\/\/schema.org","@graph":[{"@type":"WebPage","@id":"https:\/\/zoo-land.az\/az\/shop\/cat\/cat-food-adds\/%d0%bb%d0%b0%d0%ba%d0%be%d0%bc%d1%81%d1%82%d0%b2%d0%be-%d0%b4%d0%bb%d1%8f-%d1%81%d0%be%d0%b1%d0%b0%d0%ba-wanpy-cat-chicken-jerky-codfish-sandwiches-%d1%81%d1%8d%d0%bd%d0%b4%d0%b2%d0%b8%d1%87-%d0%ba\/","url":"https:\/\/zoo-land.az\/az\/shop\/cat\/cat-food-adds\/%d0%bb%d0%b0%d0%ba%d0%be%d0%bc%d1%81%d1%82%d0%b2%d0%be-%d0%b4%d0%bb%d1%8f-%d1%81%d0%be%d0%b1%d0%b0%d0%ba-wanpy-cat-chicken-jerky-codfish-sandwiches-%d1%81%d1%8d%d0%bd%d0%b4%d0%b2%d0%b8%d1%87-%d0%ba\/","name":"\u041b\u0430\u043a\u043e\u043c\u0441\u0442\u0432\u043e \u043b\u044f \u043a\u043e\u0448\u0435\u043a Wanpy Cat Chicken Jerky & Codfish Sandwiches \u0441\u044d\u043d\u0434\u0432\u0438\u0447 \u043a\u0443\u0440\u0438\u0446\u0430 \u0441 \u0442\u0440\u0435\u0441\u043a\u043e\u0439 80 \u0433 - Zooland.az","isPartOf":{"@id":"https:\/\/zoo-land.az\/#website"},"primaryImageOfPage":{"@id":"https:\/\/zoo-land.az\/az\/shop\/cat\/cat-food-adds\/%d0%bb%d0%b0%d0%ba%d0%be%d0%bc%d1%81%d1%82%d0%b2%d0%be-%d0%b4%d0%bb%d1%8f-%d1%81%d0%be%d0%b1%d0%b0%d0%ba-wanpy-cat-chicken-jerky-codfish-sandwiches-%d1%81%d1%8d%d0%bd%d0%b4%d0%b2%d0%b8%d1%87-%d0%ba\/#primaryimage"},"image":{"@id":"https:\/\/zoo-land.az\/az\/shop\/cat\/cat-food-adds\/%d0%bb%d0%b0%d0%ba%d0%be%d0%bc%d1%81%d1%82%d0%b2%d0%be-%d0%b4%d0%bb%d1%8f-%d1%81%d0%be%d0%b1%d0%b0%d0%ba-wanpy-cat-chicken-jerky-codfish-sandwiches-%d1%81%d1%8d%d0%bd%d0%b4%d0%b2%d0%b8%d1%87-%d0%ba\/#primaryimage"},"thumbnailUrl":"https:\/\/zoo-land.az\/wp-content\/uploads\/2024\/05\/777815-6fbabc803475c61c32b4db79afa112ee.jpg","datePublished":"2024-05-06T11:33:11+00:00","dateModified":"2024-06-03T20:11:55+00:00","breadcrumb":{"@id":"https:\/\/zoo-land.az\/az\/shop\/cat\/cat-food-adds\/%d0%bb%d0%b0%d0%ba%d0%be%d0%bc%d1%81%d1%82%d0%b2%d0%be-%d0%b4%d0%bb%d1%8f-%d1%81%d0%be%d0%b1%d0%b0%d0%ba-wanpy-cat-chicken-jerky-codfish-sandwiches-%d1%81%d1%8d%d0%bd%d0%b4%d0%b2%d0%b8%d1%87-%d0%ba\/#breadcrumb"},"inLanguage":"az","potentialAction":[{"@type":"ReadAction","target":["https:\/\/zoo-land.az\/az\/shop\/cat\/cat-food-adds\/%d0%bb%d0%b0%d0%ba%d0%be%d0%bc%d1%81%d1%82%d0%b2%d0%be-%d0%b4%d0%bb%d1%8f-%d1%81%d0%be%d0%b1%d0%b0%d0%ba-wanpy-cat-chicken-jerky-codfish-sandwiches-%d1%81%d1%8d%d0%bd%d0%b4%d0%b2%d0%b8%d1%87-%d0%ba\/"]}]},{"@type":"ImageObject","inLanguage":"az","@id":"https:\/\/zoo-land.az\/az\/shop\/cat\/cat-food-adds\/%d0%bb%d0%b0%d0%ba%d0%be%d0%bc%d1%81%d1%82%d0%b2%d0%be-%d0%b4%d0%bb%d1%8f-%d1%81%d0%be%d0%b1%d0%b0%d0%ba-wanpy-cat-chicken-jerky-codfish-sandwiches-%d1%81%d1%8d%d0%bd%d0%b4%d0%b2%d0%b8%d1%87-%d0%ba\/#primaryimage","url":"https:\/\/zoo-land.az\/wp-content\/uploads\/2024\/05\/777815-6fbabc803475c61c32b4db79afa112ee.jpg","contentUrl":"https:\/\/zoo-land.az\/wp-content\/uploads\/2024\/05\/777815-6fbabc803475c61c32b4db79afa112ee.jpg","width":840,"height":840},{"@type":"BreadcrumbList","@id":"https:\/\/zoo-land.az\/az\/shop\/cat\/cat-food-adds\/%d0%bb%d0%b0%d0%ba%d0%be%d0%bc%d1%81%d1%82%d0%b2%d0%be-%d0%b4%d0%bb%d1%8f-%d1%81%d0%be%d0%b1%d0%b0%d0%ba-wanpy-cat-chicken-jerky-codfish-sandwiches-%d1%81%d1%8d%d0%bd%d0%b4%d0%b2%d0%b8%d1%87-%d0%ba\/#breadcrumb","itemListElement":[{"@type":"ListItem","position":1,"name":"Home","item":"https:\/\/zoo-land.az\/ru\/"},{"@type":"ListItem","position":2,"name":"Shop","item":"https:\/\/zoo-land.az\/ru\/"},{"@type":"ListItem","position":3,"name":"\u041b\u0430\u043a\u043e\u043c\u0441\u0442\u0432\u043e \u043b\u044f \u043a\u043e\u0448\u0435\u043a Wanpy Cat Chicken Jerky &#038; Codfish Sandwiches \u0441\u044d\u043d\u0434\u0432\u0438\u0447 \u043a\u0443\u0440\u0438\u0446\u0430 \u0441 \u0442\u0440\u0435\u0441\u043a\u043e\u0439 80 \u0433"}]},{"@type":"WebSite","@id":"https:\/\/zoo-land.az\/#website","url":"https:\/\/zoo-land.az\/","name":"Zooland.az","description":"Xo\u015fb\u0259xt ev heyvanlar\u0131n\u0131n \u00fcnvan\u0131 Zooland.az","publisher":{"@id":"https:\/\/zoo-land.az\/#organization"},"potentialAction":[{"@type":"SearchAction","target":{"@type":"EntryPoint","urlTemplate":"https:\/\/zoo-land.az\/?s={search_term_string}"},"query-input":{"@type":"PropertyValueSpecification","valueRequired":true,"valueName":"search_term_string"}}],"inLanguage":"az"},{"@type":"Organization","@id":"https:\/\/zoo-land.az\/#organization","name":"Zooland.az","url":"https:\/\/zoo-land.az\/","logo":{"@type":"ImageObject","inLanguage":"az","@id":"https:\/\/zoo-land.az\/#\/schema\/logo\/image\/","url":"https:\/\/zoo-land.az\/wp-content\/uploads\/2022\/05\/logo.svg","contentUrl":"https:\/\/zoo-land.az\/wp-content\/uploads\/2022\/05\/logo.svg","width":113,"height":46,"caption":"Zooland.az"},"image":{"@id":"https:\/\/zoo-land.az\/#\/schema\/logo\/image\/"}}]}},"_links":{"self":[{"href":"https:\/\/zoo-land.az\/az\/wp-json\/wp\/v2\/product\/21865","targetHints":{"allow":["GET"]}}],"collection":[{"href":"https:\/\/zoo-land.az\/az\/wp-json\/wp\/v2\/product"}],"about":[{"href":"https:\/\/zoo-land.az\/az\/wp-json\/wp\/v2\/types\/product"}],"wp:featuredmedia":[{"embeddable":true,"href":"https:\/\/zoo-land.az\/az\/wp-json\/wp\/v2\/media\/22585"}],"wp:attachment":[{"href":"https:\/\/zoo-land.az\/az\/wp-json\/wp\/v2\/media?parent=21865"}],"wp:term":[{"taxonomy":"product_cat","embeddable":true,"href":"https:\/\/zoo-land.az\/az\/wp-json\/wp\/v2\/product_cat?post=21865"},{"taxonomy":"product_tag","embeddable":true,"href":"https:\/\/zoo-land.az\/az\/wp-json\/wp\/v2\/product_tag?post=21865"}],"curies":[{"name":"wp","href":"https:\/\/api.w.org\/{rel}","templated":true}]}}