{"id":21886,"date":"2024-05-08T08:15:59","date_gmt":"2024-05-08T08:15:59","guid":{"rendered":"https:\/\/lightsteelblue-zebra-299715.hostingersite.com\/?post_type=product&#038;p=21886"},"modified":"2024-05-08T08:59:56","modified_gmt":"2024-05-08T08:59:56","slug":"monge-sterilized-best-for-breeders-chicken-%d0%bf%d0%be%d0%bb%d0%bd%d0%be%d1%86%d0%b5%d0%bd%d0%bd%d1%8b%d0%b9-%d1%81%d1%83%d1%85%d0%be%d0%b9-%d0%ba%d0%be%d1%80%d0%bc-%d0%b4%d0%bb%d1%8f-%d1%81%d1%82","status":"publish","type":"product","link":"https:\/\/zoo-land.az\/az\/shop\/cat\/cat-foods\/monge-sterilized-best-for-breeders-chicken-%d0%bf%d0%be%d0%bb%d0%bd%d0%be%d1%86%d0%b5%d0%bd%d0%bd%d1%8b%d0%b9-%d1%81%d1%83%d1%85%d0%be%d0%b9-%d0%ba%d0%be%d1%80%d0%bc-%d0%b4%d0%bb%d1%8f-%d1%81%d1%82\/","title":{"rendered":"Monge Sterilized Chicken steriliz\u0259 edilmi\u015f pi\u015fikl\u0259r v\u0259 sterilizasiya olunmu\u015f erk\u0259kl\u0259r \u00fc\u00e7\u00fcn tam quru yem 1 kq"},"content":{"rendered":"<p>Monge Cat Sterelized Chicken, sterilizasiya edilmi\u015f pi\u015fikl\u0259r \u00fc\u00e7\u00fcn tam, balansla\u015fd\u0131r\u0131lm\u0131\u015f p\u0259hrizdir, kaloril\u0259ri azal\u0131r v\u0259 piyl\u0259nm\u0259nin qar\u015f\u0131s\u0131n\u0131 al\u0131r. \u0130mmunitet sistemini d\u0259st\u0259kl\u0259m\u0259k \u00fc\u00e7\u00fcn E vitamini kimi \u0259sas antioksidanlar\u0131 ehtiva edir. Yemd\u0259ki orta ya\u011f t\u0259rkibi art\u0131q b\u0259d\u0259n \u00e7\u0259kisinin y\u0131\u011f\u0131lmas\u0131n\u0131n qar\u015f\u0131s\u0131n\u0131 al\u0131r v\u0259 daha da \u00e7\u0259ki art\u0131m\u0131n\u0131n qar\u015f\u0131s\u0131n\u0131 al\u0131r. T\u0259rkibi XOS Ba\u011f\u0131rsaq mikrofloras\u0131n\u0131n t\u0259bii tarazl\u0131\u011f\u0131n\u0131 qoruma\u011fa k\u00f6m\u0259k edir, qida madd\u0259l\u0259rinin optimal m\u0259nims\u0259nilm\u0259sin\u0259 k\u00f6m\u0259k edir v\u0259 toxunulmazl\u0131\u011f\u0131 art\u0131r\u0131r. Lif il\u0259 z\u0259nginl\u0259\u015fdirilmi\u015fdir. Pi\u015fik yemind\u0259 lifin \u0259n \u0259h\u0259miyy\u0259tli faydalar\u0131ndan biri heyvan\u0131n \u00e7\u0259kisini idar\u0259 etm\u0259k qabiliyy\u0259tidir. Qidalanmaya yava\u015f fermentasiya olunan lif \u0259lav\u0259 etm\u0259k piyl\u0259nm\u0259nin qar\u015f\u0131s\u0131n\u0131 al\u0131r v\u0259 \u00e7\u0259ki itirm\u0259y\u0259 k\u00f6m\u0259k edir. G\u00f6z\u0259l d\u0259ri v\u0259 sa\u011flam d\u0259ri \u00fc\u00e7\u00fcn Omeqa-3 v\u0259 Omeqa-6 ya\u011f tur\u015fular\u0131. Qidada Omega-3 v\u0259 Omega-6-n\u0131n optimal balans\u0131 d\u0259rinin v\u0259 paltonun \u0259la v\u0259ziyy\u0259td\u0259 saxlan\u0131lmas\u0131 \u00fc\u00e7\u00fcn son d\u0259r\u0259c\u0259 vacibdir.<\/p>","protected":false},"excerpt":{"rendered":"<p>Monge Sterilized Chicken quru pi\u015fik yemi sterilizasiya edilmi\u015f pi\u015fikl\u0259r \u00fc\u00e7\u00fcn ideal se\u00e7imdir. T\u0259rkibl\u0259rin balansla\u015fd\u0131r\u0131lm\u0131\u015f birl\u0259\u015fm\u0259si say\u0259sind\u0259 tam qidalanma t\u0259min edir v\u0259 ev heyvan\u0131n\u0131z\u0131n sa\u011flaml\u0131\u011f\u0131n\u0131 d\u0259st\u0259kl\u0259yir.<br \/>\nSterilizasiya edilmi\u015f pi\u015fikl\u0259r \u00fc\u00e7\u00fcn tam qidalanma<br \/>\nBu yem\u0259yin \u0259sas \u00fcst\u00fcnl\u00fcy\u00fc sterilizasiya edilmi\u015f pi\u015fikl\u0259r \u00fc\u00e7\u00fcn x\u00fcsusi olaraq haz\u0131rlanm\u0131\u015f x\u00fcsusi formulas\u0131d\u0131r. O, z\u00fclallar\u0131n, ya\u011flar\u0131n, lifl\u0259rin v\u0259 k\u00fcl\u00fcn optimal nisb\u0259tini ehtiva edir ki, bu da sterilizasiyadan sonra heyvan\u0131n normal \u00e7\u0259kisini saxlama\u011fa k\u00f6m\u0259k edir.<br \/>\nBundan \u0259lav\u0259, bu qida immunitet sistemini v\u0259 sa\u011flam paltoyu qorumaq \u00fc\u00e7\u00fcn vacib olan A v\u0259 D3 vitaminl\u0259rind\u0259 y\u00fcks\u0259kdir. Zip-lock qabla\u015fd\u0131rma m\u0259hsulun t\u0259rav\u0259tinin uzun m\u00fcdd\u0259t saxlan\u0131lmas\u0131n\u0131 t\u0259min edir. Qida b\u00fct\u00fcn cinsl\u0259rd\u0259n olan pi\u015fikl\u0259r \u00fc\u00e7\u00fcn n\u0259z\u0259rd\u0259 tutulub v\u0259 sterilizasiya edilmi\u015f\/kas\u0131rla\u015fd\u0131r\u0131lm\u0131\u015f heyvanlar\u0131n t\u0259l\u0259bl\u0259rin\u0259 cavab verir.<\/p>","protected":false},"featured_media":21887,"template":"","meta":{"inline_featured_image":false,"_joinchat":[]},"product_cat":[189,188],"product_tag":[],"class_list":{"0":"post-21886","1":"product","2":"type-product","3":"status-publish","4":"has-post-thumbnail","6":"product_brand-monge","7":"product_cat-cat-foods","8":"product_cat-cat","10":"first","11":"instock","12":"shipping-taxable","13":"purchasable","14":"product-type-simple"},"yoast_head":"<!-- This site is optimized with the Yoast SEO plugin v26.7 - https:\/\/yoast.com\/wordpress\/plugins\/seo\/ -->\n<title>Monge Sterilized Chicken complete dry food for sterilized cats and neutered males 1 kg - Zooland.az<\/title>\n<meta name=\"robots\" content=\"index, follow, max-snippet:-1, max-image-preview:large, max-video-preview:-1\" \/>\n<link rel=\"canonical\" href=\"https:\/\/zoo-land.az\/az\/shop\/cat\/cat-foods\/monge-sterilized-best-for-breeders-chicken-\u043f\u043e\u043b\u043d\u043e\u0446\u0435\u043d\u043d\u044b\u0439-\u0441\u0443\u0445\u043e\u0439-\u043a\u043e\u0440\u043c-\u0434\u043b\u044f-\u0441\u0442\/\" \/>\n<meta property=\"og:locale\" content=\"az_AZ\" \/>\n<meta property=\"og:type\" content=\"article\" \/>\n<meta property=\"og:title\" content=\"Monge Sterilized Chicken complete dry food for sterilized cats and neutered males 1 kg - Zooland.az\" \/>\n<meta property=\"og:description\" content=\"Monge Sterilized Chicken dry cat food is an ideal choice for sterilized cats. Thanks to a balanced combination of ingredients, it provides complete nutrition and supports the health of your pet. Complete nutrition for sterilized cats The main advantage of this food is its special formula, designed specifically for sterilized cats. It contains an optimal ratio of proteins, fats, fiber and ash, which further helps maintain the normal weight of the animal after sterilization. In addition, this food is high in vitamins A and D3, which are essential for maintaining the immune system and healthy coat. Zip-lock packaging ensures long-term preservation of product freshness. The food is intended for cats of all breeds and meets the requirements of spayed\/neutered animals.\" \/>\n<meta property=\"og:url\" content=\"https:\/\/zoo-land.az\/az\/shop\/cat\/cat-foods\/monge-sterilized-best-for-breeders-chicken-\u043f\u043e\u043b\u043d\u043e\u0446\u0435\u043d\u043d\u044b\u0439-\u0441\u0443\u0445\u043e\u0439-\u043a\u043e\u0440\u043c-\u0434\u043b\u044f-\u0441\u0442\/\" \/>\n<meta property=\"og:site_name\" content=\"Zooland.az\" \/>\n<meta property=\"article:modified_time\" content=\"2024-05-08T08:59:56+00:00\" \/>\n<meta property=\"og:image\" content=\"https:\/\/zoo-land.az\/wp-content\/uploads\/2024\/05\/05135.jpg\" \/>\n\t<meta property=\"og:image:width\" content=\"838\" \/>\n\t<meta property=\"og:image:height\" content=\"919\" \/>\n\t<meta property=\"og:image:type\" content=\"image\/jpeg\" \/>\n<meta name=\"twitter:card\" content=\"summary_large_image\" \/>\n<meta name=\"twitter:label1\" content=\"Est. reading time\" \/>\n\t<meta name=\"twitter:data1\" content=\"1 minute\" \/>\n<script type=\"application\/ld+json\" class=\"yoast-schema-graph\">{\"@context\":\"https:\/\/schema.org\",\"@graph\":[{\"@type\":\"WebPage\",\"@id\":\"https:\/\/zoo-land.az\/az\/shop\/cat\/cat-foods\/monge-sterilized-best-for-breeders-chicken-%d0%bf%d0%be%d0%bb%d0%bd%d0%be%d1%86%d0%b5%d0%bd%d0%bd%d1%8b%d0%b9-%d1%81%d1%83%d1%85%d0%be%d0%b9-%d0%ba%d0%be%d1%80%d0%bc-%d0%b4%d0%bb%d1%8f-%d1%81%d1%82\/\",\"url\":\"https:\/\/zoo-land.az\/az\/shop\/cat\/cat-foods\/monge-sterilized-best-for-breeders-chicken-%d0%bf%d0%be%d0%bb%d0%bd%d0%be%d1%86%d0%b5%d0%bd%d0%bd%d1%8b%d0%b9-%d1%81%d1%83%d1%85%d0%be%d0%b9-%d0%ba%d0%be%d1%80%d0%bc-%d0%b4%d0%bb%d1%8f-%d1%81%d1%82\/\",\"name\":\"Monge Sterilized Chicken complete dry food for sterilized cats and neutered males 1 kg - Zooland.az\",\"isPartOf\":{\"@id\":\"https:\/\/zoo-land.az\/#website\"},\"primaryImageOfPage\":{\"@id\":\"https:\/\/zoo-land.az\/az\/shop\/cat\/cat-foods\/monge-sterilized-best-for-breeders-chicken-%d0%bf%d0%be%d0%bb%d0%bd%d0%be%d1%86%d0%b5%d0%bd%d0%bd%d1%8b%d0%b9-%d1%81%d1%83%d1%85%d0%be%d0%b9-%d0%ba%d0%be%d1%80%d0%bc-%d0%b4%d0%bb%d1%8f-%d1%81%d1%82\/#primaryimage\"},\"image\":{\"@id\":\"https:\/\/zoo-land.az\/az\/shop\/cat\/cat-foods\/monge-sterilized-best-for-breeders-chicken-%d0%bf%d0%be%d0%bb%d0%bd%d0%be%d1%86%d0%b5%d0%bd%d0%bd%d1%8b%d0%b9-%d1%81%d1%83%d1%85%d0%be%d0%b9-%d0%ba%d0%be%d1%80%d0%bc-%d0%b4%d0%bb%d1%8f-%d1%81%d1%82\/#primaryimage\"},\"thumbnailUrl\":\"https:\/\/zoo-land.az\/wp-content\/uploads\/2024\/05\/05135.jpg\",\"datePublished\":\"2024-05-08T08:15:59+00:00\",\"dateModified\":\"2024-05-08T08:59:56+00:00\",\"breadcrumb\":{\"@id\":\"https:\/\/zoo-land.az\/az\/shop\/cat\/cat-foods\/monge-sterilized-best-for-breeders-chicken-%d0%bf%d0%be%d0%bb%d0%bd%d0%be%d1%86%d0%b5%d0%bd%d0%bd%d1%8b%d0%b9-%d1%81%d1%83%d1%85%d0%be%d0%b9-%d0%ba%d0%be%d1%80%d0%bc-%d0%b4%d0%bb%d1%8f-%d1%81%d1%82\/#breadcrumb\"},\"inLanguage\":\"az\",\"potentialAction\":[{\"@type\":\"ReadAction\",\"target\":[\"https:\/\/zoo-land.az\/az\/shop\/cat\/cat-foods\/monge-sterilized-best-for-breeders-chicken-%d0%bf%d0%be%d0%bb%d0%bd%d0%be%d1%86%d0%b5%d0%bd%d0%bd%d1%8b%d0%b9-%d1%81%d1%83%d1%85%d0%be%d0%b9-%d0%ba%d0%be%d1%80%d0%bc-%d0%b4%d0%bb%d1%8f-%d1%81%d1%82\/\"]}]},{\"@type\":\"ImageObject\",\"inLanguage\":\"az\",\"@id\":\"https:\/\/zoo-land.az\/az\/shop\/cat\/cat-foods\/monge-sterilized-best-for-breeders-chicken-%d0%bf%d0%be%d0%bb%d0%bd%d0%be%d1%86%d0%b5%d0%bd%d0%bd%d1%8b%d0%b9-%d1%81%d1%83%d1%85%d0%be%d0%b9-%d0%ba%d0%be%d1%80%d0%bc-%d0%b4%d0%bb%d1%8f-%d1%81%d1%82\/#primaryimage\",\"url\":\"https:\/\/zoo-land.az\/wp-content\/uploads\/2024\/05\/05135.jpg\",\"contentUrl\":\"https:\/\/zoo-land.az\/wp-content\/uploads\/2024\/05\/05135.jpg\",\"width\":838,\"height\":919},{\"@type\":\"BreadcrumbList\",\"@id\":\"https:\/\/zoo-land.az\/az\/shop\/cat\/cat-foods\/monge-sterilized-best-for-breeders-chicken-%d0%bf%d0%be%d0%bb%d0%bd%d0%be%d1%86%d0%b5%d0%bd%d0%bd%d1%8b%d0%b9-%d1%81%d1%83%d1%85%d0%be%d0%b9-%d0%ba%d0%be%d1%80%d0%bc-%d0%b4%d0%bb%d1%8f-%d1%81%d1%82\/#breadcrumb\",\"itemListElement\":[{\"@type\":\"ListItem\",\"position\":1,\"name\":\"Home\",\"item\":\"https:\/\/zoo-land.az\/ru\/\"},{\"@type\":\"ListItem\",\"position\":2,\"name\":\"Shop\",\"item\":\"https:\/\/zoo-land.az\/ru\/\"},{\"@type\":\"ListItem\",\"position\":3,\"name\":\"Monge Sterilized Chicken complete dry food for sterilized cats and neutered males 1 kg\"}]},{\"@type\":\"WebSite\",\"@id\":\"https:\/\/zoo-land.az\/#website\",\"url\":\"https:\/\/zoo-land.az\/\",\"name\":\"Zooland.az\",\"description\":\"Xo\u015fb\u0259xt ev heyvanlar\u0131n\u0131n \u00fcnvan\u0131 Zooland.az\",\"publisher\":{\"@id\":\"https:\/\/zoo-land.az\/#organization\"},\"potentialAction\":[{\"@type\":\"SearchAction\",\"target\":{\"@type\":\"EntryPoint\",\"urlTemplate\":\"https:\/\/zoo-land.az\/?s={search_term_string}\"},\"query-input\":{\"@type\":\"PropertyValueSpecification\",\"valueRequired\":true,\"valueName\":\"search_term_string\"}}],\"inLanguage\":\"az\"},{\"@type\":\"Organization\",\"@id\":\"https:\/\/zoo-land.az\/#organization\",\"name\":\"Zooland.az\",\"url\":\"https:\/\/zoo-land.az\/\",\"logo\":{\"@type\":\"ImageObject\",\"inLanguage\":\"az\",\"@id\":\"https:\/\/zoo-land.az\/#\/schema\/logo\/image\/\",\"url\":\"https:\/\/zoo-land.az\/wp-content\/uploads\/2022\/05\/logo.svg\",\"contentUrl\":\"https:\/\/zoo-land.az\/wp-content\/uploads\/2022\/05\/logo.svg\",\"width\":113,\"height\":46,\"caption\":\"Zooland.az\"},\"image\":{\"@id\":\"https:\/\/zoo-land.az\/#\/schema\/logo\/image\/\"}}]}<\/script>\n<!-- \/ Yoast SEO plugin. -->","yoast_head_json":{"title":"Monge Sterilized Chicken complete dry food for sterilized cats and neutered males 1 kg - Zooland.az","robots":{"index":"index","follow":"follow","max-snippet":"max-snippet:-1","max-image-preview":"max-image-preview:large","max-video-preview":"max-video-preview:-1"},"canonical":"https:\/\/zoo-land.az\/az\/shop\/cat\/cat-foods\/monge-sterilized-best-for-breeders-chicken-\u043f\u043e\u043b\u043d\u043e\u0446\u0435\u043d\u043d\u044b\u0439-\u0441\u0443\u0445\u043e\u0439-\u043a\u043e\u0440\u043c-\u0434\u043b\u044f-\u0441\u0442\/","og_locale":"az_AZ","og_type":"article","og_title":"Monge Sterilized Chicken complete dry food for sterilized cats and neutered males 1 kg - Zooland.az","og_description":"Monge Sterilized Chicken dry cat food is an ideal choice for sterilized cats. Thanks to a balanced combination of ingredients, it provides complete nutrition and supports the health of your pet. Complete nutrition for sterilized cats The main advantage of this food is its special formula, designed specifically for sterilized cats. It contains an optimal ratio of proteins, fats, fiber and ash, which further helps maintain the normal weight of the animal after sterilization. In addition, this food is high in vitamins A and D3, which are essential for maintaining the immune system and healthy coat. Zip-lock packaging ensures long-term preservation of product freshness. The food is intended for cats of all breeds and meets the requirements of spayed\/neutered animals.","og_url":"https:\/\/zoo-land.az\/az\/shop\/cat\/cat-foods\/monge-sterilized-best-for-breeders-chicken-\u043f\u043e\u043b\u043d\u043e\u0446\u0435\u043d\u043d\u044b\u0439-\u0441\u0443\u0445\u043e\u0439-\u043a\u043e\u0440\u043c-\u0434\u043b\u044f-\u0441\u0442\/","og_site_name":"Zooland.az","article_modified_time":"2024-05-08T08:59:56+00:00","og_image":[{"width":838,"height":919,"url":"https:\/\/zoo-land.az\/wp-content\/uploads\/2024\/05\/05135.jpg","type":"image\/jpeg"}],"twitter_card":"summary_large_image","twitter_misc":{"Est. reading time":"1 minute"},"schema":{"@context":"https:\/\/schema.org","@graph":[{"@type":"WebPage","@id":"https:\/\/zoo-land.az\/az\/shop\/cat\/cat-foods\/monge-sterilized-best-for-breeders-chicken-%d0%bf%d0%be%d0%bb%d0%bd%d0%be%d1%86%d0%b5%d0%bd%d0%bd%d1%8b%d0%b9-%d1%81%d1%83%d1%85%d0%be%d0%b9-%d0%ba%d0%be%d1%80%d0%bc-%d0%b4%d0%bb%d1%8f-%d1%81%d1%82\/","url":"https:\/\/zoo-land.az\/az\/shop\/cat\/cat-foods\/monge-sterilized-best-for-breeders-chicken-%d0%bf%d0%be%d0%bb%d0%bd%d0%be%d1%86%d0%b5%d0%bd%d0%bd%d1%8b%d0%b9-%d1%81%d1%83%d1%85%d0%be%d0%b9-%d0%ba%d0%be%d1%80%d0%bc-%d0%b4%d0%bb%d1%8f-%d1%81%d1%82\/","name":"Monge Sterilized Chicken complete dry food for sterilized cats and neutered males 1 kg - Zooland.az","isPartOf":{"@id":"https:\/\/zoo-land.az\/#website"},"primaryImageOfPage":{"@id":"https:\/\/zoo-land.az\/az\/shop\/cat\/cat-foods\/monge-sterilized-best-for-breeders-chicken-%d0%bf%d0%be%d0%bb%d0%bd%d0%be%d1%86%d0%b5%d0%bd%d0%bd%d1%8b%d0%b9-%d1%81%d1%83%d1%85%d0%be%d0%b9-%d0%ba%d0%be%d1%80%d0%bc-%d0%b4%d0%bb%d1%8f-%d1%81%d1%82\/#primaryimage"},"image":{"@id":"https:\/\/zoo-land.az\/az\/shop\/cat\/cat-foods\/monge-sterilized-best-for-breeders-chicken-%d0%bf%d0%be%d0%bb%d0%bd%d0%be%d1%86%d0%b5%d0%bd%d0%bd%d1%8b%d0%b9-%d1%81%d1%83%d1%85%d0%be%d0%b9-%d0%ba%d0%be%d1%80%d0%bc-%d0%b4%d0%bb%d1%8f-%d1%81%d1%82\/#primaryimage"},"thumbnailUrl":"https:\/\/zoo-land.az\/wp-content\/uploads\/2024\/05\/05135.jpg","datePublished":"2024-05-08T08:15:59+00:00","dateModified":"2024-05-08T08:59:56+00:00","breadcrumb":{"@id":"https:\/\/zoo-land.az\/az\/shop\/cat\/cat-foods\/monge-sterilized-best-for-breeders-chicken-%d0%bf%d0%be%d0%bb%d0%bd%d0%be%d1%86%d0%b5%d0%bd%d0%bd%d1%8b%d0%b9-%d1%81%d1%83%d1%85%d0%be%d0%b9-%d0%ba%d0%be%d1%80%d0%bc-%d0%b4%d0%bb%d1%8f-%d1%81%d1%82\/#breadcrumb"},"inLanguage":"az","potentialAction":[{"@type":"ReadAction","target":["https:\/\/zoo-land.az\/az\/shop\/cat\/cat-foods\/monge-sterilized-best-for-breeders-chicken-%d0%bf%d0%be%d0%bb%d0%bd%d0%be%d1%86%d0%b5%d0%bd%d0%bd%d1%8b%d0%b9-%d1%81%d1%83%d1%85%d0%be%d0%b9-%d0%ba%d0%be%d1%80%d0%bc-%d0%b4%d0%bb%d1%8f-%d1%81%d1%82\/"]}]},{"@type":"ImageObject","inLanguage":"az","@id":"https:\/\/zoo-land.az\/az\/shop\/cat\/cat-foods\/monge-sterilized-best-for-breeders-chicken-%d0%bf%d0%be%d0%bb%d0%bd%d0%be%d1%86%d0%b5%d0%bd%d0%bd%d1%8b%d0%b9-%d1%81%d1%83%d1%85%d0%be%d0%b9-%d0%ba%d0%be%d1%80%d0%bc-%d0%b4%d0%bb%d1%8f-%d1%81%d1%82\/#primaryimage","url":"https:\/\/zoo-land.az\/wp-content\/uploads\/2024\/05\/05135.jpg","contentUrl":"https:\/\/zoo-land.az\/wp-content\/uploads\/2024\/05\/05135.jpg","width":838,"height":919},{"@type":"BreadcrumbList","@id":"https:\/\/zoo-land.az\/az\/shop\/cat\/cat-foods\/monge-sterilized-best-for-breeders-chicken-%d0%bf%d0%be%d0%bb%d0%bd%d0%be%d1%86%d0%b5%d0%bd%d0%bd%d1%8b%d0%b9-%d1%81%d1%83%d1%85%d0%be%d0%b9-%d0%ba%d0%be%d1%80%d0%bc-%d0%b4%d0%bb%d1%8f-%d1%81%d1%82\/#breadcrumb","itemListElement":[{"@type":"ListItem","position":1,"name":"Home","item":"https:\/\/zoo-land.az\/ru\/"},{"@type":"ListItem","position":2,"name":"Shop","item":"https:\/\/zoo-land.az\/ru\/"},{"@type":"ListItem","position":3,"name":"Monge Sterilized Chicken complete dry food for sterilized cats and neutered males 1 kg"}]},{"@type":"WebSite","@id":"https:\/\/zoo-land.az\/#website","url":"https:\/\/zoo-land.az\/","name":"Zooland.az","description":"Xo\u015fb\u0259xt ev heyvanlar\u0131n\u0131n \u00fcnvan\u0131 Zooland.az","publisher":{"@id":"https:\/\/zoo-land.az\/#organization"},"potentialAction":[{"@type":"SearchAction","target":{"@type":"EntryPoint","urlTemplate":"https:\/\/zoo-land.az\/?s={search_term_string}"},"query-input":{"@type":"PropertyValueSpecification","valueRequired":true,"valueName":"search_term_string"}}],"inLanguage":"az"},{"@type":"Organization","@id":"https:\/\/zoo-land.az\/#organization","name":"Zooland.az","url":"https:\/\/zoo-land.az\/","logo":{"@type":"ImageObject","inLanguage":"az","@id":"https:\/\/zoo-land.az\/#\/schema\/logo\/image\/","url":"https:\/\/zoo-land.az\/wp-content\/uploads\/2022\/05\/logo.svg","contentUrl":"https:\/\/zoo-land.az\/wp-content\/uploads\/2022\/05\/logo.svg","width":113,"height":46,"caption":"Zooland.az"},"image":{"@id":"https:\/\/zoo-land.az\/#\/schema\/logo\/image\/"}}]}},"_links":{"self":[{"href":"https:\/\/zoo-land.az\/az\/wp-json\/wp\/v2\/product\/21886","targetHints":{"allow":["GET"]}}],"collection":[{"href":"https:\/\/zoo-land.az\/az\/wp-json\/wp\/v2\/product"}],"about":[{"href":"https:\/\/zoo-land.az\/az\/wp-json\/wp\/v2\/types\/product"}],"wp:featuredmedia":[{"embeddable":true,"href":"https:\/\/zoo-land.az\/az\/wp-json\/wp\/v2\/media\/21887"}],"wp:attachment":[{"href":"https:\/\/zoo-land.az\/az\/wp-json\/wp\/v2\/media?parent=21886"}],"wp:term":[{"taxonomy":"product_cat","embeddable":true,"href":"https:\/\/zoo-land.az\/az\/wp-json\/wp\/v2\/product_cat?post=21886"},{"taxonomy":"product_tag","embeddable":true,"href":"https:\/\/zoo-land.az\/az\/wp-json\/wp\/v2\/product_tag?post=21886"}],"curies":[{"name":"wp","href":"https:\/\/api.w.org\/{rel}","templated":true}]}}