{"id":21896,"date":"2024-05-13T09:16:56","date_gmt":"2024-05-13T09:16:56","guid":{"rendered":"https:\/\/lightsteelblue-zebra-299715.hostingersite.com\/?post_type=product&#038;p=21896"},"modified":"2024-06-10T09:51:26","modified_gmt":"2024-06-10T09:51:26","slug":"van-cat-natural-clumping-litter-for-cats-lavender-scent-10-kg","status":"publish","type":"product","link":"https:\/\/zoo-land.az\/az\/shop\/cat\/cat-lands\/van-cat-natural-clumping-litter-for-cats-lavender-scent-10-kg\/","title":{"rendered":"VanCat Lavanda 10 kq"},"content":{"rendered":"<p>VanCat Cat Litter Lavender with lavender scent clumps very quickly, forming clumps and leaving a lavender scent around the litter box. This filler is environmentally friendly, because it is made 100% of white bentonite, the granule sizes of which range from 0.6 to 2.25 mm. Thanks to this combination of material and granule sizes, the litter does not stick to the cats&#8217; paws and does not spread around the house.And thanks to the round shape of the granules, the litter is best suited for adult cats. Cat Litter Lavender contains only natural ingredients that perfectly absorb moisture by 280-300%, and thanks to the double sieving system, dust content is reduced by 99.5%. VanCat (VanKat) Cat Litter Lavender will meet your expectations and provide comfortable conditions for your pet! Advantages of VanCat (VanKat) Cat Litter Lavender: Made from 100% white bentonite. High ability to absorb moisture \u2013 280-300%. Absorbs unpleasant odors, leaving a pleasant lavender scent. The amount of dust is reduced by 99.5% thanks to the double filler sifting system. Fine grain, round lump shape. Doesn&#8217;t stick to cat&#8217;s paws and doesn&#8217;t get scattered around the house.<\/p>","protected":false},"excerpt":{"rendered":"<p>The most popular clumping litter on the market with excellent absorbency and reliable protection against unpleasant odors.<br \/>\nSnow-white bentonite granules measuring 0.6mm-2.25mm form round, snowball-like lumps that are easy to remove from the tray.<br \/>\nThe filler does not generate dust and has a light, non-irritating aroma that is felt directly upon contact with the liquid.<\/p>","protected":false},"featured_media":21897,"template":"","meta":{"inline_featured_image":false,"_joinchat":[]},"product_cat":[193,188],"product_tag":[],"class_list":{"0":"post-21896","1":"product","2":"type-product","3":"status-publish","4":"has-post-thumbnail","6":"product_brand-van-cat","7":"product_cat-cat-lands","8":"product_cat-cat","10":"first","11":"instock","12":"shipping-taxable","13":"purchasable","14":"product-type-simple"},"yoast_head":"<!-- This site is optimized with the Yoast SEO plugin v26.7 - https:\/\/yoast.com\/wordpress\/plugins\/seo\/ -->\n<title>VanCat Lavender 10 kg - Zooland.az<\/title>\n<meta name=\"robots\" content=\"index, follow, max-snippet:-1, max-image-preview:large, max-video-preview:-1\" \/>\n<link rel=\"canonical\" href=\"https:\/\/zoo-land.az\/az\/shop\/cat\/cat-lands\/van-cat-natural-clumping-litter-for-cats-lavender-scent-10-kg\/\" \/>\n<meta property=\"og:locale\" content=\"az_AZ\" \/>\n<meta property=\"og:type\" content=\"article\" \/>\n<meta property=\"og:title\" content=\"VanCat Lavender 10 kg - Zooland.az\" \/>\n<meta property=\"og:description\" content=\"The most popular clumping litter on the market with excellent absorbency and reliable protection against unpleasant odors. Snow-white bentonite granules measuring 0.6mm-2.25mm form round, snowball-like lumps that are easy to remove from the tray. The filler does not generate dust and has a light, non-irritating aroma that is felt directly upon contact with the liquid.\" \/>\n<meta property=\"og:url\" content=\"https:\/\/zoo-land.az\/az\/shop\/cat\/cat-lands\/van-cat-natural-clumping-litter-for-cats-lavender-scent-10-kg\/\" \/>\n<meta property=\"og:site_name\" content=\"Zooland.az\" \/>\n<meta property=\"article:modified_time\" content=\"2024-06-10T09:51:26+00:00\" \/>\n<meta property=\"og:image\" content=\"https:\/\/zoo-land.az\/wp-content\/uploads\/2024\/05\/10kg.jpg\" \/>\n\t<meta property=\"og:image:width\" content=\"543\" \/>\n\t<meta property=\"og:image:height\" content=\"706\" \/>\n\t<meta property=\"og:image:type\" content=\"image\/jpeg\" \/>\n<meta name=\"twitter:card\" content=\"summary_large_image\" \/>\n<meta name=\"twitter:label1\" content=\"Est. reading time\" \/>\n\t<meta name=\"twitter:data1\" content=\"1 minute\" \/>\n<script type=\"application\/ld+json\" class=\"yoast-schema-graph\">{\"@context\":\"https:\/\/schema.org\",\"@graph\":[{\"@type\":\"WebPage\",\"@id\":\"https:\/\/zoo-land.az\/az\/shop\/cat\/cat-lands\/van-cat-natural-clumping-litter-for-cats-lavender-scent-10-kg\/\",\"url\":\"https:\/\/zoo-land.az\/az\/shop\/cat\/cat-lands\/van-cat-natural-clumping-litter-for-cats-lavender-scent-10-kg\/\",\"name\":\"VanCat Lavender 10 kg - Zooland.az\",\"isPartOf\":{\"@id\":\"https:\/\/zoo-land.az\/#website\"},\"primaryImageOfPage\":{\"@id\":\"https:\/\/zoo-land.az\/az\/shop\/cat\/cat-lands\/van-cat-natural-clumping-litter-for-cats-lavender-scent-10-kg\/#primaryimage\"},\"image\":{\"@id\":\"https:\/\/zoo-land.az\/az\/shop\/cat\/cat-lands\/van-cat-natural-clumping-litter-for-cats-lavender-scent-10-kg\/#primaryimage\"},\"thumbnailUrl\":\"https:\/\/zoo-land.az\/wp-content\/uploads\/2024\/05\/10kg.jpg\",\"datePublished\":\"2024-05-13T09:16:56+00:00\",\"dateModified\":\"2024-06-10T09:51:26+00:00\",\"breadcrumb\":{\"@id\":\"https:\/\/zoo-land.az\/az\/shop\/cat\/cat-lands\/van-cat-natural-clumping-litter-for-cats-lavender-scent-10-kg\/#breadcrumb\"},\"inLanguage\":\"az\",\"potentialAction\":[{\"@type\":\"ReadAction\",\"target\":[\"https:\/\/zoo-land.az\/az\/shop\/cat\/cat-lands\/van-cat-natural-clumping-litter-for-cats-lavender-scent-10-kg\/\"]}]},{\"@type\":\"ImageObject\",\"inLanguage\":\"az\",\"@id\":\"https:\/\/zoo-land.az\/az\/shop\/cat\/cat-lands\/van-cat-natural-clumping-litter-for-cats-lavender-scent-10-kg\/#primaryimage\",\"url\":\"https:\/\/zoo-land.az\/wp-content\/uploads\/2024\/05\/10kg.jpg\",\"contentUrl\":\"https:\/\/zoo-land.az\/wp-content\/uploads\/2024\/05\/10kg.jpg\",\"width\":543,\"height\":706},{\"@type\":\"BreadcrumbList\",\"@id\":\"https:\/\/zoo-land.az\/az\/shop\/cat\/cat-lands\/van-cat-natural-clumping-litter-for-cats-lavender-scent-10-kg\/#breadcrumb\",\"itemListElement\":[{\"@type\":\"ListItem\",\"position\":1,\"name\":\"Home\",\"item\":\"https:\/\/zoo-land.az\/ru\/\"},{\"@type\":\"ListItem\",\"position\":2,\"name\":\"Shop\",\"item\":\"https:\/\/zoo-land.az\/ru\/\"},{\"@type\":\"ListItem\",\"position\":3,\"name\":\"VanCat Lavender 10 kg\"}]},{\"@type\":\"WebSite\",\"@id\":\"https:\/\/zoo-land.az\/#website\",\"url\":\"https:\/\/zoo-land.az\/\",\"name\":\"Zooland.az\",\"description\":\"Xo\u015fb\u0259xt ev heyvanlar\u0131n\u0131n \u00fcnvan\u0131 Zooland.az\",\"publisher\":{\"@id\":\"https:\/\/zoo-land.az\/#organization\"},\"potentialAction\":[{\"@type\":\"SearchAction\",\"target\":{\"@type\":\"EntryPoint\",\"urlTemplate\":\"https:\/\/zoo-land.az\/?s={search_term_string}\"},\"query-input\":{\"@type\":\"PropertyValueSpecification\",\"valueRequired\":true,\"valueName\":\"search_term_string\"}}],\"inLanguage\":\"az\"},{\"@type\":\"Organization\",\"@id\":\"https:\/\/zoo-land.az\/#organization\",\"name\":\"Zooland.az\",\"url\":\"https:\/\/zoo-land.az\/\",\"logo\":{\"@type\":\"ImageObject\",\"inLanguage\":\"az\",\"@id\":\"https:\/\/zoo-land.az\/#\/schema\/logo\/image\/\",\"url\":\"https:\/\/zoo-land.az\/wp-content\/uploads\/2022\/05\/logo.svg\",\"contentUrl\":\"https:\/\/zoo-land.az\/wp-content\/uploads\/2022\/05\/logo.svg\",\"width\":113,\"height\":46,\"caption\":\"Zooland.az\"},\"image\":{\"@id\":\"https:\/\/zoo-land.az\/#\/schema\/logo\/image\/\"}}]}<\/script>\n<!-- \/ Yoast SEO plugin. -->","yoast_head_json":{"title":"VanCat Lavender 10 kg - Zooland.az","robots":{"index":"index","follow":"follow","max-snippet":"max-snippet:-1","max-image-preview":"max-image-preview:large","max-video-preview":"max-video-preview:-1"},"canonical":"https:\/\/zoo-land.az\/az\/shop\/cat\/cat-lands\/van-cat-natural-clumping-litter-for-cats-lavender-scent-10-kg\/","og_locale":"az_AZ","og_type":"article","og_title":"VanCat Lavender 10 kg - Zooland.az","og_description":"The most popular clumping litter on the market with excellent absorbency and reliable protection against unpleasant odors. Snow-white bentonite granules measuring 0.6mm-2.25mm form round, snowball-like lumps that are easy to remove from the tray. The filler does not generate dust and has a light, non-irritating aroma that is felt directly upon contact with the liquid.","og_url":"https:\/\/zoo-land.az\/az\/shop\/cat\/cat-lands\/van-cat-natural-clumping-litter-for-cats-lavender-scent-10-kg\/","og_site_name":"Zooland.az","article_modified_time":"2024-06-10T09:51:26+00:00","og_image":[{"width":543,"height":706,"url":"https:\/\/zoo-land.az\/wp-content\/uploads\/2024\/05\/10kg.jpg","type":"image\/jpeg"}],"twitter_card":"summary_large_image","twitter_misc":{"Est. reading time":"1 minute"},"schema":{"@context":"https:\/\/schema.org","@graph":[{"@type":"WebPage","@id":"https:\/\/zoo-land.az\/az\/shop\/cat\/cat-lands\/van-cat-natural-clumping-litter-for-cats-lavender-scent-10-kg\/","url":"https:\/\/zoo-land.az\/az\/shop\/cat\/cat-lands\/van-cat-natural-clumping-litter-for-cats-lavender-scent-10-kg\/","name":"VanCat Lavender 10 kg - Zooland.az","isPartOf":{"@id":"https:\/\/zoo-land.az\/#website"},"primaryImageOfPage":{"@id":"https:\/\/zoo-land.az\/az\/shop\/cat\/cat-lands\/van-cat-natural-clumping-litter-for-cats-lavender-scent-10-kg\/#primaryimage"},"image":{"@id":"https:\/\/zoo-land.az\/az\/shop\/cat\/cat-lands\/van-cat-natural-clumping-litter-for-cats-lavender-scent-10-kg\/#primaryimage"},"thumbnailUrl":"https:\/\/zoo-land.az\/wp-content\/uploads\/2024\/05\/10kg.jpg","datePublished":"2024-05-13T09:16:56+00:00","dateModified":"2024-06-10T09:51:26+00:00","breadcrumb":{"@id":"https:\/\/zoo-land.az\/az\/shop\/cat\/cat-lands\/van-cat-natural-clumping-litter-for-cats-lavender-scent-10-kg\/#breadcrumb"},"inLanguage":"az","potentialAction":[{"@type":"ReadAction","target":["https:\/\/zoo-land.az\/az\/shop\/cat\/cat-lands\/van-cat-natural-clumping-litter-for-cats-lavender-scent-10-kg\/"]}]},{"@type":"ImageObject","inLanguage":"az","@id":"https:\/\/zoo-land.az\/az\/shop\/cat\/cat-lands\/van-cat-natural-clumping-litter-for-cats-lavender-scent-10-kg\/#primaryimage","url":"https:\/\/zoo-land.az\/wp-content\/uploads\/2024\/05\/10kg.jpg","contentUrl":"https:\/\/zoo-land.az\/wp-content\/uploads\/2024\/05\/10kg.jpg","width":543,"height":706},{"@type":"BreadcrumbList","@id":"https:\/\/zoo-land.az\/az\/shop\/cat\/cat-lands\/van-cat-natural-clumping-litter-for-cats-lavender-scent-10-kg\/#breadcrumb","itemListElement":[{"@type":"ListItem","position":1,"name":"Home","item":"https:\/\/zoo-land.az\/ru\/"},{"@type":"ListItem","position":2,"name":"Shop","item":"https:\/\/zoo-land.az\/ru\/"},{"@type":"ListItem","position":3,"name":"VanCat Lavender 10 kg"}]},{"@type":"WebSite","@id":"https:\/\/zoo-land.az\/#website","url":"https:\/\/zoo-land.az\/","name":"Zooland.az","description":"Xo\u015fb\u0259xt ev heyvanlar\u0131n\u0131n \u00fcnvan\u0131 Zooland.az","publisher":{"@id":"https:\/\/zoo-land.az\/#organization"},"potentialAction":[{"@type":"SearchAction","target":{"@type":"EntryPoint","urlTemplate":"https:\/\/zoo-land.az\/?s={search_term_string}"},"query-input":{"@type":"PropertyValueSpecification","valueRequired":true,"valueName":"search_term_string"}}],"inLanguage":"az"},{"@type":"Organization","@id":"https:\/\/zoo-land.az\/#organization","name":"Zooland.az","url":"https:\/\/zoo-land.az\/","logo":{"@type":"ImageObject","inLanguage":"az","@id":"https:\/\/zoo-land.az\/#\/schema\/logo\/image\/","url":"https:\/\/zoo-land.az\/wp-content\/uploads\/2022\/05\/logo.svg","contentUrl":"https:\/\/zoo-land.az\/wp-content\/uploads\/2022\/05\/logo.svg","width":113,"height":46,"caption":"Zooland.az"},"image":{"@id":"https:\/\/zoo-land.az\/#\/schema\/logo\/image\/"}}]}},"_links":{"self":[{"href":"https:\/\/zoo-land.az\/az\/wp-json\/wp\/v2\/product\/21896","targetHints":{"allow":["GET"]}}],"collection":[{"href":"https:\/\/zoo-land.az\/az\/wp-json\/wp\/v2\/product"}],"about":[{"href":"https:\/\/zoo-land.az\/az\/wp-json\/wp\/v2\/types\/product"}],"wp:featuredmedia":[{"embeddable":true,"href":"https:\/\/zoo-land.az\/az\/wp-json\/wp\/v2\/media\/21897"}],"wp:attachment":[{"href":"https:\/\/zoo-land.az\/az\/wp-json\/wp\/v2\/media?parent=21896"}],"wp:term":[{"taxonomy":"product_cat","embeddable":true,"href":"https:\/\/zoo-land.az\/az\/wp-json\/wp\/v2\/product_cat?post=21896"},{"taxonomy":"product_tag","embeddable":true,"href":"https:\/\/zoo-land.az\/az\/wp-json\/wp\/v2\/product_tag?post=21896"}],"curies":[{"name":"wp","href":"https:\/\/api.w.org\/{rel}","templated":true}]}}