{"id":21905,"date":"2024-05-13T14:02:09","date_gmt":"2024-05-13T14:02:09","guid":{"rendered":"https:\/\/lightsteelblue-zebra-299715.hostingersite.com\/?post_type=product&#038;p=21905"},"modified":"2024-06-10T10:14:45","modified_gmt":"2024-06-10T10:14:45","slug":"van-cat-natural-clumping-litter-for-cats-quality-grey-10-kg","status":"publish","type":"product","link":"https:\/\/zoo-land.az\/az\/shop\/cat\/cat-lands\/van-cat-natural-clumping-litter-for-cats-quality-grey-10-kg\/","title":{"rendered":"VanCat Grey 10 kq"},"content":{"rendered":"<p>Van Cat G225 clumping cat litter, dust-free, with activated carbon<br \/>\nSuper premium bentonite litter for cat litter from VanCat &#8211; Cat Litter Grey. The filler is entirely made from high quality white bentonite.<br \/>\nUnlike other litters, the shape of the lump is not flat, but round, which is ideal for adult cats.<br \/>\nCat Litter Grey perfectly absorbs unpleasant odors, quickly sticks together, forming lumps, and leaves a pleasant orange aroma. The product contains only natural ingredients that perfectly absorb moisture and, thanks to the double sifting system, contain no dust at all. Very high absorption capacity from 280 to 300%.<br \/>\nVanCat Cat Litter Grey will meet your expectations and provide comfortable conditions for your pet!<br \/>\nAdvantages of VanCat Cat Litter Grey:<br \/>\nMade from 100% white bentonite.<br \/>\nHigh ability to absorb liquid (280\u2013300%).<br \/>\nThe amount of dust is reduced by 99.5% thanks to the double sifting system.<br \/>\nAbsorbs unpleasant odors, leaving a pleasant orange aroma.<br \/>\nDoesn&#8217;t stick to cat&#8217;s paws and doesn&#8217;t get scattered around the house.<br \/>\nMaximum comfort for the cat and its owner.<\/p>","protected":false},"excerpt":{"rendered":"<p>Fine Cat Litter is a clumpy cat litter made of white bentonite. Vancat&#8217;s quick-clumping sand not only has high suction capacity, but also has a pine scent.<br \/>\nVan Cat Super Premium Keyfiyy\u0259tli zibil soda k\u00fcl\u00fc il\u0259 aktivl\u0259\u015fdirilmi\u015f t\u0259bii a\u011f bentonitd\u0259n (t\u0259bii gil mineral\u0131) haz\u0131rlan\u0131r v\u0259 tozu t\u0259mizl\u0259m\u0259k \u00fc\u00e7\u00fcn ikiqat ekranlan\u0131r.<\/p>","protected":false},"featured_media":23132,"template":"","meta":{"inline_featured_image":false,"_joinchat":[]},"product_cat":[193,188],"product_tag":[],"class_list":{"0":"post-21905","1":"product","2":"type-product","3":"status-publish","4":"has-post-thumbnail","6":"product_brand-van-cat","7":"product_cat-cat-lands","8":"product_cat-cat","10":"first","11":"instock","12":"shipping-taxable","13":"purchasable","14":"product-type-simple"},"yoast_head":"<!-- This site is optimized with the Yoast SEO plugin v27.4 - https:\/\/yoast.com\/product\/yoast-seo-wordpress\/ -->\n<title>VanCat Grey 10 kg - Zooland.az<\/title>\n<meta name=\"robots\" content=\"index, follow, max-snippet:-1, max-image-preview:large, max-video-preview:-1\" \/>\n<link rel=\"canonical\" href=\"https:\/\/zoo-land.az\/az\/shop\/cat\/cat-lands\/van-cat-natural-clumping-litter-for-cats-quality-grey-10-kg\/\" \/>\n<meta property=\"og:locale\" content=\"az_AZ\" \/>\n<meta property=\"og:type\" content=\"article\" \/>\n<meta property=\"og:title\" content=\"VanCat Grey 10 kg - Zooland.az\" \/>\n<meta property=\"og:description\" content=\"Fine Cat Litter is a clumpy cat litter made of white bentonite. Vancat&#039;s quick-clumping sand not only has high suction capacity, but also has a pine scent. Van Cat Super Premium Quality litter is made from natural white bentonite (a naturally occurring clay mineral) activated with soda ash and double screened to remove dust.\" \/>\n<meta property=\"og:url\" content=\"https:\/\/zoo-land.az\/az\/shop\/cat\/cat-lands\/van-cat-natural-clumping-litter-for-cats-quality-grey-10-kg\/\" \/>\n<meta property=\"og:site_name\" content=\"Zooland.az\" \/>\n<meta property=\"article:modified_time\" content=\"2024-06-10T10:14:45+00:00\" \/>\n<meta property=\"og:image\" content=\"https:\/\/zoo-land.az\/wp-content\/uploads\/2024\/05\/Screenshot-2024-06-10-at-14.14.16.png\" \/>\n\t<meta property=\"og:image:width\" content=\"642\" \/>\n\t<meta property=\"og:image:height\" content=\"1160\" \/>\n\t<meta property=\"og:image:type\" content=\"image\/png\" \/>\n<meta name=\"twitter:card\" content=\"summary_large_image\" \/>\n<meta name=\"twitter:label1\" content=\"Est. reading time\" \/>\n\t<meta name=\"twitter:data1\" content=\"1 minute\" \/>\n<script type=\"application\/ld+json\" class=\"yoast-schema-graph\">{\"@context\":\"https:\\\/\\\/schema.org\",\"@graph\":[{\"@type\":\"WebPage\",\"@id\":\"https:\\\/\\\/zoo-land.az\\\/az\\\/shop\\\/cat\\\/cat-lands\\\/van-cat-natural-clumping-litter-for-cats-quality-grey-10-kg\\\/\",\"url\":\"https:\\\/\\\/zoo-land.az\\\/az\\\/shop\\\/cat\\\/cat-lands\\\/van-cat-natural-clumping-litter-for-cats-quality-grey-10-kg\\\/\",\"name\":\"VanCat Grey 10 kg - Zooland.az\",\"isPartOf\":{\"@id\":\"https:\\\/\\\/zoo-land.az\\\/ru\\\/#website\"},\"primaryImageOfPage\":{\"@id\":\"https:\\\/\\\/zoo-land.az\\\/az\\\/shop\\\/cat\\\/cat-lands\\\/van-cat-natural-clumping-litter-for-cats-quality-grey-10-kg\\\/#primaryimage\"},\"image\":{\"@id\":\"https:\\\/\\\/zoo-land.az\\\/az\\\/shop\\\/cat\\\/cat-lands\\\/van-cat-natural-clumping-litter-for-cats-quality-grey-10-kg\\\/#primaryimage\"},\"thumbnailUrl\":\"https:\\\/\\\/zoo-land.az\\\/wp-content\\\/uploads\\\/2024\\\/05\\\/Screenshot-2024-06-10-at-14.14.16.png\",\"datePublished\":\"2024-05-13T14:02:09+00:00\",\"dateModified\":\"2024-06-10T10:14:45+00:00\",\"breadcrumb\":{\"@id\":\"https:\\\/\\\/zoo-land.az\\\/az\\\/shop\\\/cat\\\/cat-lands\\\/van-cat-natural-clumping-litter-for-cats-quality-grey-10-kg\\\/#breadcrumb\"},\"inLanguage\":\"az\",\"potentialAction\":[{\"@type\":\"ReadAction\",\"target\":[\"https:\\\/\\\/zoo-land.az\\\/az\\\/shop\\\/cat\\\/cat-lands\\\/van-cat-natural-clumping-litter-for-cats-quality-grey-10-kg\\\/\"]}]},{\"@type\":\"ImageObject\",\"inLanguage\":\"az\",\"@id\":\"https:\\\/\\\/zoo-land.az\\\/az\\\/shop\\\/cat\\\/cat-lands\\\/van-cat-natural-clumping-litter-for-cats-quality-grey-10-kg\\\/#primaryimage\",\"url\":\"https:\\\/\\\/zoo-land.az\\\/wp-content\\\/uploads\\\/2024\\\/05\\\/Screenshot-2024-06-10-at-14.14.16.png\",\"contentUrl\":\"https:\\\/\\\/zoo-land.az\\\/wp-content\\\/uploads\\\/2024\\\/05\\\/Screenshot-2024-06-10-at-14.14.16.png\",\"width\":642,\"height\":1160},{\"@type\":\"BreadcrumbList\",\"@id\":\"https:\\\/\\\/zoo-land.az\\\/az\\\/shop\\\/cat\\\/cat-lands\\\/van-cat-natural-clumping-litter-for-cats-quality-grey-10-kg\\\/#breadcrumb\",\"itemListElement\":[{\"@type\":\"ListItem\",\"position\":1,\"name\":\"Home\",\"item\":\"https:\\\/\\\/zoo-land.az\\\/ru\\\/\"},{\"@type\":\"ListItem\",\"position\":2,\"name\":\"Shop\",\"item\":\"https:\\\/\\\/zoo-land.az\\\/ru\\\/\"},{\"@type\":\"ListItem\",\"position\":3,\"name\":\"VanCat Grey 10 kg\"}]},{\"@type\":\"WebSite\",\"@id\":\"https:\\\/\\\/zoo-land.az\\\/ru\\\/#website\",\"url\":\"https:\\\/\\\/zoo-land.az\\\/ru\\\/\",\"name\":\"Zooland.az\",\"description\":\"Xo\u015fb\u0259xt ev heyvanlar\u0131n\u0131n \u00fcnvan\u0131 Zooland.az\",\"publisher\":{\"@id\":\"https:\\\/\\\/zoo-land.az\\\/ru\\\/#organization\"},\"potentialAction\":[{\"@type\":\"SearchAction\",\"target\":{\"@type\":\"EntryPoint\",\"urlTemplate\":\"https:\\\/\\\/zoo-land.az\\\/ru\\\/?s={search_term_string}\"},\"query-input\":{\"@type\":\"PropertyValueSpecification\",\"valueRequired\":true,\"valueName\":\"search_term_string\"}}],\"inLanguage\":\"az\"},{\"@type\":\"Organization\",\"@id\":\"https:\\\/\\\/zoo-land.az\\\/ru\\\/#organization\",\"name\":\"Zooland.az\",\"url\":\"https:\\\/\\\/zoo-land.az\\\/ru\\\/\",\"logo\":{\"@type\":\"ImageObject\",\"inLanguage\":\"az\",\"@id\":\"https:\\\/\\\/zoo-land.az\\\/ru\\\/#\\\/schema\\\/logo\\\/image\\\/\",\"url\":\"https:\\\/\\\/zoo-land.az\\\/wp-content\\\/uploads\\\/2022\\\/05\\\/logo.svg\",\"contentUrl\":\"https:\\\/\\\/zoo-land.az\\\/wp-content\\\/uploads\\\/2022\\\/05\\\/logo.svg\",\"width\":113,\"height\":46,\"caption\":\"Zooland.az\"},\"image\":{\"@id\":\"https:\\\/\\\/zoo-land.az\\\/ru\\\/#\\\/schema\\\/logo\\\/image\\\/\"}}]}<\/script>\n<!-- \/ Yoast SEO plugin. -->","yoast_head_json":{"title":"VanCat Grey 10 kg - Zooland.az","robots":{"index":"index","follow":"follow","max-snippet":"max-snippet:-1","max-image-preview":"max-image-preview:large","max-video-preview":"max-video-preview:-1"},"canonical":"https:\/\/zoo-land.az\/az\/shop\/cat\/cat-lands\/van-cat-natural-clumping-litter-for-cats-quality-grey-10-kg\/","og_locale":"az_AZ","og_type":"article","og_title":"VanCat Grey 10 kg - Zooland.az","og_description":"Fine Cat Litter is a clumpy cat litter made of white bentonite. Vancat's quick-clumping sand not only has high suction capacity, but also has a pine scent. Van Cat Super Premium Quality litter is made from natural white bentonite (a naturally occurring clay mineral) activated with soda ash and double screened to remove dust.","og_url":"https:\/\/zoo-land.az\/az\/shop\/cat\/cat-lands\/van-cat-natural-clumping-litter-for-cats-quality-grey-10-kg\/","og_site_name":"Zooland.az","article_modified_time":"2024-06-10T10:14:45+00:00","og_image":[{"width":642,"height":1160,"url":"https:\/\/zoo-land.az\/wp-content\/uploads\/2024\/05\/Screenshot-2024-06-10-at-14.14.16.png","type":"image\/png"}],"twitter_card":"summary_large_image","twitter_misc":{"Est. reading time":"1 minute"},"schema":{"@context":"https:\/\/schema.org","@graph":[{"@type":"WebPage","@id":"https:\/\/zoo-land.az\/az\/shop\/cat\/cat-lands\/van-cat-natural-clumping-litter-for-cats-quality-grey-10-kg\/","url":"https:\/\/zoo-land.az\/az\/shop\/cat\/cat-lands\/van-cat-natural-clumping-litter-for-cats-quality-grey-10-kg\/","name":"VanCat Grey 10 kg - Zooland.az","isPartOf":{"@id":"https:\/\/zoo-land.az\/ru\/#website"},"primaryImageOfPage":{"@id":"https:\/\/zoo-land.az\/az\/shop\/cat\/cat-lands\/van-cat-natural-clumping-litter-for-cats-quality-grey-10-kg\/#primaryimage"},"image":{"@id":"https:\/\/zoo-land.az\/az\/shop\/cat\/cat-lands\/van-cat-natural-clumping-litter-for-cats-quality-grey-10-kg\/#primaryimage"},"thumbnailUrl":"https:\/\/zoo-land.az\/wp-content\/uploads\/2024\/05\/Screenshot-2024-06-10-at-14.14.16.png","datePublished":"2024-05-13T14:02:09+00:00","dateModified":"2024-06-10T10:14:45+00:00","breadcrumb":{"@id":"https:\/\/zoo-land.az\/az\/shop\/cat\/cat-lands\/van-cat-natural-clumping-litter-for-cats-quality-grey-10-kg\/#breadcrumb"},"inLanguage":"az","potentialAction":[{"@type":"ReadAction","target":["https:\/\/zoo-land.az\/az\/shop\/cat\/cat-lands\/van-cat-natural-clumping-litter-for-cats-quality-grey-10-kg\/"]}]},{"@type":"ImageObject","inLanguage":"az","@id":"https:\/\/zoo-land.az\/az\/shop\/cat\/cat-lands\/van-cat-natural-clumping-litter-for-cats-quality-grey-10-kg\/#primaryimage","url":"https:\/\/zoo-land.az\/wp-content\/uploads\/2024\/05\/Screenshot-2024-06-10-at-14.14.16.png","contentUrl":"https:\/\/zoo-land.az\/wp-content\/uploads\/2024\/05\/Screenshot-2024-06-10-at-14.14.16.png","width":642,"height":1160},{"@type":"BreadcrumbList","@id":"https:\/\/zoo-land.az\/az\/shop\/cat\/cat-lands\/van-cat-natural-clumping-litter-for-cats-quality-grey-10-kg\/#breadcrumb","itemListElement":[{"@type":"ListItem","position":1,"name":"Home","item":"https:\/\/zoo-land.az\/ru\/"},{"@type":"ListItem","position":2,"name":"Shop","item":"https:\/\/zoo-land.az\/ru\/"},{"@type":"ListItem","position":3,"name":"VanCat Grey 10 kg"}]},{"@type":"WebSite","@id":"https:\/\/zoo-land.az\/ru\/#website","url":"https:\/\/zoo-land.az\/ru\/","name":"Zooland.az","description":"Xo\u015fb\u0259xt ev heyvanlar\u0131n\u0131n \u00fcnvan\u0131 Zooland.az","publisher":{"@id":"https:\/\/zoo-land.az\/ru\/#organization"},"potentialAction":[{"@type":"SearchAction","target":{"@type":"EntryPoint","urlTemplate":"https:\/\/zoo-land.az\/ru\/?s={search_term_string}"},"query-input":{"@type":"PropertyValueSpecification","valueRequired":true,"valueName":"search_term_string"}}],"inLanguage":"az"},{"@type":"Organization","@id":"https:\/\/zoo-land.az\/ru\/#organization","name":"Zooland.az","url":"https:\/\/zoo-land.az\/ru\/","logo":{"@type":"ImageObject","inLanguage":"az","@id":"https:\/\/zoo-land.az\/ru\/#\/schema\/logo\/image\/","url":"https:\/\/zoo-land.az\/wp-content\/uploads\/2022\/05\/logo.svg","contentUrl":"https:\/\/zoo-land.az\/wp-content\/uploads\/2022\/05\/logo.svg","width":113,"height":46,"caption":"Zooland.az"},"image":{"@id":"https:\/\/zoo-land.az\/ru\/#\/schema\/logo\/image\/"}}]}},"_links":{"self":[{"href":"https:\/\/zoo-land.az\/az\/wp-json\/wp\/v2\/product\/21905","targetHints":{"allow":["GET"]}}],"collection":[{"href":"https:\/\/zoo-land.az\/az\/wp-json\/wp\/v2\/product"}],"about":[{"href":"https:\/\/zoo-land.az\/az\/wp-json\/wp\/v2\/types\/product"}],"wp:featuredmedia":[{"embeddable":true,"href":"https:\/\/zoo-land.az\/az\/wp-json\/wp\/v2\/media\/23132"}],"wp:attachment":[{"href":"https:\/\/zoo-land.az\/az\/wp-json\/wp\/v2\/media?parent=21905"}],"wp:term":[{"taxonomy":"product_cat","embeddable":true,"href":"https:\/\/zoo-land.az\/az\/wp-json\/wp\/v2\/product_cat?post=21905"},{"taxonomy":"product_tag","embeddable":true,"href":"https:\/\/zoo-land.az\/az\/wp-json\/wp\/v2\/product_tag?post=21905"}],"curies":[{"name":"wp","href":"https:\/\/api.w.org\/{rel}","templated":true}]}}