{"id":21920,"date":"2024-05-13T16:07:28","date_gmt":"2024-05-13T16:07:28","guid":{"rendered":"https:\/\/lightsteelblue-zebra-299715.hostingersite.com\/?post_type=product&#038;p=21920"},"modified":"2024-06-10T09:42:52","modified_gmt":"2024-06-10T09:42:52","slug":"van-cat-natural-clumping-litter-for-cats-quality-vanilla-5-kg","status":"publish","type":"product","link":"https:\/\/zoo-land.az\/az\/shop\/cat\/cat-lands\/van-cat-natural-clumping-litter-for-cats-quality-vanilla-5-kg\/","title":{"rendered":"VanCat Vanil 5 kq"},"content":{"rendered":"<p>VanCat-dan pi\u015fik zibil \u00fc\u00e7\u00fcn super premium bentonit zibil \u2013 Cat Litter Vanilla, vanil l\u0259zz\u0259tli. Doldurucu b\u00fct\u00f6vl\u00fckd\u0259 y\u00fcks\u0259k keyfiyy\u0259tli a\u011f bentonitd\u0259n haz\u0131rlan\u0131r. Dig\u0259r zibill\u0259rd\u0259n f\u0259rqli olaraq, topa\u011f\u0131n formas\u0131 yast\u0131 deyil, yuvarlaqd\u0131r, bu, yetkin pi\u015fikl\u0259r \u00fc\u00e7\u00fcn ideald\u0131r. Pi\u015fik Zibil Vanil xo\u015fag\u0259lm\u0259z qoxular\u0131 m\u00fck\u0259mm\u0259l udur, tez bir-birin\u0259 yap\u0131\u015f\u0131r, topaqlar \u0259m\u0259l\u0259 g\u0259tirir v\u0259 xo\u015f porta\u011fal \u0259tri yarad\u0131r. M\u0259hsulun t\u0259rkibin\u0259 yaln\u0131z t\u0259bii inqrediyentl\u0259r daxildir ki, onlar n\u0259mliyi m\u00fck\u0259mm\u0259l udurlar v\u0259 ikiqat s\u00fczm\u0259 sistemi say\u0259sind\u0259 he\u00e7 bir toz saxlam\u0131rlar. 280-d\u0259n 300%-\u0259 q\u0259d\u0259r \u00e7ox y\u00fcks\u0259k udma qabiliyy\u0259ti. VanCat Cat Litter Vanilla g\u00f6zl\u0259ntil\u0259rinizi qar\u015f\u0131layacaq v\u0259 ev heyvan\u0131n\u0131z \u00fc\u00e7\u00fcn rahat \u015f\u0259rait yaradacaq! VanCat Pi\u015fik Zibil Vanilinin \u00fcst\u00fcnl\u00fckl\u0259ri: 100% a\u011f bentonitd\u0259n haz\u0131rlanm\u0131\u015fd\u0131r. Y\u00fcks\u0259k mayeni udmaq qabiliyy\u0259ti (280\u2013300%). \u0130kiqat s\u00fczm\u0259 sistemi say\u0259sind\u0259 tozun miqdar\u0131 99,5% azal\u0131r. Xo\u015fag\u0259lm\u0259z qoxular\u0131 udaraq, xo\u015f vanil \u0259tri burax\u0131r. Pi\u015fik p\u0259nc\u0259l\u0259rin\u0259 yap\u0131\u015fm\u0131r v\u0259 ev\u0259 s\u0259p\u0259l\u0259nmir. Pi\u015fik v\u0259 sahibi \u00fc\u00e7\u00fcn maksimum rahatl\u0131q.<\/p>","protected":false},"excerpt":{"rendered":"<p>Van Cat Super Premium Keyfiyy\u0259tli zibil soda k\u00fcl\u00fc il\u0259 aktivl\u0259\u015fdirilmi\u015f t\u0259bii a\u011f bentonitd\u0259n (t\u0259bii gil mineral\u0131) haz\u0131rlan\u0131r v\u0259 tozu t\u0259mizl\u0259m\u0259k \u00fc\u00e7\u00fcn ikiqat ekranlan\u0131r.<\/p>","protected":false},"featured_media":23109,"template":"","meta":{"inline_featured_image":false,"_joinchat":[]},"product_cat":[193,188],"product_tag":[],"class_list":{"0":"post-21920","1":"product","2":"type-product","3":"status-publish","4":"has-post-thumbnail","6":"product_brand-van-cat","7":"product_cat-cat-lands","8":"product_cat-cat","10":"first","11":"instock","12":"shipping-taxable","13":"purchasable","14":"product-type-simple"},"yoast_head":"<!-- This site is optimized with the Yoast SEO plugin v26.7 - https:\/\/yoast.com\/wordpress\/plugins\/seo\/ -->\n<title>VanCat Vanilla 5 kg - Zooland.az<\/title>\n<meta name=\"robots\" content=\"index, follow, max-snippet:-1, max-image-preview:large, max-video-preview:-1\" \/>\n<link rel=\"canonical\" href=\"https:\/\/zoo-land.az\/az\/shop\/cat\/cat-lands\/van-cat-natural-clumping-litter-for-cats-quality-vanilla-5-kg\/\" \/>\n<meta property=\"og:locale\" content=\"az_AZ\" \/>\n<meta property=\"og:type\" content=\"article\" \/>\n<meta property=\"og:title\" content=\"VanCat Vanilla 5 kg - Zooland.az\" \/>\n<meta property=\"og:description\" content=\"Van Cat Super Premium Quality litter is made from natural white bentonite (a naturally occurring clay mineral) activated with soda ash and double screened to remove dust.\" \/>\n<meta property=\"og:url\" content=\"https:\/\/zoo-land.az\/az\/shop\/cat\/cat-lands\/van-cat-natural-clumping-litter-for-cats-quality-vanilla-5-kg\/\" \/>\n<meta property=\"og:site_name\" content=\"Zooland.az\" \/>\n<meta property=\"article:modified_time\" content=\"2024-06-10T09:42:52+00:00\" \/>\n<meta property=\"og:image\" content=\"https:\/\/zoo-land.az\/wp-content\/uploads\/2024\/05\/vanilla-clumping-5kg1-1000x1000-1.jpg\" \/>\n\t<meta property=\"og:image:width\" content=\"1000\" \/>\n\t<meta property=\"og:image:height\" content=\"1000\" \/>\n\t<meta property=\"og:image:type\" content=\"image\/jpeg\" \/>\n<meta name=\"twitter:card\" content=\"summary_large_image\" \/>\n<meta name=\"twitter:label1\" content=\"Est. reading time\" \/>\n\t<meta name=\"twitter:data1\" content=\"1 minute\" \/>\n<script type=\"application\/ld+json\" class=\"yoast-schema-graph\">{\"@context\":\"https:\/\/schema.org\",\"@graph\":[{\"@type\":\"WebPage\",\"@id\":\"https:\/\/zoo-land.az\/shop\/cat\/cat-lands\/van-cat-natural-clumping-litter-for-cats-quality-vanilla-5-kg\/\",\"url\":\"https:\/\/zoo-land.az\/shop\/cat\/cat-lands\/van-cat-natural-clumping-litter-for-cats-quality-vanilla-5-kg\/\",\"name\":\"VanCat Vanilla 5 kg - Zooland.az\",\"isPartOf\":{\"@id\":\"https:\/\/zoo-land.az\/#website\"},\"primaryImageOfPage\":{\"@id\":\"https:\/\/zoo-land.az\/shop\/cat\/cat-lands\/van-cat-natural-clumping-litter-for-cats-quality-vanilla-5-kg\/#primaryimage\"},\"image\":{\"@id\":\"https:\/\/zoo-land.az\/shop\/cat\/cat-lands\/van-cat-natural-clumping-litter-for-cats-quality-vanilla-5-kg\/#primaryimage\"},\"thumbnailUrl\":\"https:\/\/zoo-land.az\/wp-content\/uploads\/2024\/05\/vanilla-clumping-5kg1-1000x1000-1.jpg\",\"datePublished\":\"2024-05-13T16:07:28+00:00\",\"dateModified\":\"2024-06-10T09:42:52+00:00\",\"breadcrumb\":{\"@id\":\"https:\/\/zoo-land.az\/shop\/cat\/cat-lands\/van-cat-natural-clumping-litter-for-cats-quality-vanilla-5-kg\/#breadcrumb\"},\"inLanguage\":\"az\",\"potentialAction\":[{\"@type\":\"ReadAction\",\"target\":[\"https:\/\/zoo-land.az\/shop\/cat\/cat-lands\/van-cat-natural-clumping-litter-for-cats-quality-vanilla-5-kg\/\"]}]},{\"@type\":\"ImageObject\",\"inLanguage\":\"az\",\"@id\":\"https:\/\/zoo-land.az\/shop\/cat\/cat-lands\/van-cat-natural-clumping-litter-for-cats-quality-vanilla-5-kg\/#primaryimage\",\"url\":\"https:\/\/zoo-land.az\/wp-content\/uploads\/2024\/05\/vanilla-clumping-5kg1-1000x1000-1.jpg\",\"contentUrl\":\"https:\/\/zoo-land.az\/wp-content\/uploads\/2024\/05\/vanilla-clumping-5kg1-1000x1000-1.jpg\",\"width\":1000,\"height\":1000},{\"@type\":\"BreadcrumbList\",\"@id\":\"https:\/\/zoo-land.az\/shop\/cat\/cat-lands\/van-cat-natural-clumping-litter-for-cats-quality-vanilla-5-kg\/#breadcrumb\",\"itemListElement\":[{\"@type\":\"ListItem\",\"position\":1,\"name\":\"Home\",\"item\":\"https:\/\/zoo-land.az\/ru\/\"},{\"@type\":\"ListItem\",\"position\":2,\"name\":\"Shop\",\"item\":\"https:\/\/zoo-land.az\/ru\/\"},{\"@type\":\"ListItem\",\"position\":3,\"name\":\"VanCat Vanilla 5 kg\"}]},{\"@type\":\"WebSite\",\"@id\":\"https:\/\/zoo-land.az\/#website\",\"url\":\"https:\/\/zoo-land.az\/\",\"name\":\"Zooland.az\",\"description\":\"Xo\u015fb\u0259xt ev heyvanlar\u0131n\u0131n \u00fcnvan\u0131 Zooland.az\",\"publisher\":{\"@id\":\"https:\/\/zoo-land.az\/#organization\"},\"potentialAction\":[{\"@type\":\"SearchAction\",\"target\":{\"@type\":\"EntryPoint\",\"urlTemplate\":\"https:\/\/zoo-land.az\/?s={search_term_string}\"},\"query-input\":{\"@type\":\"PropertyValueSpecification\",\"valueRequired\":true,\"valueName\":\"search_term_string\"}}],\"inLanguage\":\"az\"},{\"@type\":\"Organization\",\"@id\":\"https:\/\/zoo-land.az\/#organization\",\"name\":\"Zooland.az\",\"url\":\"https:\/\/zoo-land.az\/\",\"logo\":{\"@type\":\"ImageObject\",\"inLanguage\":\"az\",\"@id\":\"https:\/\/zoo-land.az\/#\/schema\/logo\/image\/\",\"url\":\"https:\/\/zoo-land.az\/wp-content\/uploads\/2022\/05\/logo.svg\",\"contentUrl\":\"https:\/\/zoo-land.az\/wp-content\/uploads\/2022\/05\/logo.svg\",\"width\":113,\"height\":46,\"caption\":\"Zooland.az\"},\"image\":{\"@id\":\"https:\/\/zoo-land.az\/#\/schema\/logo\/image\/\"}}]}<\/script>\n<!-- \/ Yoast SEO plugin. -->","yoast_head_json":{"title":"VanCat Vanilla 5 kg - Zooland.az","robots":{"index":"index","follow":"follow","max-snippet":"max-snippet:-1","max-image-preview":"max-image-preview:large","max-video-preview":"max-video-preview:-1"},"canonical":"https:\/\/zoo-land.az\/az\/shop\/cat\/cat-lands\/van-cat-natural-clumping-litter-for-cats-quality-vanilla-5-kg\/","og_locale":"az_AZ","og_type":"article","og_title":"VanCat Vanilla 5 kg - Zooland.az","og_description":"Van Cat Super Premium Quality litter is made from natural white bentonite (a naturally occurring clay mineral) activated with soda ash and double screened to remove dust.","og_url":"https:\/\/zoo-land.az\/az\/shop\/cat\/cat-lands\/van-cat-natural-clumping-litter-for-cats-quality-vanilla-5-kg\/","og_site_name":"Zooland.az","article_modified_time":"2024-06-10T09:42:52+00:00","og_image":[{"width":1000,"height":1000,"url":"https:\/\/zoo-land.az\/wp-content\/uploads\/2024\/05\/vanilla-clumping-5kg1-1000x1000-1.jpg","type":"image\/jpeg"}],"twitter_card":"summary_large_image","twitter_misc":{"Est. reading time":"1 minute"},"schema":{"@context":"https:\/\/schema.org","@graph":[{"@type":"WebPage","@id":"https:\/\/zoo-land.az\/shop\/cat\/cat-lands\/van-cat-natural-clumping-litter-for-cats-quality-vanilla-5-kg\/","url":"https:\/\/zoo-land.az\/shop\/cat\/cat-lands\/van-cat-natural-clumping-litter-for-cats-quality-vanilla-5-kg\/","name":"VanCat Vanilla 5 kg - Zooland.az","isPartOf":{"@id":"https:\/\/zoo-land.az\/#website"},"primaryImageOfPage":{"@id":"https:\/\/zoo-land.az\/shop\/cat\/cat-lands\/van-cat-natural-clumping-litter-for-cats-quality-vanilla-5-kg\/#primaryimage"},"image":{"@id":"https:\/\/zoo-land.az\/shop\/cat\/cat-lands\/van-cat-natural-clumping-litter-for-cats-quality-vanilla-5-kg\/#primaryimage"},"thumbnailUrl":"https:\/\/zoo-land.az\/wp-content\/uploads\/2024\/05\/vanilla-clumping-5kg1-1000x1000-1.jpg","datePublished":"2024-05-13T16:07:28+00:00","dateModified":"2024-06-10T09:42:52+00:00","breadcrumb":{"@id":"https:\/\/zoo-land.az\/shop\/cat\/cat-lands\/van-cat-natural-clumping-litter-for-cats-quality-vanilla-5-kg\/#breadcrumb"},"inLanguage":"az","potentialAction":[{"@type":"ReadAction","target":["https:\/\/zoo-land.az\/shop\/cat\/cat-lands\/van-cat-natural-clumping-litter-for-cats-quality-vanilla-5-kg\/"]}]},{"@type":"ImageObject","inLanguage":"az","@id":"https:\/\/zoo-land.az\/shop\/cat\/cat-lands\/van-cat-natural-clumping-litter-for-cats-quality-vanilla-5-kg\/#primaryimage","url":"https:\/\/zoo-land.az\/wp-content\/uploads\/2024\/05\/vanilla-clumping-5kg1-1000x1000-1.jpg","contentUrl":"https:\/\/zoo-land.az\/wp-content\/uploads\/2024\/05\/vanilla-clumping-5kg1-1000x1000-1.jpg","width":1000,"height":1000},{"@type":"BreadcrumbList","@id":"https:\/\/zoo-land.az\/shop\/cat\/cat-lands\/van-cat-natural-clumping-litter-for-cats-quality-vanilla-5-kg\/#breadcrumb","itemListElement":[{"@type":"ListItem","position":1,"name":"Home","item":"https:\/\/zoo-land.az\/ru\/"},{"@type":"ListItem","position":2,"name":"Shop","item":"https:\/\/zoo-land.az\/ru\/"},{"@type":"ListItem","position":3,"name":"VanCat Vanilla 5 kg"}]},{"@type":"WebSite","@id":"https:\/\/zoo-land.az\/#website","url":"https:\/\/zoo-land.az\/","name":"Zooland.az","description":"Xo\u015fb\u0259xt ev heyvanlar\u0131n\u0131n \u00fcnvan\u0131 Zooland.az","publisher":{"@id":"https:\/\/zoo-land.az\/#organization"},"potentialAction":[{"@type":"SearchAction","target":{"@type":"EntryPoint","urlTemplate":"https:\/\/zoo-land.az\/?s={search_term_string}"},"query-input":{"@type":"PropertyValueSpecification","valueRequired":true,"valueName":"search_term_string"}}],"inLanguage":"az"},{"@type":"Organization","@id":"https:\/\/zoo-land.az\/#organization","name":"Zooland.az","url":"https:\/\/zoo-land.az\/","logo":{"@type":"ImageObject","inLanguage":"az","@id":"https:\/\/zoo-land.az\/#\/schema\/logo\/image\/","url":"https:\/\/zoo-land.az\/wp-content\/uploads\/2022\/05\/logo.svg","contentUrl":"https:\/\/zoo-land.az\/wp-content\/uploads\/2022\/05\/logo.svg","width":113,"height":46,"caption":"Zooland.az"},"image":{"@id":"https:\/\/zoo-land.az\/#\/schema\/logo\/image\/"}}]}},"_links":{"self":[{"href":"https:\/\/zoo-land.az\/az\/wp-json\/wp\/v2\/product\/21920","targetHints":{"allow":["GET"]}}],"collection":[{"href":"https:\/\/zoo-land.az\/az\/wp-json\/wp\/v2\/product"}],"about":[{"href":"https:\/\/zoo-land.az\/az\/wp-json\/wp\/v2\/types\/product"}],"wp:featuredmedia":[{"embeddable":true,"href":"https:\/\/zoo-land.az\/az\/wp-json\/wp\/v2\/media\/23109"}],"wp:attachment":[{"href":"https:\/\/zoo-land.az\/az\/wp-json\/wp\/v2\/media?parent=21920"}],"wp:term":[{"taxonomy":"product_cat","embeddable":true,"href":"https:\/\/zoo-land.az\/az\/wp-json\/wp\/v2\/product_cat?post=21920"},{"taxonomy":"product_tag","embeddable":true,"href":"https:\/\/zoo-land.az\/az\/wp-json\/wp\/v2\/product_tag?post=21920"}],"curies":[{"name":"wp","href":"https:\/\/api.w.org\/{rel}","templated":true}]}}