{"id":21926,"date":"2024-05-16T13:39:37","date_gmt":"2024-05-16T13:39:37","guid":{"rendered":"https:\/\/lightsteelblue-zebra-299715.hostingersite.com\/?post_type=product&#038;p=21926"},"modified":"2024-05-16T13:39:38","modified_gmt":"2024-05-16T13:39:38","slug":"royal-canin-motherbabycat-dry-food-for-kittens-aged-1-to-4-months-as-well-as-for-cats-during-pregnancy","status":"publish","type":"product","link":"https:\/\/zoo-land.az\/az\/shop\/cat\/cat-foods\/royal-canin-motherbabycat-dry-food-for-kittens-aged-1-to-4-months-as-well-as-for-cats-during-pregnancy\/","title":{"rendered":"Royal Canin Mother&amp;Babycat 1 aydan 4 ayl\u0131q pi\u015fikl\u0259r \u00fc\u00e7\u00fcn quru yem, h\u0259m\u00e7inin hamil\u0259lik zaman\u0131 pi\u015fikl\u0259r \u00fc\u00e7\u00fcn"},"content":{"rendered":"<p>Royal Canin Mother&amp;Babycat dry food for pregnant and lactating cats, as well as for kittens aged 1 to 4 months. A kitten&#8217;s growth occurs in two phases. During the first of these (from weaning to 4 months), his immune system is still very vulnerable. The transition from mother&#8217;s milk to solid feeding is a problem that creates difficulties with the baby&#8217;s fragile basic system. Adapted nutrition is very important to keep the kitten healthy during this early stage of life.<br \/>\nSupports the Immune System<br \/>\nPromotes normal digestion<br \/>\nFacilitates the weaning process<br \/>\n100% complete and balanced nutrition. If your cat is expecting kittens or has recently given birth, it is important that both she and her offspring eat properly: this is the key to the health of mother and kittens. ROYAL CANIN Mother &amp; Babycat is suitable for feeding cats during pregnancy and lactation, as well as kittens aged 1\u20134 months. Suitable for feeding pregnant and lactating cats from the first day of pregnancy until the end of lactation.<br \/>\nThe product helps support the natural mechanisms of the bracelet thanks to a unique complex of antioxidants, including vitamin E. The soft texture of the kibble helps kittens chew the product easily, helping them gradually get used to solid food. ROYAL CANIN Mother &amp; Babycat is highly digestible.<br \/>\nThe food is enriched with DHA, an omega-3 fatty acid that promotes the development of the kitten&#8217;s brain. To maintain compliance with the requirements of cats and kittens, ROYAL CANIN Mother &amp; Babycat is also available in mousse form.<br \/>\nIf you choose a mixed diet for your animals, follow the preferred feeding rates to combine dry and wet food in proportions that are optimal for the animal&#8217;s health.<\/p>","protected":false},"excerpt":{"rendered":"<p>Royal Canin Mother and Babycat: dry food for pregnant and lactating cats, as well as for kittens aged 1 to 4 months. A kitten&#8217;s growth occurs in two phases. During the first of these (from weaning to 4 months), his immune system is still very vulnerable. The transition from mother&#8217;s milk to solid feeding is a problem that creates difficulties with the baby&#8217;s fragile basic system. Adapted nutrition is very important to keep the kitten healthy during this early stage of life.<br \/>\nIf your cat is expecting kittens or has recently given birth, it is important that she and her offspring eat properly to ensure the health of mother and kittens. The product is suitable for cats during pregnancy and lactation, as well as for kittens aged 1\u20134 months. The product helps support the natural mechanisms of the bracelet thanks to a unique complex of antioxidants, including vitamin E. The soft texture of the kibble helps kittens chew the product easily, helping them gradually get used to solid food. Royal Canin Mother and Babycat are highly digestible.<\/p>","protected":false},"featured_media":21857,"template":"","meta":{"inline_featured_image":false,"_joinchat":[]},"product_cat":[189,188],"product_tag":[],"class_list":{"0":"post-21926","1":"product","2":"type-product","3":"status-publish","4":"has-post-thumbnail","6":"product_brand-royal-canin","7":"product_cat-cat-foods","8":"product_cat-cat","10":"first","11":"instock","12":"shipping-taxable","13":"purchasable","14":"product-type-simple"},"yoast_head":"<!-- This site is optimized with the Yoast SEO plugin v27.4 - https:\/\/yoast.com\/product\/yoast-seo-wordpress\/ -->\n<title>Royal Canin Mother&amp;Babycat dry food for kittens aged 1 to 4 months, as well as for cats during pregnancy - Zooland.az<\/title>\n<meta name=\"robots\" content=\"index, follow, max-snippet:-1, max-image-preview:large, max-video-preview:-1\" \/>\n<link rel=\"canonical\" href=\"https:\/\/zoo-land.az\/az\/shop\/cat\/cat-foods\/royal-canin-motherbabycat-dry-food-for-kittens-aged-1-to-4-months-as-well-as-for-cats-during-pregnancy\/\" \/>\n<meta property=\"og:locale\" content=\"az_AZ\" \/>\n<meta property=\"og:type\" content=\"article\" \/>\n<meta property=\"og:title\" content=\"Royal Canin Mother&amp;Babycat dry food for kittens aged 1 to 4 months, as well as for cats during pregnancy - Zooland.az\" \/>\n<meta property=\"og:description\" content=\"Royal Canin Mother and Babycat: dry food for pregnant and lactating cats, as well as for kittens aged 1 to 4 months. A kitten&#039;s growth occurs in two phases. During the first of these (from weaning to 4 months), his immune system is still very vulnerable. The transition from mother&#039;s milk to solid feeding is a problem that creates difficulties with the baby&#039;s fragile basic system. Adapted nutrition is very important to keep the kitten healthy during this early stage of life. If your cat is expecting kittens or has recently given birth, it is important that she and her offspring eat properly to ensure the health of mother and kittens. The product is suitable for cats during pregnancy and lactation, as well as for kittens aged 1\u20134 months. The product helps support the natural mechanisms of the bracelet thanks to a unique complex of antioxidants, including vitamin E. The soft texture of the kibble helps kittens chew the product easily, helping them gradually get used to solid food. Royal Canin Mother and Babycat are highly digestible.\" \/>\n<meta property=\"og:url\" content=\"https:\/\/zoo-land.az\/az\/shop\/cat\/cat-foods\/royal-canin-motherbabycat-dry-food-for-kittens-aged-1-to-4-months-as-well-as-for-cats-during-pregnancy\/\" \/>\n<meta property=\"og:site_name\" content=\"Zooland.az\" \/>\n<meta property=\"article:modified_time\" content=\"2024-05-16T13:39:38+00:00\" \/>\n<meta property=\"og:image\" content=\"https:\/\/zoo-land.az\/wp-content\/uploads\/2024\/05\/motherbaby.png\" \/>\n\t<meta property=\"og:image:width\" content=\"1400\" \/>\n\t<meta property=\"og:image:height\" content=\"1980\" \/>\n\t<meta property=\"og:image:type\" content=\"image\/png\" \/>\n<meta name=\"twitter:card\" content=\"summary_large_image\" \/>\n<meta name=\"twitter:label1\" content=\"Est. reading time\" \/>\n\t<meta name=\"twitter:data1\" content=\"1 minute\" \/>\n<script type=\"application\/ld+json\" class=\"yoast-schema-graph\">{\"@context\":\"https:\\\/\\\/schema.org\",\"@graph\":[{\"@type\":\"WebPage\",\"@id\":\"https:\\\/\\\/zoo-land.az\\\/az\\\/shop\\\/cat\\\/cat-foods\\\/royal-canin-motherbabycat-dry-food-for-kittens-aged-1-to-4-months-as-well-as-for-cats-during-pregnancy\\\/\",\"url\":\"https:\\\/\\\/zoo-land.az\\\/az\\\/shop\\\/cat\\\/cat-foods\\\/royal-canin-motherbabycat-dry-food-for-kittens-aged-1-to-4-months-as-well-as-for-cats-during-pregnancy\\\/\",\"name\":\"Royal Canin Mother&Babycat dry food for kittens aged 1 to 4 months, as well as for cats during pregnancy - Zooland.az\",\"isPartOf\":{\"@id\":\"https:\\\/\\\/zoo-land.az\\\/#website\"},\"primaryImageOfPage\":{\"@id\":\"https:\\\/\\\/zoo-land.az\\\/az\\\/shop\\\/cat\\\/cat-foods\\\/royal-canin-motherbabycat-dry-food-for-kittens-aged-1-to-4-months-as-well-as-for-cats-during-pregnancy\\\/#primaryimage\"},\"image\":{\"@id\":\"https:\\\/\\\/zoo-land.az\\\/az\\\/shop\\\/cat\\\/cat-foods\\\/royal-canin-motherbabycat-dry-food-for-kittens-aged-1-to-4-months-as-well-as-for-cats-during-pregnancy\\\/#primaryimage\"},\"thumbnailUrl\":\"https:\\\/\\\/zoo-land.az\\\/wp-content\\\/uploads\\\/2024\\\/05\\\/motherbaby.png\",\"datePublished\":\"2024-05-16T13:39:37+00:00\",\"dateModified\":\"2024-05-16T13:39:38+00:00\",\"breadcrumb\":{\"@id\":\"https:\\\/\\\/zoo-land.az\\\/az\\\/shop\\\/cat\\\/cat-foods\\\/royal-canin-motherbabycat-dry-food-for-kittens-aged-1-to-4-months-as-well-as-for-cats-during-pregnancy\\\/#breadcrumb\"},\"inLanguage\":\"az\",\"potentialAction\":[{\"@type\":\"ReadAction\",\"target\":[\"https:\\\/\\\/zoo-land.az\\\/az\\\/shop\\\/cat\\\/cat-foods\\\/royal-canin-motherbabycat-dry-food-for-kittens-aged-1-to-4-months-as-well-as-for-cats-during-pregnancy\\\/\"]}]},{\"@type\":\"ImageObject\",\"inLanguage\":\"az\",\"@id\":\"https:\\\/\\\/zoo-land.az\\\/az\\\/shop\\\/cat\\\/cat-foods\\\/royal-canin-motherbabycat-dry-food-for-kittens-aged-1-to-4-months-as-well-as-for-cats-during-pregnancy\\\/#primaryimage\",\"url\":\"https:\\\/\\\/zoo-land.az\\\/wp-content\\\/uploads\\\/2024\\\/05\\\/motherbaby.png\",\"contentUrl\":\"https:\\\/\\\/zoo-land.az\\\/wp-content\\\/uploads\\\/2024\\\/05\\\/motherbaby.png\",\"width\":1400,\"height\":1980},{\"@type\":\"BreadcrumbList\",\"@id\":\"https:\\\/\\\/zoo-land.az\\\/az\\\/shop\\\/cat\\\/cat-foods\\\/royal-canin-motherbabycat-dry-food-for-kittens-aged-1-to-4-months-as-well-as-for-cats-during-pregnancy\\\/#breadcrumb\",\"itemListElement\":[{\"@type\":\"ListItem\",\"position\":1,\"name\":\"Home\",\"item\":\"https:\\\/\\\/zoo-land.az\\\/ru\\\/\"},{\"@type\":\"ListItem\",\"position\":2,\"name\":\"Shop\",\"item\":\"https:\\\/\\\/zoo-land.az\\\/ru\\\/\"},{\"@type\":\"ListItem\",\"position\":3,\"name\":\"Royal Canin Mother&#038;Babycat dry food for kittens aged 1 to 4 months, as well as for cats during pregnancy\"}]},{\"@type\":\"WebSite\",\"@id\":\"https:\\\/\\\/zoo-land.az\\\/#website\",\"url\":\"https:\\\/\\\/zoo-land.az\\\/\",\"name\":\"Zooland.az\",\"description\":\"Xo\u015fb\u0259xt ev heyvanlar\u0131n\u0131n \u00fcnvan\u0131 Zooland.az\",\"publisher\":{\"@id\":\"https:\\\/\\\/zoo-land.az\\\/#organization\"},\"potentialAction\":[{\"@type\":\"SearchAction\",\"target\":{\"@type\":\"EntryPoint\",\"urlTemplate\":\"https:\\\/\\\/zoo-land.az\\\/?s={search_term_string}\"},\"query-input\":{\"@type\":\"PropertyValueSpecification\",\"valueRequired\":true,\"valueName\":\"search_term_string\"}}],\"inLanguage\":\"az\"},{\"@type\":\"Organization\",\"@id\":\"https:\\\/\\\/zoo-land.az\\\/#organization\",\"name\":\"Zooland.az\",\"url\":\"https:\\\/\\\/zoo-land.az\\\/\",\"logo\":{\"@type\":\"ImageObject\",\"inLanguage\":\"az\",\"@id\":\"https:\\\/\\\/zoo-land.az\\\/#\\\/schema\\\/logo\\\/image\\\/\",\"url\":\"https:\\\/\\\/zoo-land.az\\\/wp-content\\\/uploads\\\/2022\\\/05\\\/logo.svg\",\"contentUrl\":\"https:\\\/\\\/zoo-land.az\\\/wp-content\\\/uploads\\\/2022\\\/05\\\/logo.svg\",\"width\":113,\"height\":46,\"caption\":\"Zooland.az\"},\"image\":{\"@id\":\"https:\\\/\\\/zoo-land.az\\\/#\\\/schema\\\/logo\\\/image\\\/\"}}]}<\/script>\n<!-- \/ Yoast SEO plugin. -->","yoast_head_json":{"title":"Royal Canin Mother&Babycat dry food for kittens aged 1 to 4 months, as well as for cats during pregnancy - Zooland.az","robots":{"index":"index","follow":"follow","max-snippet":"max-snippet:-1","max-image-preview":"max-image-preview:large","max-video-preview":"max-video-preview:-1"},"canonical":"https:\/\/zoo-land.az\/az\/shop\/cat\/cat-foods\/royal-canin-motherbabycat-dry-food-for-kittens-aged-1-to-4-months-as-well-as-for-cats-during-pregnancy\/","og_locale":"az_AZ","og_type":"article","og_title":"Royal Canin Mother&Babycat dry food for kittens aged 1 to 4 months, as well as for cats during pregnancy - Zooland.az","og_description":"Royal Canin Mother and Babycat: dry food for pregnant and lactating cats, as well as for kittens aged 1 to 4 months. A kitten's growth occurs in two phases. During the first of these (from weaning to 4 months), his immune system is still very vulnerable. The transition from mother's milk to solid feeding is a problem that creates difficulties with the baby's fragile basic system. Adapted nutrition is very important to keep the kitten healthy during this early stage of life. If your cat is expecting kittens or has recently given birth, it is important that she and her offspring eat properly to ensure the health of mother and kittens. The product is suitable for cats during pregnancy and lactation, as well as for kittens aged 1\u20134 months. The product helps support the natural mechanisms of the bracelet thanks to a unique complex of antioxidants, including vitamin E. The soft texture of the kibble helps kittens chew the product easily, helping them gradually get used to solid food. Royal Canin Mother and Babycat are highly digestible.","og_url":"https:\/\/zoo-land.az\/az\/shop\/cat\/cat-foods\/royal-canin-motherbabycat-dry-food-for-kittens-aged-1-to-4-months-as-well-as-for-cats-during-pregnancy\/","og_site_name":"Zooland.az","article_modified_time":"2024-05-16T13:39:38+00:00","og_image":[{"width":1400,"height":1980,"url":"https:\/\/zoo-land.az\/wp-content\/uploads\/2024\/05\/motherbaby.png","type":"image\/png"}],"twitter_card":"summary_large_image","twitter_misc":{"Est. reading time":"1 minute"},"schema":{"@context":"https:\/\/schema.org","@graph":[{"@type":"WebPage","@id":"https:\/\/zoo-land.az\/az\/shop\/cat\/cat-foods\/royal-canin-motherbabycat-dry-food-for-kittens-aged-1-to-4-months-as-well-as-for-cats-during-pregnancy\/","url":"https:\/\/zoo-land.az\/az\/shop\/cat\/cat-foods\/royal-canin-motherbabycat-dry-food-for-kittens-aged-1-to-4-months-as-well-as-for-cats-during-pregnancy\/","name":"Royal Canin Mother&Babycat dry food for kittens aged 1 to 4 months, as well as for cats during pregnancy - Zooland.az","isPartOf":{"@id":"https:\/\/zoo-land.az\/#website"},"primaryImageOfPage":{"@id":"https:\/\/zoo-land.az\/az\/shop\/cat\/cat-foods\/royal-canin-motherbabycat-dry-food-for-kittens-aged-1-to-4-months-as-well-as-for-cats-during-pregnancy\/#primaryimage"},"image":{"@id":"https:\/\/zoo-land.az\/az\/shop\/cat\/cat-foods\/royal-canin-motherbabycat-dry-food-for-kittens-aged-1-to-4-months-as-well-as-for-cats-during-pregnancy\/#primaryimage"},"thumbnailUrl":"https:\/\/zoo-land.az\/wp-content\/uploads\/2024\/05\/motherbaby.png","datePublished":"2024-05-16T13:39:37+00:00","dateModified":"2024-05-16T13:39:38+00:00","breadcrumb":{"@id":"https:\/\/zoo-land.az\/az\/shop\/cat\/cat-foods\/royal-canin-motherbabycat-dry-food-for-kittens-aged-1-to-4-months-as-well-as-for-cats-during-pregnancy\/#breadcrumb"},"inLanguage":"az","potentialAction":[{"@type":"ReadAction","target":["https:\/\/zoo-land.az\/az\/shop\/cat\/cat-foods\/royal-canin-motherbabycat-dry-food-for-kittens-aged-1-to-4-months-as-well-as-for-cats-during-pregnancy\/"]}]},{"@type":"ImageObject","inLanguage":"az","@id":"https:\/\/zoo-land.az\/az\/shop\/cat\/cat-foods\/royal-canin-motherbabycat-dry-food-for-kittens-aged-1-to-4-months-as-well-as-for-cats-during-pregnancy\/#primaryimage","url":"https:\/\/zoo-land.az\/wp-content\/uploads\/2024\/05\/motherbaby.png","contentUrl":"https:\/\/zoo-land.az\/wp-content\/uploads\/2024\/05\/motherbaby.png","width":1400,"height":1980},{"@type":"BreadcrumbList","@id":"https:\/\/zoo-land.az\/az\/shop\/cat\/cat-foods\/royal-canin-motherbabycat-dry-food-for-kittens-aged-1-to-4-months-as-well-as-for-cats-during-pregnancy\/#breadcrumb","itemListElement":[{"@type":"ListItem","position":1,"name":"Home","item":"https:\/\/zoo-land.az\/ru\/"},{"@type":"ListItem","position":2,"name":"Shop","item":"https:\/\/zoo-land.az\/ru\/"},{"@type":"ListItem","position":3,"name":"Royal Canin Mother&#038;Babycat dry food for kittens aged 1 to 4 months, as well as for cats during pregnancy"}]},{"@type":"WebSite","@id":"https:\/\/zoo-land.az\/#website","url":"https:\/\/zoo-land.az\/","name":"Zooland.az","description":"Xo\u015fb\u0259xt ev heyvanlar\u0131n\u0131n \u00fcnvan\u0131 Zooland.az","publisher":{"@id":"https:\/\/zoo-land.az\/#organization"},"potentialAction":[{"@type":"SearchAction","target":{"@type":"EntryPoint","urlTemplate":"https:\/\/zoo-land.az\/?s={search_term_string}"},"query-input":{"@type":"PropertyValueSpecification","valueRequired":true,"valueName":"search_term_string"}}],"inLanguage":"az"},{"@type":"Organization","@id":"https:\/\/zoo-land.az\/#organization","name":"Zooland.az","url":"https:\/\/zoo-land.az\/","logo":{"@type":"ImageObject","inLanguage":"az","@id":"https:\/\/zoo-land.az\/#\/schema\/logo\/image\/","url":"https:\/\/zoo-land.az\/wp-content\/uploads\/2022\/05\/logo.svg","contentUrl":"https:\/\/zoo-land.az\/wp-content\/uploads\/2022\/05\/logo.svg","width":113,"height":46,"caption":"Zooland.az"},"image":{"@id":"https:\/\/zoo-land.az\/#\/schema\/logo\/image\/"}}]}},"_links":{"self":[{"href":"https:\/\/zoo-land.az\/az\/wp-json\/wp\/v2\/product\/21926","targetHints":{"allow":["GET"]}}],"collection":[{"href":"https:\/\/zoo-land.az\/az\/wp-json\/wp\/v2\/product"}],"about":[{"href":"https:\/\/zoo-land.az\/az\/wp-json\/wp\/v2\/types\/product"}],"wp:featuredmedia":[{"embeddable":true,"href":"https:\/\/zoo-land.az\/az\/wp-json\/wp\/v2\/media\/21857"}],"wp:attachment":[{"href":"https:\/\/zoo-land.az\/az\/wp-json\/wp\/v2\/media?parent=21926"}],"wp:term":[{"taxonomy":"product_cat","embeddable":true,"href":"https:\/\/zoo-land.az\/az\/wp-json\/wp\/v2\/product_cat?post=21926"},{"taxonomy":"product_tag","embeddable":true,"href":"https:\/\/zoo-land.az\/az\/wp-json\/wp\/v2\/product_tag?post=21926"}],"curies":[{"name":"wp","href":"https:\/\/api.w.org\/{rel}","templated":true}]}}