{"id":21927,"date":"2024-05-16T15:21:38","date_gmt":"2024-05-16T15:21:38","guid":{"rendered":"https:\/\/lightsteelblue-zebra-299715.hostingersite.com\/?post_type=product&#038;p=21927"},"modified":"2026-03-13T14:45:45","modified_gmt":"2026-03-13T10:45:45","slug":"dry-food-for-kittens-royal-canin-kitten-1-kg","status":"publish","type":"product","link":"https:\/\/zoo-land.az\/az\/shop\/cat\/cat-foods\/dry-food-for-kittens-royal-canin-kitten-1-kg\/","title":{"rendered":"Pi\u015fik pi\u015fikl\u0259ri \u00fc\u00e7\u00fcn quru yem Royal Canin Kitten 1 kq"},"content":{"rendered":"<p>Pi\u015fikl\u0259r \u00fc\u00e7\u00fcn quru tam balansla\u015fd\u0131r\u0131lm\u0131\u015f yem \u2013 X\u00fcsusil\u0259 ikinci b\u00f6y\u00fcm\u0259 m\u0259rh\u0259l\u0259sind\u0259 olan pi\u015fikl\u0259r \u00fc\u00e7\u00fcn (12 aya q\u0259d\u0259r)Kitten: 12 aya q\u0259d\u0259r pi\u015fikl\u0259r \u00fc\u00e7\u00fcn quru yem. 4-12 ayl\u0131q d\u00f6vrd\u0259 pi\u015fikl\u0259rin b\u00f6y\u00fcm\u0259si yava\u015flay\u0131r v\u0259 \u0259z\u0259l\u0259 k\u00fctl\u0259si art\u0131r. Bundan \u0259lav\u0259, pi\u015fik balas\u0131n\u0131n immunitet sistemi h\u0259l\u0259 d\u0259 bu m\u0259rh\u0259l\u0259d\u0259 inki\u015faf edir. Buna g\u00f6r\u0259 d\u0259, bu m\u00fch\u00fcm m\u0259rh\u0259l\u0259d\u0259 pi\u015fik saxlamaq \u00fc\u00e7\u00fcn uy\u011funla\u015fd\u0131r\u0131lm\u0131\u015f p\u0259hriz \u00e7ox vacibdir.<br \/>\nH\u0259zm Sa\u011flaml\u0131\u011f\u0131n\u0131 D\u0259st\u0259kl\u0259yir \u0130mmunitet Sistemini D\u0259st\u0259kl\u0259yirAh\u0259ngdar b\u00f6y\u00fcm\u0259y\u0259 k\u00f6m\u0259k edir100% tam v\u0259 balansla\u015fd\u0131r\u0131lm\u0131\u015f qidalanma. Artan d\u00f6vr pi\u015fik balan\u0131z\u0131n h\u0259yat\u0131n\u0131n \u0259n m\u00fch\u00fcm m\u0259rh\u0259l\u0259sidir: b\u00f6y\u00fck d\u0259yi\u015fiklikl\u0259r, yeni k\u0259\u015ffl\u0259r v\u0259 \u00e7\u0259tinlikl\u0259r d\u00f6vr\u00fcd\u00fcr. Buna g\u00f6r\u0259 d\u0259, pi\u015fik balas\u0131n\u0131n b\u00f6y\u00fcm\u0259sini v\u0259 ah\u0259ngdar inki\u015faf\u0131n\u0131 d\u0259st\u0259kl\u0259m\u0259k \u00fc\u00e7\u00fcn b\u00fct\u00fcn laz\u0131mi qidalar\u0131 ald\u0131\u011f\u0131na \u0259min olmal\u0131s\u0131n\u0131z. B\u00f6y\u00fcm\u0259nin ikinci m\u0259rh\u0259l\u0259si pi\u015fikl\u0259r \u00fc\u00e7\u00fcn x\u00fcsusil\u0259 \u0259h\u0259miyy\u0259tlidir: bu d\u00f6vrd\u0259 immunitet sisteminin inki\u015faf\u0131 t\u0259dric\u0259n tamamlan\u0131r.<br \/>\nROYAL CANIN\u00ae Kitten bu m\u00fcdd\u0259t \u0259rzind\u0259 pi\u015fik balan\u0131z\u0131n m\u00fcdafi\u0259sini g\u00fccl\u0259ndirm\u0259y\u0259 k\u00f6m\u0259k ed\u0259c\u0259k \u2013 \u0259sas\u0259n immun sistemi \u00fc\u00e7\u00fcn son d\u0259r\u0259c\u0259 vacib olan E vitamini d\u0259 daxil olan patentli antioksidant kompleksi vasit\u0259sil\u0259.<br \/>\nROYAL CANIN\u00ae pi\u015fik qidas\u0131 12 aya q\u0259d\u0259r olan pi\u015fik balalar\u0131 \u00fc\u00e7\u00fcn n\u0259z\u0259rd\u0259 tutulub v\u0259 y\u00fcks\u0259k keyfiyy\u0259t say\u0259sind\u0259 h\u0259zm qabiliyy\u0259tini art\u0131r\u0131b.Faydal\u0131 x\u00fcsusiyy\u0259tl\u0259r\u0130mmunitetin saxlanmas\u0131B\u00f6y\u00fcm\u0259 fazas\u0131 pi\u015fik balas\u0131n\u0131n immunitetinin inki\u015faf\u0131nda \u0259sas d\u00f6vrd\u00fcr. Bu m\u0259rh\u0259l\u0259d\u0259 pi\u015fik balas\u0131n\u0131n immun sistemi t\u0259dric\u0259n inki\u015faf edir.<br \/>\nPi\u015fik yemi E vitamini d\u0259 daxil olmaqla antioksidantlar kompleksi say\u0259sind\u0259 pi\u015fik balas\u0131n\u0131n t\u0259bii m\u00fcdafi\u0259 mexanizml\u0259rinin formala\u015fmas\u0131na k\u00f6m\u0259k edir. Sa\u011flam H\u0259zm Sistemi Y\u00fcks\u0259k h\u0259zm olunan z\u00fclallar (LIP*) v\u0259 prebiyotikl\u0259r (fruktooliqosaxaridl\u0259r daxil olmaqla) say\u0259sind\u0259 yemin h\u0259zm qabiliyy\u0259tini art\u0131r\u0131r.*Y\u00fcks\u0259k t\u0259rkibli x\u00fcsusi se\u00e7ilmi\u015f z\u00fclallar. h\u0259zm olunma d\u0259r\u0259c\u0259si. Sa\u011flam b\u00f6y\u00fcm\u0259 Proteinl\u0259rin, vitaminl\u0259rin v\u0259 minerallar\u0131n, o c\u00fcml\u0259d\u0259n D vitamini v\u0259 kalsiumun uy\u011funla\u015fd\u0131r\u0131lm\u0131\u015f t\u0259rkibi. Y\u00fcks\u0259k kalorili m\u0259zmun, intensiv b\u00f6y\u00fcm\u0259 d\u00f6vr\u00fcnd\u0259 heyvan\u0131n ehtiyaclar\u0131n\u0131 \u00f6d\u0259yir. LIP y\u00fcks\u0259k h\u0259zm texnologiyas\u0131<\/p>","protected":false},"excerpt":{"rendered":"<p>ROYAL CANIN Kitten pi\u015fik balas\u0131n\u0131n beyin v\u0259 g\u00f6rm\u0259 inki\u015faf\u0131n\u0131 d\u0259st\u0259kl\u0259y\u0259n Omeqa-3 ya\u011f tur\u015fusu (DHA) il\u0259 z\u0259nginl\u0259\u015fdirilmi\u015fdir. Prebiyotikl\u0259r (MOS) v\u0259 asanl\u0131qla h\u0259zm olunan z\u00fclallar\u0131n birl\u0259\u015fm\u0259si say\u0259sind\u0259 ROYAL CANIN Kitten formulas\u0131 ba\u011f\u0131rsaq mikrofloras\u0131n\u0131n tarazl\u0131\u011f\u0131n\u0131 qoruyur, sa\u011flam h\u0259zmi t\u0259\u015fviq edir. ROYAL CANIN\u00ae Kitten-in x\u00fcsusi olaraq haz\u0131rlanm\u0131\u015f qranullar\u0131 pi\u015fik balalar\u0131n\u0131n ki\u00e7ik \u00e7\u0259n\u0259l\u0259rin\u0259 uy\u011funla\u015fd\u0131rmaq v\u0259 yem\u0259kl\u0259ri tutma\u011f\u0131 v\u0259 \u00e7eyn\u0259m\u0259yi asanla\u015fd\u0131rmaq, h\u0259m\u00e7inin \u00e7eyn\u0259dikc\u0259 di\u015fl\u0259ri mexaniki t\u0259mizl\u0259y\u0259r\u0259k a\u011f\u0131z sa\u011flaml\u0131\u011f\u0131n\u0131 d\u0259st\u0259kl\u0259m\u0259k \u00fc\u00e7\u00fcn n\u0259z\u0259rd\u0259 tutulmu\u015fdur.<br \/>\n12 ayl\u0131q ya\u015fda b\u00f6y\u00fcm\u0259 d\u00f6vr\u00fc sona \u00e7atacaq v\u0259 pi\u015fik balan\u0131z\u0131n qida ehtiyaclar\u0131 d\u0259yi\u015f\u0259c\u0259k. O, yetkin pi\u015fikl\u0259r \u00fc\u00e7\u00fcn x\u00fcsusi olaraq haz\u0131rlanm\u0131\u015f f\u0259rqli bir p\u0259hriz\u0259 ehtiyac duyacaq. Bu ya\u015fda siz ev heyvan\u0131n\u0131z\u0131 yetkin pi\u015fikl\u0259r \u00fc\u00e7\u00fcn ROYAL CANIN m\u0259hsullar\u0131na - quru qidaya v\u0259 ya sousda v\u0259 ya jele kimi ya\u015f p\u0259hrizl\u0259r\u0259 ke\u00e7ir\u0259 bil\u0259rsiniz.<\/p>","protected":false},"featured_media":21928,"template":"","meta":{"inline_featured_image":false,"_joinchat":[]},"product_cat":[189,188],"product_tag":[],"class_list":{"0":"post-21927","1":"product","2":"type-product","3":"status-publish","4":"has-post-thumbnail","6":"product_brand-royal-canin","7":"product_cat-cat-foods","8":"product_cat-cat","10":"first","11":"instock","12":"shipping-taxable","13":"purchasable","14":"product-type-simple"},"yoast_head":"<!-- This site is optimized with the Yoast SEO plugin v26.7 - https:\/\/yoast.com\/wordpress\/plugins\/seo\/ -->\n<title>Dry food for kittens Royal Canin Kitten 1 kg - Zooland.az<\/title>\n<meta name=\"robots\" content=\"index, follow, max-snippet:-1, max-image-preview:large, max-video-preview:-1\" \/>\n<link rel=\"canonical\" href=\"https:\/\/zoo-land.az\/az\/shop\/cat\/cat-foods\/dry-food-for-kittens-royal-canin-kitten-1-kg\/\" \/>\n<meta property=\"og:locale\" content=\"az_AZ\" \/>\n<meta property=\"og:type\" content=\"article\" \/>\n<meta property=\"og:title\" content=\"Dry food for kittens Royal Canin Kitten 1 kg - Zooland.az\" \/>\n<meta property=\"og:description\" content=\"ROYAL CANIN Kitten is enriched with Omega-3 fatty acid (DHA), which supports the development of the kitten&#039;s brain and vision. Thanks to a combination of prebiotics (MOS) and easily digestible proteins, ROYAL CANIN Kitten formula maintains the balance of intestinal microflora, promoting healthy digestion. ROYAL CANIN\u00ae Kitten&#039;s specially formulated pellets are designed to fit kittens&#039; tiny jaws and make it easier to grasp and chew food, as well as support oral health by mechanically cleaning the teeth as they chew. At 12 months of age, the growth period will have come to an end and your kitten&#039;s nutritional needs will change. He will need a different diet designed specifically for adult cats. At this age, you can switch your pet to ROYAL CANIN products for adult cats - dry food or wet diets, such as kibbles in sauce or jelly.\" \/>\n<meta property=\"og:url\" content=\"https:\/\/zoo-land.az\/az\/shop\/cat\/cat-foods\/dry-food-for-kittens-royal-canin-kitten-1-kg\/\" \/>\n<meta property=\"og:site_name\" content=\"Zooland.az\" \/>\n<meta property=\"article:modified_time\" content=\"2026-03-13T10:45:45+00:00\" \/>\n<meta property=\"og:image\" content=\"http:\/\/zoo-land.az\/wp-content\/uploads\/2024\/05\/kitten10kg.jpg\" \/>\n\t<meta property=\"og:image:width\" content=\"503\" \/>\n\t<meta property=\"og:image:height\" content=\"476\" \/>\n\t<meta property=\"og:image:type\" content=\"image\/jpeg\" \/>\n<meta name=\"twitter:card\" content=\"summary_large_image\" \/>\n<meta name=\"twitter:label1\" content=\"Est. reading time\" \/>\n\t<meta name=\"twitter:data1\" content=\"2 minutes\" \/>\n<script type=\"application\/ld+json\" class=\"yoast-schema-graph\">{\"@context\":\"https:\/\/schema.org\",\"@graph\":[{\"@type\":\"WebPage\",\"@id\":\"https:\/\/zoo-land.az\/shop\/cat\/cat-foods\/dry-food-for-kittens-royal-canin-kitten-1-kg\/\",\"url\":\"https:\/\/zoo-land.az\/shop\/cat\/cat-foods\/dry-food-for-kittens-royal-canin-kitten-1-kg\/\",\"name\":\"Dry food for kittens Royal Canin Kitten 1 kg - Zooland.az\",\"isPartOf\":{\"@id\":\"https:\/\/zoo-land.az\/#website\"},\"primaryImageOfPage\":{\"@id\":\"https:\/\/zoo-land.az\/shop\/cat\/cat-foods\/dry-food-for-kittens-royal-canin-kitten-1-kg\/#primaryimage\"},\"image\":{\"@id\":\"https:\/\/zoo-land.az\/shop\/cat\/cat-foods\/dry-food-for-kittens-royal-canin-kitten-1-kg\/#primaryimage\"},\"thumbnailUrl\":\"https:\/\/zoo-land.az\/wp-content\/uploads\/2024\/05\/kitten10kg.jpg\",\"datePublished\":\"2024-05-16T15:21:38+00:00\",\"dateModified\":\"2026-03-13T10:45:45+00:00\",\"breadcrumb\":{\"@id\":\"https:\/\/zoo-land.az\/shop\/cat\/cat-foods\/dry-food-for-kittens-royal-canin-kitten-1-kg\/#breadcrumb\"},\"inLanguage\":\"az\",\"potentialAction\":[{\"@type\":\"ReadAction\",\"target\":[\"https:\/\/zoo-land.az\/shop\/cat\/cat-foods\/dry-food-for-kittens-royal-canin-kitten-1-kg\/\"]}]},{\"@type\":\"ImageObject\",\"inLanguage\":\"az\",\"@id\":\"https:\/\/zoo-land.az\/shop\/cat\/cat-foods\/dry-food-for-kittens-royal-canin-kitten-1-kg\/#primaryimage\",\"url\":\"https:\/\/zoo-land.az\/wp-content\/uploads\/2024\/05\/kitten10kg.jpg\",\"contentUrl\":\"https:\/\/zoo-land.az\/wp-content\/uploads\/2024\/05\/kitten10kg.jpg\",\"width\":503,\"height\":476},{\"@type\":\"BreadcrumbList\",\"@id\":\"https:\/\/zoo-land.az\/shop\/cat\/cat-foods\/dry-food-for-kittens-royal-canin-kitten-1-kg\/#breadcrumb\",\"itemListElement\":[{\"@type\":\"ListItem\",\"position\":1,\"name\":\"Home\",\"item\":\"https:\/\/zoo-land.az\/ru\/\"},{\"@type\":\"ListItem\",\"position\":2,\"name\":\"Shop\",\"item\":\"https:\/\/zoo-land.az\/ru\/\"},{\"@type\":\"ListItem\",\"position\":3,\"name\":\"Dry food for kittens Royal Canin Kitten 1 kg\"}]},{\"@type\":\"WebSite\",\"@id\":\"https:\/\/zoo-land.az\/#website\",\"url\":\"https:\/\/zoo-land.az\/\",\"name\":\"Zooland.az\",\"description\":\"Xo\u015fb\u0259xt ev heyvanlar\u0131n\u0131n \u00fcnvan\u0131 Zooland.az\",\"publisher\":{\"@id\":\"https:\/\/zoo-land.az\/#organization\"},\"potentialAction\":[{\"@type\":\"SearchAction\",\"target\":{\"@type\":\"EntryPoint\",\"urlTemplate\":\"https:\/\/zoo-land.az\/?s={search_term_string}\"},\"query-input\":{\"@type\":\"PropertyValueSpecification\",\"valueRequired\":true,\"valueName\":\"search_term_string\"}}],\"inLanguage\":\"az\"},{\"@type\":\"Organization\",\"@id\":\"https:\/\/zoo-land.az\/#organization\",\"name\":\"Zooland.az\",\"url\":\"https:\/\/zoo-land.az\/\",\"logo\":{\"@type\":\"ImageObject\",\"inLanguage\":\"az\",\"@id\":\"https:\/\/zoo-land.az\/#\/schema\/logo\/image\/\",\"url\":\"https:\/\/zoo-land.az\/wp-content\/uploads\/2022\/05\/logo.svg\",\"contentUrl\":\"https:\/\/zoo-land.az\/wp-content\/uploads\/2022\/05\/logo.svg\",\"width\":113,\"height\":46,\"caption\":\"Zooland.az\"},\"image\":{\"@id\":\"https:\/\/zoo-land.az\/#\/schema\/logo\/image\/\"}}]}<\/script>\n<!-- \/ Yoast SEO plugin. -->","yoast_head_json":{"title":"Dry food for kittens Royal Canin Kitten 1 kg - Zooland.az","robots":{"index":"index","follow":"follow","max-snippet":"max-snippet:-1","max-image-preview":"max-image-preview:large","max-video-preview":"max-video-preview:-1"},"canonical":"https:\/\/zoo-land.az\/az\/shop\/cat\/cat-foods\/dry-food-for-kittens-royal-canin-kitten-1-kg\/","og_locale":"az_AZ","og_type":"article","og_title":"Dry food for kittens Royal Canin Kitten 1 kg - Zooland.az","og_description":"ROYAL CANIN Kitten is enriched with Omega-3 fatty acid (DHA), which supports the development of the kitten's brain and vision. Thanks to a combination of prebiotics (MOS) and easily digestible proteins, ROYAL CANIN Kitten formula maintains the balance of intestinal microflora, promoting healthy digestion. ROYAL CANIN\u00ae Kitten's specially formulated pellets are designed to fit kittens' tiny jaws and make it easier to grasp and chew food, as well as support oral health by mechanically cleaning the teeth as they chew. At 12 months of age, the growth period will have come to an end and your kitten's nutritional needs will change. He will need a different diet designed specifically for adult cats. At this age, you can switch your pet to ROYAL CANIN products for adult cats - dry food or wet diets, such as kibbles in sauce or jelly.","og_url":"https:\/\/zoo-land.az\/az\/shop\/cat\/cat-foods\/dry-food-for-kittens-royal-canin-kitten-1-kg\/","og_site_name":"Zooland.az","article_modified_time":"2026-03-13T10:45:45+00:00","og_image":[{"width":503,"height":476,"url":"http:\/\/zoo-land.az\/wp-content\/uploads\/2024\/05\/kitten10kg.jpg","type":"image\/jpeg"}],"twitter_card":"summary_large_image","twitter_misc":{"Est. reading time":"2 minutes"},"schema":{"@context":"https:\/\/schema.org","@graph":[{"@type":"WebPage","@id":"https:\/\/zoo-land.az\/shop\/cat\/cat-foods\/dry-food-for-kittens-royal-canin-kitten-1-kg\/","url":"https:\/\/zoo-land.az\/shop\/cat\/cat-foods\/dry-food-for-kittens-royal-canin-kitten-1-kg\/","name":"Dry food for kittens Royal Canin Kitten 1 kg - Zooland.az","isPartOf":{"@id":"https:\/\/zoo-land.az\/#website"},"primaryImageOfPage":{"@id":"https:\/\/zoo-land.az\/shop\/cat\/cat-foods\/dry-food-for-kittens-royal-canin-kitten-1-kg\/#primaryimage"},"image":{"@id":"https:\/\/zoo-land.az\/shop\/cat\/cat-foods\/dry-food-for-kittens-royal-canin-kitten-1-kg\/#primaryimage"},"thumbnailUrl":"https:\/\/zoo-land.az\/wp-content\/uploads\/2024\/05\/kitten10kg.jpg","datePublished":"2024-05-16T15:21:38+00:00","dateModified":"2026-03-13T10:45:45+00:00","breadcrumb":{"@id":"https:\/\/zoo-land.az\/shop\/cat\/cat-foods\/dry-food-for-kittens-royal-canin-kitten-1-kg\/#breadcrumb"},"inLanguage":"az","potentialAction":[{"@type":"ReadAction","target":["https:\/\/zoo-land.az\/shop\/cat\/cat-foods\/dry-food-for-kittens-royal-canin-kitten-1-kg\/"]}]},{"@type":"ImageObject","inLanguage":"az","@id":"https:\/\/zoo-land.az\/shop\/cat\/cat-foods\/dry-food-for-kittens-royal-canin-kitten-1-kg\/#primaryimage","url":"https:\/\/zoo-land.az\/wp-content\/uploads\/2024\/05\/kitten10kg.jpg","contentUrl":"https:\/\/zoo-land.az\/wp-content\/uploads\/2024\/05\/kitten10kg.jpg","width":503,"height":476},{"@type":"BreadcrumbList","@id":"https:\/\/zoo-land.az\/shop\/cat\/cat-foods\/dry-food-for-kittens-royal-canin-kitten-1-kg\/#breadcrumb","itemListElement":[{"@type":"ListItem","position":1,"name":"Home","item":"https:\/\/zoo-land.az\/ru\/"},{"@type":"ListItem","position":2,"name":"Shop","item":"https:\/\/zoo-land.az\/ru\/"},{"@type":"ListItem","position":3,"name":"Dry food for kittens Royal Canin Kitten 1 kg"}]},{"@type":"WebSite","@id":"https:\/\/zoo-land.az\/#website","url":"https:\/\/zoo-land.az\/","name":"Zooland.az","description":"Xo\u015fb\u0259xt ev heyvanlar\u0131n\u0131n \u00fcnvan\u0131 Zooland.az","publisher":{"@id":"https:\/\/zoo-land.az\/#organization"},"potentialAction":[{"@type":"SearchAction","target":{"@type":"EntryPoint","urlTemplate":"https:\/\/zoo-land.az\/?s={search_term_string}"},"query-input":{"@type":"PropertyValueSpecification","valueRequired":true,"valueName":"search_term_string"}}],"inLanguage":"az"},{"@type":"Organization","@id":"https:\/\/zoo-land.az\/#organization","name":"Zooland.az","url":"https:\/\/zoo-land.az\/","logo":{"@type":"ImageObject","inLanguage":"az","@id":"https:\/\/zoo-land.az\/#\/schema\/logo\/image\/","url":"https:\/\/zoo-land.az\/wp-content\/uploads\/2022\/05\/logo.svg","contentUrl":"https:\/\/zoo-land.az\/wp-content\/uploads\/2022\/05\/logo.svg","width":113,"height":46,"caption":"Zooland.az"},"image":{"@id":"https:\/\/zoo-land.az\/#\/schema\/logo\/image\/"}}]}},"_links":{"self":[{"href":"https:\/\/zoo-land.az\/az\/wp-json\/wp\/v2\/product\/21927","targetHints":{"allow":["GET"]}}],"collection":[{"href":"https:\/\/zoo-land.az\/az\/wp-json\/wp\/v2\/product"}],"about":[{"href":"https:\/\/zoo-land.az\/az\/wp-json\/wp\/v2\/types\/product"}],"wp:featuredmedia":[{"embeddable":true,"href":"https:\/\/zoo-land.az\/az\/wp-json\/wp\/v2\/media\/21928"}],"wp:attachment":[{"href":"https:\/\/zoo-land.az\/az\/wp-json\/wp\/v2\/media?parent=21927"}],"wp:term":[{"taxonomy":"product_cat","embeddable":true,"href":"https:\/\/zoo-land.az\/az\/wp-json\/wp\/v2\/product_cat?post=21927"},{"taxonomy":"product_tag","embeddable":true,"href":"https:\/\/zoo-land.az\/az\/wp-json\/wp\/v2\/product_tag?post=21927"}],"curies":[{"name":"wp","href":"https:\/\/api.w.org\/{rel}","templated":true}]}}