{"id":21938,"date":"2024-05-30T07:20:48","date_gmt":"2024-05-30T07:20:48","guid":{"rendered":"https:\/\/lightsteelblue-zebra-299715.hostingersite.com\/?post_type=product&#038;p=21938"},"modified":"2024-05-30T17:13:19","modified_gmt":"2024-05-30T17:13:19","slug":"royal-canin-digestive-care-for-cats","status":"publish","type":"product","link":"https:\/\/zoo-land.az\/az\/shop\/cat\/cat-wetfoods\/royal-canin-digestive-care-for-cats\/","title":{"rendered":"Royal Canin Pi\u015fikl\u0259r \u00fc\u00e7\u00fcn H\u0259zm Bax\u0131m\u0131 85 q"},"content":{"rendered":"<p>Chunks in sauce for improved digestion in adult indoor cats over 1 year old.<\/p>\n<p>Indoor cats have low physical activity and a sedentary lifestyle, which can lead to digestive problems. The digestive tract of a cat is home to more than 500 types of bacteria in a balanced coexistence. When digestion is disturbed, this balance can be disrupted, leading to undesirable effects: gas buildup and foul-smelling loose stools. Cats with sensitive digestion need a diet containing easily digestible proteins and that helps maintain an ideal weight.<\/p>\n<p><strong>Why buy it?<\/strong><\/p>\n<ul>\n<li>Specially designed chunks in sauce with exceptional palatability and moderate calorie content help maintain an ideal body weight for your cat.<\/li>\n<li>Helps support urinary system health by reducing the concentration of minerals that contribute to urinary stone formation.<\/li>\n<li>Contains easily digestible proteins, has exceptional palatability and moderate calorie content, and reduces stool odor.<\/li>\n<li>The diet formula helps maintain the balance of intestinal microflora and promotes optimal stool consistency.<\/li>\n<\/ul>\n<p><strong>T\u0259rkibi:<\/strong> Meat and animal by-products, cereals, minerals, vegetable by-products, extracts of vegetable proteins, yeast. Additives: vitamin D3 68 IU, iron 3 mg, iodine 0.27 mg, copper 2.2 mg, manganese 1 mg, zinc 10 mg. Technological additives: sedimentary origin clinoptilolite 2 g.<\/p>\n<p><strong>Feeding guidelines:<\/strong> Feed according to the weight and physical activity of the pet. Follow the feeding guidelines indicated in the table. Ensure that your pet always has access to clean, fresh water.<\/p>","protected":false},"excerpt":{"rendered":"<p>Chunks in sauce for improved digestion in adult indoor cats over 1 year old.<\/p>\n<p>Indoor cats have low physical activity and a sedentary lifestyle, which can lead to digestive problems. The digestive tract of a cat is home to more than 500 types of bacteria in a balanced coexistence. When digestion is disturbed, this balance can be disrupted, leading to undesirable effects: gas buildup and foul-smelling loose stools. Cats with sensitive digestion need a diet containing easily digestible proteins and that helps maintain an ideal weight.<\/p>","protected":false},"featured_media":22019,"template":"","meta":{"inline_featured_image":false,"_joinchat":[]},"product_cat":[188,190],"product_tag":[],"class_list":{"0":"post-21938","1":"product","2":"type-product","3":"status-publish","4":"has-post-thumbnail","6":"product_brand-royal-canin","7":"product_cat-cat","8":"product_cat-cat-wetfoods","10":"first","11":"instock","12":"shipping-taxable","13":"purchasable","14":"product-type-simple"},"yoast_head":"<!-- This site is optimized with the Yoast SEO plugin v26.7 - https:\/\/yoast.com\/wordpress\/plugins\/seo\/ -->\n<title>Royal Canin Digestive Care for Cats 85 g - Zooland.az<\/title>\n<meta name=\"robots\" content=\"index, follow, max-snippet:-1, max-image-preview:large, max-video-preview:-1\" \/>\n<link rel=\"canonical\" href=\"https:\/\/zoo-land.az\/az\/shop\/cat\/cat-wetfoods\/royal-canin-digestive-care-for-cats\/\" \/>\n<meta property=\"og:locale\" content=\"az_AZ\" \/>\n<meta property=\"og:type\" content=\"article\" \/>\n<meta property=\"og:title\" content=\"Royal Canin Digestive Care for Cats 85 g - Zooland.az\" \/>\n<meta property=\"og:description\" content=\"Chunks in sauce for improved digestion in adult indoor cats over 1 year old.  Indoor cats have low physical activity and a sedentary lifestyle, which can lead to digestive problems. The digestive tract of a cat is home to more than 500 types of bacteria in a balanced coexistence. When digestion is disturbed, this balance can be disrupted, leading to undesirable effects: gas buildup and foul-smelling loose stools. Cats with sensitive digestion need a diet containing easily digestible proteins and that helps maintain an ideal weight.\" \/>\n<meta property=\"og:url\" content=\"https:\/\/zoo-land.az\/az\/shop\/cat\/cat-wetfoods\/royal-canin-digestive-care-for-cats\/\" \/>\n<meta property=\"og:site_name\" content=\"Zooland.az\" \/>\n<meta property=\"article:modified_time\" content=\"2024-05-30T17:13:19+00:00\" \/>\n<meta property=\"og:image\" content=\"https:\/\/zoo-land.az\/wp-content\/uploads\/2024\/05\/fcn22-digestive-care-gravy-packshot-pouch-b1.png\" \/>\n\t<meta property=\"og:image:width\" content=\"1980\" \/>\n\t<meta property=\"og:image:height\" content=\"1980\" \/>\n\t<meta property=\"og:image:type\" content=\"image\/png\" \/>\n<meta name=\"twitter:card\" content=\"summary_large_image\" \/>\n<meta name=\"twitter:label1\" content=\"Est. reading time\" \/>\n\t<meta name=\"twitter:data1\" content=\"1 minute\" \/>\n<script type=\"application\/ld+json\" class=\"yoast-schema-graph\">{\"@context\":\"https:\/\/schema.org\",\"@graph\":[{\"@type\":\"WebPage\",\"@id\":\"https:\/\/zoo-land.az\/shop\/cat\/cat-wetfoods\/royal-canin-digestive-care-for-cats\/\",\"url\":\"https:\/\/zoo-land.az\/shop\/cat\/cat-wetfoods\/royal-canin-digestive-care-for-cats\/\",\"name\":\"Royal Canin Digestive Care for Cats 85 g - Zooland.az\",\"isPartOf\":{\"@id\":\"https:\/\/zoo-land.az\/#website\"},\"primaryImageOfPage\":{\"@id\":\"https:\/\/zoo-land.az\/shop\/cat\/cat-wetfoods\/royal-canin-digestive-care-for-cats\/#primaryimage\"},\"image\":{\"@id\":\"https:\/\/zoo-land.az\/shop\/cat\/cat-wetfoods\/royal-canin-digestive-care-for-cats\/#primaryimage\"},\"thumbnailUrl\":\"https:\/\/zoo-land.az\/wp-content\/uploads\/2024\/05\/fcn22-digestive-care-gravy-packshot-pouch-b1.png\",\"datePublished\":\"2024-05-30T07:20:48+00:00\",\"dateModified\":\"2024-05-30T17:13:19+00:00\",\"breadcrumb\":{\"@id\":\"https:\/\/zoo-land.az\/shop\/cat\/cat-wetfoods\/royal-canin-digestive-care-for-cats\/#breadcrumb\"},\"inLanguage\":\"az\",\"potentialAction\":[{\"@type\":\"ReadAction\",\"target\":[\"https:\/\/zoo-land.az\/shop\/cat\/cat-wetfoods\/royal-canin-digestive-care-for-cats\/\"]}]},{\"@type\":\"ImageObject\",\"inLanguage\":\"az\",\"@id\":\"https:\/\/zoo-land.az\/shop\/cat\/cat-wetfoods\/royal-canin-digestive-care-for-cats\/#primaryimage\",\"url\":\"https:\/\/zoo-land.az\/wp-content\/uploads\/2024\/05\/fcn22-digestive-care-gravy-packshot-pouch-b1.png\",\"contentUrl\":\"https:\/\/zoo-land.az\/wp-content\/uploads\/2024\/05\/fcn22-digestive-care-gravy-packshot-pouch-b1.png\",\"width\":1980,\"height\":1980},{\"@type\":\"BreadcrumbList\",\"@id\":\"https:\/\/zoo-land.az\/shop\/cat\/cat-wetfoods\/royal-canin-digestive-care-for-cats\/#breadcrumb\",\"itemListElement\":[{\"@type\":\"ListItem\",\"position\":1,\"name\":\"Home\",\"item\":\"https:\/\/zoo-land.az\/ru\/\"},{\"@type\":\"ListItem\",\"position\":2,\"name\":\"Shop\",\"item\":\"https:\/\/zoo-land.az\/ru\/\"},{\"@type\":\"ListItem\",\"position\":3,\"name\":\"Royal Canin Digestive Care for Cats 85 g\"}]},{\"@type\":\"WebSite\",\"@id\":\"https:\/\/zoo-land.az\/#website\",\"url\":\"https:\/\/zoo-land.az\/\",\"name\":\"Zooland.az\",\"description\":\"Xo\u015fb\u0259xt ev heyvanlar\u0131n\u0131n \u00fcnvan\u0131 Zooland.az\",\"publisher\":{\"@id\":\"https:\/\/zoo-land.az\/#organization\"},\"potentialAction\":[{\"@type\":\"SearchAction\",\"target\":{\"@type\":\"EntryPoint\",\"urlTemplate\":\"https:\/\/zoo-land.az\/?s={search_term_string}\"},\"query-input\":{\"@type\":\"PropertyValueSpecification\",\"valueRequired\":true,\"valueName\":\"search_term_string\"}}],\"inLanguage\":\"az\"},{\"@type\":\"Organization\",\"@id\":\"https:\/\/zoo-land.az\/#organization\",\"name\":\"Zooland.az\",\"url\":\"https:\/\/zoo-land.az\/\",\"logo\":{\"@type\":\"ImageObject\",\"inLanguage\":\"az\",\"@id\":\"https:\/\/zoo-land.az\/#\/schema\/logo\/image\/\",\"url\":\"https:\/\/zoo-land.az\/wp-content\/uploads\/2022\/05\/logo.svg\",\"contentUrl\":\"https:\/\/zoo-land.az\/wp-content\/uploads\/2022\/05\/logo.svg\",\"width\":113,\"height\":46,\"caption\":\"Zooland.az\"},\"image\":{\"@id\":\"https:\/\/zoo-land.az\/#\/schema\/logo\/image\/\"}}]}<\/script>\n<!-- \/ Yoast SEO plugin. -->","yoast_head_json":{"title":"Royal Canin Digestive Care for Cats 85 g - Zooland.az","robots":{"index":"index","follow":"follow","max-snippet":"max-snippet:-1","max-image-preview":"max-image-preview:large","max-video-preview":"max-video-preview:-1"},"canonical":"https:\/\/zoo-land.az\/az\/shop\/cat\/cat-wetfoods\/royal-canin-digestive-care-for-cats\/","og_locale":"az_AZ","og_type":"article","og_title":"Royal Canin Digestive Care for Cats 85 g - Zooland.az","og_description":"Chunks in sauce for improved digestion in adult indoor cats over 1 year old.  Indoor cats have low physical activity and a sedentary lifestyle, which can lead to digestive problems. The digestive tract of a cat is home to more than 500 types of bacteria in a balanced coexistence. When digestion is disturbed, this balance can be disrupted, leading to undesirable effects: gas buildup and foul-smelling loose stools. Cats with sensitive digestion need a diet containing easily digestible proteins and that helps maintain an ideal weight.","og_url":"https:\/\/zoo-land.az\/az\/shop\/cat\/cat-wetfoods\/royal-canin-digestive-care-for-cats\/","og_site_name":"Zooland.az","article_modified_time":"2024-05-30T17:13:19+00:00","og_image":[{"width":1980,"height":1980,"url":"https:\/\/zoo-land.az\/wp-content\/uploads\/2024\/05\/fcn22-digestive-care-gravy-packshot-pouch-b1.png","type":"image\/png"}],"twitter_card":"summary_large_image","twitter_misc":{"Est. reading time":"1 minute"},"schema":{"@context":"https:\/\/schema.org","@graph":[{"@type":"WebPage","@id":"https:\/\/zoo-land.az\/shop\/cat\/cat-wetfoods\/royal-canin-digestive-care-for-cats\/","url":"https:\/\/zoo-land.az\/shop\/cat\/cat-wetfoods\/royal-canin-digestive-care-for-cats\/","name":"Royal Canin Digestive Care for Cats 85 g - Zooland.az","isPartOf":{"@id":"https:\/\/zoo-land.az\/#website"},"primaryImageOfPage":{"@id":"https:\/\/zoo-land.az\/shop\/cat\/cat-wetfoods\/royal-canin-digestive-care-for-cats\/#primaryimage"},"image":{"@id":"https:\/\/zoo-land.az\/shop\/cat\/cat-wetfoods\/royal-canin-digestive-care-for-cats\/#primaryimage"},"thumbnailUrl":"https:\/\/zoo-land.az\/wp-content\/uploads\/2024\/05\/fcn22-digestive-care-gravy-packshot-pouch-b1.png","datePublished":"2024-05-30T07:20:48+00:00","dateModified":"2024-05-30T17:13:19+00:00","breadcrumb":{"@id":"https:\/\/zoo-land.az\/shop\/cat\/cat-wetfoods\/royal-canin-digestive-care-for-cats\/#breadcrumb"},"inLanguage":"az","potentialAction":[{"@type":"ReadAction","target":["https:\/\/zoo-land.az\/shop\/cat\/cat-wetfoods\/royal-canin-digestive-care-for-cats\/"]}]},{"@type":"ImageObject","inLanguage":"az","@id":"https:\/\/zoo-land.az\/shop\/cat\/cat-wetfoods\/royal-canin-digestive-care-for-cats\/#primaryimage","url":"https:\/\/zoo-land.az\/wp-content\/uploads\/2024\/05\/fcn22-digestive-care-gravy-packshot-pouch-b1.png","contentUrl":"https:\/\/zoo-land.az\/wp-content\/uploads\/2024\/05\/fcn22-digestive-care-gravy-packshot-pouch-b1.png","width":1980,"height":1980},{"@type":"BreadcrumbList","@id":"https:\/\/zoo-land.az\/shop\/cat\/cat-wetfoods\/royal-canin-digestive-care-for-cats\/#breadcrumb","itemListElement":[{"@type":"ListItem","position":1,"name":"Home","item":"https:\/\/zoo-land.az\/ru\/"},{"@type":"ListItem","position":2,"name":"Shop","item":"https:\/\/zoo-land.az\/ru\/"},{"@type":"ListItem","position":3,"name":"Royal Canin Digestive Care for Cats 85 g"}]},{"@type":"WebSite","@id":"https:\/\/zoo-land.az\/#website","url":"https:\/\/zoo-land.az\/","name":"Zooland.az","description":"Xo\u015fb\u0259xt ev heyvanlar\u0131n\u0131n \u00fcnvan\u0131 Zooland.az","publisher":{"@id":"https:\/\/zoo-land.az\/#organization"},"potentialAction":[{"@type":"SearchAction","target":{"@type":"EntryPoint","urlTemplate":"https:\/\/zoo-land.az\/?s={search_term_string}"},"query-input":{"@type":"PropertyValueSpecification","valueRequired":true,"valueName":"search_term_string"}}],"inLanguage":"az"},{"@type":"Organization","@id":"https:\/\/zoo-land.az\/#organization","name":"Zooland.az","url":"https:\/\/zoo-land.az\/","logo":{"@type":"ImageObject","inLanguage":"az","@id":"https:\/\/zoo-land.az\/#\/schema\/logo\/image\/","url":"https:\/\/zoo-land.az\/wp-content\/uploads\/2022\/05\/logo.svg","contentUrl":"https:\/\/zoo-land.az\/wp-content\/uploads\/2022\/05\/logo.svg","width":113,"height":46,"caption":"Zooland.az"},"image":{"@id":"https:\/\/zoo-land.az\/#\/schema\/logo\/image\/"}}]}},"_links":{"self":[{"href":"https:\/\/zoo-land.az\/az\/wp-json\/wp\/v2\/product\/21938","targetHints":{"allow":["GET"]}}],"collection":[{"href":"https:\/\/zoo-land.az\/az\/wp-json\/wp\/v2\/product"}],"about":[{"href":"https:\/\/zoo-land.az\/az\/wp-json\/wp\/v2\/types\/product"}],"wp:featuredmedia":[{"embeddable":true,"href":"https:\/\/zoo-land.az\/az\/wp-json\/wp\/v2\/media\/22019"}],"wp:attachment":[{"href":"https:\/\/zoo-land.az\/az\/wp-json\/wp\/v2\/media?parent=21938"}],"wp:term":[{"taxonomy":"product_cat","embeddable":true,"href":"https:\/\/zoo-land.az\/az\/wp-json\/wp\/v2\/product_cat?post=21938"},{"taxonomy":"product_tag","embeddable":true,"href":"https:\/\/zoo-land.az\/az\/wp-json\/wp\/v2\/product_tag?post=21938"}],"curies":[{"name":"wp","href":"https:\/\/api.w.org\/{rel}","templated":true}]}}