{"id":21946,"date":"2024-05-30T07:41:02","date_gmt":"2024-05-30T07:41:02","guid":{"rendered":"https:\/\/lightsteelblue-zebra-299715.hostingersite.com\/?post_type=product&#038;p=21946"},"modified":"2024-05-30T17:04:21","modified_gmt":"2024-05-30T17:04:21","slug":"royal-canin-kitten-mousse-mother-babycat-195-g","status":"publish","type":"product","link":"https:\/\/zoo-land.az\/az\/shop\/cat\/cat-wetfoods\/royal-canin-kitten-mousse-mother-babycat-195-g\/","title":{"rendered":"Royal Canin Kitten Mousse Ana v\u0259 Pi\u015fik 195 q"},"content":{"rendered":"<p>Royal Canin Babycat Instinctive is a complete food for kittens from 4 weeks to 4 months of age. The food is packaged in small 195 g jars and has the form of a light mousse. Such nutrition is perfect for young kittens during the teething period or when they are being weaned from their mother.<\/p>\n<p><strong>Features:<\/strong><\/p>\n<ul>\n<li>Facilitates the weaning of the kitten from the mother and transition to solid food, making it ideal as a first solid food or during abrupt weaning from maternal milk.<\/li>\n<li>The soft food is excellent for kittens during teething, causing no difficulties in chewing.<\/li>\n<li>Suitable for lactating cats, enriches maternal milk with beneficial components, improving the overall condition of the nursing mother.<\/li>\n<\/ul>\n<p><strong>T\u0259rkibi:<\/strong> water sufficient for processing, chicken, chicken liver, meat by-products, cellulose, wheat gluten, rice flour, corn starch, natural flavors, fish oil, calcium caseinate, mannooligosaccharides, tetrapotassium pyrophosphate, calcium carbonate, carrageenan, fructooligosaccharides, guar gum, taurine, sodium tripolyphosphate, vitamins (DL-alpha-tocopherol acetate (source of vitamin E), L-ascorbyl-2-polyphosphates (source of vitamin C), thiamine mononitrate (vitamin B1), niacin supplement, biotin, calcium D-pantothenate, riboflavin supplement (vitamin B2), pyridoxine hydrochloride (vitamin B6), vitamin B12, folic acid, vitamin D3), choline chloride, magnesium oxide, trace minerals (zinc proteinate, zinc oxide, ferrous sulfate, copper sulfate, manganese oxide, sodium selenite, calcium iodate), velvet flower extract (Erecta L), L-carnitine.<\/p>","protected":false},"excerpt":{"rendered":"<p>Royal Canin Babycat Instinctive is a complete food for kittens from 4 weeks to 4 months of age. The food is packaged in small 195 g jars and has the form of a light mousse. Such nutrition is perfect for young kittens during the teething period or when they are being weaned from their mother.<\/p>","protected":false},"featured_media":21948,"template":"","meta":{"inline_featured_image":false,"_joinchat":[]},"product_cat":[188,190],"product_tag":[],"class_list":{"0":"post-21946","1":"product","2":"type-product","3":"status-publish","4":"has-post-thumbnail","6":"product_brand-royal-canin","7":"product_cat-cat","8":"product_cat-cat-wetfoods","10":"first","11":"instock","12":"shipping-taxable","13":"purchasable","14":"product-type-simple"},"yoast_head":"<!-- This site is optimized with the Yoast SEO plugin v27.4 - https:\/\/yoast.com\/product\/yoast-seo-wordpress\/ -->\n<title>Royal Canin Kitten Mousse Mother &amp; Babycat 195 g - Zooland.az<\/title>\n<meta name=\"robots\" content=\"index, follow, max-snippet:-1, max-image-preview:large, max-video-preview:-1\" \/>\n<link rel=\"canonical\" href=\"https:\/\/zoo-land.az\/az\/shop\/cat\/cat-wetfoods\/royal-canin-kitten-mousse-mother-babycat-195-g\/\" \/>\n<meta property=\"og:locale\" content=\"az_AZ\" \/>\n<meta property=\"og:type\" content=\"article\" \/>\n<meta property=\"og:title\" content=\"Royal Canin Kitten Mousse Mother &amp; Babycat 195 g - Zooland.az\" \/>\n<meta property=\"og:description\" content=\"Royal Canin Babycat Instinctive is a complete food for kittens from 4 weeks to 4 months of age. The food is packaged in small 195 g jars and has the form of a light mousse. Such nutrition is perfect for young kittens during the teething period or when they are being weaned from their mother.\" \/>\n<meta property=\"og:url\" content=\"https:\/\/zoo-land.az\/az\/shop\/cat\/cat-wetfoods\/royal-canin-kitten-mousse-mother-babycat-195-g\/\" \/>\n<meta property=\"og:site_name\" content=\"Zooland.az\" \/>\n<meta property=\"article:modified_time\" content=\"2024-05-30T17:04:21+00:00\" \/>\n<meta property=\"og:image\" content=\"https:\/\/zoo-land.az\/wp-content\/uploads\/2024\/05\/vlazhnyj-korm-royal-canin-babycat-instinctive-muss-s-rozhdeniya-do-4-mesyacev-0195-kg.jpg\" \/>\n\t<meta property=\"og:image:width\" content=\"800\" \/>\n\t<meta property=\"og:image:height\" content=\"800\" \/>\n\t<meta property=\"og:image:type\" content=\"image\/jpeg\" \/>\n<meta name=\"twitter:card\" content=\"summary_large_image\" \/>\n<meta name=\"twitter:label1\" content=\"Est. reading time\" \/>\n\t<meta name=\"twitter:data1\" content=\"1 minute\" \/>\n<script type=\"application\/ld+json\" class=\"yoast-schema-graph\">{\"@context\":\"https:\\\/\\\/schema.org\",\"@graph\":[{\"@type\":\"WebPage\",\"@id\":\"https:\\\/\\\/zoo-land.az\\\/az\\\/shop\\\/cat\\\/cat-wetfoods\\\/royal-canin-kitten-mousse-mother-babycat-195-g\\\/\",\"url\":\"https:\\\/\\\/zoo-land.az\\\/az\\\/shop\\\/cat\\\/cat-wetfoods\\\/royal-canin-kitten-mousse-mother-babycat-195-g\\\/\",\"name\":\"Royal Canin Kitten Mousse Mother & Babycat 195 g - Zooland.az\",\"isPartOf\":{\"@id\":\"https:\\\/\\\/zoo-land.az\\\/#website\"},\"primaryImageOfPage\":{\"@id\":\"https:\\\/\\\/zoo-land.az\\\/az\\\/shop\\\/cat\\\/cat-wetfoods\\\/royal-canin-kitten-mousse-mother-babycat-195-g\\\/#primaryimage\"},\"image\":{\"@id\":\"https:\\\/\\\/zoo-land.az\\\/az\\\/shop\\\/cat\\\/cat-wetfoods\\\/royal-canin-kitten-mousse-mother-babycat-195-g\\\/#primaryimage\"},\"thumbnailUrl\":\"https:\\\/\\\/zoo-land.az\\\/wp-content\\\/uploads\\\/2024\\\/05\\\/vlazhnyj-korm-royal-canin-babycat-instinctive-muss-s-rozhdeniya-do-4-mesyacev-0195-kg.jpg\",\"datePublished\":\"2024-05-30T07:41:02+00:00\",\"dateModified\":\"2024-05-30T17:04:21+00:00\",\"breadcrumb\":{\"@id\":\"https:\\\/\\\/zoo-land.az\\\/az\\\/shop\\\/cat\\\/cat-wetfoods\\\/royal-canin-kitten-mousse-mother-babycat-195-g\\\/#breadcrumb\"},\"inLanguage\":\"az\",\"potentialAction\":[{\"@type\":\"ReadAction\",\"target\":[\"https:\\\/\\\/zoo-land.az\\\/az\\\/shop\\\/cat\\\/cat-wetfoods\\\/royal-canin-kitten-mousse-mother-babycat-195-g\\\/\"]}]},{\"@type\":\"ImageObject\",\"inLanguage\":\"az\",\"@id\":\"https:\\\/\\\/zoo-land.az\\\/az\\\/shop\\\/cat\\\/cat-wetfoods\\\/royal-canin-kitten-mousse-mother-babycat-195-g\\\/#primaryimage\",\"url\":\"https:\\\/\\\/zoo-land.az\\\/wp-content\\\/uploads\\\/2024\\\/05\\\/vlazhnyj-korm-royal-canin-babycat-instinctive-muss-s-rozhdeniya-do-4-mesyacev-0195-kg.jpg\",\"contentUrl\":\"https:\\\/\\\/zoo-land.az\\\/wp-content\\\/uploads\\\/2024\\\/05\\\/vlazhnyj-korm-royal-canin-babycat-instinctive-muss-s-rozhdeniya-do-4-mesyacev-0195-kg.jpg\",\"width\":800,\"height\":800},{\"@type\":\"BreadcrumbList\",\"@id\":\"https:\\\/\\\/zoo-land.az\\\/az\\\/shop\\\/cat\\\/cat-wetfoods\\\/royal-canin-kitten-mousse-mother-babycat-195-g\\\/#breadcrumb\",\"itemListElement\":[{\"@type\":\"ListItem\",\"position\":1,\"name\":\"Home\",\"item\":\"https:\\\/\\\/zoo-land.az\\\/ru\\\/\"},{\"@type\":\"ListItem\",\"position\":2,\"name\":\"Shop\",\"item\":\"https:\\\/\\\/zoo-land.az\\\/ru\\\/\"},{\"@type\":\"ListItem\",\"position\":3,\"name\":\"Royal Canin Kitten Mousse Mother &#038; Babycat 195 g\"}]},{\"@type\":\"WebSite\",\"@id\":\"https:\\\/\\\/zoo-land.az\\\/#website\",\"url\":\"https:\\\/\\\/zoo-land.az\\\/\",\"name\":\"Zooland.az\",\"description\":\"Xo\u015fb\u0259xt ev heyvanlar\u0131n\u0131n \u00fcnvan\u0131 Zooland.az\",\"publisher\":{\"@id\":\"https:\\\/\\\/zoo-land.az\\\/#organization\"},\"potentialAction\":[{\"@type\":\"SearchAction\",\"target\":{\"@type\":\"EntryPoint\",\"urlTemplate\":\"https:\\\/\\\/zoo-land.az\\\/?s={search_term_string}\"},\"query-input\":{\"@type\":\"PropertyValueSpecification\",\"valueRequired\":true,\"valueName\":\"search_term_string\"}}],\"inLanguage\":\"az\"},{\"@type\":\"Organization\",\"@id\":\"https:\\\/\\\/zoo-land.az\\\/#organization\",\"name\":\"Zooland.az\",\"url\":\"https:\\\/\\\/zoo-land.az\\\/\",\"logo\":{\"@type\":\"ImageObject\",\"inLanguage\":\"az\",\"@id\":\"https:\\\/\\\/zoo-land.az\\\/#\\\/schema\\\/logo\\\/image\\\/\",\"url\":\"https:\\\/\\\/zoo-land.az\\\/wp-content\\\/uploads\\\/2022\\\/05\\\/logo.svg\",\"contentUrl\":\"https:\\\/\\\/zoo-land.az\\\/wp-content\\\/uploads\\\/2022\\\/05\\\/logo.svg\",\"width\":113,\"height\":46,\"caption\":\"Zooland.az\"},\"image\":{\"@id\":\"https:\\\/\\\/zoo-land.az\\\/#\\\/schema\\\/logo\\\/image\\\/\"}}]}<\/script>\n<!-- \/ Yoast SEO plugin. -->","yoast_head_json":{"title":"Royal Canin Kitten Mousse Mother & Babycat 195 g - Zooland.az","robots":{"index":"index","follow":"follow","max-snippet":"max-snippet:-1","max-image-preview":"max-image-preview:large","max-video-preview":"max-video-preview:-1"},"canonical":"https:\/\/zoo-land.az\/az\/shop\/cat\/cat-wetfoods\/royal-canin-kitten-mousse-mother-babycat-195-g\/","og_locale":"az_AZ","og_type":"article","og_title":"Royal Canin Kitten Mousse Mother & Babycat 195 g - Zooland.az","og_description":"Royal Canin Babycat Instinctive is a complete food for kittens from 4 weeks to 4 months of age. The food is packaged in small 195 g jars and has the form of a light mousse. Such nutrition is perfect for young kittens during the teething period or when they are being weaned from their mother.","og_url":"https:\/\/zoo-land.az\/az\/shop\/cat\/cat-wetfoods\/royal-canin-kitten-mousse-mother-babycat-195-g\/","og_site_name":"Zooland.az","article_modified_time":"2024-05-30T17:04:21+00:00","og_image":[{"width":800,"height":800,"url":"https:\/\/zoo-land.az\/wp-content\/uploads\/2024\/05\/vlazhnyj-korm-royal-canin-babycat-instinctive-muss-s-rozhdeniya-do-4-mesyacev-0195-kg.jpg","type":"image\/jpeg"}],"twitter_card":"summary_large_image","twitter_misc":{"Est. reading time":"1 minute"},"schema":{"@context":"https:\/\/schema.org","@graph":[{"@type":"WebPage","@id":"https:\/\/zoo-land.az\/az\/shop\/cat\/cat-wetfoods\/royal-canin-kitten-mousse-mother-babycat-195-g\/","url":"https:\/\/zoo-land.az\/az\/shop\/cat\/cat-wetfoods\/royal-canin-kitten-mousse-mother-babycat-195-g\/","name":"Royal Canin Kitten Mousse Mother & Babycat 195 g - Zooland.az","isPartOf":{"@id":"https:\/\/zoo-land.az\/#website"},"primaryImageOfPage":{"@id":"https:\/\/zoo-land.az\/az\/shop\/cat\/cat-wetfoods\/royal-canin-kitten-mousse-mother-babycat-195-g\/#primaryimage"},"image":{"@id":"https:\/\/zoo-land.az\/az\/shop\/cat\/cat-wetfoods\/royal-canin-kitten-mousse-mother-babycat-195-g\/#primaryimage"},"thumbnailUrl":"https:\/\/zoo-land.az\/wp-content\/uploads\/2024\/05\/vlazhnyj-korm-royal-canin-babycat-instinctive-muss-s-rozhdeniya-do-4-mesyacev-0195-kg.jpg","datePublished":"2024-05-30T07:41:02+00:00","dateModified":"2024-05-30T17:04:21+00:00","breadcrumb":{"@id":"https:\/\/zoo-land.az\/az\/shop\/cat\/cat-wetfoods\/royal-canin-kitten-mousse-mother-babycat-195-g\/#breadcrumb"},"inLanguage":"az","potentialAction":[{"@type":"ReadAction","target":["https:\/\/zoo-land.az\/az\/shop\/cat\/cat-wetfoods\/royal-canin-kitten-mousse-mother-babycat-195-g\/"]}]},{"@type":"ImageObject","inLanguage":"az","@id":"https:\/\/zoo-land.az\/az\/shop\/cat\/cat-wetfoods\/royal-canin-kitten-mousse-mother-babycat-195-g\/#primaryimage","url":"https:\/\/zoo-land.az\/wp-content\/uploads\/2024\/05\/vlazhnyj-korm-royal-canin-babycat-instinctive-muss-s-rozhdeniya-do-4-mesyacev-0195-kg.jpg","contentUrl":"https:\/\/zoo-land.az\/wp-content\/uploads\/2024\/05\/vlazhnyj-korm-royal-canin-babycat-instinctive-muss-s-rozhdeniya-do-4-mesyacev-0195-kg.jpg","width":800,"height":800},{"@type":"BreadcrumbList","@id":"https:\/\/zoo-land.az\/az\/shop\/cat\/cat-wetfoods\/royal-canin-kitten-mousse-mother-babycat-195-g\/#breadcrumb","itemListElement":[{"@type":"ListItem","position":1,"name":"Home","item":"https:\/\/zoo-land.az\/ru\/"},{"@type":"ListItem","position":2,"name":"Shop","item":"https:\/\/zoo-land.az\/ru\/"},{"@type":"ListItem","position":3,"name":"Royal Canin Kitten Mousse Mother &#038; Babycat 195 g"}]},{"@type":"WebSite","@id":"https:\/\/zoo-land.az\/#website","url":"https:\/\/zoo-land.az\/","name":"Zooland.az","description":"Xo\u015fb\u0259xt ev heyvanlar\u0131n\u0131n \u00fcnvan\u0131 Zooland.az","publisher":{"@id":"https:\/\/zoo-land.az\/#organization"},"potentialAction":[{"@type":"SearchAction","target":{"@type":"EntryPoint","urlTemplate":"https:\/\/zoo-land.az\/?s={search_term_string}"},"query-input":{"@type":"PropertyValueSpecification","valueRequired":true,"valueName":"search_term_string"}}],"inLanguage":"az"},{"@type":"Organization","@id":"https:\/\/zoo-land.az\/#organization","name":"Zooland.az","url":"https:\/\/zoo-land.az\/","logo":{"@type":"ImageObject","inLanguage":"az","@id":"https:\/\/zoo-land.az\/#\/schema\/logo\/image\/","url":"https:\/\/zoo-land.az\/wp-content\/uploads\/2022\/05\/logo.svg","contentUrl":"https:\/\/zoo-land.az\/wp-content\/uploads\/2022\/05\/logo.svg","width":113,"height":46,"caption":"Zooland.az"},"image":{"@id":"https:\/\/zoo-land.az\/#\/schema\/logo\/image\/"}}]}},"_links":{"self":[{"href":"https:\/\/zoo-land.az\/az\/wp-json\/wp\/v2\/product\/21946","targetHints":{"allow":["GET"]}}],"collection":[{"href":"https:\/\/zoo-land.az\/az\/wp-json\/wp\/v2\/product"}],"about":[{"href":"https:\/\/zoo-land.az\/az\/wp-json\/wp\/v2\/types\/product"}],"wp:featuredmedia":[{"embeddable":true,"href":"https:\/\/zoo-land.az\/az\/wp-json\/wp\/v2\/media\/21948"}],"wp:attachment":[{"href":"https:\/\/zoo-land.az\/az\/wp-json\/wp\/v2\/media?parent=21946"}],"wp:term":[{"taxonomy":"product_cat","embeddable":true,"href":"https:\/\/zoo-land.az\/az\/wp-json\/wp\/v2\/product_cat?post=21946"},{"taxonomy":"product_tag","embeddable":true,"href":"https:\/\/zoo-land.az\/az\/wp-json\/wp\/v2\/product_tag?post=21946"}],"curies":[{"name":"wp","href":"https:\/\/api.w.org\/{rel}","templated":true}]}}