{"id":21962,"date":"2024-05-30T09:34:01","date_gmt":"2024-05-30T09:34:01","guid":{"rendered":"https:\/\/lightsteelblue-zebra-299715.hostingersite.com\/?post_type=product&#038;p=21962"},"modified":"2024-05-30T17:09:06","modified_gmt":"2024-05-30T17:09:06","slug":"royal-canin-renal-beef-wet-food-85-%d0%b3","status":"publish","type":"product","link":"https:\/\/zoo-land.az\/az\/shop\/cat\/cat-wetfoods\/royal-canin-renal-beef-wet-food-85-%d0%b3\/","title":{"rendered":"Royal Canin Renal mal \u0259ti ya\u015f qida 85 q"},"content":{"rendered":"<p>Royal Canin Renal With Beef is a canned dietary food formulated for cats with chronic renal insufficiency.<\/p>\n<p>Veterinary diets, including Royal Canin Renal With Beef, are designed for use under the supervision of a veterinarian. Royal Canin recommends consulting a veterinarian before starting or continuing the use of a veterinary diet.<\/p>\n<p><strong>Indications:<\/strong><\/p>\n<ul>\n<li>Chronic renal insufficiency<\/li>\n<li>Treating recurrences of urolithiasis in cats with formation of calcium oxalate stones and impaired renal function<\/li>\n<li>Prevention of recurrences of urolithiasis with formation of urate and cystine stones by alkalizing urine<\/li>\n<\/ul>\n<p><strong>Contraindications:<\/strong><\/p>\n<ul>\n<li>Pregnancy, lactation, growth<\/li>\n<\/ul>\n<p><strong>Duration of use:<\/strong><\/p>\n<ul>\n<li>The minimum duration of dietary therapy is 6 months. After this period, a repeat comprehensive examination is required. If 3\/4 of the kidney nephrons are damaged, the disease becomes irreversible, and dietary therapy is prescribed for the cat&#8217;s entire life.<\/li>\n<\/ul>\n<p><strong>Dietetic treatment for CRF:<\/strong><\/p>\n<ul>\n<li>The formula of the products is specially designed to maintain renal function in CRF. The products have a low phosphorus content, contain a complex of antioxidants, and fatty acids EPA and DHA.<\/li>\n<\/ul>\n<p><strong>Reducing the burden on the kidneys:<\/strong><\/p>\n<ul>\n<li>Kidney dysfunction can lead to uremic crisis and renal proteinuria. High quality and adapted protein content help reduce kidney workload.<\/li>\n<\/ul>\n<p><strong>Restoration of metabolic balance:<\/strong><\/p>\n<ul>\n<li>CRF can lead to metabolic acidosis, so the products contain alkalinizing substances.<\/li>\n<\/ul>\n<p><strong>Taste attractiveness:<\/strong><\/p>\n<ul>\n<li>Specially designed aromatic profile helps satisfy the cat&#8217;s special taste preferences.<\/li>\n<\/ul>","protected":false},"excerpt":{"rendered":"<p>Royal Canin Renal With Beef is a canned dietary food formulated for cats with chronic renal insufficiency.<\/p>\n<p>Veterinary diets, including Royal Canin Renal With Beef, are designed for use under the supervision of a veterinarian. Royal Canin recommends consulting a veterinarian before starting or continuing the use of a veterinary diet.<\/p>","protected":false},"featured_media":21964,"template":"","meta":{"inline_featured_image":false,"_joinchat":[]},"product_cat":[188,190],"product_tag":[],"class_list":{"0":"post-21962","1":"product","2":"type-product","3":"status-publish","4":"has-post-thumbnail","6":"product_brand-royal-canin","7":"product_cat-cat","8":"product_cat-cat-wetfoods","10":"first","11":"instock","12":"shipping-taxable","13":"purchasable","14":"product-type-simple"},"yoast_head":"<!-- This site is optimized with the Yoast SEO plugin v26.7 - https:\/\/yoast.com\/wordpress\/plugins\/seo\/ -->\n<title>Royal Canin Renal Beef Wet food 85 \u0433 - Zooland.az<\/title>\n<meta name=\"robots\" content=\"index, follow, max-snippet:-1, max-image-preview:large, max-video-preview:-1\" \/>\n<link rel=\"canonical\" href=\"https:\/\/zoo-land.az\/az\/shop\/cat\/cat-wetfoods\/royal-canin-renal-beef-wet-food-85-\u0433\/\" \/>\n<meta property=\"og:locale\" content=\"az_AZ\" \/>\n<meta property=\"og:type\" content=\"article\" \/>\n<meta property=\"og:title\" content=\"Royal Canin Renal Beef Wet food 85 \u0433 - Zooland.az\" \/>\n<meta property=\"og:description\" content=\"Royal Canin Renal With Beef is a canned dietary food formulated for cats with chronic renal insufficiency.  Veterinary diets, including Royal Canin Renal With Beef, are designed for use under the supervision of a veterinarian. Royal Canin recommends consulting a veterinarian before starting or continuing the use of a veterinary diet.\" \/>\n<meta property=\"og:url\" content=\"https:\/\/zoo-land.az\/az\/shop\/cat\/cat-wetfoods\/royal-canin-renal-beef-wet-food-85-\u0433\/\" \/>\n<meta property=\"og:site_name\" content=\"Zooland.az\" \/>\n<meta property=\"article:modified_time\" content=\"2024-05-30T17:09:06+00:00\" \/>\n<meta property=\"og:image\" content=\"https:\/\/zoo-land.az\/wp-content\/uploads\/2024\/05\/96773676111408.jpg\" \/>\n\t<meta property=\"og:image:width\" content=\"335\" \/>\n\t<meta property=\"og:image:height\" content=\"480\" \/>\n\t<meta property=\"og:image:type\" content=\"image\/jpeg\" \/>\n<meta name=\"twitter:card\" content=\"summary_large_image\" \/>\n<meta name=\"twitter:label1\" content=\"Est. reading time\" \/>\n\t<meta name=\"twitter:data1\" content=\"1 minute\" \/>\n<script type=\"application\/ld+json\" class=\"yoast-schema-graph\">{\"@context\":\"https:\/\/schema.org\",\"@graph\":[{\"@type\":\"WebPage\",\"@id\":\"https:\/\/zoo-land.az\/shop\/cat\/cat-wetfoods\/royal-canin-renal-beef-wet-food-85-%d0%b3\/\",\"url\":\"https:\/\/zoo-land.az\/shop\/cat\/cat-wetfoods\/royal-canin-renal-beef-wet-food-85-%d0%b3\/\",\"name\":\"Royal Canin Renal Beef Wet food 85 \u0433 - Zooland.az\",\"isPartOf\":{\"@id\":\"https:\/\/zoo-land.az\/#website\"},\"primaryImageOfPage\":{\"@id\":\"https:\/\/zoo-land.az\/shop\/cat\/cat-wetfoods\/royal-canin-renal-beef-wet-food-85-%d0%b3\/#primaryimage\"},\"image\":{\"@id\":\"https:\/\/zoo-land.az\/shop\/cat\/cat-wetfoods\/royal-canin-renal-beef-wet-food-85-%d0%b3\/#primaryimage\"},\"thumbnailUrl\":\"https:\/\/zoo-land.az\/wp-content\/uploads\/2024\/05\/96773676111408.jpg\",\"datePublished\":\"2024-05-30T09:34:01+00:00\",\"dateModified\":\"2024-05-30T17:09:06+00:00\",\"breadcrumb\":{\"@id\":\"https:\/\/zoo-land.az\/shop\/cat\/cat-wetfoods\/royal-canin-renal-beef-wet-food-85-%d0%b3\/#breadcrumb\"},\"inLanguage\":\"az\",\"potentialAction\":[{\"@type\":\"ReadAction\",\"target\":[\"https:\/\/zoo-land.az\/shop\/cat\/cat-wetfoods\/royal-canin-renal-beef-wet-food-85-%d0%b3\/\"]}]},{\"@type\":\"ImageObject\",\"inLanguage\":\"az\",\"@id\":\"https:\/\/zoo-land.az\/shop\/cat\/cat-wetfoods\/royal-canin-renal-beef-wet-food-85-%d0%b3\/#primaryimage\",\"url\":\"https:\/\/zoo-land.az\/wp-content\/uploads\/2024\/05\/96773676111408.jpg\",\"contentUrl\":\"https:\/\/zoo-land.az\/wp-content\/uploads\/2024\/05\/96773676111408.jpg\",\"width\":335,\"height\":480},{\"@type\":\"BreadcrumbList\",\"@id\":\"https:\/\/zoo-land.az\/shop\/cat\/cat-wetfoods\/royal-canin-renal-beef-wet-food-85-%d0%b3\/#breadcrumb\",\"itemListElement\":[{\"@type\":\"ListItem\",\"position\":1,\"name\":\"Home\",\"item\":\"https:\/\/zoo-land.az\/ru\/\"},{\"@type\":\"ListItem\",\"position\":2,\"name\":\"Shop\",\"item\":\"https:\/\/zoo-land.az\/ru\/\"},{\"@type\":\"ListItem\",\"position\":3,\"name\":\"Royal Canin Renal Beef Wet food 85 \u0433\"}]},{\"@type\":\"WebSite\",\"@id\":\"https:\/\/zoo-land.az\/#website\",\"url\":\"https:\/\/zoo-land.az\/\",\"name\":\"Zooland.az\",\"description\":\"Xo\u015fb\u0259xt ev heyvanlar\u0131n\u0131n \u00fcnvan\u0131 Zooland.az\",\"publisher\":{\"@id\":\"https:\/\/zoo-land.az\/#organization\"},\"potentialAction\":[{\"@type\":\"SearchAction\",\"target\":{\"@type\":\"EntryPoint\",\"urlTemplate\":\"https:\/\/zoo-land.az\/?s={search_term_string}\"},\"query-input\":{\"@type\":\"PropertyValueSpecification\",\"valueRequired\":true,\"valueName\":\"search_term_string\"}}],\"inLanguage\":\"az\"},{\"@type\":\"Organization\",\"@id\":\"https:\/\/zoo-land.az\/#organization\",\"name\":\"Zooland.az\",\"url\":\"https:\/\/zoo-land.az\/\",\"logo\":{\"@type\":\"ImageObject\",\"inLanguage\":\"az\",\"@id\":\"https:\/\/zoo-land.az\/#\/schema\/logo\/image\/\",\"url\":\"https:\/\/zoo-land.az\/wp-content\/uploads\/2022\/05\/logo.svg\",\"contentUrl\":\"https:\/\/zoo-land.az\/wp-content\/uploads\/2022\/05\/logo.svg\",\"width\":113,\"height\":46,\"caption\":\"Zooland.az\"},\"image\":{\"@id\":\"https:\/\/zoo-land.az\/#\/schema\/logo\/image\/\"}}]}<\/script>\n<!-- \/ Yoast SEO plugin. -->","yoast_head_json":{"title":"Royal Canin Renal Beef Wet food 85 \u0433 - Zooland.az","robots":{"index":"index","follow":"follow","max-snippet":"max-snippet:-1","max-image-preview":"max-image-preview:large","max-video-preview":"max-video-preview:-1"},"canonical":"https:\/\/zoo-land.az\/az\/shop\/cat\/cat-wetfoods\/royal-canin-renal-beef-wet-food-85-\u0433\/","og_locale":"az_AZ","og_type":"article","og_title":"Royal Canin Renal Beef Wet food 85 \u0433 - Zooland.az","og_description":"Royal Canin Renal With Beef is a canned dietary food formulated for cats with chronic renal insufficiency.  Veterinary diets, including Royal Canin Renal With Beef, are designed for use under the supervision of a veterinarian. Royal Canin recommends consulting a veterinarian before starting or continuing the use of a veterinary diet.","og_url":"https:\/\/zoo-land.az\/az\/shop\/cat\/cat-wetfoods\/royal-canin-renal-beef-wet-food-85-\u0433\/","og_site_name":"Zooland.az","article_modified_time":"2024-05-30T17:09:06+00:00","og_image":[{"width":335,"height":480,"url":"https:\/\/zoo-land.az\/wp-content\/uploads\/2024\/05\/96773676111408.jpg","type":"image\/jpeg"}],"twitter_card":"summary_large_image","twitter_misc":{"Est. reading time":"1 minute"},"schema":{"@context":"https:\/\/schema.org","@graph":[{"@type":"WebPage","@id":"https:\/\/zoo-land.az\/shop\/cat\/cat-wetfoods\/royal-canin-renal-beef-wet-food-85-%d0%b3\/","url":"https:\/\/zoo-land.az\/shop\/cat\/cat-wetfoods\/royal-canin-renal-beef-wet-food-85-%d0%b3\/","name":"Royal Canin Renal Beef Wet food 85 \u0433 - Zooland.az","isPartOf":{"@id":"https:\/\/zoo-land.az\/#website"},"primaryImageOfPage":{"@id":"https:\/\/zoo-land.az\/shop\/cat\/cat-wetfoods\/royal-canin-renal-beef-wet-food-85-%d0%b3\/#primaryimage"},"image":{"@id":"https:\/\/zoo-land.az\/shop\/cat\/cat-wetfoods\/royal-canin-renal-beef-wet-food-85-%d0%b3\/#primaryimage"},"thumbnailUrl":"https:\/\/zoo-land.az\/wp-content\/uploads\/2024\/05\/96773676111408.jpg","datePublished":"2024-05-30T09:34:01+00:00","dateModified":"2024-05-30T17:09:06+00:00","breadcrumb":{"@id":"https:\/\/zoo-land.az\/shop\/cat\/cat-wetfoods\/royal-canin-renal-beef-wet-food-85-%d0%b3\/#breadcrumb"},"inLanguage":"az","potentialAction":[{"@type":"ReadAction","target":["https:\/\/zoo-land.az\/shop\/cat\/cat-wetfoods\/royal-canin-renal-beef-wet-food-85-%d0%b3\/"]}]},{"@type":"ImageObject","inLanguage":"az","@id":"https:\/\/zoo-land.az\/shop\/cat\/cat-wetfoods\/royal-canin-renal-beef-wet-food-85-%d0%b3\/#primaryimage","url":"https:\/\/zoo-land.az\/wp-content\/uploads\/2024\/05\/96773676111408.jpg","contentUrl":"https:\/\/zoo-land.az\/wp-content\/uploads\/2024\/05\/96773676111408.jpg","width":335,"height":480},{"@type":"BreadcrumbList","@id":"https:\/\/zoo-land.az\/shop\/cat\/cat-wetfoods\/royal-canin-renal-beef-wet-food-85-%d0%b3\/#breadcrumb","itemListElement":[{"@type":"ListItem","position":1,"name":"Home","item":"https:\/\/zoo-land.az\/ru\/"},{"@type":"ListItem","position":2,"name":"Shop","item":"https:\/\/zoo-land.az\/ru\/"},{"@type":"ListItem","position":3,"name":"Royal Canin Renal Beef Wet food 85 \u0433"}]},{"@type":"WebSite","@id":"https:\/\/zoo-land.az\/#website","url":"https:\/\/zoo-land.az\/","name":"Zooland.az","description":"Xo\u015fb\u0259xt ev heyvanlar\u0131n\u0131n \u00fcnvan\u0131 Zooland.az","publisher":{"@id":"https:\/\/zoo-land.az\/#organization"},"potentialAction":[{"@type":"SearchAction","target":{"@type":"EntryPoint","urlTemplate":"https:\/\/zoo-land.az\/?s={search_term_string}"},"query-input":{"@type":"PropertyValueSpecification","valueRequired":true,"valueName":"search_term_string"}}],"inLanguage":"az"},{"@type":"Organization","@id":"https:\/\/zoo-land.az\/#organization","name":"Zooland.az","url":"https:\/\/zoo-land.az\/","logo":{"@type":"ImageObject","inLanguage":"az","@id":"https:\/\/zoo-land.az\/#\/schema\/logo\/image\/","url":"https:\/\/zoo-land.az\/wp-content\/uploads\/2022\/05\/logo.svg","contentUrl":"https:\/\/zoo-land.az\/wp-content\/uploads\/2022\/05\/logo.svg","width":113,"height":46,"caption":"Zooland.az"},"image":{"@id":"https:\/\/zoo-land.az\/#\/schema\/logo\/image\/"}}]}},"_links":{"self":[{"href":"https:\/\/zoo-land.az\/az\/wp-json\/wp\/v2\/product\/21962","targetHints":{"allow":["GET"]}}],"collection":[{"href":"https:\/\/zoo-land.az\/az\/wp-json\/wp\/v2\/product"}],"about":[{"href":"https:\/\/zoo-land.az\/az\/wp-json\/wp\/v2\/types\/product"}],"wp:featuredmedia":[{"embeddable":true,"href":"https:\/\/zoo-land.az\/az\/wp-json\/wp\/v2\/media\/21964"}],"wp:attachment":[{"href":"https:\/\/zoo-land.az\/az\/wp-json\/wp\/v2\/media?parent=21962"}],"wp:term":[{"taxonomy":"product_cat","embeddable":true,"href":"https:\/\/zoo-land.az\/az\/wp-json\/wp\/v2\/product_cat?post=21962"},{"taxonomy":"product_tag","embeddable":true,"href":"https:\/\/zoo-land.az\/az\/wp-json\/wp\/v2\/product_tag?post=21962"}],"curies":[{"name":"wp","href":"https:\/\/api.w.org\/{rel}","templated":true}]}}