{"id":21976,"date":"2024-05-30T11:33:43","date_gmt":"2024-05-30T11:33:43","guid":{"rendered":"https:\/\/lightsteelblue-zebra-299715.hostingersite.com\/?post_type=product&#038;p=21976"},"modified":"2024-05-30T11:33:44","modified_gmt":"2024-05-30T11:33:44","slug":"royal-canin-instinctive-jelly-wet-food-85-g","status":"publish","type":"product","link":"https:\/\/zoo-land.az\/az\/shop\/cat\/cat-wetfoods\/royal-canin-instinctive-jelly-wet-food-85-g\/","title":{"rendered":"Royal Canin Instinctive Jelly Ya\u015f qida 85 q"},"content":{"rendered":"<p>Complete wet food with fine chunks in jelly.<\/p>\n<p><strong>Instinctive Preference<\/strong><\/p>\n<p>The formula matches the macronutrient profile that adult cats instinctively prefer.<\/p>\n<p><strong>Urinary System Health<\/strong><\/p>\n<p>Helps maintain the health of the urinary system.<\/p>\n<p><strong>Weight Maintenance<\/strong><\/p>\n<p>The diet helps maintain optimal weight.<\/p>\n<p><strong>Composition<\/strong><\/p>\n<p>Meat and animal by-products, fish and fish by-products, plant protein extracts, cereals, vegetable by-products, minerals, carbohydrates.<\/p>\n<p><strong>Additives per 1 kg<\/strong><\/p>\n<p>Nutritional additives: Vitamin D3: 35 IU, E1 (iron): 3 mg, E2 (iodine): 0.35 mg, E4 (copper): 2.8 mg, E5 (manganese): 0.9 mg, E6 (zinc): 9 mg.<\/p>\n<p><strong>Analytical Constituents<\/strong><\/p>\n<p>Crude protein &#8211; 12%; crude fat &#8211; 2.8%; crude ash &#8211; 1.5%; crude fiber &#8211; 0.9%; moisture &#8211; 79.5%.<\/p>\n<p><strong>Feeding Instructions<\/strong><\/p>\n<p>Follow the recommended dosage (see table on the packaging).<\/p>\n<p>Ensure your pet always has fresh water available. Batch number and expiration date are indicated on the packaging.<\/p>\n<p>Do not use after the expiration date \u2014 the product may lose its nutritional properties.<\/p>","protected":false},"excerpt":{"rendered":"<p>Complete wet food with fine chunks in jelly.<\/p>","protected":false},"featured_media":21977,"template":"","meta":{"inline_featured_image":false,"_joinchat":[]},"product_cat":[188,190],"product_tag":[],"class_list":{"0":"post-21976","1":"product","2":"type-product","3":"status-publish","4":"has-post-thumbnail","6":"product_brand-royal-canin","7":"product_cat-cat","8":"product_cat-cat-wetfoods","10":"first","11":"instock","12":"shipping-taxable","13":"purchasable","14":"product-type-simple"},"yoast_head":"<!-- This site is optimized with the Yoast SEO plugin v26.7 - https:\/\/yoast.com\/wordpress\/plugins\/seo\/ -->\n<title>Royal Canin Instinctive Jelly Wet food 85 g - Zooland.az<\/title>\n<meta name=\"robots\" content=\"index, follow, max-snippet:-1, max-image-preview:large, max-video-preview:-1\" \/>\n<link rel=\"canonical\" href=\"https:\/\/zoo-land.az\/az\/shop\/cat\/cat-wetfoods\/royal-canin-instinctive-jelly-wet-food-85-g\/\" \/>\n<meta property=\"og:locale\" content=\"az_AZ\" \/>\n<meta property=\"og:type\" content=\"article\" \/>\n<meta property=\"og:title\" content=\"Royal Canin Instinctive Jelly Wet food 85 g - Zooland.az\" \/>\n<meta property=\"og:description\" content=\"Complete wet food with fine chunks in jelly.\" \/>\n<meta property=\"og:url\" content=\"https:\/\/zoo-land.az\/az\/shop\/cat\/cat-wetfoods\/royal-canin-instinctive-jelly-wet-food-85-g\/\" \/>\n<meta property=\"og:site_name\" content=\"Zooland.az\" \/>\n<meta property=\"article:modified_time\" content=\"2024-05-30T11:33:44+00:00\" \/>\n<meta property=\"og:image\" content=\"https:\/\/zoo-land.az\/wp-content\/uploads\/2024\/05\/4c88a3f98f14cd169073b42958b361e7.png\" \/>\n\t<meta property=\"og:image:width\" content=\"829\" \/>\n\t<meta property=\"og:image:height\" content=\"879\" \/>\n\t<meta property=\"og:image:type\" content=\"image\/png\" \/>\n<meta name=\"twitter:card\" content=\"summary_large_image\" \/>\n<meta name=\"twitter:label1\" content=\"Est. reading time\" \/>\n\t<meta name=\"twitter:data1\" content=\"1 minute\" \/>\n<script type=\"application\/ld+json\" class=\"yoast-schema-graph\">{\"@context\":\"https:\/\/schema.org\",\"@graph\":[{\"@type\":\"WebPage\",\"@id\":\"https:\/\/zoo-land.az\/ru\/shop\/cat\/cat-wetfoods\/royal-canin-instinctive-jelly-wet-food-85-g\/\",\"url\":\"https:\/\/zoo-land.az\/ru\/shop\/cat\/cat-wetfoods\/royal-canin-instinctive-jelly-wet-food-85-g\/\",\"name\":\"Royal Canin Instinctive Jelly Wet food 85 g - Zooland.az\",\"isPartOf\":{\"@id\":\"https:\/\/zoo-land.az\/#website\"},\"primaryImageOfPage\":{\"@id\":\"https:\/\/zoo-land.az\/ru\/shop\/cat\/cat-wetfoods\/royal-canin-instinctive-jelly-wet-food-85-g\/#primaryimage\"},\"image\":{\"@id\":\"https:\/\/zoo-land.az\/ru\/shop\/cat\/cat-wetfoods\/royal-canin-instinctive-jelly-wet-food-85-g\/#primaryimage\"},\"thumbnailUrl\":\"https:\/\/zoo-land.az\/wp-content\/uploads\/2024\/05\/4c88a3f98f14cd169073b42958b361e7.png\",\"datePublished\":\"2024-05-30T11:33:43+00:00\",\"dateModified\":\"2024-05-30T11:33:44+00:00\",\"breadcrumb\":{\"@id\":\"https:\/\/zoo-land.az\/ru\/shop\/cat\/cat-wetfoods\/royal-canin-instinctive-jelly-wet-food-85-g\/#breadcrumb\"},\"inLanguage\":\"az\",\"potentialAction\":[{\"@type\":\"ReadAction\",\"target\":[\"https:\/\/zoo-land.az\/ru\/shop\/cat\/cat-wetfoods\/royal-canin-instinctive-jelly-wet-food-85-g\/\"]}]},{\"@type\":\"ImageObject\",\"inLanguage\":\"az\",\"@id\":\"https:\/\/zoo-land.az\/ru\/shop\/cat\/cat-wetfoods\/royal-canin-instinctive-jelly-wet-food-85-g\/#primaryimage\",\"url\":\"https:\/\/zoo-land.az\/wp-content\/uploads\/2024\/05\/4c88a3f98f14cd169073b42958b361e7.png\",\"contentUrl\":\"https:\/\/zoo-land.az\/wp-content\/uploads\/2024\/05\/4c88a3f98f14cd169073b42958b361e7.png\",\"width\":829,\"height\":879},{\"@type\":\"BreadcrumbList\",\"@id\":\"https:\/\/zoo-land.az\/ru\/shop\/cat\/cat-wetfoods\/royal-canin-instinctive-jelly-wet-food-85-g\/#breadcrumb\",\"itemListElement\":[{\"@type\":\"ListItem\",\"position\":1,\"name\":\"Home\",\"item\":\"https:\/\/zoo-land.az\/ru\/\"},{\"@type\":\"ListItem\",\"position\":2,\"name\":\"Shop\",\"item\":\"https:\/\/zoo-land.az\/ru\/\"},{\"@type\":\"ListItem\",\"position\":3,\"name\":\"Royal Canin Instinctive Jelly Wet food 85 g\"}]},{\"@type\":\"WebSite\",\"@id\":\"https:\/\/zoo-land.az\/#website\",\"url\":\"https:\/\/zoo-land.az\/\",\"name\":\"Zooland.az\",\"description\":\"Xo\u015fb\u0259xt ev heyvanlar\u0131n\u0131n \u00fcnvan\u0131 Zooland.az\",\"publisher\":{\"@id\":\"https:\/\/zoo-land.az\/#organization\"},\"potentialAction\":[{\"@type\":\"SearchAction\",\"target\":{\"@type\":\"EntryPoint\",\"urlTemplate\":\"https:\/\/zoo-land.az\/?s={search_term_string}\"},\"query-input\":{\"@type\":\"PropertyValueSpecification\",\"valueRequired\":true,\"valueName\":\"search_term_string\"}}],\"inLanguage\":\"az\"},{\"@type\":\"Organization\",\"@id\":\"https:\/\/zoo-land.az\/#organization\",\"name\":\"Zooland.az\",\"url\":\"https:\/\/zoo-land.az\/\",\"logo\":{\"@type\":\"ImageObject\",\"inLanguage\":\"az\",\"@id\":\"https:\/\/zoo-land.az\/#\/schema\/logo\/image\/\",\"url\":\"https:\/\/zoo-land.az\/wp-content\/uploads\/2022\/05\/logo.svg\",\"contentUrl\":\"https:\/\/zoo-land.az\/wp-content\/uploads\/2022\/05\/logo.svg\",\"width\":113,\"height\":46,\"caption\":\"Zooland.az\"},\"image\":{\"@id\":\"https:\/\/zoo-land.az\/#\/schema\/logo\/image\/\"}}]}<\/script>\n<!-- \/ Yoast SEO plugin. -->","yoast_head_json":{"title":"Royal Canin Instinctive Jelly Wet food 85 g - Zooland.az","robots":{"index":"index","follow":"follow","max-snippet":"max-snippet:-1","max-image-preview":"max-image-preview:large","max-video-preview":"max-video-preview:-1"},"canonical":"https:\/\/zoo-land.az\/az\/shop\/cat\/cat-wetfoods\/royal-canin-instinctive-jelly-wet-food-85-g\/","og_locale":"az_AZ","og_type":"article","og_title":"Royal Canin Instinctive Jelly Wet food 85 g - Zooland.az","og_description":"Complete wet food with fine chunks in jelly.","og_url":"https:\/\/zoo-land.az\/az\/shop\/cat\/cat-wetfoods\/royal-canin-instinctive-jelly-wet-food-85-g\/","og_site_name":"Zooland.az","article_modified_time":"2024-05-30T11:33:44+00:00","og_image":[{"width":829,"height":879,"url":"https:\/\/zoo-land.az\/wp-content\/uploads\/2024\/05\/4c88a3f98f14cd169073b42958b361e7.png","type":"image\/png"}],"twitter_card":"summary_large_image","twitter_misc":{"Est. reading time":"1 minute"},"schema":{"@context":"https:\/\/schema.org","@graph":[{"@type":"WebPage","@id":"https:\/\/zoo-land.az\/ru\/shop\/cat\/cat-wetfoods\/royal-canin-instinctive-jelly-wet-food-85-g\/","url":"https:\/\/zoo-land.az\/ru\/shop\/cat\/cat-wetfoods\/royal-canin-instinctive-jelly-wet-food-85-g\/","name":"Royal Canin Instinctive Jelly Wet food 85 g - Zooland.az","isPartOf":{"@id":"https:\/\/zoo-land.az\/#website"},"primaryImageOfPage":{"@id":"https:\/\/zoo-land.az\/ru\/shop\/cat\/cat-wetfoods\/royal-canin-instinctive-jelly-wet-food-85-g\/#primaryimage"},"image":{"@id":"https:\/\/zoo-land.az\/ru\/shop\/cat\/cat-wetfoods\/royal-canin-instinctive-jelly-wet-food-85-g\/#primaryimage"},"thumbnailUrl":"https:\/\/zoo-land.az\/wp-content\/uploads\/2024\/05\/4c88a3f98f14cd169073b42958b361e7.png","datePublished":"2024-05-30T11:33:43+00:00","dateModified":"2024-05-30T11:33:44+00:00","breadcrumb":{"@id":"https:\/\/zoo-land.az\/ru\/shop\/cat\/cat-wetfoods\/royal-canin-instinctive-jelly-wet-food-85-g\/#breadcrumb"},"inLanguage":"az","potentialAction":[{"@type":"ReadAction","target":["https:\/\/zoo-land.az\/ru\/shop\/cat\/cat-wetfoods\/royal-canin-instinctive-jelly-wet-food-85-g\/"]}]},{"@type":"ImageObject","inLanguage":"az","@id":"https:\/\/zoo-land.az\/ru\/shop\/cat\/cat-wetfoods\/royal-canin-instinctive-jelly-wet-food-85-g\/#primaryimage","url":"https:\/\/zoo-land.az\/wp-content\/uploads\/2024\/05\/4c88a3f98f14cd169073b42958b361e7.png","contentUrl":"https:\/\/zoo-land.az\/wp-content\/uploads\/2024\/05\/4c88a3f98f14cd169073b42958b361e7.png","width":829,"height":879},{"@type":"BreadcrumbList","@id":"https:\/\/zoo-land.az\/ru\/shop\/cat\/cat-wetfoods\/royal-canin-instinctive-jelly-wet-food-85-g\/#breadcrumb","itemListElement":[{"@type":"ListItem","position":1,"name":"Home","item":"https:\/\/zoo-land.az\/ru\/"},{"@type":"ListItem","position":2,"name":"Shop","item":"https:\/\/zoo-land.az\/ru\/"},{"@type":"ListItem","position":3,"name":"Royal Canin Instinctive Jelly Wet food 85 g"}]},{"@type":"WebSite","@id":"https:\/\/zoo-land.az\/#website","url":"https:\/\/zoo-land.az\/","name":"Zooland.az","description":"Xo\u015fb\u0259xt ev heyvanlar\u0131n\u0131n \u00fcnvan\u0131 Zooland.az","publisher":{"@id":"https:\/\/zoo-land.az\/#organization"},"potentialAction":[{"@type":"SearchAction","target":{"@type":"EntryPoint","urlTemplate":"https:\/\/zoo-land.az\/?s={search_term_string}"},"query-input":{"@type":"PropertyValueSpecification","valueRequired":true,"valueName":"search_term_string"}}],"inLanguage":"az"},{"@type":"Organization","@id":"https:\/\/zoo-land.az\/#organization","name":"Zooland.az","url":"https:\/\/zoo-land.az\/","logo":{"@type":"ImageObject","inLanguage":"az","@id":"https:\/\/zoo-land.az\/#\/schema\/logo\/image\/","url":"https:\/\/zoo-land.az\/wp-content\/uploads\/2022\/05\/logo.svg","contentUrl":"https:\/\/zoo-land.az\/wp-content\/uploads\/2022\/05\/logo.svg","width":113,"height":46,"caption":"Zooland.az"},"image":{"@id":"https:\/\/zoo-land.az\/#\/schema\/logo\/image\/"}}]}},"_links":{"self":[{"href":"https:\/\/zoo-land.az\/az\/wp-json\/wp\/v2\/product\/21976","targetHints":{"allow":["GET"]}}],"collection":[{"href":"https:\/\/zoo-land.az\/az\/wp-json\/wp\/v2\/product"}],"about":[{"href":"https:\/\/zoo-land.az\/az\/wp-json\/wp\/v2\/types\/product"}],"wp:featuredmedia":[{"embeddable":true,"href":"https:\/\/zoo-land.az\/az\/wp-json\/wp\/v2\/media\/21977"}],"wp:attachment":[{"href":"https:\/\/zoo-land.az\/az\/wp-json\/wp\/v2\/media?parent=21976"}],"wp:term":[{"taxonomy":"product_cat","embeddable":true,"href":"https:\/\/zoo-land.az\/az\/wp-json\/wp\/v2\/product_cat?post=21976"},{"taxonomy":"product_tag","embeddable":true,"href":"https:\/\/zoo-land.az\/az\/wp-json\/wp\/v2\/product_tag?post=21976"}],"curies":[{"name":"wp","href":"https:\/\/api.w.org\/{rel}","templated":true}]}}