{"id":21993,"date":"2024-05-30T12:21:12","date_gmt":"2024-05-30T12:21:12","guid":{"rendered":"https:\/\/lightsteelblue-zebra-299715.hostingersite.com\/?post_type=product&#038;p=21993"},"modified":"2024-05-30T12:21:12","modified_gmt":"2024-05-30T12:21:12","slug":"royal-canin-sterilised-jelly-wet-food-85-g","status":"publish","type":"product","link":"https:\/\/zoo-land.az\/az\/shop\/cat\/cat-wetfoods\/royal-canin-sterilised-jelly-wet-food-85-g\/","title":{"rendered":"Royal Canin Sterilized Jelly Ya\u015f qida 85 q"},"content":{"rendered":"<p><strong>Royal Canin Sterilised Jelly: Wet Food for Sterilised Cats Aged 12 Months and Older<\/strong><\/p>\n<p><strong>Overview:<\/strong> Sterilization significantly impacts your cat&#8217;s life, not only by preventing unwanted litters and providing certain health benefits but also by altering your cat&#8217;s energy needs and nutritional requirements. ROYAL CANIN\u00ae Sterilised Jelly has been specifically designed to meet the energy needs of adult sterilized cats and neutered cats. With reduced calorie content and moderate fat levels, ROYAL CANIN\u00ae Sterilised Jelly helps maintain the optimal weight of sterilized cats, especially when following the feeding guidelines provided on the packaging.<\/p>\n<p><strong>Faydalar\u0131:<\/strong><\/p>\n<ol>\n<li><strong>Weight Maintenance:<\/strong><br \/>\nHelps maintain an ideal weight in sterilized cats.<\/li>\n<li><strong>Urinary Health:<\/strong><br \/>\nSupports the health of the urinary system.<\/li>\n<li><strong>Instinctive Preference:<\/strong><br \/>\nComplete nutrition instinctively preferred by cats, matching the optimal macronutrient profile for adult cats.<\/li>\n<\/ol>\n<p><strong>T\u0259rkibi:<\/strong><br \/>\nMeat and meat by-products, cereals, vegetable by-products, plant protein extracts, minerals, carbohydrate sources.<\/p>\n<p><strong>Additives (per 1 kg):<\/strong><\/p>\n<ul>\n<li>Nutritional additives: Vitamin D3: 100 IU, Iron (E1): 2.9 mg, Iodine (E2): 0.28 mg, Copper (E4): 2.2 mg, Manganese (E5): 0.8 mg, Zinc (E6): 8 mg.<\/li>\n<li>Technological additives: Sedimentary origin clinoptilolite: 0.2 g.<\/li>\n<\/ul>\n<p><strong>Nutritional Content:<\/strong><\/p>\n<ul>\n<li>Crude Protein: 9%<\/li>\n<li>Crude Fat: 2.6%<\/li>\n<li>Minerals: 1.4%<\/li>\n<li>Crude Fiber: 1.6%<\/li>\n<li>Moisture: 81%<\/li>\n<\/ul>\n<p><strong>Usage Instructions:<\/strong> To ensure the optimal health benefits for your cat, follow the recommended feeding guidelines provided on the packaging. Always ensure that fresh water is available for your cat. The batch number and expiration date are indicated on the packaging. Do not use the product past the expiration date, as it may lose its beneficial properties.<\/p>","protected":false},"excerpt":{"rendered":"<p>Sterilization significantly impacts your cat&#8217;s life, not only by preventing unwanted litters and providing certain health benefits but also by altering your cat&#8217;s energy needs and nutritional requirements. ROYAL CANIN\u00ae Sterilised Jelly has been specifically designed to meet the energy needs of adult sterilized cats and neutered cats. With reduced calorie content and moderate fat levels, ROYAL CANIN\u00ae Sterilised Jelly helps maintain the optimal weight of sterilized cats, especially when following the feeding guidelines provided on the packaging.<\/p>","protected":false},"featured_media":21994,"template":"","meta":{"inline_featured_image":false,"_joinchat":[]},"product_cat":[188,190],"product_tag":[],"class_list":{"0":"post-21993","1":"product","2":"type-product","3":"status-publish","4":"has-post-thumbnail","6":"product_brand-royal-canin","7":"product_cat-cat","8":"product_cat-cat-wetfoods","10":"first","11":"instock","12":"shipping-taxable","13":"purchasable","14":"product-type-simple"},"yoast_head":"<!-- This site is optimized with the Yoast SEO plugin v26.7 - https:\/\/yoast.com\/wordpress\/plugins\/seo\/ -->\n<title>Royal Canin Sterilised Jelly Wet food 85 g - Zooland.az<\/title>\n<meta name=\"robots\" content=\"index, follow, max-snippet:-1, max-image-preview:large, max-video-preview:-1\" \/>\n<link rel=\"canonical\" href=\"https:\/\/zoo-land.az\/az\/shop\/cat\/cat-wetfoods\/royal-canin-sterilised-jelly-wet-food-85-g\/\" \/>\n<meta property=\"og:locale\" content=\"az_AZ\" \/>\n<meta property=\"og:type\" content=\"article\" \/>\n<meta property=\"og:title\" content=\"Royal Canin Sterilised Jelly Wet food 85 g - Zooland.az\" \/>\n<meta property=\"og:description\" content=\"Sterilization significantly impacts your cat&#039;s life, not only by preventing unwanted litters and providing certain health benefits but also by altering your cat&#039;s energy needs and nutritional requirements. ROYAL CANIN\u00ae Sterilised Jelly has been specifically designed to meet the energy needs of adult sterilized cats and neutered cats. With reduced calorie content and moderate fat levels, ROYAL CANIN\u00ae Sterilised Jelly helps maintain the optimal weight of sterilized cats, especially when following the feeding guidelines provided on the packaging.\" \/>\n<meta property=\"og:url\" content=\"https:\/\/zoo-land.az\/az\/shop\/cat\/cat-wetfoods\/royal-canin-sterilised-jelly-wet-food-85-g\/\" \/>\n<meta property=\"og:site_name\" content=\"Zooland.az\" \/>\n<meta property=\"og:image\" content=\"https:\/\/zoo-land.az\/wp-content\/uploads\/2024\/05\/\u0421\u043d\u0438\u043c\u043e\u043a-\u044d\u043a\u0440\u0430\u043d\u0430-2024-05-30-\u0432-16.18.59.png\" \/>\n\t<meta property=\"og:image:width\" content=\"548\" \/>\n\t<meta property=\"og:image:height\" content=\"792\" \/>\n\t<meta property=\"og:image:type\" content=\"image\/png\" \/>\n<meta name=\"twitter:card\" content=\"summary_large_image\" \/>\n<meta name=\"twitter:label1\" content=\"Est. reading time\" \/>\n\t<meta name=\"twitter:data1\" content=\"1 minute\" \/>\n<script type=\"application\/ld+json\" class=\"yoast-schema-graph\">{\"@context\":\"https:\/\/schema.org\",\"@graph\":[{\"@type\":\"WebPage\",\"@id\":\"https:\/\/zoo-land.az\/shop\/cat\/cat-wetfoods\/royal-canin-sterilised-jelly-wet-food-85-g\/\",\"url\":\"https:\/\/zoo-land.az\/shop\/cat\/cat-wetfoods\/royal-canin-sterilised-jelly-wet-food-85-g\/\",\"name\":\"Royal Canin Sterilised Jelly Wet food 85 g - Zooland.az\",\"isPartOf\":{\"@id\":\"https:\/\/zoo-land.az\/#website\"},\"primaryImageOfPage\":{\"@id\":\"https:\/\/zoo-land.az\/shop\/cat\/cat-wetfoods\/royal-canin-sterilised-jelly-wet-food-85-g\/#primaryimage\"},\"image\":{\"@id\":\"https:\/\/zoo-land.az\/shop\/cat\/cat-wetfoods\/royal-canin-sterilised-jelly-wet-food-85-g\/#primaryimage\"},\"thumbnailUrl\":\"https:\/\/zoo-land.az\/wp-content\/uploads\/2024\/05\/\u0421\u043d\u0438\u043c\u043e\u043a-\u044d\u043a\u0440\u0430\u043d\u0430-2024-05-30-\u0432-16.18.59.png\",\"datePublished\":\"2024-05-30T12:21:12+00:00\",\"breadcrumb\":{\"@id\":\"https:\/\/zoo-land.az\/shop\/cat\/cat-wetfoods\/royal-canin-sterilised-jelly-wet-food-85-g\/#breadcrumb\"},\"inLanguage\":\"az\",\"potentialAction\":[{\"@type\":\"ReadAction\",\"target\":[\"https:\/\/zoo-land.az\/shop\/cat\/cat-wetfoods\/royal-canin-sterilised-jelly-wet-food-85-g\/\"]}]},{\"@type\":\"ImageObject\",\"inLanguage\":\"az\",\"@id\":\"https:\/\/zoo-land.az\/shop\/cat\/cat-wetfoods\/royal-canin-sterilised-jelly-wet-food-85-g\/#primaryimage\",\"url\":\"https:\/\/zoo-land.az\/wp-content\/uploads\/2024\/05\/\u0421\u043d\u0438\u043c\u043e\u043a-\u044d\u043a\u0440\u0430\u043d\u0430-2024-05-30-\u0432-16.18.59.png\",\"contentUrl\":\"https:\/\/zoo-land.az\/wp-content\/uploads\/2024\/05\/\u0421\u043d\u0438\u043c\u043e\u043a-\u044d\u043a\u0440\u0430\u043d\u0430-2024-05-30-\u0432-16.18.59.png\",\"width\":548,\"height\":792},{\"@type\":\"BreadcrumbList\",\"@id\":\"https:\/\/zoo-land.az\/shop\/cat\/cat-wetfoods\/royal-canin-sterilised-jelly-wet-food-85-g\/#breadcrumb\",\"itemListElement\":[{\"@type\":\"ListItem\",\"position\":1,\"name\":\"Home\",\"item\":\"https:\/\/zoo-land.az\/ru\/\"},{\"@type\":\"ListItem\",\"position\":2,\"name\":\"Shop\",\"item\":\"https:\/\/zoo-land.az\/ru\/\"},{\"@type\":\"ListItem\",\"position\":3,\"name\":\"Royal Canin Sterilised Jelly Wet food 85 g\"}]},{\"@type\":\"WebSite\",\"@id\":\"https:\/\/zoo-land.az\/#website\",\"url\":\"https:\/\/zoo-land.az\/\",\"name\":\"Zooland.az\",\"description\":\"Xo\u015fb\u0259xt ev heyvanlar\u0131n\u0131n \u00fcnvan\u0131 Zooland.az\",\"publisher\":{\"@id\":\"https:\/\/zoo-land.az\/#organization\"},\"potentialAction\":[{\"@type\":\"SearchAction\",\"target\":{\"@type\":\"EntryPoint\",\"urlTemplate\":\"https:\/\/zoo-land.az\/?s={search_term_string}\"},\"query-input\":{\"@type\":\"PropertyValueSpecification\",\"valueRequired\":true,\"valueName\":\"search_term_string\"}}],\"inLanguage\":\"az\"},{\"@type\":\"Organization\",\"@id\":\"https:\/\/zoo-land.az\/#organization\",\"name\":\"Zooland.az\",\"url\":\"https:\/\/zoo-land.az\/\",\"logo\":{\"@type\":\"ImageObject\",\"inLanguage\":\"az\",\"@id\":\"https:\/\/zoo-land.az\/#\/schema\/logo\/image\/\",\"url\":\"https:\/\/zoo-land.az\/wp-content\/uploads\/2022\/05\/logo.svg\",\"contentUrl\":\"https:\/\/zoo-land.az\/wp-content\/uploads\/2022\/05\/logo.svg\",\"width\":113,\"height\":46,\"caption\":\"Zooland.az\"},\"image\":{\"@id\":\"https:\/\/zoo-land.az\/#\/schema\/logo\/image\/\"}}]}<\/script>\n<!-- \/ Yoast SEO plugin. -->","yoast_head_json":{"title":"Royal Canin Sterilised Jelly Wet food 85 g - Zooland.az","robots":{"index":"index","follow":"follow","max-snippet":"max-snippet:-1","max-image-preview":"max-image-preview:large","max-video-preview":"max-video-preview:-1"},"canonical":"https:\/\/zoo-land.az\/az\/shop\/cat\/cat-wetfoods\/royal-canin-sterilised-jelly-wet-food-85-g\/","og_locale":"az_AZ","og_type":"article","og_title":"Royal Canin Sterilised Jelly Wet food 85 g - Zooland.az","og_description":"Sterilization significantly impacts your cat's life, not only by preventing unwanted litters and providing certain health benefits but also by altering your cat's energy needs and nutritional requirements. ROYAL CANIN\u00ae Sterilised Jelly has been specifically designed to meet the energy needs of adult sterilized cats and neutered cats. With reduced calorie content and moderate fat levels, ROYAL CANIN\u00ae Sterilised Jelly helps maintain the optimal weight of sterilized cats, especially when following the feeding guidelines provided on the packaging.","og_url":"https:\/\/zoo-land.az\/az\/shop\/cat\/cat-wetfoods\/royal-canin-sterilised-jelly-wet-food-85-g\/","og_site_name":"Zooland.az","og_image":[{"width":548,"height":792,"url":"https:\/\/zoo-land.az\/wp-content\/uploads\/2024\/05\/\u0421\u043d\u0438\u043c\u043e\u043a-\u044d\u043a\u0440\u0430\u043d\u0430-2024-05-30-\u0432-16.18.59.png","type":"image\/png"}],"twitter_card":"summary_large_image","twitter_misc":{"Est. reading time":"1 minute"},"schema":{"@context":"https:\/\/schema.org","@graph":[{"@type":"WebPage","@id":"https:\/\/zoo-land.az\/shop\/cat\/cat-wetfoods\/royal-canin-sterilised-jelly-wet-food-85-g\/","url":"https:\/\/zoo-land.az\/shop\/cat\/cat-wetfoods\/royal-canin-sterilised-jelly-wet-food-85-g\/","name":"Royal Canin Sterilised Jelly Wet food 85 g - Zooland.az","isPartOf":{"@id":"https:\/\/zoo-land.az\/#website"},"primaryImageOfPage":{"@id":"https:\/\/zoo-land.az\/shop\/cat\/cat-wetfoods\/royal-canin-sterilised-jelly-wet-food-85-g\/#primaryimage"},"image":{"@id":"https:\/\/zoo-land.az\/shop\/cat\/cat-wetfoods\/royal-canin-sterilised-jelly-wet-food-85-g\/#primaryimage"},"thumbnailUrl":"https:\/\/zoo-land.az\/wp-content\/uploads\/2024\/05\/\u0421\u043d\u0438\u043c\u043e\u043a-\u044d\u043a\u0440\u0430\u043d\u0430-2024-05-30-\u0432-16.18.59.png","datePublished":"2024-05-30T12:21:12+00:00","breadcrumb":{"@id":"https:\/\/zoo-land.az\/shop\/cat\/cat-wetfoods\/royal-canin-sterilised-jelly-wet-food-85-g\/#breadcrumb"},"inLanguage":"az","potentialAction":[{"@type":"ReadAction","target":["https:\/\/zoo-land.az\/shop\/cat\/cat-wetfoods\/royal-canin-sterilised-jelly-wet-food-85-g\/"]}]},{"@type":"ImageObject","inLanguage":"az","@id":"https:\/\/zoo-land.az\/shop\/cat\/cat-wetfoods\/royal-canin-sterilised-jelly-wet-food-85-g\/#primaryimage","url":"https:\/\/zoo-land.az\/wp-content\/uploads\/2024\/05\/\u0421\u043d\u0438\u043c\u043e\u043a-\u044d\u043a\u0440\u0430\u043d\u0430-2024-05-30-\u0432-16.18.59.png","contentUrl":"https:\/\/zoo-land.az\/wp-content\/uploads\/2024\/05\/\u0421\u043d\u0438\u043c\u043e\u043a-\u044d\u043a\u0440\u0430\u043d\u0430-2024-05-30-\u0432-16.18.59.png","width":548,"height":792},{"@type":"BreadcrumbList","@id":"https:\/\/zoo-land.az\/shop\/cat\/cat-wetfoods\/royal-canin-sterilised-jelly-wet-food-85-g\/#breadcrumb","itemListElement":[{"@type":"ListItem","position":1,"name":"Home","item":"https:\/\/zoo-land.az\/ru\/"},{"@type":"ListItem","position":2,"name":"Shop","item":"https:\/\/zoo-land.az\/ru\/"},{"@type":"ListItem","position":3,"name":"Royal Canin Sterilised Jelly Wet food 85 g"}]},{"@type":"WebSite","@id":"https:\/\/zoo-land.az\/#website","url":"https:\/\/zoo-land.az\/","name":"Zooland.az","description":"Xo\u015fb\u0259xt ev heyvanlar\u0131n\u0131n \u00fcnvan\u0131 Zooland.az","publisher":{"@id":"https:\/\/zoo-land.az\/#organization"},"potentialAction":[{"@type":"SearchAction","target":{"@type":"EntryPoint","urlTemplate":"https:\/\/zoo-land.az\/?s={search_term_string}"},"query-input":{"@type":"PropertyValueSpecification","valueRequired":true,"valueName":"search_term_string"}}],"inLanguage":"az"},{"@type":"Organization","@id":"https:\/\/zoo-land.az\/#organization","name":"Zooland.az","url":"https:\/\/zoo-land.az\/","logo":{"@type":"ImageObject","inLanguage":"az","@id":"https:\/\/zoo-land.az\/#\/schema\/logo\/image\/","url":"https:\/\/zoo-land.az\/wp-content\/uploads\/2022\/05\/logo.svg","contentUrl":"https:\/\/zoo-land.az\/wp-content\/uploads\/2022\/05\/logo.svg","width":113,"height":46,"caption":"Zooland.az"},"image":{"@id":"https:\/\/zoo-land.az\/#\/schema\/logo\/image\/"}}]}},"_links":{"self":[{"href":"https:\/\/zoo-land.az\/az\/wp-json\/wp\/v2\/product\/21993","targetHints":{"allow":["GET"]}}],"collection":[{"href":"https:\/\/zoo-land.az\/az\/wp-json\/wp\/v2\/product"}],"about":[{"href":"https:\/\/zoo-land.az\/az\/wp-json\/wp\/v2\/types\/product"}],"wp:featuredmedia":[{"embeddable":true,"href":"https:\/\/zoo-land.az\/az\/wp-json\/wp\/v2\/media\/21994"}],"wp:attachment":[{"href":"https:\/\/zoo-land.az\/az\/wp-json\/wp\/v2\/media?parent=21993"}],"wp:term":[{"taxonomy":"product_cat","embeddable":true,"href":"https:\/\/zoo-land.az\/az\/wp-json\/wp\/v2\/product_cat?post=21993"},{"taxonomy":"product_tag","embeddable":true,"href":"https:\/\/zoo-land.az\/az\/wp-json\/wp\/v2\/product_tag?post=21993"}],"curies":[{"name":"wp","href":"https:\/\/api.w.org\/{rel}","templated":true}]}}