{"id":22015,"date":"2024-05-30T13:09:25","date_gmt":"2024-05-30T13:09:25","guid":{"rendered":"https:\/\/lightsteelblue-zebra-299715.hostingersite.com\/?post_type=product&#038;p=22015"},"modified":"2024-05-30T17:15:37","modified_gmt":"2024-05-30T17:15:37","slug":"royal-canin-savour-10-kg","status":"publish","type":"product","link":"https:\/\/zoo-land.az\/az\/shop\/cat\/cat-foods\/royal-canin-savour-10-kg\/","title":{"rendered":"Royal Canin Savour 1 kg"},"content":{"rendered":"<p><strong>Cat Food for Fussy Eaters<\/strong><\/p>\n<p>Discover your cat&#8217;s food preferences! Having individual food preferences means that each cat interprets the aroma, texture, taste of the food, and the sensations after consumption in their own way. Each Exigent family food, besides its taste qualities, also has a number of other original, specific features.<\/p>\n<p><strong>Twice the Taste Appeal<\/strong><\/p>\n<p>Some picky cats prefer a variety of food they eat the most. SAVOUR EXIGENT contains two complementary types of kibbles with different compositions and textures to satisfy the natural needs of a fussy cat.<\/p>\n<p>&nbsp;<\/p>\n<p><strong>T\u0259rkibi<\/strong> Rice, vegetable protein isolate*, dehydrated poultry protein, animal fats, wheat, vegetable fibers, hydrolyzed animal proteins (flavor enhancers), minerals, yeast and by-products of yeast fermentation, soy oil, fructooligosaccharides, borage oil.<\/p>\n<p>*L.I.P.: proteins selected for their high digestibility.<\/p>\n<p><strong>Additives (per 1 kg)<\/strong> Nutritional additives: Vitamin A: 14500 IU, Vitamin D3: 800 IU, Iron: 37 mg, Iodine: 3.7 mg, Manganese: 48 mg, Zinc: 143 mg, Selenium: 0.08 mg &#8211; Technological additives: Clinoptilolite of sedimentary origin: 5 g, Sodium bisulfate: 4 g &#8211; Preservatives &#8211; Antioxidants.<\/p>\n<p><strong>Nutritional content<\/strong> Protein: 33% &#8211; Fat: 16% &#8211; Minerals: 7.2% &#8211; Crude fiber: 3.1% &#8211; Nitrogen-free extract: 35.2%<\/p>","protected":false},"excerpt":{"rendered":"<p>Discover your cat&#8217;s food preferences! Having individual food preferences means that each cat interprets the aroma, texture, taste of the food, and the sensations after consumption in their own way. Each Exigent family food, besides its taste qualities, also has a number of other original, specific features.<\/p>","protected":false},"featured_media":22016,"template":"","meta":{"inline_featured_image":false,"_joinchat":[]},"product_cat":[189,188],"product_tag":[],"class_list":{"0":"post-22015","1":"product","2":"type-product","3":"status-publish","4":"has-post-thumbnail","6":"product_cat-cat-foods","7":"product_cat-cat","9":"first","10":"instock","11":"shipping-taxable","12":"purchasable","13":"product-type-simple"},"yoast_head":"<!-- This site is optimized with the Yoast SEO plugin v26.7 - https:\/\/yoast.com\/wordpress\/plugins\/seo\/ -->\n<title>Royal Canin Savour 1 kg - Zooland.az<\/title>\n<meta name=\"robots\" content=\"index, follow, max-snippet:-1, max-image-preview:large, max-video-preview:-1\" \/>\n<link rel=\"canonical\" href=\"https:\/\/zoo-land.az\/az\/shop\/cat\/cat-foods\/royal-canin-savour-10-kg\/\" \/>\n<meta property=\"og:locale\" content=\"az_AZ\" \/>\n<meta property=\"og:type\" content=\"article\" \/>\n<meta property=\"og:title\" content=\"Royal Canin Savour 1 kg - Zooland.az\" \/>\n<meta property=\"og:description\" content=\"Discover your cat&#039;s food preferences! Having individual food preferences means that each cat interprets the aroma, texture, taste of the food, and the sensations after consumption in their own way. Each Exigent family food, besides its taste qualities, also has a number of other original, specific features.\" \/>\n<meta property=\"og:url\" content=\"https:\/\/zoo-land.az\/az\/shop\/cat\/cat-foods\/royal-canin-savour-10-kg\/\" \/>\n<meta property=\"og:site_name\" content=\"Zooland.az\" \/>\n<meta property=\"article:modified_time\" content=\"2024-05-30T17:15:37+00:00\" \/>\n<meta name=\"twitter:card\" content=\"summary_large_image\" \/>\n<meta name=\"twitter:label1\" content=\"Est. reading time\" \/>\n\t<meta name=\"twitter:data1\" content=\"1 minute\" \/>\n<script type=\"application\/ld+json\" class=\"yoast-schema-graph\">{\"@context\":\"https:\/\/schema.org\",\"@graph\":[{\"@type\":\"WebPage\",\"@id\":\"https:\/\/zoo-land.az\/shop\/cat\/cat-foods\/royal-canin-savour-10-kg\/\",\"url\":\"https:\/\/zoo-land.az\/shop\/cat\/cat-foods\/royal-canin-savour-10-kg\/\",\"name\":\"Royal Canin Savour 1 kg - Zooland.az\",\"isPartOf\":{\"@id\":\"https:\/\/zoo-land.az\/#website\"},\"primaryImageOfPage\":{\"@id\":\"https:\/\/zoo-land.az\/shop\/cat\/cat-foods\/royal-canin-savour-10-kg\/#primaryimage\"},\"image\":{\"@id\":\"https:\/\/zoo-land.az\/shop\/cat\/cat-foods\/royal-canin-savour-10-kg\/#primaryimage\"},\"thumbnailUrl\":\"https:\/\/zoo-land.az\/wp-content\/uploads\/2024\/05\/royal-canin-exigent-savour-sensation-35-30-10-kg-yetiskin-kuru-z.avif\",\"datePublished\":\"2024-05-30T13:09:25+00:00\",\"dateModified\":\"2024-05-30T17:15:37+00:00\",\"breadcrumb\":{\"@id\":\"https:\/\/zoo-land.az\/shop\/cat\/cat-foods\/royal-canin-savour-10-kg\/#breadcrumb\"},\"inLanguage\":\"az\",\"potentialAction\":[{\"@type\":\"ReadAction\",\"target\":[\"https:\/\/zoo-land.az\/shop\/cat\/cat-foods\/royal-canin-savour-10-kg\/\"]}]},{\"@type\":\"ImageObject\",\"inLanguage\":\"az\",\"@id\":\"https:\/\/zoo-land.az\/shop\/cat\/cat-foods\/royal-canin-savour-10-kg\/#primaryimage\",\"url\":\"https:\/\/zoo-land.az\/wp-content\/uploads\/2024\/05\/royal-canin-exigent-savour-sensation-35-30-10-kg-yetiskin-kuru-z.avif\",\"contentUrl\":\"https:\/\/zoo-land.az\/wp-content\/uploads\/2024\/05\/royal-canin-exigent-savour-sensation-35-30-10-kg-yetiskin-kuru-z.avif\",\"width\":242,\"height\":500},{\"@type\":\"BreadcrumbList\",\"@id\":\"https:\/\/zoo-land.az\/shop\/cat\/cat-foods\/royal-canin-savour-10-kg\/#breadcrumb\",\"itemListElement\":[{\"@type\":\"ListItem\",\"position\":1,\"name\":\"Home\",\"item\":\"https:\/\/zoo-land.az\/ru\/\"},{\"@type\":\"ListItem\",\"position\":2,\"name\":\"Shop\",\"item\":\"https:\/\/zoo-land.az\/ru\/\"},{\"@type\":\"ListItem\",\"position\":3,\"name\":\"Royal Canin Savour 1 kg\"}]},{\"@type\":\"WebSite\",\"@id\":\"https:\/\/zoo-land.az\/#website\",\"url\":\"https:\/\/zoo-land.az\/\",\"name\":\"Zooland.az\",\"description\":\"Xo\u015fb\u0259xt ev heyvanlar\u0131n\u0131n \u00fcnvan\u0131 Zooland.az\",\"publisher\":{\"@id\":\"https:\/\/zoo-land.az\/#organization\"},\"potentialAction\":[{\"@type\":\"SearchAction\",\"target\":{\"@type\":\"EntryPoint\",\"urlTemplate\":\"https:\/\/zoo-land.az\/?s={search_term_string}\"},\"query-input\":{\"@type\":\"PropertyValueSpecification\",\"valueRequired\":true,\"valueName\":\"search_term_string\"}}],\"inLanguage\":\"az\"},{\"@type\":\"Organization\",\"@id\":\"https:\/\/zoo-land.az\/#organization\",\"name\":\"Zooland.az\",\"url\":\"https:\/\/zoo-land.az\/\",\"logo\":{\"@type\":\"ImageObject\",\"inLanguage\":\"az\",\"@id\":\"https:\/\/zoo-land.az\/#\/schema\/logo\/image\/\",\"url\":\"https:\/\/zoo-land.az\/wp-content\/uploads\/2022\/05\/logo.svg\",\"contentUrl\":\"https:\/\/zoo-land.az\/wp-content\/uploads\/2022\/05\/logo.svg\",\"width\":113,\"height\":46,\"caption\":\"Zooland.az\"},\"image\":{\"@id\":\"https:\/\/zoo-land.az\/#\/schema\/logo\/image\/\"}}]}<\/script>\n<!-- \/ Yoast SEO plugin. -->","yoast_head_json":{"title":"Royal Canin Savour 1 kg - Zooland.az","robots":{"index":"index","follow":"follow","max-snippet":"max-snippet:-1","max-image-preview":"max-image-preview:large","max-video-preview":"max-video-preview:-1"},"canonical":"https:\/\/zoo-land.az\/az\/shop\/cat\/cat-foods\/royal-canin-savour-10-kg\/","og_locale":"az_AZ","og_type":"article","og_title":"Royal Canin Savour 1 kg - Zooland.az","og_description":"Discover your cat's food preferences! Having individual food preferences means that each cat interprets the aroma, texture, taste of the food, and the sensations after consumption in their own way. Each Exigent family food, besides its taste qualities, also has a number of other original, specific features.","og_url":"https:\/\/zoo-land.az\/az\/shop\/cat\/cat-foods\/royal-canin-savour-10-kg\/","og_site_name":"Zooland.az","article_modified_time":"2024-05-30T17:15:37+00:00","twitter_card":"summary_large_image","twitter_misc":{"Est. reading time":"1 minute"},"schema":{"@context":"https:\/\/schema.org","@graph":[{"@type":"WebPage","@id":"https:\/\/zoo-land.az\/shop\/cat\/cat-foods\/royal-canin-savour-10-kg\/","url":"https:\/\/zoo-land.az\/shop\/cat\/cat-foods\/royal-canin-savour-10-kg\/","name":"Royal Canin Savour 1 kg - Zooland.az","isPartOf":{"@id":"https:\/\/zoo-land.az\/#website"},"primaryImageOfPage":{"@id":"https:\/\/zoo-land.az\/shop\/cat\/cat-foods\/royal-canin-savour-10-kg\/#primaryimage"},"image":{"@id":"https:\/\/zoo-land.az\/shop\/cat\/cat-foods\/royal-canin-savour-10-kg\/#primaryimage"},"thumbnailUrl":"https:\/\/zoo-land.az\/wp-content\/uploads\/2024\/05\/royal-canin-exigent-savour-sensation-35-30-10-kg-yetiskin-kuru-z.avif","datePublished":"2024-05-30T13:09:25+00:00","dateModified":"2024-05-30T17:15:37+00:00","breadcrumb":{"@id":"https:\/\/zoo-land.az\/shop\/cat\/cat-foods\/royal-canin-savour-10-kg\/#breadcrumb"},"inLanguage":"az","potentialAction":[{"@type":"ReadAction","target":["https:\/\/zoo-land.az\/shop\/cat\/cat-foods\/royal-canin-savour-10-kg\/"]}]},{"@type":"ImageObject","inLanguage":"az","@id":"https:\/\/zoo-land.az\/shop\/cat\/cat-foods\/royal-canin-savour-10-kg\/#primaryimage","url":"https:\/\/zoo-land.az\/wp-content\/uploads\/2024\/05\/royal-canin-exigent-savour-sensation-35-30-10-kg-yetiskin-kuru-z.avif","contentUrl":"https:\/\/zoo-land.az\/wp-content\/uploads\/2024\/05\/royal-canin-exigent-savour-sensation-35-30-10-kg-yetiskin-kuru-z.avif","width":242,"height":500},{"@type":"BreadcrumbList","@id":"https:\/\/zoo-land.az\/shop\/cat\/cat-foods\/royal-canin-savour-10-kg\/#breadcrumb","itemListElement":[{"@type":"ListItem","position":1,"name":"Home","item":"https:\/\/zoo-land.az\/ru\/"},{"@type":"ListItem","position":2,"name":"Shop","item":"https:\/\/zoo-land.az\/ru\/"},{"@type":"ListItem","position":3,"name":"Royal Canin Savour 1 kg"}]},{"@type":"WebSite","@id":"https:\/\/zoo-land.az\/#website","url":"https:\/\/zoo-land.az\/","name":"Zooland.az","description":"Xo\u015fb\u0259xt ev heyvanlar\u0131n\u0131n \u00fcnvan\u0131 Zooland.az","publisher":{"@id":"https:\/\/zoo-land.az\/#organization"},"potentialAction":[{"@type":"SearchAction","target":{"@type":"EntryPoint","urlTemplate":"https:\/\/zoo-land.az\/?s={search_term_string}"},"query-input":{"@type":"PropertyValueSpecification","valueRequired":true,"valueName":"search_term_string"}}],"inLanguage":"az"},{"@type":"Organization","@id":"https:\/\/zoo-land.az\/#organization","name":"Zooland.az","url":"https:\/\/zoo-land.az\/","logo":{"@type":"ImageObject","inLanguage":"az","@id":"https:\/\/zoo-land.az\/#\/schema\/logo\/image\/","url":"https:\/\/zoo-land.az\/wp-content\/uploads\/2022\/05\/logo.svg","contentUrl":"https:\/\/zoo-land.az\/wp-content\/uploads\/2022\/05\/logo.svg","width":113,"height":46,"caption":"Zooland.az"},"image":{"@id":"https:\/\/zoo-land.az\/#\/schema\/logo\/image\/"}}]}},"_links":{"self":[{"href":"https:\/\/zoo-land.az\/az\/wp-json\/wp\/v2\/product\/22015","targetHints":{"allow":["GET"]}}],"collection":[{"href":"https:\/\/zoo-land.az\/az\/wp-json\/wp\/v2\/product"}],"about":[{"href":"https:\/\/zoo-land.az\/az\/wp-json\/wp\/v2\/types\/product"}],"wp:featuredmedia":[{"embeddable":true,"href":"https:\/\/zoo-land.az\/az\/wp-json\/wp\/v2\/media\/22016"}],"wp:attachment":[{"href":"https:\/\/zoo-land.az\/az\/wp-json\/wp\/v2\/media?parent=22015"}],"wp:term":[{"taxonomy":"product_cat","embeddable":true,"href":"https:\/\/zoo-land.az\/az\/wp-json\/wp\/v2\/product_cat?post=22015"},{"taxonomy":"product_tag","embeddable":true,"href":"https:\/\/zoo-land.az\/az\/wp-json\/wp\/v2\/product_tag?post=22015"}],"curies":[{"name":"wp","href":"https:\/\/api.w.org\/{rel}","templated":true}]}}