{"id":22040,"date":"2024-05-30T18:15:52","date_gmt":"2024-05-30T18:15:52","guid":{"rendered":"https:\/\/lightsteelblue-zebra-299715.hostingersite.com\/?post_type=product&#038;p=22040"},"modified":"2024-05-30T18:15:53","modified_gmt":"2024-05-30T18:15:53","slug":"np-adult-small-br-veal-duck-200-g","status":"publish","type":"product","link":"https:\/\/zoo-land.az\/az\/shop\/dog\/dog-wetfoods-conserves\/np-adult-small-br-veal-duck-200-g\/","title":{"rendered":"NP Yetkin ki\u00e7ik br Dana \u00d6rd\u0259yi 200 q"},"content":{"rendered":"<h4 class=\"head\"><strong>canned pet food for adult dogs with veal and duck<\/strong><\/h4>\n<div class=\"text-normal\">\n<p>Nature&#8217;s Protection is a Super Premium canned pet food for Adult Small Breeds dogs with Veal &amp; Duck, served in a delicious broth and supplemented with minerals.\u00a0The main source of protein is quality veal and duck. This food is soft and easy to chew, composition of meat and broth are highly digestible. Nature\u2018s Protection canned pet food\u00a0is designed to meet the different needs of young and adult dogs. The main source of protein in this pet food is the meat of high nutritional value.<\/p>\n<\/div>","protected":false},"excerpt":{"rendered":"<h4 class=\"head\"><strong>canned pet food for adult dogs with veal and duck<\/strong><\/h4>\n<div class=\"text-normal\">\n<p>Nature&#8217;s Protection is a Super Premium canned pet food for Adult Small Breeds dogs with Veal &amp; Duck, served in a delicious broth and supplemented with minerals.\u00a0The main source of protein is quality veal and duck. This food is soft and easy to chew, composition of meat and broth are highly digestible. Nature\u2018s Protection canned pet food\u00a0is designed to meet the different needs of young and adult dogs. The main source of protein in this pet food is the meat of high nutritional value.<\/p>\n<\/div>","protected":false},"featured_media":22041,"template":"","meta":{"inline_featured_image":false,"_joinchat":[]},"product_cat":[107,154],"product_tag":[],"class_list":{"0":"post-22040","1":"product","2":"type-product","3":"status-publish","4":"has-post-thumbnail","6":"product_brand-natures-protection","7":"product_cat-dog","8":"product_cat-dog-wetfoods-conserves","10":"first","11":"instock","12":"shipping-taxable","13":"purchasable","14":"product-type-simple"},"yoast_head":"<!-- This site is optimized with the Yoast SEO plugin v26.7 - https:\/\/yoast.com\/wordpress\/plugins\/seo\/ -->\n<title>NP Adult small br Veal Duck 200 g - Zooland.az<\/title>\n<meta name=\"robots\" content=\"index, follow, max-snippet:-1, max-image-preview:large, max-video-preview:-1\" \/>\n<link rel=\"canonical\" href=\"https:\/\/zoo-land.az\/az\/shop\/dog\/dog-wetfoods-conserves\/np-adult-small-br-veal-duck-200-g\/\" \/>\n<meta property=\"og:locale\" content=\"az_AZ\" \/>\n<meta property=\"og:type\" content=\"article\" \/>\n<meta property=\"og:title\" content=\"NP Adult small br Veal Duck 200 g - Zooland.az\" \/>\n<meta property=\"og:description\" content=\"canned pet food for adult dogs with veal and duck   Nature&#039;s Protection is a Super Premium canned pet food for Adult Small Breeds dogs with Veal &amp; Duck, served in a delicious broth and supplemented with minerals.\u00a0The main source of protein is quality veal and duck. This food is soft and easy to chew, composition of meat and broth are highly digestible. Nature\u2018s Protection canned pet food\u00a0is designed to meet the different needs of young and adult dogs. The main source of protein in this pet food is the meat of high nutritional value.\" \/>\n<meta property=\"og:url\" content=\"https:\/\/zoo-land.az\/az\/shop\/dog\/dog-wetfoods-conserves\/np-adult-small-br-veal-duck-200-g\/\" \/>\n<meta property=\"og:site_name\" content=\"Zooland.az\" \/>\n<meta property=\"article:modified_time\" content=\"2024-05-30T18:15:53+00:00\" \/>\n<meta property=\"og:image\" content=\"https:\/\/zoo-land.az\/wp-content\/uploads\/2024\/05\/\u0421\u043d\u0438\u043c\u043e\u043a-\u044d\u043a\u0440\u0430\u043d\u0430-2024-05-30-\u0432-22.14.55.png\" \/>\n\t<meta property=\"og:image:width\" content=\"704\" \/>\n\t<meta property=\"og:image:height\" content=\"648\" \/>\n\t<meta property=\"og:image:type\" content=\"image\/png\" \/>\n<meta name=\"twitter:card\" content=\"summary_large_image\" \/>\n<script type=\"application\/ld+json\" class=\"yoast-schema-graph\">{\"@context\":\"https:\/\/schema.org\",\"@graph\":[{\"@type\":\"WebPage\",\"@id\":\"https:\/\/zoo-land.az\/az\/shop\/dog\/dog-wetfoods-conserves\/np-adult-small-br-veal-duck-200-g\/\",\"url\":\"https:\/\/zoo-land.az\/az\/shop\/dog\/dog-wetfoods-conserves\/np-adult-small-br-veal-duck-200-g\/\",\"name\":\"NP Adult small br Veal Duck 200 g - Zooland.az\",\"isPartOf\":{\"@id\":\"https:\/\/zoo-land.az\/#website\"},\"primaryImageOfPage\":{\"@id\":\"https:\/\/zoo-land.az\/az\/shop\/dog\/dog-wetfoods-conserves\/np-adult-small-br-veal-duck-200-g\/#primaryimage\"},\"image\":{\"@id\":\"https:\/\/zoo-land.az\/az\/shop\/dog\/dog-wetfoods-conserves\/np-adult-small-br-veal-duck-200-g\/#primaryimage\"},\"thumbnailUrl\":\"https:\/\/zoo-land.az\/wp-content\/uploads\/2024\/05\/\u0421\u043d\u0438\u043c\u043e\u043a-\u044d\u043a\u0440\u0430\u043d\u0430-2024-05-30-\u0432-22.14.55.png\",\"datePublished\":\"2024-05-30T18:15:52+00:00\",\"dateModified\":\"2024-05-30T18:15:53+00:00\",\"breadcrumb\":{\"@id\":\"https:\/\/zoo-land.az\/az\/shop\/dog\/dog-wetfoods-conserves\/np-adult-small-br-veal-duck-200-g\/#breadcrumb\"},\"inLanguage\":\"az\",\"potentialAction\":[{\"@type\":\"ReadAction\",\"target\":[\"https:\/\/zoo-land.az\/az\/shop\/dog\/dog-wetfoods-conserves\/np-adult-small-br-veal-duck-200-g\/\"]}]},{\"@type\":\"ImageObject\",\"inLanguage\":\"az\",\"@id\":\"https:\/\/zoo-land.az\/az\/shop\/dog\/dog-wetfoods-conserves\/np-adult-small-br-veal-duck-200-g\/#primaryimage\",\"url\":\"https:\/\/zoo-land.az\/wp-content\/uploads\/2024\/05\/\u0421\u043d\u0438\u043c\u043e\u043a-\u044d\u043a\u0440\u0430\u043d\u0430-2024-05-30-\u0432-22.14.55.png\",\"contentUrl\":\"https:\/\/zoo-land.az\/wp-content\/uploads\/2024\/05\/\u0421\u043d\u0438\u043c\u043e\u043a-\u044d\u043a\u0440\u0430\u043d\u0430-2024-05-30-\u0432-22.14.55.png\",\"width\":704,\"height\":648},{\"@type\":\"BreadcrumbList\",\"@id\":\"https:\/\/zoo-land.az\/az\/shop\/dog\/dog-wetfoods-conserves\/np-adult-small-br-veal-duck-200-g\/#breadcrumb\",\"itemListElement\":[{\"@type\":\"ListItem\",\"position\":1,\"name\":\"Home\",\"item\":\"https:\/\/zoo-land.az\/ru\/\"},{\"@type\":\"ListItem\",\"position\":2,\"name\":\"Shop\",\"item\":\"https:\/\/zoo-land.az\/ru\/\"},{\"@type\":\"ListItem\",\"position\":3,\"name\":\"NP Adult small br Veal Duck 200 g\"}]},{\"@type\":\"WebSite\",\"@id\":\"https:\/\/zoo-land.az\/#website\",\"url\":\"https:\/\/zoo-land.az\/\",\"name\":\"Zooland.az\",\"description\":\"Xo\u015fb\u0259xt ev heyvanlar\u0131n\u0131n \u00fcnvan\u0131 Zooland.az\",\"publisher\":{\"@id\":\"https:\/\/zoo-land.az\/#organization\"},\"potentialAction\":[{\"@type\":\"SearchAction\",\"target\":{\"@type\":\"EntryPoint\",\"urlTemplate\":\"https:\/\/zoo-land.az\/?s={search_term_string}\"},\"query-input\":{\"@type\":\"PropertyValueSpecification\",\"valueRequired\":true,\"valueName\":\"search_term_string\"}}],\"inLanguage\":\"az\"},{\"@type\":\"Organization\",\"@id\":\"https:\/\/zoo-land.az\/#organization\",\"name\":\"Zooland.az\",\"url\":\"https:\/\/zoo-land.az\/\",\"logo\":{\"@type\":\"ImageObject\",\"inLanguage\":\"az\",\"@id\":\"https:\/\/zoo-land.az\/#\/schema\/logo\/image\/\",\"url\":\"https:\/\/zoo-land.az\/wp-content\/uploads\/2022\/05\/logo.svg\",\"contentUrl\":\"https:\/\/zoo-land.az\/wp-content\/uploads\/2022\/05\/logo.svg\",\"width\":113,\"height\":46,\"caption\":\"Zooland.az\"},\"image\":{\"@id\":\"https:\/\/zoo-land.az\/#\/schema\/logo\/image\/\"}}]}<\/script>\n<!-- \/ Yoast SEO plugin. -->","yoast_head_json":{"title":"NP Adult small br Veal Duck 200 g - Zooland.az","robots":{"index":"index","follow":"follow","max-snippet":"max-snippet:-1","max-image-preview":"max-image-preview:large","max-video-preview":"max-video-preview:-1"},"canonical":"https:\/\/zoo-land.az\/az\/shop\/dog\/dog-wetfoods-conserves\/np-adult-small-br-veal-duck-200-g\/","og_locale":"az_AZ","og_type":"article","og_title":"NP Adult small br Veal Duck 200 g - Zooland.az","og_description":"canned pet food for adult dogs with veal and duck   Nature's Protection is a Super Premium canned pet food for Adult Small Breeds dogs with Veal &amp; Duck, served in a delicious broth and supplemented with minerals.\u00a0The main source of protein is quality veal and duck. This food is soft and easy to chew, composition of meat and broth are highly digestible. Nature\u2018s Protection canned pet food\u00a0is designed to meet the different needs of young and adult dogs. The main source of protein in this pet food is the meat of high nutritional value.","og_url":"https:\/\/zoo-land.az\/az\/shop\/dog\/dog-wetfoods-conserves\/np-adult-small-br-veal-duck-200-g\/","og_site_name":"Zooland.az","article_modified_time":"2024-05-30T18:15:53+00:00","og_image":[{"width":704,"height":648,"url":"https:\/\/zoo-land.az\/wp-content\/uploads\/2024\/05\/\u0421\u043d\u0438\u043c\u043e\u043a-\u044d\u043a\u0440\u0430\u043d\u0430-2024-05-30-\u0432-22.14.55.png","type":"image\/png"}],"twitter_card":"summary_large_image","schema":{"@context":"https:\/\/schema.org","@graph":[{"@type":"WebPage","@id":"https:\/\/zoo-land.az\/az\/shop\/dog\/dog-wetfoods-conserves\/np-adult-small-br-veal-duck-200-g\/","url":"https:\/\/zoo-land.az\/az\/shop\/dog\/dog-wetfoods-conserves\/np-adult-small-br-veal-duck-200-g\/","name":"NP Adult small br Veal Duck 200 g - Zooland.az","isPartOf":{"@id":"https:\/\/zoo-land.az\/#website"},"primaryImageOfPage":{"@id":"https:\/\/zoo-land.az\/az\/shop\/dog\/dog-wetfoods-conserves\/np-adult-small-br-veal-duck-200-g\/#primaryimage"},"image":{"@id":"https:\/\/zoo-land.az\/az\/shop\/dog\/dog-wetfoods-conserves\/np-adult-small-br-veal-duck-200-g\/#primaryimage"},"thumbnailUrl":"https:\/\/zoo-land.az\/wp-content\/uploads\/2024\/05\/\u0421\u043d\u0438\u043c\u043e\u043a-\u044d\u043a\u0440\u0430\u043d\u0430-2024-05-30-\u0432-22.14.55.png","datePublished":"2024-05-30T18:15:52+00:00","dateModified":"2024-05-30T18:15:53+00:00","breadcrumb":{"@id":"https:\/\/zoo-land.az\/az\/shop\/dog\/dog-wetfoods-conserves\/np-adult-small-br-veal-duck-200-g\/#breadcrumb"},"inLanguage":"az","potentialAction":[{"@type":"ReadAction","target":["https:\/\/zoo-land.az\/az\/shop\/dog\/dog-wetfoods-conserves\/np-adult-small-br-veal-duck-200-g\/"]}]},{"@type":"ImageObject","inLanguage":"az","@id":"https:\/\/zoo-land.az\/az\/shop\/dog\/dog-wetfoods-conserves\/np-adult-small-br-veal-duck-200-g\/#primaryimage","url":"https:\/\/zoo-land.az\/wp-content\/uploads\/2024\/05\/\u0421\u043d\u0438\u043c\u043e\u043a-\u044d\u043a\u0440\u0430\u043d\u0430-2024-05-30-\u0432-22.14.55.png","contentUrl":"https:\/\/zoo-land.az\/wp-content\/uploads\/2024\/05\/\u0421\u043d\u0438\u043c\u043e\u043a-\u044d\u043a\u0440\u0430\u043d\u0430-2024-05-30-\u0432-22.14.55.png","width":704,"height":648},{"@type":"BreadcrumbList","@id":"https:\/\/zoo-land.az\/az\/shop\/dog\/dog-wetfoods-conserves\/np-adult-small-br-veal-duck-200-g\/#breadcrumb","itemListElement":[{"@type":"ListItem","position":1,"name":"Home","item":"https:\/\/zoo-land.az\/ru\/"},{"@type":"ListItem","position":2,"name":"Shop","item":"https:\/\/zoo-land.az\/ru\/"},{"@type":"ListItem","position":3,"name":"NP Adult small br Veal Duck 200 g"}]},{"@type":"WebSite","@id":"https:\/\/zoo-land.az\/#website","url":"https:\/\/zoo-land.az\/","name":"Zooland.az","description":"Xo\u015fb\u0259xt ev heyvanlar\u0131n\u0131n \u00fcnvan\u0131 Zooland.az","publisher":{"@id":"https:\/\/zoo-land.az\/#organization"},"potentialAction":[{"@type":"SearchAction","target":{"@type":"EntryPoint","urlTemplate":"https:\/\/zoo-land.az\/?s={search_term_string}"},"query-input":{"@type":"PropertyValueSpecification","valueRequired":true,"valueName":"search_term_string"}}],"inLanguage":"az"},{"@type":"Organization","@id":"https:\/\/zoo-land.az\/#organization","name":"Zooland.az","url":"https:\/\/zoo-land.az\/","logo":{"@type":"ImageObject","inLanguage":"az","@id":"https:\/\/zoo-land.az\/#\/schema\/logo\/image\/","url":"https:\/\/zoo-land.az\/wp-content\/uploads\/2022\/05\/logo.svg","contentUrl":"https:\/\/zoo-land.az\/wp-content\/uploads\/2022\/05\/logo.svg","width":113,"height":46,"caption":"Zooland.az"},"image":{"@id":"https:\/\/zoo-land.az\/#\/schema\/logo\/image\/"}}]}},"_links":{"self":[{"href":"https:\/\/zoo-land.az\/az\/wp-json\/wp\/v2\/product\/22040","targetHints":{"allow":["GET"]}}],"collection":[{"href":"https:\/\/zoo-land.az\/az\/wp-json\/wp\/v2\/product"}],"about":[{"href":"https:\/\/zoo-land.az\/az\/wp-json\/wp\/v2\/types\/product"}],"wp:featuredmedia":[{"embeddable":true,"href":"https:\/\/zoo-land.az\/az\/wp-json\/wp\/v2\/media\/22041"}],"wp:attachment":[{"href":"https:\/\/zoo-land.az\/az\/wp-json\/wp\/v2\/media?parent=22040"}],"wp:term":[{"taxonomy":"product_cat","embeddable":true,"href":"https:\/\/zoo-land.az\/az\/wp-json\/wp\/v2\/product_cat?post=22040"},{"taxonomy":"product_tag","embeddable":true,"href":"https:\/\/zoo-land.az\/az\/wp-json\/wp\/v2\/product_tag?post=22040"}],"curies":[{"name":"wp","href":"https:\/\/api.w.org\/{rel}","templated":true}]}}