{"id":22060,"date":"2024-05-30T18:52:32","date_gmt":"2024-05-30T18:52:32","guid":{"rendered":"https:\/\/lightsteelblue-zebra-299715.hostingersite.com\/?post_type=product&#038;p=22060"},"modified":"2024-05-30T18:52:32","modified_gmt":"2024-05-30T18:52:32","slug":"npsc-white-dogs-all-br-adult-salmon-tuna-soup-140-ml","status":"publish","type":"product","link":"https:\/\/zoo-land.az\/az\/shop\/dog\/dog-wetfoods-conserves\/npsc-white-dogs-all-br-adult-salmon-tuna-soup-140-ml\/","title":{"rendered":"NPSC White dogs All br Adult salmon tuna soup 140 ml"},"content":{"rendered":"<p class=\"head\"><strong>White Dogs complementary feed &#8211; soup for adult dogs of all breeds with salmon and tuna<\/strong><\/p>\n<div class=\"text-normal\">\n<p>Nature&#8217;s Protection Superior Care is a premium food supplement soup with Tuna &amp; Salmon, specially formulated for Adult All Breed Dogs with White Coat. This product can help maintain your pet&#8217;s healthy coat and skin. This soup is gluten free, specially formulated for pets with sensitive digestive system. It can be used as a topper for beater palatability and digestibility.<\/p>\n<\/div>","protected":false},"excerpt":{"rendered":"<p class=\"head\"><strong>White Dogs complementary feed &#8211; soup for adult dogs of all breeds with salmon and tuna<\/strong><\/p>\n<div class=\"text-normal\">\n<p>Nature&#8217;s Protection Superior Care is a premium food supplement soup with Tuna &amp; Salmon, specially formulated for Adult All Breed Dogs with White Coat. This product can help maintain your pet&#8217;s healthy coat and skin. This soup is gluten free, specially formulated for pets with sensitive digestive system. It can be used as a topper for beater palatability and digestibility.<\/p>\n<\/div>","protected":false},"featured_media":22063,"template":"","meta":{"inline_featured_image":false,"_joinchat":[]},"product_cat":[107,154],"product_tag":[],"class_list":{"0":"post-22060","1":"product","2":"type-product","3":"status-publish","4":"has-post-thumbnail","6":"product_brand-natures-protection","7":"product_cat-dog","8":"product_cat-dog-wetfoods-conserves","10":"first","11":"instock","12":"shipping-taxable","13":"purchasable","14":"product-type-simple"},"yoast_head":"<!-- This site is optimized with the Yoast SEO plugin v26.7 - https:\/\/yoast.com\/wordpress\/plugins\/seo\/ -->\n<title>NPSC White dogs All br Adult salmon tuna soup 140 ml - Zooland.az<\/title>\n<meta name=\"robots\" content=\"index, follow, max-snippet:-1, max-image-preview:large, max-video-preview:-1\" \/>\n<link rel=\"canonical\" href=\"https:\/\/zoo-land.az\/az\/shop\/dog\/dog-wetfoods-conserves\/npsc-white-dogs-all-br-adult-salmon-tuna-soup-140-ml\/\" \/>\n<meta property=\"og:locale\" content=\"az_AZ\" \/>\n<meta property=\"og:type\" content=\"article\" \/>\n<meta property=\"og:title\" content=\"NPSC White dogs All br Adult salmon tuna soup 140 ml - Zooland.az\" \/>\n<meta property=\"og:description\" content=\"White Dogs complementary feed - soup for adult dogs of all breeds with salmon and tuna    Nature&#039;s Protection Superior Care is a premium food supplement soup with Tuna &amp; Salmon, specially formulated for Adult All Breed Dogs with White Coat. This product can help maintain your pet&#039;s healthy coat and skin. This soup is gluten free, specially formulated for pets with sensitive digestive system. It can be used as a topper for beater palatability and digestibility.\" \/>\n<meta property=\"og:url\" content=\"https:\/\/zoo-land.az\/az\/shop\/dog\/dog-wetfoods-conserves\/npsc-white-dogs-all-br-adult-salmon-tuna-soup-140-ml\/\" \/>\n<meta property=\"og:site_name\" content=\"Zooland.az\" \/>\n<meta name=\"twitter:card\" content=\"summary_large_image\" \/>\n<script type=\"application\/ld+json\" class=\"yoast-schema-graph\">{\"@context\":\"https:\/\/schema.org\",\"@graph\":[{\"@type\":\"WebPage\",\"@id\":\"https:\/\/zoo-land.az\/shop\/dog\/dog-wetfoods-conserves\/npsc-white-dogs-all-br-adult-salmon-tuna-soup-140-ml\/\",\"url\":\"https:\/\/zoo-land.az\/shop\/dog\/dog-wetfoods-conserves\/npsc-white-dogs-all-br-adult-salmon-tuna-soup-140-ml\/\",\"name\":\"NPSC White dogs All br Adult salmon tuna soup 140 ml - Zooland.az\",\"isPartOf\":{\"@id\":\"https:\/\/zoo-land.az\/#website\"},\"primaryImageOfPage\":{\"@id\":\"https:\/\/zoo-land.az\/shop\/dog\/dog-wetfoods-conserves\/npsc-white-dogs-all-br-adult-salmon-tuna-soup-140-ml\/#primaryimage\"},\"image\":{\"@id\":\"https:\/\/zoo-land.az\/shop\/dog\/dog-wetfoods-conserves\/npsc-white-dogs-all-br-adult-salmon-tuna-soup-140-ml\/#primaryimage\"},\"thumbnailUrl\":\"https:\/\/zoo-land.az\/wp-content\/uploads\/2024\/05\/f1176b9c-ac93-11ee-a275-cae8e570108b_vc_2_npsc_wd_wellness_soup_with_tunasalmon_mix_3d680_680resizebg__1_.avif\",\"datePublished\":\"2024-05-30T18:52:32+00:00\",\"breadcrumb\":{\"@id\":\"https:\/\/zoo-land.az\/shop\/dog\/dog-wetfoods-conserves\/npsc-white-dogs-all-br-adult-salmon-tuna-soup-140-ml\/#breadcrumb\"},\"inLanguage\":\"az\",\"potentialAction\":[{\"@type\":\"ReadAction\",\"target\":[\"https:\/\/zoo-land.az\/shop\/dog\/dog-wetfoods-conserves\/npsc-white-dogs-all-br-adult-salmon-tuna-soup-140-ml\/\"]}]},{\"@type\":\"ImageObject\",\"inLanguage\":\"az\",\"@id\":\"https:\/\/zoo-land.az\/shop\/dog\/dog-wetfoods-conserves\/npsc-white-dogs-all-br-adult-salmon-tuna-soup-140-ml\/#primaryimage\",\"url\":\"https:\/\/zoo-land.az\/wp-content\/uploads\/2024\/05\/f1176b9c-ac93-11ee-a275-cae8e570108b_vc_2_npsc_wd_wellness_soup_with_tunasalmon_mix_3d680_680resizebg__1_.avif\",\"contentUrl\":\"https:\/\/zoo-land.az\/wp-content\/uploads\/2024\/05\/f1176b9c-ac93-11ee-a275-cae8e570108b_vc_2_npsc_wd_wellness_soup_with_tunasalmon_mix_3d680_680resizebg__1_.avif\",\"width\":1156,\"height\":650},{\"@type\":\"BreadcrumbList\",\"@id\":\"https:\/\/zoo-land.az\/shop\/dog\/dog-wetfoods-conserves\/npsc-white-dogs-all-br-adult-salmon-tuna-soup-140-ml\/#breadcrumb\",\"itemListElement\":[{\"@type\":\"ListItem\",\"position\":1,\"name\":\"Home\",\"item\":\"https:\/\/zoo-land.az\/ru\/\"},{\"@type\":\"ListItem\",\"position\":2,\"name\":\"Shop\",\"item\":\"https:\/\/zoo-land.az\/ru\/\"},{\"@type\":\"ListItem\",\"position\":3,\"name\":\"NPSC White dogs All br Adult salmon tuna soup 140 ml\"}]},{\"@type\":\"WebSite\",\"@id\":\"https:\/\/zoo-land.az\/#website\",\"url\":\"https:\/\/zoo-land.az\/\",\"name\":\"Zooland.az\",\"description\":\"Xo\u015fb\u0259xt ev heyvanlar\u0131n\u0131n \u00fcnvan\u0131 Zooland.az\",\"publisher\":{\"@id\":\"https:\/\/zoo-land.az\/#organization\"},\"potentialAction\":[{\"@type\":\"SearchAction\",\"target\":{\"@type\":\"EntryPoint\",\"urlTemplate\":\"https:\/\/zoo-land.az\/?s={search_term_string}\"},\"query-input\":{\"@type\":\"PropertyValueSpecification\",\"valueRequired\":true,\"valueName\":\"search_term_string\"}}],\"inLanguage\":\"az\"},{\"@type\":\"Organization\",\"@id\":\"https:\/\/zoo-land.az\/#organization\",\"name\":\"Zooland.az\",\"url\":\"https:\/\/zoo-land.az\/\",\"logo\":{\"@type\":\"ImageObject\",\"inLanguage\":\"az\",\"@id\":\"https:\/\/zoo-land.az\/#\/schema\/logo\/image\/\",\"url\":\"https:\/\/zoo-land.az\/wp-content\/uploads\/2022\/05\/logo.svg\",\"contentUrl\":\"https:\/\/zoo-land.az\/wp-content\/uploads\/2022\/05\/logo.svg\",\"width\":113,\"height\":46,\"caption\":\"Zooland.az\"},\"image\":{\"@id\":\"https:\/\/zoo-land.az\/#\/schema\/logo\/image\/\"}}]}<\/script>\n<!-- \/ Yoast SEO plugin. -->","yoast_head_json":{"title":"NPSC White dogs All br Adult salmon tuna soup 140 ml - Zooland.az","robots":{"index":"index","follow":"follow","max-snippet":"max-snippet:-1","max-image-preview":"max-image-preview:large","max-video-preview":"max-video-preview:-1"},"canonical":"https:\/\/zoo-land.az\/az\/shop\/dog\/dog-wetfoods-conserves\/npsc-white-dogs-all-br-adult-salmon-tuna-soup-140-ml\/","og_locale":"az_AZ","og_type":"article","og_title":"NPSC White dogs All br Adult salmon tuna soup 140 ml - Zooland.az","og_description":"White Dogs complementary feed - soup for adult dogs of all breeds with salmon and tuna    Nature's Protection Superior Care is a premium food supplement soup with Tuna &amp; Salmon, specially formulated for Adult All Breed Dogs with White Coat. This product can help maintain your pet's healthy coat and skin. This soup is gluten free, specially formulated for pets with sensitive digestive system. It can be used as a topper for beater palatability and digestibility.","og_url":"https:\/\/zoo-land.az\/az\/shop\/dog\/dog-wetfoods-conserves\/npsc-white-dogs-all-br-adult-salmon-tuna-soup-140-ml\/","og_site_name":"Zooland.az","twitter_card":"summary_large_image","schema":{"@context":"https:\/\/schema.org","@graph":[{"@type":"WebPage","@id":"https:\/\/zoo-land.az\/shop\/dog\/dog-wetfoods-conserves\/npsc-white-dogs-all-br-adult-salmon-tuna-soup-140-ml\/","url":"https:\/\/zoo-land.az\/shop\/dog\/dog-wetfoods-conserves\/npsc-white-dogs-all-br-adult-salmon-tuna-soup-140-ml\/","name":"NPSC White dogs All br Adult salmon tuna soup 140 ml - Zooland.az","isPartOf":{"@id":"https:\/\/zoo-land.az\/#website"},"primaryImageOfPage":{"@id":"https:\/\/zoo-land.az\/shop\/dog\/dog-wetfoods-conserves\/npsc-white-dogs-all-br-adult-salmon-tuna-soup-140-ml\/#primaryimage"},"image":{"@id":"https:\/\/zoo-land.az\/shop\/dog\/dog-wetfoods-conserves\/npsc-white-dogs-all-br-adult-salmon-tuna-soup-140-ml\/#primaryimage"},"thumbnailUrl":"https:\/\/zoo-land.az\/wp-content\/uploads\/2024\/05\/f1176b9c-ac93-11ee-a275-cae8e570108b_vc_2_npsc_wd_wellness_soup_with_tunasalmon_mix_3d680_680resizebg__1_.avif","datePublished":"2024-05-30T18:52:32+00:00","breadcrumb":{"@id":"https:\/\/zoo-land.az\/shop\/dog\/dog-wetfoods-conserves\/npsc-white-dogs-all-br-adult-salmon-tuna-soup-140-ml\/#breadcrumb"},"inLanguage":"az","potentialAction":[{"@type":"ReadAction","target":["https:\/\/zoo-land.az\/shop\/dog\/dog-wetfoods-conserves\/npsc-white-dogs-all-br-adult-salmon-tuna-soup-140-ml\/"]}]},{"@type":"ImageObject","inLanguage":"az","@id":"https:\/\/zoo-land.az\/shop\/dog\/dog-wetfoods-conserves\/npsc-white-dogs-all-br-adult-salmon-tuna-soup-140-ml\/#primaryimage","url":"https:\/\/zoo-land.az\/wp-content\/uploads\/2024\/05\/f1176b9c-ac93-11ee-a275-cae8e570108b_vc_2_npsc_wd_wellness_soup_with_tunasalmon_mix_3d680_680resizebg__1_.avif","contentUrl":"https:\/\/zoo-land.az\/wp-content\/uploads\/2024\/05\/f1176b9c-ac93-11ee-a275-cae8e570108b_vc_2_npsc_wd_wellness_soup_with_tunasalmon_mix_3d680_680resizebg__1_.avif","width":1156,"height":650},{"@type":"BreadcrumbList","@id":"https:\/\/zoo-land.az\/shop\/dog\/dog-wetfoods-conserves\/npsc-white-dogs-all-br-adult-salmon-tuna-soup-140-ml\/#breadcrumb","itemListElement":[{"@type":"ListItem","position":1,"name":"Home","item":"https:\/\/zoo-land.az\/ru\/"},{"@type":"ListItem","position":2,"name":"Shop","item":"https:\/\/zoo-land.az\/ru\/"},{"@type":"ListItem","position":3,"name":"NPSC White dogs All br Adult salmon tuna soup 140 ml"}]},{"@type":"WebSite","@id":"https:\/\/zoo-land.az\/#website","url":"https:\/\/zoo-land.az\/","name":"Zooland.az","description":"Xo\u015fb\u0259xt ev heyvanlar\u0131n\u0131n \u00fcnvan\u0131 Zooland.az","publisher":{"@id":"https:\/\/zoo-land.az\/#organization"},"potentialAction":[{"@type":"SearchAction","target":{"@type":"EntryPoint","urlTemplate":"https:\/\/zoo-land.az\/?s={search_term_string}"},"query-input":{"@type":"PropertyValueSpecification","valueRequired":true,"valueName":"search_term_string"}}],"inLanguage":"az"},{"@type":"Organization","@id":"https:\/\/zoo-land.az\/#organization","name":"Zooland.az","url":"https:\/\/zoo-land.az\/","logo":{"@type":"ImageObject","inLanguage":"az","@id":"https:\/\/zoo-land.az\/#\/schema\/logo\/image\/","url":"https:\/\/zoo-land.az\/wp-content\/uploads\/2022\/05\/logo.svg","contentUrl":"https:\/\/zoo-land.az\/wp-content\/uploads\/2022\/05\/logo.svg","width":113,"height":46,"caption":"Zooland.az"},"image":{"@id":"https:\/\/zoo-land.az\/#\/schema\/logo\/image\/"}}]}},"_links":{"self":[{"href":"https:\/\/zoo-land.az\/az\/wp-json\/wp\/v2\/product\/22060","targetHints":{"allow":["GET"]}}],"collection":[{"href":"https:\/\/zoo-land.az\/az\/wp-json\/wp\/v2\/product"}],"about":[{"href":"https:\/\/zoo-land.az\/az\/wp-json\/wp\/v2\/types\/product"}],"wp:featuredmedia":[{"embeddable":true,"href":"https:\/\/zoo-land.az\/az\/wp-json\/wp\/v2\/media\/22063"}],"wp:attachment":[{"href":"https:\/\/zoo-land.az\/az\/wp-json\/wp\/v2\/media?parent=22060"}],"wp:term":[{"taxonomy":"product_cat","embeddable":true,"href":"https:\/\/zoo-land.az\/az\/wp-json\/wp\/v2\/product_cat?post=22060"},{"taxonomy":"product_tag","embeddable":true,"href":"https:\/\/zoo-land.az\/az\/wp-json\/wp\/v2\/product_tag?post=22060"}],"curies":[{"name":"wp","href":"https:\/\/api.w.org\/{rel}","templated":true}]}}