{"id":22062,"date":"2024-05-30T18:57:47","date_gmt":"2024-05-30T18:57:47","guid":{"rendered":"https:\/\/lightsteelblue-zebra-299715.hostingersite.com\/?post_type=product&#038;p=22062"},"modified":"2024-05-30T18:57:48","modified_gmt":"2024-05-30T18:57:48","slug":"npsc-red-coat-grain-free-lamb-adult-small-br-1-5-kg","status":"publish","type":"product","link":"https:\/\/zoo-land.az\/az\/shop\/dog\/dog-food\/npsc-red-coat-grain-free-lamb-adult-small-br-1-5-kg\/","title":{"rendered":"NPSC Red Coat Grain Free Lamb adult small br 1.5 kg"},"content":{"rendered":"<h4>Nature&#8217;s Protection Superior Care RED Coat Lamb Small Breed<\/h4>\n<p>NP Superior Care RED Coat Lamb Small Breed 1,5kg<\/p>\n<p>Nature&#8217;s Protection Superior Care Red Coat Grain Free Lamb is a high-quality, grain-free lamb\u00a0complete feed for adult dogs of small breeds.The pieces size is small. It helps protect and highlight the red coat\u00a0pigment, as well as nourish the skin and coat\u00a0from the inside out.<\/p>\n<p>Ingredients:\u00a0lamb 40% (dried and finely ground), dried potato pulp, sweet potato, pea, poultry fat, krill flour (4%), beet pulp, salmon oil, dynamically micronised clinoptilolite (1%),\u00a0linseed, fructooligosaccharide (FOS), yucca extract, extracted green tea, dried calendula (source of lutein).<\/p>\n<p>Additives &#8211; Nutritional additives \/ kg:\u00a0Vitamin A (3a672a) &#8211; 18000 IU, Vitamin D3 (3a671) * &#8211; 1500 IU, Vitamin E (3a700) &#8211; 530 mg, Folic acid (3a316) &#8211; 1 mg, Biotin (3a880) &#8211; 0.1 mg, ferrous sulphate monohydrate (3b103) &#8211; 50 mg, anhydrous calcium iodate (3b202) &#8211; 1.5 mg, copper (II) sulphate pentahydrate (3b405) &#8211; 5 mg, manganese sulphate monohydrate (3b503) &#8211; 20 mg, zinc sulphate (3b605) &#8211; 115 mg, sodium selenite (3b801) &#8211; 0.1 mg, L-tyrosine (3c401) &#8211; 500 mg, L-cystine (3c391) &#8211; 1 g, L-tryptophan (3c440) &#8211; 500 mg. Technological additives: rosemary extract, tocopherol extracts from vegetable oils (1b306 (i)).<\/p>\n<p>* Concomitant use with vitamin D2 is not permitted.<\/p>\n<p>Nutrient composition:\u00a0crude protein &#8211; 26%, Crude fiber &#8211; 2%, crude fat &#8211; 15%, crude ash &#8211; 10.6%, calcium &#8211; 1.9%, phosphorus &#8211; 1.15%, potassium &#8211; 0.65%, sodium &#8211; 0.35 %, Omega-3 fatty acids &#8211; 0.97%, Omega-6 fatty acids &#8211; 2.85%.<\/p>","protected":false},"excerpt":{"rendered":"<p>Nature&#8217;s Protection Superior Care Red Coat Grain Free Lamb is a high-quality, grain-free lamb\u00a0complete feed for adult dogs of small breeds.The pieces size is small. It helps protect and highlight the red coat\u00a0pigment, as well as nourish the skin and coat\u00a0from the inside out.<\/p>","protected":false},"featured_media":22064,"template":"","meta":{"inline_featured_image":false,"_joinchat":[]},"product_cat":[132,107],"product_tag":[],"class_list":{"0":"post-22062","1":"product","2":"type-product","3":"status-publish","4":"has-post-thumbnail","6":"product_brand-natures-protection","7":"product_cat-dog-food","8":"product_cat-dog","10":"first","11":"instock","12":"shipping-taxable","13":"purchasable","14":"product-type-simple"},"yoast_head":"<!-- This site is optimized with the Yoast SEO plugin v26.7 - https:\/\/yoast.com\/wordpress\/plugins\/seo\/ -->\n<title>NPSC Red Coat Grain Free Lamb adult small br 1.5 kg - Zooland.az<\/title>\n<meta name=\"robots\" content=\"index, follow, max-snippet:-1, max-image-preview:large, max-video-preview:-1\" \/>\n<link rel=\"canonical\" href=\"https:\/\/zoo-land.az\/az\/shop\/dog\/dog-food\/npsc-red-coat-grain-free-lamb-adult-small-br-1-5-kg\/\" \/>\n<meta property=\"og:locale\" content=\"az_AZ\" \/>\n<meta property=\"og:type\" content=\"article\" \/>\n<meta property=\"og:title\" content=\"NPSC Red Coat Grain Free Lamb adult small br 1.5 kg - Zooland.az\" \/>\n<meta property=\"og:description\" content=\"Nature&#039;s Protection Superior Care Red Coat Grain Free Lamb is a high-quality, grain-free lamb\u00a0complete feed for adult dogs of small breeds.The pieces size is small. It helps protect and highlight the red coat\u00a0pigment, as well as nourish the skin and coat\u00a0from the inside out.\" \/>\n<meta property=\"og:url\" content=\"https:\/\/zoo-land.az\/az\/shop\/dog\/dog-food\/npsc-red-coat-grain-free-lamb-adult-small-br-1-5-kg\/\" \/>\n<meta property=\"og:site_name\" content=\"Zooland.az\" \/>\n<meta property=\"article:modified_time\" content=\"2024-05-30T18:57:48+00:00\" \/>\n<meta property=\"og:image\" content=\"https:\/\/zoo-land.az\/wp-content\/uploads\/2024\/05\/TUNPS47232.jpg\" \/>\n\t<meta property=\"og:image:width\" content=\"800\" \/>\n\t<meta property=\"og:image:height\" content=\"800\" \/>\n\t<meta property=\"og:image:type\" content=\"image\/jpeg\" \/>\n<meta name=\"twitter:card\" content=\"summary_large_image\" \/>\n<meta name=\"twitter:label1\" content=\"Est. reading time\" \/>\n\t<meta name=\"twitter:data1\" content=\"1 minute\" \/>\n<script type=\"application\/ld+json\" class=\"yoast-schema-graph\">{\"@context\":\"https:\/\/schema.org\",\"@graph\":[{\"@type\":\"WebPage\",\"@id\":\"https:\/\/zoo-land.az\/ru\/shop\/dog\/dog-food\/npsc-red-coat-grain-free-lamb-adult-small-br-1-5-kg\/\",\"url\":\"https:\/\/zoo-land.az\/ru\/shop\/dog\/dog-food\/npsc-red-coat-grain-free-lamb-adult-small-br-1-5-kg\/\",\"name\":\"NPSC Red Coat Grain Free Lamb adult small br 1.5 kg - Zooland.az\",\"isPartOf\":{\"@id\":\"https:\/\/zoo-land.az\/#website\"},\"primaryImageOfPage\":{\"@id\":\"https:\/\/zoo-land.az\/ru\/shop\/dog\/dog-food\/npsc-red-coat-grain-free-lamb-adult-small-br-1-5-kg\/#primaryimage\"},\"image\":{\"@id\":\"https:\/\/zoo-land.az\/ru\/shop\/dog\/dog-food\/npsc-red-coat-grain-free-lamb-adult-small-br-1-5-kg\/#primaryimage\"},\"thumbnailUrl\":\"https:\/\/zoo-land.az\/wp-content\/uploads\/2024\/05\/TUNPS47232.jpg\",\"datePublished\":\"2024-05-30T18:57:47+00:00\",\"dateModified\":\"2024-05-30T18:57:48+00:00\",\"breadcrumb\":{\"@id\":\"https:\/\/zoo-land.az\/ru\/shop\/dog\/dog-food\/npsc-red-coat-grain-free-lamb-adult-small-br-1-5-kg\/#breadcrumb\"},\"inLanguage\":\"az\",\"potentialAction\":[{\"@type\":\"ReadAction\",\"target\":[\"https:\/\/zoo-land.az\/ru\/shop\/dog\/dog-food\/npsc-red-coat-grain-free-lamb-adult-small-br-1-5-kg\/\"]}]},{\"@type\":\"ImageObject\",\"inLanguage\":\"az\",\"@id\":\"https:\/\/zoo-land.az\/ru\/shop\/dog\/dog-food\/npsc-red-coat-grain-free-lamb-adult-small-br-1-5-kg\/#primaryimage\",\"url\":\"https:\/\/zoo-land.az\/wp-content\/uploads\/2024\/05\/TUNPS47232.jpg\",\"contentUrl\":\"https:\/\/zoo-land.az\/wp-content\/uploads\/2024\/05\/TUNPS47232.jpg\",\"width\":800,\"height\":800},{\"@type\":\"BreadcrumbList\",\"@id\":\"https:\/\/zoo-land.az\/ru\/shop\/dog\/dog-food\/npsc-red-coat-grain-free-lamb-adult-small-br-1-5-kg\/#breadcrumb\",\"itemListElement\":[{\"@type\":\"ListItem\",\"position\":1,\"name\":\"Home\",\"item\":\"https:\/\/zoo-land.az\/ru\/\"},{\"@type\":\"ListItem\",\"position\":2,\"name\":\"Shop\",\"item\":\"https:\/\/zoo-land.az\/ru\/\"},{\"@type\":\"ListItem\",\"position\":3,\"name\":\"NPSC Red Coat Grain Free Lamb adult small br 1.5 kg\"}]},{\"@type\":\"WebSite\",\"@id\":\"https:\/\/zoo-land.az\/#website\",\"url\":\"https:\/\/zoo-land.az\/\",\"name\":\"Zooland.az\",\"description\":\"Xo\u015fb\u0259xt ev heyvanlar\u0131n\u0131n \u00fcnvan\u0131 Zooland.az\",\"publisher\":{\"@id\":\"https:\/\/zoo-land.az\/#organization\"},\"potentialAction\":[{\"@type\":\"SearchAction\",\"target\":{\"@type\":\"EntryPoint\",\"urlTemplate\":\"https:\/\/zoo-land.az\/?s={search_term_string}\"},\"query-input\":{\"@type\":\"PropertyValueSpecification\",\"valueRequired\":true,\"valueName\":\"search_term_string\"}}],\"inLanguage\":\"az\"},{\"@type\":\"Organization\",\"@id\":\"https:\/\/zoo-land.az\/#organization\",\"name\":\"Zooland.az\",\"url\":\"https:\/\/zoo-land.az\/\",\"logo\":{\"@type\":\"ImageObject\",\"inLanguage\":\"az\",\"@id\":\"https:\/\/zoo-land.az\/#\/schema\/logo\/image\/\",\"url\":\"https:\/\/zoo-land.az\/wp-content\/uploads\/2022\/05\/logo.svg\",\"contentUrl\":\"https:\/\/zoo-land.az\/wp-content\/uploads\/2022\/05\/logo.svg\",\"width\":113,\"height\":46,\"caption\":\"Zooland.az\"},\"image\":{\"@id\":\"https:\/\/zoo-land.az\/#\/schema\/logo\/image\/\"}}]}<\/script>\n<!-- \/ Yoast SEO plugin. -->","yoast_head_json":{"title":"NPSC Red Coat Grain Free Lamb adult small br 1.5 kg - Zooland.az","robots":{"index":"index","follow":"follow","max-snippet":"max-snippet:-1","max-image-preview":"max-image-preview:large","max-video-preview":"max-video-preview:-1"},"canonical":"https:\/\/zoo-land.az\/az\/shop\/dog\/dog-food\/npsc-red-coat-grain-free-lamb-adult-small-br-1-5-kg\/","og_locale":"az_AZ","og_type":"article","og_title":"NPSC Red Coat Grain Free Lamb adult small br 1.5 kg - Zooland.az","og_description":"Nature's Protection Superior Care Red Coat Grain Free Lamb is a high-quality, grain-free lamb\u00a0complete feed for adult dogs of small breeds.The pieces size is small. It helps protect and highlight the red coat\u00a0pigment, as well as nourish the skin and coat\u00a0from the inside out.","og_url":"https:\/\/zoo-land.az\/az\/shop\/dog\/dog-food\/npsc-red-coat-grain-free-lamb-adult-small-br-1-5-kg\/","og_site_name":"Zooland.az","article_modified_time":"2024-05-30T18:57:48+00:00","og_image":[{"width":800,"height":800,"url":"https:\/\/zoo-land.az\/wp-content\/uploads\/2024\/05\/TUNPS47232.jpg","type":"image\/jpeg"}],"twitter_card":"summary_large_image","twitter_misc":{"Est. reading time":"1 minute"},"schema":{"@context":"https:\/\/schema.org","@graph":[{"@type":"WebPage","@id":"https:\/\/zoo-land.az\/ru\/shop\/dog\/dog-food\/npsc-red-coat-grain-free-lamb-adult-small-br-1-5-kg\/","url":"https:\/\/zoo-land.az\/ru\/shop\/dog\/dog-food\/npsc-red-coat-grain-free-lamb-adult-small-br-1-5-kg\/","name":"NPSC Red Coat Grain Free Lamb adult small br 1.5 kg - Zooland.az","isPartOf":{"@id":"https:\/\/zoo-land.az\/#website"},"primaryImageOfPage":{"@id":"https:\/\/zoo-land.az\/ru\/shop\/dog\/dog-food\/npsc-red-coat-grain-free-lamb-adult-small-br-1-5-kg\/#primaryimage"},"image":{"@id":"https:\/\/zoo-land.az\/ru\/shop\/dog\/dog-food\/npsc-red-coat-grain-free-lamb-adult-small-br-1-5-kg\/#primaryimage"},"thumbnailUrl":"https:\/\/zoo-land.az\/wp-content\/uploads\/2024\/05\/TUNPS47232.jpg","datePublished":"2024-05-30T18:57:47+00:00","dateModified":"2024-05-30T18:57:48+00:00","breadcrumb":{"@id":"https:\/\/zoo-land.az\/ru\/shop\/dog\/dog-food\/npsc-red-coat-grain-free-lamb-adult-small-br-1-5-kg\/#breadcrumb"},"inLanguage":"az","potentialAction":[{"@type":"ReadAction","target":["https:\/\/zoo-land.az\/ru\/shop\/dog\/dog-food\/npsc-red-coat-grain-free-lamb-adult-small-br-1-5-kg\/"]}]},{"@type":"ImageObject","inLanguage":"az","@id":"https:\/\/zoo-land.az\/ru\/shop\/dog\/dog-food\/npsc-red-coat-grain-free-lamb-adult-small-br-1-5-kg\/#primaryimage","url":"https:\/\/zoo-land.az\/wp-content\/uploads\/2024\/05\/TUNPS47232.jpg","contentUrl":"https:\/\/zoo-land.az\/wp-content\/uploads\/2024\/05\/TUNPS47232.jpg","width":800,"height":800},{"@type":"BreadcrumbList","@id":"https:\/\/zoo-land.az\/ru\/shop\/dog\/dog-food\/npsc-red-coat-grain-free-lamb-adult-small-br-1-5-kg\/#breadcrumb","itemListElement":[{"@type":"ListItem","position":1,"name":"Home","item":"https:\/\/zoo-land.az\/ru\/"},{"@type":"ListItem","position":2,"name":"Shop","item":"https:\/\/zoo-land.az\/ru\/"},{"@type":"ListItem","position":3,"name":"NPSC Red Coat Grain Free Lamb adult small br 1.5 kg"}]},{"@type":"WebSite","@id":"https:\/\/zoo-land.az\/#website","url":"https:\/\/zoo-land.az\/","name":"Zooland.az","description":"Xo\u015fb\u0259xt ev heyvanlar\u0131n\u0131n \u00fcnvan\u0131 Zooland.az","publisher":{"@id":"https:\/\/zoo-land.az\/#organization"},"potentialAction":[{"@type":"SearchAction","target":{"@type":"EntryPoint","urlTemplate":"https:\/\/zoo-land.az\/?s={search_term_string}"},"query-input":{"@type":"PropertyValueSpecification","valueRequired":true,"valueName":"search_term_string"}}],"inLanguage":"az"},{"@type":"Organization","@id":"https:\/\/zoo-land.az\/#organization","name":"Zooland.az","url":"https:\/\/zoo-land.az\/","logo":{"@type":"ImageObject","inLanguage":"az","@id":"https:\/\/zoo-land.az\/#\/schema\/logo\/image\/","url":"https:\/\/zoo-land.az\/wp-content\/uploads\/2022\/05\/logo.svg","contentUrl":"https:\/\/zoo-land.az\/wp-content\/uploads\/2022\/05\/logo.svg","width":113,"height":46,"caption":"Zooland.az"},"image":{"@id":"https:\/\/zoo-land.az\/#\/schema\/logo\/image\/"}}]}},"_links":{"self":[{"href":"https:\/\/zoo-land.az\/az\/wp-json\/wp\/v2\/product\/22062","targetHints":{"allow":["GET"]}}],"collection":[{"href":"https:\/\/zoo-land.az\/az\/wp-json\/wp\/v2\/product"}],"about":[{"href":"https:\/\/zoo-land.az\/az\/wp-json\/wp\/v2\/types\/product"}],"wp:featuredmedia":[{"embeddable":true,"href":"https:\/\/zoo-land.az\/az\/wp-json\/wp\/v2\/media\/22064"}],"wp:attachment":[{"href":"https:\/\/zoo-land.az\/az\/wp-json\/wp\/v2\/media?parent=22062"}],"wp:term":[{"taxonomy":"product_cat","embeddable":true,"href":"https:\/\/zoo-land.az\/az\/wp-json\/wp\/v2\/product_cat?post=22062"},{"taxonomy":"product_tag","embeddable":true,"href":"https:\/\/zoo-land.az\/az\/wp-json\/wp\/v2\/product_tag?post=22062"}],"curies":[{"name":"wp","href":"https:\/\/api.w.org\/{rel}","templated":true}]}}