{"id":22084,"date":"2024-05-30T19:35:44","date_gmt":"2024-05-30T19:35:44","guid":{"rendered":"https:\/\/lightsteelblue-zebra-299715.hostingersite.com\/?post_type=product&#038;p=22084"},"modified":"2024-05-30T19:35:44","modified_gmt":"2024-05-30T19:35:44","slug":"np-healthy-digestion-with-poultry-adult-all-br-110-g","status":"publish","type":"product","link":"https:\/\/zoo-land.az\/az\/shop\/dog\/dog-food\/np-healthy-digestion-with-poultry-adult-all-br-110-g\/","title":{"rendered":"NP Healthy Digestion with Poultry Adult all br 110 g"},"content":{"rendered":"<p>&nbsp;<\/p>\n<p><strong>NP Snack Poultry Weight Control<\/strong><\/p>\n<p><strong>Grain-free treats with poultry meat, salmon oil, and L-carnitine, designed for adult dogs to maintain optimal body weight and digestive tract function<\/strong><\/p>\n<p>Grains can cause allergies and digestive tract issues. These treats are ideal for dogs with sensitive digestive systems and those prone to allergies. The balanced composition of probiotics and prebiotics helps ensure a proper balance of intestinal bacteria, healthy gut flora, and digestion.<\/p>\n<p><strong>For sensitive and allergic dogs<\/strong><\/p>\n<p>Since these treats contain no grains, they are suitable for dogs with sensitive digestive tracts.<\/p>\n<p><strong>Poultry meat<\/strong><\/p>\n<p>The main source of protein is easily digestible poultry meat. Thanks to well-chosen protein sources, these treats are ideal for sensitive dogs.<\/p>\n<p><strong>Seaweed<\/strong><\/p>\n<p>Seaweed contains vitamins A, C, K, and B6, calcium, potassium, copper, iodine, and manganese, which help remove dental plaque and tartar.<\/p>\n<p><strong>Optimal mineral balance<\/strong><\/p>\n<p>Chitosamine reduces bad cholesterol levels in the blood, helps maintain optimal body weight, burns calories, and aids digestion.<\/p>\n<p>Green tea extract and dynamically micronized clinoptilolite reduce and control the absorption of bad cholesterol in the body.<\/p>\n<p><strong>T\u0259rkibi:<\/strong><\/p>\n<p>Dehydrated meat (poultry meat min 30%), potato meal, corn, hydrolyzed poultry meal, sorbitol, glycerin, glucose syrup, pea fiber, salmon oil 2%, seaweed Ascophyllum nodosum (2%), dynamically micronized clinoptilolite 1%, psyllium husk 1%, chitosamine, inulin 0.9%, probiotics Bacillus subtilis, minerals.<\/p>","protected":false},"excerpt":{"rendered":"<p>Grains can cause allergies and digestive tract issues. These treats are ideal for dogs with sensitive digestive systems and those prone to allergies. The balanced composition of probiotics and prebiotics helps ensure a proper balance of intestinal bacteria, healthy gut flora, and digestion.<\/p>","protected":false},"featured_media":22088,"template":"","meta":{"inline_featured_image":false,"_joinchat":[]},"product_cat":[132,107],"product_tag":[],"class_list":{"0":"post-22084","1":"product","2":"type-product","3":"status-publish","4":"has-post-thumbnail","6":"product_brand-natures-protection","7":"product_cat-dog-food","8":"product_cat-dog","10":"first","11":"instock","12":"shipping-taxable","13":"purchasable","14":"product-type-simple"},"yoast_head":"<!-- This site is optimized with the Yoast SEO plugin v26.7 - https:\/\/yoast.com\/wordpress\/plugins\/seo\/ -->\n<title>NP Healthy Digestion with Poultry Adult all br 110 g - Zooland.az<\/title>\n<meta name=\"robots\" content=\"index, follow, max-snippet:-1, max-image-preview:large, max-video-preview:-1\" \/>\n<link rel=\"canonical\" href=\"https:\/\/zoo-land.az\/az\/shop\/dog\/dog-food\/np-healthy-digestion-with-poultry-adult-all-br-110-g\/\" \/>\n<meta property=\"og:locale\" content=\"az_AZ\" \/>\n<meta property=\"og:type\" content=\"article\" \/>\n<meta property=\"og:title\" content=\"NP Healthy Digestion with Poultry Adult all br 110 g - Zooland.az\" \/>\n<meta property=\"og:description\" content=\"Grains can cause allergies and digestive tract issues. These treats are ideal for dogs with sensitive digestive systems and those prone to allergies. The balanced composition of probiotics and prebiotics helps ensure a proper balance of intestinal bacteria, healthy gut flora, and digestion.\" \/>\n<meta property=\"og:url\" content=\"https:\/\/zoo-land.az\/az\/shop\/dog\/dog-food\/np-healthy-digestion-with-poultry-adult-all-br-110-g\/\" \/>\n<meta property=\"og:site_name\" content=\"Zooland.az\" \/>\n<meta property=\"og:image\" content=\"https:\/\/zoo-land.az\/wp-content\/uploads\/2024\/05\/np-snack-poultry-healthy-digestion-110-g.png\" \/>\n\t<meta property=\"og:image:width\" content=\"300\" \/>\n\t<meta property=\"og:image:height\" content=\"300\" \/>\n\t<meta property=\"og:image:type\" content=\"image\/png\" \/>\n<meta name=\"twitter:card\" content=\"summary_large_image\" \/>\n<meta name=\"twitter:label1\" content=\"Est. reading time\" \/>\n\t<meta name=\"twitter:data1\" content=\"1 minute\" \/>\n<script type=\"application\/ld+json\" class=\"yoast-schema-graph\">{\"@context\":\"https:\/\/schema.org\",\"@graph\":[{\"@type\":\"WebPage\",\"@id\":\"https:\/\/zoo-land.az\/shop\/dog\/dog-food\/np-healthy-digestion-with-poultry-adult-all-br-110-g\/\",\"url\":\"https:\/\/zoo-land.az\/shop\/dog\/dog-food\/np-healthy-digestion-with-poultry-adult-all-br-110-g\/\",\"name\":\"NP Healthy Digestion with Poultry Adult all br 110 g - Zooland.az\",\"isPartOf\":{\"@id\":\"https:\/\/zoo-land.az\/#website\"},\"primaryImageOfPage\":{\"@id\":\"https:\/\/zoo-land.az\/shop\/dog\/dog-food\/np-healthy-digestion-with-poultry-adult-all-br-110-g\/#primaryimage\"},\"image\":{\"@id\":\"https:\/\/zoo-land.az\/shop\/dog\/dog-food\/np-healthy-digestion-with-poultry-adult-all-br-110-g\/#primaryimage\"},\"thumbnailUrl\":\"https:\/\/zoo-land.az\/wp-content\/uploads\/2024\/05\/np-snack-poultry-healthy-digestion-110-g.png\",\"datePublished\":\"2024-05-30T19:35:44+00:00\",\"breadcrumb\":{\"@id\":\"https:\/\/zoo-land.az\/shop\/dog\/dog-food\/np-healthy-digestion-with-poultry-adult-all-br-110-g\/#breadcrumb\"},\"inLanguage\":\"az\",\"potentialAction\":[{\"@type\":\"ReadAction\",\"target\":[\"https:\/\/zoo-land.az\/shop\/dog\/dog-food\/np-healthy-digestion-with-poultry-adult-all-br-110-g\/\"]}]},{\"@type\":\"ImageObject\",\"inLanguage\":\"az\",\"@id\":\"https:\/\/zoo-land.az\/shop\/dog\/dog-food\/np-healthy-digestion-with-poultry-adult-all-br-110-g\/#primaryimage\",\"url\":\"https:\/\/zoo-land.az\/wp-content\/uploads\/2024\/05\/np-snack-poultry-healthy-digestion-110-g.png\",\"contentUrl\":\"https:\/\/zoo-land.az\/wp-content\/uploads\/2024\/05\/np-snack-poultry-healthy-digestion-110-g.png\",\"width\":300,\"height\":300},{\"@type\":\"BreadcrumbList\",\"@id\":\"https:\/\/zoo-land.az\/shop\/dog\/dog-food\/np-healthy-digestion-with-poultry-adult-all-br-110-g\/#breadcrumb\",\"itemListElement\":[{\"@type\":\"ListItem\",\"position\":1,\"name\":\"Home\",\"item\":\"https:\/\/zoo-land.az\/ru\/\"},{\"@type\":\"ListItem\",\"position\":2,\"name\":\"Shop\",\"item\":\"https:\/\/zoo-land.az\/ru\/\"},{\"@type\":\"ListItem\",\"position\":3,\"name\":\"NP Healthy Digestion with Poultry Adult all br 110 g\"}]},{\"@type\":\"WebSite\",\"@id\":\"https:\/\/zoo-land.az\/#website\",\"url\":\"https:\/\/zoo-land.az\/\",\"name\":\"Zooland.az\",\"description\":\"Xo\u015fb\u0259xt ev heyvanlar\u0131n\u0131n \u00fcnvan\u0131 Zooland.az\",\"publisher\":{\"@id\":\"https:\/\/zoo-land.az\/#organization\"},\"potentialAction\":[{\"@type\":\"SearchAction\",\"target\":{\"@type\":\"EntryPoint\",\"urlTemplate\":\"https:\/\/zoo-land.az\/?s={search_term_string}\"},\"query-input\":{\"@type\":\"PropertyValueSpecification\",\"valueRequired\":true,\"valueName\":\"search_term_string\"}}],\"inLanguage\":\"az\"},{\"@type\":\"Organization\",\"@id\":\"https:\/\/zoo-land.az\/#organization\",\"name\":\"Zooland.az\",\"url\":\"https:\/\/zoo-land.az\/\",\"logo\":{\"@type\":\"ImageObject\",\"inLanguage\":\"az\",\"@id\":\"https:\/\/zoo-land.az\/#\/schema\/logo\/image\/\",\"url\":\"https:\/\/zoo-land.az\/wp-content\/uploads\/2022\/05\/logo.svg\",\"contentUrl\":\"https:\/\/zoo-land.az\/wp-content\/uploads\/2022\/05\/logo.svg\",\"width\":113,\"height\":46,\"caption\":\"Zooland.az\"},\"image\":{\"@id\":\"https:\/\/zoo-land.az\/#\/schema\/logo\/image\/\"}}]}<\/script>\n<!-- \/ Yoast SEO plugin. -->","yoast_head_json":{"title":"NP Healthy Digestion with Poultry Adult all br 110 g - Zooland.az","robots":{"index":"index","follow":"follow","max-snippet":"max-snippet:-1","max-image-preview":"max-image-preview:large","max-video-preview":"max-video-preview:-1"},"canonical":"https:\/\/zoo-land.az\/az\/shop\/dog\/dog-food\/np-healthy-digestion-with-poultry-adult-all-br-110-g\/","og_locale":"az_AZ","og_type":"article","og_title":"NP Healthy Digestion with Poultry Adult all br 110 g - Zooland.az","og_description":"Grains can cause allergies and digestive tract issues. These treats are ideal for dogs with sensitive digestive systems and those prone to allergies. The balanced composition of probiotics and prebiotics helps ensure a proper balance of intestinal bacteria, healthy gut flora, and digestion.","og_url":"https:\/\/zoo-land.az\/az\/shop\/dog\/dog-food\/np-healthy-digestion-with-poultry-adult-all-br-110-g\/","og_site_name":"Zooland.az","og_image":[{"width":300,"height":300,"url":"https:\/\/zoo-land.az\/wp-content\/uploads\/2024\/05\/np-snack-poultry-healthy-digestion-110-g.png","type":"image\/png"}],"twitter_card":"summary_large_image","twitter_misc":{"Est. reading time":"1 minute"},"schema":{"@context":"https:\/\/schema.org","@graph":[{"@type":"WebPage","@id":"https:\/\/zoo-land.az\/shop\/dog\/dog-food\/np-healthy-digestion-with-poultry-adult-all-br-110-g\/","url":"https:\/\/zoo-land.az\/shop\/dog\/dog-food\/np-healthy-digestion-with-poultry-adult-all-br-110-g\/","name":"NP Healthy Digestion with Poultry Adult all br 110 g - Zooland.az","isPartOf":{"@id":"https:\/\/zoo-land.az\/#website"},"primaryImageOfPage":{"@id":"https:\/\/zoo-land.az\/shop\/dog\/dog-food\/np-healthy-digestion-with-poultry-adult-all-br-110-g\/#primaryimage"},"image":{"@id":"https:\/\/zoo-land.az\/shop\/dog\/dog-food\/np-healthy-digestion-with-poultry-adult-all-br-110-g\/#primaryimage"},"thumbnailUrl":"https:\/\/zoo-land.az\/wp-content\/uploads\/2024\/05\/np-snack-poultry-healthy-digestion-110-g.png","datePublished":"2024-05-30T19:35:44+00:00","breadcrumb":{"@id":"https:\/\/zoo-land.az\/shop\/dog\/dog-food\/np-healthy-digestion-with-poultry-adult-all-br-110-g\/#breadcrumb"},"inLanguage":"az","potentialAction":[{"@type":"ReadAction","target":["https:\/\/zoo-land.az\/shop\/dog\/dog-food\/np-healthy-digestion-with-poultry-adult-all-br-110-g\/"]}]},{"@type":"ImageObject","inLanguage":"az","@id":"https:\/\/zoo-land.az\/shop\/dog\/dog-food\/np-healthy-digestion-with-poultry-adult-all-br-110-g\/#primaryimage","url":"https:\/\/zoo-land.az\/wp-content\/uploads\/2024\/05\/np-snack-poultry-healthy-digestion-110-g.png","contentUrl":"https:\/\/zoo-land.az\/wp-content\/uploads\/2024\/05\/np-snack-poultry-healthy-digestion-110-g.png","width":300,"height":300},{"@type":"BreadcrumbList","@id":"https:\/\/zoo-land.az\/shop\/dog\/dog-food\/np-healthy-digestion-with-poultry-adult-all-br-110-g\/#breadcrumb","itemListElement":[{"@type":"ListItem","position":1,"name":"Home","item":"https:\/\/zoo-land.az\/ru\/"},{"@type":"ListItem","position":2,"name":"Shop","item":"https:\/\/zoo-land.az\/ru\/"},{"@type":"ListItem","position":3,"name":"NP Healthy Digestion with Poultry Adult all br 110 g"}]},{"@type":"WebSite","@id":"https:\/\/zoo-land.az\/#website","url":"https:\/\/zoo-land.az\/","name":"Zooland.az","description":"Xo\u015fb\u0259xt ev heyvanlar\u0131n\u0131n \u00fcnvan\u0131 Zooland.az","publisher":{"@id":"https:\/\/zoo-land.az\/#organization"},"potentialAction":[{"@type":"SearchAction","target":{"@type":"EntryPoint","urlTemplate":"https:\/\/zoo-land.az\/?s={search_term_string}"},"query-input":{"@type":"PropertyValueSpecification","valueRequired":true,"valueName":"search_term_string"}}],"inLanguage":"az"},{"@type":"Organization","@id":"https:\/\/zoo-land.az\/#organization","name":"Zooland.az","url":"https:\/\/zoo-land.az\/","logo":{"@type":"ImageObject","inLanguage":"az","@id":"https:\/\/zoo-land.az\/#\/schema\/logo\/image\/","url":"https:\/\/zoo-land.az\/wp-content\/uploads\/2022\/05\/logo.svg","contentUrl":"https:\/\/zoo-land.az\/wp-content\/uploads\/2022\/05\/logo.svg","width":113,"height":46,"caption":"Zooland.az"},"image":{"@id":"https:\/\/zoo-land.az\/#\/schema\/logo\/image\/"}}]}},"_links":{"self":[{"href":"https:\/\/zoo-land.az\/az\/wp-json\/wp\/v2\/product\/22084","targetHints":{"allow":["GET"]}}],"collection":[{"href":"https:\/\/zoo-land.az\/az\/wp-json\/wp\/v2\/product"}],"about":[{"href":"https:\/\/zoo-land.az\/az\/wp-json\/wp\/v2\/types\/product"}],"wp:featuredmedia":[{"embeddable":true,"href":"https:\/\/zoo-land.az\/az\/wp-json\/wp\/v2\/media\/22088"}],"wp:attachment":[{"href":"https:\/\/zoo-land.az\/az\/wp-json\/wp\/v2\/media?parent=22084"}],"wp:term":[{"taxonomy":"product_cat","embeddable":true,"href":"https:\/\/zoo-land.az\/az\/wp-json\/wp\/v2\/product_cat?post=22084"},{"taxonomy":"product_tag","embeddable":true,"href":"https:\/\/zoo-land.az\/az\/wp-json\/wp\/v2\/product_tag?post=22084"}],"curies":[{"name":"wp","href":"https:\/\/api.w.org\/{rel}","templated":true}]}}