{"id":22098,"date":"2024-05-30T19:56:42","date_gmt":"2024-05-30T19:56:42","guid":{"rendered":"https:\/\/lightsteelblue-zebra-299715.hostingersite.com\/?post_type=product&#038;p=22098"},"modified":"2024-05-30T19:56:42","modified_gmt":"2024-05-30T19:56:42","slug":"npsc-white-dogs-grain-free-hypoal-dental-white-fish-adult-all-br-110-g","status":"publish","type":"product","link":"https:\/\/zoo-land.az\/az\/shop\/dog\/dog-food\/npsc-white-dogs-grain-free-hypoal-dental-white-fish-adult-all-br-110-g\/","title":{"rendered":"NPSC White dogs grain free Hypoal Dental White fish Adult all br 110 g"},"content":{"rendered":"<p><strong>Nature&#8217;s Protection Superior Care White Dogs Grainless Food Supplement<\/strong><\/p>\n<p>This delicacy, formulated with white fish, is designed to maintain white and light fur in adult dogs prone to food allergies while promoting proper dental hygiene.<\/p>","protected":false},"excerpt":{"rendered":"<p><strong>Nature&#8217;s Protection Superior Care White Dogs Grainless Food Supplement<\/strong><\/p>\n<p>This delicacy, formulated with white fish, is designed to maintain white and light fur in adult dogs prone to food allergies while promoting proper dental hygiene.<\/p>","protected":false},"featured_media":22099,"template":"","meta":{"inline_featured_image":false,"_joinchat":[]},"product_cat":[132,107],"product_tag":[],"class_list":{"0":"post-22098","1":"product","2":"type-product","3":"status-publish","4":"has-post-thumbnail","6":"product_brand-natures-protection","7":"product_cat-dog-food","8":"product_cat-dog","10":"first","11":"instock","12":"shipping-taxable","13":"purchasable","14":"product-type-simple"},"yoast_head":"<!-- This site is optimized with the Yoast SEO plugin v27.4 - https:\/\/yoast.com\/product\/yoast-seo-wordpress\/ -->\n<title>NPSC White dogs grain free Hypoal Dental White fish Adult all br 110 g - Zooland.az<\/title>\n<meta name=\"robots\" content=\"index, follow, max-snippet:-1, max-image-preview:large, max-video-preview:-1\" \/>\n<link rel=\"canonical\" href=\"https:\/\/zoo-land.az\/az\/shop\/dog\/dog-food\/npsc-white-dogs-grain-free-hypoal-dental-white-fish-adult-all-br-110-g\/\" \/>\n<meta property=\"og:locale\" content=\"az_AZ\" \/>\n<meta property=\"og:type\" content=\"article\" \/>\n<meta property=\"og:title\" content=\"NPSC White dogs grain free Hypoal Dental White fish Adult all br 110 g - Zooland.az\" \/>\n<meta property=\"og:description\" content=\"Nature&#039;s Protection Superior Care White Dogs Grainless Food Supplement  This delicacy, formulated with white fish, is designed to maintain white and light fur in adult dogs prone to food allergies while promoting proper dental hygiene.\" \/>\n<meta property=\"og:url\" content=\"https:\/\/zoo-land.az\/az\/shop\/dog\/dog-food\/npsc-white-dogs-grain-free-hypoal-dental-white-fish-adult-all-br-110-g\/\" \/>\n<meta property=\"og:site_name\" content=\"Zooland.az\" \/>\n<meta property=\"og:image\" content=\"https:\/\/zoo-land.az\/wp-content\/uploads\/2024\/05\/\u0421\u043d\u0438\u043c\u043e\u043a-\u044d\u043a\u0440\u0430\u043d\u0430-2024-05-30-\u0432-23.52.49.png\" \/>\n\t<meta property=\"og:image:width\" content=\"750\" \/>\n\t<meta property=\"og:image:height\" content=\"988\" \/>\n\t<meta property=\"og:image:type\" content=\"image\/png\" \/>\n<meta name=\"twitter:card\" content=\"summary_large_image\" \/>\n<script type=\"application\/ld+json\" class=\"yoast-schema-graph\">{\"@context\":\"https:\\\/\\\/schema.org\",\"@graph\":[{\"@type\":\"WebPage\",\"@id\":\"https:\\\/\\\/zoo-land.az\\\/shop\\\/dog\\\/dog-food\\\/npsc-white-dogs-grain-free-hypoal-dental-white-fish-adult-all-br-110-g\\\/\",\"url\":\"https:\\\/\\\/zoo-land.az\\\/shop\\\/dog\\\/dog-food\\\/npsc-white-dogs-grain-free-hypoal-dental-white-fish-adult-all-br-110-g\\\/\",\"name\":\"NPSC White dogs grain free Hypoal Dental White fish Adult all br 110 g - Zooland.az\",\"isPartOf\":{\"@id\":\"https:\\\/\\\/zoo-land.az\\\/#website\"},\"primaryImageOfPage\":{\"@id\":\"https:\\\/\\\/zoo-land.az\\\/shop\\\/dog\\\/dog-food\\\/npsc-white-dogs-grain-free-hypoal-dental-white-fish-adult-all-br-110-g\\\/#primaryimage\"},\"image\":{\"@id\":\"https:\\\/\\\/zoo-land.az\\\/shop\\\/dog\\\/dog-food\\\/npsc-white-dogs-grain-free-hypoal-dental-white-fish-adult-all-br-110-g\\\/#primaryimage\"},\"thumbnailUrl\":\"https:\\\/\\\/zoo-land.az\\\/wp-content\\\/uploads\\\/2024\\\/05\\\/\u0421\u043d\u0438\u043c\u043e\u043a-\u044d\u043a\u0440\u0430\u043d\u0430-2024-05-30-\u0432-23.52.49.png\",\"datePublished\":\"2024-05-30T19:56:42+00:00\",\"breadcrumb\":{\"@id\":\"https:\\\/\\\/zoo-land.az\\\/shop\\\/dog\\\/dog-food\\\/npsc-white-dogs-grain-free-hypoal-dental-white-fish-adult-all-br-110-g\\\/#breadcrumb\"},\"inLanguage\":\"az\",\"potentialAction\":[{\"@type\":\"ReadAction\",\"target\":[\"https:\\\/\\\/zoo-land.az\\\/shop\\\/dog\\\/dog-food\\\/npsc-white-dogs-grain-free-hypoal-dental-white-fish-adult-all-br-110-g\\\/\"]}]},{\"@type\":\"ImageObject\",\"inLanguage\":\"az\",\"@id\":\"https:\\\/\\\/zoo-land.az\\\/shop\\\/dog\\\/dog-food\\\/npsc-white-dogs-grain-free-hypoal-dental-white-fish-adult-all-br-110-g\\\/#primaryimage\",\"url\":\"https:\\\/\\\/zoo-land.az\\\/wp-content\\\/uploads\\\/2024\\\/05\\\/\u0421\u043d\u0438\u043c\u043e\u043a-\u044d\u043a\u0440\u0430\u043d\u0430-2024-05-30-\u0432-23.52.49.png\",\"contentUrl\":\"https:\\\/\\\/zoo-land.az\\\/wp-content\\\/uploads\\\/2024\\\/05\\\/\u0421\u043d\u0438\u043c\u043e\u043a-\u044d\u043a\u0440\u0430\u043d\u0430-2024-05-30-\u0432-23.52.49.png\",\"width\":750,\"height\":988},{\"@type\":\"BreadcrumbList\",\"@id\":\"https:\\\/\\\/zoo-land.az\\\/shop\\\/dog\\\/dog-food\\\/npsc-white-dogs-grain-free-hypoal-dental-white-fish-adult-all-br-110-g\\\/#breadcrumb\",\"itemListElement\":[{\"@type\":\"ListItem\",\"position\":1,\"name\":\"Home\",\"item\":\"https:\\\/\\\/zoo-land.az\\\/ru\\\/\"},{\"@type\":\"ListItem\",\"position\":2,\"name\":\"Shop\",\"item\":\"https:\\\/\\\/zoo-land.az\\\/ru\\\/\"},{\"@type\":\"ListItem\",\"position\":3,\"name\":\"NPSC White dogs grain free Hypoal Dental White fish Adult all br 110 g\"}]},{\"@type\":\"WebSite\",\"@id\":\"https:\\\/\\\/zoo-land.az\\\/#website\",\"url\":\"https:\\\/\\\/zoo-land.az\\\/\",\"name\":\"Zooland.az\",\"description\":\"Xo\u015fb\u0259xt ev heyvanlar\u0131n\u0131n \u00fcnvan\u0131 Zooland.az\",\"publisher\":{\"@id\":\"https:\\\/\\\/zoo-land.az\\\/#organization\"},\"potentialAction\":[{\"@type\":\"SearchAction\",\"target\":{\"@type\":\"EntryPoint\",\"urlTemplate\":\"https:\\\/\\\/zoo-land.az\\\/?s={search_term_string}\"},\"query-input\":{\"@type\":\"PropertyValueSpecification\",\"valueRequired\":true,\"valueName\":\"search_term_string\"}}],\"inLanguage\":\"az\"},{\"@type\":\"Organization\",\"@id\":\"https:\\\/\\\/zoo-land.az\\\/#organization\",\"name\":\"Zooland.az\",\"url\":\"https:\\\/\\\/zoo-land.az\\\/\",\"logo\":{\"@type\":\"ImageObject\",\"inLanguage\":\"az\",\"@id\":\"https:\\\/\\\/zoo-land.az\\\/#\\\/schema\\\/logo\\\/image\\\/\",\"url\":\"https:\\\/\\\/zoo-land.az\\\/wp-content\\\/uploads\\\/2022\\\/05\\\/logo.svg\",\"contentUrl\":\"https:\\\/\\\/zoo-land.az\\\/wp-content\\\/uploads\\\/2022\\\/05\\\/logo.svg\",\"width\":113,\"height\":46,\"caption\":\"Zooland.az\"},\"image\":{\"@id\":\"https:\\\/\\\/zoo-land.az\\\/#\\\/schema\\\/logo\\\/image\\\/\"}}]}<\/script>\n<!-- \/ Yoast SEO plugin. -->","yoast_head_json":{"title":"NPSC White dogs grain free Hypoal Dental White fish Adult all br 110 g - Zooland.az","robots":{"index":"index","follow":"follow","max-snippet":"max-snippet:-1","max-image-preview":"max-image-preview:large","max-video-preview":"max-video-preview:-1"},"canonical":"https:\/\/zoo-land.az\/az\/shop\/dog\/dog-food\/npsc-white-dogs-grain-free-hypoal-dental-white-fish-adult-all-br-110-g\/","og_locale":"az_AZ","og_type":"article","og_title":"NPSC White dogs grain free Hypoal Dental White fish Adult all br 110 g - Zooland.az","og_description":"Nature's Protection Superior Care White Dogs Grainless Food Supplement  This delicacy, formulated with white fish, is designed to maintain white and light fur in adult dogs prone to food allergies while promoting proper dental hygiene.","og_url":"https:\/\/zoo-land.az\/az\/shop\/dog\/dog-food\/npsc-white-dogs-grain-free-hypoal-dental-white-fish-adult-all-br-110-g\/","og_site_name":"Zooland.az","og_image":[{"width":750,"height":988,"url":"https:\/\/zoo-land.az\/wp-content\/uploads\/2024\/05\/\u0421\u043d\u0438\u043c\u043e\u043a-\u044d\u043a\u0440\u0430\u043d\u0430-2024-05-30-\u0432-23.52.49.png","type":"image\/png"}],"twitter_card":"summary_large_image","schema":{"@context":"https:\/\/schema.org","@graph":[{"@type":"WebPage","@id":"https:\/\/zoo-land.az\/shop\/dog\/dog-food\/npsc-white-dogs-grain-free-hypoal-dental-white-fish-adult-all-br-110-g\/","url":"https:\/\/zoo-land.az\/shop\/dog\/dog-food\/npsc-white-dogs-grain-free-hypoal-dental-white-fish-adult-all-br-110-g\/","name":"NPSC White dogs grain free Hypoal Dental White fish Adult all br 110 g - Zooland.az","isPartOf":{"@id":"https:\/\/zoo-land.az\/#website"},"primaryImageOfPage":{"@id":"https:\/\/zoo-land.az\/shop\/dog\/dog-food\/npsc-white-dogs-grain-free-hypoal-dental-white-fish-adult-all-br-110-g\/#primaryimage"},"image":{"@id":"https:\/\/zoo-land.az\/shop\/dog\/dog-food\/npsc-white-dogs-grain-free-hypoal-dental-white-fish-adult-all-br-110-g\/#primaryimage"},"thumbnailUrl":"https:\/\/zoo-land.az\/wp-content\/uploads\/2024\/05\/\u0421\u043d\u0438\u043c\u043e\u043a-\u044d\u043a\u0440\u0430\u043d\u0430-2024-05-30-\u0432-23.52.49.png","datePublished":"2024-05-30T19:56:42+00:00","breadcrumb":{"@id":"https:\/\/zoo-land.az\/shop\/dog\/dog-food\/npsc-white-dogs-grain-free-hypoal-dental-white-fish-adult-all-br-110-g\/#breadcrumb"},"inLanguage":"az","potentialAction":[{"@type":"ReadAction","target":["https:\/\/zoo-land.az\/shop\/dog\/dog-food\/npsc-white-dogs-grain-free-hypoal-dental-white-fish-adult-all-br-110-g\/"]}]},{"@type":"ImageObject","inLanguage":"az","@id":"https:\/\/zoo-land.az\/shop\/dog\/dog-food\/npsc-white-dogs-grain-free-hypoal-dental-white-fish-adult-all-br-110-g\/#primaryimage","url":"https:\/\/zoo-land.az\/wp-content\/uploads\/2024\/05\/\u0421\u043d\u0438\u043c\u043e\u043a-\u044d\u043a\u0440\u0430\u043d\u0430-2024-05-30-\u0432-23.52.49.png","contentUrl":"https:\/\/zoo-land.az\/wp-content\/uploads\/2024\/05\/\u0421\u043d\u0438\u043c\u043e\u043a-\u044d\u043a\u0440\u0430\u043d\u0430-2024-05-30-\u0432-23.52.49.png","width":750,"height":988},{"@type":"BreadcrumbList","@id":"https:\/\/zoo-land.az\/shop\/dog\/dog-food\/npsc-white-dogs-grain-free-hypoal-dental-white-fish-adult-all-br-110-g\/#breadcrumb","itemListElement":[{"@type":"ListItem","position":1,"name":"Home","item":"https:\/\/zoo-land.az\/ru\/"},{"@type":"ListItem","position":2,"name":"Shop","item":"https:\/\/zoo-land.az\/ru\/"},{"@type":"ListItem","position":3,"name":"NPSC White dogs grain free Hypoal Dental White fish Adult all br 110 g"}]},{"@type":"WebSite","@id":"https:\/\/zoo-land.az\/#website","url":"https:\/\/zoo-land.az\/","name":"Zooland.az","description":"Xo\u015fb\u0259xt ev heyvanlar\u0131n\u0131n \u00fcnvan\u0131 Zooland.az","publisher":{"@id":"https:\/\/zoo-land.az\/#organization"},"potentialAction":[{"@type":"SearchAction","target":{"@type":"EntryPoint","urlTemplate":"https:\/\/zoo-land.az\/?s={search_term_string}"},"query-input":{"@type":"PropertyValueSpecification","valueRequired":true,"valueName":"search_term_string"}}],"inLanguage":"az"},{"@type":"Organization","@id":"https:\/\/zoo-land.az\/#organization","name":"Zooland.az","url":"https:\/\/zoo-land.az\/","logo":{"@type":"ImageObject","inLanguage":"az","@id":"https:\/\/zoo-land.az\/#\/schema\/logo\/image\/","url":"https:\/\/zoo-land.az\/wp-content\/uploads\/2022\/05\/logo.svg","contentUrl":"https:\/\/zoo-land.az\/wp-content\/uploads\/2022\/05\/logo.svg","width":113,"height":46,"caption":"Zooland.az"},"image":{"@id":"https:\/\/zoo-land.az\/#\/schema\/logo\/image\/"}}]}},"_links":{"self":[{"href":"https:\/\/zoo-land.az\/az\/wp-json\/wp\/v2\/product\/22098","targetHints":{"allow":["GET"]}}],"collection":[{"href":"https:\/\/zoo-land.az\/az\/wp-json\/wp\/v2\/product"}],"about":[{"href":"https:\/\/zoo-land.az\/az\/wp-json\/wp\/v2\/types\/product"}],"wp:featuredmedia":[{"embeddable":true,"href":"https:\/\/zoo-land.az\/az\/wp-json\/wp\/v2\/media\/22099"}],"wp:attachment":[{"href":"https:\/\/zoo-land.az\/az\/wp-json\/wp\/v2\/media?parent=22098"}],"wp:term":[{"taxonomy":"product_cat","embeddable":true,"href":"https:\/\/zoo-land.az\/az\/wp-json\/wp\/v2\/product_cat?post=22098"},{"taxonomy":"product_tag","embeddable":true,"href":"https:\/\/zoo-land.az\/az\/wp-json\/wp\/v2\/product_tag?post=22098"}],"curies":[{"name":"wp","href":"https:\/\/api.w.org\/{rel}","templated":true}]}}