{"id":22110,"date":"2024-05-30T20:45:41","date_gmt":"2024-05-30T20:45:41","guid":{"rendered":"https:\/\/lightsteelblue-zebra-299715.hostingersite.com\/?post_type=product&#038;p=22110"},"modified":"2024-05-30T20:45:41","modified_gmt":"2024-05-30T20:45:41","slug":"bestpet-chicken-adult-cats-400-g","status":"publish","type":"product","link":"https:\/\/zoo-land.az\/az\/shop\/cat\/cat-wetfoods\/bestpet-chicken-adult-cats-400-g\/","title":{"rendered":"Bestpet toyuq yetkin pi\u015fikl\u0259r 400 q"},"content":{"rendered":"<p>A canned food for adult cats, carefully formulated to improve skin and coat quality, enriched with balanced amino acids, vitamins, and minerals, containing pieces of chicken. Always provide fresh and clean water alongside the food. After opening, it should be refrigerated and consumed within a maximum of 3 days.<\/p>","protected":false},"excerpt":{"rendered":"<p>A canned food for adult cats, carefully formulated to improve skin and coat quality, enriched with balanced amino acids, vitamins, and minerals, containing pieces of chicken. Always provide fresh and clean water alongside the food. After opening, it should be refrigerated and consumed within a maximum of 3 days.<\/p>","protected":false},"featured_media":22111,"template":"","meta":{"inline_featured_image":false,"_joinchat":[]},"product_cat":[188,190],"product_tag":[],"class_list":{"0":"post-22110","1":"product","2":"type-product","3":"status-publish","4":"has-post-thumbnail","6":"product_brand-bestpet","7":"product_cat-cat","8":"product_cat-cat-wetfoods","10":"first","11":"instock","12":"shipping-taxable","13":"purchasable","14":"product-type-simple"},"yoast_head":"<!-- This site is optimized with the Yoast SEO plugin v26.7 - https:\/\/yoast.com\/wordpress\/plugins\/seo\/ -->\n<title>Bestpet chicken adult cats 400 g - Zooland.az<\/title>\n<meta name=\"robots\" content=\"index, follow, max-snippet:-1, max-image-preview:large, max-video-preview:-1\" \/>\n<link rel=\"canonical\" href=\"https:\/\/zoo-land.az\/az\/shop\/cat\/cat-wetfoods\/bestpet-chicken-adult-cats-400-g\/\" \/>\n<meta property=\"og:locale\" content=\"az_AZ\" \/>\n<meta property=\"og:type\" content=\"article\" \/>\n<meta property=\"og:title\" content=\"Bestpet chicken adult cats 400 g - Zooland.az\" \/>\n<meta property=\"og:description\" content=\"A canned food for adult cats, carefully formulated to improve skin and coat quality, enriched with balanced amino acids, vitamins, and minerals, containing pieces of chicken. Always provide fresh and clean water alongside the food. After opening, it should be refrigerated and consumed within a maximum of 3 days.\" \/>\n<meta property=\"og:url\" content=\"https:\/\/zoo-land.az\/az\/shop\/cat\/cat-wetfoods\/bestpet-chicken-adult-cats-400-g\/\" \/>\n<meta property=\"og:site_name\" content=\"Zooland.az\" \/>\n<meta property=\"og:image\" content=\"https:\/\/zoo-land.az\/wp-content\/uploads\/2024\/05\/\u0421\u043d\u0438\u043c\u043e\u043a-\u044d\u043a\u0440\u0430\u043d\u0430-2024-05-31-\u0432-00.41.02.png\" \/>\n\t<meta property=\"og:image:width\" content=\"686\" \/>\n\t<meta property=\"og:image:height\" content=\"784\" \/>\n\t<meta property=\"og:image:type\" content=\"image\/png\" \/>\n<meta name=\"twitter:card\" content=\"summary_large_image\" \/>\n<script type=\"application\/ld+json\" class=\"yoast-schema-graph\">{\"@context\":\"https:\/\/schema.org\",\"@graph\":[{\"@type\":\"WebPage\",\"@id\":\"https:\/\/zoo-land.az\/az\/shop\/cat\/cat-wetfoods\/bestpet-chicken-adult-cats-400-g\/\",\"url\":\"https:\/\/zoo-land.az\/az\/shop\/cat\/cat-wetfoods\/bestpet-chicken-adult-cats-400-g\/\",\"name\":\"Bestpet chicken adult cats 400 g - Zooland.az\",\"isPartOf\":{\"@id\":\"https:\/\/zoo-land.az\/#website\"},\"primaryImageOfPage\":{\"@id\":\"https:\/\/zoo-land.az\/az\/shop\/cat\/cat-wetfoods\/bestpet-chicken-adult-cats-400-g\/#primaryimage\"},\"image\":{\"@id\":\"https:\/\/zoo-land.az\/az\/shop\/cat\/cat-wetfoods\/bestpet-chicken-adult-cats-400-g\/#primaryimage\"},\"thumbnailUrl\":\"https:\/\/zoo-land.az\/wp-content\/uploads\/2024\/05\/\u0421\u043d\u0438\u043c\u043e\u043a-\u044d\u043a\u0440\u0430\u043d\u0430-2024-05-31-\u0432-00.41.02.png\",\"datePublished\":\"2024-05-30T20:45:41+00:00\",\"breadcrumb\":{\"@id\":\"https:\/\/zoo-land.az\/az\/shop\/cat\/cat-wetfoods\/bestpet-chicken-adult-cats-400-g\/#breadcrumb\"},\"inLanguage\":\"az\",\"potentialAction\":[{\"@type\":\"ReadAction\",\"target\":[\"https:\/\/zoo-land.az\/az\/shop\/cat\/cat-wetfoods\/bestpet-chicken-adult-cats-400-g\/\"]}]},{\"@type\":\"ImageObject\",\"inLanguage\":\"az\",\"@id\":\"https:\/\/zoo-land.az\/az\/shop\/cat\/cat-wetfoods\/bestpet-chicken-adult-cats-400-g\/#primaryimage\",\"url\":\"https:\/\/zoo-land.az\/wp-content\/uploads\/2024\/05\/\u0421\u043d\u0438\u043c\u043e\u043a-\u044d\u043a\u0440\u0430\u043d\u0430-2024-05-31-\u0432-00.41.02.png\",\"contentUrl\":\"https:\/\/zoo-land.az\/wp-content\/uploads\/2024\/05\/\u0421\u043d\u0438\u043c\u043e\u043a-\u044d\u043a\u0440\u0430\u043d\u0430-2024-05-31-\u0432-00.41.02.png\",\"width\":686,\"height\":784},{\"@type\":\"BreadcrumbList\",\"@id\":\"https:\/\/zoo-land.az\/az\/shop\/cat\/cat-wetfoods\/bestpet-chicken-adult-cats-400-g\/#breadcrumb\",\"itemListElement\":[{\"@type\":\"ListItem\",\"position\":1,\"name\":\"Home\",\"item\":\"https:\/\/zoo-land.az\/ru\/\"},{\"@type\":\"ListItem\",\"position\":2,\"name\":\"Shop\",\"item\":\"https:\/\/zoo-land.az\/ru\/\"},{\"@type\":\"ListItem\",\"position\":3,\"name\":\"Bestpet chicken adult cats 400 g\"}]},{\"@type\":\"WebSite\",\"@id\":\"https:\/\/zoo-land.az\/#website\",\"url\":\"https:\/\/zoo-land.az\/\",\"name\":\"Zooland.az\",\"description\":\"Xo\u015fb\u0259xt ev heyvanlar\u0131n\u0131n \u00fcnvan\u0131 Zooland.az\",\"publisher\":{\"@id\":\"https:\/\/zoo-land.az\/#organization\"},\"potentialAction\":[{\"@type\":\"SearchAction\",\"target\":{\"@type\":\"EntryPoint\",\"urlTemplate\":\"https:\/\/zoo-land.az\/?s={search_term_string}\"},\"query-input\":{\"@type\":\"PropertyValueSpecification\",\"valueRequired\":true,\"valueName\":\"search_term_string\"}}],\"inLanguage\":\"az\"},{\"@type\":\"Organization\",\"@id\":\"https:\/\/zoo-land.az\/#organization\",\"name\":\"Zooland.az\",\"url\":\"https:\/\/zoo-land.az\/\",\"logo\":{\"@type\":\"ImageObject\",\"inLanguage\":\"az\",\"@id\":\"https:\/\/zoo-land.az\/#\/schema\/logo\/image\/\",\"url\":\"https:\/\/zoo-land.az\/wp-content\/uploads\/2022\/05\/logo.svg\",\"contentUrl\":\"https:\/\/zoo-land.az\/wp-content\/uploads\/2022\/05\/logo.svg\",\"width\":113,\"height\":46,\"caption\":\"Zooland.az\"},\"image\":{\"@id\":\"https:\/\/zoo-land.az\/#\/schema\/logo\/image\/\"}}]}<\/script>\n<!-- \/ Yoast SEO plugin. -->","yoast_head_json":{"title":"Bestpet chicken adult cats 400 g - Zooland.az","robots":{"index":"index","follow":"follow","max-snippet":"max-snippet:-1","max-image-preview":"max-image-preview:large","max-video-preview":"max-video-preview:-1"},"canonical":"https:\/\/zoo-land.az\/az\/shop\/cat\/cat-wetfoods\/bestpet-chicken-adult-cats-400-g\/","og_locale":"az_AZ","og_type":"article","og_title":"Bestpet chicken adult cats 400 g - Zooland.az","og_description":"A canned food for adult cats, carefully formulated to improve skin and coat quality, enriched with balanced amino acids, vitamins, and minerals, containing pieces of chicken. Always provide fresh and clean water alongside the food. After opening, it should be refrigerated and consumed within a maximum of 3 days.","og_url":"https:\/\/zoo-land.az\/az\/shop\/cat\/cat-wetfoods\/bestpet-chicken-adult-cats-400-g\/","og_site_name":"Zooland.az","og_image":[{"width":686,"height":784,"url":"https:\/\/zoo-land.az\/wp-content\/uploads\/2024\/05\/\u0421\u043d\u0438\u043c\u043e\u043a-\u044d\u043a\u0440\u0430\u043d\u0430-2024-05-31-\u0432-00.41.02.png","type":"image\/png"}],"twitter_card":"summary_large_image","schema":{"@context":"https:\/\/schema.org","@graph":[{"@type":"WebPage","@id":"https:\/\/zoo-land.az\/az\/shop\/cat\/cat-wetfoods\/bestpet-chicken-adult-cats-400-g\/","url":"https:\/\/zoo-land.az\/az\/shop\/cat\/cat-wetfoods\/bestpet-chicken-adult-cats-400-g\/","name":"Bestpet chicken adult cats 400 g - Zooland.az","isPartOf":{"@id":"https:\/\/zoo-land.az\/#website"},"primaryImageOfPage":{"@id":"https:\/\/zoo-land.az\/az\/shop\/cat\/cat-wetfoods\/bestpet-chicken-adult-cats-400-g\/#primaryimage"},"image":{"@id":"https:\/\/zoo-land.az\/az\/shop\/cat\/cat-wetfoods\/bestpet-chicken-adult-cats-400-g\/#primaryimage"},"thumbnailUrl":"https:\/\/zoo-land.az\/wp-content\/uploads\/2024\/05\/\u0421\u043d\u0438\u043c\u043e\u043a-\u044d\u043a\u0440\u0430\u043d\u0430-2024-05-31-\u0432-00.41.02.png","datePublished":"2024-05-30T20:45:41+00:00","breadcrumb":{"@id":"https:\/\/zoo-land.az\/az\/shop\/cat\/cat-wetfoods\/bestpet-chicken-adult-cats-400-g\/#breadcrumb"},"inLanguage":"az","potentialAction":[{"@type":"ReadAction","target":["https:\/\/zoo-land.az\/az\/shop\/cat\/cat-wetfoods\/bestpet-chicken-adult-cats-400-g\/"]}]},{"@type":"ImageObject","inLanguage":"az","@id":"https:\/\/zoo-land.az\/az\/shop\/cat\/cat-wetfoods\/bestpet-chicken-adult-cats-400-g\/#primaryimage","url":"https:\/\/zoo-land.az\/wp-content\/uploads\/2024\/05\/\u0421\u043d\u0438\u043c\u043e\u043a-\u044d\u043a\u0440\u0430\u043d\u0430-2024-05-31-\u0432-00.41.02.png","contentUrl":"https:\/\/zoo-land.az\/wp-content\/uploads\/2024\/05\/\u0421\u043d\u0438\u043c\u043e\u043a-\u044d\u043a\u0440\u0430\u043d\u0430-2024-05-31-\u0432-00.41.02.png","width":686,"height":784},{"@type":"BreadcrumbList","@id":"https:\/\/zoo-land.az\/az\/shop\/cat\/cat-wetfoods\/bestpet-chicken-adult-cats-400-g\/#breadcrumb","itemListElement":[{"@type":"ListItem","position":1,"name":"Home","item":"https:\/\/zoo-land.az\/ru\/"},{"@type":"ListItem","position":2,"name":"Shop","item":"https:\/\/zoo-land.az\/ru\/"},{"@type":"ListItem","position":3,"name":"Bestpet chicken adult cats 400 g"}]},{"@type":"WebSite","@id":"https:\/\/zoo-land.az\/#website","url":"https:\/\/zoo-land.az\/","name":"Zooland.az","description":"Xo\u015fb\u0259xt ev heyvanlar\u0131n\u0131n \u00fcnvan\u0131 Zooland.az","publisher":{"@id":"https:\/\/zoo-land.az\/#organization"},"potentialAction":[{"@type":"SearchAction","target":{"@type":"EntryPoint","urlTemplate":"https:\/\/zoo-land.az\/?s={search_term_string}"},"query-input":{"@type":"PropertyValueSpecification","valueRequired":true,"valueName":"search_term_string"}}],"inLanguage":"az"},{"@type":"Organization","@id":"https:\/\/zoo-land.az\/#organization","name":"Zooland.az","url":"https:\/\/zoo-land.az\/","logo":{"@type":"ImageObject","inLanguage":"az","@id":"https:\/\/zoo-land.az\/#\/schema\/logo\/image\/","url":"https:\/\/zoo-land.az\/wp-content\/uploads\/2022\/05\/logo.svg","contentUrl":"https:\/\/zoo-land.az\/wp-content\/uploads\/2022\/05\/logo.svg","width":113,"height":46,"caption":"Zooland.az"},"image":{"@id":"https:\/\/zoo-land.az\/#\/schema\/logo\/image\/"}}]}},"_links":{"self":[{"href":"https:\/\/zoo-land.az\/az\/wp-json\/wp\/v2\/product\/22110","targetHints":{"allow":["GET"]}}],"collection":[{"href":"https:\/\/zoo-land.az\/az\/wp-json\/wp\/v2\/product"}],"about":[{"href":"https:\/\/zoo-land.az\/az\/wp-json\/wp\/v2\/types\/product"}],"wp:featuredmedia":[{"embeddable":true,"href":"https:\/\/zoo-land.az\/az\/wp-json\/wp\/v2\/media\/22111"}],"wp:attachment":[{"href":"https:\/\/zoo-land.az\/az\/wp-json\/wp\/v2\/media?parent=22110"}],"wp:term":[{"taxonomy":"product_cat","embeddable":true,"href":"https:\/\/zoo-land.az\/az\/wp-json\/wp\/v2\/product_cat?post=22110"},{"taxonomy":"product_tag","embeddable":true,"href":"https:\/\/zoo-land.az\/az\/wp-json\/wp\/v2\/product_tag?post=22110"}],"curies":[{"name":"wp","href":"https:\/\/api.w.org\/{rel}","templated":true}]}}