{"id":22154,"date":"2024-05-31T07:58:07","date_gmt":"2024-05-31T07:58:07","guid":{"rendered":"https:\/\/lightsteelblue-zebra-299715.hostingersite.com\/?post_type=product&#038;p=22154"},"modified":"2024-05-31T07:58:07","modified_gmt":"2024-05-31T07:58:07","slug":"miratorg-beef-85-g","status":"publish","type":"product","link":"https:\/\/zoo-land.az\/az\/shop\/dog\/dog-wetfoods-conserves\/miratorg-beef-85-g\/","title":{"rendered":"Miratorg Beef 85 g"},"content":{"rendered":"<p>EXTRA MEAT food is developed considering the specific needs of small breed dogs. The high content of fresh Black Angus beef will delight your little gourmet. A blend of natural prebiotics and a moderate fiber level will help support your pet&#8217;s sensitive digestion. The combination of Omega-3 and Omega-6 fatty acids will give your pet&#8217;s coat shine and smoothness.<\/p>\n<p><strong>T\u0259rkibi:<\/strong><\/p>\n<ul>\n<li>Meat and meat ingredients \u2013 40% (dehydrated chicken meat &#8211; 30%, fresh beef &#8211; 10%)<\/li>\n<li>Rice<\/li>\n<li>Corn<\/li>\n<li>Animal fat<\/li>\n<li>Vegetable protein extract<\/li>\n<li>Hydrolyzed animal proteins<\/li>\n<li>Vitaminl\u0259r<\/li>\n<li>Salmon oil<\/li>\n<li>Minerals<\/li>\n<li>Flax seeds<\/li>\n<li>Dried beet pulp<\/li>\n<li>Brewer&#8217;s yeast<\/li>\n<li>Chicory extract<\/li>\n<\/ul>\n<p><strong>Added substances:<\/strong><\/p>\n<ul>\n<li>Vitamin A \u2013 17,000 IU\/kg<\/li>\n<li>Vitamin D3 \u2013 600 IU\/kg<\/li>\n<li>Vitamin E \u2013 550 mg\/kg<\/li>\n<li>Vitamin C \u2013 140 mg\/kg<\/li>\n<li>Vitamin B1 \u2013 2.6 mg\/kg<\/li>\n<li>Vitamin B2 \u2013 6.8 mg\/kg<\/li>\n<li>Vitamin B3 \u2013 17 mg\/kg<\/li>\n<li>Vitamin B4 \u2013 1,190 mg\/kg<\/li>\n<li>Vitamin B5 \u2013 14 mg\/kg<\/li>\n<li>Vitamin B6 \u2013 2.0 mg\/kg<\/li>\n<li>Vitamin B7 \u2013 70 \u00b5g\/kg<\/li>\n<li>Vitamin B9 \u2013 368 \u00b5g\/kg<\/li>\n<li>Vitamin B12 \u2013 262 \u00b5g\/kg<\/li>\n<li>Iron \u2013 4.0 mg\/100 g<\/li>\n<li>Iodine \u2013 0.04 mg\/100 g<\/li>\n<li>Copper \u2013 0.3 mg\/100 g<\/li>\n<li>Manganese \u2013 2.0 mg\/100 g<\/li>\n<li>Zinc \u2013 4.0 mg\/100 g<\/li>\n<\/ul>\n<p><strong>Nutrient content per 100 g:<\/strong><\/p>\n<ul>\n<li>Protein \u2013 26.0%<\/li>\n<li>Fat \u2013 18.0%<\/li>\n<li>Ash \u2013 7.5%<\/li>\n<li>Fiber \u2013 2.3%<\/li>\n<li>Calcium \u2013 1.2%<\/li>\n<li>Phosphorus \u2013 1.0%<\/li>\n<li>Omega-3 \u2013 0.4%<\/li>\n<li>Omega-6 \u2013 2.6%<\/li>\n<li>Moisture \u2013 9.0%<\/li>\n<\/ul>\n<p><strong>Energy value:<\/strong><\/p>\n<ul>\n<li>396 kcal\/100 g<\/li>\n<\/ul>","protected":false},"excerpt":{"rendered":"<p>EXTRA MEAT food is developed considering the specific needs of small breed dogs. The high content of fresh Black Angus beef will delight your little gourmet. A blend of natural prebiotics and a moderate fiber level will help support your pet&#8217;s sensitive digestion. The combination of Omega-3 and Omega-6 fatty acids will give your pet&#8217;s coat shine and smoothness.<\/p>","protected":false},"featured_media":22155,"template":"","meta":{"inline_featured_image":false,"_joinchat":[]},"product_cat":[107,154],"product_tag":[],"class_list":{"0":"post-22154","1":"product","2":"type-product","3":"status-publish","4":"has-post-thumbnail","6":"product_brand-338","7":"product_cat-dog","8":"product_cat-dog-wetfoods-conserves","10":"first","11":"instock","12":"shipping-taxable","13":"purchasable","14":"product-type-simple"},"yoast_head":"<!-- This site is optimized with the Yoast SEO plugin v27.4 - https:\/\/yoast.com\/product\/yoast-seo-wordpress\/ -->\n<title>Miratorg Beef 85 g - Zooland.az<\/title>\n<meta name=\"robots\" content=\"index, follow, max-snippet:-1, max-image-preview:large, max-video-preview:-1\" \/>\n<link rel=\"canonical\" href=\"https:\/\/zoo-land.az\/az\/shop\/dog\/dog-wetfoods-conserves\/miratorg-beef-85-g\/\" \/>\n<meta property=\"og:locale\" content=\"az_AZ\" \/>\n<meta property=\"og:type\" content=\"article\" \/>\n<meta property=\"og:title\" content=\"Miratorg Beef 85 g - Zooland.az\" \/>\n<meta property=\"og:description\" content=\"EXTRA MEAT food is developed considering the specific needs of small breed dogs. The high content of fresh Black Angus beef will delight your little gourmet. A blend of natural prebiotics and a moderate fiber level will help support your pet&#039;s sensitive digestion. The combination of Omega-3 and Omega-6 fatty acids will give your pet&#039;s coat shine and smoothness.\" \/>\n<meta property=\"og:url\" content=\"https:\/\/zoo-land.az\/az\/shop\/dog\/dog-wetfoods-conserves\/miratorg-beef-85-g\/\" \/>\n<meta property=\"og:site_name\" content=\"Zooland.az\" \/>\n<meta property=\"og:image\" content=\"https:\/\/zoo-land.az\/wp-content\/uploads\/2024\/05\/1_4670081570813.jpg\" \/>\n\t<meta property=\"og:image:width\" content=\"1000\" \/>\n\t<meta property=\"og:image:height\" content=\"1000\" \/>\n\t<meta property=\"og:image:type\" content=\"image\/jpeg\" \/>\n<meta name=\"twitter:card\" content=\"summary_large_image\" \/>\n<meta name=\"twitter:label1\" content=\"Est. reading time\" \/>\n\t<meta name=\"twitter:data1\" content=\"1 minute\" \/>\n<script type=\"application\/ld+json\" class=\"yoast-schema-graph\">{\"@context\":\"https:\\\/\\\/schema.org\",\"@graph\":[{\"@type\":\"WebPage\",\"@id\":\"https:\\\/\\\/zoo-land.az\\\/shop\\\/dog\\\/dog-wetfoods-conserves\\\/miratorg-beef-85-g\\\/\",\"url\":\"https:\\\/\\\/zoo-land.az\\\/shop\\\/dog\\\/dog-wetfoods-conserves\\\/miratorg-beef-85-g\\\/\",\"name\":\"Miratorg Beef 85 g - Zooland.az\",\"isPartOf\":{\"@id\":\"https:\\\/\\\/zoo-land.az\\\/#website\"},\"primaryImageOfPage\":{\"@id\":\"https:\\\/\\\/zoo-land.az\\\/shop\\\/dog\\\/dog-wetfoods-conserves\\\/miratorg-beef-85-g\\\/#primaryimage\"},\"image\":{\"@id\":\"https:\\\/\\\/zoo-land.az\\\/shop\\\/dog\\\/dog-wetfoods-conserves\\\/miratorg-beef-85-g\\\/#primaryimage\"},\"thumbnailUrl\":\"https:\\\/\\\/zoo-land.az\\\/wp-content\\\/uploads\\\/2024\\\/05\\\/1_4670081570813.jpg\",\"datePublished\":\"2024-05-31T07:58:07+00:00\",\"breadcrumb\":{\"@id\":\"https:\\\/\\\/zoo-land.az\\\/shop\\\/dog\\\/dog-wetfoods-conserves\\\/miratorg-beef-85-g\\\/#breadcrumb\"},\"inLanguage\":\"az\",\"potentialAction\":[{\"@type\":\"ReadAction\",\"target\":[\"https:\\\/\\\/zoo-land.az\\\/shop\\\/dog\\\/dog-wetfoods-conserves\\\/miratorg-beef-85-g\\\/\"]}]},{\"@type\":\"ImageObject\",\"inLanguage\":\"az\",\"@id\":\"https:\\\/\\\/zoo-land.az\\\/shop\\\/dog\\\/dog-wetfoods-conserves\\\/miratorg-beef-85-g\\\/#primaryimage\",\"url\":\"https:\\\/\\\/zoo-land.az\\\/wp-content\\\/uploads\\\/2024\\\/05\\\/1_4670081570813.jpg\",\"contentUrl\":\"https:\\\/\\\/zoo-land.az\\\/wp-content\\\/uploads\\\/2024\\\/05\\\/1_4670081570813.jpg\",\"width\":1000,\"height\":1000},{\"@type\":\"BreadcrumbList\",\"@id\":\"https:\\\/\\\/zoo-land.az\\\/shop\\\/dog\\\/dog-wetfoods-conserves\\\/miratorg-beef-85-g\\\/#breadcrumb\",\"itemListElement\":[{\"@type\":\"ListItem\",\"position\":1,\"name\":\"Home\",\"item\":\"https:\\\/\\\/zoo-land.az\\\/ru\\\/\"},{\"@type\":\"ListItem\",\"position\":2,\"name\":\"Shop\",\"item\":\"https:\\\/\\\/zoo-land.az\\\/ru\\\/\"},{\"@type\":\"ListItem\",\"position\":3,\"name\":\"Miratorg Beef 85 g\"}]},{\"@type\":\"WebSite\",\"@id\":\"https:\\\/\\\/zoo-land.az\\\/#website\",\"url\":\"https:\\\/\\\/zoo-land.az\\\/\",\"name\":\"Zooland.az\",\"description\":\"Xo\u015fb\u0259xt ev heyvanlar\u0131n\u0131n \u00fcnvan\u0131 Zooland.az\",\"publisher\":{\"@id\":\"https:\\\/\\\/zoo-land.az\\\/#organization\"},\"potentialAction\":[{\"@type\":\"SearchAction\",\"target\":{\"@type\":\"EntryPoint\",\"urlTemplate\":\"https:\\\/\\\/zoo-land.az\\\/?s={search_term_string}\"},\"query-input\":{\"@type\":\"PropertyValueSpecification\",\"valueRequired\":true,\"valueName\":\"search_term_string\"}}],\"inLanguage\":\"az\"},{\"@type\":\"Organization\",\"@id\":\"https:\\\/\\\/zoo-land.az\\\/#organization\",\"name\":\"Zooland.az\",\"url\":\"https:\\\/\\\/zoo-land.az\\\/\",\"logo\":{\"@type\":\"ImageObject\",\"inLanguage\":\"az\",\"@id\":\"https:\\\/\\\/zoo-land.az\\\/#\\\/schema\\\/logo\\\/image\\\/\",\"url\":\"https:\\\/\\\/zoo-land.az\\\/wp-content\\\/uploads\\\/2022\\\/05\\\/logo.svg\",\"contentUrl\":\"https:\\\/\\\/zoo-land.az\\\/wp-content\\\/uploads\\\/2022\\\/05\\\/logo.svg\",\"width\":113,\"height\":46,\"caption\":\"Zooland.az\"},\"image\":{\"@id\":\"https:\\\/\\\/zoo-land.az\\\/#\\\/schema\\\/logo\\\/image\\\/\"}}]}<\/script>\n<!-- \/ Yoast SEO plugin. -->","yoast_head_json":{"title":"Miratorg Beef 85 g - Zooland.az","robots":{"index":"index","follow":"follow","max-snippet":"max-snippet:-1","max-image-preview":"max-image-preview:large","max-video-preview":"max-video-preview:-1"},"canonical":"https:\/\/zoo-land.az\/az\/shop\/dog\/dog-wetfoods-conserves\/miratorg-beef-85-g\/","og_locale":"az_AZ","og_type":"article","og_title":"Miratorg Beef 85 g - Zooland.az","og_description":"EXTRA MEAT food is developed considering the specific needs of small breed dogs. The high content of fresh Black Angus beef will delight your little gourmet. A blend of natural prebiotics and a moderate fiber level will help support your pet's sensitive digestion. The combination of Omega-3 and Omega-6 fatty acids will give your pet's coat shine and smoothness.","og_url":"https:\/\/zoo-land.az\/az\/shop\/dog\/dog-wetfoods-conserves\/miratorg-beef-85-g\/","og_site_name":"Zooland.az","og_image":[{"width":1000,"height":1000,"url":"https:\/\/zoo-land.az\/wp-content\/uploads\/2024\/05\/1_4670081570813.jpg","type":"image\/jpeg"}],"twitter_card":"summary_large_image","twitter_misc":{"Est. reading time":"1 minute"},"schema":{"@context":"https:\/\/schema.org","@graph":[{"@type":"WebPage","@id":"https:\/\/zoo-land.az\/shop\/dog\/dog-wetfoods-conserves\/miratorg-beef-85-g\/","url":"https:\/\/zoo-land.az\/shop\/dog\/dog-wetfoods-conserves\/miratorg-beef-85-g\/","name":"Miratorg Beef 85 g - Zooland.az","isPartOf":{"@id":"https:\/\/zoo-land.az\/#website"},"primaryImageOfPage":{"@id":"https:\/\/zoo-land.az\/shop\/dog\/dog-wetfoods-conserves\/miratorg-beef-85-g\/#primaryimage"},"image":{"@id":"https:\/\/zoo-land.az\/shop\/dog\/dog-wetfoods-conserves\/miratorg-beef-85-g\/#primaryimage"},"thumbnailUrl":"https:\/\/zoo-land.az\/wp-content\/uploads\/2024\/05\/1_4670081570813.jpg","datePublished":"2024-05-31T07:58:07+00:00","breadcrumb":{"@id":"https:\/\/zoo-land.az\/shop\/dog\/dog-wetfoods-conserves\/miratorg-beef-85-g\/#breadcrumb"},"inLanguage":"az","potentialAction":[{"@type":"ReadAction","target":["https:\/\/zoo-land.az\/shop\/dog\/dog-wetfoods-conserves\/miratorg-beef-85-g\/"]}]},{"@type":"ImageObject","inLanguage":"az","@id":"https:\/\/zoo-land.az\/shop\/dog\/dog-wetfoods-conserves\/miratorg-beef-85-g\/#primaryimage","url":"https:\/\/zoo-land.az\/wp-content\/uploads\/2024\/05\/1_4670081570813.jpg","contentUrl":"https:\/\/zoo-land.az\/wp-content\/uploads\/2024\/05\/1_4670081570813.jpg","width":1000,"height":1000},{"@type":"BreadcrumbList","@id":"https:\/\/zoo-land.az\/shop\/dog\/dog-wetfoods-conserves\/miratorg-beef-85-g\/#breadcrumb","itemListElement":[{"@type":"ListItem","position":1,"name":"Home","item":"https:\/\/zoo-land.az\/ru\/"},{"@type":"ListItem","position":2,"name":"Shop","item":"https:\/\/zoo-land.az\/ru\/"},{"@type":"ListItem","position":3,"name":"Miratorg Beef 85 g"}]},{"@type":"WebSite","@id":"https:\/\/zoo-land.az\/#website","url":"https:\/\/zoo-land.az\/","name":"Zooland.az","description":"Xo\u015fb\u0259xt ev heyvanlar\u0131n\u0131n \u00fcnvan\u0131 Zooland.az","publisher":{"@id":"https:\/\/zoo-land.az\/#organization"},"potentialAction":[{"@type":"SearchAction","target":{"@type":"EntryPoint","urlTemplate":"https:\/\/zoo-land.az\/?s={search_term_string}"},"query-input":{"@type":"PropertyValueSpecification","valueRequired":true,"valueName":"search_term_string"}}],"inLanguage":"az"},{"@type":"Organization","@id":"https:\/\/zoo-land.az\/#organization","name":"Zooland.az","url":"https:\/\/zoo-land.az\/","logo":{"@type":"ImageObject","inLanguage":"az","@id":"https:\/\/zoo-land.az\/#\/schema\/logo\/image\/","url":"https:\/\/zoo-land.az\/wp-content\/uploads\/2022\/05\/logo.svg","contentUrl":"https:\/\/zoo-land.az\/wp-content\/uploads\/2022\/05\/logo.svg","width":113,"height":46,"caption":"Zooland.az"},"image":{"@id":"https:\/\/zoo-land.az\/#\/schema\/logo\/image\/"}}]}},"_links":{"self":[{"href":"https:\/\/zoo-land.az\/az\/wp-json\/wp\/v2\/product\/22154","targetHints":{"allow":["GET"]}}],"collection":[{"href":"https:\/\/zoo-land.az\/az\/wp-json\/wp\/v2\/product"}],"about":[{"href":"https:\/\/zoo-land.az\/az\/wp-json\/wp\/v2\/types\/product"}],"wp:featuredmedia":[{"embeddable":true,"href":"https:\/\/zoo-land.az\/az\/wp-json\/wp\/v2\/media\/22155"}],"wp:attachment":[{"href":"https:\/\/zoo-land.az\/az\/wp-json\/wp\/v2\/media?parent=22154"}],"wp:term":[{"taxonomy":"product_cat","embeddable":true,"href":"https:\/\/zoo-land.az\/az\/wp-json\/wp\/v2\/product_cat?post=22154"},{"taxonomy":"product_tag","embeddable":true,"href":"https:\/\/zoo-land.az\/az\/wp-json\/wp\/v2\/product_tag?post=22154"}],"curies":[{"name":"wp","href":"https:\/\/api.w.org\/{rel}","templated":true}]}}