{"id":22156,"date":"2024-05-31T08:05:05","date_gmt":"2024-05-31T08:05:05","guid":{"rendered":"https:\/\/lightsteelblue-zebra-299715.hostingersite.com\/?post_type=product&#038;p=22156"},"modified":"2024-05-31T08:05:05","modified_gmt":"2024-05-31T08:05:05","slug":"miratorg-chicken-80-g","status":"publish","type":"product","link":"https:\/\/zoo-land.az\/az\/shop\/cat\/cat-wetfoods\/miratorg-chicken-80-g\/","title":{"rendered":"Miratorg Toyuq \u0259ti 80 q"},"content":{"rendered":"<p><strong>Adult Cat Food for All Breeds<\/strong><\/p>\n<p>Cats are known for being picky eaters. That&#8217;s why we have developed food with a high content of meat and natural ingredients to keep your pet healthy and happy.<\/p>\n<p><strong>Faydalar\u0131:<\/strong><\/p>\n<ul>\n<li><strong>Healthy Skin and Shiny Coat:<\/strong> Omega-3 fatty acids from valuable salmon oil ensure your pet&#8217;s skin and coat health.<\/li>\n<li><strong>Healthy Urinary System:<\/strong> Balanced mineral content supports urinary system health.<\/li>\n<li><strong>Strong Immune System:<\/strong> A complete complex of amino acids from easily digestible protein supports immunity.<\/li>\n<\/ul>\n<p><strong>Product Weight:<\/strong> 0.08 kg<\/p>\n<p><strong>Shelf Life:<\/strong> 720 days<\/p>\n<p><strong>T\u0259rkibi:<\/strong><\/p>\n<ul>\n<li>Meat and meat ingredients \u2013 41% (including fresh chicken meat and chicken by-products)<\/li>\n<li>Dried beet pulp<\/li>\n<li>Vegetable protein extract<\/li>\n<li>Minerals<\/li>\n<li>Amino acids<\/li>\n<li>Salt<\/li>\n<li>Salmon oil<\/li>\n<li>Kalsium karbonat<\/li>\n<li>Vitaminl\u0259r<\/li>\n<\/ul>\n<p><strong>Nutrient Content per 100g:<\/strong><\/p>\n<ul>\n<li>Protein \u2013 8.5%<\/li>\n<li>Fat \u2013 4.5%<\/li>\n<li>Ash \u2013 1.4%<\/li>\n<li>Fiber \u2013 0.4%<\/li>\n<li>Calcium \u2013 0.2%<\/li>\n<li>Phosphorus \u2013 0.2%<\/li>\n<li>Omega-3 \u2013 0.05%<\/li>\n<li>Omega-6 \u2013 0.1%<\/li>\n<li>Moisture \u2013 81.0%<\/li>\n<\/ul>\n<p><strong>Added Substances:<\/strong><\/p>\n<ul>\n<li>Vitamin D3 \u2013 150 IU\/kg<\/li>\n<li>Vitamin E \u2013 250 mg\/kg<\/li>\n<li>Vitamin B1 \u2013 1.4 mg\/kg<\/li>\n<li>Vitamin B4 \u2013 870 mg\/kg<\/li>\n<li>Vitamin B6 \u2013 0.6 mg\/kg<\/li>\n<li>Vitamin B7 \u2013 20 \u00b5g\/kg<\/li>\n<li>Vitamin B9 \u2013 220 mg\/kg<\/li>\n<li>Potassium \u2013 0.18%<\/li>\n<li>Iodine \u2013 0.06 mg\/100 g<\/li>\n<li>Manganese \u2013 0.01 mg\/100 g<\/li>\n<li>Zinc \u2013 1.3 mg\/100 g<\/li>\n<li>Taurine \u2013 470 mg\/kg<\/li>\n<\/ul>\n<p><strong>Feeding Guidelines:<\/strong> An adult cat with normal activity and an average weight (4 kg) requires approximately 3-4 packs per day.<\/p>\n<p>Feeding should be divided into at least two meals.<\/p>\n<p>The daily amount of food required to maintain an ideal body condition may vary depending on the cat&#8217;s age, activity level, weather conditions, and physical characteristics.<\/p>\n<p>The cat should have constant access to fresh drinking water.<\/p>\n<p>Before feeding, the product should be brought to room temperature.<\/p>","protected":false},"excerpt":{"rendered":"<p><strong>Adult Cat Food for All Breeds<\/strong><\/p>\n<p>Cats are known for being picky eaters. That&#8217;s why we have developed food with a high content of meat and natural ingredients to keep your pet healthy and happy.<\/p>","protected":false},"featured_media":22157,"template":"","meta":{"inline_featured_image":false,"_joinchat":[]},"product_cat":[188,190],"product_tag":[],"class_list":{"0":"post-22156","1":"product","2":"type-product","3":"status-publish","4":"has-post-thumbnail","6":"product_brand-338","7":"product_cat-cat","8":"product_cat-cat-wetfoods","10":"first","11":"instock","12":"shipping-taxable","13":"purchasable","14":"product-type-simple"},"yoast_head":"<!-- This site is optimized with the Yoast SEO plugin v27.4 - https:\/\/yoast.com\/product\/yoast-seo-wordpress\/ -->\n<title>Miratorg Chicken 80 g - Zooland.az<\/title>\n<meta name=\"robots\" content=\"index, follow, max-snippet:-1, max-image-preview:large, max-video-preview:-1\" \/>\n<link rel=\"canonical\" href=\"https:\/\/zoo-land.az\/az\/shop\/cat\/cat-wetfoods\/miratorg-chicken-80-g\/\" \/>\n<meta property=\"og:locale\" content=\"az_AZ\" \/>\n<meta property=\"og:type\" content=\"article\" \/>\n<meta property=\"og:title\" content=\"Miratorg Chicken 80 g - Zooland.az\" \/>\n<meta property=\"og:description\" content=\"Adult Cat Food for All Breeds  Cats are known for being picky eaters. That&#039;s why we have developed food with a high content of meat and natural ingredients to keep your pet healthy and happy.\" \/>\n<meta property=\"og:url\" content=\"https:\/\/zoo-land.az\/az\/shop\/cat\/cat-wetfoods\/miratorg-chicken-80-g\/\" \/>\n<meta property=\"og:site_name\" content=\"Zooland.az\" \/>\n<meta property=\"og:image\" content=\"https:\/\/zoo-land.az\/wp-content\/uploads\/2024\/05\/\u0421\u043d\u0438\u043c\u043e\u043a-\u044d\u043a\u0440\u0430\u043d\u0430-2024-05-31-\u0432-12.02.44.png\" \/>\n\t<meta property=\"og:image:width\" content=\"772\" \/>\n\t<meta property=\"og:image:height\" content=\"864\" \/>\n\t<meta property=\"og:image:type\" content=\"image\/png\" \/>\n<meta name=\"twitter:card\" content=\"summary_large_image\" \/>\n<meta name=\"twitter:label1\" content=\"Est. reading time\" \/>\n\t<meta name=\"twitter:data1\" content=\"1 minute\" \/>\n<script type=\"application\/ld+json\" class=\"yoast-schema-graph\">{\"@context\":\"https:\\\/\\\/schema.org\",\"@graph\":[{\"@type\":\"WebPage\",\"@id\":\"https:\\\/\\\/zoo-land.az\\\/ru\\\/shop\\\/cat\\\/cat-wetfoods\\\/miratorg-chicken-80-g\\\/\",\"url\":\"https:\\\/\\\/zoo-land.az\\\/ru\\\/shop\\\/cat\\\/cat-wetfoods\\\/miratorg-chicken-80-g\\\/\",\"name\":\"Miratorg Chicken 80 g - Zooland.az\",\"isPartOf\":{\"@id\":\"https:\\\/\\\/zoo-land.az\\\/ru\\\/#website\"},\"primaryImageOfPage\":{\"@id\":\"https:\\\/\\\/zoo-land.az\\\/ru\\\/shop\\\/cat\\\/cat-wetfoods\\\/miratorg-chicken-80-g\\\/#primaryimage\"},\"image\":{\"@id\":\"https:\\\/\\\/zoo-land.az\\\/ru\\\/shop\\\/cat\\\/cat-wetfoods\\\/miratorg-chicken-80-g\\\/#primaryimage\"},\"thumbnailUrl\":\"https:\\\/\\\/zoo-land.az\\\/wp-content\\\/uploads\\\/2024\\\/05\\\/\u0421\u043d\u0438\u043c\u043e\u043a-\u044d\u043a\u0440\u0430\u043d\u0430-2024-05-31-\u0432-12.02.44.png\",\"datePublished\":\"2024-05-31T08:05:05+00:00\",\"breadcrumb\":{\"@id\":\"https:\\\/\\\/zoo-land.az\\\/ru\\\/shop\\\/cat\\\/cat-wetfoods\\\/miratorg-chicken-80-g\\\/#breadcrumb\"},\"inLanguage\":\"az\",\"potentialAction\":[{\"@type\":\"ReadAction\",\"target\":[\"https:\\\/\\\/zoo-land.az\\\/ru\\\/shop\\\/cat\\\/cat-wetfoods\\\/miratorg-chicken-80-g\\\/\"]}]},{\"@type\":\"ImageObject\",\"inLanguage\":\"az\",\"@id\":\"https:\\\/\\\/zoo-land.az\\\/ru\\\/shop\\\/cat\\\/cat-wetfoods\\\/miratorg-chicken-80-g\\\/#primaryimage\",\"url\":\"https:\\\/\\\/zoo-land.az\\\/wp-content\\\/uploads\\\/2024\\\/05\\\/\u0421\u043d\u0438\u043c\u043e\u043a-\u044d\u043a\u0440\u0430\u043d\u0430-2024-05-31-\u0432-12.02.44.png\",\"contentUrl\":\"https:\\\/\\\/zoo-land.az\\\/wp-content\\\/uploads\\\/2024\\\/05\\\/\u0421\u043d\u0438\u043c\u043e\u043a-\u044d\u043a\u0440\u0430\u043d\u0430-2024-05-31-\u0432-12.02.44.png\",\"width\":772,\"height\":864},{\"@type\":\"BreadcrumbList\",\"@id\":\"https:\\\/\\\/zoo-land.az\\\/ru\\\/shop\\\/cat\\\/cat-wetfoods\\\/miratorg-chicken-80-g\\\/#breadcrumb\",\"itemListElement\":[{\"@type\":\"ListItem\",\"position\":1,\"name\":\"Home\",\"item\":\"https:\\\/\\\/zoo-land.az\\\/ru\\\/\"},{\"@type\":\"ListItem\",\"position\":2,\"name\":\"Shop\",\"item\":\"https:\\\/\\\/zoo-land.az\\\/ru\\\/\"},{\"@type\":\"ListItem\",\"position\":3,\"name\":\"Miratorg Chicken 80 g\"}]},{\"@type\":\"WebSite\",\"@id\":\"https:\\\/\\\/zoo-land.az\\\/ru\\\/#website\",\"url\":\"https:\\\/\\\/zoo-land.az\\\/ru\\\/\",\"name\":\"Zooland.az\",\"description\":\"Xo\u015fb\u0259xt ev heyvanlar\u0131n\u0131n \u00fcnvan\u0131 Zooland.az\",\"publisher\":{\"@id\":\"https:\\\/\\\/zoo-land.az\\\/ru\\\/#organization\"},\"potentialAction\":[{\"@type\":\"SearchAction\",\"target\":{\"@type\":\"EntryPoint\",\"urlTemplate\":\"https:\\\/\\\/zoo-land.az\\\/ru\\\/?s={search_term_string}\"},\"query-input\":{\"@type\":\"PropertyValueSpecification\",\"valueRequired\":true,\"valueName\":\"search_term_string\"}}],\"inLanguage\":\"az\"},{\"@type\":\"Organization\",\"@id\":\"https:\\\/\\\/zoo-land.az\\\/ru\\\/#organization\",\"name\":\"Zooland.az\",\"url\":\"https:\\\/\\\/zoo-land.az\\\/ru\\\/\",\"logo\":{\"@type\":\"ImageObject\",\"inLanguage\":\"az\",\"@id\":\"https:\\\/\\\/zoo-land.az\\\/ru\\\/#\\\/schema\\\/logo\\\/image\\\/\",\"url\":\"https:\\\/\\\/zoo-land.az\\\/wp-content\\\/uploads\\\/2022\\\/05\\\/logo.svg\",\"contentUrl\":\"https:\\\/\\\/zoo-land.az\\\/wp-content\\\/uploads\\\/2022\\\/05\\\/logo.svg\",\"width\":113,\"height\":46,\"caption\":\"Zooland.az\"},\"image\":{\"@id\":\"https:\\\/\\\/zoo-land.az\\\/ru\\\/#\\\/schema\\\/logo\\\/image\\\/\"}}]}<\/script>\n<!-- \/ Yoast SEO plugin. -->","yoast_head_json":{"title":"Miratorg Chicken 80 g - Zooland.az","robots":{"index":"index","follow":"follow","max-snippet":"max-snippet:-1","max-image-preview":"max-image-preview:large","max-video-preview":"max-video-preview:-1"},"canonical":"https:\/\/zoo-land.az\/az\/shop\/cat\/cat-wetfoods\/miratorg-chicken-80-g\/","og_locale":"az_AZ","og_type":"article","og_title":"Miratorg Chicken 80 g - Zooland.az","og_description":"Adult Cat Food for All Breeds  Cats are known for being picky eaters. That's why we have developed food with a high content of meat and natural ingredients to keep your pet healthy and happy.","og_url":"https:\/\/zoo-land.az\/az\/shop\/cat\/cat-wetfoods\/miratorg-chicken-80-g\/","og_site_name":"Zooland.az","og_image":[{"width":772,"height":864,"url":"https:\/\/zoo-land.az\/wp-content\/uploads\/2024\/05\/\u0421\u043d\u0438\u043c\u043e\u043a-\u044d\u043a\u0440\u0430\u043d\u0430-2024-05-31-\u0432-12.02.44.png","type":"image\/png"}],"twitter_card":"summary_large_image","twitter_misc":{"Est. reading time":"1 minute"},"schema":{"@context":"https:\/\/schema.org","@graph":[{"@type":"WebPage","@id":"https:\/\/zoo-land.az\/ru\/shop\/cat\/cat-wetfoods\/miratorg-chicken-80-g\/","url":"https:\/\/zoo-land.az\/ru\/shop\/cat\/cat-wetfoods\/miratorg-chicken-80-g\/","name":"Miratorg Chicken 80 g - Zooland.az","isPartOf":{"@id":"https:\/\/zoo-land.az\/ru\/#website"},"primaryImageOfPage":{"@id":"https:\/\/zoo-land.az\/ru\/shop\/cat\/cat-wetfoods\/miratorg-chicken-80-g\/#primaryimage"},"image":{"@id":"https:\/\/zoo-land.az\/ru\/shop\/cat\/cat-wetfoods\/miratorg-chicken-80-g\/#primaryimage"},"thumbnailUrl":"https:\/\/zoo-land.az\/wp-content\/uploads\/2024\/05\/\u0421\u043d\u0438\u043c\u043e\u043a-\u044d\u043a\u0440\u0430\u043d\u0430-2024-05-31-\u0432-12.02.44.png","datePublished":"2024-05-31T08:05:05+00:00","breadcrumb":{"@id":"https:\/\/zoo-land.az\/ru\/shop\/cat\/cat-wetfoods\/miratorg-chicken-80-g\/#breadcrumb"},"inLanguage":"az","potentialAction":[{"@type":"ReadAction","target":["https:\/\/zoo-land.az\/ru\/shop\/cat\/cat-wetfoods\/miratorg-chicken-80-g\/"]}]},{"@type":"ImageObject","inLanguage":"az","@id":"https:\/\/zoo-land.az\/ru\/shop\/cat\/cat-wetfoods\/miratorg-chicken-80-g\/#primaryimage","url":"https:\/\/zoo-land.az\/wp-content\/uploads\/2024\/05\/\u0421\u043d\u0438\u043c\u043e\u043a-\u044d\u043a\u0440\u0430\u043d\u0430-2024-05-31-\u0432-12.02.44.png","contentUrl":"https:\/\/zoo-land.az\/wp-content\/uploads\/2024\/05\/\u0421\u043d\u0438\u043c\u043e\u043a-\u044d\u043a\u0440\u0430\u043d\u0430-2024-05-31-\u0432-12.02.44.png","width":772,"height":864},{"@type":"BreadcrumbList","@id":"https:\/\/zoo-land.az\/ru\/shop\/cat\/cat-wetfoods\/miratorg-chicken-80-g\/#breadcrumb","itemListElement":[{"@type":"ListItem","position":1,"name":"Home","item":"https:\/\/zoo-land.az\/ru\/"},{"@type":"ListItem","position":2,"name":"Shop","item":"https:\/\/zoo-land.az\/ru\/"},{"@type":"ListItem","position":3,"name":"Miratorg Chicken 80 g"}]},{"@type":"WebSite","@id":"https:\/\/zoo-land.az\/ru\/#website","url":"https:\/\/zoo-land.az\/ru\/","name":"Zooland.az","description":"Xo\u015fb\u0259xt ev heyvanlar\u0131n\u0131n \u00fcnvan\u0131 Zooland.az","publisher":{"@id":"https:\/\/zoo-land.az\/ru\/#organization"},"potentialAction":[{"@type":"SearchAction","target":{"@type":"EntryPoint","urlTemplate":"https:\/\/zoo-land.az\/ru\/?s={search_term_string}"},"query-input":{"@type":"PropertyValueSpecification","valueRequired":true,"valueName":"search_term_string"}}],"inLanguage":"az"},{"@type":"Organization","@id":"https:\/\/zoo-land.az\/ru\/#organization","name":"Zooland.az","url":"https:\/\/zoo-land.az\/ru\/","logo":{"@type":"ImageObject","inLanguage":"az","@id":"https:\/\/zoo-land.az\/ru\/#\/schema\/logo\/image\/","url":"https:\/\/zoo-land.az\/wp-content\/uploads\/2022\/05\/logo.svg","contentUrl":"https:\/\/zoo-land.az\/wp-content\/uploads\/2022\/05\/logo.svg","width":113,"height":46,"caption":"Zooland.az"},"image":{"@id":"https:\/\/zoo-land.az\/ru\/#\/schema\/logo\/image\/"}}]}},"_links":{"self":[{"href":"https:\/\/zoo-land.az\/az\/wp-json\/wp\/v2\/product\/22156","targetHints":{"allow":["GET"]}}],"collection":[{"href":"https:\/\/zoo-land.az\/az\/wp-json\/wp\/v2\/product"}],"about":[{"href":"https:\/\/zoo-land.az\/az\/wp-json\/wp\/v2\/types\/product"}],"wp:featuredmedia":[{"embeddable":true,"href":"https:\/\/zoo-land.az\/az\/wp-json\/wp\/v2\/media\/22157"}],"wp:attachment":[{"href":"https:\/\/zoo-land.az\/az\/wp-json\/wp\/v2\/media?parent=22156"}],"wp:term":[{"taxonomy":"product_cat","embeddable":true,"href":"https:\/\/zoo-land.az\/az\/wp-json\/wp\/v2\/product_cat?post=22156"},{"taxonomy":"product_tag","embeddable":true,"href":"https:\/\/zoo-land.az\/az\/wp-json\/wp\/v2\/product_tag?post=22156"}],"curies":[{"name":"wp","href":"https:\/\/api.w.org\/{rel}","templated":true}]}}