{"id":22164,"date":"2024-05-31T10:38:37","date_gmt":"2024-05-31T10:38:37","guid":{"rendered":"https:\/\/lightsteelblue-zebra-299715.hostingersite.com\/?post_type=product&#038;p=22164"},"modified":"2024-05-31T10:38:37","modified_gmt":"2024-05-31T10:38:37","slug":"miratorg-beef-80-g-2","status":"publish","type":"product","link":"https:\/\/zoo-land.az\/az\/shop\/cat\/cat-foods\/miratorg-beef-80-g-2\/","title":{"rendered":"Miratorg mal \u0259ti 80 q"},"content":{"rendered":"<p><strong>Domestic cats are typically low in activity and prefer peaceful rest on a soft couch. Balanced EXTRA MEAT food is excellent for fluffy loungers: high protein content serves as an energy source, fresh meat provides high palatability for four-legged gourmets. Omega-3 fatty acids from fish oil beneficially affect the fur and skin. L-carnitine, involved in fat metabolism, helps the pet maintain a beautiful physical shape.<\/strong><\/p>\n<p><strong>T\u0259rkibi:<\/strong><\/p>\n<ul>\n<li>Meat and meat ingredients: 30% (including fresh beef)<\/li>\n<li>Vegetable protein extract<\/li>\n<li>Corn<\/li>\n<li>Animal fat<\/li>\n<li>Dried beet pulp<\/li>\n<li>Rice<\/li>\n<li>Hydrolyzed animal proteins<\/li>\n<li>Brewer&#8217;s yeast<\/li>\n<li>Salmon oil<\/li>\n<li>Minerals<\/li>\n<li>Vitaminl\u0259r<\/li>\n<li>Salt<\/li>\n<li>Chicory extract<\/li>\n<li>L-carnitine<\/li>\n<\/ul>\n<p><strong>Added Substances:<\/strong><\/p>\n<ul>\n<li>Vitamin A \u2013 6,700 IU\/kg<\/li>\n<li>Vitamin D3 \u2013 500 IU\/kg<\/li>\n<li>Vitamin E \u2013 300 mg\/kg<\/li>\n<li>Vitamin C \u2013 320 mg\/kg<\/li>\n<li>Vitamin K3 \u2013 1.2 mg\/kg<\/li>\n<li>Vitamin B1 \u2013 6.7 mg\/kg<\/li>\n<li>Vitamin B2 \u2013 3.6 mg\/kg<\/li>\n<li>Vitamin B3 \u2013 34 mg\/kg<\/li>\n<li>Vitamin B4 \u2013 3,822 mg\/kg<\/li>\n<li>Vitamin B5 \u2013 5.5 mg\/kg<\/li>\n<li>Vitamin B6 \u2013 3.6 mg\/kg<\/li>\n<li>Vitamin B7 \u2013 79 \u00b5g\/kg<\/li>\n<li>Vitamin B9 \u2013 1,072 \u00b5g\/kg<\/li>\n<li>Vitamin B12 \u2013 141 \u00b5g\/kg<\/li>\n<li>Iron \u2013 13 mg\/100 g<\/li>\n<li>Iodine \u2013 0.1 mg\/100 g<\/li>\n<li>Copper \u2013 0.9 mg\/100 g<\/li>\n<li>Manganese \u2013 6.4 mg\/100 g<\/li>\n<li>Zinc \u2013 13 mg\/100 g<\/li>\n<li>Taurine \u2013 205 mg\/100 g<\/li>\n<\/ul>\n<p><strong>Nutrient Content per 100 g:<\/strong><\/p>\n<ul>\n<li>Protein \u2013 38.0%<\/li>\n<li>Fat \u2013 12.0%<\/li>\n<li>Ash \u2013 8.5%<\/li>\n<li>Fiber \u2013 1.7%<\/li>\n<li>Calcium \u2013 1.0%<\/li>\n<li>Phosphorus \u2013 1.0%<\/li>\n<li>Omega-3 \u2013 0.3%<\/li>\n<li>Omega-6 \u2013 2.5%<\/li>\n<li>Moisture \u2013 6.5%<\/li>\n<\/ul>\n<p><strong>Energy Value:<\/strong><\/p>\n<ul>\n<li>381 kcal\/100 g.<\/li>\n<\/ul>","protected":false},"excerpt":{"rendered":"<p><strong>Domestic cats are typically low in activity and prefer peaceful rest on a soft couch. Balanced EXTRA MEAT food is excellent for fluffy loungers: high protein content serves as an energy source, fresh meat provides high palatability for four-legged gourmets. Omega-3 fatty acids from fish oil beneficially affect the fur and skin. L-carnitine, involved in fat metabolism, helps the pet maintain a beautiful physical shape.<\/strong><\/p>\n<p>&nbsp;<\/p>","protected":false},"featured_media":22166,"template":"","meta":{"inline_featured_image":false,"_joinchat":[]},"product_cat":[189,188],"product_tag":[],"class_list":{"0":"post-22164","1":"product","2":"type-product","3":"status-publish","4":"has-post-thumbnail","6":"product_brand-338","7":"product_cat-cat-foods","8":"product_cat-cat","10":"first","11":"instock","12":"shipping-taxable","13":"purchasable","14":"product-type-simple"},"yoast_head":"<!-- This site is optimized with the Yoast SEO plugin v26.7 - https:\/\/yoast.com\/wordpress\/plugins\/seo\/ -->\n<title>Miratorg Beef 80 g - Zooland.az<\/title>\n<meta name=\"robots\" content=\"index, follow, max-snippet:-1, max-image-preview:large, max-video-preview:-1\" \/>\n<link rel=\"canonical\" href=\"https:\/\/zoo-land.az\/az\/shop\/cat\/cat-foods\/miratorg-beef-80-g-2\/\" \/>\n<meta property=\"og:locale\" content=\"az_AZ\" \/>\n<meta property=\"og:type\" content=\"article\" \/>\n<meta property=\"og:title\" content=\"Miratorg Beef 80 g - Zooland.az\" \/>\n<meta property=\"og:description\" content=\"Domestic cats are typically low in activity and prefer peaceful rest on a soft couch. Balanced EXTRA MEAT food is excellent for fluffy loungers: high protein content serves as an energy source, fresh meat provides high palatability for four-legged gourmets. Omega-3 fatty acids from fish oil beneficially affect the fur and skin. L-carnitine, involved in fat metabolism, helps the pet maintain a beautiful physical shape.  &nbsp;\" \/>\n<meta property=\"og:url\" content=\"https:\/\/zoo-land.az\/az\/shop\/cat\/cat-foods\/miratorg-beef-80-g-2\/\" \/>\n<meta property=\"og:site_name\" content=\"Zooland.az\" \/>\n<meta property=\"og:image\" content=\"https:\/\/zoo-land.az\/wp-content\/uploads\/2024\/05\/\u0421\u043d\u0438\u043c\u043e\u043a-\u044d\u043a\u0440\u0430\u043d\u0430-2024-05-31-\u0432-14.22.19.png\" \/>\n\t<meta property=\"og:image:width\" content=\"838\" \/>\n\t<meta property=\"og:image:height\" content=\"810\" \/>\n\t<meta property=\"og:image:type\" content=\"image\/png\" \/>\n<meta name=\"twitter:card\" content=\"summary_large_image\" \/>\n<meta name=\"twitter:label1\" content=\"Est. reading time\" \/>\n\t<meta name=\"twitter:data1\" content=\"1 minute\" \/>\n<script type=\"application\/ld+json\" class=\"yoast-schema-graph\">{\"@context\":\"https:\/\/schema.org\",\"@graph\":[{\"@type\":\"WebPage\",\"@id\":\"https:\/\/zoo-land.az\/shop\/cat\/cat-foods\/miratorg-beef-80-g-2\/\",\"url\":\"https:\/\/zoo-land.az\/shop\/cat\/cat-foods\/miratorg-beef-80-g-2\/\",\"name\":\"Miratorg Beef 80 g - Zooland.az\",\"isPartOf\":{\"@id\":\"https:\/\/zoo-land.az\/#website\"},\"primaryImageOfPage\":{\"@id\":\"https:\/\/zoo-land.az\/shop\/cat\/cat-foods\/miratorg-beef-80-g-2\/#primaryimage\"},\"image\":{\"@id\":\"https:\/\/zoo-land.az\/shop\/cat\/cat-foods\/miratorg-beef-80-g-2\/#primaryimage\"},\"thumbnailUrl\":\"https:\/\/zoo-land.az\/wp-content\/uploads\/2024\/05\/\u0421\u043d\u0438\u043c\u043e\u043a-\u044d\u043a\u0440\u0430\u043d\u0430-2024-05-31-\u0432-14.22.19.png\",\"datePublished\":\"2024-05-31T10:38:37+00:00\",\"breadcrumb\":{\"@id\":\"https:\/\/zoo-land.az\/shop\/cat\/cat-foods\/miratorg-beef-80-g-2\/#breadcrumb\"},\"inLanguage\":\"az\",\"potentialAction\":[{\"@type\":\"ReadAction\",\"target\":[\"https:\/\/zoo-land.az\/shop\/cat\/cat-foods\/miratorg-beef-80-g-2\/\"]}]},{\"@type\":\"ImageObject\",\"inLanguage\":\"az\",\"@id\":\"https:\/\/zoo-land.az\/shop\/cat\/cat-foods\/miratorg-beef-80-g-2\/#primaryimage\",\"url\":\"https:\/\/zoo-land.az\/wp-content\/uploads\/2024\/05\/\u0421\u043d\u0438\u043c\u043e\u043a-\u044d\u043a\u0440\u0430\u043d\u0430-2024-05-31-\u0432-14.22.19.png\",\"contentUrl\":\"https:\/\/zoo-land.az\/wp-content\/uploads\/2024\/05\/\u0421\u043d\u0438\u043c\u043e\u043a-\u044d\u043a\u0440\u0430\u043d\u0430-2024-05-31-\u0432-14.22.19.png\",\"width\":838,\"height\":810},{\"@type\":\"BreadcrumbList\",\"@id\":\"https:\/\/zoo-land.az\/shop\/cat\/cat-foods\/miratorg-beef-80-g-2\/#breadcrumb\",\"itemListElement\":[{\"@type\":\"ListItem\",\"position\":1,\"name\":\"Home\",\"item\":\"https:\/\/zoo-land.az\/ru\/\"},{\"@type\":\"ListItem\",\"position\":2,\"name\":\"Shop\",\"item\":\"https:\/\/zoo-land.az\/ru\/\"},{\"@type\":\"ListItem\",\"position\":3,\"name\":\"Miratorg Beef 80 g\"}]},{\"@type\":\"WebSite\",\"@id\":\"https:\/\/zoo-land.az\/#website\",\"url\":\"https:\/\/zoo-land.az\/\",\"name\":\"Zooland.az\",\"description\":\"Xo\u015fb\u0259xt ev heyvanlar\u0131n\u0131n \u00fcnvan\u0131 Zooland.az\",\"publisher\":{\"@id\":\"https:\/\/zoo-land.az\/#organization\"},\"potentialAction\":[{\"@type\":\"SearchAction\",\"target\":{\"@type\":\"EntryPoint\",\"urlTemplate\":\"https:\/\/zoo-land.az\/?s={search_term_string}\"},\"query-input\":{\"@type\":\"PropertyValueSpecification\",\"valueRequired\":true,\"valueName\":\"search_term_string\"}}],\"inLanguage\":\"az\"},{\"@type\":\"Organization\",\"@id\":\"https:\/\/zoo-land.az\/#organization\",\"name\":\"Zooland.az\",\"url\":\"https:\/\/zoo-land.az\/\",\"logo\":{\"@type\":\"ImageObject\",\"inLanguage\":\"az\",\"@id\":\"https:\/\/zoo-land.az\/#\/schema\/logo\/image\/\",\"url\":\"https:\/\/zoo-land.az\/wp-content\/uploads\/2022\/05\/logo.svg\",\"contentUrl\":\"https:\/\/zoo-land.az\/wp-content\/uploads\/2022\/05\/logo.svg\",\"width\":113,\"height\":46,\"caption\":\"Zooland.az\"},\"image\":{\"@id\":\"https:\/\/zoo-land.az\/#\/schema\/logo\/image\/\"}}]}<\/script>\n<!-- \/ Yoast SEO plugin. -->","yoast_head_json":{"title":"Miratorg Beef 80 g - Zooland.az","robots":{"index":"index","follow":"follow","max-snippet":"max-snippet:-1","max-image-preview":"max-image-preview:large","max-video-preview":"max-video-preview:-1"},"canonical":"https:\/\/zoo-land.az\/az\/shop\/cat\/cat-foods\/miratorg-beef-80-g-2\/","og_locale":"az_AZ","og_type":"article","og_title":"Miratorg Beef 80 g - Zooland.az","og_description":"Domestic cats are typically low in activity and prefer peaceful rest on a soft couch. Balanced EXTRA MEAT food is excellent for fluffy loungers: high protein content serves as an energy source, fresh meat provides high palatability for four-legged gourmets. Omega-3 fatty acids from fish oil beneficially affect the fur and skin. L-carnitine, involved in fat metabolism, helps the pet maintain a beautiful physical shape.  &nbsp;","og_url":"https:\/\/zoo-land.az\/az\/shop\/cat\/cat-foods\/miratorg-beef-80-g-2\/","og_site_name":"Zooland.az","og_image":[{"width":838,"height":810,"url":"https:\/\/zoo-land.az\/wp-content\/uploads\/2024\/05\/\u0421\u043d\u0438\u043c\u043e\u043a-\u044d\u043a\u0440\u0430\u043d\u0430-2024-05-31-\u0432-14.22.19.png","type":"image\/png"}],"twitter_card":"summary_large_image","twitter_misc":{"Est. reading time":"1 minute"},"schema":{"@context":"https:\/\/schema.org","@graph":[{"@type":"WebPage","@id":"https:\/\/zoo-land.az\/shop\/cat\/cat-foods\/miratorg-beef-80-g-2\/","url":"https:\/\/zoo-land.az\/shop\/cat\/cat-foods\/miratorg-beef-80-g-2\/","name":"Miratorg Beef 80 g - Zooland.az","isPartOf":{"@id":"https:\/\/zoo-land.az\/#website"},"primaryImageOfPage":{"@id":"https:\/\/zoo-land.az\/shop\/cat\/cat-foods\/miratorg-beef-80-g-2\/#primaryimage"},"image":{"@id":"https:\/\/zoo-land.az\/shop\/cat\/cat-foods\/miratorg-beef-80-g-2\/#primaryimage"},"thumbnailUrl":"https:\/\/zoo-land.az\/wp-content\/uploads\/2024\/05\/\u0421\u043d\u0438\u043c\u043e\u043a-\u044d\u043a\u0440\u0430\u043d\u0430-2024-05-31-\u0432-14.22.19.png","datePublished":"2024-05-31T10:38:37+00:00","breadcrumb":{"@id":"https:\/\/zoo-land.az\/shop\/cat\/cat-foods\/miratorg-beef-80-g-2\/#breadcrumb"},"inLanguage":"az","potentialAction":[{"@type":"ReadAction","target":["https:\/\/zoo-land.az\/shop\/cat\/cat-foods\/miratorg-beef-80-g-2\/"]}]},{"@type":"ImageObject","inLanguage":"az","@id":"https:\/\/zoo-land.az\/shop\/cat\/cat-foods\/miratorg-beef-80-g-2\/#primaryimage","url":"https:\/\/zoo-land.az\/wp-content\/uploads\/2024\/05\/\u0421\u043d\u0438\u043c\u043e\u043a-\u044d\u043a\u0440\u0430\u043d\u0430-2024-05-31-\u0432-14.22.19.png","contentUrl":"https:\/\/zoo-land.az\/wp-content\/uploads\/2024\/05\/\u0421\u043d\u0438\u043c\u043e\u043a-\u044d\u043a\u0440\u0430\u043d\u0430-2024-05-31-\u0432-14.22.19.png","width":838,"height":810},{"@type":"BreadcrumbList","@id":"https:\/\/zoo-land.az\/shop\/cat\/cat-foods\/miratorg-beef-80-g-2\/#breadcrumb","itemListElement":[{"@type":"ListItem","position":1,"name":"Home","item":"https:\/\/zoo-land.az\/ru\/"},{"@type":"ListItem","position":2,"name":"Shop","item":"https:\/\/zoo-land.az\/ru\/"},{"@type":"ListItem","position":3,"name":"Miratorg Beef 80 g"}]},{"@type":"WebSite","@id":"https:\/\/zoo-land.az\/#website","url":"https:\/\/zoo-land.az\/","name":"Zooland.az","description":"Xo\u015fb\u0259xt ev heyvanlar\u0131n\u0131n \u00fcnvan\u0131 Zooland.az","publisher":{"@id":"https:\/\/zoo-land.az\/#organization"},"potentialAction":[{"@type":"SearchAction","target":{"@type":"EntryPoint","urlTemplate":"https:\/\/zoo-land.az\/?s={search_term_string}"},"query-input":{"@type":"PropertyValueSpecification","valueRequired":true,"valueName":"search_term_string"}}],"inLanguage":"az"},{"@type":"Organization","@id":"https:\/\/zoo-land.az\/#organization","name":"Zooland.az","url":"https:\/\/zoo-land.az\/","logo":{"@type":"ImageObject","inLanguage":"az","@id":"https:\/\/zoo-land.az\/#\/schema\/logo\/image\/","url":"https:\/\/zoo-land.az\/wp-content\/uploads\/2022\/05\/logo.svg","contentUrl":"https:\/\/zoo-land.az\/wp-content\/uploads\/2022\/05\/logo.svg","width":113,"height":46,"caption":"Zooland.az"},"image":{"@id":"https:\/\/zoo-land.az\/#\/schema\/logo\/image\/"}}]}},"_links":{"self":[{"href":"https:\/\/zoo-land.az\/az\/wp-json\/wp\/v2\/product\/22164","targetHints":{"allow":["GET"]}}],"collection":[{"href":"https:\/\/zoo-land.az\/az\/wp-json\/wp\/v2\/product"}],"about":[{"href":"https:\/\/zoo-land.az\/az\/wp-json\/wp\/v2\/types\/product"}],"wp:featuredmedia":[{"embeddable":true,"href":"https:\/\/zoo-land.az\/az\/wp-json\/wp\/v2\/media\/22166"}],"wp:attachment":[{"href":"https:\/\/zoo-land.az\/az\/wp-json\/wp\/v2\/media?parent=22164"}],"wp:term":[{"taxonomy":"product_cat","embeddable":true,"href":"https:\/\/zoo-land.az\/az\/wp-json\/wp\/v2\/product_cat?post=22164"},{"taxonomy":"product_tag","embeddable":true,"href":"https:\/\/zoo-land.az\/az\/wp-json\/wp\/v2\/product_tag?post=22164"}],"curies":[{"name":"wp","href":"https:\/\/api.w.org\/{rel}","templated":true}]}}