{"id":22184,"date":"2024-05-31T11:17:34","date_gmt":"2024-05-31T11:17:34","guid":{"rendered":"https:\/\/lightsteelblue-zebra-299715.hostingersite.com\/?post_type=product&#038;p=22184"},"modified":"2024-05-31T11:17:34","modified_gmt":"2024-05-31T11:17:34","slug":"fitmin-dog-for-life-lamb-rice-mini-12-kg","status":"publish","type":"product","link":"https:\/\/zoo-land.az\/az\/shop\/dog\/dog-food\/fitmin-dog-for-life-lamb-rice-mini-12-kg\/","title":{"rendered":"Fitmin dog For Life Lamb &#038; Rice Mini 12 kg"},"content":{"rendered":"<div class=\"row\">\n<div class=\"col-md-8\">\n<p><strong>B\u00fct\u00fcn cinsl\u0259rd\u0259n olan yetkin itl\u0259r \u00fc\u00e7\u00fcn tam yem.<\/strong><\/p>\n<p><strong>Analitik komponentl\u0259r:<\/strong>\u00a0xam protein 26%, xam ya\u011flar v\u0259 ya\u011flar 14.2%, xam lif 2%, xam k\u00fcl 6%, kalsium 1.2%, fosfor 0.8%.<\/p>\n<\/div>\n<\/div>\n<h2>FAYDALARI<\/h2>\n<p>\u2022 79% animal protein<br \/>\n\u2022 Fresh meat and liver coating on the surface of each granule guarantee exceptional palatability<br \/>\n\u2022 Hypoallergenic formula &#8211; WITHOUT wheat and corn<br \/>\n\u2022 Chicory root extract acts as a prebiotic to support intestinal microflora<\/p>\n<h2>T\u018fRK\u0130B\u0130<\/h2>\n<p>meat (dried poultry meat 21%, fresh lamb meat and offal 15%, dried lamb meat 5%, hydrolyzed lamb liver 3%), white rice 24%, broken rice 24%, poultry fat, sugar cuttings, apple pomace 3.5 %, salmon oil, minerals, brewer&#8217;s yeast, chicory root 0.01%, yucca 0.005%<\/p>","protected":false},"excerpt":{"rendered":"<p><strong>B\u00fct\u00fcn cinsl\u0259rd\u0259n olan yetkin itl\u0259r \u00fc\u00e7\u00fcn tam yem.<\/strong><\/p>\n<p><strong>Analitik komponentl\u0259r:<\/strong>\u00a0xam protein 26%, xam ya\u011flar v\u0259 ya\u011flar 14.2%, xam lif 2%, xam k\u00fcl 6%, kalsium 1.2%, fosfor 0.8%.<\/p>","protected":false},"featured_media":22185,"template":"","meta":{"inline_featured_image":false,"_joinchat":[]},"product_cat":[132,107],"product_tag":[],"class_list":{"0":"post-22184","1":"product","2":"type-product","3":"status-publish","4":"has-post-thumbnail","6":"product_brand-fitmin","7":"product_cat-dog-food","8":"product_cat-dog","10":"first","11":"instock","12":"shipping-taxable","13":"purchasable","14":"product-type-simple"},"yoast_head":"<!-- This site is optimized with the Yoast SEO plugin v27.4 - https:\/\/yoast.com\/product\/yoast-seo-wordpress\/ -->\n<title>Fitmin dog For Life Lamb &amp; Rice Mini 12 kg - Zooland.az<\/title>\n<meta name=\"robots\" content=\"index, follow, max-snippet:-1, max-image-preview:large, max-video-preview:-1\" \/>\n<link rel=\"canonical\" href=\"https:\/\/zoo-land.az\/az\/shop\/dog\/dog-food\/fitmin-dog-for-life-lamb-rice-mini-12-kg\/\" \/>\n<meta property=\"og:locale\" content=\"az_AZ\" \/>\n<meta property=\"og:type\" content=\"article\" \/>\n<meta property=\"og:title\" content=\"Fitmin dog For Life Lamb &amp; Rice Mini 12 kg - Zooland.az\" \/>\n<meta property=\"og:description\" content=\"Complete food for adult dogs of all breeds.  Analytical constituents:\u00a0crude protein 26%, crude oils and fat 14.2%, crude fibre 2%, crude ash 6%, calcium 1.2%, phosphorus 0.8%.\" \/>\n<meta property=\"og:url\" content=\"https:\/\/zoo-land.az\/az\/shop\/dog\/dog-food\/fitmin-dog-for-life-lamb-rice-mini-12-kg\/\" \/>\n<meta property=\"og:site_name\" content=\"Zooland.az\" \/>\n<meta property=\"og:image\" content=\"https:\/\/zoo-land.az\/wp-content\/uploads\/2024\/05\/fitmin-dog-for-life-lamb-rice-12-kg-h-L-800x800-2.jpg\" \/>\n\t<meta property=\"og:image:width\" content=\"800\" \/>\n\t<meta property=\"og:image:height\" content=\"800\" \/>\n\t<meta property=\"og:image:type\" content=\"image\/jpeg\" \/>\n<meta name=\"twitter:card\" content=\"summary_large_image\" \/>\n<script type=\"application\/ld+json\" class=\"yoast-schema-graph\">{\"@context\":\"https:\\\/\\\/schema.org\",\"@graph\":[{\"@type\":\"WebPage\",\"@id\":\"https:\\\/\\\/zoo-land.az\\\/shop\\\/dog\\\/dog-food\\\/fitmin-dog-for-life-lamb-rice-mini-12-kg\\\/\",\"url\":\"https:\\\/\\\/zoo-land.az\\\/shop\\\/dog\\\/dog-food\\\/fitmin-dog-for-life-lamb-rice-mini-12-kg\\\/\",\"name\":\"Fitmin dog For Life Lamb & Rice Mini 12 kg - Zooland.az\",\"isPartOf\":{\"@id\":\"https:\\\/\\\/zoo-land.az\\\/#website\"},\"primaryImageOfPage\":{\"@id\":\"https:\\\/\\\/zoo-land.az\\\/shop\\\/dog\\\/dog-food\\\/fitmin-dog-for-life-lamb-rice-mini-12-kg\\\/#primaryimage\"},\"image\":{\"@id\":\"https:\\\/\\\/zoo-land.az\\\/shop\\\/dog\\\/dog-food\\\/fitmin-dog-for-life-lamb-rice-mini-12-kg\\\/#primaryimage\"},\"thumbnailUrl\":\"https:\\\/\\\/zoo-land.az\\\/wp-content\\\/uploads\\\/2024\\\/05\\\/fitmin-dog-for-life-lamb-rice-12-kg-h-L-800x800-2.jpg\",\"datePublished\":\"2024-05-31T11:17:34+00:00\",\"breadcrumb\":{\"@id\":\"https:\\\/\\\/zoo-land.az\\\/shop\\\/dog\\\/dog-food\\\/fitmin-dog-for-life-lamb-rice-mini-12-kg\\\/#breadcrumb\"},\"inLanguage\":\"az\",\"potentialAction\":[{\"@type\":\"ReadAction\",\"target\":[\"https:\\\/\\\/zoo-land.az\\\/shop\\\/dog\\\/dog-food\\\/fitmin-dog-for-life-lamb-rice-mini-12-kg\\\/\"]}]},{\"@type\":\"ImageObject\",\"inLanguage\":\"az\",\"@id\":\"https:\\\/\\\/zoo-land.az\\\/shop\\\/dog\\\/dog-food\\\/fitmin-dog-for-life-lamb-rice-mini-12-kg\\\/#primaryimage\",\"url\":\"https:\\\/\\\/zoo-land.az\\\/wp-content\\\/uploads\\\/2024\\\/05\\\/fitmin-dog-for-life-lamb-rice-12-kg-h-L-800x800-2.jpg\",\"contentUrl\":\"https:\\\/\\\/zoo-land.az\\\/wp-content\\\/uploads\\\/2024\\\/05\\\/fitmin-dog-for-life-lamb-rice-12-kg-h-L-800x800-2.jpg\",\"width\":800,\"height\":800},{\"@type\":\"BreadcrumbList\",\"@id\":\"https:\\\/\\\/zoo-land.az\\\/shop\\\/dog\\\/dog-food\\\/fitmin-dog-for-life-lamb-rice-mini-12-kg\\\/#breadcrumb\",\"itemListElement\":[{\"@type\":\"ListItem\",\"position\":1,\"name\":\"Home\",\"item\":\"https:\\\/\\\/zoo-land.az\\\/ru\\\/\"},{\"@type\":\"ListItem\",\"position\":2,\"name\":\"Shop\",\"item\":\"https:\\\/\\\/zoo-land.az\\\/ru\\\/\"},{\"@type\":\"ListItem\",\"position\":3,\"name\":\"Fitmin dog For Life Lamb &#038; Rice Mini 12 kg\"}]},{\"@type\":\"WebSite\",\"@id\":\"https:\\\/\\\/zoo-land.az\\\/#website\",\"url\":\"https:\\\/\\\/zoo-land.az\\\/\",\"name\":\"Zooland.az\",\"description\":\"Xo\u015fb\u0259xt ev heyvanlar\u0131n\u0131n \u00fcnvan\u0131 Zooland.az\",\"publisher\":{\"@id\":\"https:\\\/\\\/zoo-land.az\\\/#organization\"},\"potentialAction\":[{\"@type\":\"SearchAction\",\"target\":{\"@type\":\"EntryPoint\",\"urlTemplate\":\"https:\\\/\\\/zoo-land.az\\\/?s={search_term_string}\"},\"query-input\":{\"@type\":\"PropertyValueSpecification\",\"valueRequired\":true,\"valueName\":\"search_term_string\"}}],\"inLanguage\":\"az\"},{\"@type\":\"Organization\",\"@id\":\"https:\\\/\\\/zoo-land.az\\\/#organization\",\"name\":\"Zooland.az\",\"url\":\"https:\\\/\\\/zoo-land.az\\\/\",\"logo\":{\"@type\":\"ImageObject\",\"inLanguage\":\"az\",\"@id\":\"https:\\\/\\\/zoo-land.az\\\/#\\\/schema\\\/logo\\\/image\\\/\",\"url\":\"https:\\\/\\\/zoo-land.az\\\/wp-content\\\/uploads\\\/2022\\\/05\\\/logo.svg\",\"contentUrl\":\"https:\\\/\\\/zoo-land.az\\\/wp-content\\\/uploads\\\/2022\\\/05\\\/logo.svg\",\"width\":113,\"height\":46,\"caption\":\"Zooland.az\"},\"image\":{\"@id\":\"https:\\\/\\\/zoo-land.az\\\/#\\\/schema\\\/logo\\\/image\\\/\"}}]}<\/script>\n<!-- \/ Yoast SEO plugin. -->","yoast_head_json":{"title":"Fitmin dog For Life Lamb & Rice Mini 12 kg - Zooland.az","robots":{"index":"index","follow":"follow","max-snippet":"max-snippet:-1","max-image-preview":"max-image-preview:large","max-video-preview":"max-video-preview:-1"},"canonical":"https:\/\/zoo-land.az\/az\/shop\/dog\/dog-food\/fitmin-dog-for-life-lamb-rice-mini-12-kg\/","og_locale":"az_AZ","og_type":"article","og_title":"Fitmin dog For Life Lamb & Rice Mini 12 kg - Zooland.az","og_description":"Complete food for adult dogs of all breeds.  Analytical constituents:\u00a0crude protein 26%, crude oils and fat 14.2%, crude fibre 2%, crude ash 6%, calcium 1.2%, phosphorus 0.8%.","og_url":"https:\/\/zoo-land.az\/az\/shop\/dog\/dog-food\/fitmin-dog-for-life-lamb-rice-mini-12-kg\/","og_site_name":"Zooland.az","og_image":[{"width":800,"height":800,"url":"https:\/\/zoo-land.az\/wp-content\/uploads\/2024\/05\/fitmin-dog-for-life-lamb-rice-12-kg-h-L-800x800-2.jpg","type":"image\/jpeg"}],"twitter_card":"summary_large_image","schema":{"@context":"https:\/\/schema.org","@graph":[{"@type":"WebPage","@id":"https:\/\/zoo-land.az\/shop\/dog\/dog-food\/fitmin-dog-for-life-lamb-rice-mini-12-kg\/","url":"https:\/\/zoo-land.az\/shop\/dog\/dog-food\/fitmin-dog-for-life-lamb-rice-mini-12-kg\/","name":"Fitmin dog For Life Lamb & Rice Mini 12 kg - Zooland.az","isPartOf":{"@id":"https:\/\/zoo-land.az\/#website"},"primaryImageOfPage":{"@id":"https:\/\/zoo-land.az\/shop\/dog\/dog-food\/fitmin-dog-for-life-lamb-rice-mini-12-kg\/#primaryimage"},"image":{"@id":"https:\/\/zoo-land.az\/shop\/dog\/dog-food\/fitmin-dog-for-life-lamb-rice-mini-12-kg\/#primaryimage"},"thumbnailUrl":"https:\/\/zoo-land.az\/wp-content\/uploads\/2024\/05\/fitmin-dog-for-life-lamb-rice-12-kg-h-L-800x800-2.jpg","datePublished":"2024-05-31T11:17:34+00:00","breadcrumb":{"@id":"https:\/\/zoo-land.az\/shop\/dog\/dog-food\/fitmin-dog-for-life-lamb-rice-mini-12-kg\/#breadcrumb"},"inLanguage":"az","potentialAction":[{"@type":"ReadAction","target":["https:\/\/zoo-land.az\/shop\/dog\/dog-food\/fitmin-dog-for-life-lamb-rice-mini-12-kg\/"]}]},{"@type":"ImageObject","inLanguage":"az","@id":"https:\/\/zoo-land.az\/shop\/dog\/dog-food\/fitmin-dog-for-life-lamb-rice-mini-12-kg\/#primaryimage","url":"https:\/\/zoo-land.az\/wp-content\/uploads\/2024\/05\/fitmin-dog-for-life-lamb-rice-12-kg-h-L-800x800-2.jpg","contentUrl":"https:\/\/zoo-land.az\/wp-content\/uploads\/2024\/05\/fitmin-dog-for-life-lamb-rice-12-kg-h-L-800x800-2.jpg","width":800,"height":800},{"@type":"BreadcrumbList","@id":"https:\/\/zoo-land.az\/shop\/dog\/dog-food\/fitmin-dog-for-life-lamb-rice-mini-12-kg\/#breadcrumb","itemListElement":[{"@type":"ListItem","position":1,"name":"Home","item":"https:\/\/zoo-land.az\/ru\/"},{"@type":"ListItem","position":2,"name":"Shop","item":"https:\/\/zoo-land.az\/ru\/"},{"@type":"ListItem","position":3,"name":"Fitmin dog For Life Lamb &#038; Rice Mini 12 kg"}]},{"@type":"WebSite","@id":"https:\/\/zoo-land.az\/#website","url":"https:\/\/zoo-land.az\/","name":"Zooland.az","description":"Xo\u015fb\u0259xt ev heyvanlar\u0131n\u0131n \u00fcnvan\u0131 Zooland.az","publisher":{"@id":"https:\/\/zoo-land.az\/#organization"},"potentialAction":[{"@type":"SearchAction","target":{"@type":"EntryPoint","urlTemplate":"https:\/\/zoo-land.az\/?s={search_term_string}"},"query-input":{"@type":"PropertyValueSpecification","valueRequired":true,"valueName":"search_term_string"}}],"inLanguage":"az"},{"@type":"Organization","@id":"https:\/\/zoo-land.az\/#organization","name":"Zooland.az","url":"https:\/\/zoo-land.az\/","logo":{"@type":"ImageObject","inLanguage":"az","@id":"https:\/\/zoo-land.az\/#\/schema\/logo\/image\/","url":"https:\/\/zoo-land.az\/wp-content\/uploads\/2022\/05\/logo.svg","contentUrl":"https:\/\/zoo-land.az\/wp-content\/uploads\/2022\/05\/logo.svg","width":113,"height":46,"caption":"Zooland.az"},"image":{"@id":"https:\/\/zoo-land.az\/#\/schema\/logo\/image\/"}}]}},"_links":{"self":[{"href":"https:\/\/zoo-land.az\/az\/wp-json\/wp\/v2\/product\/22184","targetHints":{"allow":["GET"]}}],"collection":[{"href":"https:\/\/zoo-land.az\/az\/wp-json\/wp\/v2\/product"}],"about":[{"href":"https:\/\/zoo-land.az\/az\/wp-json\/wp\/v2\/types\/product"}],"wp:featuredmedia":[{"embeddable":true,"href":"https:\/\/zoo-land.az\/az\/wp-json\/wp\/v2\/media\/22185"}],"wp:attachment":[{"href":"https:\/\/zoo-land.az\/az\/wp-json\/wp\/v2\/media?parent=22184"}],"wp:term":[{"taxonomy":"product_cat","embeddable":true,"href":"https:\/\/zoo-land.az\/az\/wp-json\/wp\/v2\/product_cat?post=22184"},{"taxonomy":"product_tag","embeddable":true,"href":"https:\/\/zoo-land.az\/az\/wp-json\/wp\/v2\/product_tag?post=22184"}],"curies":[{"name":"wp","href":"https:\/\/api.w.org\/{rel}","templated":true}]}}