{"id":22196,"date":"2024-05-31T12:39:25","date_gmt":"2024-05-31T12:39:25","guid":{"rendered":"https:\/\/lightsteelblue-zebra-299715.hostingersite.com\/?post_type=product&#038;p=22196"},"modified":"2024-05-31T12:39:25","modified_gmt":"2024-05-31T12:39:25","slug":"8-in-1-delights-chicken-bone-l-dog-chew-with-chicken-meat","status":"publish","type":"product","link":"https:\/\/zoo-land.az\/az\/shop\/dog\/treats\/8-in-1-delights-chicken-bone-l-dog-chew-with-chicken-meat\/","title":{"rendered":"8-i 1-d\u0259 L\u0259zz\u0259tl\u0259r Toyuq S\u00fcm\u00fck L \u0130t Toyuq \u018fti il\u0259 \u00c7eyn\u0259yin"},"content":{"rendered":"<p>8in1 Delights Chicken Bones L are made of tasty beefhide and delicious chicken breast and ensure intensive, long-lasting chewing fun for large and giant dogs with a weight exceeding 25kg. More than this: while keeping your dog busy, the bones enhance dental care. Due to the natural abrasive action of chewing, tartar is removed from your dog&#8217;s teeth and in that way the bones support your dog&#8217;s dental health. The low in fat 8in1 Delights Chicken Bones L perfectly serve as a mouth-watering chew to reward your dog. They are rich in proteins and free from artificial colours and flavour enhancers. Furthermore, neither sugar nor GMO&#8217;s or gluten are added to the oven baked chews.<\/p>\n<p><span style=\"font-size: 1.41575em;\">Composition<\/span><\/p>\n<p>beef hide (71%), chicken breast (26%), rice, glycerol, tapioca starch, sorbitol, sodium chloride.<\/p>\n<h4 class=\"bold padding-s-top\">Analytical Constituents<\/h4>\n<p>protein 78%, fat content 2.5%, crude fibre 1%, crude ash 2.5%.<\/p>\n<h4 class=\"bold padding-s-top\">Dosage<\/h4>\n<p>Feed 1 treat over a course of two days. Do not exceed 1 treat in a two day period. Treats should not exceed 10% of your dog\u2019s daily caloric intake.<\/p>","protected":false},"excerpt":{"rendered":"<p>8in1 Delights Chicken Bones L are made of tasty beefhide and delicious chicken breast and ensure intensive, long-lasting chewing fun for large and giant dogs with a weight exceeding 25kg. More than this: while keeping your dog busy, the bones enhance dental care. Due to the natural abrasive action of chewing, tartar is removed from your dog&#8217;s teeth and in that way the bones support your dog&#8217;s dental health. The low in fat 8in1 Delights Chicken Bones L perfectly serve as a mouth-watering chew to reward your dog. They are rich in proteins and free from artificial colours and flavour enhancers. Furthermore, neither sugar nor GMO&#8217;s or gluten are added to the oven baked chews.<\/p>","protected":false},"featured_media":22197,"template":"","meta":{"inline_featured_image":false,"_joinchat":[]},"product_cat":[107,340],"product_tag":[],"class_list":{"0":"post-22196","1":"product","2":"type-product","3":"status-publish","4":"has-post-thumbnail","6":"product_brand-8-in-1","7":"product_cat-dog","8":"product_cat-treats","10":"first","11":"instock","12":"shipping-taxable","13":"purchasable","14":"product-type-simple"},"yoast_head":"<!-- This site is optimized with the Yoast SEO plugin v26.7 - https:\/\/yoast.com\/wordpress\/plugins\/seo\/ -->\n<title>8 in 1 Delights Chicken Bone L Dog Chew with Chicken Meat - Zooland.az<\/title>\n<meta name=\"robots\" content=\"index, follow, max-snippet:-1, max-image-preview:large, max-video-preview:-1\" \/>\n<link rel=\"canonical\" href=\"https:\/\/lightsteelblue-zebra-299715.hostingersite.com\/az\/shop\/dog\/treats\/8-in-1-delights-chicken-bone-l-dog-chew-with-chicken-meat\/\" \/>\n<meta property=\"og:locale\" content=\"az_AZ\" \/>\n<meta property=\"og:type\" content=\"article\" \/>\n<meta property=\"og:title\" content=\"8 in 1 Delights Chicken Bone L Dog Chew with Chicken Meat - Zooland.az\" \/>\n<meta property=\"og:description\" content=\"8in1 Delights Chicken Bones L are made of tasty beefhide and delicious chicken breast and ensure intensive, long-lasting chewing fun for large and giant dogs with a weight exceeding 25kg. More than this: while keeping your dog busy, the bones enhance dental care. Due to the natural abrasive action of chewing, tartar is removed from your dog&#039;s teeth and in that way the bones support your dog&#039;s dental health. The low in fat 8in1 Delights Chicken Bones L perfectly serve as a mouth-watering chew to reward your dog. They are rich in proteins and free from artificial colours and flavour enhancers. Furthermore, neither sugar nor GMO&#039;s or gluten are added to the oven baked chews.\" \/>\n<meta property=\"og:url\" content=\"https:\/\/lightsteelblue-zebra-299715.hostingersite.com\/az\/shop\/dog\/treats\/8-in-1-delights-chicken-bone-l-dog-chew-with-chicken-meat\/\" \/>\n<meta property=\"og:site_name\" content=\"Zooland.az\" \/>\n<meta property=\"og:image\" content=\"https:\/\/lightsteelblue-zebra-299715.hostingersite.com\/wp-content\/uploads\/2024\/05\/189421-2001976d9a045e60f39239be4f862dab.jpg\" \/>\n\t<meta property=\"og:image:width\" content=\"1680\" \/>\n\t<meta property=\"og:image:height\" content=\"1680\" \/>\n\t<meta property=\"og:image:type\" content=\"image\/jpeg\" \/>\n<meta name=\"twitter:card\" content=\"summary_large_image\" \/>\n<meta name=\"twitter:label1\" content=\"Est. reading time\" \/>\n\t<meta name=\"twitter:data1\" content=\"1 minute\" \/>\n<script type=\"application\/ld+json\" class=\"yoast-schema-graph\">{\"@context\":\"https:\/\/schema.org\",\"@graph\":[{\"@type\":\"WebPage\",\"@id\":\"https:\/\/lightsteelblue-zebra-299715.hostingersite.com\/az\/shop\/dog\/treats\/8-in-1-delights-chicken-bone-l-dog-chew-with-chicken-meat\/\",\"url\":\"https:\/\/lightsteelblue-zebra-299715.hostingersite.com\/az\/shop\/dog\/treats\/8-in-1-delights-chicken-bone-l-dog-chew-with-chicken-meat\/\",\"name\":\"8 in 1 Delights Chicken Bone L Dog Chew with Chicken Meat - Zooland.az\",\"isPartOf\":{\"@id\":\"https:\/\/zoo-land.az\/#website\"},\"primaryImageOfPage\":{\"@id\":\"https:\/\/lightsteelblue-zebra-299715.hostingersite.com\/az\/shop\/dog\/treats\/8-in-1-delights-chicken-bone-l-dog-chew-with-chicken-meat\/#primaryimage\"},\"image\":{\"@id\":\"https:\/\/lightsteelblue-zebra-299715.hostingersite.com\/az\/shop\/dog\/treats\/8-in-1-delights-chicken-bone-l-dog-chew-with-chicken-meat\/#primaryimage\"},\"thumbnailUrl\":\"https:\/\/zoo-land.az\/wp-content\/uploads\/2024\/05\/189421-2001976d9a045e60f39239be4f862dab.jpg\",\"datePublished\":\"2024-05-31T12:39:25+00:00\",\"breadcrumb\":{\"@id\":\"https:\/\/lightsteelblue-zebra-299715.hostingersite.com\/az\/shop\/dog\/treats\/8-in-1-delights-chicken-bone-l-dog-chew-with-chicken-meat\/#breadcrumb\"},\"inLanguage\":\"az\",\"potentialAction\":[{\"@type\":\"ReadAction\",\"target\":[\"https:\/\/lightsteelblue-zebra-299715.hostingersite.com\/az\/shop\/dog\/treats\/8-in-1-delights-chicken-bone-l-dog-chew-with-chicken-meat\/\"]}]},{\"@type\":\"ImageObject\",\"inLanguage\":\"az\",\"@id\":\"https:\/\/lightsteelblue-zebra-299715.hostingersite.com\/az\/shop\/dog\/treats\/8-in-1-delights-chicken-bone-l-dog-chew-with-chicken-meat\/#primaryimage\",\"url\":\"https:\/\/zoo-land.az\/wp-content\/uploads\/2024\/05\/189421-2001976d9a045e60f39239be4f862dab.jpg\",\"contentUrl\":\"https:\/\/zoo-land.az\/wp-content\/uploads\/2024\/05\/189421-2001976d9a045e60f39239be4f862dab.jpg\",\"width\":1680,\"height\":1680},{\"@type\":\"BreadcrumbList\",\"@id\":\"https:\/\/lightsteelblue-zebra-299715.hostingersite.com\/az\/shop\/dog\/treats\/8-in-1-delights-chicken-bone-l-dog-chew-with-chicken-meat\/#breadcrumb\",\"itemListElement\":[{\"@type\":\"ListItem\",\"position\":1,\"name\":\"Home\",\"item\":\"https:\/\/zoo-land.az\/ru\/\"},{\"@type\":\"ListItem\",\"position\":2,\"name\":\"Shop\",\"item\":\"https:\/\/zoo-land.az\/ru\/\"},{\"@type\":\"ListItem\",\"position\":3,\"name\":\"8 in 1 Delights Chicken Bone L Dog Chew with Chicken Meat\"}]},{\"@type\":\"WebSite\",\"@id\":\"https:\/\/zoo-land.az\/#website\",\"url\":\"https:\/\/zoo-land.az\/\",\"name\":\"Zooland.az\",\"description\":\"Xo\u015fb\u0259xt ev heyvanlar\u0131n\u0131n \u00fcnvan\u0131 Zooland.az\",\"publisher\":{\"@id\":\"https:\/\/zoo-land.az\/#organization\"},\"potentialAction\":[{\"@type\":\"SearchAction\",\"target\":{\"@type\":\"EntryPoint\",\"urlTemplate\":\"https:\/\/zoo-land.az\/?s={search_term_string}\"},\"query-input\":{\"@type\":\"PropertyValueSpecification\",\"valueRequired\":true,\"valueName\":\"search_term_string\"}}],\"inLanguage\":\"az\"},{\"@type\":\"Organization\",\"@id\":\"https:\/\/zoo-land.az\/#organization\",\"name\":\"Zooland.az\",\"url\":\"https:\/\/zoo-land.az\/\",\"logo\":{\"@type\":\"ImageObject\",\"inLanguage\":\"az\",\"@id\":\"https:\/\/zoo-land.az\/#\/schema\/logo\/image\/\",\"url\":\"https:\/\/zoo-land.az\/wp-content\/uploads\/2022\/05\/logo.svg\",\"contentUrl\":\"https:\/\/zoo-land.az\/wp-content\/uploads\/2022\/05\/logo.svg\",\"width\":113,\"height\":46,\"caption\":\"Zooland.az\"},\"image\":{\"@id\":\"https:\/\/zoo-land.az\/#\/schema\/logo\/image\/\"}}]}<\/script>\n<!-- \/ Yoast SEO plugin. -->","yoast_head_json":{"title":"8 in 1 Delights Chicken Bone L Dog Chew with Chicken Meat - Zooland.az","robots":{"index":"index","follow":"follow","max-snippet":"max-snippet:-1","max-image-preview":"max-image-preview:large","max-video-preview":"max-video-preview:-1"},"canonical":"https:\/\/lightsteelblue-zebra-299715.hostingersite.com\/az\/shop\/dog\/treats\/8-in-1-delights-chicken-bone-l-dog-chew-with-chicken-meat\/","og_locale":"az_AZ","og_type":"article","og_title":"8 in 1 Delights Chicken Bone L Dog Chew with Chicken Meat - Zooland.az","og_description":"8in1 Delights Chicken Bones L are made of tasty beefhide and delicious chicken breast and ensure intensive, long-lasting chewing fun for large and giant dogs with a weight exceeding 25kg. More than this: while keeping your dog busy, the bones enhance dental care. Due to the natural abrasive action of chewing, tartar is removed from your dog's teeth and in that way the bones support your dog's dental health. The low in fat 8in1 Delights Chicken Bones L perfectly serve as a mouth-watering chew to reward your dog. They are rich in proteins and free from artificial colours and flavour enhancers. Furthermore, neither sugar nor GMO's or gluten are added to the oven baked chews.","og_url":"https:\/\/lightsteelblue-zebra-299715.hostingersite.com\/az\/shop\/dog\/treats\/8-in-1-delights-chicken-bone-l-dog-chew-with-chicken-meat\/","og_site_name":"Zooland.az","og_image":[{"width":1680,"height":1680,"url":"https:\/\/lightsteelblue-zebra-299715.hostingersite.com\/wp-content\/uploads\/2024\/05\/189421-2001976d9a045e60f39239be4f862dab.jpg","type":"image\/jpeg"}],"twitter_card":"summary_large_image","twitter_misc":{"Est. reading time":"1 minute"},"schema":{"@context":"https:\/\/schema.org","@graph":[{"@type":"WebPage","@id":"https:\/\/lightsteelblue-zebra-299715.hostingersite.com\/az\/shop\/dog\/treats\/8-in-1-delights-chicken-bone-l-dog-chew-with-chicken-meat\/","url":"https:\/\/lightsteelblue-zebra-299715.hostingersite.com\/az\/shop\/dog\/treats\/8-in-1-delights-chicken-bone-l-dog-chew-with-chicken-meat\/","name":"8 in 1 Delights Chicken Bone L Dog Chew with Chicken Meat - Zooland.az","isPartOf":{"@id":"https:\/\/zoo-land.az\/#website"},"primaryImageOfPage":{"@id":"https:\/\/lightsteelblue-zebra-299715.hostingersite.com\/az\/shop\/dog\/treats\/8-in-1-delights-chicken-bone-l-dog-chew-with-chicken-meat\/#primaryimage"},"image":{"@id":"https:\/\/lightsteelblue-zebra-299715.hostingersite.com\/az\/shop\/dog\/treats\/8-in-1-delights-chicken-bone-l-dog-chew-with-chicken-meat\/#primaryimage"},"thumbnailUrl":"https:\/\/zoo-land.az\/wp-content\/uploads\/2024\/05\/189421-2001976d9a045e60f39239be4f862dab.jpg","datePublished":"2024-05-31T12:39:25+00:00","breadcrumb":{"@id":"https:\/\/lightsteelblue-zebra-299715.hostingersite.com\/az\/shop\/dog\/treats\/8-in-1-delights-chicken-bone-l-dog-chew-with-chicken-meat\/#breadcrumb"},"inLanguage":"az","potentialAction":[{"@type":"ReadAction","target":["https:\/\/lightsteelblue-zebra-299715.hostingersite.com\/az\/shop\/dog\/treats\/8-in-1-delights-chicken-bone-l-dog-chew-with-chicken-meat\/"]}]},{"@type":"ImageObject","inLanguage":"az","@id":"https:\/\/lightsteelblue-zebra-299715.hostingersite.com\/az\/shop\/dog\/treats\/8-in-1-delights-chicken-bone-l-dog-chew-with-chicken-meat\/#primaryimage","url":"https:\/\/zoo-land.az\/wp-content\/uploads\/2024\/05\/189421-2001976d9a045e60f39239be4f862dab.jpg","contentUrl":"https:\/\/zoo-land.az\/wp-content\/uploads\/2024\/05\/189421-2001976d9a045e60f39239be4f862dab.jpg","width":1680,"height":1680},{"@type":"BreadcrumbList","@id":"https:\/\/lightsteelblue-zebra-299715.hostingersite.com\/az\/shop\/dog\/treats\/8-in-1-delights-chicken-bone-l-dog-chew-with-chicken-meat\/#breadcrumb","itemListElement":[{"@type":"ListItem","position":1,"name":"Home","item":"https:\/\/zoo-land.az\/ru\/"},{"@type":"ListItem","position":2,"name":"Shop","item":"https:\/\/zoo-land.az\/ru\/"},{"@type":"ListItem","position":3,"name":"8 in 1 Delights Chicken Bone L Dog Chew with Chicken Meat"}]},{"@type":"WebSite","@id":"https:\/\/zoo-land.az\/#website","url":"https:\/\/zoo-land.az\/","name":"Zooland.az","description":"Xo\u015fb\u0259xt ev heyvanlar\u0131n\u0131n \u00fcnvan\u0131 Zooland.az","publisher":{"@id":"https:\/\/zoo-land.az\/#organization"},"potentialAction":[{"@type":"SearchAction","target":{"@type":"EntryPoint","urlTemplate":"https:\/\/zoo-land.az\/?s={search_term_string}"},"query-input":{"@type":"PropertyValueSpecification","valueRequired":true,"valueName":"search_term_string"}}],"inLanguage":"az"},{"@type":"Organization","@id":"https:\/\/zoo-land.az\/#organization","name":"Zooland.az","url":"https:\/\/zoo-land.az\/","logo":{"@type":"ImageObject","inLanguage":"az","@id":"https:\/\/zoo-land.az\/#\/schema\/logo\/image\/","url":"https:\/\/zoo-land.az\/wp-content\/uploads\/2022\/05\/logo.svg","contentUrl":"https:\/\/zoo-land.az\/wp-content\/uploads\/2022\/05\/logo.svg","width":113,"height":46,"caption":"Zooland.az"},"image":{"@id":"https:\/\/zoo-land.az\/#\/schema\/logo\/image\/"}}]}},"_links":{"self":[{"href":"https:\/\/zoo-land.az\/az\/wp-json\/wp\/v2\/product\/22196","targetHints":{"allow":["GET"]}}],"collection":[{"href":"https:\/\/zoo-land.az\/az\/wp-json\/wp\/v2\/product"}],"about":[{"href":"https:\/\/zoo-land.az\/az\/wp-json\/wp\/v2\/types\/product"}],"wp:featuredmedia":[{"embeddable":true,"href":"https:\/\/zoo-land.az\/az\/wp-json\/wp\/v2\/media\/22197"}],"wp:attachment":[{"href":"https:\/\/zoo-land.az\/az\/wp-json\/wp\/v2\/media?parent=22196"}],"wp:term":[{"taxonomy":"product_cat","embeddable":true,"href":"https:\/\/zoo-land.az\/az\/wp-json\/wp\/v2\/product_cat?post=22196"},{"taxonomy":"product_tag","embeddable":true,"href":"https:\/\/zoo-land.az\/az\/wp-json\/wp\/v2\/product_tag?post=22196"}],"curies":[{"name":"wp","href":"https:\/\/api.w.org\/{rel}","templated":true}]}}