{"id":22199,"date":"2024-05-31T12:42:20","date_gmt":"2024-05-31T12:42:20","guid":{"rendered":"https:\/\/lightsteelblue-zebra-299715.hostingersite.com\/?post_type=product&#038;p=22199"},"modified":"2024-05-31T12:42:20","modified_gmt":"2024-05-31T12:42:20","slug":"8-in-1-delights-chicken-sticks-75-g","status":"publish","type":"product","link":"https:\/\/zoo-land.az\/az\/shop\/dog\/treats\/8-in-1-delights-chicken-sticks-75-g\/","title":{"rendered":"8-i 1-d\u0259 Delights Toyuq \u00c7ubuqlar\u0131 75 q"},"content":{"rendered":"<p>8in1 Delights Chicken Sticks are made of tasty beefhide and delicious chicken breast and ensure intensive, long-lasting chewing fun for your dog. More than this: while keeping your dog busy, the sticks enhance dental care. Due to the natural abrasive action of chewing, tartar is removed from your dog&#8217;s teeth and in that way the sticks support your dog&#8217;s dental health. The low in fat 8in1 Delights Chicken Sticks perfectly serve as a mouth-watering chew to reward your dog. They are rich in proteins and free from artificial colours and flavour enhancers. Furthermore, neither GMO&#8217;s nor gluten are added to the oven baked chews.<\/p>\n<h4 class=\"bold padding-s-top\">Composition<\/h4>\n<p>beef hide (66%), chicken breast (31%), rice, glycerol, tapioca starch, glucose, sorbitol, sodium chloride.<\/p>\n<h4 class=\"bold padding-s-top\">Analytical Constituents<\/h4>\n<p>protein: 88%, fat content: 2.5%, crude fibre: 1%, crude ash: 3%.<\/p>\n<h4 class=\"bold padding-s-top\">Dosage<\/h4>\n<p>XS (1-&lt;5kg) Size Dog: Feed 1 treat over a course of seven days. Do not exceed 1 treat in a seven day period.<br \/>\nS-L (5+ kg) Size Dog: Feed 1 treat over a course of two days. Do not exceed 1 treat in a two day period.<br \/>\nTreats should not exceed 10% of your dog\u2019s daily caloric intake.<\/p>\n<p>Select a chew slightly larger than your pet\u2019s mouth. Balance food intake and exercise with this reward snack. Always provide fresh water. Supervise your dog while chewing.<\/p>","protected":false},"excerpt":{"rendered":"<p>8in1 Delights Chicken Sticks are made of tasty beefhide and delicious chicken breast and ensure intensive, long-lasting chewing fun for your dog. More than this: while keeping your dog busy, the sticks enhance dental care. Due to the natural abrasive action of chewing, tartar is removed from your dog&#8217;s teeth and in that way the sticks support your dog&#8217;s dental health. The low in fat 8in1 Delights Chicken Sticks perfectly serve as a mouth-watering chew to reward your dog. They are rich in proteins and free from artificial colours and flavour enhancers. Furthermore, neither GMO&#8217;s nor gluten are added to the oven baked chews.<\/p>","protected":false},"featured_media":22200,"template":"","meta":{"inline_featured_image":false,"_joinchat":[]},"product_cat":[107,340],"product_tag":[],"class_list":{"0":"post-22199","1":"product","2":"type-product","3":"status-publish","4":"has-post-thumbnail","6":"product_brand-8-in-1","7":"product_cat-dog","8":"product_cat-treats","10":"first","11":"instock","12":"shipping-taxable","13":"purchasable","14":"product-type-simple"},"yoast_head":"<!-- This site is optimized with the Yoast SEO plugin v26.7 - https:\/\/yoast.com\/wordpress\/plugins\/seo\/ -->\n<title>8 in 1 Delights Chicken Sticks 75 g - Zooland.az<\/title>\n<meta name=\"robots\" content=\"index, follow, max-snippet:-1, max-image-preview:large, max-video-preview:-1\" \/>\n<link rel=\"canonical\" href=\"https:\/\/zoo-land.az\/az\/shop\/dog\/treats\/8-in-1-delights-chicken-sticks-75-g\/\" \/>\n<meta property=\"og:locale\" content=\"az_AZ\" \/>\n<meta property=\"og:type\" content=\"article\" \/>\n<meta property=\"og:title\" content=\"8 in 1 Delights Chicken Sticks 75 g - Zooland.az\" \/>\n<meta property=\"og:description\" content=\"8in1 Delights Chicken Sticks are made of tasty beefhide and delicious chicken breast and ensure intensive, long-lasting chewing fun for your dog. More than this: while keeping your dog busy, the sticks enhance dental care. Due to the natural abrasive action of chewing, tartar is removed from your dog&#039;s teeth and in that way the sticks support your dog&#039;s dental health. The low in fat 8in1 Delights Chicken Sticks perfectly serve as a mouth-watering chew to reward your dog. They are rich in proteins and free from artificial colours and flavour enhancers. Furthermore, neither GMO&#039;s nor gluten are added to the oven baked chews.\" \/>\n<meta property=\"og:url\" content=\"https:\/\/zoo-land.az\/az\/shop\/dog\/treats\/8-in-1-delights-chicken-sticks-75-g\/\" \/>\n<meta property=\"og:site_name\" content=\"Zooland.az\" \/>\n<meta property=\"og:image\" content=\"https:\/\/zoo-land.az\/wp-content\/uploads\/2024\/05\/4.png\" \/>\n\t<meta property=\"og:image:width\" content=\"600\" \/>\n\t<meta property=\"og:image:height\" content=\"600\" \/>\n\t<meta property=\"og:image:type\" content=\"image\/png\" \/>\n<meta name=\"twitter:card\" content=\"summary_large_image\" \/>\n<meta name=\"twitter:label1\" content=\"Est. reading time\" \/>\n\t<meta name=\"twitter:data1\" content=\"1 minute\" \/>\n<script type=\"application\/ld+json\" class=\"yoast-schema-graph\">{\"@context\":\"https:\/\/schema.org\",\"@graph\":[{\"@type\":\"WebPage\",\"@id\":\"https:\/\/zoo-land.az\/ru\/shop\/dog\/treats\/8-in-1-delights-chicken-sticks-75-g\/\",\"url\":\"https:\/\/zoo-land.az\/ru\/shop\/dog\/treats\/8-in-1-delights-chicken-sticks-75-g\/\",\"name\":\"8 in 1 Delights Chicken Sticks 75 g - Zooland.az\",\"isPartOf\":{\"@id\":\"https:\/\/zoo-land.az\/#website\"},\"primaryImageOfPage\":{\"@id\":\"https:\/\/zoo-land.az\/ru\/shop\/dog\/treats\/8-in-1-delights-chicken-sticks-75-g\/#primaryimage\"},\"image\":{\"@id\":\"https:\/\/zoo-land.az\/ru\/shop\/dog\/treats\/8-in-1-delights-chicken-sticks-75-g\/#primaryimage\"},\"thumbnailUrl\":\"https:\/\/zoo-land.az\/wp-content\/uploads\/2024\/05\/4.png\",\"datePublished\":\"2024-05-31T12:42:20+00:00\",\"breadcrumb\":{\"@id\":\"https:\/\/zoo-land.az\/ru\/shop\/dog\/treats\/8-in-1-delights-chicken-sticks-75-g\/#breadcrumb\"},\"inLanguage\":\"az\",\"potentialAction\":[{\"@type\":\"ReadAction\",\"target\":[\"https:\/\/zoo-land.az\/ru\/shop\/dog\/treats\/8-in-1-delights-chicken-sticks-75-g\/\"]}]},{\"@type\":\"ImageObject\",\"inLanguage\":\"az\",\"@id\":\"https:\/\/zoo-land.az\/ru\/shop\/dog\/treats\/8-in-1-delights-chicken-sticks-75-g\/#primaryimage\",\"url\":\"https:\/\/zoo-land.az\/wp-content\/uploads\/2024\/05\/4.png\",\"contentUrl\":\"https:\/\/zoo-land.az\/wp-content\/uploads\/2024\/05\/4.png\",\"width\":600,\"height\":600},{\"@type\":\"BreadcrumbList\",\"@id\":\"https:\/\/zoo-land.az\/ru\/shop\/dog\/treats\/8-in-1-delights-chicken-sticks-75-g\/#breadcrumb\",\"itemListElement\":[{\"@type\":\"ListItem\",\"position\":1,\"name\":\"Home\",\"item\":\"https:\/\/zoo-land.az\/ru\/\"},{\"@type\":\"ListItem\",\"position\":2,\"name\":\"Shop\",\"item\":\"https:\/\/zoo-land.az\/ru\/\"},{\"@type\":\"ListItem\",\"position\":3,\"name\":\"8 in 1 Delights Chicken Sticks 75 g\"}]},{\"@type\":\"WebSite\",\"@id\":\"https:\/\/zoo-land.az\/#website\",\"url\":\"https:\/\/zoo-land.az\/\",\"name\":\"Zooland.az\",\"description\":\"Xo\u015fb\u0259xt ev heyvanlar\u0131n\u0131n \u00fcnvan\u0131 Zooland.az\",\"publisher\":{\"@id\":\"https:\/\/zoo-land.az\/#organization\"},\"potentialAction\":[{\"@type\":\"SearchAction\",\"target\":{\"@type\":\"EntryPoint\",\"urlTemplate\":\"https:\/\/zoo-land.az\/?s={search_term_string}\"},\"query-input\":{\"@type\":\"PropertyValueSpecification\",\"valueRequired\":true,\"valueName\":\"search_term_string\"}}],\"inLanguage\":\"az\"},{\"@type\":\"Organization\",\"@id\":\"https:\/\/zoo-land.az\/#organization\",\"name\":\"Zooland.az\",\"url\":\"https:\/\/zoo-land.az\/\",\"logo\":{\"@type\":\"ImageObject\",\"inLanguage\":\"az\",\"@id\":\"https:\/\/zoo-land.az\/#\/schema\/logo\/image\/\",\"url\":\"https:\/\/zoo-land.az\/wp-content\/uploads\/2022\/05\/logo.svg\",\"contentUrl\":\"https:\/\/zoo-land.az\/wp-content\/uploads\/2022\/05\/logo.svg\",\"width\":113,\"height\":46,\"caption\":\"Zooland.az\"},\"image\":{\"@id\":\"https:\/\/zoo-land.az\/#\/schema\/logo\/image\/\"}}]}<\/script>\n<!-- \/ Yoast SEO plugin. -->","yoast_head_json":{"title":"8 in 1 Delights Chicken Sticks 75 g - Zooland.az","robots":{"index":"index","follow":"follow","max-snippet":"max-snippet:-1","max-image-preview":"max-image-preview:large","max-video-preview":"max-video-preview:-1"},"canonical":"https:\/\/zoo-land.az\/az\/shop\/dog\/treats\/8-in-1-delights-chicken-sticks-75-g\/","og_locale":"az_AZ","og_type":"article","og_title":"8 in 1 Delights Chicken Sticks 75 g - Zooland.az","og_description":"8in1 Delights Chicken Sticks are made of tasty beefhide and delicious chicken breast and ensure intensive, long-lasting chewing fun for your dog. More than this: while keeping your dog busy, the sticks enhance dental care. Due to the natural abrasive action of chewing, tartar is removed from your dog's teeth and in that way the sticks support your dog's dental health. The low in fat 8in1 Delights Chicken Sticks perfectly serve as a mouth-watering chew to reward your dog. They are rich in proteins and free from artificial colours and flavour enhancers. Furthermore, neither GMO's nor gluten are added to the oven baked chews.","og_url":"https:\/\/zoo-land.az\/az\/shop\/dog\/treats\/8-in-1-delights-chicken-sticks-75-g\/","og_site_name":"Zooland.az","og_image":[{"width":600,"height":600,"url":"https:\/\/zoo-land.az\/wp-content\/uploads\/2024\/05\/4.png","type":"image\/png"}],"twitter_card":"summary_large_image","twitter_misc":{"Est. reading time":"1 minute"},"schema":{"@context":"https:\/\/schema.org","@graph":[{"@type":"WebPage","@id":"https:\/\/zoo-land.az\/ru\/shop\/dog\/treats\/8-in-1-delights-chicken-sticks-75-g\/","url":"https:\/\/zoo-land.az\/ru\/shop\/dog\/treats\/8-in-1-delights-chicken-sticks-75-g\/","name":"8 in 1 Delights Chicken Sticks 75 g - Zooland.az","isPartOf":{"@id":"https:\/\/zoo-land.az\/#website"},"primaryImageOfPage":{"@id":"https:\/\/zoo-land.az\/ru\/shop\/dog\/treats\/8-in-1-delights-chicken-sticks-75-g\/#primaryimage"},"image":{"@id":"https:\/\/zoo-land.az\/ru\/shop\/dog\/treats\/8-in-1-delights-chicken-sticks-75-g\/#primaryimage"},"thumbnailUrl":"https:\/\/zoo-land.az\/wp-content\/uploads\/2024\/05\/4.png","datePublished":"2024-05-31T12:42:20+00:00","breadcrumb":{"@id":"https:\/\/zoo-land.az\/ru\/shop\/dog\/treats\/8-in-1-delights-chicken-sticks-75-g\/#breadcrumb"},"inLanguage":"az","potentialAction":[{"@type":"ReadAction","target":["https:\/\/zoo-land.az\/ru\/shop\/dog\/treats\/8-in-1-delights-chicken-sticks-75-g\/"]}]},{"@type":"ImageObject","inLanguage":"az","@id":"https:\/\/zoo-land.az\/ru\/shop\/dog\/treats\/8-in-1-delights-chicken-sticks-75-g\/#primaryimage","url":"https:\/\/zoo-land.az\/wp-content\/uploads\/2024\/05\/4.png","contentUrl":"https:\/\/zoo-land.az\/wp-content\/uploads\/2024\/05\/4.png","width":600,"height":600},{"@type":"BreadcrumbList","@id":"https:\/\/zoo-land.az\/ru\/shop\/dog\/treats\/8-in-1-delights-chicken-sticks-75-g\/#breadcrumb","itemListElement":[{"@type":"ListItem","position":1,"name":"Home","item":"https:\/\/zoo-land.az\/ru\/"},{"@type":"ListItem","position":2,"name":"Shop","item":"https:\/\/zoo-land.az\/ru\/"},{"@type":"ListItem","position":3,"name":"8 in 1 Delights Chicken Sticks 75 g"}]},{"@type":"WebSite","@id":"https:\/\/zoo-land.az\/#website","url":"https:\/\/zoo-land.az\/","name":"Zooland.az","description":"Xo\u015fb\u0259xt ev heyvanlar\u0131n\u0131n \u00fcnvan\u0131 Zooland.az","publisher":{"@id":"https:\/\/zoo-land.az\/#organization"},"potentialAction":[{"@type":"SearchAction","target":{"@type":"EntryPoint","urlTemplate":"https:\/\/zoo-land.az\/?s={search_term_string}"},"query-input":{"@type":"PropertyValueSpecification","valueRequired":true,"valueName":"search_term_string"}}],"inLanguage":"az"},{"@type":"Organization","@id":"https:\/\/zoo-land.az\/#organization","name":"Zooland.az","url":"https:\/\/zoo-land.az\/","logo":{"@type":"ImageObject","inLanguage":"az","@id":"https:\/\/zoo-land.az\/#\/schema\/logo\/image\/","url":"https:\/\/zoo-land.az\/wp-content\/uploads\/2022\/05\/logo.svg","contentUrl":"https:\/\/zoo-land.az\/wp-content\/uploads\/2022\/05\/logo.svg","width":113,"height":46,"caption":"Zooland.az"},"image":{"@id":"https:\/\/zoo-land.az\/#\/schema\/logo\/image\/"}}]}},"_links":{"self":[{"href":"https:\/\/zoo-land.az\/az\/wp-json\/wp\/v2\/product\/22199","targetHints":{"allow":["GET"]}}],"collection":[{"href":"https:\/\/zoo-land.az\/az\/wp-json\/wp\/v2\/product"}],"about":[{"href":"https:\/\/zoo-land.az\/az\/wp-json\/wp\/v2\/types\/product"}],"wp:featuredmedia":[{"embeddable":true,"href":"https:\/\/zoo-land.az\/az\/wp-json\/wp\/v2\/media\/22200"}],"wp:attachment":[{"href":"https:\/\/zoo-land.az\/az\/wp-json\/wp\/v2\/media?parent=22199"}],"wp:term":[{"taxonomy":"product_cat","embeddable":true,"href":"https:\/\/zoo-land.az\/az\/wp-json\/wp\/v2\/product_cat?post=22199"},{"taxonomy":"product_tag","embeddable":true,"href":"https:\/\/zoo-land.az\/az\/wp-json\/wp\/v2\/product_tag?post=22199"}],"curies":[{"name":"wp","href":"https:\/\/api.w.org\/{rel}","templated":true}]}}