{"id":22204,"date":"2024-05-31T12:49:47","date_gmt":"2024-05-31T12:49:47","guid":{"rendered":"https:\/\/lightsteelblue-zebra-299715.hostingersite.com\/?post_type=product&#038;p=22204"},"modified":"2024-05-31T12:49:47","modified_gmt":"2024-05-31T12:49:47","slug":"8-in-1-delights-beef-bones-xs-dog-chews","status":"publish","type":"product","link":"https:\/\/zoo-land.az\/az\/shop\/dog\/treats\/8-in-1-delights-beef-bones-xs-dog-chews\/","title":{"rendered":"8 in 1 Delights Beef Bones XS Dog Chews"},"content":{"rendered":"<p>8in1 Delights Beef Bones XS are made of tasty beefhide and delicious beef meat and ensure intensive, long-lasting chewing fun for toy dogs with a weight below 5kg. More than this: while keeping your dog busy, the bones enhance dental care. Due to the natural abrasive action of chewing, tartar is removed from your dog&#8217;s teeth and in that way the bones support your dog&#8217;s dental health. The low in fat 8in1 Delights Beef Bones XS perfectly serve as a mouth-watering chew to reward your dog. They are rich in proteins and free from artificial colours and flavour enhancers. Furthermore, neither GMO&#8217;s nor gluten are added to the oven baked chews.<\/p>","protected":false},"excerpt":{"rendered":"<p>8in1 Delights Beef Bones XS are made of tasty beefhide and delicious beef meat and ensure intensive, long-lasting chewing fun for toy dogs with a weight below 5kg. More than this: while keeping your dog busy, the bones enhance dental care. Due to the natural abrasive action of chewing, tartar is removed from your dog&#8217;s teeth and in that way the bones support your dog&#8217;s dental health. The low in fat 8in1 Delights Beef Bones XS perfectly serve as a mouth-watering chew to reward your dog. They are rich in proteins and free from artificial colours and flavour enhancers. Furthermore, neither GMO&#8217;s nor gluten are added to the oven baked chews.<\/p>","protected":false},"featured_media":22205,"template":"","meta":{"inline_featured_image":false,"_joinchat":[]},"product_cat":[107,340],"product_tag":[],"class_list":{"0":"post-22204","1":"product","2":"type-product","3":"status-publish","4":"has-post-thumbnail","6":"product_brand-8-in-1","7":"product_cat-dog","8":"product_cat-treats","10":"first","11":"instock","12":"shipping-taxable","13":"purchasable","14":"product-type-simple"},"yoast_head":"<!-- This site is optimized with the Yoast SEO plugin v27.4 - https:\/\/yoast.com\/product\/yoast-seo-wordpress\/ -->\n<title>8 in 1 Delights Beef Bones XS Dog Chews - Zooland.az<\/title>\n<meta name=\"robots\" content=\"index, follow, max-snippet:-1, max-image-preview:large, max-video-preview:-1\" \/>\n<link rel=\"canonical\" href=\"https:\/\/zoo-land.az\/az\/shop\/dog\/treats\/8-in-1-delights-beef-bones-xs-dog-chews\/\" \/>\n<meta property=\"og:locale\" content=\"az_AZ\" \/>\n<meta property=\"og:type\" content=\"article\" \/>\n<meta property=\"og:title\" content=\"8 in 1 Delights Beef Bones XS Dog Chews - Zooland.az\" \/>\n<meta property=\"og:description\" content=\"8in1 Delights Beef Bones XS are made of tasty beefhide and delicious beef meat and ensure intensive, long-lasting chewing fun for toy dogs with a weight below 5kg. More than this: while keeping your dog busy, the bones enhance dental care. Due to the natural abrasive action of chewing, tartar is removed from your dog&#039;s teeth and in that way the bones support your dog&#039;s dental health. The low in fat 8in1 Delights Beef Bones XS perfectly serve as a mouth-watering chew to reward your dog. They are rich in proteins and free from artificial colours and flavour enhancers. Furthermore, neither GMO&#039;s nor gluten are added to the oven baked chews.\" \/>\n<meta property=\"og:url\" content=\"https:\/\/zoo-land.az\/az\/shop\/dog\/treats\/8-in-1-delights-beef-bones-xs-dog-chews\/\" \/>\n<meta property=\"og:site_name\" content=\"Zooland.az\" \/>\n<meta property=\"og:image\" content=\"https:\/\/zoo-land.az\/wp-content\/uploads\/2024\/05\/8in1_beef_delights_bones_xs_7_5sm_12g_7_sht._s_govyadinoy_560085_2.jpg\" \/>\n\t<meta property=\"og:image:width\" content=\"550\" \/>\n\t<meta property=\"og:image:height\" content=\"550\" \/>\n\t<meta property=\"og:image:type\" content=\"image\/jpeg\" \/>\n<meta name=\"twitter:card\" content=\"summary_large_image\" \/>\n<meta name=\"twitter:label1\" content=\"Est. reading time\" \/>\n\t<meta name=\"twitter:data1\" content=\"1 minute\" \/>\n<script type=\"application\/ld+json\" class=\"yoast-schema-graph\">{\"@context\":\"https:\\\/\\\/schema.org\",\"@graph\":[{\"@type\":\"WebPage\",\"@id\":\"https:\\\/\\\/zoo-land.az\\\/ru\\\/shop\\\/dog\\\/treats\\\/8-in-1-delights-beef-bones-xs-dog-chews\\\/\",\"url\":\"https:\\\/\\\/zoo-land.az\\\/ru\\\/shop\\\/dog\\\/treats\\\/8-in-1-delights-beef-bones-xs-dog-chews\\\/\",\"name\":\"8 in 1 Delights Beef Bones XS Dog Chews - Zooland.az\",\"isPartOf\":{\"@id\":\"https:\\\/\\\/zoo-land.az\\\/ru\\\/#website\"},\"primaryImageOfPage\":{\"@id\":\"https:\\\/\\\/zoo-land.az\\\/ru\\\/shop\\\/dog\\\/treats\\\/8-in-1-delights-beef-bones-xs-dog-chews\\\/#primaryimage\"},\"image\":{\"@id\":\"https:\\\/\\\/zoo-land.az\\\/ru\\\/shop\\\/dog\\\/treats\\\/8-in-1-delights-beef-bones-xs-dog-chews\\\/#primaryimage\"},\"thumbnailUrl\":\"https:\\\/\\\/zoo-land.az\\\/wp-content\\\/uploads\\\/2024\\\/05\\\/8in1_beef_delights_bones_xs_7_5sm_12g_7_sht._s_govyadinoy_560085_2.jpg\",\"datePublished\":\"2024-05-31T12:49:47+00:00\",\"breadcrumb\":{\"@id\":\"https:\\\/\\\/zoo-land.az\\\/ru\\\/shop\\\/dog\\\/treats\\\/8-in-1-delights-beef-bones-xs-dog-chews\\\/#breadcrumb\"},\"inLanguage\":\"az\",\"potentialAction\":[{\"@type\":\"ReadAction\",\"target\":[\"https:\\\/\\\/zoo-land.az\\\/ru\\\/shop\\\/dog\\\/treats\\\/8-in-1-delights-beef-bones-xs-dog-chews\\\/\"]}]},{\"@type\":\"ImageObject\",\"inLanguage\":\"az\",\"@id\":\"https:\\\/\\\/zoo-land.az\\\/ru\\\/shop\\\/dog\\\/treats\\\/8-in-1-delights-beef-bones-xs-dog-chews\\\/#primaryimage\",\"url\":\"https:\\\/\\\/zoo-land.az\\\/wp-content\\\/uploads\\\/2024\\\/05\\\/8in1_beef_delights_bones_xs_7_5sm_12g_7_sht._s_govyadinoy_560085_2.jpg\",\"contentUrl\":\"https:\\\/\\\/zoo-land.az\\\/wp-content\\\/uploads\\\/2024\\\/05\\\/8in1_beef_delights_bones_xs_7_5sm_12g_7_sht._s_govyadinoy_560085_2.jpg\",\"width\":550,\"height\":550},{\"@type\":\"BreadcrumbList\",\"@id\":\"https:\\\/\\\/zoo-land.az\\\/ru\\\/shop\\\/dog\\\/treats\\\/8-in-1-delights-beef-bones-xs-dog-chews\\\/#breadcrumb\",\"itemListElement\":[{\"@type\":\"ListItem\",\"position\":1,\"name\":\"Home\",\"item\":\"https:\\\/\\\/zoo-land.az\\\/ru\\\/\"},{\"@type\":\"ListItem\",\"position\":2,\"name\":\"Shop\",\"item\":\"https:\\\/\\\/zoo-land.az\\\/ru\\\/\"},{\"@type\":\"ListItem\",\"position\":3,\"name\":\"8 in 1 Delights Beef Bones XS Dog Chews\"}]},{\"@type\":\"WebSite\",\"@id\":\"https:\\\/\\\/zoo-land.az\\\/ru\\\/#website\",\"url\":\"https:\\\/\\\/zoo-land.az\\\/ru\\\/\",\"name\":\"Zooland.az\",\"description\":\"Xo\u015fb\u0259xt ev heyvanlar\u0131n\u0131n \u00fcnvan\u0131 Zooland.az\",\"publisher\":{\"@id\":\"https:\\\/\\\/zoo-land.az\\\/ru\\\/#organization\"},\"potentialAction\":[{\"@type\":\"SearchAction\",\"target\":{\"@type\":\"EntryPoint\",\"urlTemplate\":\"https:\\\/\\\/zoo-land.az\\\/ru\\\/?s={search_term_string}\"},\"query-input\":{\"@type\":\"PropertyValueSpecification\",\"valueRequired\":true,\"valueName\":\"search_term_string\"}}],\"inLanguage\":\"az\"},{\"@type\":\"Organization\",\"@id\":\"https:\\\/\\\/zoo-land.az\\\/ru\\\/#organization\",\"name\":\"Zooland.az\",\"url\":\"https:\\\/\\\/zoo-land.az\\\/ru\\\/\",\"logo\":{\"@type\":\"ImageObject\",\"inLanguage\":\"az\",\"@id\":\"https:\\\/\\\/zoo-land.az\\\/ru\\\/#\\\/schema\\\/logo\\\/image\\\/\",\"url\":\"https:\\\/\\\/zoo-land.az\\\/wp-content\\\/uploads\\\/2022\\\/05\\\/logo.svg\",\"contentUrl\":\"https:\\\/\\\/zoo-land.az\\\/wp-content\\\/uploads\\\/2022\\\/05\\\/logo.svg\",\"width\":113,\"height\":46,\"caption\":\"Zooland.az\"},\"image\":{\"@id\":\"https:\\\/\\\/zoo-land.az\\\/ru\\\/#\\\/schema\\\/logo\\\/image\\\/\"}}]}<\/script>\n<!-- \/ Yoast SEO plugin. -->","yoast_head_json":{"title":"8 in 1 Delights Beef Bones XS Dog Chews - Zooland.az","robots":{"index":"index","follow":"follow","max-snippet":"max-snippet:-1","max-image-preview":"max-image-preview:large","max-video-preview":"max-video-preview:-1"},"canonical":"https:\/\/zoo-land.az\/az\/shop\/dog\/treats\/8-in-1-delights-beef-bones-xs-dog-chews\/","og_locale":"az_AZ","og_type":"article","og_title":"8 in 1 Delights Beef Bones XS Dog Chews - Zooland.az","og_description":"8in1 Delights Beef Bones XS are made of tasty beefhide and delicious beef meat and ensure intensive, long-lasting chewing fun for toy dogs with a weight below 5kg. More than this: while keeping your dog busy, the bones enhance dental care. Due to the natural abrasive action of chewing, tartar is removed from your dog's teeth and in that way the bones support your dog's dental health. The low in fat 8in1 Delights Beef Bones XS perfectly serve as a mouth-watering chew to reward your dog. They are rich in proteins and free from artificial colours and flavour enhancers. Furthermore, neither GMO's nor gluten are added to the oven baked chews.","og_url":"https:\/\/zoo-land.az\/az\/shop\/dog\/treats\/8-in-1-delights-beef-bones-xs-dog-chews\/","og_site_name":"Zooland.az","og_image":[{"width":550,"height":550,"url":"https:\/\/zoo-land.az\/wp-content\/uploads\/2024\/05\/8in1_beef_delights_bones_xs_7_5sm_12g_7_sht._s_govyadinoy_560085_2.jpg","type":"image\/jpeg"}],"twitter_card":"summary_large_image","twitter_misc":{"Est. reading time":"1 minute"},"schema":{"@context":"https:\/\/schema.org","@graph":[{"@type":"WebPage","@id":"https:\/\/zoo-land.az\/ru\/shop\/dog\/treats\/8-in-1-delights-beef-bones-xs-dog-chews\/","url":"https:\/\/zoo-land.az\/ru\/shop\/dog\/treats\/8-in-1-delights-beef-bones-xs-dog-chews\/","name":"8 in 1 Delights Beef Bones XS Dog Chews - Zooland.az","isPartOf":{"@id":"https:\/\/zoo-land.az\/ru\/#website"},"primaryImageOfPage":{"@id":"https:\/\/zoo-land.az\/ru\/shop\/dog\/treats\/8-in-1-delights-beef-bones-xs-dog-chews\/#primaryimage"},"image":{"@id":"https:\/\/zoo-land.az\/ru\/shop\/dog\/treats\/8-in-1-delights-beef-bones-xs-dog-chews\/#primaryimage"},"thumbnailUrl":"https:\/\/zoo-land.az\/wp-content\/uploads\/2024\/05\/8in1_beef_delights_bones_xs_7_5sm_12g_7_sht._s_govyadinoy_560085_2.jpg","datePublished":"2024-05-31T12:49:47+00:00","breadcrumb":{"@id":"https:\/\/zoo-land.az\/ru\/shop\/dog\/treats\/8-in-1-delights-beef-bones-xs-dog-chews\/#breadcrumb"},"inLanguage":"az","potentialAction":[{"@type":"ReadAction","target":["https:\/\/zoo-land.az\/ru\/shop\/dog\/treats\/8-in-1-delights-beef-bones-xs-dog-chews\/"]}]},{"@type":"ImageObject","inLanguage":"az","@id":"https:\/\/zoo-land.az\/ru\/shop\/dog\/treats\/8-in-1-delights-beef-bones-xs-dog-chews\/#primaryimage","url":"https:\/\/zoo-land.az\/wp-content\/uploads\/2024\/05\/8in1_beef_delights_bones_xs_7_5sm_12g_7_sht._s_govyadinoy_560085_2.jpg","contentUrl":"https:\/\/zoo-land.az\/wp-content\/uploads\/2024\/05\/8in1_beef_delights_bones_xs_7_5sm_12g_7_sht._s_govyadinoy_560085_2.jpg","width":550,"height":550},{"@type":"BreadcrumbList","@id":"https:\/\/zoo-land.az\/ru\/shop\/dog\/treats\/8-in-1-delights-beef-bones-xs-dog-chews\/#breadcrumb","itemListElement":[{"@type":"ListItem","position":1,"name":"Home","item":"https:\/\/zoo-land.az\/ru\/"},{"@type":"ListItem","position":2,"name":"Shop","item":"https:\/\/zoo-land.az\/ru\/"},{"@type":"ListItem","position":3,"name":"8 in 1 Delights Beef Bones XS Dog Chews"}]},{"@type":"WebSite","@id":"https:\/\/zoo-land.az\/ru\/#website","url":"https:\/\/zoo-land.az\/ru\/","name":"Zooland.az","description":"Xo\u015fb\u0259xt ev heyvanlar\u0131n\u0131n \u00fcnvan\u0131 Zooland.az","publisher":{"@id":"https:\/\/zoo-land.az\/ru\/#organization"},"potentialAction":[{"@type":"SearchAction","target":{"@type":"EntryPoint","urlTemplate":"https:\/\/zoo-land.az\/ru\/?s={search_term_string}"},"query-input":{"@type":"PropertyValueSpecification","valueRequired":true,"valueName":"search_term_string"}}],"inLanguage":"az"},{"@type":"Organization","@id":"https:\/\/zoo-land.az\/ru\/#organization","name":"Zooland.az","url":"https:\/\/zoo-land.az\/ru\/","logo":{"@type":"ImageObject","inLanguage":"az","@id":"https:\/\/zoo-land.az\/ru\/#\/schema\/logo\/image\/","url":"https:\/\/zoo-land.az\/wp-content\/uploads\/2022\/05\/logo.svg","contentUrl":"https:\/\/zoo-land.az\/wp-content\/uploads\/2022\/05\/logo.svg","width":113,"height":46,"caption":"Zooland.az"},"image":{"@id":"https:\/\/zoo-land.az\/ru\/#\/schema\/logo\/image\/"}}]}},"_links":{"self":[{"href":"https:\/\/zoo-land.az\/az\/wp-json\/wp\/v2\/product\/22204","targetHints":{"allow":["GET"]}}],"collection":[{"href":"https:\/\/zoo-land.az\/az\/wp-json\/wp\/v2\/product"}],"about":[{"href":"https:\/\/zoo-land.az\/az\/wp-json\/wp\/v2\/types\/product"}],"wp:featuredmedia":[{"embeddable":true,"href":"https:\/\/zoo-land.az\/az\/wp-json\/wp\/v2\/media\/22205"}],"wp:attachment":[{"href":"https:\/\/zoo-land.az\/az\/wp-json\/wp\/v2\/media?parent=22204"}],"wp:term":[{"taxonomy":"product_cat","embeddable":true,"href":"https:\/\/zoo-land.az\/az\/wp-json\/wp\/v2\/product_cat?post=22204"},{"taxonomy":"product_tag","embeddable":true,"href":"https:\/\/zoo-land.az\/az\/wp-json\/wp\/v2\/product_tag?post=22204"}],"curies":[{"name":"wp","href":"https:\/\/api.w.org\/{rel}","templated":true}]}}