{"id":22206,"date":"2024-05-31T12:52:48","date_gmt":"2024-05-31T12:52:48","guid":{"rendered":"https:\/\/lightsteelblue-zebra-299715.hostingersite.com\/?post_type=product&#038;p=22206"},"modified":"2024-05-31T12:52:48","modified_gmt":"2024-05-31T12:52:48","slug":"8-in-1-delights-chicken-bone-strong-l-dog-chew","status":"publish","type":"product","link":"https:\/\/zoo-land.az\/az\/shop\/dog\/treats\/8-in-1-delights-chicken-bone-strong-l-dog-chew\/","title":{"rendered":"8 in 1 Delights Chicken Bone Strong L Dog Chew"},"content":{"rendered":"<p>8in1 Delights Chicken Bones Strong XS dadl\u0131 mal \u0259ti d\u0259risind\u0259n v\u0259 dadl\u0131 toyuq d\u00f6\u015f\u00fcnd\u0259n haz\u0131rlan\u0131r v\u0259 \u00e7\u0259kisi 5 kq-dan a\u015fa\u011f\u0131 olan oyuncaq itl\u0259r \u00fc\u00e7\u00fcn g\u00fccl\u00fc, uzunm\u00fcdd\u0259tli \u00e7eyn\u0259m\u0259 \u0259yl\u0259nc\u0259sini t\u0259min edir. M\u00f6hk\u0259m konsistensiyas\u0131na g\u00f6r\u0259 s\u00fcm\u00fckl\u0259r \u0259lav\u0259 s\u0259rt \u00e7eyn\u0259y\u0259n yem\u0259k t\u0259klif edir v\u0259 buna g\u00f6r\u0259 d\u0259 x\u00fcsusil\u0259 g\u00fccl\u00fc \u00e7eyn\u0259m\u0259k instinkti olan itl\u0259r \u00fc\u00e7\u00fcn m\u00fck\u0259mm\u0259l uy\u011fun g\u0259lir. Bundan \u0259lav\u0259: itinizi m\u0259\u015f\u011ful ed\u0259rk\u0259n, s\u00fcm\u00fckl\u0259r di\u015f bax\u0131m\u0131n\u0131 art\u0131r\u0131r. \u00c7eyn\u0259m\u0259nin t\u0259bii a\u015f\u0131nd\u0131r\u0131c\u0131 t\u0259siri say\u0259sind\u0259 di\u015f da\u015f\u0131 itinizin di\u015fl\u0259rind\u0259n \u00e7\u0131xar\u0131l\u0131r v\u0259 bu \u015f\u0259kild\u0259 s\u00fcm\u00fckl\u0259r itinizin di\u015f sa\u011flaml\u0131\u011f\u0131n\u0131 d\u0259st\u0259kl\u0259yir. Az ya\u011fl\u0131 8in1 Delights Chicken Bones Strong XS, itinizi m\u00fckafatland\u0131rmaq \u00fc\u00e7\u00fcn a\u011f\u0131z suland\u0131ran \u00e7eyn\u0259m\u0259 kimi m\u00fck\u0259mm\u0259l xidm\u0259t edir. Onlar z\u00fclallarla z\u0259ngindir v\u0259 s\u00fcni r\u0259ngl\u0259r v\u0259 l\u0259zz\u0259t art\u0131r\u0131c\u0131lardan azadd\u0131rlar. Bundan \u0259lav\u0259, sobada bi\u015fmi\u015f \u00e7eyn\u0259m\u0259l\u0259r\u0259 n\u0259 GMO, n\u0259 d\u0259 ql\u00fcten \u0259lav\u0259 edilmir.<\/p>\n<ul>\n<li class=\"d-flex flex-row align-items-center padding-s-bottom\">\n<p class=\"bold padding-s-left mb-0\">G\u00fccl\u00fc v\u0259 uzun m\u00fcdd\u0259tli \u00e7eyn\u0259m\u0259 \u0259yl\u0259nc\u0259si<\/p>\n<\/li>\n<li class=\"d-flex flex-row align-items-center padding-s-bottom\">\n<p class=\"bold padding-s-left mb-0\">\u018flav\u0259 GMO v\u0259 ya gluten yoxdur<\/p>\n<\/li>\n<li class=\"d-flex flex-row align-items-center padding-s-bottom\">\n<p class=\"bold padding-s-left mb-0\">\u0130\u00e7\u0259risind\u0259 dadl\u0131 toyuq d\u00f6\u015f\u00fc<\/p>\n<\/li>\n<li class=\"d-flex flex-row align-items-center padding-s-bottom\">\n<p class=\"bold padding-s-left mb-0\">\u00c7eyn\u0259m\u0259nin t\u0259bii a\u015f\u0131nd\u0131r\u0131c\u0131 t\u0259siri say\u0259sind\u0259 di\u015f bax\u0131m\u0131n\u0131n art\u0131r\u0131lmas\u0131<\/p>\n<\/li>\n<li class=\"d-flex flex-row align-items-center padding-s-bottom\">\n<p class=\"bold padding-s-left mb-0\">Ya\u011fda azd\u0131r<\/p>\n<\/li>\n<li class=\"d-flex flex-row align-items-center padding-s-bottom\">\n<p class=\"bold padding-s-left mb-0\">Z\u00fclallarla z\u0259ngindir<\/p>\n<\/li>\n<li class=\"d-flex flex-row align-items-center padding-s-bottom\">\n<p class=\"bold padding-s-left mb-0\">S\u00fcni r\u0259ngl\u0259r v\u0259 l\u0259zz\u0259t art\u0131r\u0131c\u0131lar yoxdur<\/p>\n<\/li>\n<li class=\"d-flex flex-row align-items-center padding-s-bottom\">\n<p class=\"bold padding-s-left mb-0\">F\u0131r\u0131nda bi\u015fmi\u015f<\/p>\n<\/li>\n<\/ul>","protected":false},"excerpt":{"rendered":"<p>8in1 Delights Chicken Bones Strong XS dadl\u0131 mal \u0259ti d\u0259risind\u0259n v\u0259 dadl\u0131 toyuq d\u00f6\u015f\u00fcnd\u0259n haz\u0131rlan\u0131r v\u0259 \u00e7\u0259kisi 5 kq-dan a\u015fa\u011f\u0131 olan oyuncaq itl\u0259r \u00fc\u00e7\u00fcn g\u00fccl\u00fc, uzunm\u00fcdd\u0259tli \u00e7eyn\u0259m\u0259 \u0259yl\u0259nc\u0259sini t\u0259min edir. M\u00f6hk\u0259m konsistensiyas\u0131na g\u00f6r\u0259 s\u00fcm\u00fckl\u0259r \u0259lav\u0259 s\u0259rt \u00e7eyn\u0259y\u0259n yem\u0259k t\u0259klif edir v\u0259 buna g\u00f6r\u0259 d\u0259 x\u00fcsusil\u0259 g\u00fccl\u00fc \u00e7eyn\u0259m\u0259k instinkti olan itl\u0259r \u00fc\u00e7\u00fcn m\u00fck\u0259mm\u0259l uy\u011fun g\u0259lir. Bundan \u0259lav\u0259: itinizi m\u0259\u015f\u011ful ed\u0259rk\u0259n, s\u00fcm\u00fckl\u0259r di\u015f bax\u0131m\u0131n\u0131 art\u0131r\u0131r. \u00c7eyn\u0259m\u0259nin t\u0259bii a\u015f\u0131nd\u0131r\u0131c\u0131 t\u0259siri say\u0259sind\u0259 di\u015f da\u015f\u0131 itinizin di\u015fl\u0259rind\u0259n \u00e7\u0131xar\u0131l\u0131r v\u0259 bu \u015f\u0259kild\u0259 s\u00fcm\u00fckl\u0259r itinizin di\u015f sa\u011flaml\u0131\u011f\u0131n\u0131 d\u0259st\u0259kl\u0259yir. Az ya\u011fl\u0131 8in1 Delights Chicken Bones Strong XS, itinizi m\u00fckafatland\u0131rmaq \u00fc\u00e7\u00fcn a\u011f\u0131z suland\u0131ran \u00e7eyn\u0259m\u0259 kimi m\u00fck\u0259mm\u0259l xidm\u0259t edir. Onlar z\u00fclallarla z\u0259ngindir v\u0259 s\u00fcni r\u0259ngl\u0259r v\u0259 l\u0259zz\u0259t art\u0131r\u0131c\u0131lardan azadd\u0131rlar. Bundan \u0259lav\u0259, sobada bi\u015fmi\u015f \u00e7eyn\u0259m\u0259l\u0259r\u0259 n\u0259 GMO, n\u0259 d\u0259 ql\u00fcten \u0259lav\u0259 edilmir.<\/p>","protected":false},"featured_media":22207,"template":"","meta":{"inline_featured_image":false,"_joinchat":[]},"product_cat":[107,340],"product_tag":[],"class_list":{"0":"post-22206","1":"product","2":"type-product","3":"status-publish","4":"has-post-thumbnail","6":"product_brand-8-in-1","7":"product_cat-dog","8":"product_cat-treats","10":"first","11":"instock","12":"shipping-taxable","13":"purchasable","14":"product-type-simple"},"yoast_head":"<!-- This site is optimized with the Yoast SEO plugin v27.4 - https:\/\/yoast.com\/product\/yoast-seo-wordpress\/ -->\n<title>8 in 1 Delights Chicken Bone Strong L Dog Chew - Zooland.az<\/title>\n<meta name=\"robots\" content=\"index, follow, max-snippet:-1, max-image-preview:large, max-video-preview:-1\" \/>\n<link rel=\"canonical\" href=\"https:\/\/zoo-land.az\/az\/shop\/dog\/treats\/8-in-1-delights-chicken-bone-strong-l-dog-chew\/\" \/>\n<meta property=\"og:locale\" content=\"az_AZ\" \/>\n<meta property=\"og:type\" content=\"article\" \/>\n<meta property=\"og:title\" content=\"8 in 1 Delights Chicken Bone Strong L Dog Chew - Zooland.az\" \/>\n<meta property=\"og:description\" content=\"8in1 Delights Chicken Bones Strong XS are made of tasty beefhide and delicious chicken breast and ensure strong, long-lasting chewing fun for toy dogs with a weight below 5kg. Due to their firm consistency the bones offer an extra tough chewy treat and therefore perfectly fit for dogs with a particularly strong instinct to chew. More than this: while keeping your dog busy, the bones enhance dental care. Due to the natural abrasive action of chewing, tartar is removed from your dog&#039;s teeth and in that way the bones support your dog&#039;s dental health. The low in fat 8in1 Delights Chicken Bones Strong XS perfectly serve as a mouth-watering chew to reward your dog. They are rich in proteins and free from artificial colours and flavour enhancers. Furthermore, neither GMO&#039;s nor gluten are added to the oven baked chews.\" \/>\n<meta property=\"og:url\" content=\"https:\/\/zoo-land.az\/az\/shop\/dog\/treats\/8-in-1-delights-chicken-bone-strong-l-dog-chew\/\" \/>\n<meta property=\"og:site_name\" content=\"Zooland.az\" \/>\n<meta property=\"og:image\" content=\"https:\/\/zoo-land.az\/wp-content\/uploads\/2024\/05\/81bD0dDIL.jpg\" \/>\n\t<meta property=\"og:image:width\" content=\"1088\" \/>\n\t<meta property=\"og:image:height\" content=\"2560\" \/>\n\t<meta property=\"og:image:type\" content=\"image\/jpeg\" \/>\n<meta name=\"twitter:card\" content=\"summary_large_image\" \/>\n<meta name=\"twitter:label1\" content=\"Est. reading time\" \/>\n\t<meta name=\"twitter:data1\" content=\"1 minute\" \/>\n<script type=\"application\/ld+json\" class=\"yoast-schema-graph\">{\"@context\":\"https:\\\/\\\/schema.org\",\"@graph\":[{\"@type\":\"WebPage\",\"@id\":\"https:\\\/\\\/zoo-land.az\\\/az\\\/shop\\\/dog\\\/treats\\\/8-in-1-delights-chicken-bone-strong-l-dog-chew\\\/\",\"url\":\"https:\\\/\\\/zoo-land.az\\\/az\\\/shop\\\/dog\\\/treats\\\/8-in-1-delights-chicken-bone-strong-l-dog-chew\\\/\",\"name\":\"8 in 1 Delights Chicken Bone Strong L Dog Chew - Zooland.az\",\"isPartOf\":{\"@id\":\"https:\\\/\\\/zoo-land.az\\\/#website\"},\"primaryImageOfPage\":{\"@id\":\"https:\\\/\\\/zoo-land.az\\\/az\\\/shop\\\/dog\\\/treats\\\/8-in-1-delights-chicken-bone-strong-l-dog-chew\\\/#primaryimage\"},\"image\":{\"@id\":\"https:\\\/\\\/zoo-land.az\\\/az\\\/shop\\\/dog\\\/treats\\\/8-in-1-delights-chicken-bone-strong-l-dog-chew\\\/#primaryimage\"},\"thumbnailUrl\":\"https:\\\/\\\/zoo-land.az\\\/wp-content\\\/uploads\\\/2024\\\/05\\\/81bD0dDIL.jpg\",\"datePublished\":\"2024-05-31T12:52:48+00:00\",\"breadcrumb\":{\"@id\":\"https:\\\/\\\/zoo-land.az\\\/az\\\/shop\\\/dog\\\/treats\\\/8-in-1-delights-chicken-bone-strong-l-dog-chew\\\/#breadcrumb\"},\"inLanguage\":\"az\",\"potentialAction\":[{\"@type\":\"ReadAction\",\"target\":[\"https:\\\/\\\/zoo-land.az\\\/az\\\/shop\\\/dog\\\/treats\\\/8-in-1-delights-chicken-bone-strong-l-dog-chew\\\/\"]}]},{\"@type\":\"ImageObject\",\"inLanguage\":\"az\",\"@id\":\"https:\\\/\\\/zoo-land.az\\\/az\\\/shop\\\/dog\\\/treats\\\/8-in-1-delights-chicken-bone-strong-l-dog-chew\\\/#primaryimage\",\"url\":\"https:\\\/\\\/zoo-land.az\\\/wp-content\\\/uploads\\\/2024\\\/05\\\/81bD0dDIL.jpg\",\"contentUrl\":\"https:\\\/\\\/zoo-land.az\\\/wp-content\\\/uploads\\\/2024\\\/05\\\/81bD0dDIL.jpg\",\"width\":1088,\"height\":2560},{\"@type\":\"BreadcrumbList\",\"@id\":\"https:\\\/\\\/zoo-land.az\\\/az\\\/shop\\\/dog\\\/treats\\\/8-in-1-delights-chicken-bone-strong-l-dog-chew\\\/#breadcrumb\",\"itemListElement\":[{\"@type\":\"ListItem\",\"position\":1,\"name\":\"Home\",\"item\":\"https:\\\/\\\/zoo-land.az\\\/ru\\\/\"},{\"@type\":\"ListItem\",\"position\":2,\"name\":\"Shop\",\"item\":\"https:\\\/\\\/zoo-land.az\\\/ru\\\/\"},{\"@type\":\"ListItem\",\"position\":3,\"name\":\"8 in 1 Delights Chicken Bone Strong L Dog Chew\"}]},{\"@type\":\"WebSite\",\"@id\":\"https:\\\/\\\/zoo-land.az\\\/#website\",\"url\":\"https:\\\/\\\/zoo-land.az\\\/\",\"name\":\"Zooland.az\",\"description\":\"Xo\u015fb\u0259xt ev heyvanlar\u0131n\u0131n \u00fcnvan\u0131 Zooland.az\",\"publisher\":{\"@id\":\"https:\\\/\\\/zoo-land.az\\\/#organization\"},\"potentialAction\":[{\"@type\":\"SearchAction\",\"target\":{\"@type\":\"EntryPoint\",\"urlTemplate\":\"https:\\\/\\\/zoo-land.az\\\/?s={search_term_string}\"},\"query-input\":{\"@type\":\"PropertyValueSpecification\",\"valueRequired\":true,\"valueName\":\"search_term_string\"}}],\"inLanguage\":\"az\"},{\"@type\":\"Organization\",\"@id\":\"https:\\\/\\\/zoo-land.az\\\/#organization\",\"name\":\"Zooland.az\",\"url\":\"https:\\\/\\\/zoo-land.az\\\/\",\"logo\":{\"@type\":\"ImageObject\",\"inLanguage\":\"az\",\"@id\":\"https:\\\/\\\/zoo-land.az\\\/#\\\/schema\\\/logo\\\/image\\\/\",\"url\":\"https:\\\/\\\/zoo-land.az\\\/wp-content\\\/uploads\\\/2022\\\/05\\\/logo.svg\",\"contentUrl\":\"https:\\\/\\\/zoo-land.az\\\/wp-content\\\/uploads\\\/2022\\\/05\\\/logo.svg\",\"width\":113,\"height\":46,\"caption\":\"Zooland.az\"},\"image\":{\"@id\":\"https:\\\/\\\/zoo-land.az\\\/#\\\/schema\\\/logo\\\/image\\\/\"}}]}<\/script>\n<!-- \/ Yoast SEO plugin. -->","yoast_head_json":{"title":"8 in 1 Delights Chicken Bone Strong L Dog Chew - Zooland.az","robots":{"index":"index","follow":"follow","max-snippet":"max-snippet:-1","max-image-preview":"max-image-preview:large","max-video-preview":"max-video-preview:-1"},"canonical":"https:\/\/zoo-land.az\/az\/shop\/dog\/treats\/8-in-1-delights-chicken-bone-strong-l-dog-chew\/","og_locale":"az_AZ","og_type":"article","og_title":"8 in 1 Delights Chicken Bone Strong L Dog Chew - Zooland.az","og_description":"8in1 Delights Chicken Bones Strong XS are made of tasty beefhide and delicious chicken breast and ensure strong, long-lasting chewing fun for toy dogs with a weight below 5kg. Due to their firm consistency the bones offer an extra tough chewy treat and therefore perfectly fit for dogs with a particularly strong instinct to chew. More than this: while keeping your dog busy, the bones enhance dental care. Due to the natural abrasive action of chewing, tartar is removed from your dog's teeth and in that way the bones support your dog's dental health. The low in fat 8in1 Delights Chicken Bones Strong XS perfectly serve as a mouth-watering chew to reward your dog. They are rich in proteins and free from artificial colours and flavour enhancers. Furthermore, neither GMO's nor gluten are added to the oven baked chews.","og_url":"https:\/\/zoo-land.az\/az\/shop\/dog\/treats\/8-in-1-delights-chicken-bone-strong-l-dog-chew\/","og_site_name":"Zooland.az","og_image":[{"width":1088,"height":2560,"url":"https:\/\/zoo-land.az\/wp-content\/uploads\/2024\/05\/81bD0dDIL.jpg","type":"image\/jpeg"}],"twitter_card":"summary_large_image","twitter_misc":{"Est. reading time":"1 minute"},"schema":{"@context":"https:\/\/schema.org","@graph":[{"@type":"WebPage","@id":"https:\/\/zoo-land.az\/az\/shop\/dog\/treats\/8-in-1-delights-chicken-bone-strong-l-dog-chew\/","url":"https:\/\/zoo-land.az\/az\/shop\/dog\/treats\/8-in-1-delights-chicken-bone-strong-l-dog-chew\/","name":"8 in 1 Delights Chicken Bone Strong L Dog Chew - Zooland.az","isPartOf":{"@id":"https:\/\/zoo-land.az\/#website"},"primaryImageOfPage":{"@id":"https:\/\/zoo-land.az\/az\/shop\/dog\/treats\/8-in-1-delights-chicken-bone-strong-l-dog-chew\/#primaryimage"},"image":{"@id":"https:\/\/zoo-land.az\/az\/shop\/dog\/treats\/8-in-1-delights-chicken-bone-strong-l-dog-chew\/#primaryimage"},"thumbnailUrl":"https:\/\/zoo-land.az\/wp-content\/uploads\/2024\/05\/81bD0dDIL.jpg","datePublished":"2024-05-31T12:52:48+00:00","breadcrumb":{"@id":"https:\/\/zoo-land.az\/az\/shop\/dog\/treats\/8-in-1-delights-chicken-bone-strong-l-dog-chew\/#breadcrumb"},"inLanguage":"az","potentialAction":[{"@type":"ReadAction","target":["https:\/\/zoo-land.az\/az\/shop\/dog\/treats\/8-in-1-delights-chicken-bone-strong-l-dog-chew\/"]}]},{"@type":"ImageObject","inLanguage":"az","@id":"https:\/\/zoo-land.az\/az\/shop\/dog\/treats\/8-in-1-delights-chicken-bone-strong-l-dog-chew\/#primaryimage","url":"https:\/\/zoo-land.az\/wp-content\/uploads\/2024\/05\/81bD0dDIL.jpg","contentUrl":"https:\/\/zoo-land.az\/wp-content\/uploads\/2024\/05\/81bD0dDIL.jpg","width":1088,"height":2560},{"@type":"BreadcrumbList","@id":"https:\/\/zoo-land.az\/az\/shop\/dog\/treats\/8-in-1-delights-chicken-bone-strong-l-dog-chew\/#breadcrumb","itemListElement":[{"@type":"ListItem","position":1,"name":"Home","item":"https:\/\/zoo-land.az\/ru\/"},{"@type":"ListItem","position":2,"name":"Shop","item":"https:\/\/zoo-land.az\/ru\/"},{"@type":"ListItem","position":3,"name":"8 in 1 Delights Chicken Bone Strong L Dog Chew"}]},{"@type":"WebSite","@id":"https:\/\/zoo-land.az\/#website","url":"https:\/\/zoo-land.az\/","name":"Zooland.az","description":"Xo\u015fb\u0259xt ev heyvanlar\u0131n\u0131n \u00fcnvan\u0131 Zooland.az","publisher":{"@id":"https:\/\/zoo-land.az\/#organization"},"potentialAction":[{"@type":"SearchAction","target":{"@type":"EntryPoint","urlTemplate":"https:\/\/zoo-land.az\/?s={search_term_string}"},"query-input":{"@type":"PropertyValueSpecification","valueRequired":true,"valueName":"search_term_string"}}],"inLanguage":"az"},{"@type":"Organization","@id":"https:\/\/zoo-land.az\/#organization","name":"Zooland.az","url":"https:\/\/zoo-land.az\/","logo":{"@type":"ImageObject","inLanguage":"az","@id":"https:\/\/zoo-land.az\/#\/schema\/logo\/image\/","url":"https:\/\/zoo-land.az\/wp-content\/uploads\/2022\/05\/logo.svg","contentUrl":"https:\/\/zoo-land.az\/wp-content\/uploads\/2022\/05\/logo.svg","width":113,"height":46,"caption":"Zooland.az"},"image":{"@id":"https:\/\/zoo-land.az\/#\/schema\/logo\/image\/"}}]}},"_links":{"self":[{"href":"https:\/\/zoo-land.az\/az\/wp-json\/wp\/v2\/product\/22206","targetHints":{"allow":["GET"]}}],"collection":[{"href":"https:\/\/zoo-land.az\/az\/wp-json\/wp\/v2\/product"}],"about":[{"href":"https:\/\/zoo-land.az\/az\/wp-json\/wp\/v2\/types\/product"}],"wp:featuredmedia":[{"embeddable":true,"href":"https:\/\/zoo-land.az\/az\/wp-json\/wp\/v2\/media\/22207"}],"wp:attachment":[{"href":"https:\/\/zoo-land.az\/az\/wp-json\/wp\/v2\/media?parent=22206"}],"wp:term":[{"taxonomy":"product_cat","embeddable":true,"href":"https:\/\/zoo-land.az\/az\/wp-json\/wp\/v2\/product_cat?post=22206"},{"taxonomy":"product_tag","embeddable":true,"href":"https:\/\/zoo-land.az\/az\/wp-json\/wp\/v2\/product_tag?post=22206"}],"curies":[{"name":"wp","href":"https:\/\/api.w.org\/{rel}","templated":true}]}}