{"id":22208,"date":"2024-05-31T12:57:11","date_gmt":"2024-05-31T12:57:11","guid":{"rendered":"https:\/\/lightsteelblue-zebra-299715.hostingersite.com\/?post_type=product&#038;p=22208"},"modified":"2024-05-31T12:57:11","modified_gmt":"2024-05-31T12:57:11","slug":"8-in-1-pro-dental-bone-l-chew-bone-for-dogs","status":"publish","type":"product","link":"https:\/\/zoo-land.az\/az\/shop\/dog\/treats\/8-in-1-pro-dental-bone-l-chew-bone-for-dogs\/","title":{"rendered":"\u0130tl\u0259r \u00fc\u00e7\u00fcn 8-d\u0259 1 Pro Dental S\u00fcm\u00fck L \u00e7eyn\u0259m\u0259 s\u00fcm\u00fcy\u00fc"},"content":{"rendered":"<p>Most dogs quickly get bored with standard bones: since they lack flavor and aroma, they often lose interest, and you end up finding uneaten scraps. That\u2019s why 8in1 has developed Delights treats for dogs &#8211; high-quality chicken meat wrapped in tough rawhide, creating a unique, patented concept of 8in1 chew bones. The smell and sight of chicken meat will encourage your dog to reach the very core. They will happily eat it all down to the last piece.<\/p>\n<p>Delights Pro Dental is an appetizing chicken meat treat wrapped in high-quality beef rawhide with added minerals to clean teeth. It is a beneficial treat for additional dental care and fresh breath. By regularly rewarding your dog with 8in1 chew bones, you help strengthen their teeth and gums, and this treat prevents the formation of plaque and tartar. Thanks to 8in1 Delights Dental with added minerals &#8211; a unique patented combination of chewing and treatment, you will always provide your dog with immense pleasure and help maintain their dental health.<\/p>\n<h3>Delights Pro Dental Benefits:<\/h3>\n<ul>\n<li><strong>Cares for teeth<\/strong>: Reduces plaque and thus prevents tartar formation.<\/li>\n<li><strong>Satisfies the dog&#8217;s natural chewing instinct<\/strong>.<\/li>\n<li><strong>Long-lasting chew<\/strong>: Consumed without leftovers.<\/li>\n<li><strong>Contains only 2% fat<\/strong>.<\/li>\n<li><strong>No artificial colors or flavor enhancers<\/strong>.<\/li>\n<li><strong>Perfect reward with health benefits<\/strong>.<\/li>\n<\/ul>\n<h3>\u018friz\u0259:<\/h3>\n<p>Offer the treat in addition to the daily main diet. Always provide fresh water when feeding. Supervise your dog while they eat. Not recommended for dogs with individual intolerance to components. Suitable for adult dogs and puppies over 3 months old, weighing more than 20 kg.<\/p>\n<h3>T\u0259rkibi:<\/h3>\n<ul>\n<li><strong>Rawhide composition<\/strong>: Meat and animal by-products (cattle hide), oils and fats, minerals.<\/li>\n<li><strong>Meat composition<\/strong>: Meat and animal by-products (81% chicken meat), plant products, minerals.<\/li>\n<\/ul>\n<h3>Analitik komponentl\u0259r:<\/h3>\n<ul>\n<li><strong>Crude protein<\/strong>: 83%<\/li>\n<li><strong>Crude oils and fats<\/strong>: 2%<\/li>\n<li><strong>Crude fiber<\/strong>: 1%<\/li>\n<li><strong>Crude ash<\/strong>: 2.5%<\/li>\n<\/ul>\n<h3>Additives:<\/h3>\n<ul>\n<li><strong>Preservatives<\/strong><\/li>\n<\/ul>","protected":false},"excerpt":{"rendered":"<p>Delights Pro Dental is an appetizing chicken meat treat wrapped in high-quality beef rawhide with added minerals to clean teeth. It is a beneficial treat for additional dental care and fresh breath. By regularly rewarding your dog with 8in1 chew bones, you help strengthen their teeth and gums, and this treat prevents the formation of plaque and tartar. Thanks to 8in1 Delights Dental with added minerals &#8211; a unique patented combination of chewing and treatment, you will always provide your dog with immense pleasure and help maintain their dental health.<\/p>","protected":false},"featured_media":22209,"template":"","meta":{"inline_featured_image":false,"_joinchat":[]},"product_cat":[107,340],"product_tag":[],"class_list":{"0":"post-22208","1":"product","2":"type-product","3":"status-publish","4":"has-post-thumbnail","6":"product_brand-8-in-1","7":"product_cat-dog","8":"product_cat-treats","10":"first","11":"instock","12":"shipping-taxable","13":"purchasable","14":"product-type-simple"},"yoast_head":"<!-- This site is optimized with the Yoast SEO plugin v26.7 - https:\/\/yoast.com\/wordpress\/plugins\/seo\/ -->\n<title>8 in 1 Pro Dental Bone L Chew Bone for Dogs - Zooland.az<\/title>\n<meta name=\"robots\" content=\"index, follow, max-snippet:-1, max-image-preview:large, max-video-preview:-1\" \/>\n<link rel=\"canonical\" href=\"https:\/\/zoo-land.az\/az\/shop\/dog\/treats\/8-in-1-pro-dental-bone-l-chew-bone-for-dogs\/\" \/>\n<meta property=\"og:locale\" content=\"az_AZ\" \/>\n<meta property=\"og:type\" content=\"article\" \/>\n<meta property=\"og:title\" content=\"8 in 1 Pro Dental Bone L Chew Bone for Dogs - Zooland.az\" \/>\n<meta property=\"og:description\" content=\"Delights Pro Dental is an appetizing chicken meat treat wrapped in high-quality beef rawhide with added minerals to clean teeth. It is a beneficial treat for additional dental care and fresh breath. By regularly rewarding your dog with 8in1 chew bones, you help strengthen their teeth and gums, and this treat prevents the formation of plaque and tartar. Thanks to 8in1 Delights Dental with added minerals - a unique patented combination of chewing and treatment, you will always provide your dog with immense pleasure and help maintain their dental health.\" \/>\n<meta property=\"og:url\" content=\"https:\/\/zoo-land.az\/az\/shop\/dog\/treats\/8-in-1-pro-dental-bone-l-chew-bone-for-dogs\/\" \/>\n<meta property=\"og:site_name\" content=\"Zooland.az\" \/>\n<meta property=\"og:image\" content=\"https:\/\/zoo-land.az\/wp-content\/uploads\/2024\/05\/189425-e450486aca577b235414af7712853b83.jpg\" \/>\n\t<meta property=\"og:image:width\" content=\"1680\" \/>\n\t<meta property=\"og:image:height\" content=\"1680\" \/>\n\t<meta property=\"og:image:type\" content=\"image\/jpeg\" \/>\n<meta name=\"twitter:card\" content=\"summary_large_image\" \/>\n<meta name=\"twitter:label1\" content=\"Est. reading time\" \/>\n\t<meta name=\"twitter:data1\" content=\"1 minute\" \/>\n<script type=\"application\/ld+json\" class=\"yoast-schema-graph\">{\"@context\":\"https:\/\/schema.org\",\"@graph\":[{\"@type\":\"WebPage\",\"@id\":\"https:\/\/zoo-land.az\/shop\/dog\/treats\/8-in-1-pro-dental-bone-l-chew-bone-for-dogs\/\",\"url\":\"https:\/\/zoo-land.az\/shop\/dog\/treats\/8-in-1-pro-dental-bone-l-chew-bone-for-dogs\/\",\"name\":\"8 in 1 Pro Dental Bone L Chew Bone for Dogs - Zooland.az\",\"isPartOf\":{\"@id\":\"https:\/\/zoo-land.az\/#website\"},\"primaryImageOfPage\":{\"@id\":\"https:\/\/zoo-land.az\/shop\/dog\/treats\/8-in-1-pro-dental-bone-l-chew-bone-for-dogs\/#primaryimage\"},\"image\":{\"@id\":\"https:\/\/zoo-land.az\/shop\/dog\/treats\/8-in-1-pro-dental-bone-l-chew-bone-for-dogs\/#primaryimage\"},\"thumbnailUrl\":\"https:\/\/zoo-land.az\/wp-content\/uploads\/2024\/05\/189425-e450486aca577b235414af7712853b83.jpg\",\"datePublished\":\"2024-05-31T12:57:11+00:00\",\"breadcrumb\":{\"@id\":\"https:\/\/zoo-land.az\/shop\/dog\/treats\/8-in-1-pro-dental-bone-l-chew-bone-for-dogs\/#breadcrumb\"},\"inLanguage\":\"az\",\"potentialAction\":[{\"@type\":\"ReadAction\",\"target\":[\"https:\/\/zoo-land.az\/shop\/dog\/treats\/8-in-1-pro-dental-bone-l-chew-bone-for-dogs\/\"]}]},{\"@type\":\"ImageObject\",\"inLanguage\":\"az\",\"@id\":\"https:\/\/zoo-land.az\/shop\/dog\/treats\/8-in-1-pro-dental-bone-l-chew-bone-for-dogs\/#primaryimage\",\"url\":\"https:\/\/zoo-land.az\/wp-content\/uploads\/2024\/05\/189425-e450486aca577b235414af7712853b83.jpg\",\"contentUrl\":\"https:\/\/zoo-land.az\/wp-content\/uploads\/2024\/05\/189425-e450486aca577b235414af7712853b83.jpg\",\"width\":1680,\"height\":1680},{\"@type\":\"BreadcrumbList\",\"@id\":\"https:\/\/zoo-land.az\/shop\/dog\/treats\/8-in-1-pro-dental-bone-l-chew-bone-for-dogs\/#breadcrumb\",\"itemListElement\":[{\"@type\":\"ListItem\",\"position\":1,\"name\":\"Home\",\"item\":\"https:\/\/zoo-land.az\/ru\/\"},{\"@type\":\"ListItem\",\"position\":2,\"name\":\"Shop\",\"item\":\"https:\/\/zoo-land.az\/ru\/\"},{\"@type\":\"ListItem\",\"position\":3,\"name\":\"8 in 1 Pro Dental Bone L Chew Bone for Dogs\"}]},{\"@type\":\"WebSite\",\"@id\":\"https:\/\/zoo-land.az\/#website\",\"url\":\"https:\/\/zoo-land.az\/\",\"name\":\"Zooland.az\",\"description\":\"Xo\u015fb\u0259xt ev heyvanlar\u0131n\u0131n \u00fcnvan\u0131 Zooland.az\",\"publisher\":{\"@id\":\"https:\/\/zoo-land.az\/#organization\"},\"potentialAction\":[{\"@type\":\"SearchAction\",\"target\":{\"@type\":\"EntryPoint\",\"urlTemplate\":\"https:\/\/zoo-land.az\/?s={search_term_string}\"},\"query-input\":{\"@type\":\"PropertyValueSpecification\",\"valueRequired\":true,\"valueName\":\"search_term_string\"}}],\"inLanguage\":\"az\"},{\"@type\":\"Organization\",\"@id\":\"https:\/\/zoo-land.az\/#organization\",\"name\":\"Zooland.az\",\"url\":\"https:\/\/zoo-land.az\/\",\"logo\":{\"@type\":\"ImageObject\",\"inLanguage\":\"az\",\"@id\":\"https:\/\/zoo-land.az\/#\/schema\/logo\/image\/\",\"url\":\"https:\/\/zoo-land.az\/wp-content\/uploads\/2022\/05\/logo.svg\",\"contentUrl\":\"https:\/\/zoo-land.az\/wp-content\/uploads\/2022\/05\/logo.svg\",\"width\":113,\"height\":46,\"caption\":\"Zooland.az\"},\"image\":{\"@id\":\"https:\/\/zoo-land.az\/#\/schema\/logo\/image\/\"}}]}<\/script>\n<!-- \/ Yoast SEO plugin. -->","yoast_head_json":{"title":"8 in 1 Pro Dental Bone L Chew Bone for Dogs - Zooland.az","robots":{"index":"index","follow":"follow","max-snippet":"max-snippet:-1","max-image-preview":"max-image-preview:large","max-video-preview":"max-video-preview:-1"},"canonical":"https:\/\/zoo-land.az\/az\/shop\/dog\/treats\/8-in-1-pro-dental-bone-l-chew-bone-for-dogs\/","og_locale":"az_AZ","og_type":"article","og_title":"8 in 1 Pro Dental Bone L Chew Bone for Dogs - Zooland.az","og_description":"Delights Pro Dental is an appetizing chicken meat treat wrapped in high-quality beef rawhide with added minerals to clean teeth. It is a beneficial treat for additional dental care and fresh breath. By regularly rewarding your dog with 8in1 chew bones, you help strengthen their teeth and gums, and this treat prevents the formation of plaque and tartar. Thanks to 8in1 Delights Dental with added minerals - a unique patented combination of chewing and treatment, you will always provide your dog with immense pleasure and help maintain their dental health.","og_url":"https:\/\/zoo-land.az\/az\/shop\/dog\/treats\/8-in-1-pro-dental-bone-l-chew-bone-for-dogs\/","og_site_name":"Zooland.az","og_image":[{"width":1680,"height":1680,"url":"https:\/\/zoo-land.az\/wp-content\/uploads\/2024\/05\/189425-e450486aca577b235414af7712853b83.jpg","type":"image\/jpeg"}],"twitter_card":"summary_large_image","twitter_misc":{"Est. reading time":"1 minute"},"schema":{"@context":"https:\/\/schema.org","@graph":[{"@type":"WebPage","@id":"https:\/\/zoo-land.az\/shop\/dog\/treats\/8-in-1-pro-dental-bone-l-chew-bone-for-dogs\/","url":"https:\/\/zoo-land.az\/shop\/dog\/treats\/8-in-1-pro-dental-bone-l-chew-bone-for-dogs\/","name":"8 in 1 Pro Dental Bone L Chew Bone for Dogs - Zooland.az","isPartOf":{"@id":"https:\/\/zoo-land.az\/#website"},"primaryImageOfPage":{"@id":"https:\/\/zoo-land.az\/shop\/dog\/treats\/8-in-1-pro-dental-bone-l-chew-bone-for-dogs\/#primaryimage"},"image":{"@id":"https:\/\/zoo-land.az\/shop\/dog\/treats\/8-in-1-pro-dental-bone-l-chew-bone-for-dogs\/#primaryimage"},"thumbnailUrl":"https:\/\/zoo-land.az\/wp-content\/uploads\/2024\/05\/189425-e450486aca577b235414af7712853b83.jpg","datePublished":"2024-05-31T12:57:11+00:00","breadcrumb":{"@id":"https:\/\/zoo-land.az\/shop\/dog\/treats\/8-in-1-pro-dental-bone-l-chew-bone-for-dogs\/#breadcrumb"},"inLanguage":"az","potentialAction":[{"@type":"ReadAction","target":["https:\/\/zoo-land.az\/shop\/dog\/treats\/8-in-1-pro-dental-bone-l-chew-bone-for-dogs\/"]}]},{"@type":"ImageObject","inLanguage":"az","@id":"https:\/\/zoo-land.az\/shop\/dog\/treats\/8-in-1-pro-dental-bone-l-chew-bone-for-dogs\/#primaryimage","url":"https:\/\/zoo-land.az\/wp-content\/uploads\/2024\/05\/189425-e450486aca577b235414af7712853b83.jpg","contentUrl":"https:\/\/zoo-land.az\/wp-content\/uploads\/2024\/05\/189425-e450486aca577b235414af7712853b83.jpg","width":1680,"height":1680},{"@type":"BreadcrumbList","@id":"https:\/\/zoo-land.az\/shop\/dog\/treats\/8-in-1-pro-dental-bone-l-chew-bone-for-dogs\/#breadcrumb","itemListElement":[{"@type":"ListItem","position":1,"name":"Home","item":"https:\/\/zoo-land.az\/ru\/"},{"@type":"ListItem","position":2,"name":"Shop","item":"https:\/\/zoo-land.az\/ru\/"},{"@type":"ListItem","position":3,"name":"8 in 1 Pro Dental Bone L Chew Bone for Dogs"}]},{"@type":"WebSite","@id":"https:\/\/zoo-land.az\/#website","url":"https:\/\/zoo-land.az\/","name":"Zooland.az","description":"Xo\u015fb\u0259xt ev heyvanlar\u0131n\u0131n \u00fcnvan\u0131 Zooland.az","publisher":{"@id":"https:\/\/zoo-land.az\/#organization"},"potentialAction":[{"@type":"SearchAction","target":{"@type":"EntryPoint","urlTemplate":"https:\/\/zoo-land.az\/?s={search_term_string}"},"query-input":{"@type":"PropertyValueSpecification","valueRequired":true,"valueName":"search_term_string"}}],"inLanguage":"az"},{"@type":"Organization","@id":"https:\/\/zoo-land.az\/#organization","name":"Zooland.az","url":"https:\/\/zoo-land.az\/","logo":{"@type":"ImageObject","inLanguage":"az","@id":"https:\/\/zoo-land.az\/#\/schema\/logo\/image\/","url":"https:\/\/zoo-land.az\/wp-content\/uploads\/2022\/05\/logo.svg","contentUrl":"https:\/\/zoo-land.az\/wp-content\/uploads\/2022\/05\/logo.svg","width":113,"height":46,"caption":"Zooland.az"},"image":{"@id":"https:\/\/zoo-land.az\/#\/schema\/logo\/image\/"}}]}},"_links":{"self":[{"href":"https:\/\/zoo-land.az\/az\/wp-json\/wp\/v2\/product\/22208","targetHints":{"allow":["GET"]}}],"collection":[{"href":"https:\/\/zoo-land.az\/az\/wp-json\/wp\/v2\/product"}],"about":[{"href":"https:\/\/zoo-land.az\/az\/wp-json\/wp\/v2\/types\/product"}],"wp:featuredmedia":[{"embeddable":true,"href":"https:\/\/zoo-land.az\/az\/wp-json\/wp\/v2\/media\/22209"}],"wp:attachment":[{"href":"https:\/\/zoo-land.az\/az\/wp-json\/wp\/v2\/media?parent=22208"}],"wp:term":[{"taxonomy":"product_cat","embeddable":true,"href":"https:\/\/zoo-land.az\/az\/wp-json\/wp\/v2\/product_cat?post=22208"},{"taxonomy":"product_tag","embeddable":true,"href":"https:\/\/zoo-land.az\/az\/wp-json\/wp\/v2\/product_tag?post=22208"}],"curies":[{"name":"wp","href":"https:\/\/api.w.org\/{rel}","templated":true}]}}