{"id":22249,"date":"2024-05-31T19:49:30","date_gmt":"2024-05-31T19:49:30","guid":{"rendered":"https:\/\/lightsteelblue-zebra-299715.hostingersite.com\/?post_type=product&#038;p=22249"},"modified":"2024-05-31T19:49:30","modified_gmt":"2024-05-31T19:49:30","slug":"8-in-1-meaty-treats-freeze-dried-meaty-snacks-with-chicken-carrot","status":"publish","type":"product","link":"https:\/\/zoo-land.az\/az\/shop\/dog\/treats\/8-in-1-meaty-treats-freeze-dried-meaty-snacks-with-chicken-carrot\/","title":{"rendered":"8 in 1 Meaty Treats Freeze Dried meaty snacks with chicken &#038; carrot"},"content":{"rendered":"<p>When you want to bond with your furry friend, reward him for a good behaviour or simply because he deserves a treat, do not hesitate to grab a bag of 8in1 Meaty Treats. They are gently freeze dried to preserve all the goodness and taste of delicious chicken breast and carrot.<\/p>\n<p>The delicious 8in1 snacks are full of flavours and low in fat to free your mind from any concerns. This Chicken and Carrot recipe is a perfect combination of meat and tasty vegetables. Using only high quality ingredients such as chicken breast and tasty, yummy carrots, we make sure you provide the best to your pets. These snacks are also high in proteins; contain no added sugar, no artificial colours, no additives and no GMOs. The recipe is gluten and grain free.<\/p>\n<p>Express your heart-warming love with 8in1 freeze dried rewards!<\/p>\n<ul class=\"product-data-feature padding-m-bottom mb-0\">\n<li class=\"d-flex flex-row align-items-center padding-s-bottom\">\n<p class=\"bold padding-s-left mb-0\">Freeze Dried Meaty Treats with Chicken and Carrot<\/p>\n<\/li>\n<li class=\"d-flex flex-row align-items-center padding-s-bottom\">\n<p class=\"bold padding-s-left mb-0\">All the meaty goodness preserved<\/p>\n<\/li>\n<li class=\"d-flex flex-row align-items-center padding-s-bottom\">\n<p class=\"bold padding-s-left mb-0\">No sugar, No colourants, No flavour enhancers, No preservatives, No GMOs.<\/p>\n<\/li>\n<li class=\"d-flex flex-row align-items-center padding-s-bottom\">\n<p class=\"bold padding-s-left mb-0\">Gluten and grain free formula.<\/p>\n<\/li>\n<li class=\"d-flex flex-row align-items-center padding-s-bottom\">\n<p class=\"bold padding-s-left mb-0\">Low fat.<\/p>\n<\/li>\n<\/ul>","protected":false},"excerpt":{"rendered":"<p>When you want to bond with your furry friend, reward him for a good behaviour or simply because he deserves a treat, do not hesitate to grab a bag of 8in1 Meaty Treats. They are gently freeze dried to preserve all the goodness and taste of delicious chicken breast and carrot.<\/p>\n<p>The delicious 8in1 snacks are full of flavours and low in fat to free your mind from any concerns. This Chicken and Carrot recipe is a perfect combination of meat and tasty vegetables. Using only high quality ingredients such as chicken breast and tasty, yummy carrots, we make sure you provide the best to your pets. These snacks are also high in proteins; contain no added sugar, no artificial colours, no additives and no GMOs. The recipe is gluten and grain free.<\/p>\n<p>Express your heart-warming love with 8in1 freeze dried rewards!<\/p>","protected":false},"featured_media":22251,"template":"","meta":{"inline_featured_image":false,"_joinchat":[]},"product_cat":[107,340],"product_tag":[],"class_list":{"0":"post-22249","1":"product","2":"type-product","3":"status-publish","4":"has-post-thumbnail","6":"product_brand-8-in-1","7":"product_cat-dog","8":"product_cat-treats","10":"first","11":"instock","12":"shipping-taxable","13":"purchasable","14":"product-type-simple"},"yoast_head":"<!-- This site is optimized with the Yoast SEO plugin v26.7 - https:\/\/yoast.com\/wordpress\/plugins\/seo\/ -->\n<title>8 in 1 Meaty Treats Freeze Dried meaty snacks with chicken &amp; carrot - Zooland.az<\/title>\n<meta name=\"robots\" content=\"index, follow, max-snippet:-1, max-image-preview:large, max-video-preview:-1\" \/>\n<link rel=\"canonical\" href=\"https:\/\/zoo-land.az\/az\/shop\/dog\/treats\/8-in-1-meaty-treats-freeze-dried-meaty-snacks-with-chicken-carrot\/\" \/>\n<meta property=\"og:locale\" content=\"az_AZ\" \/>\n<meta property=\"og:type\" content=\"article\" \/>\n<meta property=\"og:title\" content=\"8 in 1 Meaty Treats Freeze Dried meaty snacks with chicken &amp; carrot - Zooland.az\" \/>\n<meta property=\"og:description\" content=\"When you want to bond with your furry friend, reward him for a good behaviour or simply because he deserves a treat, do not hesitate to grab a bag of 8in1 Meaty Treats. They are gently freeze dried to preserve all the goodness and taste of delicious chicken breast and carrot.  The delicious 8in1 snacks are full of flavours and low in fat to free your mind from any concerns. This Chicken and Carrot recipe is a perfect combination of meat and tasty vegetables. Using only high quality ingredients such as chicken breast and tasty, yummy carrots, we make sure you provide the best to your pets. These snacks are also high in proteins; contain no added sugar, no artificial colours, no additives and no GMOs. The recipe is gluten and grain free.  Express your heart-warming love with 8in1 freeze dried rewards!\" \/>\n<meta property=\"og:url\" content=\"https:\/\/zoo-land.az\/az\/shop\/dog\/treats\/8-in-1-meaty-treats-freeze-dried-meaty-snacks-with-chicken-carrot\/\" \/>\n<meta property=\"og:site_name\" content=\"Zooland.az\" \/>\n<meta property=\"og:image\" content=\"https:\/\/zoo-land.az\/wp-content\/uploads\/2024\/05\/csm_TH32272_9652_b068f6df28.webp\" \/>\n\t<meta property=\"og:image:width\" content=\"680\" \/>\n\t<meta property=\"og:image:height\" content=\"1000\" \/>\n\t<meta property=\"og:image:type\" content=\"image\/webp\" \/>\n<meta name=\"twitter:card\" content=\"summary_large_image\" \/>\n<meta name=\"twitter:label1\" content=\"Est. reading time\" \/>\n\t<meta name=\"twitter:data1\" content=\"1 minute\" \/>\n<script type=\"application\/ld+json\" class=\"yoast-schema-graph\">{\"@context\":\"https:\/\/schema.org\",\"@graph\":[{\"@type\":\"WebPage\",\"@id\":\"https:\/\/zoo-land.az\/az\/shop\/dog\/treats\/8-in-1-meaty-treats-freeze-dried-meaty-snacks-with-chicken-carrot\/\",\"url\":\"https:\/\/zoo-land.az\/az\/shop\/dog\/treats\/8-in-1-meaty-treats-freeze-dried-meaty-snacks-with-chicken-carrot\/\",\"name\":\"8 in 1 Meaty Treats Freeze Dried meaty snacks with chicken & carrot - Zooland.az\",\"isPartOf\":{\"@id\":\"https:\/\/zoo-land.az\/#website\"},\"primaryImageOfPage\":{\"@id\":\"https:\/\/zoo-land.az\/az\/shop\/dog\/treats\/8-in-1-meaty-treats-freeze-dried-meaty-snacks-with-chicken-carrot\/#primaryimage\"},\"image\":{\"@id\":\"https:\/\/zoo-land.az\/az\/shop\/dog\/treats\/8-in-1-meaty-treats-freeze-dried-meaty-snacks-with-chicken-carrot\/#primaryimage\"},\"thumbnailUrl\":\"https:\/\/zoo-land.az\/wp-content\/uploads\/2024\/05\/csm_TH32272_9652_b068f6df28.webp\",\"datePublished\":\"2024-05-31T19:49:30+00:00\",\"breadcrumb\":{\"@id\":\"https:\/\/zoo-land.az\/az\/shop\/dog\/treats\/8-in-1-meaty-treats-freeze-dried-meaty-snacks-with-chicken-carrot\/#breadcrumb\"},\"inLanguage\":\"az\",\"potentialAction\":[{\"@type\":\"ReadAction\",\"target\":[\"https:\/\/zoo-land.az\/az\/shop\/dog\/treats\/8-in-1-meaty-treats-freeze-dried-meaty-snacks-with-chicken-carrot\/\"]}]},{\"@type\":\"ImageObject\",\"inLanguage\":\"az\",\"@id\":\"https:\/\/zoo-land.az\/az\/shop\/dog\/treats\/8-in-1-meaty-treats-freeze-dried-meaty-snacks-with-chicken-carrot\/#primaryimage\",\"url\":\"https:\/\/zoo-land.az\/wp-content\/uploads\/2024\/05\/csm_TH32272_9652_b068f6df28.webp\",\"contentUrl\":\"https:\/\/zoo-land.az\/wp-content\/uploads\/2024\/05\/csm_TH32272_9652_b068f6df28.webp\",\"width\":680,\"height\":1000},{\"@type\":\"BreadcrumbList\",\"@id\":\"https:\/\/zoo-land.az\/az\/shop\/dog\/treats\/8-in-1-meaty-treats-freeze-dried-meaty-snacks-with-chicken-carrot\/#breadcrumb\",\"itemListElement\":[{\"@type\":\"ListItem\",\"position\":1,\"name\":\"Home\",\"item\":\"https:\/\/zoo-land.az\/ru\/\"},{\"@type\":\"ListItem\",\"position\":2,\"name\":\"Shop\",\"item\":\"https:\/\/zoo-land.az\/ru\/\"},{\"@type\":\"ListItem\",\"position\":3,\"name\":\"8 in 1 Meaty Treats Freeze Dried meaty snacks with chicken &#038; carrot\"}]},{\"@type\":\"WebSite\",\"@id\":\"https:\/\/zoo-land.az\/#website\",\"url\":\"https:\/\/zoo-land.az\/\",\"name\":\"Zooland.az\",\"description\":\"Xo\u015fb\u0259xt ev heyvanlar\u0131n\u0131n \u00fcnvan\u0131 Zooland.az\",\"publisher\":{\"@id\":\"https:\/\/zoo-land.az\/#organization\"},\"potentialAction\":[{\"@type\":\"SearchAction\",\"target\":{\"@type\":\"EntryPoint\",\"urlTemplate\":\"https:\/\/zoo-land.az\/?s={search_term_string}\"},\"query-input\":{\"@type\":\"PropertyValueSpecification\",\"valueRequired\":true,\"valueName\":\"search_term_string\"}}],\"inLanguage\":\"az\"},{\"@type\":\"Organization\",\"@id\":\"https:\/\/zoo-land.az\/#organization\",\"name\":\"Zooland.az\",\"url\":\"https:\/\/zoo-land.az\/\",\"logo\":{\"@type\":\"ImageObject\",\"inLanguage\":\"az\",\"@id\":\"https:\/\/zoo-land.az\/#\/schema\/logo\/image\/\",\"url\":\"https:\/\/zoo-land.az\/wp-content\/uploads\/2022\/05\/logo.svg\",\"contentUrl\":\"https:\/\/zoo-land.az\/wp-content\/uploads\/2022\/05\/logo.svg\",\"width\":113,\"height\":46,\"caption\":\"Zooland.az\"},\"image\":{\"@id\":\"https:\/\/zoo-land.az\/#\/schema\/logo\/image\/\"}}]}<\/script>\n<!-- \/ Yoast SEO plugin. -->","yoast_head_json":{"title":"8 in 1 Meaty Treats Freeze Dried meaty snacks with chicken & carrot - Zooland.az","robots":{"index":"index","follow":"follow","max-snippet":"max-snippet:-1","max-image-preview":"max-image-preview:large","max-video-preview":"max-video-preview:-1"},"canonical":"https:\/\/zoo-land.az\/az\/shop\/dog\/treats\/8-in-1-meaty-treats-freeze-dried-meaty-snacks-with-chicken-carrot\/","og_locale":"az_AZ","og_type":"article","og_title":"8 in 1 Meaty Treats Freeze Dried meaty snacks with chicken & carrot - Zooland.az","og_description":"When you want to bond with your furry friend, reward him for a good behaviour or simply because he deserves a treat, do not hesitate to grab a bag of 8in1 Meaty Treats. They are gently freeze dried to preserve all the goodness and taste of delicious chicken breast and carrot.  The delicious 8in1 snacks are full of flavours and low in fat to free your mind from any concerns. This Chicken and Carrot recipe is a perfect combination of meat and tasty vegetables. Using only high quality ingredients such as chicken breast and tasty, yummy carrots, we make sure you provide the best to your pets. These snacks are also high in proteins; contain no added sugar, no artificial colours, no additives and no GMOs. The recipe is gluten and grain free.  Express your heart-warming love with 8in1 freeze dried rewards!","og_url":"https:\/\/zoo-land.az\/az\/shop\/dog\/treats\/8-in-1-meaty-treats-freeze-dried-meaty-snacks-with-chicken-carrot\/","og_site_name":"Zooland.az","og_image":[{"width":680,"height":1000,"url":"https:\/\/zoo-land.az\/wp-content\/uploads\/2024\/05\/csm_TH32272_9652_b068f6df28.webp","type":"image\/webp"}],"twitter_card":"summary_large_image","twitter_misc":{"Est. reading time":"1 minute"},"schema":{"@context":"https:\/\/schema.org","@graph":[{"@type":"WebPage","@id":"https:\/\/zoo-land.az\/az\/shop\/dog\/treats\/8-in-1-meaty-treats-freeze-dried-meaty-snacks-with-chicken-carrot\/","url":"https:\/\/zoo-land.az\/az\/shop\/dog\/treats\/8-in-1-meaty-treats-freeze-dried-meaty-snacks-with-chicken-carrot\/","name":"8 in 1 Meaty Treats Freeze Dried meaty snacks with chicken & carrot - Zooland.az","isPartOf":{"@id":"https:\/\/zoo-land.az\/#website"},"primaryImageOfPage":{"@id":"https:\/\/zoo-land.az\/az\/shop\/dog\/treats\/8-in-1-meaty-treats-freeze-dried-meaty-snacks-with-chicken-carrot\/#primaryimage"},"image":{"@id":"https:\/\/zoo-land.az\/az\/shop\/dog\/treats\/8-in-1-meaty-treats-freeze-dried-meaty-snacks-with-chicken-carrot\/#primaryimage"},"thumbnailUrl":"https:\/\/zoo-land.az\/wp-content\/uploads\/2024\/05\/csm_TH32272_9652_b068f6df28.webp","datePublished":"2024-05-31T19:49:30+00:00","breadcrumb":{"@id":"https:\/\/zoo-land.az\/az\/shop\/dog\/treats\/8-in-1-meaty-treats-freeze-dried-meaty-snacks-with-chicken-carrot\/#breadcrumb"},"inLanguage":"az","potentialAction":[{"@type":"ReadAction","target":["https:\/\/zoo-land.az\/az\/shop\/dog\/treats\/8-in-1-meaty-treats-freeze-dried-meaty-snacks-with-chicken-carrot\/"]}]},{"@type":"ImageObject","inLanguage":"az","@id":"https:\/\/zoo-land.az\/az\/shop\/dog\/treats\/8-in-1-meaty-treats-freeze-dried-meaty-snacks-with-chicken-carrot\/#primaryimage","url":"https:\/\/zoo-land.az\/wp-content\/uploads\/2024\/05\/csm_TH32272_9652_b068f6df28.webp","contentUrl":"https:\/\/zoo-land.az\/wp-content\/uploads\/2024\/05\/csm_TH32272_9652_b068f6df28.webp","width":680,"height":1000},{"@type":"BreadcrumbList","@id":"https:\/\/zoo-land.az\/az\/shop\/dog\/treats\/8-in-1-meaty-treats-freeze-dried-meaty-snacks-with-chicken-carrot\/#breadcrumb","itemListElement":[{"@type":"ListItem","position":1,"name":"Home","item":"https:\/\/zoo-land.az\/ru\/"},{"@type":"ListItem","position":2,"name":"Shop","item":"https:\/\/zoo-land.az\/ru\/"},{"@type":"ListItem","position":3,"name":"8 in 1 Meaty Treats Freeze Dried meaty snacks with chicken &#038; carrot"}]},{"@type":"WebSite","@id":"https:\/\/zoo-land.az\/#website","url":"https:\/\/zoo-land.az\/","name":"Zooland.az","description":"Xo\u015fb\u0259xt ev heyvanlar\u0131n\u0131n \u00fcnvan\u0131 Zooland.az","publisher":{"@id":"https:\/\/zoo-land.az\/#organization"},"potentialAction":[{"@type":"SearchAction","target":{"@type":"EntryPoint","urlTemplate":"https:\/\/zoo-land.az\/?s={search_term_string}"},"query-input":{"@type":"PropertyValueSpecification","valueRequired":true,"valueName":"search_term_string"}}],"inLanguage":"az"},{"@type":"Organization","@id":"https:\/\/zoo-land.az\/#organization","name":"Zooland.az","url":"https:\/\/zoo-land.az\/","logo":{"@type":"ImageObject","inLanguage":"az","@id":"https:\/\/zoo-land.az\/#\/schema\/logo\/image\/","url":"https:\/\/zoo-land.az\/wp-content\/uploads\/2022\/05\/logo.svg","contentUrl":"https:\/\/zoo-land.az\/wp-content\/uploads\/2022\/05\/logo.svg","width":113,"height":46,"caption":"Zooland.az"},"image":{"@id":"https:\/\/zoo-land.az\/#\/schema\/logo\/image\/"}}]}},"_links":{"self":[{"href":"https:\/\/zoo-land.az\/az\/wp-json\/wp\/v2\/product\/22249","targetHints":{"allow":["GET"]}}],"collection":[{"href":"https:\/\/zoo-land.az\/az\/wp-json\/wp\/v2\/product"}],"about":[{"href":"https:\/\/zoo-land.az\/az\/wp-json\/wp\/v2\/types\/product"}],"wp:featuredmedia":[{"embeddable":true,"href":"https:\/\/zoo-land.az\/az\/wp-json\/wp\/v2\/media\/22251"}],"wp:attachment":[{"href":"https:\/\/zoo-land.az\/az\/wp-json\/wp\/v2\/media?parent=22249"}],"wp:term":[{"taxonomy":"product_cat","embeddable":true,"href":"https:\/\/zoo-land.az\/az\/wp-json\/wp\/v2\/product_cat?post=22249"},{"taxonomy":"product_tag","embeddable":true,"href":"https:\/\/zoo-land.az\/az\/wp-json\/wp\/v2\/product_tag?post=22249"}],"curies":[{"name":"wp","href":"https:\/\/api.w.org\/{rel}","templated":true}]}}