{"id":22262,"date":"2024-05-31T20:08:46","date_gmt":"2024-05-31T20:08:46","guid":{"rendered":"https:\/\/lightsteelblue-zebra-299715.hostingersite.com\/?post_type=product&#038;p=22262"},"modified":"2026-01-17T22:39:21","modified_gmt":"2026-01-17T18:39:21","slug":"8-in-1-flavours-crunchy-rolls","status":"publish","type":"product","link":"https:\/\/zoo-land.az\/az\/shop\/dog\/treats\/8-in-1-flavours-crunchy-rolls\/","title":{"rendered":"8-i 1-d\u0259 Tatlar X\u0131rt\u0131ldayan Rolls"},"content":{"rendered":"<p>Our unique 8in1 Flavours Crunchy Rolls are a tasty rewarding snack, which comes in three different flavours. These are rich in chicken breast, duck breast or beef meat. Your dog will love these outstanding treats, which are incredibly crispy on the inside and soft and tender on the outside. This combination of different textures and flavours makes the 8in1 Crunchy Rolls an exciting snack for dogs. The Crunchy Rolls are rich in protein and low in fat. Free from flavour enhancers, GMOs and artificial preservatives, they are the ideal snack for rewarding all size dogs. Formulated without grains or gluten &#8211; and even oven baked. What could our four-legged friends ask more for?<\/p>\n<ul class=\"product-data-feature padding-m-bottom mb-0\">\n<li class=\"d-flex flex-row align-items-center padding-s-bottom\">\n<p class=\"bold padding-s-left mb-0\">Rewarding snack with chicken breast, duck breast or tasty beef meat<\/p>\n<\/li>\n<li class=\"d-flex flex-row align-items-center padding-s-bottom\">\n<p class=\"bold padding-s-left mb-0\">Unique combination of crunchy inside and soft outside<\/p>\n<\/li>\n<li class=\"d-flex flex-row align-items-center padding-s-bottom\">\n<p class=\"bold padding-s-left mb-0\">Proteinl\u0259 z\u0259ngindir<\/p>\n<\/li>\n<li class=\"d-flex flex-row align-items-center padding-s-bottom\">\n<p class=\"bold padding-s-left mb-0\">Ya\u011fda azd\u0131r<\/p>\n<\/li>\n<li class=\"d-flex flex-row align-items-center padding-s-bottom\">\n<p class=\"bold padding-s-left mb-0\">Formulated without grains and gluten<\/p>\n<\/li>\n<li class=\"d-flex flex-row align-items-center padding-s-bottom\">\n<p class=\"bold padding-s-left mb-0\">F\u0131r\u0131nda bi\u015fmi\u015f<\/p>\n<\/li>\n<li class=\"d-flex flex-row align-items-center padding-s-bottom\">\n<p class=\"bold padding-s-left mb-0\">No flavour enhancers, GMOs and artificial preservatives<\/p>\n<\/li>\n<\/ul>","protected":false},"excerpt":{"rendered":"<p>Our unique 8in1 Flavours Crunchy Rolls are a tasty rewarding snack, which comes in three different flavours. These are rich in chicken breast, duck breast or beef meat. Your dog will love these outstanding treats, which are incredibly crispy on the inside and soft and tender on the outside. This combination of different textures and flavours makes the 8in1 Crunchy Rolls an exciting snack for dogs. The Crunchy Rolls are rich in protein and low in fat. Free from flavour enhancers, GMOs and artificial preservatives, they are the ideal snack for rewarding all size dogs. Formulated without grains or gluten &#8211; and even oven baked. What could our four-legged friends ask more for?<\/p>","protected":false},"featured_media":22264,"template":"","meta":{"inline_featured_image":false,"_joinchat":[]},"product_cat":[107,340],"product_tag":[],"class_list":{"0":"post-22262","1":"product","2":"type-product","3":"status-publish","4":"has-post-thumbnail","6":"product_brand-8-in-1","7":"product_cat-dog","8":"product_cat-treats","10":"first","11":"instock","12":"shipping-taxable","13":"purchasable","14":"product-type-simple"},"yoast_head":"<!-- This site is optimized with the Yoast SEO plugin v27.4 - https:\/\/yoast.com\/product\/yoast-seo-wordpress\/ -->\n<title>8 in 1 Flavours Crunchy Rolls - Zooland.az<\/title>\n<meta name=\"robots\" content=\"index, follow, max-snippet:-1, max-image-preview:large, max-video-preview:-1\" \/>\n<link rel=\"canonical\" href=\"https:\/\/zoo-land.az\/az\/shop\/dog\/treats\/8-in-1-flavours-crunchy-rolls\/\" \/>\n<meta property=\"og:locale\" content=\"az_AZ\" \/>\n<meta property=\"og:type\" content=\"article\" \/>\n<meta property=\"og:title\" content=\"8 in 1 Flavours Crunchy Rolls - Zooland.az\" \/>\n<meta property=\"og:description\" content=\"Our unique 8in1 Flavours Crunchy Rolls are a tasty rewarding snack, which comes in three different flavours. These are rich in chicken breast, duck breast or beef meat. Your dog will love these outstanding treats, which are incredibly crispy on the inside and soft and tender on the outside. This combination of different textures and flavours makes the 8in1 Crunchy Rolls an exciting snack for dogs. The Crunchy Rolls are rich in protein and low in fat. Free from flavour enhancers, GMOs and artificial preservatives, they are the ideal snack for rewarding all size dogs. Formulated without grains or gluten - and even oven baked. What could our four-legged friends ask more for?\" \/>\n<meta property=\"og:url\" content=\"https:\/\/zoo-land.az\/az\/shop\/dog\/treats\/8-in-1-flavours-crunchy-rolls\/\" \/>\n<meta property=\"og:site_name\" content=\"Zooland.az\" \/>\n<meta property=\"article:modified_time\" content=\"2026-01-17T18:39:21+00:00\" \/>\n<meta property=\"og:image\" content=\"https:\/\/zoo-land.az\/wp-content\/uploads\/2024\/05\/csm_TH20111_9652_34d74a095d.webp\" \/>\n\t<meta property=\"og:image:width\" content=\"750\" \/>\n\t<meta property=\"og:image:height\" content=\"1000\" \/>\n\t<meta property=\"og:image:type\" content=\"image\/webp\" \/>\n<meta name=\"twitter:card\" content=\"summary_large_image\" \/>\n<meta name=\"twitter:label1\" content=\"Est. reading time\" \/>\n\t<meta name=\"twitter:data1\" content=\"1 minute\" \/>\n<script type=\"application\/ld+json\" class=\"yoast-schema-graph\">{\"@context\":\"https:\\\/\\\/schema.org\",\"@graph\":[{\"@type\":\"WebPage\",\"@id\":\"https:\\\/\\\/zoo-land.az\\\/az\\\/shop\\\/dog\\\/treats\\\/8-in-1-flavours-crunchy-rolls\\\/\",\"url\":\"https:\\\/\\\/zoo-land.az\\\/az\\\/shop\\\/dog\\\/treats\\\/8-in-1-flavours-crunchy-rolls\\\/\",\"name\":\"8 in 1 Flavours Crunchy Rolls - Zooland.az\",\"isPartOf\":{\"@id\":\"https:\\\/\\\/zoo-land.az\\\/ru\\\/#website\"},\"primaryImageOfPage\":{\"@id\":\"https:\\\/\\\/zoo-land.az\\\/az\\\/shop\\\/dog\\\/treats\\\/8-in-1-flavours-crunchy-rolls\\\/#primaryimage\"},\"image\":{\"@id\":\"https:\\\/\\\/zoo-land.az\\\/az\\\/shop\\\/dog\\\/treats\\\/8-in-1-flavours-crunchy-rolls\\\/#primaryimage\"},\"thumbnailUrl\":\"https:\\\/\\\/zoo-land.az\\\/wp-content\\\/uploads\\\/2024\\\/05\\\/csm_TH20111_9652_34d74a095d.webp\",\"datePublished\":\"2024-05-31T20:08:46+00:00\",\"dateModified\":\"2026-01-17T18:39:21+00:00\",\"breadcrumb\":{\"@id\":\"https:\\\/\\\/zoo-land.az\\\/az\\\/shop\\\/dog\\\/treats\\\/8-in-1-flavours-crunchy-rolls\\\/#breadcrumb\"},\"inLanguage\":\"az\",\"potentialAction\":[{\"@type\":\"ReadAction\",\"target\":[\"https:\\\/\\\/zoo-land.az\\\/az\\\/shop\\\/dog\\\/treats\\\/8-in-1-flavours-crunchy-rolls\\\/\"]}]},{\"@type\":\"ImageObject\",\"inLanguage\":\"az\",\"@id\":\"https:\\\/\\\/zoo-land.az\\\/az\\\/shop\\\/dog\\\/treats\\\/8-in-1-flavours-crunchy-rolls\\\/#primaryimage\",\"url\":\"https:\\\/\\\/zoo-land.az\\\/wp-content\\\/uploads\\\/2024\\\/05\\\/csm_TH20111_9652_34d74a095d.webp\",\"contentUrl\":\"https:\\\/\\\/zoo-land.az\\\/wp-content\\\/uploads\\\/2024\\\/05\\\/csm_TH20111_9652_34d74a095d.webp\",\"width\":750,\"height\":1000,\"caption\":\"zooland,zooland azerbyacan,zooland baku,zooland heyvanlar alemi\"},{\"@type\":\"BreadcrumbList\",\"@id\":\"https:\\\/\\\/zoo-land.az\\\/az\\\/shop\\\/dog\\\/treats\\\/8-in-1-flavours-crunchy-rolls\\\/#breadcrumb\",\"itemListElement\":[{\"@type\":\"ListItem\",\"position\":1,\"name\":\"Home\",\"item\":\"https:\\\/\\\/zoo-land.az\\\/ru\\\/\"},{\"@type\":\"ListItem\",\"position\":2,\"name\":\"Shop\",\"item\":\"https:\\\/\\\/zoo-land.az\\\/ru\\\/\"},{\"@type\":\"ListItem\",\"position\":3,\"name\":\"8 in 1 Flavours Crunchy Rolls\"}]},{\"@type\":\"WebSite\",\"@id\":\"https:\\\/\\\/zoo-land.az\\\/ru\\\/#website\",\"url\":\"https:\\\/\\\/zoo-land.az\\\/ru\\\/\",\"name\":\"Zooland.az\",\"description\":\"Xo\u015fb\u0259xt ev heyvanlar\u0131n\u0131n \u00fcnvan\u0131 Zooland.az\",\"publisher\":{\"@id\":\"https:\\\/\\\/zoo-land.az\\\/ru\\\/#organization\"},\"potentialAction\":[{\"@type\":\"SearchAction\",\"target\":{\"@type\":\"EntryPoint\",\"urlTemplate\":\"https:\\\/\\\/zoo-land.az\\\/ru\\\/?s={search_term_string}\"},\"query-input\":{\"@type\":\"PropertyValueSpecification\",\"valueRequired\":true,\"valueName\":\"search_term_string\"}}],\"inLanguage\":\"az\"},{\"@type\":\"Organization\",\"@id\":\"https:\\\/\\\/zoo-land.az\\\/ru\\\/#organization\",\"name\":\"Zooland.az\",\"url\":\"https:\\\/\\\/zoo-land.az\\\/ru\\\/\",\"logo\":{\"@type\":\"ImageObject\",\"inLanguage\":\"az\",\"@id\":\"https:\\\/\\\/zoo-land.az\\\/ru\\\/#\\\/schema\\\/logo\\\/image\\\/\",\"url\":\"https:\\\/\\\/zoo-land.az\\\/wp-content\\\/uploads\\\/2022\\\/05\\\/logo.svg\",\"contentUrl\":\"https:\\\/\\\/zoo-land.az\\\/wp-content\\\/uploads\\\/2022\\\/05\\\/logo.svg\",\"width\":113,\"height\":46,\"caption\":\"Zooland.az\"},\"image\":{\"@id\":\"https:\\\/\\\/zoo-land.az\\\/ru\\\/#\\\/schema\\\/logo\\\/image\\\/\"}}]}<\/script>\n<!-- \/ Yoast SEO plugin. -->","yoast_head_json":{"title":"8 in 1 Flavours Crunchy Rolls - Zooland.az","robots":{"index":"index","follow":"follow","max-snippet":"max-snippet:-1","max-image-preview":"max-image-preview:large","max-video-preview":"max-video-preview:-1"},"canonical":"https:\/\/zoo-land.az\/az\/shop\/dog\/treats\/8-in-1-flavours-crunchy-rolls\/","og_locale":"az_AZ","og_type":"article","og_title":"8 in 1 Flavours Crunchy Rolls - Zooland.az","og_description":"Our unique 8in1 Flavours Crunchy Rolls are a tasty rewarding snack, which comes in three different flavours. These are rich in chicken breast, duck breast or beef meat. Your dog will love these outstanding treats, which are incredibly crispy on the inside and soft and tender on the outside. This combination of different textures and flavours makes the 8in1 Crunchy Rolls an exciting snack for dogs. The Crunchy Rolls are rich in protein and low in fat. Free from flavour enhancers, GMOs and artificial preservatives, they are the ideal snack for rewarding all size dogs. Formulated without grains or gluten - and even oven baked. What could our four-legged friends ask more for?","og_url":"https:\/\/zoo-land.az\/az\/shop\/dog\/treats\/8-in-1-flavours-crunchy-rolls\/","og_site_name":"Zooland.az","article_modified_time":"2026-01-17T18:39:21+00:00","og_image":[{"width":750,"height":1000,"url":"https:\/\/zoo-land.az\/wp-content\/uploads\/2024\/05\/csm_TH20111_9652_34d74a095d.webp","type":"image\/webp"}],"twitter_card":"summary_large_image","twitter_misc":{"Est. reading time":"1 minute"},"schema":{"@context":"https:\/\/schema.org","@graph":[{"@type":"WebPage","@id":"https:\/\/zoo-land.az\/az\/shop\/dog\/treats\/8-in-1-flavours-crunchy-rolls\/","url":"https:\/\/zoo-land.az\/az\/shop\/dog\/treats\/8-in-1-flavours-crunchy-rolls\/","name":"8 in 1 Flavours Crunchy Rolls - Zooland.az","isPartOf":{"@id":"https:\/\/zoo-land.az\/ru\/#website"},"primaryImageOfPage":{"@id":"https:\/\/zoo-land.az\/az\/shop\/dog\/treats\/8-in-1-flavours-crunchy-rolls\/#primaryimage"},"image":{"@id":"https:\/\/zoo-land.az\/az\/shop\/dog\/treats\/8-in-1-flavours-crunchy-rolls\/#primaryimage"},"thumbnailUrl":"https:\/\/zoo-land.az\/wp-content\/uploads\/2024\/05\/csm_TH20111_9652_34d74a095d.webp","datePublished":"2024-05-31T20:08:46+00:00","dateModified":"2026-01-17T18:39:21+00:00","breadcrumb":{"@id":"https:\/\/zoo-land.az\/az\/shop\/dog\/treats\/8-in-1-flavours-crunchy-rolls\/#breadcrumb"},"inLanguage":"az","potentialAction":[{"@type":"ReadAction","target":["https:\/\/zoo-land.az\/az\/shop\/dog\/treats\/8-in-1-flavours-crunchy-rolls\/"]}]},{"@type":"ImageObject","inLanguage":"az","@id":"https:\/\/zoo-land.az\/az\/shop\/dog\/treats\/8-in-1-flavours-crunchy-rolls\/#primaryimage","url":"https:\/\/zoo-land.az\/wp-content\/uploads\/2024\/05\/csm_TH20111_9652_34d74a095d.webp","contentUrl":"https:\/\/zoo-land.az\/wp-content\/uploads\/2024\/05\/csm_TH20111_9652_34d74a095d.webp","width":750,"height":1000,"caption":"zooland,zooland azerbyacan,zooland baku,zooland heyvanlar alemi"},{"@type":"BreadcrumbList","@id":"https:\/\/zoo-land.az\/az\/shop\/dog\/treats\/8-in-1-flavours-crunchy-rolls\/#breadcrumb","itemListElement":[{"@type":"ListItem","position":1,"name":"Home","item":"https:\/\/zoo-land.az\/ru\/"},{"@type":"ListItem","position":2,"name":"Shop","item":"https:\/\/zoo-land.az\/ru\/"},{"@type":"ListItem","position":3,"name":"8 in 1 Flavours Crunchy Rolls"}]},{"@type":"WebSite","@id":"https:\/\/zoo-land.az\/ru\/#website","url":"https:\/\/zoo-land.az\/ru\/","name":"Zooland.az","description":"Xo\u015fb\u0259xt ev heyvanlar\u0131n\u0131n \u00fcnvan\u0131 Zooland.az","publisher":{"@id":"https:\/\/zoo-land.az\/ru\/#organization"},"potentialAction":[{"@type":"SearchAction","target":{"@type":"EntryPoint","urlTemplate":"https:\/\/zoo-land.az\/ru\/?s={search_term_string}"},"query-input":{"@type":"PropertyValueSpecification","valueRequired":true,"valueName":"search_term_string"}}],"inLanguage":"az"},{"@type":"Organization","@id":"https:\/\/zoo-land.az\/ru\/#organization","name":"Zooland.az","url":"https:\/\/zoo-land.az\/ru\/","logo":{"@type":"ImageObject","inLanguage":"az","@id":"https:\/\/zoo-land.az\/ru\/#\/schema\/logo\/image\/","url":"https:\/\/zoo-land.az\/wp-content\/uploads\/2022\/05\/logo.svg","contentUrl":"https:\/\/zoo-land.az\/wp-content\/uploads\/2022\/05\/logo.svg","width":113,"height":46,"caption":"Zooland.az"},"image":{"@id":"https:\/\/zoo-land.az\/ru\/#\/schema\/logo\/image\/"}}]}},"_links":{"self":[{"href":"https:\/\/zoo-land.az\/az\/wp-json\/wp\/v2\/product\/22262","targetHints":{"allow":["GET"]}}],"collection":[{"href":"https:\/\/zoo-land.az\/az\/wp-json\/wp\/v2\/product"}],"about":[{"href":"https:\/\/zoo-land.az\/az\/wp-json\/wp\/v2\/types\/product"}],"wp:featuredmedia":[{"embeddable":true,"href":"https:\/\/zoo-land.az\/az\/wp-json\/wp\/v2\/media\/22264"}],"wp:attachment":[{"href":"https:\/\/zoo-land.az\/az\/wp-json\/wp\/v2\/media?parent=22262"}],"wp:term":[{"taxonomy":"product_cat","embeddable":true,"href":"https:\/\/zoo-land.az\/az\/wp-json\/wp\/v2\/product_cat?post=22262"},{"taxonomy":"product_tag","embeddable":true,"href":"https:\/\/zoo-land.az\/az\/wp-json\/wp\/v2\/product_tag?post=22262"}],"curies":[{"name":"wp","href":"https:\/\/api.w.org\/{rel}","templated":true}]}}