{"id":22272,"date":"2024-05-31T20:22:46","date_gmt":"2024-05-31T20:22:46","guid":{"rendered":"https:\/\/lightsteelblue-zebra-299715.hostingersite.com\/?post_type=product&#038;p=22272"},"modified":"2024-05-31T20:22:46","modified_gmt":"2024-05-31T20:22:46","slug":"8-in-1-tasties-chicken-chips","status":"publish","type":"product","link":"https:\/\/zoo-land.az\/az\/shop\/dog\/treats\/8-in-1-tasties-chicken-chips\/","title":{"rendered":"8 in 1 Tasties Chicken Chips"},"content":{"rendered":"<p>8in1 Tasties Chicken Chips are rewarding meat snacks your dog will love. Made of delicious chicken breast, these hearty and healthy treats are the ideal snack for dogs for in between meals. This snack is rich in chicken breast and in proteins. Proteins help to build and maintain lean muscle mass for top body condition.<br \/>\n8in1 Chicken Chips are easy to digest, have no added sugar and are low in fat. They are formulated without flavour enhancers, GMOs, artificial preservatives and colourings. The oven baked treats are rich in protein and do not contain gluten. 8in1 Tasties Chicken Chips are an ideal snack for all size dogs. Let your dog enjoy our tasty Chicken Chips!<\/p>\n<ul class=\"product-data-feature padding-m-bottom mb-0\">\n<li class=\"d-flex flex-row align-items-center padding-s-bottom\">\n<p class=\"bold padding-s-left mb-0\">Ya\u011fda azd\u0131r<\/p>\n<\/li>\n<li class=\"d-flex flex-row align-items-center padding-s-bottom\">\n<p class=\"bold padding-s-left mb-0\">F\u0131r\u0131nda bi\u015fmi\u015f<\/p>\n<\/li>\n<li class=\"d-flex flex-row align-items-center padding-s-bottom\">\n<p class=\"bold padding-s-left mb-0\">Rewarding snack rich in chicken breast<\/p>\n<\/li>\n<li class=\"d-flex flex-row align-items-center padding-s-bottom\">\n<p class=\"bold padding-s-left mb-0\">Easy to digest<\/p>\n<\/li>\n<li class=\"d-flex flex-row align-items-center padding-s-bottom\">\n<p class=\"bold padding-s-left mb-0\">\u018flav\u0259 \u015f\u0259k\u0259r yoxdur<\/p>\n<\/li>\n<li class=\"d-flex flex-row align-items-center padding-s-bottom\">\n<p class=\"bold padding-s-left mb-0\">No flavour enhancers, GMOs, artificial preservatives and colourings<\/p>\n<\/li>\n<li class=\"d-flex flex-row align-items-center padding-s-bottom\">\n<p class=\"bold padding-s-left mb-0\">Proteinl\u0259 z\u0259ngindir<\/p>\n<\/li>\n<li class=\"d-flex flex-row align-items-center padding-s-bottom\">\n<p class=\"bold padding-s-left mb-0\">Ql\u00fctensiz<\/p>\n<\/li>\n<\/ul>","protected":false},"excerpt":{"rendered":"<p>8in1 Tasties Chicken Chips are rewarding meat snacks your dog will love. Made of delicious chicken breast, these hearty and healthy treats are the ideal snack for dogs for in between meals. This snack is rich in chicken breast and in proteins. Proteins help to build and maintain lean muscle mass for top body condition.<br \/>\n8in1 Chicken Chips are easy to digest, have no added sugar and are low in fat. They are formulated without flavour enhancers, GMOs, artificial preservatives and colourings. The oven baked treats are rich in protein and do not contain gluten. 8in1 Tasties Chicken Chips are an ideal snack for all size dogs. Let your dog enjoy our tasty Chicken Chips!<\/p>","protected":false},"featured_media":22275,"template":"","meta":{"inline_featured_image":false,"_joinchat":[]},"product_cat":[107,340],"product_tag":[],"class_list":{"0":"post-22272","1":"product","2":"type-product","3":"status-publish","4":"has-post-thumbnail","6":"product_brand-8-in-1","7":"product_cat-dog","8":"product_cat-treats","10":"first","11":"instock","12":"shipping-taxable","13":"purchasable","14":"product-type-simple"},"yoast_head":"<!-- This site is optimized with the Yoast SEO plugin v27.4 - https:\/\/yoast.com\/product\/yoast-seo-wordpress\/ -->\n<title>8 in 1 Tasties Chicken Chips - Zooland.az<\/title>\n<meta name=\"robots\" content=\"index, follow, max-snippet:-1, max-image-preview:large, max-video-preview:-1\" \/>\n<link rel=\"canonical\" href=\"https:\/\/zoo-land.az\/az\/shop\/dog\/treats\/8-in-1-tasties-chicken-chips\/\" \/>\n<meta property=\"og:locale\" content=\"az_AZ\" \/>\n<meta property=\"og:type\" content=\"article\" \/>\n<meta property=\"og:title\" content=\"8 in 1 Tasties Chicken Chips - Zooland.az\" \/>\n<meta property=\"og:description\" content=\"8in1 Tasties Chicken Chips are rewarding meat snacks your dog will love. Made of delicious chicken breast, these hearty and healthy treats are the ideal snack for dogs for in between meals. This snack is rich in chicken breast and in proteins. Proteins help to build and maintain lean muscle mass for top body condition. 8in1 Chicken Chips are easy to digest, have no added sugar and are low in fat. They are formulated without flavour enhancers, GMOs, artificial preservatives and colourings. The oven baked treats are rich in protein and do not contain gluten. 8in1 Tasties Chicken Chips are an ideal snack for all size dogs. Let your dog enjoy our tasty Chicken Chips!\" \/>\n<meta property=\"og:url\" content=\"https:\/\/zoo-land.az\/az\/shop\/dog\/treats\/8-in-1-tasties-chicken-chips\/\" \/>\n<meta property=\"og:site_name\" content=\"Zooland.az\" \/>\n<meta property=\"og:image\" content=\"https:\/\/zoo-land.az\/wp-content\/uploads\/2024\/05\/csm_TH20115_9652_490adc5a36.webp\" \/>\n\t<meta property=\"og:image:width\" content=\"700\" \/>\n\t<meta property=\"og:image:height\" content=\"1000\" \/>\n\t<meta property=\"og:image:type\" content=\"image\/webp\" \/>\n<meta name=\"twitter:card\" content=\"summary_large_image\" \/>\n<meta name=\"twitter:label1\" content=\"Est. reading time\" \/>\n\t<meta name=\"twitter:data1\" content=\"1 minute\" \/>\n<script type=\"application\/ld+json\" class=\"yoast-schema-graph\">{\"@context\":\"https:\\\/\\\/schema.org\",\"@graph\":[{\"@type\":\"WebPage\",\"@id\":\"https:\\\/\\\/zoo-land.az\\\/shop\\\/dog\\\/treats\\\/8-in-1-tasties-chicken-chips\\\/\",\"url\":\"https:\\\/\\\/zoo-land.az\\\/shop\\\/dog\\\/treats\\\/8-in-1-tasties-chicken-chips\\\/\",\"name\":\"8 in 1 Tasties Chicken Chips - Zooland.az\",\"isPartOf\":{\"@id\":\"https:\\\/\\\/zoo-land.az\\\/#website\"},\"primaryImageOfPage\":{\"@id\":\"https:\\\/\\\/zoo-land.az\\\/shop\\\/dog\\\/treats\\\/8-in-1-tasties-chicken-chips\\\/#primaryimage\"},\"image\":{\"@id\":\"https:\\\/\\\/zoo-land.az\\\/shop\\\/dog\\\/treats\\\/8-in-1-tasties-chicken-chips\\\/#primaryimage\"},\"thumbnailUrl\":\"https:\\\/\\\/zoo-land.az\\\/wp-content\\\/uploads\\\/2024\\\/05\\\/csm_TH20115_9652_490adc5a36.webp\",\"datePublished\":\"2024-05-31T20:22:46+00:00\",\"breadcrumb\":{\"@id\":\"https:\\\/\\\/zoo-land.az\\\/shop\\\/dog\\\/treats\\\/8-in-1-tasties-chicken-chips\\\/#breadcrumb\"},\"inLanguage\":\"az\",\"potentialAction\":[{\"@type\":\"ReadAction\",\"target\":[\"https:\\\/\\\/zoo-land.az\\\/shop\\\/dog\\\/treats\\\/8-in-1-tasties-chicken-chips\\\/\"]}]},{\"@type\":\"ImageObject\",\"inLanguage\":\"az\",\"@id\":\"https:\\\/\\\/zoo-land.az\\\/shop\\\/dog\\\/treats\\\/8-in-1-tasties-chicken-chips\\\/#primaryimage\",\"url\":\"https:\\\/\\\/zoo-land.az\\\/wp-content\\\/uploads\\\/2024\\\/05\\\/csm_TH20115_9652_490adc5a36.webp\",\"contentUrl\":\"https:\\\/\\\/zoo-land.az\\\/wp-content\\\/uploads\\\/2024\\\/05\\\/csm_TH20115_9652_490adc5a36.webp\",\"width\":700,\"height\":1000},{\"@type\":\"BreadcrumbList\",\"@id\":\"https:\\\/\\\/zoo-land.az\\\/shop\\\/dog\\\/treats\\\/8-in-1-tasties-chicken-chips\\\/#breadcrumb\",\"itemListElement\":[{\"@type\":\"ListItem\",\"position\":1,\"name\":\"Home\",\"item\":\"https:\\\/\\\/zoo-land.az\\\/ru\\\/\"},{\"@type\":\"ListItem\",\"position\":2,\"name\":\"Shop\",\"item\":\"https:\\\/\\\/zoo-land.az\\\/ru\\\/\"},{\"@type\":\"ListItem\",\"position\":3,\"name\":\"8 in 1 Tasties Chicken Chips\"}]},{\"@type\":\"WebSite\",\"@id\":\"https:\\\/\\\/zoo-land.az\\\/#website\",\"url\":\"https:\\\/\\\/zoo-land.az\\\/\",\"name\":\"Zooland.az\",\"description\":\"Xo\u015fb\u0259xt ev heyvanlar\u0131n\u0131n \u00fcnvan\u0131 Zooland.az\",\"publisher\":{\"@id\":\"https:\\\/\\\/zoo-land.az\\\/#organization\"},\"potentialAction\":[{\"@type\":\"SearchAction\",\"target\":{\"@type\":\"EntryPoint\",\"urlTemplate\":\"https:\\\/\\\/zoo-land.az\\\/?s={search_term_string}\"},\"query-input\":{\"@type\":\"PropertyValueSpecification\",\"valueRequired\":true,\"valueName\":\"search_term_string\"}}],\"inLanguage\":\"az\"},{\"@type\":\"Organization\",\"@id\":\"https:\\\/\\\/zoo-land.az\\\/#organization\",\"name\":\"Zooland.az\",\"url\":\"https:\\\/\\\/zoo-land.az\\\/\",\"logo\":{\"@type\":\"ImageObject\",\"inLanguage\":\"az\",\"@id\":\"https:\\\/\\\/zoo-land.az\\\/#\\\/schema\\\/logo\\\/image\\\/\",\"url\":\"https:\\\/\\\/zoo-land.az\\\/wp-content\\\/uploads\\\/2022\\\/05\\\/logo.svg\",\"contentUrl\":\"https:\\\/\\\/zoo-land.az\\\/wp-content\\\/uploads\\\/2022\\\/05\\\/logo.svg\",\"width\":113,\"height\":46,\"caption\":\"Zooland.az\"},\"image\":{\"@id\":\"https:\\\/\\\/zoo-land.az\\\/#\\\/schema\\\/logo\\\/image\\\/\"}}]}<\/script>\n<!-- \/ Yoast SEO plugin. -->","yoast_head_json":{"title":"8 in 1 Tasties Chicken Chips - Zooland.az","robots":{"index":"index","follow":"follow","max-snippet":"max-snippet:-1","max-image-preview":"max-image-preview:large","max-video-preview":"max-video-preview:-1"},"canonical":"https:\/\/zoo-land.az\/az\/shop\/dog\/treats\/8-in-1-tasties-chicken-chips\/","og_locale":"az_AZ","og_type":"article","og_title":"8 in 1 Tasties Chicken Chips - Zooland.az","og_description":"8in1 Tasties Chicken Chips are rewarding meat snacks your dog will love. Made of delicious chicken breast, these hearty and healthy treats are the ideal snack for dogs for in between meals. This snack is rich in chicken breast and in proteins. Proteins help to build and maintain lean muscle mass for top body condition. 8in1 Chicken Chips are easy to digest, have no added sugar and are low in fat. They are formulated without flavour enhancers, GMOs, artificial preservatives and colourings. The oven baked treats are rich in protein and do not contain gluten. 8in1 Tasties Chicken Chips are an ideal snack for all size dogs. Let your dog enjoy our tasty Chicken Chips!","og_url":"https:\/\/zoo-land.az\/az\/shop\/dog\/treats\/8-in-1-tasties-chicken-chips\/","og_site_name":"Zooland.az","og_image":[{"width":700,"height":1000,"url":"https:\/\/zoo-land.az\/wp-content\/uploads\/2024\/05\/csm_TH20115_9652_490adc5a36.webp","type":"image\/webp"}],"twitter_card":"summary_large_image","twitter_misc":{"Est. reading time":"1 minute"},"schema":{"@context":"https:\/\/schema.org","@graph":[{"@type":"WebPage","@id":"https:\/\/zoo-land.az\/shop\/dog\/treats\/8-in-1-tasties-chicken-chips\/","url":"https:\/\/zoo-land.az\/shop\/dog\/treats\/8-in-1-tasties-chicken-chips\/","name":"8 in 1 Tasties Chicken Chips - Zooland.az","isPartOf":{"@id":"https:\/\/zoo-land.az\/#website"},"primaryImageOfPage":{"@id":"https:\/\/zoo-land.az\/shop\/dog\/treats\/8-in-1-tasties-chicken-chips\/#primaryimage"},"image":{"@id":"https:\/\/zoo-land.az\/shop\/dog\/treats\/8-in-1-tasties-chicken-chips\/#primaryimage"},"thumbnailUrl":"https:\/\/zoo-land.az\/wp-content\/uploads\/2024\/05\/csm_TH20115_9652_490adc5a36.webp","datePublished":"2024-05-31T20:22:46+00:00","breadcrumb":{"@id":"https:\/\/zoo-land.az\/shop\/dog\/treats\/8-in-1-tasties-chicken-chips\/#breadcrumb"},"inLanguage":"az","potentialAction":[{"@type":"ReadAction","target":["https:\/\/zoo-land.az\/shop\/dog\/treats\/8-in-1-tasties-chicken-chips\/"]}]},{"@type":"ImageObject","inLanguage":"az","@id":"https:\/\/zoo-land.az\/shop\/dog\/treats\/8-in-1-tasties-chicken-chips\/#primaryimage","url":"https:\/\/zoo-land.az\/wp-content\/uploads\/2024\/05\/csm_TH20115_9652_490adc5a36.webp","contentUrl":"https:\/\/zoo-land.az\/wp-content\/uploads\/2024\/05\/csm_TH20115_9652_490adc5a36.webp","width":700,"height":1000},{"@type":"BreadcrumbList","@id":"https:\/\/zoo-land.az\/shop\/dog\/treats\/8-in-1-tasties-chicken-chips\/#breadcrumb","itemListElement":[{"@type":"ListItem","position":1,"name":"Home","item":"https:\/\/zoo-land.az\/ru\/"},{"@type":"ListItem","position":2,"name":"Shop","item":"https:\/\/zoo-land.az\/ru\/"},{"@type":"ListItem","position":3,"name":"8 in 1 Tasties Chicken Chips"}]},{"@type":"WebSite","@id":"https:\/\/zoo-land.az\/#website","url":"https:\/\/zoo-land.az\/","name":"Zooland.az","description":"Xo\u015fb\u0259xt ev heyvanlar\u0131n\u0131n \u00fcnvan\u0131 Zooland.az","publisher":{"@id":"https:\/\/zoo-land.az\/#organization"},"potentialAction":[{"@type":"SearchAction","target":{"@type":"EntryPoint","urlTemplate":"https:\/\/zoo-land.az\/?s={search_term_string}"},"query-input":{"@type":"PropertyValueSpecification","valueRequired":true,"valueName":"search_term_string"}}],"inLanguage":"az"},{"@type":"Organization","@id":"https:\/\/zoo-land.az\/#organization","name":"Zooland.az","url":"https:\/\/zoo-land.az\/","logo":{"@type":"ImageObject","inLanguage":"az","@id":"https:\/\/zoo-land.az\/#\/schema\/logo\/image\/","url":"https:\/\/zoo-land.az\/wp-content\/uploads\/2022\/05\/logo.svg","contentUrl":"https:\/\/zoo-land.az\/wp-content\/uploads\/2022\/05\/logo.svg","width":113,"height":46,"caption":"Zooland.az"},"image":{"@id":"https:\/\/zoo-land.az\/#\/schema\/logo\/image\/"}}]}},"_links":{"self":[{"href":"https:\/\/zoo-land.az\/az\/wp-json\/wp\/v2\/product\/22272","targetHints":{"allow":["GET"]}}],"collection":[{"href":"https:\/\/zoo-land.az\/az\/wp-json\/wp\/v2\/product"}],"about":[{"href":"https:\/\/zoo-land.az\/az\/wp-json\/wp\/v2\/types\/product"}],"wp:featuredmedia":[{"embeddable":true,"href":"https:\/\/zoo-land.az\/az\/wp-json\/wp\/v2\/media\/22275"}],"wp:attachment":[{"href":"https:\/\/zoo-land.az\/az\/wp-json\/wp\/v2\/media?parent=22272"}],"wp:term":[{"taxonomy":"product_cat","embeddable":true,"href":"https:\/\/zoo-land.az\/az\/wp-json\/wp\/v2\/product_cat?post=22272"},{"taxonomy":"product_tag","embeddable":true,"href":"https:\/\/zoo-land.az\/az\/wp-json\/wp\/v2\/product_tag?post=22272"}],"curies":[{"name":"wp","href":"https:\/\/api.w.org\/{rel}","templated":true}]}}