{"id":22277,"date":"2024-05-31T20:23:51","date_gmt":"2024-05-31T20:23:51","guid":{"rendered":"https:\/\/lightsteelblue-zebra-299715.hostingersite.com\/?post_type=product&#038;p=22277"},"modified":"2024-05-31T20:23:51","modified_gmt":"2024-05-31T20:23:51","slug":"8-in-1-triple-flavour-skewers","status":"publish","type":"product","link":"https:\/\/zoo-land.az\/az\/shop\/dog\/treats\/8-in-1-triple-flavour-skewers\/","title":{"rendered":"8 in 1 Triple Flavour Skewers"},"content":{"rendered":"<p>8in1 Flavours Skewer Bites are a tasty rewarding snack in the form of bites, which come in three different flavours: chicken breast, duck breast or chicken liver. The Skewer Bites are the best part of a skewer in the perfect bite-size, which is ideal to be used as an instant gratification treat for dogs. The Skewer Bites are rich in protein and low in fat. Free from flavour enhancers, GMOs and artificial preservatives, they are a tasty snack for dogs of all sizes. On top of that they are even oven baked. Let your four-leggend friend enjoy our tasty Skewer Bites.<\/p>","protected":false},"excerpt":{"rendered":"<p>8in1 Flavours Skewer Bites are a tasty rewarding snack in the form of bites, which come in three different flavours: chicken breast, duck breast or chicken liver. The Skewer Bites are the best part of a skewer in the perfect bite-size, which is ideal to be used as an instant gratification treat for dogs. The Skewer Bites are rich in protein and low in fat. Free from flavour enhancers, GMOs and artificial preservatives, they are a tasty snack for dogs of all sizes. On top of that they are even oven baked. Let your four-leggend friend enjoy our tasty Skewer Bites.<\/p>","protected":false},"featured_media":22274,"template":"","meta":{"inline_featured_image":false,"_joinchat":[]},"product_cat":[107,340],"product_tag":[],"class_list":{"0":"post-22277","1":"product","2":"type-product","3":"status-publish","4":"has-post-thumbnail","6":"product_brand-8-in-1","7":"product_cat-dog","8":"product_cat-treats","10":"first","11":"instock","12":"shipping-taxable","13":"purchasable","14":"product-type-simple"},"yoast_head":"<!-- This site is optimized with the Yoast SEO plugin v26.7 - https:\/\/yoast.com\/wordpress\/plugins\/seo\/ -->\n<title>8 in 1 Triple Flavour Skewers - Zooland.az<\/title>\n<meta name=\"robots\" content=\"index, follow, max-snippet:-1, max-image-preview:large, max-video-preview:-1\" \/>\n<link rel=\"canonical\" href=\"https:\/\/zoo-land.az\/az\/shop\/dog\/treats\/8-in-1-triple-flavour-skewers\/\" \/>\n<meta property=\"og:locale\" content=\"az_AZ\" \/>\n<meta property=\"og:type\" content=\"article\" \/>\n<meta property=\"og:title\" content=\"8 in 1 Triple Flavour Skewers - Zooland.az\" \/>\n<meta property=\"og:description\" content=\"8in1 Flavours Skewer Bites are a tasty rewarding snack in the form of bites, which come in three different flavours: chicken breast, duck breast or chicken liver. The Skewer Bites are the best part of a skewer in the perfect bite-size, which is ideal to be used as an instant gratification treat for dogs. The Skewer Bites are rich in protein and low in fat. Free from flavour enhancers, GMOs and artificial preservatives, they are a tasty snack for dogs of all sizes. On top of that they are even oven baked. Let your four-leggend friend enjoy our tasty Skewer Bites.\" \/>\n<meta property=\"og:url\" content=\"https:\/\/zoo-land.az\/az\/shop\/dog\/treats\/8-in-1-triple-flavour-skewers\/\" \/>\n<meta property=\"og:site_name\" content=\"Zooland.az\" \/>\n<meta property=\"og:image\" content=\"https:\/\/zoo-land.az\/wp-content\/uploads\/2024\/05\/8in1-triple-flavour-skewers-lakomstva-dlya-sobak-shashlychki-s-trojnym-vkusom.jpg\" \/>\n\t<meta property=\"og:image:width\" content=\"458\" \/>\n\t<meta property=\"og:image:height\" content=\"458\" \/>\n\t<meta property=\"og:image:type\" content=\"image\/jpeg\" \/>\n<meta name=\"twitter:card\" content=\"summary_large_image\" \/>\n<meta name=\"twitter:label1\" content=\"Est. reading time\" \/>\n\t<meta name=\"twitter:data1\" content=\"1 minute\" \/>\n<script type=\"application\/ld+json\" class=\"yoast-schema-graph\">{\"@context\":\"https:\/\/schema.org\",\"@graph\":[{\"@type\":\"WebPage\",\"@id\":\"https:\/\/zoo-land.az\/shop\/dog\/treats\/8-in-1-triple-flavour-skewers\/\",\"url\":\"https:\/\/zoo-land.az\/shop\/dog\/treats\/8-in-1-triple-flavour-skewers\/\",\"name\":\"8 in 1 Triple Flavour Skewers - Zooland.az\",\"isPartOf\":{\"@id\":\"https:\/\/zoo-land.az\/#website\"},\"primaryImageOfPage\":{\"@id\":\"https:\/\/zoo-land.az\/shop\/dog\/treats\/8-in-1-triple-flavour-skewers\/#primaryimage\"},\"image\":{\"@id\":\"https:\/\/zoo-land.az\/shop\/dog\/treats\/8-in-1-triple-flavour-skewers\/#primaryimage\"},\"thumbnailUrl\":\"https:\/\/zoo-land.az\/wp-content\/uploads\/2024\/05\/8in1-triple-flavour-skewers-lakomstva-dlya-sobak-shashlychki-s-trojnym-vkusom.jpg\",\"datePublished\":\"2024-05-31T20:23:51+00:00\",\"breadcrumb\":{\"@id\":\"https:\/\/zoo-land.az\/shop\/dog\/treats\/8-in-1-triple-flavour-skewers\/#breadcrumb\"},\"inLanguage\":\"az\",\"potentialAction\":[{\"@type\":\"ReadAction\",\"target\":[\"https:\/\/zoo-land.az\/shop\/dog\/treats\/8-in-1-triple-flavour-skewers\/\"]}]},{\"@type\":\"ImageObject\",\"inLanguage\":\"az\",\"@id\":\"https:\/\/zoo-land.az\/shop\/dog\/treats\/8-in-1-triple-flavour-skewers\/#primaryimage\",\"url\":\"https:\/\/zoo-land.az\/wp-content\/uploads\/2024\/05\/8in1-triple-flavour-skewers-lakomstva-dlya-sobak-shashlychki-s-trojnym-vkusom.jpg\",\"contentUrl\":\"https:\/\/zoo-land.az\/wp-content\/uploads\/2024\/05\/8in1-triple-flavour-skewers-lakomstva-dlya-sobak-shashlychki-s-trojnym-vkusom.jpg\",\"width\":458,\"height\":458},{\"@type\":\"BreadcrumbList\",\"@id\":\"https:\/\/zoo-land.az\/shop\/dog\/treats\/8-in-1-triple-flavour-skewers\/#breadcrumb\",\"itemListElement\":[{\"@type\":\"ListItem\",\"position\":1,\"name\":\"Home\",\"item\":\"https:\/\/zoo-land.az\/ru\/\"},{\"@type\":\"ListItem\",\"position\":2,\"name\":\"Shop\",\"item\":\"https:\/\/zoo-land.az\/ru\/\"},{\"@type\":\"ListItem\",\"position\":3,\"name\":\"8 in 1 Triple Flavour Skewers\"}]},{\"@type\":\"WebSite\",\"@id\":\"https:\/\/zoo-land.az\/#website\",\"url\":\"https:\/\/zoo-land.az\/\",\"name\":\"Zooland.az\",\"description\":\"Xo\u015fb\u0259xt ev heyvanlar\u0131n\u0131n \u00fcnvan\u0131 Zooland.az\",\"publisher\":{\"@id\":\"https:\/\/zoo-land.az\/#organization\"},\"potentialAction\":[{\"@type\":\"SearchAction\",\"target\":{\"@type\":\"EntryPoint\",\"urlTemplate\":\"https:\/\/zoo-land.az\/?s={search_term_string}\"},\"query-input\":{\"@type\":\"PropertyValueSpecification\",\"valueRequired\":true,\"valueName\":\"search_term_string\"}}],\"inLanguage\":\"az\"},{\"@type\":\"Organization\",\"@id\":\"https:\/\/zoo-land.az\/#organization\",\"name\":\"Zooland.az\",\"url\":\"https:\/\/zoo-land.az\/\",\"logo\":{\"@type\":\"ImageObject\",\"inLanguage\":\"az\",\"@id\":\"https:\/\/zoo-land.az\/#\/schema\/logo\/image\/\",\"url\":\"https:\/\/zoo-land.az\/wp-content\/uploads\/2022\/05\/logo.svg\",\"contentUrl\":\"https:\/\/zoo-land.az\/wp-content\/uploads\/2022\/05\/logo.svg\",\"width\":113,\"height\":46,\"caption\":\"Zooland.az\"},\"image\":{\"@id\":\"https:\/\/zoo-land.az\/#\/schema\/logo\/image\/\"}}]}<\/script>\n<!-- \/ Yoast SEO plugin. -->","yoast_head_json":{"title":"8 in 1 Triple Flavour Skewers - Zooland.az","robots":{"index":"index","follow":"follow","max-snippet":"max-snippet:-1","max-image-preview":"max-image-preview:large","max-video-preview":"max-video-preview:-1"},"canonical":"https:\/\/zoo-land.az\/az\/shop\/dog\/treats\/8-in-1-triple-flavour-skewers\/","og_locale":"az_AZ","og_type":"article","og_title":"8 in 1 Triple Flavour Skewers - Zooland.az","og_description":"8in1 Flavours Skewer Bites are a tasty rewarding snack in the form of bites, which come in three different flavours: chicken breast, duck breast or chicken liver. The Skewer Bites are the best part of a skewer in the perfect bite-size, which is ideal to be used as an instant gratification treat for dogs. The Skewer Bites are rich in protein and low in fat. Free from flavour enhancers, GMOs and artificial preservatives, they are a tasty snack for dogs of all sizes. On top of that they are even oven baked. Let your four-leggend friend enjoy our tasty Skewer Bites.","og_url":"https:\/\/zoo-land.az\/az\/shop\/dog\/treats\/8-in-1-triple-flavour-skewers\/","og_site_name":"Zooland.az","og_image":[{"width":458,"height":458,"url":"https:\/\/zoo-land.az\/wp-content\/uploads\/2024\/05\/8in1-triple-flavour-skewers-lakomstva-dlya-sobak-shashlychki-s-trojnym-vkusom.jpg","type":"image\/jpeg"}],"twitter_card":"summary_large_image","twitter_misc":{"Est. reading time":"1 minute"},"schema":{"@context":"https:\/\/schema.org","@graph":[{"@type":"WebPage","@id":"https:\/\/zoo-land.az\/shop\/dog\/treats\/8-in-1-triple-flavour-skewers\/","url":"https:\/\/zoo-land.az\/shop\/dog\/treats\/8-in-1-triple-flavour-skewers\/","name":"8 in 1 Triple Flavour Skewers - Zooland.az","isPartOf":{"@id":"https:\/\/zoo-land.az\/#website"},"primaryImageOfPage":{"@id":"https:\/\/zoo-land.az\/shop\/dog\/treats\/8-in-1-triple-flavour-skewers\/#primaryimage"},"image":{"@id":"https:\/\/zoo-land.az\/shop\/dog\/treats\/8-in-1-triple-flavour-skewers\/#primaryimage"},"thumbnailUrl":"https:\/\/zoo-land.az\/wp-content\/uploads\/2024\/05\/8in1-triple-flavour-skewers-lakomstva-dlya-sobak-shashlychki-s-trojnym-vkusom.jpg","datePublished":"2024-05-31T20:23:51+00:00","breadcrumb":{"@id":"https:\/\/zoo-land.az\/shop\/dog\/treats\/8-in-1-triple-flavour-skewers\/#breadcrumb"},"inLanguage":"az","potentialAction":[{"@type":"ReadAction","target":["https:\/\/zoo-land.az\/shop\/dog\/treats\/8-in-1-triple-flavour-skewers\/"]}]},{"@type":"ImageObject","inLanguage":"az","@id":"https:\/\/zoo-land.az\/shop\/dog\/treats\/8-in-1-triple-flavour-skewers\/#primaryimage","url":"https:\/\/zoo-land.az\/wp-content\/uploads\/2024\/05\/8in1-triple-flavour-skewers-lakomstva-dlya-sobak-shashlychki-s-trojnym-vkusom.jpg","contentUrl":"https:\/\/zoo-land.az\/wp-content\/uploads\/2024\/05\/8in1-triple-flavour-skewers-lakomstva-dlya-sobak-shashlychki-s-trojnym-vkusom.jpg","width":458,"height":458},{"@type":"BreadcrumbList","@id":"https:\/\/zoo-land.az\/shop\/dog\/treats\/8-in-1-triple-flavour-skewers\/#breadcrumb","itemListElement":[{"@type":"ListItem","position":1,"name":"Home","item":"https:\/\/zoo-land.az\/ru\/"},{"@type":"ListItem","position":2,"name":"Shop","item":"https:\/\/zoo-land.az\/ru\/"},{"@type":"ListItem","position":3,"name":"8 in 1 Triple Flavour Skewers"}]},{"@type":"WebSite","@id":"https:\/\/zoo-land.az\/#website","url":"https:\/\/zoo-land.az\/","name":"Zooland.az","description":"Xo\u015fb\u0259xt ev heyvanlar\u0131n\u0131n \u00fcnvan\u0131 Zooland.az","publisher":{"@id":"https:\/\/zoo-land.az\/#organization"},"potentialAction":[{"@type":"SearchAction","target":{"@type":"EntryPoint","urlTemplate":"https:\/\/zoo-land.az\/?s={search_term_string}"},"query-input":{"@type":"PropertyValueSpecification","valueRequired":true,"valueName":"search_term_string"}}],"inLanguage":"az"},{"@type":"Organization","@id":"https:\/\/zoo-land.az\/#organization","name":"Zooland.az","url":"https:\/\/zoo-land.az\/","logo":{"@type":"ImageObject","inLanguage":"az","@id":"https:\/\/zoo-land.az\/#\/schema\/logo\/image\/","url":"https:\/\/zoo-land.az\/wp-content\/uploads\/2022\/05\/logo.svg","contentUrl":"https:\/\/zoo-land.az\/wp-content\/uploads\/2022\/05\/logo.svg","width":113,"height":46,"caption":"Zooland.az"},"image":{"@id":"https:\/\/zoo-land.az\/#\/schema\/logo\/image\/"}}]}},"_links":{"self":[{"href":"https:\/\/zoo-land.az\/az\/wp-json\/wp\/v2\/product\/22277","targetHints":{"allow":["GET"]}}],"collection":[{"href":"https:\/\/zoo-land.az\/az\/wp-json\/wp\/v2\/product"}],"about":[{"href":"https:\/\/zoo-land.az\/az\/wp-json\/wp\/v2\/types\/product"}],"wp:featuredmedia":[{"embeddable":true,"href":"https:\/\/zoo-land.az\/az\/wp-json\/wp\/v2\/media\/22274"}],"wp:attachment":[{"href":"https:\/\/zoo-land.az\/az\/wp-json\/wp\/v2\/media?parent=22277"}],"wp:term":[{"taxonomy":"product_cat","embeddable":true,"href":"https:\/\/zoo-land.az\/az\/wp-json\/wp\/v2\/product_cat?post=22277"},{"taxonomy":"product_tag","embeddable":true,"href":"https:\/\/zoo-land.az\/az\/wp-json\/wp\/v2\/product_tag?post=22277"}],"curies":[{"name":"wp","href":"https:\/\/api.w.org\/{rel}","templated":true}]}}