{"id":22283,"date":"2024-05-31T20:43:50","date_gmt":"2024-05-31T20:43:50","guid":{"rendered":"https:\/\/lightsteelblue-zebra-299715.hostingersite.com\/?post_type=product&#038;p=22283"},"modified":"2024-06-01T07:43:14","modified_gmt":"2024-06-01T07:43:14","slug":"pro-plan-adult-cat-turkey-85-g","status":"publish","type":"product","link":"https:\/\/zoo-land.az\/az\/shop\/cat\/cat-wetfoods\/pro-plan-adult-cat-turkey-85-g\/","title":{"rendered":"Pro Plan Yetkin Pi\u015fik T\u00fcrkiy\u0259 85 q"},"content":{"rendered":"<p>Purina Pro Plan complete super premium wet food for cats contains delicious pieces in aromatic jelly. The addition of turkey gives a subtle flavor that is highly appreciated in the feline world. Besides turkey, it contains other meat and fish ingredients that cater to cats&#8217; taste preferences. This diet is intended for adult cats without special needs (such as neutering\/spaying, sensitive skin or digestion, obesity, allergies, hairball control, pregnancy, lactation).<\/p>\n<p><strong>Key Benefits:<\/strong><\/p>\n<ul>\n<li><strong>Optimal Protein and Fat Content:<\/strong> The optimal amount of easily digestible protein and moderate fat content is suitable for most cats and helps maintain a normal body condition.<\/li>\n<li><strong>Urinary Health Support:<\/strong> This super premium cat food helps preserve the health of the urinary system.<\/li>\n<li><strong>Comprehensive Nutrient Profile:<\/strong> A full range of nutrients (amino acids, vitamins, minerals, polyunsaturated fatty acids, antioxidants) promotes strong health and longevity.<\/li>\n<li><strong>Versatile Compatibility:<\/strong> This product pairs well with other dry or wet Pro Plan foods.<\/li>\n<\/ul>\n<p><strong>T\u0259rkibi:<\/strong> Meat and meat by-products (including turkey 4%), vegetable protein extracts, fish and fish by-products, vegetable and animal fats, vegetable by-products, minerals, sugars, vitamins, antioxidants, colorants.<\/p>","protected":false},"excerpt":{"rendered":"<p>Purina Pro Plan complete super premium wet food for cats contains delicious pieces in aromatic jelly. The addition of turkey gives a subtle flavor that is highly appreciated in the feline world. Besides turkey, it contains other meat and fish ingredients that cater to cats&#8217; taste preferences. This diet is intended for adult cats without special needs (such as neutering\/spaying, sensitive skin or digestion, obesity, allergies, hairball control, pregnancy, lactation).<\/p>","protected":false},"featured_media":22285,"template":"","meta":{"inline_featured_image":false,"_joinchat":[]},"product_cat":[188,190],"product_tag":[],"class_list":{"0":"post-22283","1":"product","2":"type-product","3":"status-publish","4":"has-post-thumbnail","6":"product_brand-proplan","7":"product_cat-cat","8":"product_cat-cat-wetfoods","10":"first","11":"instock","12":"shipping-taxable","13":"purchasable","14":"product-type-simple"},"yoast_head":"<!-- This site is optimized with the Yoast SEO plugin v26.7 - https:\/\/yoast.com\/wordpress\/plugins\/seo\/ -->\n<title>Pro Plan Adult Cat Turkey 85 g - Zooland.az<\/title>\n<meta name=\"robots\" content=\"index, follow, max-snippet:-1, max-image-preview:large, max-video-preview:-1\" \/>\n<link rel=\"canonical\" href=\"https:\/\/zoo-land.az\/az\/shop\/cat\/cat-wetfoods\/pro-plan-adult-cat-turkey-85-g\/\" \/>\n<meta property=\"og:locale\" content=\"az_AZ\" \/>\n<meta property=\"og:type\" content=\"article\" \/>\n<meta property=\"og:title\" content=\"Pro Plan Adult Cat Turkey 85 g - Zooland.az\" \/>\n<meta property=\"og:description\" content=\"Purina Pro Plan complete super premium wet food for cats contains delicious pieces in aromatic jelly. The addition of turkey gives a subtle flavor that is highly appreciated in the feline world. Besides turkey, it contains other meat and fish ingredients that cater to cats&#039; taste preferences. This diet is intended for adult cats without special needs (such as neutering\/spaying, sensitive skin or digestion, obesity, allergies, hairball control, pregnancy, lactation).\" \/>\n<meta property=\"og:url\" content=\"https:\/\/zoo-land.az\/az\/shop\/cat\/cat-wetfoods\/pro-plan-adult-cat-turkey-85-g\/\" \/>\n<meta property=\"og:site_name\" content=\"Zooland.az\" \/>\n<meta property=\"article:modified_time\" content=\"2024-06-01T07:43:14+00:00\" \/>\n<meta property=\"og:image\" content=\"https:\/\/zoo-land.az\/wp-content\/uploads\/2024\/05\/2792.jpg\" \/>\n\t<meta property=\"og:image:width\" content=\"400\" \/>\n\t<meta property=\"og:image:height\" content=\"400\" \/>\n\t<meta property=\"og:image:type\" content=\"image\/jpeg\" \/>\n<meta name=\"twitter:card\" content=\"summary_large_image\" \/>\n<meta name=\"twitter:label1\" content=\"Est. reading time\" \/>\n\t<meta name=\"twitter:data1\" content=\"1 minute\" \/>\n<script type=\"application\/ld+json\" class=\"yoast-schema-graph\">{\"@context\":\"https:\/\/schema.org\",\"@graph\":[{\"@type\":\"WebPage\",\"@id\":\"https:\/\/zoo-land.az\/shop\/cat\/cat-wetfoods\/pro-plan-adult-cat-turkey-85-g\/\",\"url\":\"https:\/\/zoo-land.az\/shop\/cat\/cat-wetfoods\/pro-plan-adult-cat-turkey-85-g\/\",\"name\":\"Pro Plan Adult Cat Turkey 85 g - Zooland.az\",\"isPartOf\":{\"@id\":\"https:\/\/zoo-land.az\/#website\"},\"primaryImageOfPage\":{\"@id\":\"https:\/\/zoo-land.az\/shop\/cat\/cat-wetfoods\/pro-plan-adult-cat-turkey-85-g\/#primaryimage\"},\"image\":{\"@id\":\"https:\/\/zoo-land.az\/shop\/cat\/cat-wetfoods\/pro-plan-adult-cat-turkey-85-g\/#primaryimage\"},\"thumbnailUrl\":\"https:\/\/zoo-land.az\/wp-content\/uploads\/2024\/05\/2792.jpg\",\"datePublished\":\"2024-05-31T20:43:50+00:00\",\"dateModified\":\"2024-06-01T07:43:14+00:00\",\"breadcrumb\":{\"@id\":\"https:\/\/zoo-land.az\/shop\/cat\/cat-wetfoods\/pro-plan-adult-cat-turkey-85-g\/#breadcrumb\"},\"inLanguage\":\"az\",\"potentialAction\":[{\"@type\":\"ReadAction\",\"target\":[\"https:\/\/zoo-land.az\/shop\/cat\/cat-wetfoods\/pro-plan-adult-cat-turkey-85-g\/\"]}]},{\"@type\":\"ImageObject\",\"inLanguage\":\"az\",\"@id\":\"https:\/\/zoo-land.az\/shop\/cat\/cat-wetfoods\/pro-plan-adult-cat-turkey-85-g\/#primaryimage\",\"url\":\"https:\/\/zoo-land.az\/wp-content\/uploads\/2024\/05\/2792.jpg\",\"contentUrl\":\"https:\/\/zoo-land.az\/wp-content\/uploads\/2024\/05\/2792.jpg\",\"width\":400,\"height\":400},{\"@type\":\"BreadcrumbList\",\"@id\":\"https:\/\/zoo-land.az\/shop\/cat\/cat-wetfoods\/pro-plan-adult-cat-turkey-85-g\/#breadcrumb\",\"itemListElement\":[{\"@type\":\"ListItem\",\"position\":1,\"name\":\"Home\",\"item\":\"https:\/\/zoo-land.az\/ru\/\"},{\"@type\":\"ListItem\",\"position\":2,\"name\":\"Shop\",\"item\":\"https:\/\/zoo-land.az\/ru\/\"},{\"@type\":\"ListItem\",\"position\":3,\"name\":\"Pro Plan Adult Cat Turkey 85 g\"}]},{\"@type\":\"WebSite\",\"@id\":\"https:\/\/zoo-land.az\/#website\",\"url\":\"https:\/\/zoo-land.az\/\",\"name\":\"Zooland.az\",\"description\":\"Xo\u015fb\u0259xt ev heyvanlar\u0131n\u0131n \u00fcnvan\u0131 Zooland.az\",\"publisher\":{\"@id\":\"https:\/\/zoo-land.az\/#organization\"},\"potentialAction\":[{\"@type\":\"SearchAction\",\"target\":{\"@type\":\"EntryPoint\",\"urlTemplate\":\"https:\/\/zoo-land.az\/?s={search_term_string}\"},\"query-input\":{\"@type\":\"PropertyValueSpecification\",\"valueRequired\":true,\"valueName\":\"search_term_string\"}}],\"inLanguage\":\"az\"},{\"@type\":\"Organization\",\"@id\":\"https:\/\/zoo-land.az\/#organization\",\"name\":\"Zooland.az\",\"url\":\"https:\/\/zoo-land.az\/\",\"logo\":{\"@type\":\"ImageObject\",\"inLanguage\":\"az\",\"@id\":\"https:\/\/zoo-land.az\/#\/schema\/logo\/image\/\",\"url\":\"https:\/\/zoo-land.az\/wp-content\/uploads\/2022\/05\/logo.svg\",\"contentUrl\":\"https:\/\/zoo-land.az\/wp-content\/uploads\/2022\/05\/logo.svg\",\"width\":113,\"height\":46,\"caption\":\"Zooland.az\"},\"image\":{\"@id\":\"https:\/\/zoo-land.az\/#\/schema\/logo\/image\/\"}}]}<\/script>\n<!-- \/ Yoast SEO plugin. -->","yoast_head_json":{"title":"Pro Plan Adult Cat Turkey 85 g - Zooland.az","robots":{"index":"index","follow":"follow","max-snippet":"max-snippet:-1","max-image-preview":"max-image-preview:large","max-video-preview":"max-video-preview:-1"},"canonical":"https:\/\/zoo-land.az\/az\/shop\/cat\/cat-wetfoods\/pro-plan-adult-cat-turkey-85-g\/","og_locale":"az_AZ","og_type":"article","og_title":"Pro Plan Adult Cat Turkey 85 g - Zooland.az","og_description":"Purina Pro Plan complete super premium wet food for cats contains delicious pieces in aromatic jelly. The addition of turkey gives a subtle flavor that is highly appreciated in the feline world. Besides turkey, it contains other meat and fish ingredients that cater to cats' taste preferences. This diet is intended for adult cats without special needs (such as neutering\/spaying, sensitive skin or digestion, obesity, allergies, hairball control, pregnancy, lactation).","og_url":"https:\/\/zoo-land.az\/az\/shop\/cat\/cat-wetfoods\/pro-plan-adult-cat-turkey-85-g\/","og_site_name":"Zooland.az","article_modified_time":"2024-06-01T07:43:14+00:00","og_image":[{"width":400,"height":400,"url":"https:\/\/zoo-land.az\/wp-content\/uploads\/2024\/05\/2792.jpg","type":"image\/jpeg"}],"twitter_card":"summary_large_image","twitter_misc":{"Est. reading time":"1 minute"},"schema":{"@context":"https:\/\/schema.org","@graph":[{"@type":"WebPage","@id":"https:\/\/zoo-land.az\/shop\/cat\/cat-wetfoods\/pro-plan-adult-cat-turkey-85-g\/","url":"https:\/\/zoo-land.az\/shop\/cat\/cat-wetfoods\/pro-plan-adult-cat-turkey-85-g\/","name":"Pro Plan Adult Cat Turkey 85 g - Zooland.az","isPartOf":{"@id":"https:\/\/zoo-land.az\/#website"},"primaryImageOfPage":{"@id":"https:\/\/zoo-land.az\/shop\/cat\/cat-wetfoods\/pro-plan-adult-cat-turkey-85-g\/#primaryimage"},"image":{"@id":"https:\/\/zoo-land.az\/shop\/cat\/cat-wetfoods\/pro-plan-adult-cat-turkey-85-g\/#primaryimage"},"thumbnailUrl":"https:\/\/zoo-land.az\/wp-content\/uploads\/2024\/05\/2792.jpg","datePublished":"2024-05-31T20:43:50+00:00","dateModified":"2024-06-01T07:43:14+00:00","breadcrumb":{"@id":"https:\/\/zoo-land.az\/shop\/cat\/cat-wetfoods\/pro-plan-adult-cat-turkey-85-g\/#breadcrumb"},"inLanguage":"az","potentialAction":[{"@type":"ReadAction","target":["https:\/\/zoo-land.az\/shop\/cat\/cat-wetfoods\/pro-plan-adult-cat-turkey-85-g\/"]}]},{"@type":"ImageObject","inLanguage":"az","@id":"https:\/\/zoo-land.az\/shop\/cat\/cat-wetfoods\/pro-plan-adult-cat-turkey-85-g\/#primaryimage","url":"https:\/\/zoo-land.az\/wp-content\/uploads\/2024\/05\/2792.jpg","contentUrl":"https:\/\/zoo-land.az\/wp-content\/uploads\/2024\/05\/2792.jpg","width":400,"height":400},{"@type":"BreadcrumbList","@id":"https:\/\/zoo-land.az\/shop\/cat\/cat-wetfoods\/pro-plan-adult-cat-turkey-85-g\/#breadcrumb","itemListElement":[{"@type":"ListItem","position":1,"name":"Home","item":"https:\/\/zoo-land.az\/ru\/"},{"@type":"ListItem","position":2,"name":"Shop","item":"https:\/\/zoo-land.az\/ru\/"},{"@type":"ListItem","position":3,"name":"Pro Plan Adult Cat Turkey 85 g"}]},{"@type":"WebSite","@id":"https:\/\/zoo-land.az\/#website","url":"https:\/\/zoo-land.az\/","name":"Zooland.az","description":"Xo\u015fb\u0259xt ev heyvanlar\u0131n\u0131n \u00fcnvan\u0131 Zooland.az","publisher":{"@id":"https:\/\/zoo-land.az\/#organization"},"potentialAction":[{"@type":"SearchAction","target":{"@type":"EntryPoint","urlTemplate":"https:\/\/zoo-land.az\/?s={search_term_string}"},"query-input":{"@type":"PropertyValueSpecification","valueRequired":true,"valueName":"search_term_string"}}],"inLanguage":"az"},{"@type":"Organization","@id":"https:\/\/zoo-land.az\/#organization","name":"Zooland.az","url":"https:\/\/zoo-land.az\/","logo":{"@type":"ImageObject","inLanguage":"az","@id":"https:\/\/zoo-land.az\/#\/schema\/logo\/image\/","url":"https:\/\/zoo-land.az\/wp-content\/uploads\/2022\/05\/logo.svg","contentUrl":"https:\/\/zoo-land.az\/wp-content\/uploads\/2022\/05\/logo.svg","width":113,"height":46,"caption":"Zooland.az"},"image":{"@id":"https:\/\/zoo-land.az\/#\/schema\/logo\/image\/"}}]}},"_links":{"self":[{"href":"https:\/\/zoo-land.az\/az\/wp-json\/wp\/v2\/product\/22283","targetHints":{"allow":["GET"]}}],"collection":[{"href":"https:\/\/zoo-land.az\/az\/wp-json\/wp\/v2\/product"}],"about":[{"href":"https:\/\/zoo-land.az\/az\/wp-json\/wp\/v2\/types\/product"}],"wp:featuredmedia":[{"embeddable":true,"href":"https:\/\/zoo-land.az\/az\/wp-json\/wp\/v2\/media\/22285"}],"wp:attachment":[{"href":"https:\/\/zoo-land.az\/az\/wp-json\/wp\/v2\/media?parent=22283"}],"wp:term":[{"taxonomy":"product_cat","embeddable":true,"href":"https:\/\/zoo-land.az\/az\/wp-json\/wp\/v2\/product_cat?post=22283"},{"taxonomy":"product_tag","embeddable":true,"href":"https:\/\/zoo-land.az\/az\/wp-json\/wp\/v2\/product_tag?post=22283"}],"curies":[{"name":"wp","href":"https:\/\/api.w.org\/{rel}","templated":true}]}}