{"id":22333,"date":"2024-06-01T10:19:07","date_gmt":"2024-06-01T10:19:07","guid":{"rendered":"https:\/\/lightsteelblue-zebra-299715.hostingersite.com\/?post_type=product&#038;p=22333"},"modified":"2024-06-01T10:19:07","modified_gmt":"2024-06-01T10:19:07","slug":"gourmet-perle-tender-fillets-with-rabbit-in-sauce-75-g","status":"publish","type":"product","link":"https:\/\/zoo-land.az\/az\/shop\/cat\/cat-wetfoods\/gourmet-perle-tender-fillets-with-rabbit-in-sauce-75-g\/","title":{"rendered":"Gourmet Perle Sousda Dov\u015fanl\u0131 Tender Fileto 75 q"},"content":{"rendered":"<p>Adult Gourmet Perle Tender Fillets is a delicious full meal for adult pets, featuring delicately prepared tender pieces in an appetizing sauce. This cat food from Gourmet is complete and balanced, providing all the necessary micronutrients for your pet&#8217;s health. The moist food with its rich flavor palette will satisfy even the most discerning gourmands. The combination of proteins and carbohydrates provides energy.<\/p>\n<p>Packaging: Pouch<\/p>\n<p>Product Composition: Meat and meat derivatives (including rabbit), vegetable protein extracts, fish and fish derivatives, amino acids, minerals, sugars, thickeners, vitamins<\/p>\n<p>Nutritional Value: Energy value: Moisture &#8211; 80%, Protein &#8211; 13%, Fat &#8211; 2.5%, Crude ash &#8211; 2%, Crude fiber &#8211; 0.05%.<\/p>","protected":false},"excerpt":{"rendered":"<p>Adult Gourmet Perle Tender Fillets is a delicious full meal for adult pets, featuring delicately prepared tender pieces in an appetizing sauce. This cat food from Gourmet is complete and balanced, providing all the necessary micronutrients for your pet&#8217;s health. The moist food with its rich flavor palette will satisfy even the most discerning gourmands. The combination of proteins and carbohydrates provides energy.<\/p>","protected":false},"featured_media":22334,"template":"","meta":{"inline_featured_image":false,"_joinchat":[]},"product_cat":[188,190],"product_tag":[],"class_list":{"0":"post-22333","1":"product","2":"type-product","3":"status-publish","4":"has-post-thumbnail","6":"product_brand-gourmet","7":"product_cat-cat","8":"product_cat-cat-wetfoods","10":"first","11":"instock","12":"shipping-taxable","13":"purchasable","14":"product-type-simple"},"yoast_head":"<!-- This site is optimized with the Yoast SEO plugin v27.4 - https:\/\/yoast.com\/product\/yoast-seo-wordpress\/ -->\n<title>Gourmet Perle Tender Fillets with Rabbit in Sauce 75 g - Zooland.az<\/title>\n<meta name=\"robots\" content=\"index, follow, max-snippet:-1, max-image-preview:large, max-video-preview:-1\" \/>\n<link rel=\"canonical\" href=\"https:\/\/zoo-land.az\/az\/shop\/cat\/cat-wetfoods\/gourmet-perle-tender-fillets-with-rabbit-in-sauce-75-g\/\" \/>\n<meta property=\"og:locale\" content=\"az_AZ\" \/>\n<meta property=\"og:type\" content=\"article\" \/>\n<meta property=\"og:title\" content=\"Gourmet Perle Tender Fillets with Rabbit in Sauce 75 g - Zooland.az\" \/>\n<meta property=\"og:description\" content=\"Adult Gourmet Perle Tender Fillets is a delicious full meal for adult pets, featuring delicately prepared tender pieces in an appetizing sauce. This cat food from Gourmet is complete and balanced, providing all the necessary micronutrients for your pet&#039;s health. The moist food with its rich flavor palette will satisfy even the most discerning gourmands. The combination of proteins and carbohydrates provides energy.\" \/>\n<meta property=\"og:url\" content=\"https:\/\/zoo-land.az\/az\/shop\/cat\/cat-wetfoods\/gourmet-perle-tender-fillets-with-rabbit-in-sauce-75-g\/\" \/>\n<meta property=\"og:site_name\" content=\"Zooland.az\" \/>\n<meta property=\"og:image\" content=\"https:\/\/zoo-land.az\/wp-content\/uploads\/2024\/06\/378763-800x800-1.jpg\" \/>\n\t<meta property=\"og:image:width\" content=\"800\" \/>\n\t<meta property=\"og:image:height\" content=\"800\" \/>\n\t<meta property=\"og:image:type\" content=\"image\/jpeg\" \/>\n<meta name=\"twitter:card\" content=\"summary_large_image\" \/>\n<meta name=\"twitter:label1\" content=\"Est. reading time\" \/>\n\t<meta name=\"twitter:data1\" content=\"1 minute\" \/>\n<script type=\"application\/ld+json\" class=\"yoast-schema-graph\">{\"@context\":\"https:\\\/\\\/schema.org\",\"@graph\":[{\"@type\":\"WebPage\",\"@id\":\"https:\\\/\\\/zoo-land.az\\\/ru\\\/shop\\\/cat\\\/cat-wetfoods\\\/gourmet-perle-tender-fillets-with-rabbit-in-sauce-75-g\\\/\",\"url\":\"https:\\\/\\\/zoo-land.az\\\/ru\\\/shop\\\/cat\\\/cat-wetfoods\\\/gourmet-perle-tender-fillets-with-rabbit-in-sauce-75-g\\\/\",\"name\":\"Gourmet Perle Tender Fillets with Rabbit in Sauce 75 g - Zooland.az\",\"isPartOf\":{\"@id\":\"https:\\\/\\\/zoo-land.az\\\/#website\"},\"primaryImageOfPage\":{\"@id\":\"https:\\\/\\\/zoo-land.az\\\/ru\\\/shop\\\/cat\\\/cat-wetfoods\\\/gourmet-perle-tender-fillets-with-rabbit-in-sauce-75-g\\\/#primaryimage\"},\"image\":{\"@id\":\"https:\\\/\\\/zoo-land.az\\\/ru\\\/shop\\\/cat\\\/cat-wetfoods\\\/gourmet-perle-tender-fillets-with-rabbit-in-sauce-75-g\\\/#primaryimage\"},\"thumbnailUrl\":\"https:\\\/\\\/zoo-land.az\\\/wp-content\\\/uploads\\\/2024\\\/06\\\/378763-800x800-1.jpg\",\"datePublished\":\"2024-06-01T10:19:07+00:00\",\"breadcrumb\":{\"@id\":\"https:\\\/\\\/zoo-land.az\\\/ru\\\/shop\\\/cat\\\/cat-wetfoods\\\/gourmet-perle-tender-fillets-with-rabbit-in-sauce-75-g\\\/#breadcrumb\"},\"inLanguage\":\"az\",\"potentialAction\":[{\"@type\":\"ReadAction\",\"target\":[\"https:\\\/\\\/zoo-land.az\\\/ru\\\/shop\\\/cat\\\/cat-wetfoods\\\/gourmet-perle-tender-fillets-with-rabbit-in-sauce-75-g\\\/\"]}]},{\"@type\":\"ImageObject\",\"inLanguage\":\"az\",\"@id\":\"https:\\\/\\\/zoo-land.az\\\/ru\\\/shop\\\/cat\\\/cat-wetfoods\\\/gourmet-perle-tender-fillets-with-rabbit-in-sauce-75-g\\\/#primaryimage\",\"url\":\"https:\\\/\\\/zoo-land.az\\\/wp-content\\\/uploads\\\/2024\\\/06\\\/378763-800x800-1.jpg\",\"contentUrl\":\"https:\\\/\\\/zoo-land.az\\\/wp-content\\\/uploads\\\/2024\\\/06\\\/378763-800x800-1.jpg\",\"width\":800,\"height\":800},{\"@type\":\"BreadcrumbList\",\"@id\":\"https:\\\/\\\/zoo-land.az\\\/ru\\\/shop\\\/cat\\\/cat-wetfoods\\\/gourmet-perle-tender-fillets-with-rabbit-in-sauce-75-g\\\/#breadcrumb\",\"itemListElement\":[{\"@type\":\"ListItem\",\"position\":1,\"name\":\"Home\",\"item\":\"https:\\\/\\\/zoo-land.az\\\/ru\\\/\"},{\"@type\":\"ListItem\",\"position\":2,\"name\":\"Shop\",\"item\":\"https:\\\/\\\/zoo-land.az\\\/ru\\\/\"},{\"@type\":\"ListItem\",\"position\":3,\"name\":\"Gourmet Perle Tender Fillets with Rabbit in Sauce 75 g\"}]},{\"@type\":\"WebSite\",\"@id\":\"https:\\\/\\\/zoo-land.az\\\/#website\",\"url\":\"https:\\\/\\\/zoo-land.az\\\/\",\"name\":\"Zooland.az\",\"description\":\"Xo\u015fb\u0259xt ev heyvanlar\u0131n\u0131n \u00fcnvan\u0131 Zooland.az\",\"publisher\":{\"@id\":\"https:\\\/\\\/zoo-land.az\\\/#organization\"},\"potentialAction\":[{\"@type\":\"SearchAction\",\"target\":{\"@type\":\"EntryPoint\",\"urlTemplate\":\"https:\\\/\\\/zoo-land.az\\\/?s={search_term_string}\"},\"query-input\":{\"@type\":\"PropertyValueSpecification\",\"valueRequired\":true,\"valueName\":\"search_term_string\"}}],\"inLanguage\":\"az\"},{\"@type\":\"Organization\",\"@id\":\"https:\\\/\\\/zoo-land.az\\\/#organization\",\"name\":\"Zooland.az\",\"url\":\"https:\\\/\\\/zoo-land.az\\\/\",\"logo\":{\"@type\":\"ImageObject\",\"inLanguage\":\"az\",\"@id\":\"https:\\\/\\\/zoo-land.az\\\/#\\\/schema\\\/logo\\\/image\\\/\",\"url\":\"https:\\\/\\\/zoo-land.az\\\/wp-content\\\/uploads\\\/2022\\\/05\\\/logo.svg\",\"contentUrl\":\"https:\\\/\\\/zoo-land.az\\\/wp-content\\\/uploads\\\/2022\\\/05\\\/logo.svg\",\"width\":113,\"height\":46,\"caption\":\"Zooland.az\"},\"image\":{\"@id\":\"https:\\\/\\\/zoo-land.az\\\/#\\\/schema\\\/logo\\\/image\\\/\"}}]}<\/script>\n<!-- \/ Yoast SEO plugin. -->","yoast_head_json":{"title":"Gourmet Perle Tender Fillets with Rabbit in Sauce 75 g - Zooland.az","robots":{"index":"index","follow":"follow","max-snippet":"max-snippet:-1","max-image-preview":"max-image-preview:large","max-video-preview":"max-video-preview:-1"},"canonical":"https:\/\/zoo-land.az\/az\/shop\/cat\/cat-wetfoods\/gourmet-perle-tender-fillets-with-rabbit-in-sauce-75-g\/","og_locale":"az_AZ","og_type":"article","og_title":"Gourmet Perle Tender Fillets with Rabbit in Sauce 75 g - Zooland.az","og_description":"Adult Gourmet Perle Tender Fillets is a delicious full meal for adult pets, featuring delicately prepared tender pieces in an appetizing sauce. This cat food from Gourmet is complete and balanced, providing all the necessary micronutrients for your pet's health. The moist food with its rich flavor palette will satisfy even the most discerning gourmands. The combination of proteins and carbohydrates provides energy.","og_url":"https:\/\/zoo-land.az\/az\/shop\/cat\/cat-wetfoods\/gourmet-perle-tender-fillets-with-rabbit-in-sauce-75-g\/","og_site_name":"Zooland.az","og_image":[{"width":800,"height":800,"url":"https:\/\/zoo-land.az\/wp-content\/uploads\/2024\/06\/378763-800x800-1.jpg","type":"image\/jpeg"}],"twitter_card":"summary_large_image","twitter_misc":{"Est. reading time":"1 minute"},"schema":{"@context":"https:\/\/schema.org","@graph":[{"@type":"WebPage","@id":"https:\/\/zoo-land.az\/ru\/shop\/cat\/cat-wetfoods\/gourmet-perle-tender-fillets-with-rabbit-in-sauce-75-g\/","url":"https:\/\/zoo-land.az\/ru\/shop\/cat\/cat-wetfoods\/gourmet-perle-tender-fillets-with-rabbit-in-sauce-75-g\/","name":"Gourmet Perle Tender Fillets with Rabbit in Sauce 75 g - Zooland.az","isPartOf":{"@id":"https:\/\/zoo-land.az\/#website"},"primaryImageOfPage":{"@id":"https:\/\/zoo-land.az\/ru\/shop\/cat\/cat-wetfoods\/gourmet-perle-tender-fillets-with-rabbit-in-sauce-75-g\/#primaryimage"},"image":{"@id":"https:\/\/zoo-land.az\/ru\/shop\/cat\/cat-wetfoods\/gourmet-perle-tender-fillets-with-rabbit-in-sauce-75-g\/#primaryimage"},"thumbnailUrl":"https:\/\/zoo-land.az\/wp-content\/uploads\/2024\/06\/378763-800x800-1.jpg","datePublished":"2024-06-01T10:19:07+00:00","breadcrumb":{"@id":"https:\/\/zoo-land.az\/ru\/shop\/cat\/cat-wetfoods\/gourmet-perle-tender-fillets-with-rabbit-in-sauce-75-g\/#breadcrumb"},"inLanguage":"az","potentialAction":[{"@type":"ReadAction","target":["https:\/\/zoo-land.az\/ru\/shop\/cat\/cat-wetfoods\/gourmet-perle-tender-fillets-with-rabbit-in-sauce-75-g\/"]}]},{"@type":"ImageObject","inLanguage":"az","@id":"https:\/\/zoo-land.az\/ru\/shop\/cat\/cat-wetfoods\/gourmet-perle-tender-fillets-with-rabbit-in-sauce-75-g\/#primaryimage","url":"https:\/\/zoo-land.az\/wp-content\/uploads\/2024\/06\/378763-800x800-1.jpg","contentUrl":"https:\/\/zoo-land.az\/wp-content\/uploads\/2024\/06\/378763-800x800-1.jpg","width":800,"height":800},{"@type":"BreadcrumbList","@id":"https:\/\/zoo-land.az\/ru\/shop\/cat\/cat-wetfoods\/gourmet-perle-tender-fillets-with-rabbit-in-sauce-75-g\/#breadcrumb","itemListElement":[{"@type":"ListItem","position":1,"name":"Home","item":"https:\/\/zoo-land.az\/ru\/"},{"@type":"ListItem","position":2,"name":"Shop","item":"https:\/\/zoo-land.az\/ru\/"},{"@type":"ListItem","position":3,"name":"Gourmet Perle Tender Fillets with Rabbit in Sauce 75 g"}]},{"@type":"WebSite","@id":"https:\/\/zoo-land.az\/#website","url":"https:\/\/zoo-land.az\/","name":"Zooland.az","description":"Xo\u015fb\u0259xt ev heyvanlar\u0131n\u0131n \u00fcnvan\u0131 Zooland.az","publisher":{"@id":"https:\/\/zoo-land.az\/#organization"},"potentialAction":[{"@type":"SearchAction","target":{"@type":"EntryPoint","urlTemplate":"https:\/\/zoo-land.az\/?s={search_term_string}"},"query-input":{"@type":"PropertyValueSpecification","valueRequired":true,"valueName":"search_term_string"}}],"inLanguage":"az"},{"@type":"Organization","@id":"https:\/\/zoo-land.az\/#organization","name":"Zooland.az","url":"https:\/\/zoo-land.az\/","logo":{"@type":"ImageObject","inLanguage":"az","@id":"https:\/\/zoo-land.az\/#\/schema\/logo\/image\/","url":"https:\/\/zoo-land.az\/wp-content\/uploads\/2022\/05\/logo.svg","contentUrl":"https:\/\/zoo-land.az\/wp-content\/uploads\/2022\/05\/logo.svg","width":113,"height":46,"caption":"Zooland.az"},"image":{"@id":"https:\/\/zoo-land.az\/#\/schema\/logo\/image\/"}}]}},"_links":{"self":[{"href":"https:\/\/zoo-land.az\/az\/wp-json\/wp\/v2\/product\/22333","targetHints":{"allow":["GET"]}}],"collection":[{"href":"https:\/\/zoo-land.az\/az\/wp-json\/wp\/v2\/product"}],"about":[{"href":"https:\/\/zoo-land.az\/az\/wp-json\/wp\/v2\/types\/product"}],"wp:featuredmedia":[{"embeddable":true,"href":"https:\/\/zoo-land.az\/az\/wp-json\/wp\/v2\/media\/22334"}],"wp:attachment":[{"href":"https:\/\/zoo-land.az\/az\/wp-json\/wp\/v2\/media?parent=22333"}],"wp:term":[{"taxonomy":"product_cat","embeddable":true,"href":"https:\/\/zoo-land.az\/az\/wp-json\/wp\/v2\/product_cat?post=22333"},{"taxonomy":"product_tag","embeddable":true,"href":"https:\/\/zoo-land.az\/az\/wp-json\/wp\/v2\/product_tag?post=22333"}],"curies":[{"name":"wp","href":"https:\/\/api.w.org\/{rel}","templated":true}]}}