{"id":22343,"date":"2024-06-01T11:58:55","date_gmt":"2024-06-01T11:58:55","guid":{"rendered":"https:\/\/lightsteelblue-zebra-299715.hostingersite.com\/?post_type=product&#038;p=22343"},"modified":"2026-03-13T14:44:50","modified_gmt":"2026-03-13T10:44:50","slug":"darling-dry-food-for-adult-cats-15-kg","status":"publish","type":"product","link":"https:\/\/zoo-land.az\/az\/shop\/cat\/cat-foods\/darling-dry-food-for-adult-cats-15-kg\/","title":{"rendered":"Darling B\u00f6y\u00fck Pi\u015fikl\u0259r \u00fc\u00e7\u00fcn Quru Yem 15 kq"},"content":{"rendered":"<p>Darling cat food is a balanced diet that provides 100% of what your cat needs every day. Made with love from high-quality ingredients, it contains the vitamins and minerals your cat needs to be healthy, active, and bring joy to your family. No colorants or artificial flavorings and preservatives are added. For cats, variety in their diet is important, so we recommend combining dry and wet Darling food in their daily feeding routine.<\/p>\n<p><strong>T\u0259rkibi:<\/strong> Cereals, products of vegetable origin, meat and meat by-products, animal fats, minerals, preservatives, yeast, vitamins, vegetables (dried peas), amino acids, antioxidants.<\/p>\n<p><strong>Guaranteed Analysis:<\/strong><\/p>\n<ul>\n<li>Protein: 26.5%<\/li>\n<li>Fat content: 9.0%<\/li>\n<li>Crude ash: 7.5%<\/li>\n<li>Crude fiber: 3.0%<\/li>\n<li>Omega-6 fatty acids: 1.8%<\/li>\n<\/ul>\n<p><strong>Added Substances (mg\/kg):<\/strong><\/p>\n<ul>\n<li>Iron: 45<\/li>\n<li>Iodine: 1.5<\/li>\n<li>Copper: 8.5<\/li>\n<li>Manganese: 4.9<\/li>\n<li>Zinc: 64<\/li>\n<li>Selenium: 0.10<\/li>\n<li>Taurine: 840<\/li>\n<\/ul>\n<p><strong>Vitamins (IU\/kg):<\/strong><\/p>\n<ul>\n<li>Vitamin A: 12,000<\/li>\n<li>Vitamin D3: 1,000<\/li>\n<\/ul>\n<p><strong>Qidalanma t\u00f6vsiy\u0259l\u0259ri:<\/strong> This daily amount is calculated for moderately active adult cats living in normal environmental temperatures. Individual needs of cats may vary, and the daily amount of food should be adjusted as needed to maintain optimal weight. Ensure that your cat always has fresh, clean drinking water.<\/p>\n<p><strong>Storage Conditions:<\/strong> Best before, production date, factory registration number, and batch number: see on the packaging. Store in a cool, dry place.<\/p>","protected":false},"excerpt":{"rendered":"<p>Darling cat food is a balanced diet that provides 100% of what your cat needs every day. Made with love from high-quality ingredients, it contains the vitamins and minerals your cat needs to be healthy, active, and bring joy to your family. No colorants or artificial flavorings and preservatives are added. For cats, variety in their diet is important, so we recommend combining dry and wet Darling food in their daily feeding routine.<\/p>","protected":false},"featured_media":22344,"template":"","meta":{"inline_featured_image":false,"_joinchat":[]},"product_cat":[189,188],"product_tag":[],"class_list":{"0":"post-22343","1":"product","2":"type-product","3":"status-publish","4":"has-post-thumbnail","6":"product_brand-darling","7":"product_cat-cat-foods","8":"product_cat-cat","10":"first","11":"outofstock","12":"shipping-taxable","13":"purchasable","14":"product-type-simple"},"yoast_head":"<!-- This site is optimized with the Yoast SEO plugin v27.4 - https:\/\/yoast.com\/product\/yoast-seo-wordpress\/ -->\n<title>Darling Dry Food for Adult Cats 15 kg - Zooland.az<\/title>\n<meta name=\"robots\" content=\"index, follow, max-snippet:-1, max-image-preview:large, max-video-preview:-1\" \/>\n<link rel=\"canonical\" href=\"https:\/\/zoo-land.az\/az\/shop\/cat\/cat-foods\/darling-dry-food-for-adult-cats-15-kg\/\" \/>\n<meta property=\"og:locale\" content=\"az_AZ\" \/>\n<meta property=\"og:type\" content=\"article\" \/>\n<meta property=\"og:title\" content=\"Darling Dry Food for Adult Cats 15 kg - Zooland.az\" \/>\n<meta property=\"og:description\" content=\"Darling cat food is a balanced diet that provides 100% of what your cat needs every day. Made with love from high-quality ingredients, it contains the vitamins and minerals your cat needs to be healthy, active, and bring joy to your family. No colorants or artificial flavorings and preservatives are added. For cats, variety in their diet is important, so we recommend combining dry and wet Darling food in their daily feeding routine.\" \/>\n<meta property=\"og:url\" content=\"https:\/\/zoo-land.az\/az\/shop\/cat\/cat-foods\/darling-dry-food-for-adult-cats-15-kg\/\" \/>\n<meta property=\"og:site_name\" content=\"Zooland.az\" \/>\n<meta property=\"article:modified_time\" content=\"2026-03-13T10:44:50+00:00\" \/>\n<meta property=\"og:image\" content=\"http:\/\/zoo-land.az\/wp-content\/uploads\/2024\/06\/6777913429.webp\" \/>\n\t<meta property=\"og:image:width\" content=\"585\" \/>\n\t<meta property=\"og:image:height\" content=\"1000\" \/>\n\t<meta property=\"og:image:type\" content=\"image\/webp\" \/>\n<meta name=\"twitter:card\" content=\"summary_large_image\" \/>\n<meta name=\"twitter:label1\" content=\"Est. reading time\" \/>\n\t<meta name=\"twitter:data1\" content=\"1 minute\" \/>\n<script type=\"application\/ld+json\" class=\"yoast-schema-graph\">{\"@context\":\"https:\\\/\\\/schema.org\",\"@graph\":[{\"@type\":\"WebPage\",\"@id\":\"https:\\\/\\\/zoo-land.az\\\/shop\\\/cat\\\/cat-foods\\\/darling-dry-food-for-adult-cats-15-kg\\\/\",\"url\":\"https:\\\/\\\/zoo-land.az\\\/shop\\\/cat\\\/cat-foods\\\/darling-dry-food-for-adult-cats-15-kg\\\/\",\"name\":\"Darling Dry Food for Adult Cats 15 kg - Zooland.az\",\"isPartOf\":{\"@id\":\"https:\\\/\\\/zoo-land.az\\\/#website\"},\"primaryImageOfPage\":{\"@id\":\"https:\\\/\\\/zoo-land.az\\\/shop\\\/cat\\\/cat-foods\\\/darling-dry-food-for-adult-cats-15-kg\\\/#primaryimage\"},\"image\":{\"@id\":\"https:\\\/\\\/zoo-land.az\\\/shop\\\/cat\\\/cat-foods\\\/darling-dry-food-for-adult-cats-15-kg\\\/#primaryimage\"},\"thumbnailUrl\":\"https:\\\/\\\/zoo-land.az\\\/wp-content\\\/uploads\\\/2024\\\/06\\\/6777913429.webp\",\"datePublished\":\"2024-06-01T11:58:55+00:00\",\"dateModified\":\"2026-03-13T10:44:50+00:00\",\"breadcrumb\":{\"@id\":\"https:\\\/\\\/zoo-land.az\\\/shop\\\/cat\\\/cat-foods\\\/darling-dry-food-for-adult-cats-15-kg\\\/#breadcrumb\"},\"inLanguage\":\"az\",\"potentialAction\":[{\"@type\":\"ReadAction\",\"target\":[\"https:\\\/\\\/zoo-land.az\\\/shop\\\/cat\\\/cat-foods\\\/darling-dry-food-for-adult-cats-15-kg\\\/\"]}]},{\"@type\":\"ImageObject\",\"inLanguage\":\"az\",\"@id\":\"https:\\\/\\\/zoo-land.az\\\/shop\\\/cat\\\/cat-foods\\\/darling-dry-food-for-adult-cats-15-kg\\\/#primaryimage\",\"url\":\"https:\\\/\\\/zoo-land.az\\\/wp-content\\\/uploads\\\/2024\\\/06\\\/6777913429.webp\",\"contentUrl\":\"https:\\\/\\\/zoo-land.az\\\/wp-content\\\/uploads\\\/2024\\\/06\\\/6777913429.webp\",\"width\":585,\"height\":1000},{\"@type\":\"BreadcrumbList\",\"@id\":\"https:\\\/\\\/zoo-land.az\\\/shop\\\/cat\\\/cat-foods\\\/darling-dry-food-for-adult-cats-15-kg\\\/#breadcrumb\",\"itemListElement\":[{\"@type\":\"ListItem\",\"position\":1,\"name\":\"Home\",\"item\":\"https:\\\/\\\/zoo-land.az\\\/ru\\\/\"},{\"@type\":\"ListItem\",\"position\":2,\"name\":\"Shop\",\"item\":\"https:\\\/\\\/zoo-land.az\\\/ru\\\/\"},{\"@type\":\"ListItem\",\"position\":3,\"name\":\"Darling Dry Food for Adult Cats 15 kg\"}]},{\"@type\":\"WebSite\",\"@id\":\"https:\\\/\\\/zoo-land.az\\\/#website\",\"url\":\"https:\\\/\\\/zoo-land.az\\\/\",\"name\":\"Zooland.az\",\"description\":\"Xo\u015fb\u0259xt ev heyvanlar\u0131n\u0131n \u00fcnvan\u0131 Zooland.az\",\"publisher\":{\"@id\":\"https:\\\/\\\/zoo-land.az\\\/#organization\"},\"potentialAction\":[{\"@type\":\"SearchAction\",\"target\":{\"@type\":\"EntryPoint\",\"urlTemplate\":\"https:\\\/\\\/zoo-land.az\\\/?s={search_term_string}\"},\"query-input\":{\"@type\":\"PropertyValueSpecification\",\"valueRequired\":true,\"valueName\":\"search_term_string\"}}],\"inLanguage\":\"az\"},{\"@type\":\"Organization\",\"@id\":\"https:\\\/\\\/zoo-land.az\\\/#organization\",\"name\":\"Zooland.az\",\"url\":\"https:\\\/\\\/zoo-land.az\\\/\",\"logo\":{\"@type\":\"ImageObject\",\"inLanguage\":\"az\",\"@id\":\"https:\\\/\\\/zoo-land.az\\\/#\\\/schema\\\/logo\\\/image\\\/\",\"url\":\"https:\\\/\\\/zoo-land.az\\\/wp-content\\\/uploads\\\/2022\\\/05\\\/logo.svg\",\"contentUrl\":\"https:\\\/\\\/zoo-land.az\\\/wp-content\\\/uploads\\\/2022\\\/05\\\/logo.svg\",\"width\":113,\"height\":46,\"caption\":\"Zooland.az\"},\"image\":{\"@id\":\"https:\\\/\\\/zoo-land.az\\\/#\\\/schema\\\/logo\\\/image\\\/\"}}]}<\/script>\n<!-- \/ Yoast SEO plugin. -->","yoast_head_json":{"title":"Darling Dry Food for Adult Cats 15 kg - Zooland.az","robots":{"index":"index","follow":"follow","max-snippet":"max-snippet:-1","max-image-preview":"max-image-preview:large","max-video-preview":"max-video-preview:-1"},"canonical":"https:\/\/zoo-land.az\/az\/shop\/cat\/cat-foods\/darling-dry-food-for-adult-cats-15-kg\/","og_locale":"az_AZ","og_type":"article","og_title":"Darling Dry Food for Adult Cats 15 kg - Zooland.az","og_description":"Darling cat food is a balanced diet that provides 100% of what your cat needs every day. Made with love from high-quality ingredients, it contains the vitamins and minerals your cat needs to be healthy, active, and bring joy to your family. No colorants or artificial flavorings and preservatives are added. For cats, variety in their diet is important, so we recommend combining dry and wet Darling food in their daily feeding routine.","og_url":"https:\/\/zoo-land.az\/az\/shop\/cat\/cat-foods\/darling-dry-food-for-adult-cats-15-kg\/","og_site_name":"Zooland.az","article_modified_time":"2026-03-13T10:44:50+00:00","og_image":[{"width":585,"height":1000,"url":"http:\/\/zoo-land.az\/wp-content\/uploads\/2024\/06\/6777913429.webp","type":"image\/webp"}],"twitter_card":"summary_large_image","twitter_misc":{"Est. reading time":"1 minute"},"schema":{"@context":"https:\/\/schema.org","@graph":[{"@type":"WebPage","@id":"https:\/\/zoo-land.az\/shop\/cat\/cat-foods\/darling-dry-food-for-adult-cats-15-kg\/","url":"https:\/\/zoo-land.az\/shop\/cat\/cat-foods\/darling-dry-food-for-adult-cats-15-kg\/","name":"Darling Dry Food for Adult Cats 15 kg - Zooland.az","isPartOf":{"@id":"https:\/\/zoo-land.az\/#website"},"primaryImageOfPage":{"@id":"https:\/\/zoo-land.az\/shop\/cat\/cat-foods\/darling-dry-food-for-adult-cats-15-kg\/#primaryimage"},"image":{"@id":"https:\/\/zoo-land.az\/shop\/cat\/cat-foods\/darling-dry-food-for-adult-cats-15-kg\/#primaryimage"},"thumbnailUrl":"https:\/\/zoo-land.az\/wp-content\/uploads\/2024\/06\/6777913429.webp","datePublished":"2024-06-01T11:58:55+00:00","dateModified":"2026-03-13T10:44:50+00:00","breadcrumb":{"@id":"https:\/\/zoo-land.az\/shop\/cat\/cat-foods\/darling-dry-food-for-adult-cats-15-kg\/#breadcrumb"},"inLanguage":"az","potentialAction":[{"@type":"ReadAction","target":["https:\/\/zoo-land.az\/shop\/cat\/cat-foods\/darling-dry-food-for-adult-cats-15-kg\/"]}]},{"@type":"ImageObject","inLanguage":"az","@id":"https:\/\/zoo-land.az\/shop\/cat\/cat-foods\/darling-dry-food-for-adult-cats-15-kg\/#primaryimage","url":"https:\/\/zoo-land.az\/wp-content\/uploads\/2024\/06\/6777913429.webp","contentUrl":"https:\/\/zoo-land.az\/wp-content\/uploads\/2024\/06\/6777913429.webp","width":585,"height":1000},{"@type":"BreadcrumbList","@id":"https:\/\/zoo-land.az\/shop\/cat\/cat-foods\/darling-dry-food-for-adult-cats-15-kg\/#breadcrumb","itemListElement":[{"@type":"ListItem","position":1,"name":"Home","item":"https:\/\/zoo-land.az\/ru\/"},{"@type":"ListItem","position":2,"name":"Shop","item":"https:\/\/zoo-land.az\/ru\/"},{"@type":"ListItem","position":3,"name":"Darling Dry Food for Adult Cats 15 kg"}]},{"@type":"WebSite","@id":"https:\/\/zoo-land.az\/#website","url":"https:\/\/zoo-land.az\/","name":"Zooland.az","description":"Xo\u015fb\u0259xt ev heyvanlar\u0131n\u0131n \u00fcnvan\u0131 Zooland.az","publisher":{"@id":"https:\/\/zoo-land.az\/#organization"},"potentialAction":[{"@type":"SearchAction","target":{"@type":"EntryPoint","urlTemplate":"https:\/\/zoo-land.az\/?s={search_term_string}"},"query-input":{"@type":"PropertyValueSpecification","valueRequired":true,"valueName":"search_term_string"}}],"inLanguage":"az"},{"@type":"Organization","@id":"https:\/\/zoo-land.az\/#organization","name":"Zooland.az","url":"https:\/\/zoo-land.az\/","logo":{"@type":"ImageObject","inLanguage":"az","@id":"https:\/\/zoo-land.az\/#\/schema\/logo\/image\/","url":"https:\/\/zoo-land.az\/wp-content\/uploads\/2022\/05\/logo.svg","contentUrl":"https:\/\/zoo-land.az\/wp-content\/uploads\/2022\/05\/logo.svg","width":113,"height":46,"caption":"Zooland.az"},"image":{"@id":"https:\/\/zoo-land.az\/#\/schema\/logo\/image\/"}}]}},"_links":{"self":[{"href":"https:\/\/zoo-land.az\/az\/wp-json\/wp\/v2\/product\/22343","targetHints":{"allow":["GET"]}}],"collection":[{"href":"https:\/\/zoo-land.az\/az\/wp-json\/wp\/v2\/product"}],"about":[{"href":"https:\/\/zoo-land.az\/az\/wp-json\/wp\/v2\/types\/product"}],"wp:featuredmedia":[{"embeddable":true,"href":"https:\/\/zoo-land.az\/az\/wp-json\/wp\/v2\/media\/22344"}],"wp:attachment":[{"href":"https:\/\/zoo-land.az\/az\/wp-json\/wp\/v2\/media?parent=22343"}],"wp:term":[{"taxonomy":"product_cat","embeddable":true,"href":"https:\/\/zoo-land.az\/az\/wp-json\/wp\/v2\/product_cat?post=22343"},{"taxonomy":"product_tag","embeddable":true,"href":"https:\/\/zoo-land.az\/az\/wp-json\/wp\/v2\/product_tag?post=22343"}],"curies":[{"name":"wp","href":"https:\/\/api.w.org\/{rel}","templated":true}]}}