{"id":22349,"date":"2024-06-01T12:13:36","date_gmt":"2024-06-01T12:13:36","guid":{"rendered":"https:\/\/lightsteelblue-zebra-299715.hostingersite.com\/?post_type=product&#038;p=22349"},"modified":"2024-06-01T12:13:36","modified_gmt":"2024-06-01T12:13:36","slug":"pedigree-adult-dry-food-for-adult-dogs-with-beef-and-poultry-500-g","status":"publish","type":"product","link":"https:\/\/zoo-land.az\/az\/shop\/dog\/dog-food\/pedigree-adult-dry-food-for-adult-dogs-with-beef-and-poultry-500-g\/","title":{"rendered":"Pedigree Adult Dry Food for Adult Dogs with Beef and Poultry 500 g"},"content":{"rendered":"<p><strong>Pedigree Adult Dog Food with Beef and Poultry<\/strong> is a 100% complete and balanced dry food for adult dogs (from 1 year) of medium breeds, weighing 10-25 kg, for lifelong feeding. Pedigree Vital Protection helps your dog stay healthy and full of vitality. It contains no artificial preservatives, flavors, or taste enhancers.<\/p>\n<p><strong>Features the &#8220;4 Signs of Health&#8221; formula:<\/strong><\/p>\n<ul>\n<li><strong>Oral Care<\/strong>: Special kibble and active ingredients help clean teeth and maintain gum health, preventing tartar build-up.<\/li>\n<li><strong>Digestion<\/strong>: A natural blend of soluble and insoluble fiber ensures healthy digestion and optimal nutrient absorption.<\/li>\n<li><strong>Skin and Coat<\/strong>: Sunflower oil (Omega-6) and zinc provide excellent nutrition for skin and coat.<\/li>\n<li><strong>Immunity<\/strong>: Contains vitamin E and minerals to protect against infections and strengthen the immune system.<\/li>\n<\/ul>\n<p><strong>T\u0259rkibi:<\/strong> Cereals, meat and animal by-products (including 4% beef, 4% poultry), oils and fats (including 0.2% sunflower oil, 0.25% fish oil), vegetable by-products (including 2% dried beet pulp), minerals.<\/p>\n<p><strong>Nutritional value per 100g:<\/strong><\/p>\n<ul>\n<li>Proteins \u2013 21g<\/li>\n<li>Fats \u2013 13g<\/li>\n<li>Ash \u2013 8g<\/li>\n<li>Fiber \u2013 2g<\/li>\n<li>Omega-6 fatty acids \u2013 2.6g<\/li>\n<li>Omega-3 fatty acids \u2013 0.2g<\/li>\n<li>Energy value per 100g: 372 kcal<\/li>\n<\/ul>\n<p><strong>Characteristics:<\/strong><\/p>\n<ul>\n<li><strong>Type:<\/strong> Dry food<\/li>\n<li><strong>Age:<\/strong> Young<\/li>\n<li><strong>Breed:<\/strong> Medium<\/li>\n<li><strong>Class:<\/strong> Premium<\/li>\n<li><strong>Properties:<\/strong> Main nutrition<\/li>\n<li><strong>Main ingredients:<\/strong> Beef, Poultry<\/li>\n<\/ul>","protected":false},"excerpt":{"rendered":"<p><strong>Pedigree Adult Dog Food with Beef and Poultry<\/strong> is a 100% complete and balanced dry food for adult dogs (from 1 year) of medium breeds, weighing 10-25 kg, for lifelong feeding. Pedigree Vital Protection helps your dog stay healthy and full of vitality. It contains no artificial preservatives, flavors, or taste enhancers.<\/p>","protected":false},"featured_media":22350,"template":"","meta":{"inline_featured_image":false,"_joinchat":[]},"product_cat":[132,107],"product_tag":[],"class_list":{"0":"post-22349","1":"product","2":"type-product","3":"status-publish","4":"has-post-thumbnail","6":"product_brand-pedigree","7":"product_cat-dog-food","8":"product_cat-dog","10":"first","11":"instock","12":"shipping-taxable","13":"purchasable","14":"product-type-simple"},"yoast_head":"<!-- This site is optimized with the Yoast SEO plugin v26.7 - https:\/\/yoast.com\/wordpress\/plugins\/seo\/ -->\n<title>Pedigree Adult Dry Food for Adult Dogs with Beef and Poultry 500 g - Zooland.az<\/title>\n<meta name=\"robots\" content=\"index, follow, max-snippet:-1, max-image-preview:large, max-video-preview:-1\" \/>\n<link rel=\"canonical\" href=\"https:\/\/zoo-land.az\/az\/shop\/dog\/dog-food\/pedigree-adult-dry-food-for-adult-dogs-with-beef-and-poultry-500-g\/\" \/>\n<meta property=\"og:locale\" content=\"az_AZ\" \/>\n<meta property=\"og:type\" content=\"article\" \/>\n<meta property=\"og:title\" content=\"Pedigree Adult Dry Food for Adult Dogs with Beef and Poultry 500 g - Zooland.az\" \/>\n<meta property=\"og:description\" content=\"Pedigree Adult Dog Food with Beef and Poultry is a 100% complete and balanced dry food for adult dogs (from 1 year) of medium breeds, weighing 10-25 kg, for lifelong feeding. Pedigree Vital Protection helps your dog stay healthy and full of vitality. It contains no artificial preservatives, flavors, or taste enhancers.\" \/>\n<meta property=\"og:url\" content=\"https:\/\/zoo-land.az\/az\/shop\/dog\/dog-food\/pedigree-adult-dry-food-for-adult-dogs-with-beef-and-poultry-500-g\/\" \/>\n<meta property=\"og:site_name\" content=\"Zooland.az\" \/>\n<meta property=\"og:image\" content=\"https:\/\/zoo-land.az\/wp-content\/uploads\/2024\/06\/8b1160a832bbcf2b2ce4425fc2469e6b.webp\" \/>\n\t<meta property=\"og:image:width\" content=\"510\" \/>\n\t<meta property=\"og:image:height\" content=\"425\" \/>\n\t<meta property=\"og:image:type\" content=\"image\/webp\" \/>\n<meta name=\"twitter:card\" content=\"summary_large_image\" \/>\n<meta name=\"twitter:label1\" content=\"Est. reading time\" \/>\n\t<meta name=\"twitter:data1\" content=\"1 minute\" \/>\n<script type=\"application\/ld+json\" class=\"yoast-schema-graph\">{\"@context\":\"https:\/\/schema.org\",\"@graph\":[{\"@type\":\"WebPage\",\"@id\":\"https:\/\/zoo-land.az\/shop\/dog\/dog-food\/pedigree-adult-dry-food-for-adult-dogs-with-beef-and-poultry-500-g\/\",\"url\":\"https:\/\/zoo-land.az\/shop\/dog\/dog-food\/pedigree-adult-dry-food-for-adult-dogs-with-beef-and-poultry-500-g\/\",\"name\":\"Pedigree Adult Dry Food for Adult Dogs with Beef and Poultry 500 g - Zooland.az\",\"isPartOf\":{\"@id\":\"https:\/\/zoo-land.az\/#website\"},\"primaryImageOfPage\":{\"@id\":\"https:\/\/zoo-land.az\/shop\/dog\/dog-food\/pedigree-adult-dry-food-for-adult-dogs-with-beef-and-poultry-500-g\/#primaryimage\"},\"image\":{\"@id\":\"https:\/\/zoo-land.az\/shop\/dog\/dog-food\/pedigree-adult-dry-food-for-adult-dogs-with-beef-and-poultry-500-g\/#primaryimage\"},\"thumbnailUrl\":\"https:\/\/zoo-land.az\/wp-content\/uploads\/2024\/06\/8b1160a832bbcf2b2ce4425fc2469e6b.webp\",\"datePublished\":\"2024-06-01T12:13:36+00:00\",\"breadcrumb\":{\"@id\":\"https:\/\/zoo-land.az\/shop\/dog\/dog-food\/pedigree-adult-dry-food-for-adult-dogs-with-beef-and-poultry-500-g\/#breadcrumb\"},\"inLanguage\":\"az\",\"potentialAction\":[{\"@type\":\"ReadAction\",\"target\":[\"https:\/\/zoo-land.az\/shop\/dog\/dog-food\/pedigree-adult-dry-food-for-adult-dogs-with-beef-and-poultry-500-g\/\"]}]},{\"@type\":\"ImageObject\",\"inLanguage\":\"az\",\"@id\":\"https:\/\/zoo-land.az\/shop\/dog\/dog-food\/pedigree-adult-dry-food-for-adult-dogs-with-beef-and-poultry-500-g\/#primaryimage\",\"url\":\"https:\/\/zoo-land.az\/wp-content\/uploads\/2024\/06\/8b1160a832bbcf2b2ce4425fc2469e6b.webp\",\"contentUrl\":\"https:\/\/zoo-land.az\/wp-content\/uploads\/2024\/06\/8b1160a832bbcf2b2ce4425fc2469e6b.webp\",\"width\":510,\"height\":425},{\"@type\":\"BreadcrumbList\",\"@id\":\"https:\/\/zoo-land.az\/shop\/dog\/dog-food\/pedigree-adult-dry-food-for-adult-dogs-with-beef-and-poultry-500-g\/#breadcrumb\",\"itemListElement\":[{\"@type\":\"ListItem\",\"position\":1,\"name\":\"Home\",\"item\":\"https:\/\/zoo-land.az\/ru\/\"},{\"@type\":\"ListItem\",\"position\":2,\"name\":\"Shop\",\"item\":\"https:\/\/zoo-land.az\/ru\/\"},{\"@type\":\"ListItem\",\"position\":3,\"name\":\"Pedigree Adult Dry Food for Adult Dogs with Beef and Poultry 500 g\"}]},{\"@type\":\"WebSite\",\"@id\":\"https:\/\/zoo-land.az\/#website\",\"url\":\"https:\/\/zoo-land.az\/\",\"name\":\"Zooland.az\",\"description\":\"Xo\u015fb\u0259xt ev heyvanlar\u0131n\u0131n \u00fcnvan\u0131 Zooland.az\",\"publisher\":{\"@id\":\"https:\/\/zoo-land.az\/#organization\"},\"potentialAction\":[{\"@type\":\"SearchAction\",\"target\":{\"@type\":\"EntryPoint\",\"urlTemplate\":\"https:\/\/zoo-land.az\/?s={search_term_string}\"},\"query-input\":{\"@type\":\"PropertyValueSpecification\",\"valueRequired\":true,\"valueName\":\"search_term_string\"}}],\"inLanguage\":\"az\"},{\"@type\":\"Organization\",\"@id\":\"https:\/\/zoo-land.az\/#organization\",\"name\":\"Zooland.az\",\"url\":\"https:\/\/zoo-land.az\/\",\"logo\":{\"@type\":\"ImageObject\",\"inLanguage\":\"az\",\"@id\":\"https:\/\/zoo-land.az\/#\/schema\/logo\/image\/\",\"url\":\"https:\/\/zoo-land.az\/wp-content\/uploads\/2022\/05\/logo.svg\",\"contentUrl\":\"https:\/\/zoo-land.az\/wp-content\/uploads\/2022\/05\/logo.svg\",\"width\":113,\"height\":46,\"caption\":\"Zooland.az\"},\"image\":{\"@id\":\"https:\/\/zoo-land.az\/#\/schema\/logo\/image\/\"}}]}<\/script>\n<!-- \/ Yoast SEO plugin. -->","yoast_head_json":{"title":"Pedigree Adult Dry Food for Adult Dogs with Beef and Poultry 500 g - Zooland.az","robots":{"index":"index","follow":"follow","max-snippet":"max-snippet:-1","max-image-preview":"max-image-preview:large","max-video-preview":"max-video-preview:-1"},"canonical":"https:\/\/zoo-land.az\/az\/shop\/dog\/dog-food\/pedigree-adult-dry-food-for-adult-dogs-with-beef-and-poultry-500-g\/","og_locale":"az_AZ","og_type":"article","og_title":"Pedigree Adult Dry Food for Adult Dogs with Beef and Poultry 500 g - Zooland.az","og_description":"Pedigree Adult Dog Food with Beef and Poultry is a 100% complete and balanced dry food for adult dogs (from 1 year) of medium breeds, weighing 10-25 kg, for lifelong feeding. Pedigree Vital Protection helps your dog stay healthy and full of vitality. It contains no artificial preservatives, flavors, or taste enhancers.","og_url":"https:\/\/zoo-land.az\/az\/shop\/dog\/dog-food\/pedigree-adult-dry-food-for-adult-dogs-with-beef-and-poultry-500-g\/","og_site_name":"Zooland.az","og_image":[{"width":510,"height":425,"url":"https:\/\/zoo-land.az\/wp-content\/uploads\/2024\/06\/8b1160a832bbcf2b2ce4425fc2469e6b.webp","type":"image\/webp"}],"twitter_card":"summary_large_image","twitter_misc":{"Est. reading time":"1 minute"},"schema":{"@context":"https:\/\/schema.org","@graph":[{"@type":"WebPage","@id":"https:\/\/zoo-land.az\/shop\/dog\/dog-food\/pedigree-adult-dry-food-for-adult-dogs-with-beef-and-poultry-500-g\/","url":"https:\/\/zoo-land.az\/shop\/dog\/dog-food\/pedigree-adult-dry-food-for-adult-dogs-with-beef-and-poultry-500-g\/","name":"Pedigree Adult Dry Food for Adult Dogs with Beef and Poultry 500 g - Zooland.az","isPartOf":{"@id":"https:\/\/zoo-land.az\/#website"},"primaryImageOfPage":{"@id":"https:\/\/zoo-land.az\/shop\/dog\/dog-food\/pedigree-adult-dry-food-for-adult-dogs-with-beef-and-poultry-500-g\/#primaryimage"},"image":{"@id":"https:\/\/zoo-land.az\/shop\/dog\/dog-food\/pedigree-adult-dry-food-for-adult-dogs-with-beef-and-poultry-500-g\/#primaryimage"},"thumbnailUrl":"https:\/\/zoo-land.az\/wp-content\/uploads\/2024\/06\/8b1160a832bbcf2b2ce4425fc2469e6b.webp","datePublished":"2024-06-01T12:13:36+00:00","breadcrumb":{"@id":"https:\/\/zoo-land.az\/shop\/dog\/dog-food\/pedigree-adult-dry-food-for-adult-dogs-with-beef-and-poultry-500-g\/#breadcrumb"},"inLanguage":"az","potentialAction":[{"@type":"ReadAction","target":["https:\/\/zoo-land.az\/shop\/dog\/dog-food\/pedigree-adult-dry-food-for-adult-dogs-with-beef-and-poultry-500-g\/"]}]},{"@type":"ImageObject","inLanguage":"az","@id":"https:\/\/zoo-land.az\/shop\/dog\/dog-food\/pedigree-adult-dry-food-for-adult-dogs-with-beef-and-poultry-500-g\/#primaryimage","url":"https:\/\/zoo-land.az\/wp-content\/uploads\/2024\/06\/8b1160a832bbcf2b2ce4425fc2469e6b.webp","contentUrl":"https:\/\/zoo-land.az\/wp-content\/uploads\/2024\/06\/8b1160a832bbcf2b2ce4425fc2469e6b.webp","width":510,"height":425},{"@type":"BreadcrumbList","@id":"https:\/\/zoo-land.az\/shop\/dog\/dog-food\/pedigree-adult-dry-food-for-adult-dogs-with-beef-and-poultry-500-g\/#breadcrumb","itemListElement":[{"@type":"ListItem","position":1,"name":"Home","item":"https:\/\/zoo-land.az\/ru\/"},{"@type":"ListItem","position":2,"name":"Shop","item":"https:\/\/zoo-land.az\/ru\/"},{"@type":"ListItem","position":3,"name":"Pedigree Adult Dry Food for Adult Dogs with Beef and Poultry 500 g"}]},{"@type":"WebSite","@id":"https:\/\/zoo-land.az\/#website","url":"https:\/\/zoo-land.az\/","name":"Zooland.az","description":"Xo\u015fb\u0259xt ev heyvanlar\u0131n\u0131n \u00fcnvan\u0131 Zooland.az","publisher":{"@id":"https:\/\/zoo-land.az\/#organization"},"potentialAction":[{"@type":"SearchAction","target":{"@type":"EntryPoint","urlTemplate":"https:\/\/zoo-land.az\/?s={search_term_string}"},"query-input":{"@type":"PropertyValueSpecification","valueRequired":true,"valueName":"search_term_string"}}],"inLanguage":"az"},{"@type":"Organization","@id":"https:\/\/zoo-land.az\/#organization","name":"Zooland.az","url":"https:\/\/zoo-land.az\/","logo":{"@type":"ImageObject","inLanguage":"az","@id":"https:\/\/zoo-land.az\/#\/schema\/logo\/image\/","url":"https:\/\/zoo-land.az\/wp-content\/uploads\/2022\/05\/logo.svg","contentUrl":"https:\/\/zoo-land.az\/wp-content\/uploads\/2022\/05\/logo.svg","width":113,"height":46,"caption":"Zooland.az"},"image":{"@id":"https:\/\/zoo-land.az\/#\/schema\/logo\/image\/"}}]}},"_links":{"self":[{"href":"https:\/\/zoo-land.az\/az\/wp-json\/wp\/v2\/product\/22349","targetHints":{"allow":["GET"]}}],"collection":[{"href":"https:\/\/zoo-land.az\/az\/wp-json\/wp\/v2\/product"}],"about":[{"href":"https:\/\/zoo-land.az\/az\/wp-json\/wp\/v2\/types\/product"}],"wp:featuredmedia":[{"embeddable":true,"href":"https:\/\/zoo-land.az\/az\/wp-json\/wp\/v2\/media\/22350"}],"wp:attachment":[{"href":"https:\/\/zoo-land.az\/az\/wp-json\/wp\/v2\/media?parent=22349"}],"wp:term":[{"taxonomy":"product_cat","embeddable":true,"href":"https:\/\/zoo-land.az\/az\/wp-json\/wp\/v2\/product_cat?post=22349"},{"taxonomy":"product_tag","embeddable":true,"href":"https:\/\/zoo-land.az\/az\/wp-json\/wp\/v2\/product_tag?post=22349"}],"curies":[{"name":"wp","href":"https:\/\/api.w.org\/{rel}","templated":true}]}}