{"id":22390,"date":"2024-06-01T13:29:50","date_gmt":"2024-06-01T13:29:50","guid":{"rendered":"https:\/\/lightsteelblue-zebra-299715.hostingersite.com\/?post_type=product&#038;p=22390"},"modified":"2024-06-01T13:30:07","modified_gmt":"2024-06-01T13:30:07","slug":"pro-plan-medium-puppy-12-kg","status":"publish","type":"product","link":"https:\/\/zoo-land.az\/az\/shop\/dog\/dog-food\/pro-plan-medium-puppy-12-kg\/","title":{"rendered":"Pro Plan Medium Puppy 12 kg"},"content":{"rendered":"<p><strong>PRO PLAN\u00ae OPTIDIGEST\u00ae FOR MEDIUM BREED PUPPIES WITH LAMB<\/strong><\/p>\n<p>The OPTIDIGEST\u00ae complex contains a source of prebiotics to improve the balance of intestinal microflora and stool quality.<\/p>\n<p>Ingredients: Lamb (20%), poultry protein, corn, rice (10%), vegetable by-products, animal fat, dried beet pulp, flavoring, egg powder, corn gluten meal, corn grits, minerals, fish oil, vitamins, colostrum (0.1%), antioxidants (natural tocopherols).<\/p>\n<p>Added substances: Vitamin A 28,000 IU\/kg, Vitamin D3 910 IU\/kg, Vitamin E 200 IU\/kg, Vitamin C 120 mg\/kg, Iron 75 mg\/kg, Iodine 1.9 mg\/kg, Copper 11 mg\/kg, Manganese 35 mg\/kg, Zinc 140 mg\/kg, Selenium 0.12 mg\/kg.<\/p>\n<p>Guaranteed analysis: Protein 30%, Fat 19%, Crude ash 7.7%, Crude fiber 2.5%.<\/p>\n<p>From 3 to 6 weeks, start feeding soaked Pro Plan\u00ae food 3-4 times a day. After weaning, feed according to the table. When your puppy reaches three months of age, gradually reduce the amount of water added to soak the food. Maintaining optimal body weight is very important for your puppy&#8217;s health. The recommended daily allowance may vary depending on the level of activity, physical characteristics, and individual needs of your puppy. Make sure your dog always has clean, fresh drinking water available. Regularly consult a veterinarian to monitor your dog&#8217;s health.<\/p>","protected":false},"excerpt":{"rendered":"<p>From 3 to 6 weeks, start feeding soaked Pro Plan\u00ae food 3-4 times a day. After weaning, feed according to the table. When your puppy reaches three months of age, gradually reduce the amount of water added to soak the food. Maintaining optimal body weight is very important for your puppy&#8217;s health. The recommended daily allowance may vary depending on the level of activity, physical characteristics, and individual needs of your puppy. Make sure your dog always has clean, fresh drinking water available. Regularly consult a veterinarian to monitor your dog&#8217;s health.<\/p>","protected":false},"featured_media":22391,"template":"","meta":{"inline_featured_image":false,"_joinchat":[]},"product_cat":[132,107],"product_tag":[],"class_list":{"0":"post-22390","1":"product","2":"type-product","3":"status-publish","4":"has-post-thumbnail","6":"product_brand-proplan","7":"product_cat-dog-food","8":"product_cat-dog","10":"first","11":"instock","12":"shipping-taxable","13":"purchasable","14":"product-type-simple"},"yoast_head":"<!-- This site is optimized with the Yoast SEO plugin v26.7 - https:\/\/yoast.com\/wordpress\/plugins\/seo\/ -->\n<title>Pro Plan Medium Puppy 12 kg - Zooland.az<\/title>\n<meta name=\"robots\" content=\"index, follow, max-snippet:-1, max-image-preview:large, max-video-preview:-1\" \/>\n<link rel=\"canonical\" href=\"https:\/\/zoo-land.az\/az\/shop\/dog\/dog-food\/pro-plan-medium-puppy-12-kg\/\" \/>\n<meta property=\"og:locale\" content=\"az_AZ\" \/>\n<meta property=\"og:type\" content=\"article\" \/>\n<meta property=\"og:title\" content=\"Pro Plan Medium Puppy 12 kg - Zooland.az\" \/>\n<meta property=\"og:description\" content=\"From 3 to 6 weeks, start feeding soaked Pro Plan\u00ae food 3-4 times a day. After weaning, feed according to the table. When your puppy reaches three months of age, gradually reduce the amount of water added to soak the food. Maintaining optimal body weight is very important for your puppy&#039;s health. The recommended daily allowance may vary depending on the level of activity, physical characteristics, and individual needs of your puppy. Make sure your dog always has clean, fresh drinking water available. Regularly consult a veterinarian to monitor your dog&#039;s health.\" \/>\n<meta property=\"og:url\" content=\"https:\/\/zoo-land.az\/az\/shop\/dog\/dog-food\/pro-plan-medium-puppy-12-kg\/\" \/>\n<meta property=\"og:site_name\" content=\"Zooland.az\" \/>\n<meta property=\"article:modified_time\" content=\"2024-06-01T13:30:07+00:00\" \/>\n<meta property=\"og:image\" content=\"https:\/\/zoo-land.az\/wp-content\/uploads\/2024\/06\/98174-72dc0c9bc888014ac863de431e8c995a.jpg\" \/>\n\t<meta property=\"og:image:width\" content=\"840\" \/>\n\t<meta property=\"og:image:height\" content=\"840\" \/>\n\t<meta property=\"og:image:type\" content=\"image\/jpeg\" \/>\n<meta name=\"twitter:card\" content=\"summary_large_image\" \/>\n<meta name=\"twitter:label1\" content=\"Est. reading time\" \/>\n\t<meta name=\"twitter:data1\" content=\"1 minute\" \/>\n<script type=\"application\/ld+json\" class=\"yoast-schema-graph\">{\"@context\":\"https:\/\/schema.org\",\"@graph\":[{\"@type\":\"WebPage\",\"@id\":\"https:\/\/zoo-land.az\/az\/shop\/dog\/dog-food\/pro-plan-medium-puppy-12-kg\/\",\"url\":\"https:\/\/zoo-land.az\/az\/shop\/dog\/dog-food\/pro-plan-medium-puppy-12-kg\/\",\"name\":\"Pro Plan Medium Puppy 12 kg - Zooland.az\",\"isPartOf\":{\"@id\":\"https:\/\/zoo-land.az\/#website\"},\"primaryImageOfPage\":{\"@id\":\"https:\/\/zoo-land.az\/az\/shop\/dog\/dog-food\/pro-plan-medium-puppy-12-kg\/#primaryimage\"},\"image\":{\"@id\":\"https:\/\/zoo-land.az\/az\/shop\/dog\/dog-food\/pro-plan-medium-puppy-12-kg\/#primaryimage\"},\"thumbnailUrl\":\"https:\/\/zoo-land.az\/wp-content\/uploads\/2024\/06\/98174-72dc0c9bc888014ac863de431e8c995a.jpg\",\"datePublished\":\"2024-06-01T13:29:50+00:00\",\"dateModified\":\"2024-06-01T13:30:07+00:00\",\"breadcrumb\":{\"@id\":\"https:\/\/zoo-land.az\/az\/shop\/dog\/dog-food\/pro-plan-medium-puppy-12-kg\/#breadcrumb\"},\"inLanguage\":\"az\",\"potentialAction\":[{\"@type\":\"ReadAction\",\"target\":[\"https:\/\/zoo-land.az\/az\/shop\/dog\/dog-food\/pro-plan-medium-puppy-12-kg\/\"]}]},{\"@type\":\"ImageObject\",\"inLanguage\":\"az\",\"@id\":\"https:\/\/zoo-land.az\/az\/shop\/dog\/dog-food\/pro-plan-medium-puppy-12-kg\/#primaryimage\",\"url\":\"https:\/\/zoo-land.az\/wp-content\/uploads\/2024\/06\/98174-72dc0c9bc888014ac863de431e8c995a.jpg\",\"contentUrl\":\"https:\/\/zoo-land.az\/wp-content\/uploads\/2024\/06\/98174-72dc0c9bc888014ac863de431e8c995a.jpg\",\"width\":840,\"height\":840},{\"@type\":\"BreadcrumbList\",\"@id\":\"https:\/\/zoo-land.az\/az\/shop\/dog\/dog-food\/pro-plan-medium-puppy-12-kg\/#breadcrumb\",\"itemListElement\":[{\"@type\":\"ListItem\",\"position\":1,\"name\":\"Home\",\"item\":\"https:\/\/zoo-land.az\/ru\/\"},{\"@type\":\"ListItem\",\"position\":2,\"name\":\"Shop\",\"item\":\"https:\/\/zoo-land.az\/ru\/\"},{\"@type\":\"ListItem\",\"position\":3,\"name\":\"Pro Plan Medium Puppy 12 kg\"}]},{\"@type\":\"WebSite\",\"@id\":\"https:\/\/zoo-land.az\/#website\",\"url\":\"https:\/\/zoo-land.az\/\",\"name\":\"Zooland.az\",\"description\":\"Xo\u015fb\u0259xt ev heyvanlar\u0131n\u0131n \u00fcnvan\u0131 Zooland.az\",\"publisher\":{\"@id\":\"https:\/\/zoo-land.az\/#organization\"},\"potentialAction\":[{\"@type\":\"SearchAction\",\"target\":{\"@type\":\"EntryPoint\",\"urlTemplate\":\"https:\/\/zoo-land.az\/?s={search_term_string}\"},\"query-input\":{\"@type\":\"PropertyValueSpecification\",\"valueRequired\":true,\"valueName\":\"search_term_string\"}}],\"inLanguage\":\"az\"},{\"@type\":\"Organization\",\"@id\":\"https:\/\/zoo-land.az\/#organization\",\"name\":\"Zooland.az\",\"url\":\"https:\/\/zoo-land.az\/\",\"logo\":{\"@type\":\"ImageObject\",\"inLanguage\":\"az\",\"@id\":\"https:\/\/zoo-land.az\/#\/schema\/logo\/image\/\",\"url\":\"https:\/\/zoo-land.az\/wp-content\/uploads\/2022\/05\/logo.svg\",\"contentUrl\":\"https:\/\/zoo-land.az\/wp-content\/uploads\/2022\/05\/logo.svg\",\"width\":113,\"height\":46,\"caption\":\"Zooland.az\"},\"image\":{\"@id\":\"https:\/\/zoo-land.az\/#\/schema\/logo\/image\/\"}}]}<\/script>\n<!-- \/ Yoast SEO plugin. -->","yoast_head_json":{"title":"Pro Plan Medium Puppy 12 kg - Zooland.az","robots":{"index":"index","follow":"follow","max-snippet":"max-snippet:-1","max-image-preview":"max-image-preview:large","max-video-preview":"max-video-preview:-1"},"canonical":"https:\/\/zoo-land.az\/az\/shop\/dog\/dog-food\/pro-plan-medium-puppy-12-kg\/","og_locale":"az_AZ","og_type":"article","og_title":"Pro Plan Medium Puppy 12 kg - Zooland.az","og_description":"From 3 to 6 weeks, start feeding soaked Pro Plan\u00ae food 3-4 times a day. After weaning, feed according to the table. When your puppy reaches three months of age, gradually reduce the amount of water added to soak the food. Maintaining optimal body weight is very important for your puppy's health. The recommended daily allowance may vary depending on the level of activity, physical characteristics, and individual needs of your puppy. Make sure your dog always has clean, fresh drinking water available. Regularly consult a veterinarian to monitor your dog's health.","og_url":"https:\/\/zoo-land.az\/az\/shop\/dog\/dog-food\/pro-plan-medium-puppy-12-kg\/","og_site_name":"Zooland.az","article_modified_time":"2024-06-01T13:30:07+00:00","og_image":[{"width":840,"height":840,"url":"https:\/\/zoo-land.az\/wp-content\/uploads\/2024\/06\/98174-72dc0c9bc888014ac863de431e8c995a.jpg","type":"image\/jpeg"}],"twitter_card":"summary_large_image","twitter_misc":{"Est. reading time":"1 minute"},"schema":{"@context":"https:\/\/schema.org","@graph":[{"@type":"WebPage","@id":"https:\/\/zoo-land.az\/az\/shop\/dog\/dog-food\/pro-plan-medium-puppy-12-kg\/","url":"https:\/\/zoo-land.az\/az\/shop\/dog\/dog-food\/pro-plan-medium-puppy-12-kg\/","name":"Pro Plan Medium Puppy 12 kg - Zooland.az","isPartOf":{"@id":"https:\/\/zoo-land.az\/#website"},"primaryImageOfPage":{"@id":"https:\/\/zoo-land.az\/az\/shop\/dog\/dog-food\/pro-plan-medium-puppy-12-kg\/#primaryimage"},"image":{"@id":"https:\/\/zoo-land.az\/az\/shop\/dog\/dog-food\/pro-plan-medium-puppy-12-kg\/#primaryimage"},"thumbnailUrl":"https:\/\/zoo-land.az\/wp-content\/uploads\/2024\/06\/98174-72dc0c9bc888014ac863de431e8c995a.jpg","datePublished":"2024-06-01T13:29:50+00:00","dateModified":"2024-06-01T13:30:07+00:00","breadcrumb":{"@id":"https:\/\/zoo-land.az\/az\/shop\/dog\/dog-food\/pro-plan-medium-puppy-12-kg\/#breadcrumb"},"inLanguage":"az","potentialAction":[{"@type":"ReadAction","target":["https:\/\/zoo-land.az\/az\/shop\/dog\/dog-food\/pro-plan-medium-puppy-12-kg\/"]}]},{"@type":"ImageObject","inLanguage":"az","@id":"https:\/\/zoo-land.az\/az\/shop\/dog\/dog-food\/pro-plan-medium-puppy-12-kg\/#primaryimage","url":"https:\/\/zoo-land.az\/wp-content\/uploads\/2024\/06\/98174-72dc0c9bc888014ac863de431e8c995a.jpg","contentUrl":"https:\/\/zoo-land.az\/wp-content\/uploads\/2024\/06\/98174-72dc0c9bc888014ac863de431e8c995a.jpg","width":840,"height":840},{"@type":"BreadcrumbList","@id":"https:\/\/zoo-land.az\/az\/shop\/dog\/dog-food\/pro-plan-medium-puppy-12-kg\/#breadcrumb","itemListElement":[{"@type":"ListItem","position":1,"name":"Home","item":"https:\/\/zoo-land.az\/ru\/"},{"@type":"ListItem","position":2,"name":"Shop","item":"https:\/\/zoo-land.az\/ru\/"},{"@type":"ListItem","position":3,"name":"Pro Plan Medium Puppy 12 kg"}]},{"@type":"WebSite","@id":"https:\/\/zoo-land.az\/#website","url":"https:\/\/zoo-land.az\/","name":"Zooland.az","description":"Xo\u015fb\u0259xt ev heyvanlar\u0131n\u0131n \u00fcnvan\u0131 Zooland.az","publisher":{"@id":"https:\/\/zoo-land.az\/#organization"},"potentialAction":[{"@type":"SearchAction","target":{"@type":"EntryPoint","urlTemplate":"https:\/\/zoo-land.az\/?s={search_term_string}"},"query-input":{"@type":"PropertyValueSpecification","valueRequired":true,"valueName":"search_term_string"}}],"inLanguage":"az"},{"@type":"Organization","@id":"https:\/\/zoo-land.az\/#organization","name":"Zooland.az","url":"https:\/\/zoo-land.az\/","logo":{"@type":"ImageObject","inLanguage":"az","@id":"https:\/\/zoo-land.az\/#\/schema\/logo\/image\/","url":"https:\/\/zoo-land.az\/wp-content\/uploads\/2022\/05\/logo.svg","contentUrl":"https:\/\/zoo-land.az\/wp-content\/uploads\/2022\/05\/logo.svg","width":113,"height":46,"caption":"Zooland.az"},"image":{"@id":"https:\/\/zoo-land.az\/#\/schema\/logo\/image\/"}}]}},"_links":{"self":[{"href":"https:\/\/zoo-land.az\/az\/wp-json\/wp\/v2\/product\/22390","targetHints":{"allow":["GET"]}}],"collection":[{"href":"https:\/\/zoo-land.az\/az\/wp-json\/wp\/v2\/product"}],"about":[{"href":"https:\/\/zoo-land.az\/az\/wp-json\/wp\/v2\/types\/product"}],"wp:featuredmedia":[{"embeddable":true,"href":"https:\/\/zoo-land.az\/az\/wp-json\/wp\/v2\/media\/22391"}],"wp:attachment":[{"href":"https:\/\/zoo-land.az\/az\/wp-json\/wp\/v2\/media?parent=22390"}],"wp:term":[{"taxonomy":"product_cat","embeddable":true,"href":"https:\/\/zoo-land.az\/az\/wp-json\/wp\/v2\/product_cat?post=22390"},{"taxonomy":"product_tag","embeddable":true,"href":"https:\/\/zoo-land.az\/az\/wp-json\/wp\/v2\/product_tag?post=22390"}],"curies":[{"name":"wp","href":"https:\/\/api.w.org\/{rel}","templated":true}]}}