{"id":22392,"date":"2024-06-01T13:37:40","date_gmt":"2024-06-01T13:37:40","guid":{"rendered":"https:\/\/lightsteelblue-zebra-299715.hostingersite.com\/?post_type=product&#038;p=22392"},"modified":"2024-06-01T13:37:40","modified_gmt":"2024-06-01T13:37:40","slug":"pro-plan-medium-adult-14-kg","status":"publish","type":"product","link":"https:\/\/zoo-land.az\/az\/shop\/dog\/dog-food\/pro-plan-medium-adult-14-kg\/","title":{"rendered":"Pro Plan Medium Adult 14 kg"},"content":{"rendered":"<p><strong>PRO PLAN\u00ae Everyday Nutrition for Adult Medium Breed Dogs with Chicken<\/strong><\/p>\n<p>Dogs of all breeds and sizes need to receive high-quality and balanced nutrition to maintain their health, stay at an optimal weight, and remain active. Therefore, their daily diet should be balanced and contain all the necessary nutrients, vitamins, and minerals.<\/p>\n<p>Studying the needs of dogs over many years, a team of qualified veterinary specialists and nutritionists from PURINA has developed PRO PLAN\u00ae Everyday Nutrition dry food for adult medium breed dogs with a high chicken content. This complete food is fully balanced in composition and helps maintain the health of your dog throughout its life.<\/p>\n<ol>\n<li>Provides high digestibility of nutrients to meet the needs of your dog.<\/li>\n<li>Supports coat beauty.<\/li>\n<li>The combination of essential nutrients in dry dog food with chicken helps maintain the joint health of pets with an active lifestyle.<\/li>\n<\/ol>\n<p>The number 1 ingredient in PRO PLAN\u00ae dog rations is always high-quality pieces of lamb, salmon, turkey, chicken, and beef, prepared to preserve taste and essential nutrients. All PRO PLAN diets are based on modern scientific achievements.<\/p>\n<p>PRO PLAN rations are recommended by veterinarians and breeders*. The Moscow Veterinary Academy named after K.I. Skryabin recognizes the expertise of the Nestl\u00e9 group in the field of pet nutrition.<\/p>\n<p>PRO PLAN\u00ae Everyday Nutrition dry food for medium breed dogs \/ For daily feeding is the beloved PRO PLAN\u00ae Opti Balance with a new name but with the same composition and quality.<\/p>","protected":false},"excerpt":{"rendered":"<p>Dogs of all breeds and sizes need to receive high-quality and balanced nutrition to maintain their health, stay at an optimal weight, and remain active. Therefore, their daily diet should be balanced and contain all the necessary nutrients, vitamins, and minerals.<\/p>","protected":false},"featured_media":22393,"template":"","meta":{"inline_featured_image":false,"_joinchat":[]},"product_cat":[132,107],"product_tag":[],"class_list":{"0":"post-22392","1":"product","2":"type-product","3":"status-publish","4":"has-post-thumbnail","6":"product_brand-proplan","7":"product_cat-dog-food","8":"product_cat-dog","10":"first","11":"instock","12":"shipping-taxable","13":"purchasable","14":"product-type-simple"},"yoast_head":"<!-- This site is optimized with the Yoast SEO plugin v26.7 - https:\/\/yoast.com\/wordpress\/plugins\/seo\/ -->\n<title>Pro Plan Medium Adult 14 kg - Zooland.az<\/title>\n<meta name=\"robots\" content=\"index, follow, max-snippet:-1, max-image-preview:large, max-video-preview:-1\" \/>\n<link rel=\"canonical\" href=\"https:\/\/zoo-land.az\/az\/shop\/dog\/dog-food\/pro-plan-medium-adult-14-kg\/\" \/>\n<meta property=\"og:locale\" content=\"az_AZ\" \/>\n<meta property=\"og:type\" content=\"article\" \/>\n<meta property=\"og:title\" content=\"Pro Plan Medium Adult 14 kg - Zooland.az\" \/>\n<meta property=\"og:description\" content=\"Dogs of all breeds and sizes need to receive high-quality and balanced nutrition to maintain their health, stay at an optimal weight, and remain active. Therefore, their daily diet should be balanced and contain all the necessary nutrients, vitamins, and minerals.\" \/>\n<meta property=\"og:url\" content=\"https:\/\/zoo-land.az\/az\/shop\/dog\/dog-food\/pro-plan-medium-adult-14-kg\/\" \/>\n<meta property=\"og:site_name\" content=\"Zooland.az\" \/>\n<meta property=\"og:image\" content=\"https:\/\/zoo-land.az\/wp-content\/uploads\/2024\/06\/969d6c12-473e-11ee-b234-b298fd1d36a3_tc8dqivxwqxj7ffa.png\" \/>\n\t<meta property=\"og:image:width\" content=\"265\" \/>\n\t<meta property=\"og:image:height\" content=\"265\" \/>\n\t<meta property=\"og:image:type\" content=\"image\/png\" \/>\n<meta name=\"twitter:card\" content=\"summary_large_image\" \/>\n<meta name=\"twitter:label1\" content=\"Est. reading time\" \/>\n\t<meta name=\"twitter:data1\" content=\"1 minute\" \/>\n<script type=\"application\/ld+json\" class=\"yoast-schema-graph\">{\"@context\":\"https:\/\/schema.org\",\"@graph\":[{\"@type\":\"WebPage\",\"@id\":\"https:\/\/zoo-land.az\/shop\/dog\/dog-food\/pro-plan-medium-adult-14-kg\/\",\"url\":\"https:\/\/zoo-land.az\/shop\/dog\/dog-food\/pro-plan-medium-adult-14-kg\/\",\"name\":\"Pro Plan Medium Adult 14 kg - Zooland.az\",\"isPartOf\":{\"@id\":\"https:\/\/zoo-land.az\/#website\"},\"primaryImageOfPage\":{\"@id\":\"https:\/\/zoo-land.az\/shop\/dog\/dog-food\/pro-plan-medium-adult-14-kg\/#primaryimage\"},\"image\":{\"@id\":\"https:\/\/zoo-land.az\/shop\/dog\/dog-food\/pro-plan-medium-adult-14-kg\/#primaryimage\"},\"thumbnailUrl\":\"https:\/\/zoo-land.az\/wp-content\/uploads\/2024\/06\/969d6c12-473e-11ee-b234-b298fd1d36a3_tc8dqivxwqxj7ffa.png\",\"datePublished\":\"2024-06-01T13:37:40+00:00\",\"breadcrumb\":{\"@id\":\"https:\/\/zoo-land.az\/shop\/dog\/dog-food\/pro-plan-medium-adult-14-kg\/#breadcrumb\"},\"inLanguage\":\"az\",\"potentialAction\":[{\"@type\":\"ReadAction\",\"target\":[\"https:\/\/zoo-land.az\/shop\/dog\/dog-food\/pro-plan-medium-adult-14-kg\/\"]}]},{\"@type\":\"ImageObject\",\"inLanguage\":\"az\",\"@id\":\"https:\/\/zoo-land.az\/shop\/dog\/dog-food\/pro-plan-medium-adult-14-kg\/#primaryimage\",\"url\":\"https:\/\/zoo-land.az\/wp-content\/uploads\/2024\/06\/969d6c12-473e-11ee-b234-b298fd1d36a3_tc8dqivxwqxj7ffa.png\",\"contentUrl\":\"https:\/\/zoo-land.az\/wp-content\/uploads\/2024\/06\/969d6c12-473e-11ee-b234-b298fd1d36a3_tc8dqivxwqxj7ffa.png\",\"width\":265,\"height\":265},{\"@type\":\"BreadcrumbList\",\"@id\":\"https:\/\/zoo-land.az\/shop\/dog\/dog-food\/pro-plan-medium-adult-14-kg\/#breadcrumb\",\"itemListElement\":[{\"@type\":\"ListItem\",\"position\":1,\"name\":\"Home\",\"item\":\"https:\/\/zoo-land.az\/ru\/\"},{\"@type\":\"ListItem\",\"position\":2,\"name\":\"Shop\",\"item\":\"https:\/\/zoo-land.az\/ru\/\"},{\"@type\":\"ListItem\",\"position\":3,\"name\":\"Pro Plan Medium Adult 14 kg\"}]},{\"@type\":\"WebSite\",\"@id\":\"https:\/\/zoo-land.az\/#website\",\"url\":\"https:\/\/zoo-land.az\/\",\"name\":\"Zooland.az\",\"description\":\"Xo\u015fb\u0259xt ev heyvanlar\u0131n\u0131n \u00fcnvan\u0131 Zooland.az\",\"publisher\":{\"@id\":\"https:\/\/zoo-land.az\/#organization\"},\"potentialAction\":[{\"@type\":\"SearchAction\",\"target\":{\"@type\":\"EntryPoint\",\"urlTemplate\":\"https:\/\/zoo-land.az\/?s={search_term_string}\"},\"query-input\":{\"@type\":\"PropertyValueSpecification\",\"valueRequired\":true,\"valueName\":\"search_term_string\"}}],\"inLanguage\":\"az\"},{\"@type\":\"Organization\",\"@id\":\"https:\/\/zoo-land.az\/#organization\",\"name\":\"Zooland.az\",\"url\":\"https:\/\/zoo-land.az\/\",\"logo\":{\"@type\":\"ImageObject\",\"inLanguage\":\"az\",\"@id\":\"https:\/\/zoo-land.az\/#\/schema\/logo\/image\/\",\"url\":\"https:\/\/zoo-land.az\/wp-content\/uploads\/2022\/05\/logo.svg\",\"contentUrl\":\"https:\/\/zoo-land.az\/wp-content\/uploads\/2022\/05\/logo.svg\",\"width\":113,\"height\":46,\"caption\":\"Zooland.az\"},\"image\":{\"@id\":\"https:\/\/zoo-land.az\/#\/schema\/logo\/image\/\"}}]}<\/script>\n<!-- \/ Yoast SEO plugin. -->","yoast_head_json":{"title":"Pro Plan Medium Adult 14 kg - Zooland.az","robots":{"index":"index","follow":"follow","max-snippet":"max-snippet:-1","max-image-preview":"max-image-preview:large","max-video-preview":"max-video-preview:-1"},"canonical":"https:\/\/zoo-land.az\/az\/shop\/dog\/dog-food\/pro-plan-medium-adult-14-kg\/","og_locale":"az_AZ","og_type":"article","og_title":"Pro Plan Medium Adult 14 kg - Zooland.az","og_description":"Dogs of all breeds and sizes need to receive high-quality and balanced nutrition to maintain their health, stay at an optimal weight, and remain active. Therefore, their daily diet should be balanced and contain all the necessary nutrients, vitamins, and minerals.","og_url":"https:\/\/zoo-land.az\/az\/shop\/dog\/dog-food\/pro-plan-medium-adult-14-kg\/","og_site_name":"Zooland.az","og_image":[{"width":265,"height":265,"url":"https:\/\/zoo-land.az\/wp-content\/uploads\/2024\/06\/969d6c12-473e-11ee-b234-b298fd1d36a3_tc8dqivxwqxj7ffa.png","type":"image\/png"}],"twitter_card":"summary_large_image","twitter_misc":{"Est. reading time":"1 minute"},"schema":{"@context":"https:\/\/schema.org","@graph":[{"@type":"WebPage","@id":"https:\/\/zoo-land.az\/shop\/dog\/dog-food\/pro-plan-medium-adult-14-kg\/","url":"https:\/\/zoo-land.az\/shop\/dog\/dog-food\/pro-plan-medium-adult-14-kg\/","name":"Pro Plan Medium Adult 14 kg - Zooland.az","isPartOf":{"@id":"https:\/\/zoo-land.az\/#website"},"primaryImageOfPage":{"@id":"https:\/\/zoo-land.az\/shop\/dog\/dog-food\/pro-plan-medium-adult-14-kg\/#primaryimage"},"image":{"@id":"https:\/\/zoo-land.az\/shop\/dog\/dog-food\/pro-plan-medium-adult-14-kg\/#primaryimage"},"thumbnailUrl":"https:\/\/zoo-land.az\/wp-content\/uploads\/2024\/06\/969d6c12-473e-11ee-b234-b298fd1d36a3_tc8dqivxwqxj7ffa.png","datePublished":"2024-06-01T13:37:40+00:00","breadcrumb":{"@id":"https:\/\/zoo-land.az\/shop\/dog\/dog-food\/pro-plan-medium-adult-14-kg\/#breadcrumb"},"inLanguage":"az","potentialAction":[{"@type":"ReadAction","target":["https:\/\/zoo-land.az\/shop\/dog\/dog-food\/pro-plan-medium-adult-14-kg\/"]}]},{"@type":"ImageObject","inLanguage":"az","@id":"https:\/\/zoo-land.az\/shop\/dog\/dog-food\/pro-plan-medium-adult-14-kg\/#primaryimage","url":"https:\/\/zoo-land.az\/wp-content\/uploads\/2024\/06\/969d6c12-473e-11ee-b234-b298fd1d36a3_tc8dqivxwqxj7ffa.png","contentUrl":"https:\/\/zoo-land.az\/wp-content\/uploads\/2024\/06\/969d6c12-473e-11ee-b234-b298fd1d36a3_tc8dqivxwqxj7ffa.png","width":265,"height":265},{"@type":"BreadcrumbList","@id":"https:\/\/zoo-land.az\/shop\/dog\/dog-food\/pro-plan-medium-adult-14-kg\/#breadcrumb","itemListElement":[{"@type":"ListItem","position":1,"name":"Home","item":"https:\/\/zoo-land.az\/ru\/"},{"@type":"ListItem","position":2,"name":"Shop","item":"https:\/\/zoo-land.az\/ru\/"},{"@type":"ListItem","position":3,"name":"Pro Plan Medium Adult 14 kg"}]},{"@type":"WebSite","@id":"https:\/\/zoo-land.az\/#website","url":"https:\/\/zoo-land.az\/","name":"Zooland.az","description":"Xo\u015fb\u0259xt ev heyvanlar\u0131n\u0131n \u00fcnvan\u0131 Zooland.az","publisher":{"@id":"https:\/\/zoo-land.az\/#organization"},"potentialAction":[{"@type":"SearchAction","target":{"@type":"EntryPoint","urlTemplate":"https:\/\/zoo-land.az\/?s={search_term_string}"},"query-input":{"@type":"PropertyValueSpecification","valueRequired":true,"valueName":"search_term_string"}}],"inLanguage":"az"},{"@type":"Organization","@id":"https:\/\/zoo-land.az\/#organization","name":"Zooland.az","url":"https:\/\/zoo-land.az\/","logo":{"@type":"ImageObject","inLanguage":"az","@id":"https:\/\/zoo-land.az\/#\/schema\/logo\/image\/","url":"https:\/\/zoo-land.az\/wp-content\/uploads\/2022\/05\/logo.svg","contentUrl":"https:\/\/zoo-land.az\/wp-content\/uploads\/2022\/05\/logo.svg","width":113,"height":46,"caption":"Zooland.az"},"image":{"@id":"https:\/\/zoo-land.az\/#\/schema\/logo\/image\/"}}]}},"_links":{"self":[{"href":"https:\/\/zoo-land.az\/az\/wp-json\/wp\/v2\/product\/22392","targetHints":{"allow":["GET"]}}],"collection":[{"href":"https:\/\/zoo-land.az\/az\/wp-json\/wp\/v2\/product"}],"about":[{"href":"https:\/\/zoo-land.az\/az\/wp-json\/wp\/v2\/types\/product"}],"wp:featuredmedia":[{"embeddable":true,"href":"https:\/\/zoo-land.az\/az\/wp-json\/wp\/v2\/media\/22393"}],"wp:attachment":[{"href":"https:\/\/zoo-land.az\/az\/wp-json\/wp\/v2\/media?parent=22392"}],"wp:term":[{"taxonomy":"product_cat","embeddable":true,"href":"https:\/\/zoo-land.az\/az\/wp-json\/wp\/v2\/product_cat?post=22392"},{"taxonomy":"product_tag","embeddable":true,"href":"https:\/\/zoo-land.az\/az\/wp-json\/wp\/v2\/product_tag?post=22392"}],"curies":[{"name":"wp","href":"https:\/\/api.w.org\/{rel}","templated":true}]}}