{"id":22491,"date":"2024-06-02T18:39:37","date_gmt":"2024-06-02T18:39:37","guid":{"rendered":"https:\/\/lightsteelblue-zebra-299715.hostingersite.com\/?post_type=product&#038;p=22491"},"modified":"2024-06-02T18:39:37","modified_gmt":"2024-06-02T18:39:37","slug":"trixie-anti-dandruff-shampoo-250-ml","status":"publish","type":"product","link":"https:\/\/zoo-land.az\/az\/shop\/dog\/dog-hygenic\/shampoo\/trixie-anti-dandruff-shampoo-250-ml\/","title":{"rendered":"Trixie Anti-Dandruff Shampoo 250 ml"},"content":{"rendered":"<ul class=\"a-unordered-list a-vertical a-spacing-mini\">\n<li class=\"a-spacing-mini\"><span class=\"a-list-item\">Anti-dandruff: The shampoo helps get rid of dandruff as they can be hard to leave. Trixie Anti-dandruff shampoo helps maintain a dandruff free coat.<\/span><\/li>\n<li class=\"a-spacing-mini\"><span class=\"a-list-item\">Dandruff free: Recurrences of dandruff can be a hassle but this shampoo combats regeneration of dandruff and keeps the coat clean.<\/span><\/li>\n<li class=\"a-spacing-mini\"><span class=\"a-list-item\">Shine and soft coat: While maintaining the anti-dandruff goal, the shampoo also provides shine and softness to the coat so it isn\u2019t dry to touch.<\/span><\/li>\n<li class=\"a-spacing-mini\"><span class=\"a-list-item\">Natural ingredients: Trixie uses only natural ingredients to make products for your pets so there is no harm to their skin, coat or health in any way.<\/span><\/li>\n<li class=\"a-spacing-mini\"><span class=\"a-list-item\">Used by professionals for grooming of pets. An ideal product to provide an easy rinse and decline of dandruff.<\/span><\/li>\n<\/ul>","protected":false},"excerpt":{"rendered":"<ul class=\"a-unordered-list a-vertical a-spacing-mini\">\n<li class=\"a-spacing-mini\"><span class=\"a-list-item\">Anti-dandruff: The shampoo helps get rid of dandruff as they can be hard to leave. Trixie Anti-dandruff shampoo helps maintain a dandruff free coat.<\/span><\/li>\n<li class=\"a-spacing-mini\"><span class=\"a-list-item\">Dandruff free: Recurrences of dandruff can be a hassle but this shampoo combats regeneration of dandruff and keeps the coat clean.<\/span><\/li>\n<li class=\"a-spacing-mini\"><span class=\"a-list-item\">Shine and soft coat: While maintaining the anti-dandruff goal, the shampoo also provides shine and softness to the coat so it isn\u2019t dry to touch.<\/span><\/li>\n<li class=\"a-spacing-mini\"><span class=\"a-list-item\">Natural ingredients: Trixie uses only natural ingredients to make products for your pets so there is no harm to their skin, coat or health in any way.<\/span><\/li>\n<li class=\"a-spacing-mini\"><span class=\"a-list-item\">Used by professionals for grooming of pets. An ideal product to provide an easy rinse and decline of dandruff.<\/span><\/li>\n<\/ul>","protected":false},"featured_media":22492,"template":"","meta":{"inline_featured_image":false,"_joinchat":[]},"product_cat":[107,355],"product_tag":[],"class_list":{"0":"post-22491","1":"product","2":"type-product","3":"status-publish","4":"has-post-thumbnail","6":"product_brand-trixie","7":"product_cat-dog","8":"product_cat-shampoo","10":"first","11":"instock","12":"shipping-taxable","13":"purchasable","14":"product-type-simple"},"yoast_head":"<!-- This site is optimized with the Yoast SEO plugin v27.4 - https:\/\/yoast.com\/product\/yoast-seo-wordpress\/ -->\n<title>Trixie Anti-Dandruff Shampoo 250 ml - Zooland.az<\/title>\n<meta name=\"robots\" content=\"index, follow, max-snippet:-1, max-image-preview:large, max-video-preview:-1\" \/>\n<link rel=\"canonical\" href=\"https:\/\/zoo-land.az\/az\/shop\/dog\/dog-hygenic\/shampoo\/trixie-anti-dandruff-shampoo-250-ml\/\" \/>\n<meta property=\"og:locale\" content=\"az_AZ\" \/>\n<meta property=\"og:type\" content=\"article\" \/>\n<meta property=\"og:title\" content=\"Trixie Anti-Dandruff Shampoo 250 ml - Zooland.az\" \/>\n<meta property=\"og:description\" content=\"Anti-dandruff: The shampoo helps get rid of dandruff as they can be hard to leave. Trixie Anti-dandruff shampoo helps maintain a dandruff free coat.  Dandruff free: Recurrences of dandruff can be a hassle but this shampoo combats regeneration of dandruff and keeps the coat clean.  Shine and soft coat: While maintaining the anti-dandruff goal, the shampoo also provides shine and softness to the coat so it isn\u2019t dry to touch.  Natural ingredients: Trixie uses only natural ingredients to make products for your pets so there is no harm to their skin, coat or health in any way.  Used by professionals for grooming of pets. An ideal product to provide an easy rinse and decline of dandruff.\" \/>\n<meta property=\"og:url\" content=\"https:\/\/zoo-land.az\/az\/shop\/dog\/dog-hygenic\/shampoo\/trixie-anti-dandruff-shampoo-250-ml\/\" \/>\n<meta property=\"og:site_name\" content=\"Zooland.az\" \/>\n<meta property=\"og:image\" content=\"https:\/\/zoo-land.az\/wp-content\/uploads\/2024\/06\/61eebe6C6-L.jpg\" \/>\n\t<meta property=\"og:image:width\" content=\"750\" \/>\n\t<meta property=\"og:image:height\" content=\"2000\" \/>\n\t<meta property=\"og:image:type\" content=\"image\/jpeg\" \/>\n<meta name=\"twitter:card\" content=\"summary_large_image\" \/>\n<meta name=\"twitter:label1\" content=\"Est. reading time\" \/>\n\t<meta name=\"twitter:data1\" content=\"1 minute\" \/>\n<script type=\"application\/ld+json\" class=\"yoast-schema-graph\">{\"@context\":\"https:\\\/\\\/schema.org\",\"@graph\":[{\"@type\":\"WebPage\",\"@id\":\"https:\\\/\\\/zoo-land.az\\\/ru\\\/shop\\\/dog\\\/dog-hygenic\\\/shampoo\\\/trixie-anti-dandruff-shampoo-250-ml\\\/\",\"url\":\"https:\\\/\\\/zoo-land.az\\\/ru\\\/shop\\\/dog\\\/dog-hygenic\\\/shampoo\\\/trixie-anti-dandruff-shampoo-250-ml\\\/\",\"name\":\"Trixie Anti-Dandruff Shampoo 250 ml - Zooland.az\",\"isPartOf\":{\"@id\":\"https:\\\/\\\/zoo-land.az\\\/ru\\\/#website\"},\"primaryImageOfPage\":{\"@id\":\"https:\\\/\\\/zoo-land.az\\\/ru\\\/shop\\\/dog\\\/dog-hygenic\\\/shampoo\\\/trixie-anti-dandruff-shampoo-250-ml\\\/#primaryimage\"},\"image\":{\"@id\":\"https:\\\/\\\/zoo-land.az\\\/ru\\\/shop\\\/dog\\\/dog-hygenic\\\/shampoo\\\/trixie-anti-dandruff-shampoo-250-ml\\\/#primaryimage\"},\"thumbnailUrl\":\"https:\\\/\\\/zoo-land.az\\\/wp-content\\\/uploads\\\/2024\\\/06\\\/61eebe6C6-L.jpg\",\"datePublished\":\"2024-06-02T18:39:37+00:00\",\"breadcrumb\":{\"@id\":\"https:\\\/\\\/zoo-land.az\\\/ru\\\/shop\\\/dog\\\/dog-hygenic\\\/shampoo\\\/trixie-anti-dandruff-shampoo-250-ml\\\/#breadcrumb\"},\"inLanguage\":\"az\",\"potentialAction\":[{\"@type\":\"ReadAction\",\"target\":[\"https:\\\/\\\/zoo-land.az\\\/ru\\\/shop\\\/dog\\\/dog-hygenic\\\/shampoo\\\/trixie-anti-dandruff-shampoo-250-ml\\\/\"]}]},{\"@type\":\"ImageObject\",\"inLanguage\":\"az\",\"@id\":\"https:\\\/\\\/zoo-land.az\\\/ru\\\/shop\\\/dog\\\/dog-hygenic\\\/shampoo\\\/trixie-anti-dandruff-shampoo-250-ml\\\/#primaryimage\",\"url\":\"https:\\\/\\\/zoo-land.az\\\/wp-content\\\/uploads\\\/2024\\\/06\\\/61eebe6C6-L.jpg\",\"contentUrl\":\"https:\\\/\\\/zoo-land.az\\\/wp-content\\\/uploads\\\/2024\\\/06\\\/61eebe6C6-L.jpg\",\"width\":750,\"height\":2000,\"caption\":\"Version 1.0.0\"},{\"@type\":\"BreadcrumbList\",\"@id\":\"https:\\\/\\\/zoo-land.az\\\/ru\\\/shop\\\/dog\\\/dog-hygenic\\\/shampoo\\\/trixie-anti-dandruff-shampoo-250-ml\\\/#breadcrumb\",\"itemListElement\":[{\"@type\":\"ListItem\",\"position\":1,\"name\":\"Home\",\"item\":\"https:\\\/\\\/zoo-land.az\\\/ru\\\/\"},{\"@type\":\"ListItem\",\"position\":2,\"name\":\"Shop\",\"item\":\"https:\\\/\\\/zoo-land.az\\\/ru\\\/\"},{\"@type\":\"ListItem\",\"position\":3,\"name\":\"Trixie Anti-Dandruff Shampoo 250 ml\"}]},{\"@type\":\"WebSite\",\"@id\":\"https:\\\/\\\/zoo-land.az\\\/ru\\\/#website\",\"url\":\"https:\\\/\\\/zoo-land.az\\\/ru\\\/\",\"name\":\"Zooland.az\",\"description\":\"Xo\u015fb\u0259xt ev heyvanlar\u0131n\u0131n \u00fcnvan\u0131 Zooland.az\",\"publisher\":{\"@id\":\"https:\\\/\\\/zoo-land.az\\\/ru\\\/#organization\"},\"potentialAction\":[{\"@type\":\"SearchAction\",\"target\":{\"@type\":\"EntryPoint\",\"urlTemplate\":\"https:\\\/\\\/zoo-land.az\\\/ru\\\/?s={search_term_string}\"},\"query-input\":{\"@type\":\"PropertyValueSpecification\",\"valueRequired\":true,\"valueName\":\"search_term_string\"}}],\"inLanguage\":\"az\"},{\"@type\":\"Organization\",\"@id\":\"https:\\\/\\\/zoo-land.az\\\/ru\\\/#organization\",\"name\":\"Zooland.az\",\"url\":\"https:\\\/\\\/zoo-land.az\\\/ru\\\/\",\"logo\":{\"@type\":\"ImageObject\",\"inLanguage\":\"az\",\"@id\":\"https:\\\/\\\/zoo-land.az\\\/ru\\\/#\\\/schema\\\/logo\\\/image\\\/\",\"url\":\"https:\\\/\\\/zoo-land.az\\\/wp-content\\\/uploads\\\/2022\\\/05\\\/logo.svg\",\"contentUrl\":\"https:\\\/\\\/zoo-land.az\\\/wp-content\\\/uploads\\\/2022\\\/05\\\/logo.svg\",\"width\":113,\"height\":46,\"caption\":\"Zooland.az\"},\"image\":{\"@id\":\"https:\\\/\\\/zoo-land.az\\\/ru\\\/#\\\/schema\\\/logo\\\/image\\\/\"}}]}<\/script>\n<!-- \/ Yoast SEO plugin. -->","yoast_head_json":{"title":"Trixie Anti-Dandruff Shampoo 250 ml - Zooland.az","robots":{"index":"index","follow":"follow","max-snippet":"max-snippet:-1","max-image-preview":"max-image-preview:large","max-video-preview":"max-video-preview:-1"},"canonical":"https:\/\/zoo-land.az\/az\/shop\/dog\/dog-hygenic\/shampoo\/trixie-anti-dandruff-shampoo-250-ml\/","og_locale":"az_AZ","og_type":"article","og_title":"Trixie Anti-Dandruff Shampoo 250 ml - Zooland.az","og_description":"Anti-dandruff: The shampoo helps get rid of dandruff as they can be hard to leave. Trixie Anti-dandruff shampoo helps maintain a dandruff free coat.  Dandruff free: Recurrences of dandruff can be a hassle but this shampoo combats regeneration of dandruff and keeps the coat clean.  Shine and soft coat: While maintaining the anti-dandruff goal, the shampoo also provides shine and softness to the coat so it isn\u2019t dry to touch.  Natural ingredients: Trixie uses only natural ingredients to make products for your pets so there is no harm to their skin, coat or health in any way.  Used by professionals for grooming of pets. An ideal product to provide an easy rinse and decline of dandruff.","og_url":"https:\/\/zoo-land.az\/az\/shop\/dog\/dog-hygenic\/shampoo\/trixie-anti-dandruff-shampoo-250-ml\/","og_site_name":"Zooland.az","og_image":[{"width":750,"height":2000,"url":"https:\/\/zoo-land.az\/wp-content\/uploads\/2024\/06\/61eebe6C6-L.jpg","type":"image\/jpeg"}],"twitter_card":"summary_large_image","twitter_misc":{"Est. reading time":"1 minute"},"schema":{"@context":"https:\/\/schema.org","@graph":[{"@type":"WebPage","@id":"https:\/\/zoo-land.az\/ru\/shop\/dog\/dog-hygenic\/shampoo\/trixie-anti-dandruff-shampoo-250-ml\/","url":"https:\/\/zoo-land.az\/ru\/shop\/dog\/dog-hygenic\/shampoo\/trixie-anti-dandruff-shampoo-250-ml\/","name":"Trixie Anti-Dandruff Shampoo 250 ml - Zooland.az","isPartOf":{"@id":"https:\/\/zoo-land.az\/ru\/#website"},"primaryImageOfPage":{"@id":"https:\/\/zoo-land.az\/ru\/shop\/dog\/dog-hygenic\/shampoo\/trixie-anti-dandruff-shampoo-250-ml\/#primaryimage"},"image":{"@id":"https:\/\/zoo-land.az\/ru\/shop\/dog\/dog-hygenic\/shampoo\/trixie-anti-dandruff-shampoo-250-ml\/#primaryimage"},"thumbnailUrl":"https:\/\/zoo-land.az\/wp-content\/uploads\/2024\/06\/61eebe6C6-L.jpg","datePublished":"2024-06-02T18:39:37+00:00","breadcrumb":{"@id":"https:\/\/zoo-land.az\/ru\/shop\/dog\/dog-hygenic\/shampoo\/trixie-anti-dandruff-shampoo-250-ml\/#breadcrumb"},"inLanguage":"az","potentialAction":[{"@type":"ReadAction","target":["https:\/\/zoo-land.az\/ru\/shop\/dog\/dog-hygenic\/shampoo\/trixie-anti-dandruff-shampoo-250-ml\/"]}]},{"@type":"ImageObject","inLanguage":"az","@id":"https:\/\/zoo-land.az\/ru\/shop\/dog\/dog-hygenic\/shampoo\/trixie-anti-dandruff-shampoo-250-ml\/#primaryimage","url":"https:\/\/zoo-land.az\/wp-content\/uploads\/2024\/06\/61eebe6C6-L.jpg","contentUrl":"https:\/\/zoo-land.az\/wp-content\/uploads\/2024\/06\/61eebe6C6-L.jpg","width":750,"height":2000,"caption":"Version 1.0.0"},{"@type":"BreadcrumbList","@id":"https:\/\/zoo-land.az\/ru\/shop\/dog\/dog-hygenic\/shampoo\/trixie-anti-dandruff-shampoo-250-ml\/#breadcrumb","itemListElement":[{"@type":"ListItem","position":1,"name":"Home","item":"https:\/\/zoo-land.az\/ru\/"},{"@type":"ListItem","position":2,"name":"Shop","item":"https:\/\/zoo-land.az\/ru\/"},{"@type":"ListItem","position":3,"name":"Trixie Anti-Dandruff Shampoo 250 ml"}]},{"@type":"WebSite","@id":"https:\/\/zoo-land.az\/ru\/#website","url":"https:\/\/zoo-land.az\/ru\/","name":"Zooland.az","description":"Xo\u015fb\u0259xt ev heyvanlar\u0131n\u0131n \u00fcnvan\u0131 Zooland.az","publisher":{"@id":"https:\/\/zoo-land.az\/ru\/#organization"},"potentialAction":[{"@type":"SearchAction","target":{"@type":"EntryPoint","urlTemplate":"https:\/\/zoo-land.az\/ru\/?s={search_term_string}"},"query-input":{"@type":"PropertyValueSpecification","valueRequired":true,"valueName":"search_term_string"}}],"inLanguage":"az"},{"@type":"Organization","@id":"https:\/\/zoo-land.az\/ru\/#organization","name":"Zooland.az","url":"https:\/\/zoo-land.az\/ru\/","logo":{"@type":"ImageObject","inLanguage":"az","@id":"https:\/\/zoo-land.az\/ru\/#\/schema\/logo\/image\/","url":"https:\/\/zoo-land.az\/wp-content\/uploads\/2022\/05\/logo.svg","contentUrl":"https:\/\/zoo-land.az\/wp-content\/uploads\/2022\/05\/logo.svg","width":113,"height":46,"caption":"Zooland.az"},"image":{"@id":"https:\/\/zoo-land.az\/ru\/#\/schema\/logo\/image\/"}}]}},"_links":{"self":[{"href":"https:\/\/zoo-land.az\/az\/wp-json\/wp\/v2\/product\/22491","targetHints":{"allow":["GET"]}}],"collection":[{"href":"https:\/\/zoo-land.az\/az\/wp-json\/wp\/v2\/product"}],"about":[{"href":"https:\/\/zoo-land.az\/az\/wp-json\/wp\/v2\/types\/product"}],"wp:featuredmedia":[{"embeddable":true,"href":"https:\/\/zoo-land.az\/az\/wp-json\/wp\/v2\/media\/22492"}],"wp:attachment":[{"href":"https:\/\/zoo-land.az\/az\/wp-json\/wp\/v2\/media?parent=22491"}],"wp:term":[{"taxonomy":"product_cat","embeddable":true,"href":"https:\/\/zoo-land.az\/az\/wp-json\/wp\/v2\/product_cat?post=22491"},{"taxonomy":"product_tag","embeddable":true,"href":"https:\/\/zoo-land.az\/az\/wp-json\/wp\/v2\/product_tag?post=22491"}],"curies":[{"name":"wp","href":"https:\/\/api.w.org\/{rel}","templated":true}]}}