{"id":22506,"date":"2024-06-02T19:03:28","date_gmt":"2024-06-02T19:03:28","guid":{"rendered":"https:\/\/lightsteelblue-zebra-299715.hostingersite.com\/?post_type=product&#038;p=22506"},"modified":"2024-06-02T19:03:28","modified_gmt":"2024-06-02T19:03:28","slug":"trixie-tea-tree-250-ml","status":"publish","type":"product","link":"https:\/\/zoo-land.az\/az\/shop\/dog\/dog-hygenic\/shampoo\/trixie-tea-tree-250-ml\/","title":{"rendered":"Trixie Tea Tree 250 ml"},"content":{"rendered":"<p><strong>Shampoo for dogs Tea tree oil<\/strong><br \/>\nwith a high content of tea tree oil<br \/>\nvery gentle on the skin<br \/>\nprevents parasite infestation<br \/>\nheals the skin and makes the fur shiny<br \/>\nfor treating minor irritations and soothing sensitive skin<br \/>\nComposition: according to the recommendation of the European Community:<br \/>\n&#8211; 15% anionic surfactants, &lt;5% non-ionic surfactants, preservatives, fragrances, colorants<\/p>\n<p>Shelf life: 36 months<\/p>","protected":false},"excerpt":{"rendered":"<p><strong>Shampoo for dogs Tea tree oil<\/strong><br \/>\nwith a high content of tea tree oil<br \/>\nvery gentle on the skin<br \/>\nprevents parasite infestation<br \/>\nheals the skin and makes the fur shiny<br \/>\nfor treating minor irritations and soothing sensitive skin<br \/>\nComposition: according to the recommendation of the European Community:<br \/>\n&#8211; 15% anionic surfactants, &lt;5% non-ionic surfactants, preservatives, fragrances, colorants<\/p>\n<p>Shelf life: 36 months<\/p>","protected":false},"featured_media":22507,"template":"","meta":{"inline_featured_image":false,"_joinchat":[]},"product_cat":[107,355],"product_tag":[],"class_list":{"0":"post-22506","1":"product","2":"type-product","3":"status-publish","4":"has-post-thumbnail","6":"product_brand-trixie","7":"product_cat-dog","8":"product_cat-shampoo","10":"first","11":"instock","12":"shipping-taxable","13":"purchasable","14":"product-type-simple"},"yoast_head":"<!-- This site is optimized with the Yoast SEO plugin v27.4 - https:\/\/yoast.com\/product\/yoast-seo-wordpress\/ -->\n<title>Trixie Tea Tree 250 ml - Zooland.az<\/title>\n<meta name=\"robots\" content=\"index, follow, max-snippet:-1, max-image-preview:large, max-video-preview:-1\" \/>\n<link rel=\"canonical\" href=\"https:\/\/zoo-land.az\/az\/shop\/dog\/dog-hygenic\/shampoo\/trixie-tea-tree-250-ml\/\" \/>\n<meta property=\"og:locale\" content=\"az_AZ\" \/>\n<meta property=\"og:type\" content=\"article\" \/>\n<meta property=\"og:title\" content=\"Trixie Tea Tree 250 ml - Zooland.az\" \/>\n<meta property=\"og:description\" content=\"Shampoo for dogs Tea tree oil with a high content of tea tree oil very gentle on the skin prevents parasite infestation heals the skin and makes the fur shiny for treating minor irritations and soothing sensitive skin Composition: according to the recommendation of the European Community: - 15% anionic surfactants, &lt;5% non-ionic surfactants, preservatives, fragrances, colorants  Shelf life: 36 months\" \/>\n<meta property=\"og:url\" content=\"https:\/\/zoo-land.az\/az\/shop\/dog\/dog-hygenic\/shampoo\/trixie-tea-tree-250-ml\/\" \/>\n<meta property=\"og:site_name\" content=\"Zooland.az\" \/>\n<meta property=\"og:image\" content=\"https:\/\/zoo-land.az\/wp-content\/uploads\/2024\/06\/2945-1.jpg\" \/>\n\t<meta property=\"og:image:width\" content=\"375\" \/>\n\t<meta property=\"og:image:height\" content=\"1000\" \/>\n\t<meta property=\"og:image:type\" content=\"image\/jpeg\" \/>\n<meta name=\"twitter:card\" content=\"summary_large_image\" \/>\n<script type=\"application\/ld+json\" class=\"yoast-schema-graph\">{\"@context\":\"https:\\\/\\\/schema.org\",\"@graph\":[{\"@type\":\"WebPage\",\"@id\":\"https:\\\/\\\/zoo-land.az\\\/shop\\\/dog\\\/dog-hygenic\\\/shampoo\\\/trixie-tea-tree-250-ml\\\/\",\"url\":\"https:\\\/\\\/zoo-land.az\\\/shop\\\/dog\\\/dog-hygenic\\\/shampoo\\\/trixie-tea-tree-250-ml\\\/\",\"name\":\"Trixie Tea Tree 250 ml - Zooland.az\",\"isPartOf\":{\"@id\":\"https:\\\/\\\/zoo-land.az\\\/#website\"},\"primaryImageOfPage\":{\"@id\":\"https:\\\/\\\/zoo-land.az\\\/shop\\\/dog\\\/dog-hygenic\\\/shampoo\\\/trixie-tea-tree-250-ml\\\/#primaryimage\"},\"image\":{\"@id\":\"https:\\\/\\\/zoo-land.az\\\/shop\\\/dog\\\/dog-hygenic\\\/shampoo\\\/trixie-tea-tree-250-ml\\\/#primaryimage\"},\"thumbnailUrl\":\"https:\\\/\\\/zoo-land.az\\\/wp-content\\\/uploads\\\/2024\\\/06\\\/2945-1.jpg\",\"datePublished\":\"2024-06-02T19:03:28+00:00\",\"breadcrumb\":{\"@id\":\"https:\\\/\\\/zoo-land.az\\\/shop\\\/dog\\\/dog-hygenic\\\/shampoo\\\/trixie-tea-tree-250-ml\\\/#breadcrumb\"},\"inLanguage\":\"az\",\"potentialAction\":[{\"@type\":\"ReadAction\",\"target\":[\"https:\\\/\\\/zoo-land.az\\\/shop\\\/dog\\\/dog-hygenic\\\/shampoo\\\/trixie-tea-tree-250-ml\\\/\"]}]},{\"@type\":\"ImageObject\",\"inLanguage\":\"az\",\"@id\":\"https:\\\/\\\/zoo-land.az\\\/shop\\\/dog\\\/dog-hygenic\\\/shampoo\\\/trixie-tea-tree-250-ml\\\/#primaryimage\",\"url\":\"https:\\\/\\\/zoo-land.az\\\/wp-content\\\/uploads\\\/2024\\\/06\\\/2945-1.jpg\",\"contentUrl\":\"https:\\\/\\\/zoo-land.az\\\/wp-content\\\/uploads\\\/2024\\\/06\\\/2945-1.jpg\",\"width\":375,\"height\":1000},{\"@type\":\"BreadcrumbList\",\"@id\":\"https:\\\/\\\/zoo-land.az\\\/shop\\\/dog\\\/dog-hygenic\\\/shampoo\\\/trixie-tea-tree-250-ml\\\/#breadcrumb\",\"itemListElement\":[{\"@type\":\"ListItem\",\"position\":1,\"name\":\"Home\",\"item\":\"https:\\\/\\\/zoo-land.az\\\/ru\\\/\"},{\"@type\":\"ListItem\",\"position\":2,\"name\":\"Shop\",\"item\":\"https:\\\/\\\/zoo-land.az\\\/ru\\\/\"},{\"@type\":\"ListItem\",\"position\":3,\"name\":\"Trixie Tea Tree 250 ml\"}]},{\"@type\":\"WebSite\",\"@id\":\"https:\\\/\\\/zoo-land.az\\\/#website\",\"url\":\"https:\\\/\\\/zoo-land.az\\\/\",\"name\":\"Zooland.az\",\"description\":\"Xo\u015fb\u0259xt ev heyvanlar\u0131n\u0131n \u00fcnvan\u0131 Zooland.az\",\"publisher\":{\"@id\":\"https:\\\/\\\/zoo-land.az\\\/#organization\"},\"potentialAction\":[{\"@type\":\"SearchAction\",\"target\":{\"@type\":\"EntryPoint\",\"urlTemplate\":\"https:\\\/\\\/zoo-land.az\\\/?s={search_term_string}\"},\"query-input\":{\"@type\":\"PropertyValueSpecification\",\"valueRequired\":true,\"valueName\":\"search_term_string\"}}],\"inLanguage\":\"az\"},{\"@type\":\"Organization\",\"@id\":\"https:\\\/\\\/zoo-land.az\\\/#organization\",\"name\":\"Zooland.az\",\"url\":\"https:\\\/\\\/zoo-land.az\\\/\",\"logo\":{\"@type\":\"ImageObject\",\"inLanguage\":\"az\",\"@id\":\"https:\\\/\\\/zoo-land.az\\\/#\\\/schema\\\/logo\\\/image\\\/\",\"url\":\"https:\\\/\\\/zoo-land.az\\\/wp-content\\\/uploads\\\/2022\\\/05\\\/logo.svg\",\"contentUrl\":\"https:\\\/\\\/zoo-land.az\\\/wp-content\\\/uploads\\\/2022\\\/05\\\/logo.svg\",\"width\":113,\"height\":46,\"caption\":\"Zooland.az\"},\"image\":{\"@id\":\"https:\\\/\\\/zoo-land.az\\\/#\\\/schema\\\/logo\\\/image\\\/\"}}]}<\/script>\n<!-- \/ Yoast SEO plugin. -->","yoast_head_json":{"title":"Trixie Tea Tree 250 ml - Zooland.az","robots":{"index":"index","follow":"follow","max-snippet":"max-snippet:-1","max-image-preview":"max-image-preview:large","max-video-preview":"max-video-preview:-1"},"canonical":"https:\/\/zoo-land.az\/az\/shop\/dog\/dog-hygenic\/shampoo\/trixie-tea-tree-250-ml\/","og_locale":"az_AZ","og_type":"article","og_title":"Trixie Tea Tree 250 ml - Zooland.az","og_description":"Shampoo for dogs Tea tree oil with a high content of tea tree oil very gentle on the skin prevents parasite infestation heals the skin and makes the fur shiny for treating minor irritations and soothing sensitive skin Composition: according to the recommendation of the European Community: - 15% anionic surfactants, &lt;5% non-ionic surfactants, preservatives, fragrances, colorants  Shelf life: 36 months","og_url":"https:\/\/zoo-land.az\/az\/shop\/dog\/dog-hygenic\/shampoo\/trixie-tea-tree-250-ml\/","og_site_name":"Zooland.az","og_image":[{"width":375,"height":1000,"url":"https:\/\/zoo-land.az\/wp-content\/uploads\/2024\/06\/2945-1.jpg","type":"image\/jpeg"}],"twitter_card":"summary_large_image","schema":{"@context":"https:\/\/schema.org","@graph":[{"@type":"WebPage","@id":"https:\/\/zoo-land.az\/shop\/dog\/dog-hygenic\/shampoo\/trixie-tea-tree-250-ml\/","url":"https:\/\/zoo-land.az\/shop\/dog\/dog-hygenic\/shampoo\/trixie-tea-tree-250-ml\/","name":"Trixie Tea Tree 250 ml - Zooland.az","isPartOf":{"@id":"https:\/\/zoo-land.az\/#website"},"primaryImageOfPage":{"@id":"https:\/\/zoo-land.az\/shop\/dog\/dog-hygenic\/shampoo\/trixie-tea-tree-250-ml\/#primaryimage"},"image":{"@id":"https:\/\/zoo-land.az\/shop\/dog\/dog-hygenic\/shampoo\/trixie-tea-tree-250-ml\/#primaryimage"},"thumbnailUrl":"https:\/\/zoo-land.az\/wp-content\/uploads\/2024\/06\/2945-1.jpg","datePublished":"2024-06-02T19:03:28+00:00","breadcrumb":{"@id":"https:\/\/zoo-land.az\/shop\/dog\/dog-hygenic\/shampoo\/trixie-tea-tree-250-ml\/#breadcrumb"},"inLanguage":"az","potentialAction":[{"@type":"ReadAction","target":["https:\/\/zoo-land.az\/shop\/dog\/dog-hygenic\/shampoo\/trixie-tea-tree-250-ml\/"]}]},{"@type":"ImageObject","inLanguage":"az","@id":"https:\/\/zoo-land.az\/shop\/dog\/dog-hygenic\/shampoo\/trixie-tea-tree-250-ml\/#primaryimage","url":"https:\/\/zoo-land.az\/wp-content\/uploads\/2024\/06\/2945-1.jpg","contentUrl":"https:\/\/zoo-land.az\/wp-content\/uploads\/2024\/06\/2945-1.jpg","width":375,"height":1000},{"@type":"BreadcrumbList","@id":"https:\/\/zoo-land.az\/shop\/dog\/dog-hygenic\/shampoo\/trixie-tea-tree-250-ml\/#breadcrumb","itemListElement":[{"@type":"ListItem","position":1,"name":"Home","item":"https:\/\/zoo-land.az\/ru\/"},{"@type":"ListItem","position":2,"name":"Shop","item":"https:\/\/zoo-land.az\/ru\/"},{"@type":"ListItem","position":3,"name":"Trixie Tea Tree 250 ml"}]},{"@type":"WebSite","@id":"https:\/\/zoo-land.az\/#website","url":"https:\/\/zoo-land.az\/","name":"Zooland.az","description":"Xo\u015fb\u0259xt ev heyvanlar\u0131n\u0131n \u00fcnvan\u0131 Zooland.az","publisher":{"@id":"https:\/\/zoo-land.az\/#organization"},"potentialAction":[{"@type":"SearchAction","target":{"@type":"EntryPoint","urlTemplate":"https:\/\/zoo-land.az\/?s={search_term_string}"},"query-input":{"@type":"PropertyValueSpecification","valueRequired":true,"valueName":"search_term_string"}}],"inLanguage":"az"},{"@type":"Organization","@id":"https:\/\/zoo-land.az\/#organization","name":"Zooland.az","url":"https:\/\/zoo-land.az\/","logo":{"@type":"ImageObject","inLanguage":"az","@id":"https:\/\/zoo-land.az\/#\/schema\/logo\/image\/","url":"https:\/\/zoo-land.az\/wp-content\/uploads\/2022\/05\/logo.svg","contentUrl":"https:\/\/zoo-land.az\/wp-content\/uploads\/2022\/05\/logo.svg","width":113,"height":46,"caption":"Zooland.az"},"image":{"@id":"https:\/\/zoo-land.az\/#\/schema\/logo\/image\/"}}]}},"_links":{"self":[{"href":"https:\/\/zoo-land.az\/az\/wp-json\/wp\/v2\/product\/22506","targetHints":{"allow":["GET"]}}],"collection":[{"href":"https:\/\/zoo-land.az\/az\/wp-json\/wp\/v2\/product"}],"about":[{"href":"https:\/\/zoo-land.az\/az\/wp-json\/wp\/v2\/types\/product"}],"wp:featuredmedia":[{"embeddable":true,"href":"https:\/\/zoo-land.az\/az\/wp-json\/wp\/v2\/media\/22507"}],"wp:attachment":[{"href":"https:\/\/zoo-land.az\/az\/wp-json\/wp\/v2\/media?parent=22506"}],"wp:term":[{"taxonomy":"product_cat","embeddable":true,"href":"https:\/\/zoo-land.az\/az\/wp-json\/wp\/v2\/product_cat?post=22506"},{"taxonomy":"product_tag","embeddable":true,"href":"https:\/\/zoo-land.az\/az\/wp-json\/wp\/v2\/product_tag?post=22506"}],"curies":[{"name":"wp","href":"https:\/\/api.w.org\/{rel}","templated":true}]}}