{"id":22600,"date":"2024-06-04T17:30:05","date_gmt":"2024-06-04T17:30:05","guid":{"rendered":"https:\/\/lightsteelblue-zebra-299715.hostingersite.com\/?post_type=product&#038;p=22600"},"modified":"2024-06-04T17:30:06","modified_gmt":"2024-06-04T17:30:06","slug":"josidog-active-15-kg-2","status":"publish","type":"product","link":"https:\/\/zoo-land.az\/az\/shop\/dog\/dog-food\/josidog-active-15-kg-2\/","title":{"rendered":"Josidog Active 15 kg"},"content":{"rendered":"<p><strong>Josera JosiDog Active<\/strong> is a premium complete and balanced high-energy food for adult dogs with increased activity levels, as well as for dogs with heavy workloads, particularly working and hunting breeds. The nutritious gluten-free recipe provides sufficient energy for very active and athletic dogs and is suitable for dogs of all breeds.<\/p>\n<p><strong>Benefits of JosiDog Active Dog Food:<\/strong><\/p>\n<ul>\n<li><strong>High-Quality Natural Ingredients:<\/strong> Carefully selected and tested for quality.<\/li>\n<li><strong>Special Recipe for Active Dogs:<\/strong> Formulated to meet the needs of highly active dogs.<\/li>\n<li><strong>High Metabolic Energy Content:<\/strong> Provides the necessary nutrients for active dogs.<\/li>\n<li><strong>Supports Working and Hunting Dogs:<\/strong> Ideal for dogs in rehabilitation or with increased physical demands.<\/li>\n<li><strong>Necessary Energy Value:<\/strong> Ensures proper metabolism, excellent physical condition, and rapid recovery.<\/li>\n<li><strong>Increased Chicken Fat Content:<\/strong> Provides the needed energy with less food.<\/li>\n<li><strong>Optimal Omega-3 and Omega-6 Fatty Acids:<\/strong> Supports cardiovascular health, skin health, and a shiny coat.<\/li>\n<li><strong>Gluten-Free Recipe:<\/strong> Maintains digestive system health.<\/li>\n<li><strong>No GMOs, Preservatives, Artificial Colors, or Flavor Enhancers.<\/strong><\/li>\n<\/ul>\n<p><strong>T\u0259rkibi:<\/strong><\/p>\n<ul>\n<li>Poultry meal<\/li>\n<li>Corn<\/li>\n<li>Rice<\/li>\n<li>Poultry fat<\/li>\n<li>Beet pulp<\/li>\n<li>Hydrolyzed poultry protein<\/li>\n<li>Hydrolyzed animal protein<\/li>\n<li>Ground chicory root (natural source of inulin)<\/li>\n<li>Dried New Zealand green mussel meat (Perna canaliculus)<\/li>\n<li>Vitaminl\u0259r<\/li>\n<li>Minerals<\/li>\n<\/ul>\n<p><strong>Analitik komponentl\u0259r:<\/strong><\/p>\n<ul>\n<li>Protein: 29.0%<\/li>\n<li>Fat: 17.0%<\/li>\n<li>Fiber: 2.5%<\/li>\n<li>Ash: 7.0%<\/li>\n<li>Calcium: 1.4%<\/li>\n<li>Phosphorus: 1.0%<\/li>\n<\/ul>\n<p><strong>Nutritional Additives per 1 kg:<\/strong><\/p>\n<ul>\n<li>Vitamin A: 12,000 IU<\/li>\n<li>Vitamin D3: 1,200 IU<\/li>\n<li>Vitamin E: 130 mg<\/li>\n<li>Vitamin B1: 10 mg<\/li>\n<li>Vitamin B2: 15 mg<\/li>\n<li>Vitamin B6: 15 mg<\/li>\n<li>Vitamin B12: 70 \u00b5g<\/li>\n<li>Pantothenic acid: 30 mg<\/li>\n<li>Folic acid: 4 mg<\/li>\n<li>Biotin: 600 \u00b5g<\/li>\n<li>Iron: 175 mg<\/li>\n<li>Zinc: 150 mg<\/li>\n<li>Manganese: 15 mg<\/li>\n<li>Copper: 18 mg<\/li>\n<li>Iodine: 1.9 mg<\/li>\n<li>Selenium: 0.23 mg<\/li>\n<\/ul>","protected":false},"excerpt":{"rendered":"<p><strong>Josera JosiDog Active<\/strong> is a premium complete and balanced high-energy food for adult dogs with increased activity levels, as well as for dogs with heavy workloads, particularly working and hunting breeds.<\/p>","protected":false},"featured_media":22601,"template":"","meta":{"inline_featured_image":false,"_joinchat":[]},"product_cat":[132,107],"product_tag":[],"class_list":{"0":"post-22600","1":"product","2":"type-product","3":"status-publish","4":"has-post-thumbnail","6":"product_brand-josicat","7":"product_cat-dog-food","8":"product_cat-dog","10":"first","11":"instock","12":"shipping-taxable","13":"purchasable","14":"product-type-simple"},"yoast_head":"<!-- This site is optimized with the Yoast SEO plugin v26.7 - https:\/\/yoast.com\/wordpress\/plugins\/seo\/ -->\n<title>Josidog Active 15 kg - Zooland.az<\/title>\n<meta name=\"robots\" content=\"index, follow, max-snippet:-1, max-image-preview:large, max-video-preview:-1\" \/>\n<link rel=\"canonical\" href=\"https:\/\/zoo-land.az\/az\/shop\/dog\/dog-food\/josidog-active-15-kg-2\/\" \/>\n<meta property=\"og:locale\" content=\"az_AZ\" \/>\n<meta property=\"og:type\" content=\"article\" \/>\n<meta property=\"og:title\" content=\"Josidog Active 15 kg - Zooland.az\" \/>\n<meta property=\"og:description\" content=\"Josera JosiDog Active is a premium complete and balanced high-energy food for adult dogs with increased activity levels, as well as for dogs with heavy workloads, particularly working and hunting breeds.\" \/>\n<meta property=\"og:url\" content=\"https:\/\/zoo-land.az\/az\/shop\/dog\/dog-food\/josidog-active-15-kg-2\/\" \/>\n<meta property=\"og:site_name\" content=\"Zooland.az\" \/>\n<meta property=\"article:modified_time\" content=\"2024-06-04T17:30:06+00:00\" \/>\n<meta property=\"og:image\" content=\"https:\/\/zoo-land.az\/wp-content\/uploads\/2024\/06\/Josera-Josidog-Active.jpg\" \/>\n\t<meta property=\"og:image:width\" content=\"1024\" \/>\n\t<meta property=\"og:image:height\" content=\"1024\" \/>\n\t<meta property=\"og:image:type\" content=\"image\/jpeg\" \/>\n<meta name=\"twitter:card\" content=\"summary_large_image\" \/>\n<meta name=\"twitter:label1\" content=\"Est. reading time\" \/>\n\t<meta name=\"twitter:data1\" content=\"1 minute\" \/>\n<script type=\"application\/ld+json\" class=\"yoast-schema-graph\">{\"@context\":\"https:\/\/schema.org\",\"@graph\":[{\"@type\":\"WebPage\",\"@id\":\"https:\/\/zoo-land.az\/shop\/dog\/dog-food\/josidog-active-15-kg-2\/\",\"url\":\"https:\/\/zoo-land.az\/shop\/dog\/dog-food\/josidog-active-15-kg-2\/\",\"name\":\"Josidog Active 15 kg - Zooland.az\",\"isPartOf\":{\"@id\":\"https:\/\/zoo-land.az\/#website\"},\"primaryImageOfPage\":{\"@id\":\"https:\/\/zoo-land.az\/shop\/dog\/dog-food\/josidog-active-15-kg-2\/#primaryimage\"},\"image\":{\"@id\":\"https:\/\/zoo-land.az\/shop\/dog\/dog-food\/josidog-active-15-kg-2\/#primaryimage\"},\"thumbnailUrl\":\"https:\/\/zoo-land.az\/wp-content\/uploads\/2024\/06\/Josera-Josidog-Active.jpg\",\"datePublished\":\"2024-06-04T17:30:05+00:00\",\"dateModified\":\"2024-06-04T17:30:06+00:00\",\"breadcrumb\":{\"@id\":\"https:\/\/zoo-land.az\/shop\/dog\/dog-food\/josidog-active-15-kg-2\/#breadcrumb\"},\"inLanguage\":\"az\",\"potentialAction\":[{\"@type\":\"ReadAction\",\"target\":[\"https:\/\/zoo-land.az\/shop\/dog\/dog-food\/josidog-active-15-kg-2\/\"]}]},{\"@type\":\"ImageObject\",\"inLanguage\":\"az\",\"@id\":\"https:\/\/zoo-land.az\/shop\/dog\/dog-food\/josidog-active-15-kg-2\/#primaryimage\",\"url\":\"https:\/\/zoo-land.az\/wp-content\/uploads\/2024\/06\/Josera-Josidog-Active.jpg\",\"contentUrl\":\"https:\/\/zoo-land.az\/wp-content\/uploads\/2024\/06\/Josera-Josidog-Active.jpg\",\"width\":1024,\"height\":1024},{\"@type\":\"BreadcrumbList\",\"@id\":\"https:\/\/zoo-land.az\/shop\/dog\/dog-food\/josidog-active-15-kg-2\/#breadcrumb\",\"itemListElement\":[{\"@type\":\"ListItem\",\"position\":1,\"name\":\"Home\",\"item\":\"https:\/\/zoo-land.az\/ru\/\"},{\"@type\":\"ListItem\",\"position\":2,\"name\":\"Shop\",\"item\":\"https:\/\/zoo-land.az\/ru\/\"},{\"@type\":\"ListItem\",\"position\":3,\"name\":\"Josidog Active 15 kg\"}]},{\"@type\":\"WebSite\",\"@id\":\"https:\/\/zoo-land.az\/#website\",\"url\":\"https:\/\/zoo-land.az\/\",\"name\":\"Zooland.az\",\"description\":\"Xo\u015fb\u0259xt ev heyvanlar\u0131n\u0131n \u00fcnvan\u0131 Zooland.az\",\"publisher\":{\"@id\":\"https:\/\/zoo-land.az\/#organization\"},\"potentialAction\":[{\"@type\":\"SearchAction\",\"target\":{\"@type\":\"EntryPoint\",\"urlTemplate\":\"https:\/\/zoo-land.az\/?s={search_term_string}\"},\"query-input\":{\"@type\":\"PropertyValueSpecification\",\"valueRequired\":true,\"valueName\":\"search_term_string\"}}],\"inLanguage\":\"az\"},{\"@type\":\"Organization\",\"@id\":\"https:\/\/zoo-land.az\/#organization\",\"name\":\"Zooland.az\",\"url\":\"https:\/\/zoo-land.az\/\",\"logo\":{\"@type\":\"ImageObject\",\"inLanguage\":\"az\",\"@id\":\"https:\/\/zoo-land.az\/#\/schema\/logo\/image\/\",\"url\":\"https:\/\/zoo-land.az\/wp-content\/uploads\/2022\/05\/logo.svg\",\"contentUrl\":\"https:\/\/zoo-land.az\/wp-content\/uploads\/2022\/05\/logo.svg\",\"width\":113,\"height\":46,\"caption\":\"Zooland.az\"},\"image\":{\"@id\":\"https:\/\/zoo-land.az\/#\/schema\/logo\/image\/\"}}]}<\/script>\n<!-- \/ Yoast SEO plugin. -->","yoast_head_json":{"title":"Josidog Active 15 kg - Zooland.az","robots":{"index":"index","follow":"follow","max-snippet":"max-snippet:-1","max-image-preview":"max-image-preview:large","max-video-preview":"max-video-preview:-1"},"canonical":"https:\/\/zoo-land.az\/az\/shop\/dog\/dog-food\/josidog-active-15-kg-2\/","og_locale":"az_AZ","og_type":"article","og_title":"Josidog Active 15 kg - Zooland.az","og_description":"Josera JosiDog Active is a premium complete and balanced high-energy food for adult dogs with increased activity levels, as well as for dogs with heavy workloads, particularly working and hunting breeds.","og_url":"https:\/\/zoo-land.az\/az\/shop\/dog\/dog-food\/josidog-active-15-kg-2\/","og_site_name":"Zooland.az","article_modified_time":"2024-06-04T17:30:06+00:00","og_image":[{"width":1024,"height":1024,"url":"https:\/\/zoo-land.az\/wp-content\/uploads\/2024\/06\/Josera-Josidog-Active.jpg","type":"image\/jpeg"}],"twitter_card":"summary_large_image","twitter_misc":{"Est. reading time":"1 minute"},"schema":{"@context":"https:\/\/schema.org","@graph":[{"@type":"WebPage","@id":"https:\/\/zoo-land.az\/shop\/dog\/dog-food\/josidog-active-15-kg-2\/","url":"https:\/\/zoo-land.az\/shop\/dog\/dog-food\/josidog-active-15-kg-2\/","name":"Josidog Active 15 kg - Zooland.az","isPartOf":{"@id":"https:\/\/zoo-land.az\/#website"},"primaryImageOfPage":{"@id":"https:\/\/zoo-land.az\/shop\/dog\/dog-food\/josidog-active-15-kg-2\/#primaryimage"},"image":{"@id":"https:\/\/zoo-land.az\/shop\/dog\/dog-food\/josidog-active-15-kg-2\/#primaryimage"},"thumbnailUrl":"https:\/\/zoo-land.az\/wp-content\/uploads\/2024\/06\/Josera-Josidog-Active.jpg","datePublished":"2024-06-04T17:30:05+00:00","dateModified":"2024-06-04T17:30:06+00:00","breadcrumb":{"@id":"https:\/\/zoo-land.az\/shop\/dog\/dog-food\/josidog-active-15-kg-2\/#breadcrumb"},"inLanguage":"az","potentialAction":[{"@type":"ReadAction","target":["https:\/\/zoo-land.az\/shop\/dog\/dog-food\/josidog-active-15-kg-2\/"]}]},{"@type":"ImageObject","inLanguage":"az","@id":"https:\/\/zoo-land.az\/shop\/dog\/dog-food\/josidog-active-15-kg-2\/#primaryimage","url":"https:\/\/zoo-land.az\/wp-content\/uploads\/2024\/06\/Josera-Josidog-Active.jpg","contentUrl":"https:\/\/zoo-land.az\/wp-content\/uploads\/2024\/06\/Josera-Josidog-Active.jpg","width":1024,"height":1024},{"@type":"BreadcrumbList","@id":"https:\/\/zoo-land.az\/shop\/dog\/dog-food\/josidog-active-15-kg-2\/#breadcrumb","itemListElement":[{"@type":"ListItem","position":1,"name":"Home","item":"https:\/\/zoo-land.az\/ru\/"},{"@type":"ListItem","position":2,"name":"Shop","item":"https:\/\/zoo-land.az\/ru\/"},{"@type":"ListItem","position":3,"name":"Josidog Active 15 kg"}]},{"@type":"WebSite","@id":"https:\/\/zoo-land.az\/#website","url":"https:\/\/zoo-land.az\/","name":"Zooland.az","description":"Xo\u015fb\u0259xt ev heyvanlar\u0131n\u0131n \u00fcnvan\u0131 Zooland.az","publisher":{"@id":"https:\/\/zoo-land.az\/#organization"},"potentialAction":[{"@type":"SearchAction","target":{"@type":"EntryPoint","urlTemplate":"https:\/\/zoo-land.az\/?s={search_term_string}"},"query-input":{"@type":"PropertyValueSpecification","valueRequired":true,"valueName":"search_term_string"}}],"inLanguage":"az"},{"@type":"Organization","@id":"https:\/\/zoo-land.az\/#organization","name":"Zooland.az","url":"https:\/\/zoo-land.az\/","logo":{"@type":"ImageObject","inLanguage":"az","@id":"https:\/\/zoo-land.az\/#\/schema\/logo\/image\/","url":"https:\/\/zoo-land.az\/wp-content\/uploads\/2022\/05\/logo.svg","contentUrl":"https:\/\/zoo-land.az\/wp-content\/uploads\/2022\/05\/logo.svg","width":113,"height":46,"caption":"Zooland.az"},"image":{"@id":"https:\/\/zoo-land.az\/#\/schema\/logo\/image\/"}}]}},"_links":{"self":[{"href":"https:\/\/zoo-land.az\/az\/wp-json\/wp\/v2\/product\/22600","targetHints":{"allow":["GET"]}}],"collection":[{"href":"https:\/\/zoo-land.az\/az\/wp-json\/wp\/v2\/product"}],"about":[{"href":"https:\/\/zoo-land.az\/az\/wp-json\/wp\/v2\/types\/product"}],"wp:featuredmedia":[{"embeddable":true,"href":"https:\/\/zoo-land.az\/az\/wp-json\/wp\/v2\/media\/22601"}],"wp:attachment":[{"href":"https:\/\/zoo-land.az\/az\/wp-json\/wp\/v2\/media?parent=22600"}],"wp:term":[{"taxonomy":"product_cat","embeddable":true,"href":"https:\/\/zoo-land.az\/az\/wp-json\/wp\/v2\/product_cat?post=22600"},{"taxonomy":"product_tag","embeddable":true,"href":"https:\/\/zoo-land.az\/az\/wp-json\/wp\/v2\/product_tag?post=22600"}],"curies":[{"name":"wp","href":"https:\/\/api.w.org\/{rel}","templated":true}]}}