{"id":22606,"date":"2024-06-04T17:44:10","date_gmt":"2024-06-04T17:44:10","guid":{"rendered":"https:\/\/lightsteelblue-zebra-299715.hostingersite.com\/?post_type=product&#038;p=22606"},"modified":"2024-06-04T17:44:10","modified_gmt":"2024-06-04T17:44:10","slug":"gemon-puppy-junior-dog-chicken-rice-20-kg","status":"publish","type":"product","link":"https:\/\/zoo-land.az\/az\/shop\/dog\/dog-food\/gemon-puppy-junior-dog-chicken-rice-20-kg\/","title":{"rendered":"Gemon Puppy Junior Dog Chicken Rice 20 kg"},"content":{"rendered":"<p>Puppy &amp; Junior With Chicken And Rice \u2013 For growing dogs of all breeds, with chicken and rice<\/p>\n<p>Complete dry food for daily feeding of adolescent puppies of small breeds aged 6 weeks to 12 months. With chicken and rice. Rich in first-class, highly digestible chicken, to meet the specific energy needs of adolescent puppies for healthy growth.<\/p>\n<p>INGREDIENTS: cereals (of which rice min. 5%), meat and meat by-products 28% (of which fresh chicken min. 10%), oils and fats, fish and fish by-products, by-products of plant origin (2% beet pulp) , yeast (brewer\u2019s yeast 1%), corn gluten: 7%, minerals, chestnut extract, Yucca Schidigera, choline chloride, FOS (fructo-oligo-saccharides): 1 g \/ kg, vitamin E.<\/p>\n<p>ANALYTICAL COMPOSITION: protein: 29.00%, oils and fats: 15.00%, fiber: 2.70%, ash: 6.00%, calcium: 1.50%, phosphorus: 1.0%.<\/p>\n<p>KG SUPPLEMENTARY FOODS: vitamin A (Retinyl acetate): 20000 IU, vitamin D3 (Cholecalciferol): 1215 IU, vitamin E (all-rac-alpha tocopheryl acetate): 130 mg, choline chloride: 2000 mg, manganese sulfate monohydrate: 90 mg (manganese: 30 mg), zinc oxide: 175 mg (zinc: 130 mg), copper sulphate pentahydrate: 40 mg (copper: 11 mg \/ kg), ferrous sulphate monohydrate: 300 mg (iron: 90 mg), sodium selenite: 0.40 mg (selenium: 0.18 mg), anhydrous calcium iodate: 2.30 mg (iodine: 1.40 mg), amino acids \/ kg: L-carnitine 50%: 100 mg.<\/p>\n<p>TECHNOLOGICAL ADDITIVES: antioxidants<\/p>","protected":false},"excerpt":{"rendered":"<p>Puppy &amp; Junior With Chicken And Rice \u2013 For growing dogs of all breeds, with chicken and rice<\/p>\n<p>Complete dry food for daily feeding of adolescent puppies of small breeds aged 6 weeks to 12 months. With chicken and rice. Rich in first-class, highly digestible chicken, to meet the specific energy needs of adolescent puppies for healthy growth.<\/p>","protected":false},"featured_media":22607,"template":"","meta":{"inline_featured_image":false,"_joinchat":[]},"product_cat":[132,107],"product_tag":[],"class_list":{"0":"post-22606","1":"product","2":"type-product","3":"status-publish","4":"has-post-thumbnail","6":"product_brand-gemon","7":"product_cat-dog-food","8":"product_cat-dog","10":"first","11":"instock","12":"shipping-taxable","13":"purchasable","14":"product-type-simple"},"yoast_head":"<!-- This site is optimized with the Yoast SEO plugin v27.4 - https:\/\/yoast.com\/product\/yoast-seo-wordpress\/ -->\n<title>Gemon Puppy Junior Dog Chicken Rice 20 kg - Zooland.az<\/title>\n<meta name=\"robots\" content=\"index, follow, max-snippet:-1, max-image-preview:large, max-video-preview:-1\" \/>\n<link rel=\"canonical\" href=\"https:\/\/zoo-land.az\/az\/shop\/dog\/dog-food\/gemon-puppy-junior-dog-chicken-rice-20-kg\/\" \/>\n<meta property=\"og:locale\" content=\"az_AZ\" \/>\n<meta property=\"og:type\" content=\"article\" \/>\n<meta property=\"og:title\" content=\"Gemon Puppy Junior Dog Chicken Rice 20 kg - Zooland.az\" \/>\n<meta property=\"og:description\" content=\"Puppy &amp; Junior With Chicken And Rice \u2013 For growing dogs of all breeds, with chicken and rice  Complete dry food for daily feeding of adolescent puppies of small breeds aged 6 weeks to 12 months. With chicken and rice. Rich in first-class, highly digestible chicken, to meet the specific energy needs of adolescent puppies for healthy growth.\" \/>\n<meta property=\"og:url\" content=\"https:\/\/zoo-land.az\/az\/shop\/dog\/dog-food\/gemon-puppy-junior-dog-chicken-rice-20-kg\/\" \/>\n<meta property=\"og:site_name\" content=\"Zooland.az\" \/>\n<meta property=\"og:image\" content=\"https:\/\/zoo-land.az\/wp-content\/uploads\/2024\/06\/618nnV3pVsL._AC_UF8941000_QL80_.jpg\" \/>\n\t<meta property=\"og:image:width\" content=\"596\" \/>\n\t<meta property=\"og:image:height\" content=\"1000\" \/>\n\t<meta property=\"og:image:type\" content=\"image\/jpeg\" \/>\n<meta name=\"twitter:card\" content=\"summary_large_image\" \/>\n<meta name=\"twitter:label1\" content=\"Est. reading time\" \/>\n\t<meta name=\"twitter:data1\" content=\"1 minute\" \/>\n<script type=\"application\/ld+json\" class=\"yoast-schema-graph\">{\"@context\":\"https:\\\/\\\/schema.org\",\"@graph\":[{\"@type\":\"WebPage\",\"@id\":\"https:\\\/\\\/zoo-land.az\\\/ru\\\/shop\\\/dog\\\/dog-food\\\/gemon-puppy-junior-dog-chicken-rice-20-kg\\\/\",\"url\":\"https:\\\/\\\/zoo-land.az\\\/ru\\\/shop\\\/dog\\\/dog-food\\\/gemon-puppy-junior-dog-chicken-rice-20-kg\\\/\",\"name\":\"Gemon Puppy Junior Dog Chicken Rice 20 kg - Zooland.az\",\"isPartOf\":{\"@id\":\"https:\\\/\\\/zoo-land.az\\\/#website\"},\"primaryImageOfPage\":{\"@id\":\"https:\\\/\\\/zoo-land.az\\\/ru\\\/shop\\\/dog\\\/dog-food\\\/gemon-puppy-junior-dog-chicken-rice-20-kg\\\/#primaryimage\"},\"image\":{\"@id\":\"https:\\\/\\\/zoo-land.az\\\/ru\\\/shop\\\/dog\\\/dog-food\\\/gemon-puppy-junior-dog-chicken-rice-20-kg\\\/#primaryimage\"},\"thumbnailUrl\":\"https:\\\/\\\/zoo-land.az\\\/wp-content\\\/uploads\\\/2024\\\/06\\\/618nnV3pVsL._AC_UF8941000_QL80_.jpg\",\"datePublished\":\"2024-06-04T17:44:10+00:00\",\"breadcrumb\":{\"@id\":\"https:\\\/\\\/zoo-land.az\\\/ru\\\/shop\\\/dog\\\/dog-food\\\/gemon-puppy-junior-dog-chicken-rice-20-kg\\\/#breadcrumb\"},\"inLanguage\":\"az\",\"potentialAction\":[{\"@type\":\"ReadAction\",\"target\":[\"https:\\\/\\\/zoo-land.az\\\/ru\\\/shop\\\/dog\\\/dog-food\\\/gemon-puppy-junior-dog-chicken-rice-20-kg\\\/\"]}]},{\"@type\":\"ImageObject\",\"inLanguage\":\"az\",\"@id\":\"https:\\\/\\\/zoo-land.az\\\/ru\\\/shop\\\/dog\\\/dog-food\\\/gemon-puppy-junior-dog-chicken-rice-20-kg\\\/#primaryimage\",\"url\":\"https:\\\/\\\/zoo-land.az\\\/wp-content\\\/uploads\\\/2024\\\/06\\\/618nnV3pVsL._AC_UF8941000_QL80_.jpg\",\"contentUrl\":\"https:\\\/\\\/zoo-land.az\\\/wp-content\\\/uploads\\\/2024\\\/06\\\/618nnV3pVsL._AC_UF8941000_QL80_.jpg\",\"width\":596,\"height\":1000},{\"@type\":\"BreadcrumbList\",\"@id\":\"https:\\\/\\\/zoo-land.az\\\/ru\\\/shop\\\/dog\\\/dog-food\\\/gemon-puppy-junior-dog-chicken-rice-20-kg\\\/#breadcrumb\",\"itemListElement\":[{\"@type\":\"ListItem\",\"position\":1,\"name\":\"Home\",\"item\":\"https:\\\/\\\/zoo-land.az\\\/ru\\\/\"},{\"@type\":\"ListItem\",\"position\":2,\"name\":\"Shop\",\"item\":\"https:\\\/\\\/zoo-land.az\\\/ru\\\/\"},{\"@type\":\"ListItem\",\"position\":3,\"name\":\"Gemon Puppy Junior Dog Chicken Rice 20 kg\"}]},{\"@type\":\"WebSite\",\"@id\":\"https:\\\/\\\/zoo-land.az\\\/#website\",\"url\":\"https:\\\/\\\/zoo-land.az\\\/\",\"name\":\"Zooland.az\",\"description\":\"Xo\u015fb\u0259xt ev heyvanlar\u0131n\u0131n \u00fcnvan\u0131 Zooland.az\",\"publisher\":{\"@id\":\"https:\\\/\\\/zoo-land.az\\\/#organization\"},\"potentialAction\":[{\"@type\":\"SearchAction\",\"target\":{\"@type\":\"EntryPoint\",\"urlTemplate\":\"https:\\\/\\\/zoo-land.az\\\/?s={search_term_string}\"},\"query-input\":{\"@type\":\"PropertyValueSpecification\",\"valueRequired\":true,\"valueName\":\"search_term_string\"}}],\"inLanguage\":\"az\"},{\"@type\":\"Organization\",\"@id\":\"https:\\\/\\\/zoo-land.az\\\/#organization\",\"name\":\"Zooland.az\",\"url\":\"https:\\\/\\\/zoo-land.az\\\/\",\"logo\":{\"@type\":\"ImageObject\",\"inLanguage\":\"az\",\"@id\":\"https:\\\/\\\/zoo-land.az\\\/#\\\/schema\\\/logo\\\/image\\\/\",\"url\":\"https:\\\/\\\/zoo-land.az\\\/wp-content\\\/uploads\\\/2022\\\/05\\\/logo.svg\",\"contentUrl\":\"https:\\\/\\\/zoo-land.az\\\/wp-content\\\/uploads\\\/2022\\\/05\\\/logo.svg\",\"width\":113,\"height\":46,\"caption\":\"Zooland.az\"},\"image\":{\"@id\":\"https:\\\/\\\/zoo-land.az\\\/#\\\/schema\\\/logo\\\/image\\\/\"}}]}<\/script>\n<!-- \/ Yoast SEO plugin. -->","yoast_head_json":{"title":"Gemon Puppy Junior Dog Chicken Rice 20 kg - Zooland.az","robots":{"index":"index","follow":"follow","max-snippet":"max-snippet:-1","max-image-preview":"max-image-preview:large","max-video-preview":"max-video-preview:-1"},"canonical":"https:\/\/zoo-land.az\/az\/shop\/dog\/dog-food\/gemon-puppy-junior-dog-chicken-rice-20-kg\/","og_locale":"az_AZ","og_type":"article","og_title":"Gemon Puppy Junior Dog Chicken Rice 20 kg - Zooland.az","og_description":"Puppy &amp; Junior With Chicken And Rice \u2013 For growing dogs of all breeds, with chicken and rice  Complete dry food for daily feeding of adolescent puppies of small breeds aged 6 weeks to 12 months. With chicken and rice. Rich in first-class, highly digestible chicken, to meet the specific energy needs of adolescent puppies for healthy growth.","og_url":"https:\/\/zoo-land.az\/az\/shop\/dog\/dog-food\/gemon-puppy-junior-dog-chicken-rice-20-kg\/","og_site_name":"Zooland.az","og_image":[{"width":596,"height":1000,"url":"https:\/\/zoo-land.az\/wp-content\/uploads\/2024\/06\/618nnV3pVsL._AC_UF8941000_QL80_.jpg","type":"image\/jpeg"}],"twitter_card":"summary_large_image","twitter_misc":{"Est. reading time":"1 minute"},"schema":{"@context":"https:\/\/schema.org","@graph":[{"@type":"WebPage","@id":"https:\/\/zoo-land.az\/ru\/shop\/dog\/dog-food\/gemon-puppy-junior-dog-chicken-rice-20-kg\/","url":"https:\/\/zoo-land.az\/ru\/shop\/dog\/dog-food\/gemon-puppy-junior-dog-chicken-rice-20-kg\/","name":"Gemon Puppy Junior Dog Chicken Rice 20 kg - Zooland.az","isPartOf":{"@id":"https:\/\/zoo-land.az\/#website"},"primaryImageOfPage":{"@id":"https:\/\/zoo-land.az\/ru\/shop\/dog\/dog-food\/gemon-puppy-junior-dog-chicken-rice-20-kg\/#primaryimage"},"image":{"@id":"https:\/\/zoo-land.az\/ru\/shop\/dog\/dog-food\/gemon-puppy-junior-dog-chicken-rice-20-kg\/#primaryimage"},"thumbnailUrl":"https:\/\/zoo-land.az\/wp-content\/uploads\/2024\/06\/618nnV3pVsL._AC_UF8941000_QL80_.jpg","datePublished":"2024-06-04T17:44:10+00:00","breadcrumb":{"@id":"https:\/\/zoo-land.az\/ru\/shop\/dog\/dog-food\/gemon-puppy-junior-dog-chicken-rice-20-kg\/#breadcrumb"},"inLanguage":"az","potentialAction":[{"@type":"ReadAction","target":["https:\/\/zoo-land.az\/ru\/shop\/dog\/dog-food\/gemon-puppy-junior-dog-chicken-rice-20-kg\/"]}]},{"@type":"ImageObject","inLanguage":"az","@id":"https:\/\/zoo-land.az\/ru\/shop\/dog\/dog-food\/gemon-puppy-junior-dog-chicken-rice-20-kg\/#primaryimage","url":"https:\/\/zoo-land.az\/wp-content\/uploads\/2024\/06\/618nnV3pVsL._AC_UF8941000_QL80_.jpg","contentUrl":"https:\/\/zoo-land.az\/wp-content\/uploads\/2024\/06\/618nnV3pVsL._AC_UF8941000_QL80_.jpg","width":596,"height":1000},{"@type":"BreadcrumbList","@id":"https:\/\/zoo-land.az\/ru\/shop\/dog\/dog-food\/gemon-puppy-junior-dog-chicken-rice-20-kg\/#breadcrumb","itemListElement":[{"@type":"ListItem","position":1,"name":"Home","item":"https:\/\/zoo-land.az\/ru\/"},{"@type":"ListItem","position":2,"name":"Shop","item":"https:\/\/zoo-land.az\/ru\/"},{"@type":"ListItem","position":3,"name":"Gemon Puppy Junior Dog Chicken Rice 20 kg"}]},{"@type":"WebSite","@id":"https:\/\/zoo-land.az\/#website","url":"https:\/\/zoo-land.az\/","name":"Zooland.az","description":"Xo\u015fb\u0259xt ev heyvanlar\u0131n\u0131n \u00fcnvan\u0131 Zooland.az","publisher":{"@id":"https:\/\/zoo-land.az\/#organization"},"potentialAction":[{"@type":"SearchAction","target":{"@type":"EntryPoint","urlTemplate":"https:\/\/zoo-land.az\/?s={search_term_string}"},"query-input":{"@type":"PropertyValueSpecification","valueRequired":true,"valueName":"search_term_string"}}],"inLanguage":"az"},{"@type":"Organization","@id":"https:\/\/zoo-land.az\/#organization","name":"Zooland.az","url":"https:\/\/zoo-land.az\/","logo":{"@type":"ImageObject","inLanguage":"az","@id":"https:\/\/zoo-land.az\/#\/schema\/logo\/image\/","url":"https:\/\/zoo-land.az\/wp-content\/uploads\/2022\/05\/logo.svg","contentUrl":"https:\/\/zoo-land.az\/wp-content\/uploads\/2022\/05\/logo.svg","width":113,"height":46,"caption":"Zooland.az"},"image":{"@id":"https:\/\/zoo-land.az\/#\/schema\/logo\/image\/"}}]}},"_links":{"self":[{"href":"https:\/\/zoo-land.az\/az\/wp-json\/wp\/v2\/product\/22606","targetHints":{"allow":["GET"]}}],"collection":[{"href":"https:\/\/zoo-land.az\/az\/wp-json\/wp\/v2\/product"}],"about":[{"href":"https:\/\/zoo-land.az\/az\/wp-json\/wp\/v2\/types\/product"}],"wp:featuredmedia":[{"embeddable":true,"href":"https:\/\/zoo-land.az\/az\/wp-json\/wp\/v2\/media\/22607"}],"wp:attachment":[{"href":"https:\/\/zoo-land.az\/az\/wp-json\/wp\/v2\/media?parent=22606"}],"wp:term":[{"taxonomy":"product_cat","embeddable":true,"href":"https:\/\/zoo-land.az\/az\/wp-json\/wp\/v2\/product_cat?post=22606"},{"taxonomy":"product_tag","embeddable":true,"href":"https:\/\/zoo-land.az\/az\/wp-json\/wp\/v2\/product_tag?post=22606"}],"curies":[{"name":"wp","href":"https:\/\/api.w.org\/{rel}","templated":true}]}}