{"id":22649,"date":"2024-06-05T12:11:09","date_gmt":"2024-06-05T12:11:09","guid":{"rendered":"https:\/\/lightsteelblue-zebra-299715.hostingersite.com\/?post_type=product&#038;p=22649"},"modified":"2026-03-13T14:42:23","modified_gmt":"2026-03-13T10:42:23","slug":"club-4-paws-for-cats-dry-food-urinary","status":"publish","type":"product","link":"https:\/\/zoo-land.az\/az\/shop\/cat\/cat-foods\/club-4-paws-for-cats-dry-food-urinary\/","title":{"rendered":"Klub 4 P\u0259nc\u0259 Pi\u015fikl\u0259r \u00fc\u00e7\u00fcn Sidik"},"content":{"rendered":"<p>High-quality dry food for adult cats sensitive to urinary system diseases. A well-balanced complex of Ca, P, and Mg prevents urolithiasis by reducing crystals in the urine. The food contains 22% chicken meal, which has a high digestibility rate. The complex of unsaturated fatty acids Omega 3 + Omega 6 keeps the skin healthy and the coat shiny. The ration is enriched with the INTEGRAMIX formula for the overall support of the pet&#8217;s health and immune system.<\/p>\n<p>The ration is preventive and NOT therapeutic! It is highly recommended that owners of pets with special needs consult a veterinarian!<\/p>\n<p>ADVANTAGES:<\/p>\n<ul>\n<li>A well-balanced formula for daily feeding<\/li>\n<li>Meat ingredients as the primary component<\/li>\n<li>Support for all body systems of indoor cats<\/li>\n<li>A blend of tocopherols as a natural antioxidant<\/li>\n<li>Vitamins D3, E, B1, B5, trace elements, and amino acids<\/li>\n<li>Omega 3 + Omega 6 for healthy skin and shiny coat<\/li>\n<li>INTEGRAMIX formula: dried tomatoes, ginger, hawthorn, and bananas \u2013 for overall pet health and strong immunity<\/li>\n<li>No artificial flavors and colors<\/li>\n<\/ul>\n<p>COMPOSITION: 22% chicken meal, corn gluten, corn, rice, poultry fat (preserved with tocopherols), hydrolyzed animal protein, minerals, beet pulp, brewer&#8217;s yeast, cellulose*, 0.5% salmon oil, dried eggs, 0.32% flaxseed, 0.23% banana*, 0.2% tomatoes*, 0.065% hawthorn*, 0.01% ginger*.<\/p>","protected":false},"excerpt":{"rendered":"<p>High-quality dry food for adult cats sensitive to urinary system diseases. A well-balanced complex of Ca, P, and Mg prevents urolithiasis by reducing crystals in the urine. The food contains 22% chicken meal, which has a high digestibility rate. The complex of unsaturated fatty acids Omega 3 + Omega 6 keeps the skin healthy and the coat shiny. The ration is enriched with the INTEGRAMIX formula for the overall support of the pet&#8217;s health and immune system.<\/p>","protected":false},"featured_media":22650,"template":"","meta":{"inline_featured_image":false,"_joinchat":[]},"product_cat":[189,188],"product_tag":[],"class_list":{"0":"post-22649","1":"product","2":"type-product","3":"status-publish","4":"has-post-thumbnail","6":"product_brand-club-4-paws","7":"product_cat-cat-foods","8":"product_cat-cat","10":"first","11":"instock","12":"shipping-taxable","13":"purchasable","14":"product-type-simple"},"yoast_head":"<!-- This site is optimized with the Yoast SEO plugin v27.4 - https:\/\/yoast.com\/product\/yoast-seo-wordpress\/ -->\n<title>Club 4 Paws For Cats Urinary - Zooland.az<\/title>\n<meta name=\"robots\" content=\"index, follow, max-snippet:-1, max-image-preview:large, max-video-preview:-1\" \/>\n<link rel=\"canonical\" href=\"https:\/\/zoo-land.az\/az\/shop\/cat\/cat-foods\/club-4-paws-for-cats-dry-food-urinary\/\" \/>\n<meta property=\"og:locale\" content=\"az_AZ\" \/>\n<meta property=\"og:type\" content=\"article\" \/>\n<meta property=\"og:title\" content=\"Club 4 Paws For Cats Urinary - Zooland.az\" \/>\n<meta property=\"og:description\" content=\"High-quality dry food for adult cats sensitive to urinary system diseases. A well-balanced complex of Ca, P, and Mg prevents urolithiasis by reducing crystals in the urine. The food contains 22% chicken meal, which has a high digestibility rate. The complex of unsaturated fatty acids Omega 3 + Omega 6 keeps the skin healthy and the coat shiny. The ration is enriched with the INTEGRAMIX formula for the overall support of the pet&#039;s health and immune system.\" \/>\n<meta property=\"og:url\" content=\"https:\/\/zoo-land.az\/az\/shop\/cat\/cat-foods\/club-4-paws-for-cats-dry-food-urinary\/\" \/>\n<meta property=\"og:site_name\" content=\"Zooland.az\" \/>\n<meta property=\"article:modified_time\" content=\"2026-03-13T10:42:23+00:00\" \/>\n<meta property=\"og:image\" content=\"http:\/\/zoo-land.az\/wp-content\/uploads\/2024\/06\/52102-4820083909344.jpg\" \/>\n\t<meta property=\"og:image:width\" content=\"1350\" \/>\n\t<meta property=\"og:image:height\" content=\"1350\" \/>\n\t<meta property=\"og:image:type\" content=\"image\/jpeg\" \/>\n<meta name=\"twitter:card\" content=\"summary_large_image\" \/>\n<meta name=\"twitter:label1\" content=\"Est. reading time\" \/>\n\t<meta name=\"twitter:data1\" content=\"1 minute\" \/>\n<script type=\"application\/ld+json\" class=\"yoast-schema-graph\">{\"@context\":\"https:\\\/\\\/schema.org\",\"@graph\":[{\"@type\":\"WebPage\",\"@id\":\"https:\\\/\\\/zoo-land.az\\\/shop\\\/cat\\\/cat-foods\\\/club-4-paws-for-cats-dry-food-urinary\\\/\",\"url\":\"https:\\\/\\\/zoo-land.az\\\/shop\\\/cat\\\/cat-foods\\\/club-4-paws-for-cats-dry-food-urinary\\\/\",\"name\":\"Club 4 Paws For Cats Urinary - Zooland.az\",\"isPartOf\":{\"@id\":\"https:\\\/\\\/zoo-land.az\\\/#website\"},\"primaryImageOfPage\":{\"@id\":\"https:\\\/\\\/zoo-land.az\\\/shop\\\/cat\\\/cat-foods\\\/club-4-paws-for-cats-dry-food-urinary\\\/#primaryimage\"},\"image\":{\"@id\":\"https:\\\/\\\/zoo-land.az\\\/shop\\\/cat\\\/cat-foods\\\/club-4-paws-for-cats-dry-food-urinary\\\/#primaryimage\"},\"thumbnailUrl\":\"https:\\\/\\\/zoo-land.az\\\/wp-content\\\/uploads\\\/2024\\\/06\\\/52102-4820083909344.jpg\",\"datePublished\":\"2024-06-05T12:11:09+00:00\",\"dateModified\":\"2026-03-13T10:42:23+00:00\",\"breadcrumb\":{\"@id\":\"https:\\\/\\\/zoo-land.az\\\/shop\\\/cat\\\/cat-foods\\\/club-4-paws-for-cats-dry-food-urinary\\\/#breadcrumb\"},\"inLanguage\":\"az\",\"potentialAction\":[{\"@type\":\"ReadAction\",\"target\":[\"https:\\\/\\\/zoo-land.az\\\/shop\\\/cat\\\/cat-foods\\\/club-4-paws-for-cats-dry-food-urinary\\\/\"]}]},{\"@type\":\"ImageObject\",\"inLanguage\":\"az\",\"@id\":\"https:\\\/\\\/zoo-land.az\\\/shop\\\/cat\\\/cat-foods\\\/club-4-paws-for-cats-dry-food-urinary\\\/#primaryimage\",\"url\":\"https:\\\/\\\/zoo-land.az\\\/wp-content\\\/uploads\\\/2024\\\/06\\\/52102-4820083909344.jpg\",\"contentUrl\":\"https:\\\/\\\/zoo-land.az\\\/wp-content\\\/uploads\\\/2024\\\/06\\\/52102-4820083909344.jpg\",\"width\":1350,\"height\":1350},{\"@type\":\"BreadcrumbList\",\"@id\":\"https:\\\/\\\/zoo-land.az\\\/shop\\\/cat\\\/cat-foods\\\/club-4-paws-for-cats-dry-food-urinary\\\/#breadcrumb\",\"itemListElement\":[{\"@type\":\"ListItem\",\"position\":1,\"name\":\"Home\",\"item\":\"https:\\\/\\\/zoo-land.az\\\/ru\\\/\"},{\"@type\":\"ListItem\",\"position\":2,\"name\":\"Shop\",\"item\":\"https:\\\/\\\/zoo-land.az\\\/ru\\\/\"},{\"@type\":\"ListItem\",\"position\":3,\"name\":\"Club 4 Paws For Cats Urinary\"}]},{\"@type\":\"WebSite\",\"@id\":\"https:\\\/\\\/zoo-land.az\\\/#website\",\"url\":\"https:\\\/\\\/zoo-land.az\\\/\",\"name\":\"Zooland.az\",\"description\":\"Xo\u015fb\u0259xt ev heyvanlar\u0131n\u0131n \u00fcnvan\u0131 Zooland.az\",\"publisher\":{\"@id\":\"https:\\\/\\\/zoo-land.az\\\/#organization\"},\"potentialAction\":[{\"@type\":\"SearchAction\",\"target\":{\"@type\":\"EntryPoint\",\"urlTemplate\":\"https:\\\/\\\/zoo-land.az\\\/?s={search_term_string}\"},\"query-input\":{\"@type\":\"PropertyValueSpecification\",\"valueRequired\":true,\"valueName\":\"search_term_string\"}}],\"inLanguage\":\"az\"},{\"@type\":\"Organization\",\"@id\":\"https:\\\/\\\/zoo-land.az\\\/#organization\",\"name\":\"Zooland.az\",\"url\":\"https:\\\/\\\/zoo-land.az\\\/\",\"logo\":{\"@type\":\"ImageObject\",\"inLanguage\":\"az\",\"@id\":\"https:\\\/\\\/zoo-land.az\\\/#\\\/schema\\\/logo\\\/image\\\/\",\"url\":\"https:\\\/\\\/zoo-land.az\\\/wp-content\\\/uploads\\\/2022\\\/05\\\/logo.svg\",\"contentUrl\":\"https:\\\/\\\/zoo-land.az\\\/wp-content\\\/uploads\\\/2022\\\/05\\\/logo.svg\",\"width\":113,\"height\":46,\"caption\":\"Zooland.az\"},\"image\":{\"@id\":\"https:\\\/\\\/zoo-land.az\\\/#\\\/schema\\\/logo\\\/image\\\/\"}}]}<\/script>\n<!-- \/ Yoast SEO plugin. -->","yoast_head_json":{"title":"Club 4 Paws For Cats Urinary - Zooland.az","robots":{"index":"index","follow":"follow","max-snippet":"max-snippet:-1","max-image-preview":"max-image-preview:large","max-video-preview":"max-video-preview:-1"},"canonical":"https:\/\/zoo-land.az\/az\/shop\/cat\/cat-foods\/club-4-paws-for-cats-dry-food-urinary\/","og_locale":"az_AZ","og_type":"article","og_title":"Club 4 Paws For Cats Urinary - Zooland.az","og_description":"High-quality dry food for adult cats sensitive to urinary system diseases. A well-balanced complex of Ca, P, and Mg prevents urolithiasis by reducing crystals in the urine. The food contains 22% chicken meal, which has a high digestibility rate. The complex of unsaturated fatty acids Omega 3 + Omega 6 keeps the skin healthy and the coat shiny. The ration is enriched with the INTEGRAMIX formula for the overall support of the pet's health and immune system.","og_url":"https:\/\/zoo-land.az\/az\/shop\/cat\/cat-foods\/club-4-paws-for-cats-dry-food-urinary\/","og_site_name":"Zooland.az","article_modified_time":"2026-03-13T10:42:23+00:00","og_image":[{"width":1350,"height":1350,"url":"http:\/\/zoo-land.az\/wp-content\/uploads\/2024\/06\/52102-4820083909344.jpg","type":"image\/jpeg"}],"twitter_card":"summary_large_image","twitter_misc":{"Est. reading time":"1 minute"},"schema":{"@context":"https:\/\/schema.org","@graph":[{"@type":"WebPage","@id":"https:\/\/zoo-land.az\/shop\/cat\/cat-foods\/club-4-paws-for-cats-dry-food-urinary\/","url":"https:\/\/zoo-land.az\/shop\/cat\/cat-foods\/club-4-paws-for-cats-dry-food-urinary\/","name":"Club 4 Paws For Cats Urinary - Zooland.az","isPartOf":{"@id":"https:\/\/zoo-land.az\/#website"},"primaryImageOfPage":{"@id":"https:\/\/zoo-land.az\/shop\/cat\/cat-foods\/club-4-paws-for-cats-dry-food-urinary\/#primaryimage"},"image":{"@id":"https:\/\/zoo-land.az\/shop\/cat\/cat-foods\/club-4-paws-for-cats-dry-food-urinary\/#primaryimage"},"thumbnailUrl":"https:\/\/zoo-land.az\/wp-content\/uploads\/2024\/06\/52102-4820083909344.jpg","datePublished":"2024-06-05T12:11:09+00:00","dateModified":"2026-03-13T10:42:23+00:00","breadcrumb":{"@id":"https:\/\/zoo-land.az\/shop\/cat\/cat-foods\/club-4-paws-for-cats-dry-food-urinary\/#breadcrumb"},"inLanguage":"az","potentialAction":[{"@type":"ReadAction","target":["https:\/\/zoo-land.az\/shop\/cat\/cat-foods\/club-4-paws-for-cats-dry-food-urinary\/"]}]},{"@type":"ImageObject","inLanguage":"az","@id":"https:\/\/zoo-land.az\/shop\/cat\/cat-foods\/club-4-paws-for-cats-dry-food-urinary\/#primaryimage","url":"https:\/\/zoo-land.az\/wp-content\/uploads\/2024\/06\/52102-4820083909344.jpg","contentUrl":"https:\/\/zoo-land.az\/wp-content\/uploads\/2024\/06\/52102-4820083909344.jpg","width":1350,"height":1350},{"@type":"BreadcrumbList","@id":"https:\/\/zoo-land.az\/shop\/cat\/cat-foods\/club-4-paws-for-cats-dry-food-urinary\/#breadcrumb","itemListElement":[{"@type":"ListItem","position":1,"name":"Home","item":"https:\/\/zoo-land.az\/ru\/"},{"@type":"ListItem","position":2,"name":"Shop","item":"https:\/\/zoo-land.az\/ru\/"},{"@type":"ListItem","position":3,"name":"Club 4 Paws For Cats Urinary"}]},{"@type":"WebSite","@id":"https:\/\/zoo-land.az\/#website","url":"https:\/\/zoo-land.az\/","name":"Zooland.az","description":"Xo\u015fb\u0259xt ev heyvanlar\u0131n\u0131n \u00fcnvan\u0131 Zooland.az","publisher":{"@id":"https:\/\/zoo-land.az\/#organization"},"potentialAction":[{"@type":"SearchAction","target":{"@type":"EntryPoint","urlTemplate":"https:\/\/zoo-land.az\/?s={search_term_string}"},"query-input":{"@type":"PropertyValueSpecification","valueRequired":true,"valueName":"search_term_string"}}],"inLanguage":"az"},{"@type":"Organization","@id":"https:\/\/zoo-land.az\/#organization","name":"Zooland.az","url":"https:\/\/zoo-land.az\/","logo":{"@type":"ImageObject","inLanguage":"az","@id":"https:\/\/zoo-land.az\/#\/schema\/logo\/image\/","url":"https:\/\/zoo-land.az\/wp-content\/uploads\/2022\/05\/logo.svg","contentUrl":"https:\/\/zoo-land.az\/wp-content\/uploads\/2022\/05\/logo.svg","width":113,"height":46,"caption":"Zooland.az"},"image":{"@id":"https:\/\/zoo-land.az\/#\/schema\/logo\/image\/"}}]}},"_links":{"self":[{"href":"https:\/\/zoo-land.az\/az\/wp-json\/wp\/v2\/product\/22649","targetHints":{"allow":["GET"]}}],"collection":[{"href":"https:\/\/zoo-land.az\/az\/wp-json\/wp\/v2\/product"}],"about":[{"href":"https:\/\/zoo-land.az\/az\/wp-json\/wp\/v2\/types\/product"}],"wp:featuredmedia":[{"embeddable":true,"href":"https:\/\/zoo-land.az\/az\/wp-json\/wp\/v2\/media\/22650"}],"wp:attachment":[{"href":"https:\/\/zoo-land.az\/az\/wp-json\/wp\/v2\/media?parent=22649"}],"wp:term":[{"taxonomy":"product_cat","embeddable":true,"href":"https:\/\/zoo-land.az\/az\/wp-json\/wp\/v2\/product_cat?post=22649"},{"taxonomy":"product_tag","embeddable":true,"href":"https:\/\/zoo-land.az\/az\/wp-json\/wp\/v2\/product_tag?post=22649"}],"curies":[{"name":"wp","href":"https:\/\/api.w.org\/{rel}","templated":true}]}}