{"id":22654,"date":"2024-06-05T12:48:12","date_gmt":"2024-06-05T12:48:12","guid":{"rendered":"https:\/\/lightsteelblue-zebra-299715.hostingersite.com\/?post_type=product&#038;p=22654"},"modified":"2024-06-05T12:48:13","modified_gmt":"2024-06-05T12:48:13","slug":"club-4-paws-for-cats-hairball-14-kg","status":"publish","type":"product","link":"https:\/\/zoo-land.az\/az\/shop\/cat\/cat-foods\/club-4-paws-for-cats-hairball-14-kg\/","title":{"rendered":"Klub 4 Pi\u015fikl\u0259r \u00fc\u00e7\u00fcn P\u0259nc\u0259l\u0259r Sa\u00e7 topu 14 kq"},"content":{"rendered":"<p>The dry premium nutrition contains insoluble fiber (microcrystalline cellulose), which removes hairballs from the digestive tract and stimulates intestinal motility due to its coarse fibrous structure. Food contains 24% chicken meal, which has a high coefficient of digestibility. The complex of unsaturated fatty acids Omega 3 + Omega 6 keeps the skin healthy and the coat shiny. The ration is enriched with the INTEGRAMIX formula for the overall support of the pet&#8217;s health and immunity.<\/p>\n<p>The ration is preventive, and NOT curative! Owners of animals with special needs are strongly recommended to consult a veterinarian!<\/p>\n<p><b><strong>ADVANTAGES:<\/strong><\/b><\/p>\n<ul>\n<li>\u00a0\u00a0 \u00a032\/21 \u2013 a well-balanced formula for everyday feeding<\/li>\n<li>\u00a0\u00a0 \u00a0Meat ingredients \u21161 in composition<\/li>\n<li>\u00a0\u00a0 \u00a0Help in hairball control<\/li>\n<li>\u00a0\u00a0 \u00a0A mixture of tocopherols as a natural antioxidant<\/li>\n<li>\u00a0\u00a0 \u00a0Vitamins D3, E, B1, B5, microelements and amino acids<\/li>\n<li>\u00a0\u00a0 \u00a0Omega 3 + Omega 6 for healthy skin and shiny coat<\/li>\n<li>\u00a0\u00a0 \u00a0INTEGRAMIX formula: dried tomatoes, ginger, hawthorn and bananas &#8211; for pet\u2019s general health and strong immunity<\/li>\n<li>\u00a0\u00a0 \u00a0Without artificial flavors and colours<\/li>\n<\/ul>\n<p><b><strong>COMPOSITION:<\/strong><\/b><\/p>\n<p>chicken meal 24 %, maize gluten, maize, rice, poultry fat (preserved with tocopherols), hydrolyzed animal protein, cellulose* 2,92 %, minerals, sugar beet pulp 1,58 %, brewery yeast, salmon oil 0,5 %, dried eggs, linseed 0,31 %, banana* 0,23 %, tomatoes* 0,2 %, hawthorn* 0,065 %, ginger* 0,01 %.<\/p>","protected":false},"excerpt":{"rendered":"<p>The dry premium nutrition contains insoluble fiber (microcrystalline cellulose), which removes hairballs from the digestive tract and stimulates intestinal motility due to its coarse fibrous structure. Food contains 24% chicken meal, which has a high coefficient of digestibility. The complex of unsaturated fatty acids Omega 3 + Omega 6 keeps the skin healthy and the coat shiny. The ration is enriched with the INTEGRAMIX formula for the overall support of the pet&#8217;s health and immunity.<\/p>","protected":false},"featured_media":22646,"template":"","meta":{"inline_featured_image":false,"_joinchat":[]},"product_cat":[189,188],"product_tag":[],"class_list":{"0":"post-22654","1":"product","2":"type-product","3":"status-publish","4":"has-post-thumbnail","6":"product_brand-club-4-paws","7":"product_cat-cat-foods","8":"product_cat-cat","10":"first","11":"instock","12":"shipping-taxable","13":"purchasable","14":"product-type-simple"},"yoast_head":"<!-- This site is optimized with the Yoast SEO plugin v26.7 - https:\/\/yoast.com\/wordpress\/plugins\/seo\/ -->\n<title>Club 4 Paws for Cats Hairball 14 kg - Zooland.az<\/title>\n<meta name=\"robots\" content=\"index, follow, max-snippet:-1, max-image-preview:large, max-video-preview:-1\" \/>\n<link rel=\"canonical\" href=\"https:\/\/zoo-land.az\/az\/shop\/cat\/cat-foods\/club-4-paws-for-cats-hairball-14-kg\/\" \/>\n<meta property=\"og:locale\" content=\"az_AZ\" \/>\n<meta property=\"og:type\" content=\"article\" \/>\n<meta property=\"og:title\" content=\"Club 4 Paws for Cats Hairball 14 kg - Zooland.az\" \/>\n<meta property=\"og:description\" content=\"The dry premium nutrition contains insoluble fiber (microcrystalline cellulose), which removes hairballs from the digestive tract and stimulates intestinal motility due to its coarse fibrous structure. Food contains 24% chicken meal, which has a high coefficient of digestibility. The complex of unsaturated fatty acids Omega 3 + Omega 6 keeps the skin healthy and the coat shiny. The ration is enriched with the INTEGRAMIX formula for the overall support of the pet&#039;s health and immunity.\" \/>\n<meta property=\"og:url\" content=\"https:\/\/zoo-land.az\/az\/shop\/cat\/cat-foods\/club-4-paws-for-cats-hairball-14-kg\/\" \/>\n<meta property=\"og:site_name\" content=\"Zooland.az\" \/>\n<meta property=\"article:modified_time\" content=\"2024-06-05T12:48:13+00:00\" \/>\n<meta property=\"og:image\" content=\"https:\/\/zoo-land.az\/wp-content\/uploads\/2024\/06\/Club-4-Paws-Adult-Cat-Hairball-Control-Complete-Dry-Food.png\" \/>\n\t<meta property=\"og:image:width\" content=\"450\" \/>\n\t<meta property=\"og:image:height\" content=\"450\" \/>\n\t<meta property=\"og:image:type\" content=\"image\/png\" \/>\n<meta name=\"twitter:card\" content=\"summary_large_image\" \/>\n<meta name=\"twitter:label1\" content=\"Est. reading time\" \/>\n\t<meta name=\"twitter:data1\" content=\"1 minute\" \/>\n<script type=\"application\/ld+json\" class=\"yoast-schema-graph\">{\"@context\":\"https:\/\/schema.org\",\"@graph\":[{\"@type\":\"WebPage\",\"@id\":\"https:\/\/zoo-land.az\/az\/shop\/cat\/cat-foods\/club-4-paws-for-cats-hairball-14-kg\/\",\"url\":\"https:\/\/zoo-land.az\/az\/shop\/cat\/cat-foods\/club-4-paws-for-cats-hairball-14-kg\/\",\"name\":\"Club 4 Paws for Cats Hairball 14 kg - Zooland.az\",\"isPartOf\":{\"@id\":\"https:\/\/zoo-land.az\/#website\"},\"primaryImageOfPage\":{\"@id\":\"https:\/\/zoo-land.az\/az\/shop\/cat\/cat-foods\/club-4-paws-for-cats-hairball-14-kg\/#primaryimage\"},\"image\":{\"@id\":\"https:\/\/zoo-land.az\/az\/shop\/cat\/cat-foods\/club-4-paws-for-cats-hairball-14-kg\/#primaryimage\"},\"thumbnailUrl\":\"https:\/\/zoo-land.az\/wp-content\/uploads\/2024\/06\/Club-4-Paws-Adult-Cat-Hairball-Control-Complete-Dry-Food.png\",\"datePublished\":\"2024-06-05T12:48:12+00:00\",\"dateModified\":\"2024-06-05T12:48:13+00:00\",\"breadcrumb\":{\"@id\":\"https:\/\/zoo-land.az\/az\/shop\/cat\/cat-foods\/club-4-paws-for-cats-hairball-14-kg\/#breadcrumb\"},\"inLanguage\":\"az\",\"potentialAction\":[{\"@type\":\"ReadAction\",\"target\":[\"https:\/\/zoo-land.az\/az\/shop\/cat\/cat-foods\/club-4-paws-for-cats-hairball-14-kg\/\"]}]},{\"@type\":\"ImageObject\",\"inLanguage\":\"az\",\"@id\":\"https:\/\/zoo-land.az\/az\/shop\/cat\/cat-foods\/club-4-paws-for-cats-hairball-14-kg\/#primaryimage\",\"url\":\"https:\/\/zoo-land.az\/wp-content\/uploads\/2024\/06\/Club-4-Paws-Adult-Cat-Hairball-Control-Complete-Dry-Food.png\",\"contentUrl\":\"https:\/\/zoo-land.az\/wp-content\/uploads\/2024\/06\/Club-4-Paws-Adult-Cat-Hairball-Control-Complete-Dry-Food.png\",\"width\":450,\"height\":450},{\"@type\":\"BreadcrumbList\",\"@id\":\"https:\/\/zoo-land.az\/az\/shop\/cat\/cat-foods\/club-4-paws-for-cats-hairball-14-kg\/#breadcrumb\",\"itemListElement\":[{\"@type\":\"ListItem\",\"position\":1,\"name\":\"Home\",\"item\":\"https:\/\/zoo-land.az\/ru\/\"},{\"@type\":\"ListItem\",\"position\":2,\"name\":\"Shop\",\"item\":\"https:\/\/zoo-land.az\/ru\/\"},{\"@type\":\"ListItem\",\"position\":3,\"name\":\"Club 4 Paws for Cats Hairball 14 kg\"}]},{\"@type\":\"WebSite\",\"@id\":\"https:\/\/zoo-land.az\/#website\",\"url\":\"https:\/\/zoo-land.az\/\",\"name\":\"Zooland.az\",\"description\":\"Xo\u015fb\u0259xt ev heyvanlar\u0131n\u0131n \u00fcnvan\u0131 Zooland.az\",\"publisher\":{\"@id\":\"https:\/\/zoo-land.az\/#organization\"},\"potentialAction\":[{\"@type\":\"SearchAction\",\"target\":{\"@type\":\"EntryPoint\",\"urlTemplate\":\"https:\/\/zoo-land.az\/?s={search_term_string}\"},\"query-input\":{\"@type\":\"PropertyValueSpecification\",\"valueRequired\":true,\"valueName\":\"search_term_string\"}}],\"inLanguage\":\"az\"},{\"@type\":\"Organization\",\"@id\":\"https:\/\/zoo-land.az\/#organization\",\"name\":\"Zooland.az\",\"url\":\"https:\/\/zoo-land.az\/\",\"logo\":{\"@type\":\"ImageObject\",\"inLanguage\":\"az\",\"@id\":\"https:\/\/zoo-land.az\/#\/schema\/logo\/image\/\",\"url\":\"https:\/\/zoo-land.az\/wp-content\/uploads\/2022\/05\/logo.svg\",\"contentUrl\":\"https:\/\/zoo-land.az\/wp-content\/uploads\/2022\/05\/logo.svg\",\"width\":113,\"height\":46,\"caption\":\"Zooland.az\"},\"image\":{\"@id\":\"https:\/\/zoo-land.az\/#\/schema\/logo\/image\/\"}}]}<\/script>\n<!-- \/ Yoast SEO plugin. -->","yoast_head_json":{"title":"Club 4 Paws for Cats Hairball 14 kg - Zooland.az","robots":{"index":"index","follow":"follow","max-snippet":"max-snippet:-1","max-image-preview":"max-image-preview:large","max-video-preview":"max-video-preview:-1"},"canonical":"https:\/\/zoo-land.az\/az\/shop\/cat\/cat-foods\/club-4-paws-for-cats-hairball-14-kg\/","og_locale":"az_AZ","og_type":"article","og_title":"Club 4 Paws for Cats Hairball 14 kg - Zooland.az","og_description":"The dry premium nutrition contains insoluble fiber (microcrystalline cellulose), which removes hairballs from the digestive tract and stimulates intestinal motility due to its coarse fibrous structure. Food contains 24% chicken meal, which has a high coefficient of digestibility. The complex of unsaturated fatty acids Omega 3 + Omega 6 keeps the skin healthy and the coat shiny. The ration is enriched with the INTEGRAMIX formula for the overall support of the pet's health and immunity.","og_url":"https:\/\/zoo-land.az\/az\/shop\/cat\/cat-foods\/club-4-paws-for-cats-hairball-14-kg\/","og_site_name":"Zooland.az","article_modified_time":"2024-06-05T12:48:13+00:00","og_image":[{"width":450,"height":450,"url":"https:\/\/zoo-land.az\/wp-content\/uploads\/2024\/06\/Club-4-Paws-Adult-Cat-Hairball-Control-Complete-Dry-Food.png","type":"image\/png"}],"twitter_card":"summary_large_image","twitter_misc":{"Est. reading time":"1 minute"},"schema":{"@context":"https:\/\/schema.org","@graph":[{"@type":"WebPage","@id":"https:\/\/zoo-land.az\/az\/shop\/cat\/cat-foods\/club-4-paws-for-cats-hairball-14-kg\/","url":"https:\/\/zoo-land.az\/az\/shop\/cat\/cat-foods\/club-4-paws-for-cats-hairball-14-kg\/","name":"Club 4 Paws for Cats Hairball 14 kg - Zooland.az","isPartOf":{"@id":"https:\/\/zoo-land.az\/#website"},"primaryImageOfPage":{"@id":"https:\/\/zoo-land.az\/az\/shop\/cat\/cat-foods\/club-4-paws-for-cats-hairball-14-kg\/#primaryimage"},"image":{"@id":"https:\/\/zoo-land.az\/az\/shop\/cat\/cat-foods\/club-4-paws-for-cats-hairball-14-kg\/#primaryimage"},"thumbnailUrl":"https:\/\/zoo-land.az\/wp-content\/uploads\/2024\/06\/Club-4-Paws-Adult-Cat-Hairball-Control-Complete-Dry-Food.png","datePublished":"2024-06-05T12:48:12+00:00","dateModified":"2024-06-05T12:48:13+00:00","breadcrumb":{"@id":"https:\/\/zoo-land.az\/az\/shop\/cat\/cat-foods\/club-4-paws-for-cats-hairball-14-kg\/#breadcrumb"},"inLanguage":"az","potentialAction":[{"@type":"ReadAction","target":["https:\/\/zoo-land.az\/az\/shop\/cat\/cat-foods\/club-4-paws-for-cats-hairball-14-kg\/"]}]},{"@type":"ImageObject","inLanguage":"az","@id":"https:\/\/zoo-land.az\/az\/shop\/cat\/cat-foods\/club-4-paws-for-cats-hairball-14-kg\/#primaryimage","url":"https:\/\/zoo-land.az\/wp-content\/uploads\/2024\/06\/Club-4-Paws-Adult-Cat-Hairball-Control-Complete-Dry-Food.png","contentUrl":"https:\/\/zoo-land.az\/wp-content\/uploads\/2024\/06\/Club-4-Paws-Adult-Cat-Hairball-Control-Complete-Dry-Food.png","width":450,"height":450},{"@type":"BreadcrumbList","@id":"https:\/\/zoo-land.az\/az\/shop\/cat\/cat-foods\/club-4-paws-for-cats-hairball-14-kg\/#breadcrumb","itemListElement":[{"@type":"ListItem","position":1,"name":"Home","item":"https:\/\/zoo-land.az\/ru\/"},{"@type":"ListItem","position":2,"name":"Shop","item":"https:\/\/zoo-land.az\/ru\/"},{"@type":"ListItem","position":3,"name":"Club 4 Paws for Cats Hairball 14 kg"}]},{"@type":"WebSite","@id":"https:\/\/zoo-land.az\/#website","url":"https:\/\/zoo-land.az\/","name":"Zooland.az","description":"Xo\u015fb\u0259xt ev heyvanlar\u0131n\u0131n \u00fcnvan\u0131 Zooland.az","publisher":{"@id":"https:\/\/zoo-land.az\/#organization"},"potentialAction":[{"@type":"SearchAction","target":{"@type":"EntryPoint","urlTemplate":"https:\/\/zoo-land.az\/?s={search_term_string}"},"query-input":{"@type":"PropertyValueSpecification","valueRequired":true,"valueName":"search_term_string"}}],"inLanguage":"az"},{"@type":"Organization","@id":"https:\/\/zoo-land.az\/#organization","name":"Zooland.az","url":"https:\/\/zoo-land.az\/","logo":{"@type":"ImageObject","inLanguage":"az","@id":"https:\/\/zoo-land.az\/#\/schema\/logo\/image\/","url":"https:\/\/zoo-land.az\/wp-content\/uploads\/2022\/05\/logo.svg","contentUrl":"https:\/\/zoo-land.az\/wp-content\/uploads\/2022\/05\/logo.svg","width":113,"height":46,"caption":"Zooland.az"},"image":{"@id":"https:\/\/zoo-land.az\/#\/schema\/logo\/image\/"}}]}},"_links":{"self":[{"href":"https:\/\/zoo-land.az\/az\/wp-json\/wp\/v2\/product\/22654","targetHints":{"allow":["GET"]}}],"collection":[{"href":"https:\/\/zoo-land.az\/az\/wp-json\/wp\/v2\/product"}],"about":[{"href":"https:\/\/zoo-land.az\/az\/wp-json\/wp\/v2\/types\/product"}],"wp:featuredmedia":[{"embeddable":true,"href":"https:\/\/zoo-land.az\/az\/wp-json\/wp\/v2\/media\/22646"}],"wp:attachment":[{"href":"https:\/\/zoo-land.az\/az\/wp-json\/wp\/v2\/media?parent=22654"}],"wp:term":[{"taxonomy":"product_cat","embeddable":true,"href":"https:\/\/zoo-land.az\/az\/wp-json\/wp\/v2\/product_cat?post=22654"},{"taxonomy":"product_tag","embeddable":true,"href":"https:\/\/zoo-land.az\/az\/wp-json\/wp\/v2\/product_tag?post=22654"}],"curies":[{"name":"wp","href":"https:\/\/api.w.org\/{rel}","templated":true}]}}