{"id":22688,"date":"2024-06-05T13:39:54","date_gmt":"2024-06-05T13:39:54","guid":{"rendered":"https:\/\/lightsteelblue-zebra-299715.hostingersite.com\/?post_type=product&#038;p=22688"},"modified":"2024-06-05T13:39:54","modified_gmt":"2024-06-05T13:39:54","slug":"club-4-paws-rabbit-100-g","status":"publish","type":"product","link":"https:\/\/zoo-land.az\/az\/shop\/cat\/cat-wetfoods\/club-4-paws-rabbit-100-g\/","title":{"rendered":"Klub 4 p\u0259nc\u0259 Dov\u015fan 100 q"},"content":{"rendered":"<p>Club 4 Paws Premium jelly rabbit food for cats 100g is a complete, premium-class food for adult cats with a balanced content of nutrients. The food contains natural rabbit, which is a source of high-quality protein necessary for healthy growth and development of the cat. The food also contains other natural ingredients that help provide the cat with all the necessary vitamins and minerals. Korm Club 4 Paws Premium jelly rabbit has a pleasant taste and aroma that your pet will like. You can order it on the website of the online store NOVUS.online, which offers a wide selection of feed and accessories for pets. Delivery is available in the city of Kyiv and the region, including Bucha, Irpin, Kotsyubynske, Vyshneve, Sviatopetrivske, Kryukivshchyna and other settlements.<\/p>","protected":false},"excerpt":{"rendered":"<p>Club 4 Paws Premium jelly rabbit food for cats 100g is a complete, premium-class food for adult cats with a balanced content of nutrients. The food contains natural rabbit, which is a source of high-quality protein necessary for healthy growth and development of the cat. The food also contains other natural ingredients that help provide the cat with all the necessary vitamins and minerals. Korm Club 4 Paws Premium jelly rabbit has a pleasant taste and aroma that your pet will like. You can order it on the website of the online store NOVUS.online, which offers a wide selection of feed and accessories for pets. Delivery is available in the city of Kyiv and the region, including Bucha, Irpin, Kotsyubynske, Vyshneve, Sviatopetrivske, Kryukivshchyna and other settlements.<\/p>","protected":false},"featured_media":22689,"template":"","meta":{"inline_featured_image":false,"_joinchat":[]},"product_cat":[188,190],"product_tag":[],"class_list":{"0":"post-22688","1":"product","2":"type-product","3":"status-publish","4":"has-post-thumbnail","6":"product_brand-club-4-paws","7":"product_cat-cat","8":"product_cat-cat-wetfoods","10":"first","11":"instock","12":"shipping-taxable","13":"purchasable","14":"product-type-simple"},"yoast_head":"<!-- This site is optimized with the Yoast SEO plugin v27.4 - https:\/\/yoast.com\/product\/yoast-seo-wordpress\/ -->\n<title>Club 4 paws Rabbit 100 g - Zooland.az<\/title>\n<meta name=\"robots\" content=\"index, follow, max-snippet:-1, max-image-preview:large, max-video-preview:-1\" \/>\n<link rel=\"canonical\" href=\"https:\/\/zoo-land.az\/az\/shop\/cat\/cat-wetfoods\/club-4-paws-rabbit-100-g\/\" \/>\n<meta property=\"og:locale\" content=\"az_AZ\" \/>\n<meta property=\"og:type\" content=\"article\" \/>\n<meta property=\"og:title\" content=\"Club 4 paws Rabbit 100 g - Zooland.az\" \/>\n<meta property=\"og:description\" content=\"Club 4 Paws Premium jelly rabbit food for cats 100g is a complete, premium-class food for adult cats with a balanced content of nutrients. The food contains natural rabbit, which is a source of high-quality protein necessary for healthy growth and development of the cat. The food also contains other natural ingredients that help provide the cat with all the necessary vitamins and minerals. Korm Club 4 Paws Premium jelly rabbit has a pleasant taste and aroma that your pet will like. You can order it on the website of the online store NOVUS.online, which offers a wide selection of feed and accessories for pets. Delivery is available in the city of Kyiv and the region, including Bucha, Irpin, Kotsyubynske, Vyshneve, Sviatopetrivske, Kryukivshchyna and other settlements.\" \/>\n<meta property=\"og:url\" content=\"https:\/\/zoo-land.az\/az\/shop\/cat\/cat-wetfoods\/club-4-paws-rabbit-100-g\/\" \/>\n<meta property=\"og:site_name\" content=\"Zooland.az\" \/>\n<meta property=\"og:image\" content=\"https:\/\/zoo-land.az\/wp-content\/uploads\/2024\/06\/52105-4820083908903.jpg\" \/>\n\t<meta property=\"og:image:width\" content=\"1350\" \/>\n\t<meta property=\"og:image:height\" content=\"1350\" \/>\n\t<meta property=\"og:image:type\" content=\"image\/jpeg\" \/>\n<meta name=\"twitter:card\" content=\"summary_large_image\" \/>\n<meta name=\"twitter:label1\" content=\"Est. reading time\" \/>\n\t<meta name=\"twitter:data1\" content=\"1 minute\" \/>\n<script type=\"application\/ld+json\" class=\"yoast-schema-graph\">{\"@context\":\"https:\\\/\\\/schema.org\",\"@graph\":[{\"@type\":\"WebPage\",\"@id\":\"https:\\\/\\\/zoo-land.az\\\/shop\\\/cat\\\/cat-wetfoods\\\/club-4-paws-rabbit-100-g\\\/\",\"url\":\"https:\\\/\\\/zoo-land.az\\\/shop\\\/cat\\\/cat-wetfoods\\\/club-4-paws-rabbit-100-g\\\/\",\"name\":\"Club 4 paws Rabbit 100 g - Zooland.az\",\"isPartOf\":{\"@id\":\"https:\\\/\\\/zoo-land.az\\\/#website\"},\"primaryImageOfPage\":{\"@id\":\"https:\\\/\\\/zoo-land.az\\\/shop\\\/cat\\\/cat-wetfoods\\\/club-4-paws-rabbit-100-g\\\/#primaryimage\"},\"image\":{\"@id\":\"https:\\\/\\\/zoo-land.az\\\/shop\\\/cat\\\/cat-wetfoods\\\/club-4-paws-rabbit-100-g\\\/#primaryimage\"},\"thumbnailUrl\":\"https:\\\/\\\/zoo-land.az\\\/wp-content\\\/uploads\\\/2024\\\/06\\\/52105-4820083908903.jpg\",\"datePublished\":\"2024-06-05T13:39:54+00:00\",\"breadcrumb\":{\"@id\":\"https:\\\/\\\/zoo-land.az\\\/shop\\\/cat\\\/cat-wetfoods\\\/club-4-paws-rabbit-100-g\\\/#breadcrumb\"},\"inLanguage\":\"az\",\"potentialAction\":[{\"@type\":\"ReadAction\",\"target\":[\"https:\\\/\\\/zoo-land.az\\\/shop\\\/cat\\\/cat-wetfoods\\\/club-4-paws-rabbit-100-g\\\/\"]}]},{\"@type\":\"ImageObject\",\"inLanguage\":\"az\",\"@id\":\"https:\\\/\\\/zoo-land.az\\\/shop\\\/cat\\\/cat-wetfoods\\\/club-4-paws-rabbit-100-g\\\/#primaryimage\",\"url\":\"https:\\\/\\\/zoo-land.az\\\/wp-content\\\/uploads\\\/2024\\\/06\\\/52105-4820083908903.jpg\",\"contentUrl\":\"https:\\\/\\\/zoo-land.az\\\/wp-content\\\/uploads\\\/2024\\\/06\\\/52105-4820083908903.jpg\",\"width\":1350,\"height\":1350},{\"@type\":\"BreadcrumbList\",\"@id\":\"https:\\\/\\\/zoo-land.az\\\/shop\\\/cat\\\/cat-wetfoods\\\/club-4-paws-rabbit-100-g\\\/#breadcrumb\",\"itemListElement\":[{\"@type\":\"ListItem\",\"position\":1,\"name\":\"Home\",\"item\":\"https:\\\/\\\/zoo-land.az\\\/ru\\\/\"},{\"@type\":\"ListItem\",\"position\":2,\"name\":\"Shop\",\"item\":\"https:\\\/\\\/zoo-land.az\\\/ru\\\/\"},{\"@type\":\"ListItem\",\"position\":3,\"name\":\"Club 4 paws Rabbit 100 g\"}]},{\"@type\":\"WebSite\",\"@id\":\"https:\\\/\\\/zoo-land.az\\\/#website\",\"url\":\"https:\\\/\\\/zoo-land.az\\\/\",\"name\":\"Zooland.az\",\"description\":\"Xo\u015fb\u0259xt ev heyvanlar\u0131n\u0131n \u00fcnvan\u0131 Zooland.az\",\"publisher\":{\"@id\":\"https:\\\/\\\/zoo-land.az\\\/#organization\"},\"potentialAction\":[{\"@type\":\"SearchAction\",\"target\":{\"@type\":\"EntryPoint\",\"urlTemplate\":\"https:\\\/\\\/zoo-land.az\\\/?s={search_term_string}\"},\"query-input\":{\"@type\":\"PropertyValueSpecification\",\"valueRequired\":true,\"valueName\":\"search_term_string\"}}],\"inLanguage\":\"az\"},{\"@type\":\"Organization\",\"@id\":\"https:\\\/\\\/zoo-land.az\\\/#organization\",\"name\":\"Zooland.az\",\"url\":\"https:\\\/\\\/zoo-land.az\\\/\",\"logo\":{\"@type\":\"ImageObject\",\"inLanguage\":\"az\",\"@id\":\"https:\\\/\\\/zoo-land.az\\\/#\\\/schema\\\/logo\\\/image\\\/\",\"url\":\"https:\\\/\\\/zoo-land.az\\\/wp-content\\\/uploads\\\/2022\\\/05\\\/logo.svg\",\"contentUrl\":\"https:\\\/\\\/zoo-land.az\\\/wp-content\\\/uploads\\\/2022\\\/05\\\/logo.svg\",\"width\":113,\"height\":46,\"caption\":\"Zooland.az\"},\"image\":{\"@id\":\"https:\\\/\\\/zoo-land.az\\\/#\\\/schema\\\/logo\\\/image\\\/\"}}]}<\/script>\n<!-- \/ Yoast SEO plugin. -->","yoast_head_json":{"title":"Club 4 paws Rabbit 100 g - Zooland.az","robots":{"index":"index","follow":"follow","max-snippet":"max-snippet:-1","max-image-preview":"max-image-preview:large","max-video-preview":"max-video-preview:-1"},"canonical":"https:\/\/zoo-land.az\/az\/shop\/cat\/cat-wetfoods\/club-4-paws-rabbit-100-g\/","og_locale":"az_AZ","og_type":"article","og_title":"Club 4 paws Rabbit 100 g - Zooland.az","og_description":"Club 4 Paws Premium jelly rabbit food for cats 100g is a complete, premium-class food for adult cats with a balanced content of nutrients. The food contains natural rabbit, which is a source of high-quality protein necessary for healthy growth and development of the cat. The food also contains other natural ingredients that help provide the cat with all the necessary vitamins and minerals. Korm Club 4 Paws Premium jelly rabbit has a pleasant taste and aroma that your pet will like. You can order it on the website of the online store NOVUS.online, which offers a wide selection of feed and accessories for pets. Delivery is available in the city of Kyiv and the region, including Bucha, Irpin, Kotsyubynske, Vyshneve, Sviatopetrivske, Kryukivshchyna and other settlements.","og_url":"https:\/\/zoo-land.az\/az\/shop\/cat\/cat-wetfoods\/club-4-paws-rabbit-100-g\/","og_site_name":"Zooland.az","og_image":[{"width":1350,"height":1350,"url":"https:\/\/zoo-land.az\/wp-content\/uploads\/2024\/06\/52105-4820083908903.jpg","type":"image\/jpeg"}],"twitter_card":"summary_large_image","twitter_misc":{"Est. reading time":"1 minute"},"schema":{"@context":"https:\/\/schema.org","@graph":[{"@type":"WebPage","@id":"https:\/\/zoo-land.az\/shop\/cat\/cat-wetfoods\/club-4-paws-rabbit-100-g\/","url":"https:\/\/zoo-land.az\/shop\/cat\/cat-wetfoods\/club-4-paws-rabbit-100-g\/","name":"Club 4 paws Rabbit 100 g - Zooland.az","isPartOf":{"@id":"https:\/\/zoo-land.az\/#website"},"primaryImageOfPage":{"@id":"https:\/\/zoo-land.az\/shop\/cat\/cat-wetfoods\/club-4-paws-rabbit-100-g\/#primaryimage"},"image":{"@id":"https:\/\/zoo-land.az\/shop\/cat\/cat-wetfoods\/club-4-paws-rabbit-100-g\/#primaryimage"},"thumbnailUrl":"https:\/\/zoo-land.az\/wp-content\/uploads\/2024\/06\/52105-4820083908903.jpg","datePublished":"2024-06-05T13:39:54+00:00","breadcrumb":{"@id":"https:\/\/zoo-land.az\/shop\/cat\/cat-wetfoods\/club-4-paws-rabbit-100-g\/#breadcrumb"},"inLanguage":"az","potentialAction":[{"@type":"ReadAction","target":["https:\/\/zoo-land.az\/shop\/cat\/cat-wetfoods\/club-4-paws-rabbit-100-g\/"]}]},{"@type":"ImageObject","inLanguage":"az","@id":"https:\/\/zoo-land.az\/shop\/cat\/cat-wetfoods\/club-4-paws-rabbit-100-g\/#primaryimage","url":"https:\/\/zoo-land.az\/wp-content\/uploads\/2024\/06\/52105-4820083908903.jpg","contentUrl":"https:\/\/zoo-land.az\/wp-content\/uploads\/2024\/06\/52105-4820083908903.jpg","width":1350,"height":1350},{"@type":"BreadcrumbList","@id":"https:\/\/zoo-land.az\/shop\/cat\/cat-wetfoods\/club-4-paws-rabbit-100-g\/#breadcrumb","itemListElement":[{"@type":"ListItem","position":1,"name":"Home","item":"https:\/\/zoo-land.az\/ru\/"},{"@type":"ListItem","position":2,"name":"Shop","item":"https:\/\/zoo-land.az\/ru\/"},{"@type":"ListItem","position":3,"name":"Club 4 paws Rabbit 100 g"}]},{"@type":"WebSite","@id":"https:\/\/zoo-land.az\/#website","url":"https:\/\/zoo-land.az\/","name":"Zooland.az","description":"Xo\u015fb\u0259xt ev heyvanlar\u0131n\u0131n \u00fcnvan\u0131 Zooland.az","publisher":{"@id":"https:\/\/zoo-land.az\/#organization"},"potentialAction":[{"@type":"SearchAction","target":{"@type":"EntryPoint","urlTemplate":"https:\/\/zoo-land.az\/?s={search_term_string}"},"query-input":{"@type":"PropertyValueSpecification","valueRequired":true,"valueName":"search_term_string"}}],"inLanguage":"az"},{"@type":"Organization","@id":"https:\/\/zoo-land.az\/#organization","name":"Zooland.az","url":"https:\/\/zoo-land.az\/","logo":{"@type":"ImageObject","inLanguage":"az","@id":"https:\/\/zoo-land.az\/#\/schema\/logo\/image\/","url":"https:\/\/zoo-land.az\/wp-content\/uploads\/2022\/05\/logo.svg","contentUrl":"https:\/\/zoo-land.az\/wp-content\/uploads\/2022\/05\/logo.svg","width":113,"height":46,"caption":"Zooland.az"},"image":{"@id":"https:\/\/zoo-land.az\/#\/schema\/logo\/image\/"}}]}},"_links":{"self":[{"href":"https:\/\/zoo-land.az\/az\/wp-json\/wp\/v2\/product\/22688","targetHints":{"allow":["GET"]}}],"collection":[{"href":"https:\/\/zoo-land.az\/az\/wp-json\/wp\/v2\/product"}],"about":[{"href":"https:\/\/zoo-land.az\/az\/wp-json\/wp\/v2\/types\/product"}],"wp:featuredmedia":[{"embeddable":true,"href":"https:\/\/zoo-land.az\/az\/wp-json\/wp\/v2\/media\/22689"}],"wp:attachment":[{"href":"https:\/\/zoo-land.az\/az\/wp-json\/wp\/v2\/media?parent=22688"}],"wp:term":[{"taxonomy":"product_cat","embeddable":true,"href":"https:\/\/zoo-land.az\/az\/wp-json\/wp\/v2\/product_cat?post=22688"},{"taxonomy":"product_tag","embeddable":true,"href":"https:\/\/zoo-land.az\/az\/wp-json\/wp\/v2\/product_tag?post=22688"}],"curies":[{"name":"wp","href":"https:\/\/api.w.org\/{rel}","templated":true}]}}