{"id":22713,"date":"2024-06-05T18:40:43","date_gmt":"2024-06-05T18:40:43","guid":{"rendered":"https:\/\/lightsteelblue-zebra-299715.hostingersite.com\/?post_type=product&#038;p=22713"},"modified":"2024-06-05T18:40:43","modified_gmt":"2024-06-05T18:40:43","slug":"%d0%bc%d1%8f%d1%83-homestyle-poultry-80-g","status":"publish","type":"product","link":"https:\/\/zoo-land.az\/az\/shop\/cat\/cat-wetfoods\/%d0%bc%d1%8f%d1%83-homestyle-poultry-80-g\/","title":{"rendered":"M\u044f\u0443 Homestyle Qu\u015f \u0259ti 80 q"},"content":{"rendered":"<p>Meow! canned food is a complete and balanced diet for your cat, meeting European quality standards. This food provides your pet with the necessary amount of nutrients, vitamins, and microelements, promoting metabolism, improving appetite, and supporting the growth and development of the coat. The vitamin content remains effective until the end of the shelf life. The quality of the product is confirmed by a series of tests conducted under veterinary supervision.<\/p>\n<p>The involvement of foreign consultants has enabled the production of a series of wet foods that combine optimal nutrition and taste. Meow is primarily healthy food that combines rich flavor with an optimal energy portion.<\/p>\n<p>Ingredients: meat and animal by-products, including at least 4% chicken meat, cereals, fish and fish by-products, minerals and vitamins, colorants E171 and E150.<\/p>","protected":false},"excerpt":{"rendered":"<p>Meow! canned food is a complete and balanced diet for your cat, meeting European quality standards. This food provides your pet with the necessary amount of nutrients, vitamins, and microelements, promoting metabolism, improving appetite, and supporting the growth and development of the coat. The vitamin content remains effective until the end of the shelf life. The quality of the product is confirmed by a series of tests conducted under veterinary supervision.<\/p>","protected":false},"featured_media":22714,"template":"","meta":{"inline_featured_image":false,"_joinchat":[]},"product_cat":[188,190],"product_tag":[],"class_list":{"0":"post-22713","1":"product","2":"type-product","3":"status-publish","4":"has-post-thumbnail","6":"product_brand-371","7":"product_cat-cat","8":"product_cat-cat-wetfoods","10":"first","11":"instock","12":"shipping-taxable","13":"purchasable","14":"product-type-simple"},"yoast_head":"<!-- This site is optimized with the Yoast SEO plugin v26.7 - https:\/\/yoast.com\/wordpress\/plugins\/seo\/ -->\n<title>\u041c\u044f\u0443 Homestyle Poultry 80 g - Zooland.az<\/title>\n<meta name=\"robots\" content=\"index, follow, max-snippet:-1, max-image-preview:large, max-video-preview:-1\" \/>\n<link rel=\"canonical\" href=\"https:\/\/zoo-land.az\/az\/shop\/cat\/cat-wetfoods\/\u043c\u044f\u0443-homestyle-poultry-80-g\/\" \/>\n<meta property=\"og:locale\" content=\"az_AZ\" \/>\n<meta property=\"og:type\" content=\"article\" \/>\n<meta property=\"og:title\" content=\"\u041c\u044f\u0443 Homestyle Poultry 80 g - Zooland.az\" \/>\n<meta property=\"og:description\" content=\"Meow! canned food is a complete and balanced diet for your cat, meeting European quality standards. This food provides your pet with the necessary amount of nutrients, vitamins, and microelements, promoting metabolism, improving appetite, and supporting the growth and development of the coat. The vitamin content remains effective until the end of the shelf life. The quality of the product is confirmed by a series of tests conducted under veterinary supervision.\" \/>\n<meta property=\"og:url\" content=\"https:\/\/zoo-land.az\/az\/shop\/cat\/cat-wetfoods\/\u043c\u044f\u0443-homestyle-poultry-80-g\/\" \/>\n<meta property=\"og:site_name\" content=\"Zooland.az\" \/>\n<meta property=\"og:image\" content=\"https:\/\/zoo-land.az\/wp-content\/uploads\/2024\/06\/\u0421\u043d\u0438\u043c\u043e\u043a-\u044d\u043a\u0440\u0430\u043d\u0430-2024-06-05-\u0432-22.37.09.png\" \/>\n\t<meta property=\"og:image:width\" content=\"498\" \/>\n\t<meta property=\"og:image:height\" content=\"566\" \/>\n\t<meta property=\"og:image:type\" content=\"image\/png\" \/>\n<meta name=\"twitter:card\" content=\"summary_large_image\" \/>\n<meta name=\"twitter:label1\" content=\"Est. reading time\" \/>\n\t<meta name=\"twitter:data1\" content=\"1 minute\" \/>\n<script type=\"application\/ld+json\" class=\"yoast-schema-graph\">{\"@context\":\"https:\/\/schema.org\",\"@graph\":[{\"@type\":\"WebPage\",\"@id\":\"https:\/\/zoo-land.az\/ru\/shop\/cat\/cat-wetfoods\/%d0%bc%d1%8f%d1%83-homestyle-poultry-80-g\/\",\"url\":\"https:\/\/zoo-land.az\/ru\/shop\/cat\/cat-wetfoods\/%d0%bc%d1%8f%d1%83-homestyle-poultry-80-g\/\",\"name\":\"\u041c\u044f\u0443 Homestyle Poultry 80 g - Zooland.az\",\"isPartOf\":{\"@id\":\"https:\/\/zoo-land.az\/#website\"},\"primaryImageOfPage\":{\"@id\":\"https:\/\/zoo-land.az\/ru\/shop\/cat\/cat-wetfoods\/%d0%bc%d1%8f%d1%83-homestyle-poultry-80-g\/#primaryimage\"},\"image\":{\"@id\":\"https:\/\/zoo-land.az\/ru\/shop\/cat\/cat-wetfoods\/%d0%bc%d1%8f%d1%83-homestyle-poultry-80-g\/#primaryimage\"},\"thumbnailUrl\":\"https:\/\/zoo-land.az\/wp-content\/uploads\/2024\/06\/\u0421\u043d\u0438\u043c\u043e\u043a-\u044d\u043a\u0440\u0430\u043d\u0430-2024-06-05-\u0432-22.37.09.png\",\"datePublished\":\"2024-06-05T18:40:43+00:00\",\"breadcrumb\":{\"@id\":\"https:\/\/zoo-land.az\/ru\/shop\/cat\/cat-wetfoods\/%d0%bc%d1%8f%d1%83-homestyle-poultry-80-g\/#breadcrumb\"},\"inLanguage\":\"az\",\"potentialAction\":[{\"@type\":\"ReadAction\",\"target\":[\"https:\/\/zoo-land.az\/ru\/shop\/cat\/cat-wetfoods\/%d0%bc%d1%8f%d1%83-homestyle-poultry-80-g\/\"]}]},{\"@type\":\"ImageObject\",\"inLanguage\":\"az\",\"@id\":\"https:\/\/zoo-land.az\/ru\/shop\/cat\/cat-wetfoods\/%d0%bc%d1%8f%d1%83-homestyle-poultry-80-g\/#primaryimage\",\"url\":\"https:\/\/zoo-land.az\/wp-content\/uploads\/2024\/06\/\u0421\u043d\u0438\u043c\u043e\u043a-\u044d\u043a\u0440\u0430\u043d\u0430-2024-06-05-\u0432-22.37.09.png\",\"contentUrl\":\"https:\/\/zoo-land.az\/wp-content\/uploads\/2024\/06\/\u0421\u043d\u0438\u043c\u043e\u043a-\u044d\u043a\u0440\u0430\u043d\u0430-2024-06-05-\u0432-22.37.09.png\",\"width\":498,\"height\":566},{\"@type\":\"BreadcrumbList\",\"@id\":\"https:\/\/zoo-land.az\/ru\/shop\/cat\/cat-wetfoods\/%d0%bc%d1%8f%d1%83-homestyle-poultry-80-g\/#breadcrumb\",\"itemListElement\":[{\"@type\":\"ListItem\",\"position\":1,\"name\":\"Home\",\"item\":\"https:\/\/zoo-land.az\/ru\/\"},{\"@type\":\"ListItem\",\"position\":2,\"name\":\"Shop\",\"item\":\"https:\/\/zoo-land.az\/ru\/\"},{\"@type\":\"ListItem\",\"position\":3,\"name\":\"\u041c\u044f\u0443 Homestyle Poultry 80 g\"}]},{\"@type\":\"WebSite\",\"@id\":\"https:\/\/zoo-land.az\/#website\",\"url\":\"https:\/\/zoo-land.az\/\",\"name\":\"Zooland.az\",\"description\":\"Xo\u015fb\u0259xt ev heyvanlar\u0131n\u0131n \u00fcnvan\u0131 Zooland.az\",\"publisher\":{\"@id\":\"https:\/\/zoo-land.az\/#organization\"},\"potentialAction\":[{\"@type\":\"SearchAction\",\"target\":{\"@type\":\"EntryPoint\",\"urlTemplate\":\"https:\/\/zoo-land.az\/?s={search_term_string}\"},\"query-input\":{\"@type\":\"PropertyValueSpecification\",\"valueRequired\":true,\"valueName\":\"search_term_string\"}}],\"inLanguage\":\"az\"},{\"@type\":\"Organization\",\"@id\":\"https:\/\/zoo-land.az\/#organization\",\"name\":\"Zooland.az\",\"url\":\"https:\/\/zoo-land.az\/\",\"logo\":{\"@type\":\"ImageObject\",\"inLanguage\":\"az\",\"@id\":\"https:\/\/zoo-land.az\/#\/schema\/logo\/image\/\",\"url\":\"https:\/\/zoo-land.az\/wp-content\/uploads\/2022\/05\/logo.svg\",\"contentUrl\":\"https:\/\/zoo-land.az\/wp-content\/uploads\/2022\/05\/logo.svg\",\"width\":113,\"height\":46,\"caption\":\"Zooland.az\"},\"image\":{\"@id\":\"https:\/\/zoo-land.az\/#\/schema\/logo\/image\/\"}}]}<\/script>\n<!-- \/ Yoast SEO plugin. -->","yoast_head_json":{"title":"\u041c\u044f\u0443 Homestyle Poultry 80 g - Zooland.az","robots":{"index":"index","follow":"follow","max-snippet":"max-snippet:-1","max-image-preview":"max-image-preview:large","max-video-preview":"max-video-preview:-1"},"canonical":"https:\/\/zoo-land.az\/az\/shop\/cat\/cat-wetfoods\/\u043c\u044f\u0443-homestyle-poultry-80-g\/","og_locale":"az_AZ","og_type":"article","og_title":"\u041c\u044f\u0443 Homestyle Poultry 80 g - Zooland.az","og_description":"Meow! canned food is a complete and balanced diet for your cat, meeting European quality standards. This food provides your pet with the necessary amount of nutrients, vitamins, and microelements, promoting metabolism, improving appetite, and supporting the growth and development of the coat. The vitamin content remains effective until the end of the shelf life. The quality of the product is confirmed by a series of tests conducted under veterinary supervision.","og_url":"https:\/\/zoo-land.az\/az\/shop\/cat\/cat-wetfoods\/\u043c\u044f\u0443-homestyle-poultry-80-g\/","og_site_name":"Zooland.az","og_image":[{"width":498,"height":566,"url":"https:\/\/zoo-land.az\/wp-content\/uploads\/2024\/06\/\u0421\u043d\u0438\u043c\u043e\u043a-\u044d\u043a\u0440\u0430\u043d\u0430-2024-06-05-\u0432-22.37.09.png","type":"image\/png"}],"twitter_card":"summary_large_image","twitter_misc":{"Est. reading time":"1 minute"},"schema":{"@context":"https:\/\/schema.org","@graph":[{"@type":"WebPage","@id":"https:\/\/zoo-land.az\/ru\/shop\/cat\/cat-wetfoods\/%d0%bc%d1%8f%d1%83-homestyle-poultry-80-g\/","url":"https:\/\/zoo-land.az\/ru\/shop\/cat\/cat-wetfoods\/%d0%bc%d1%8f%d1%83-homestyle-poultry-80-g\/","name":"\u041c\u044f\u0443 Homestyle Poultry 80 g - Zooland.az","isPartOf":{"@id":"https:\/\/zoo-land.az\/#website"},"primaryImageOfPage":{"@id":"https:\/\/zoo-land.az\/ru\/shop\/cat\/cat-wetfoods\/%d0%bc%d1%8f%d1%83-homestyle-poultry-80-g\/#primaryimage"},"image":{"@id":"https:\/\/zoo-land.az\/ru\/shop\/cat\/cat-wetfoods\/%d0%bc%d1%8f%d1%83-homestyle-poultry-80-g\/#primaryimage"},"thumbnailUrl":"https:\/\/zoo-land.az\/wp-content\/uploads\/2024\/06\/\u0421\u043d\u0438\u043c\u043e\u043a-\u044d\u043a\u0440\u0430\u043d\u0430-2024-06-05-\u0432-22.37.09.png","datePublished":"2024-06-05T18:40:43+00:00","breadcrumb":{"@id":"https:\/\/zoo-land.az\/ru\/shop\/cat\/cat-wetfoods\/%d0%bc%d1%8f%d1%83-homestyle-poultry-80-g\/#breadcrumb"},"inLanguage":"az","potentialAction":[{"@type":"ReadAction","target":["https:\/\/zoo-land.az\/ru\/shop\/cat\/cat-wetfoods\/%d0%bc%d1%8f%d1%83-homestyle-poultry-80-g\/"]}]},{"@type":"ImageObject","inLanguage":"az","@id":"https:\/\/zoo-land.az\/ru\/shop\/cat\/cat-wetfoods\/%d0%bc%d1%8f%d1%83-homestyle-poultry-80-g\/#primaryimage","url":"https:\/\/zoo-land.az\/wp-content\/uploads\/2024\/06\/\u0421\u043d\u0438\u043c\u043e\u043a-\u044d\u043a\u0440\u0430\u043d\u0430-2024-06-05-\u0432-22.37.09.png","contentUrl":"https:\/\/zoo-land.az\/wp-content\/uploads\/2024\/06\/\u0421\u043d\u0438\u043c\u043e\u043a-\u044d\u043a\u0440\u0430\u043d\u0430-2024-06-05-\u0432-22.37.09.png","width":498,"height":566},{"@type":"BreadcrumbList","@id":"https:\/\/zoo-land.az\/ru\/shop\/cat\/cat-wetfoods\/%d0%bc%d1%8f%d1%83-homestyle-poultry-80-g\/#breadcrumb","itemListElement":[{"@type":"ListItem","position":1,"name":"Home","item":"https:\/\/zoo-land.az\/ru\/"},{"@type":"ListItem","position":2,"name":"Shop","item":"https:\/\/zoo-land.az\/ru\/"},{"@type":"ListItem","position":3,"name":"\u041c\u044f\u0443 Homestyle Poultry 80 g"}]},{"@type":"WebSite","@id":"https:\/\/zoo-land.az\/#website","url":"https:\/\/zoo-land.az\/","name":"Zooland.az","description":"Xo\u015fb\u0259xt ev heyvanlar\u0131n\u0131n \u00fcnvan\u0131 Zooland.az","publisher":{"@id":"https:\/\/zoo-land.az\/#organization"},"potentialAction":[{"@type":"SearchAction","target":{"@type":"EntryPoint","urlTemplate":"https:\/\/zoo-land.az\/?s={search_term_string}"},"query-input":{"@type":"PropertyValueSpecification","valueRequired":true,"valueName":"search_term_string"}}],"inLanguage":"az"},{"@type":"Organization","@id":"https:\/\/zoo-land.az\/#organization","name":"Zooland.az","url":"https:\/\/zoo-land.az\/","logo":{"@type":"ImageObject","inLanguage":"az","@id":"https:\/\/zoo-land.az\/#\/schema\/logo\/image\/","url":"https:\/\/zoo-land.az\/wp-content\/uploads\/2022\/05\/logo.svg","contentUrl":"https:\/\/zoo-land.az\/wp-content\/uploads\/2022\/05\/logo.svg","width":113,"height":46,"caption":"Zooland.az"},"image":{"@id":"https:\/\/zoo-land.az\/#\/schema\/logo\/image\/"}}]}},"_links":{"self":[{"href":"https:\/\/zoo-land.az\/az\/wp-json\/wp\/v2\/product\/22713","targetHints":{"allow":["GET"]}}],"collection":[{"href":"https:\/\/zoo-land.az\/az\/wp-json\/wp\/v2\/product"}],"about":[{"href":"https:\/\/zoo-land.az\/az\/wp-json\/wp\/v2\/types\/product"}],"wp:featuredmedia":[{"embeddable":true,"href":"https:\/\/zoo-land.az\/az\/wp-json\/wp\/v2\/media\/22714"}],"wp:attachment":[{"href":"https:\/\/zoo-land.az\/az\/wp-json\/wp\/v2\/media?parent=22713"}],"wp:term":[{"taxonomy":"product_cat","embeddable":true,"href":"https:\/\/zoo-land.az\/az\/wp-json\/wp\/v2\/product_cat?post=22713"},{"taxonomy":"product_tag","embeddable":true,"href":"https:\/\/zoo-land.az\/az\/wp-json\/wp\/v2\/product_tag?post=22713"}],"curies":[{"name":"wp","href":"https:\/\/api.w.org\/{rel}","templated":true}]}}