{"id":22727,"date":"2024-06-05T19:08:14","date_gmt":"2024-06-05T19:08:14","guid":{"rendered":"https:\/\/lightsteelblue-zebra-299715.hostingersite.com\/?post_type=product&#038;p=22727"},"modified":"2024-06-05T19:08:15","modified_gmt":"2024-06-05T19:08:15","slug":"%d0%bc%d1%8f%d1%83-turkey-in-sauce-100-g","status":"publish","type":"product","link":"https:\/\/zoo-land.az\/az\/shop\/cat\/cat-wetfoods\/%d0%bc%d1%8f%d1%83-turkey-in-sauce-100-g\/","title":{"rendered":"M\u044f\u0443 Hind sousunda 100 qr"},"content":{"rendered":"<p>The &#8220;Meow!&#8221; pouches are packed in modern vacuum packaging, which helps to keep the product fresh and appetizing, as if it were just prepared. The &#8220;Meow!&#8221; food is produced at the high-tech Ukrainian factory &#8220;Kormotech,&#8221; certified under the ISO 22000 system for food safety. The quality is confirmed by the club veterinarian. Testing conducted by the club veterinarian confirms the quality of &#8220;Meow!&#8221; products. High ratings for taste properties from independent studies. The food has been tested and approved by the European University (Wroclaw) and the State Scientific Research Control Institute of Veterinary Preparations and Feed Additives (GNIKI) in Ukraine.<\/p>\n<p>Ingredients: meat and animal by-products, including at least 4% turkey, cereals, plant protein extracts, minerals, vitamins (including taurine), sugars, colorant E171.<\/p>\n<p>Nutritional value per 100 g of food: protein &#8211; 7.0%, fat &#8211; 4.5%, ash &#8211; 2.5%, fiber &#8211; 0.3%, moisture &#8211; 82.0%.<\/p>\n<p>Vitamin and mineral content: vitamin A &#8211; 1200 IU\/kg, vitamin D3 &#8211; 160 IU\/kg, vitamin E &#8211; 5 mg\/kg, calcium &#8211; 0.35%, phosphorus &#8211; 0.25%. Contains vitamins B1, Bc.<\/p>\n<p>Energy value per 100 g of food: 74 kcal.<\/p>","protected":false},"excerpt":{"rendered":"<p>The &#8220;Meow!&#8221; pouches are packed in modern vacuum packaging, which helps to keep the product fresh and appetizing, as if it were just prepared. The &#8220;Meow!&#8221; food is produced at the high-tech Ukrainian factory &#8220;Kormotech,&#8221; certified under the ISO 22000 system for food safety. The quality is confirmed by the club veterinarian. Testing conducted by the club veterinarian confirms the quality of &#8220;Meow!&#8221; products. High ratings for taste properties from independent studies. The food has been tested and approved by the European University (Wroclaw) and the State Scientific Research Control Institute of Veterinary Preparations and Feed Additives (GNIKI) in Ukraine.<\/p>","protected":false},"featured_media":22728,"template":"","meta":{"inline_featured_image":false,"_joinchat":[]},"product_cat":[188,190],"product_tag":[],"class_list":{"0":"post-22727","1":"product","2":"type-product","3":"status-publish","4":"has-post-thumbnail","6":"product_brand-371","7":"product_cat-cat","8":"product_cat-cat-wetfoods","10":"first","11":"instock","12":"shipping-taxable","13":"purchasable","14":"product-type-simple"},"yoast_head":"<!-- This site is optimized with the Yoast SEO plugin v26.7 - https:\/\/yoast.com\/wordpress\/plugins\/seo\/ -->\n<title>\u041c\u044f\u0443 Turkey in Sauce 100 g - Zooland.az<\/title>\n<meta name=\"robots\" content=\"index, follow, max-snippet:-1, max-image-preview:large, max-video-preview:-1\" \/>\n<link rel=\"canonical\" href=\"https:\/\/zoo-land.az\/az\/shop\/cat\/cat-wetfoods\/\u043c\u044f\u0443-turkey-in-sauce-100-g\/\" \/>\n<meta property=\"og:locale\" content=\"az_AZ\" \/>\n<meta property=\"og:type\" content=\"article\" \/>\n<meta property=\"og:title\" content=\"\u041c\u044f\u0443 Turkey in Sauce 100 g - Zooland.az\" \/>\n<meta property=\"og:description\" content=\"The &quot;Meow!&quot; pouches are packed in modern vacuum packaging, which helps to keep the product fresh and appetizing, as if it were just prepared. The &quot;Meow!&quot; food is produced at the high-tech Ukrainian factory &quot;Kormotech,&quot; certified under the ISO 22000 system for food safety. The quality is confirmed by the club veterinarian. Testing conducted by the club veterinarian confirms the quality of &quot;Meow!&quot; products. High ratings for taste properties from independent studies. The food has been tested and approved by the European University (Wroclaw) and the State Scientific Research Control Institute of Veterinary Preparations and Feed Additives (GNIKI) in Ukraine.\" \/>\n<meta property=\"og:url\" content=\"https:\/\/zoo-land.az\/az\/shop\/cat\/cat-wetfoods\/\u043c\u044f\u0443-turkey-in-sauce-100-g\/\" \/>\n<meta property=\"og:site_name\" content=\"Zooland.az\" \/>\n<meta property=\"article:modified_time\" content=\"2024-06-05T19:08:15+00:00\" \/>\n<meta property=\"og:image\" content=\"https:\/\/zoo-land.az\/wp-content\/uploads\/2024\/06\/174681-1f455b5edfbaecc0d06336e43e1e14eb.jpg\" \/>\n\t<meta property=\"og:image:width\" content=\"840\" \/>\n\t<meta property=\"og:image:height\" content=\"840\" \/>\n\t<meta property=\"og:image:type\" content=\"image\/jpeg\" \/>\n<meta name=\"twitter:card\" content=\"summary_large_image\" \/>\n<meta name=\"twitter:label1\" content=\"Est. reading time\" \/>\n\t<meta name=\"twitter:data1\" content=\"1 minute\" \/>\n<script type=\"application\/ld+json\" class=\"yoast-schema-graph\">{\"@context\":\"https:\/\/schema.org\",\"@graph\":[{\"@type\":\"WebPage\",\"@id\":\"https:\/\/zoo-land.az\/shop\/cat\/cat-wetfoods\/%d0%bc%d1%8f%d1%83-turkey-in-sauce-100-g\/\",\"url\":\"https:\/\/zoo-land.az\/shop\/cat\/cat-wetfoods\/%d0%bc%d1%8f%d1%83-turkey-in-sauce-100-g\/\",\"name\":\"\u041c\u044f\u0443 Turkey in Sauce 100 g - Zooland.az\",\"isPartOf\":{\"@id\":\"https:\/\/zoo-land.az\/#website\"},\"primaryImageOfPage\":{\"@id\":\"https:\/\/zoo-land.az\/shop\/cat\/cat-wetfoods\/%d0%bc%d1%8f%d1%83-turkey-in-sauce-100-g\/#primaryimage\"},\"image\":{\"@id\":\"https:\/\/zoo-land.az\/shop\/cat\/cat-wetfoods\/%d0%bc%d1%8f%d1%83-turkey-in-sauce-100-g\/#primaryimage\"},\"thumbnailUrl\":\"https:\/\/zoo-land.az\/wp-content\/uploads\/2024\/06\/174681-1f455b5edfbaecc0d06336e43e1e14eb.jpg\",\"datePublished\":\"2024-06-05T19:08:14+00:00\",\"dateModified\":\"2024-06-05T19:08:15+00:00\",\"breadcrumb\":{\"@id\":\"https:\/\/zoo-land.az\/shop\/cat\/cat-wetfoods\/%d0%bc%d1%8f%d1%83-turkey-in-sauce-100-g\/#breadcrumb\"},\"inLanguage\":\"az\",\"potentialAction\":[{\"@type\":\"ReadAction\",\"target\":[\"https:\/\/zoo-land.az\/shop\/cat\/cat-wetfoods\/%d0%bc%d1%8f%d1%83-turkey-in-sauce-100-g\/\"]}]},{\"@type\":\"ImageObject\",\"inLanguage\":\"az\",\"@id\":\"https:\/\/zoo-land.az\/shop\/cat\/cat-wetfoods\/%d0%bc%d1%8f%d1%83-turkey-in-sauce-100-g\/#primaryimage\",\"url\":\"https:\/\/zoo-land.az\/wp-content\/uploads\/2024\/06\/174681-1f455b5edfbaecc0d06336e43e1e14eb.jpg\",\"contentUrl\":\"https:\/\/zoo-land.az\/wp-content\/uploads\/2024\/06\/174681-1f455b5edfbaecc0d06336e43e1e14eb.jpg\",\"width\":840,\"height\":840},{\"@type\":\"BreadcrumbList\",\"@id\":\"https:\/\/zoo-land.az\/shop\/cat\/cat-wetfoods\/%d0%bc%d1%8f%d1%83-turkey-in-sauce-100-g\/#breadcrumb\",\"itemListElement\":[{\"@type\":\"ListItem\",\"position\":1,\"name\":\"Home\",\"item\":\"https:\/\/zoo-land.az\/ru\/\"},{\"@type\":\"ListItem\",\"position\":2,\"name\":\"Shop\",\"item\":\"https:\/\/zoo-land.az\/ru\/\"},{\"@type\":\"ListItem\",\"position\":3,\"name\":\"\u041c\u044f\u0443 Turkey in Sauce 100 g\"}]},{\"@type\":\"WebSite\",\"@id\":\"https:\/\/zoo-land.az\/#website\",\"url\":\"https:\/\/zoo-land.az\/\",\"name\":\"Zooland.az\",\"description\":\"Xo\u015fb\u0259xt ev heyvanlar\u0131n\u0131n \u00fcnvan\u0131 Zooland.az\",\"publisher\":{\"@id\":\"https:\/\/zoo-land.az\/#organization\"},\"potentialAction\":[{\"@type\":\"SearchAction\",\"target\":{\"@type\":\"EntryPoint\",\"urlTemplate\":\"https:\/\/zoo-land.az\/?s={search_term_string}\"},\"query-input\":{\"@type\":\"PropertyValueSpecification\",\"valueRequired\":true,\"valueName\":\"search_term_string\"}}],\"inLanguage\":\"az\"},{\"@type\":\"Organization\",\"@id\":\"https:\/\/zoo-land.az\/#organization\",\"name\":\"Zooland.az\",\"url\":\"https:\/\/zoo-land.az\/\",\"logo\":{\"@type\":\"ImageObject\",\"inLanguage\":\"az\",\"@id\":\"https:\/\/zoo-land.az\/#\/schema\/logo\/image\/\",\"url\":\"https:\/\/zoo-land.az\/wp-content\/uploads\/2022\/05\/logo.svg\",\"contentUrl\":\"https:\/\/zoo-land.az\/wp-content\/uploads\/2022\/05\/logo.svg\",\"width\":113,\"height\":46,\"caption\":\"Zooland.az\"},\"image\":{\"@id\":\"https:\/\/zoo-land.az\/#\/schema\/logo\/image\/\"}}]}<\/script>\n<!-- \/ Yoast SEO plugin. -->","yoast_head_json":{"title":"\u041c\u044f\u0443 Turkey in Sauce 100 g - Zooland.az","robots":{"index":"index","follow":"follow","max-snippet":"max-snippet:-1","max-image-preview":"max-image-preview:large","max-video-preview":"max-video-preview:-1"},"canonical":"https:\/\/zoo-land.az\/az\/shop\/cat\/cat-wetfoods\/\u043c\u044f\u0443-turkey-in-sauce-100-g\/","og_locale":"az_AZ","og_type":"article","og_title":"\u041c\u044f\u0443 Turkey in Sauce 100 g - Zooland.az","og_description":"The \"Meow!\" pouches are packed in modern vacuum packaging, which helps to keep the product fresh and appetizing, as if it were just prepared. The \"Meow!\" food is produced at the high-tech Ukrainian factory \"Kormotech,\" certified under the ISO 22000 system for food safety. The quality is confirmed by the club veterinarian. Testing conducted by the club veterinarian confirms the quality of \"Meow!\" products. High ratings for taste properties from independent studies. The food has been tested and approved by the European University (Wroclaw) and the State Scientific Research Control Institute of Veterinary Preparations and Feed Additives (GNIKI) in Ukraine.","og_url":"https:\/\/zoo-land.az\/az\/shop\/cat\/cat-wetfoods\/\u043c\u044f\u0443-turkey-in-sauce-100-g\/","og_site_name":"Zooland.az","article_modified_time":"2024-06-05T19:08:15+00:00","og_image":[{"width":840,"height":840,"url":"https:\/\/zoo-land.az\/wp-content\/uploads\/2024\/06\/174681-1f455b5edfbaecc0d06336e43e1e14eb.jpg","type":"image\/jpeg"}],"twitter_card":"summary_large_image","twitter_misc":{"Est. reading time":"1 minute"},"schema":{"@context":"https:\/\/schema.org","@graph":[{"@type":"WebPage","@id":"https:\/\/zoo-land.az\/shop\/cat\/cat-wetfoods\/%d0%bc%d1%8f%d1%83-turkey-in-sauce-100-g\/","url":"https:\/\/zoo-land.az\/shop\/cat\/cat-wetfoods\/%d0%bc%d1%8f%d1%83-turkey-in-sauce-100-g\/","name":"\u041c\u044f\u0443 Turkey in Sauce 100 g - Zooland.az","isPartOf":{"@id":"https:\/\/zoo-land.az\/#website"},"primaryImageOfPage":{"@id":"https:\/\/zoo-land.az\/shop\/cat\/cat-wetfoods\/%d0%bc%d1%8f%d1%83-turkey-in-sauce-100-g\/#primaryimage"},"image":{"@id":"https:\/\/zoo-land.az\/shop\/cat\/cat-wetfoods\/%d0%bc%d1%8f%d1%83-turkey-in-sauce-100-g\/#primaryimage"},"thumbnailUrl":"https:\/\/zoo-land.az\/wp-content\/uploads\/2024\/06\/174681-1f455b5edfbaecc0d06336e43e1e14eb.jpg","datePublished":"2024-06-05T19:08:14+00:00","dateModified":"2024-06-05T19:08:15+00:00","breadcrumb":{"@id":"https:\/\/zoo-land.az\/shop\/cat\/cat-wetfoods\/%d0%bc%d1%8f%d1%83-turkey-in-sauce-100-g\/#breadcrumb"},"inLanguage":"az","potentialAction":[{"@type":"ReadAction","target":["https:\/\/zoo-land.az\/shop\/cat\/cat-wetfoods\/%d0%bc%d1%8f%d1%83-turkey-in-sauce-100-g\/"]}]},{"@type":"ImageObject","inLanguage":"az","@id":"https:\/\/zoo-land.az\/shop\/cat\/cat-wetfoods\/%d0%bc%d1%8f%d1%83-turkey-in-sauce-100-g\/#primaryimage","url":"https:\/\/zoo-land.az\/wp-content\/uploads\/2024\/06\/174681-1f455b5edfbaecc0d06336e43e1e14eb.jpg","contentUrl":"https:\/\/zoo-land.az\/wp-content\/uploads\/2024\/06\/174681-1f455b5edfbaecc0d06336e43e1e14eb.jpg","width":840,"height":840},{"@type":"BreadcrumbList","@id":"https:\/\/zoo-land.az\/shop\/cat\/cat-wetfoods\/%d0%bc%d1%8f%d1%83-turkey-in-sauce-100-g\/#breadcrumb","itemListElement":[{"@type":"ListItem","position":1,"name":"Home","item":"https:\/\/zoo-land.az\/ru\/"},{"@type":"ListItem","position":2,"name":"Shop","item":"https:\/\/zoo-land.az\/ru\/"},{"@type":"ListItem","position":3,"name":"\u041c\u044f\u0443 Turkey in Sauce 100 g"}]},{"@type":"WebSite","@id":"https:\/\/zoo-land.az\/#website","url":"https:\/\/zoo-land.az\/","name":"Zooland.az","description":"Xo\u015fb\u0259xt ev heyvanlar\u0131n\u0131n \u00fcnvan\u0131 Zooland.az","publisher":{"@id":"https:\/\/zoo-land.az\/#organization"},"potentialAction":[{"@type":"SearchAction","target":{"@type":"EntryPoint","urlTemplate":"https:\/\/zoo-land.az\/?s={search_term_string}"},"query-input":{"@type":"PropertyValueSpecification","valueRequired":true,"valueName":"search_term_string"}}],"inLanguage":"az"},{"@type":"Organization","@id":"https:\/\/zoo-land.az\/#organization","name":"Zooland.az","url":"https:\/\/zoo-land.az\/","logo":{"@type":"ImageObject","inLanguage":"az","@id":"https:\/\/zoo-land.az\/#\/schema\/logo\/image\/","url":"https:\/\/zoo-land.az\/wp-content\/uploads\/2022\/05\/logo.svg","contentUrl":"https:\/\/zoo-land.az\/wp-content\/uploads\/2022\/05\/logo.svg","width":113,"height":46,"caption":"Zooland.az"},"image":{"@id":"https:\/\/zoo-land.az\/#\/schema\/logo\/image\/"}}]}},"_links":{"self":[{"href":"https:\/\/zoo-land.az\/az\/wp-json\/wp\/v2\/product\/22727","targetHints":{"allow":["GET"]}}],"collection":[{"href":"https:\/\/zoo-land.az\/az\/wp-json\/wp\/v2\/product"}],"about":[{"href":"https:\/\/zoo-land.az\/az\/wp-json\/wp\/v2\/types\/product"}],"wp:featuredmedia":[{"embeddable":true,"href":"https:\/\/zoo-land.az\/az\/wp-json\/wp\/v2\/media\/22728"}],"wp:attachment":[{"href":"https:\/\/zoo-land.az\/az\/wp-json\/wp\/v2\/media?parent=22727"}],"wp:term":[{"taxonomy":"product_cat","embeddable":true,"href":"https:\/\/zoo-land.az\/az\/wp-json\/wp\/v2\/product_cat?post=22727"},{"taxonomy":"product_tag","embeddable":true,"href":"https:\/\/zoo-land.az\/az\/wp-json\/wp\/v2\/product_tag?post=22727"}],"curies":[{"name":"wp","href":"https:\/\/api.w.org\/{rel}","templated":true}]}}