{"id":22731,"date":"2024-06-06T06:47:12","date_gmt":"2024-06-06T06:47:12","guid":{"rendered":"https:\/\/lightsteelblue-zebra-299715.hostingersite.com\/?post_type=product&#038;p=22731"},"modified":"2024-06-06T06:47:13","modified_gmt":"2024-06-06T06:47:13","slug":"%d0%bc%d1%8f%d1%83-rabbit-in-sauce-100-g","status":"publish","type":"product","link":"https:\/\/zoo-land.az\/az\/shop\/cat\/cat-wetfoods\/%d0%bc%d1%8f%d1%83-rabbit-in-sauce-100-g\/","title":{"rendered":"M\u044f\u0443 Dov\u015fan sousunda 100 q"},"content":{"rendered":"<p>Balance \u2013 The uniqueness of the recipe lies in the fact that all the nutrients in the feed are present in the necessary proportion to the caloric content of the diet and in the correct ratio to each other, considering the geography and living conditions of cats;<br \/>\nPhysiological Adequacy \u2013 The feed formulations and feeding norms are developed with consideration of the peculiarities of the animal&#8217;s body: age, size, physiological state, activity;<br \/>\nSafety \u2013 The feed undergoes multi-level quality checks at all stages of development and production;<br \/>\nPalatability \u2013 The feed formulas are designed to meet not only the physiological needs of the body but also to provide the animal with pleasure from eating;<br \/>\nReliability \u2013 Modern vacuum packaging allows the product to stay fresh and appetizing, as if it was just prepared.<\/p>\n<p>The wet cat food &#8220;Meow!&#8221; has been tested and approved by the State Scientific Research Control Institute of Veterinary Preparations and Feed Additives.<\/p>","protected":false},"excerpt":{"rendered":"<p>Balance \u2013 The uniqueness of the recipe lies in the fact that all the nutrients in the feed are present in the necessary proportion to the caloric content of the diet and in the correct ratio to each other, considering the geography and living conditions of cats;<br \/>\nPhysiological Adequacy \u2013 The feed formulations and feeding norms are developed with consideration of the peculiarities of the animal&#8217;s body: age, size, physiological state, activity;<br \/>\nSafety \u2013 The feed undergoes multi-level quality checks at all stages of development and production;<br \/>\nPalatability \u2013 The feed formulas are designed to meet not only the physiological needs of the body but also to provide the animal with pleasure from eating;<br \/>\nReliability \u2013 Modern vacuum packaging allows the product to stay fresh and appetizing, as if it was just prepared.<\/p>\n<p>The wet cat food &#8220;Meow!&#8221; has been tested and approved by the State Scientific Research Control Institute of Veterinary Preparations and Feed Additives.<\/p>","protected":false},"featured_media":22732,"template":"","meta":{"inline_featured_image":false,"_joinchat":[]},"product_cat":[188,190],"product_tag":[],"class_list":{"0":"post-22731","1":"product","2":"type-product","3":"status-publish","4":"has-post-thumbnail","6":"product_brand-371","7":"product_cat-cat","8":"product_cat-cat-wetfoods","10":"first","11":"instock","12":"shipping-taxable","13":"purchasable","14":"product-type-simple"},"yoast_head":"<!-- This site is optimized with the Yoast SEO plugin v26.7 - https:\/\/yoast.com\/wordpress\/plugins\/seo\/ -->\n<title>\u041c\u044f\u0443 Rabbit in sauce 100 g - Zooland.az<\/title>\n<meta name=\"robots\" content=\"index, follow, max-snippet:-1, max-image-preview:large, max-video-preview:-1\" \/>\n<link rel=\"canonical\" href=\"https:\/\/zoo-land.az\/az\/shop\/cat\/cat-wetfoods\/\u043c\u044f\u0443-rabbit-in-sauce-100-g\/\" \/>\n<meta property=\"og:locale\" content=\"az_AZ\" \/>\n<meta property=\"og:type\" content=\"article\" \/>\n<meta property=\"og:title\" content=\"\u041c\u044f\u0443 Rabbit in sauce 100 g - Zooland.az\" \/>\n<meta property=\"og:description\" content=\"Balance \u2013 The uniqueness of the recipe lies in the fact that all the nutrients in the feed are present in the necessary proportion to the caloric content of the diet and in the correct ratio to each other, considering the geography and living conditions of cats; Physiological Adequacy \u2013 The feed formulations and feeding norms are developed with consideration of the peculiarities of the animal&#039;s body: age, size, physiological state, activity; Safety \u2013 The feed undergoes multi-level quality checks at all stages of development and production; Palatability \u2013 The feed formulas are designed to meet not only the physiological needs of the body but also to provide the animal with pleasure from eating; Reliability \u2013 Modern vacuum packaging allows the product to stay fresh and appetizing, as if it was just prepared.  The wet cat food &quot;Meow!&quot; has been tested and approved by the State Scientific Research Control Institute of Veterinary Preparations and Feed Additives.\" \/>\n<meta property=\"og:url\" content=\"https:\/\/zoo-land.az\/az\/shop\/cat\/cat-wetfoods\/\u043c\u044f\u0443-rabbit-in-sauce-100-g\/\" \/>\n<meta property=\"og:site_name\" content=\"Zooland.az\" \/>\n<meta property=\"article:modified_time\" content=\"2024-06-06T06:47:13+00:00\" \/>\n<meta property=\"og:image\" content=\"https:\/\/zoo-land.az\/wp-content\/uploads\/2024\/06\/147635-59efc4de599cb3f3f2fdfd5e29ae8d3e.webp\" \/>\n\t<meta property=\"og:image:width\" content=\"840\" \/>\n\t<meta property=\"og:image:height\" content=\"1203\" \/>\n\t<meta property=\"og:image:type\" content=\"image\/webp\" \/>\n<meta name=\"twitter:card\" content=\"summary_large_image\" \/>\n<meta name=\"twitter:label1\" content=\"Est. reading time\" \/>\n\t<meta name=\"twitter:data1\" content=\"1 minute\" \/>\n<script type=\"application\/ld+json\" class=\"yoast-schema-graph\">{\"@context\":\"https:\/\/schema.org\",\"@graph\":[{\"@type\":\"WebPage\",\"@id\":\"https:\/\/zoo-land.az\/shop\/cat\/cat-wetfoods\/%d0%bc%d1%8f%d1%83-rabbit-in-sauce-100-g\/\",\"url\":\"https:\/\/zoo-land.az\/shop\/cat\/cat-wetfoods\/%d0%bc%d1%8f%d1%83-rabbit-in-sauce-100-g\/\",\"name\":\"\u041c\u044f\u0443 Rabbit in sauce 100 g - Zooland.az\",\"isPartOf\":{\"@id\":\"https:\/\/zoo-land.az\/#website\"},\"primaryImageOfPage\":{\"@id\":\"https:\/\/zoo-land.az\/shop\/cat\/cat-wetfoods\/%d0%bc%d1%8f%d1%83-rabbit-in-sauce-100-g\/#primaryimage\"},\"image\":{\"@id\":\"https:\/\/zoo-land.az\/shop\/cat\/cat-wetfoods\/%d0%bc%d1%8f%d1%83-rabbit-in-sauce-100-g\/#primaryimage\"},\"thumbnailUrl\":\"https:\/\/zoo-land.az\/wp-content\/uploads\/2024\/06\/147635-59efc4de599cb3f3f2fdfd5e29ae8d3e.webp\",\"datePublished\":\"2024-06-06T06:47:12+00:00\",\"dateModified\":\"2024-06-06T06:47:13+00:00\",\"breadcrumb\":{\"@id\":\"https:\/\/zoo-land.az\/shop\/cat\/cat-wetfoods\/%d0%bc%d1%8f%d1%83-rabbit-in-sauce-100-g\/#breadcrumb\"},\"inLanguage\":\"az\",\"potentialAction\":[{\"@type\":\"ReadAction\",\"target\":[\"https:\/\/zoo-land.az\/shop\/cat\/cat-wetfoods\/%d0%bc%d1%8f%d1%83-rabbit-in-sauce-100-g\/\"]}]},{\"@type\":\"ImageObject\",\"inLanguage\":\"az\",\"@id\":\"https:\/\/zoo-land.az\/shop\/cat\/cat-wetfoods\/%d0%bc%d1%8f%d1%83-rabbit-in-sauce-100-g\/#primaryimage\",\"url\":\"https:\/\/zoo-land.az\/wp-content\/uploads\/2024\/06\/147635-59efc4de599cb3f3f2fdfd5e29ae8d3e.webp\",\"contentUrl\":\"https:\/\/zoo-land.az\/wp-content\/uploads\/2024\/06\/147635-59efc4de599cb3f3f2fdfd5e29ae8d3e.webp\",\"width\":840,\"height\":1203},{\"@type\":\"BreadcrumbList\",\"@id\":\"https:\/\/zoo-land.az\/shop\/cat\/cat-wetfoods\/%d0%bc%d1%8f%d1%83-rabbit-in-sauce-100-g\/#breadcrumb\",\"itemListElement\":[{\"@type\":\"ListItem\",\"position\":1,\"name\":\"Home\",\"item\":\"https:\/\/zoo-land.az\/ru\/\"},{\"@type\":\"ListItem\",\"position\":2,\"name\":\"Shop\",\"item\":\"https:\/\/zoo-land.az\/ru\/\"},{\"@type\":\"ListItem\",\"position\":3,\"name\":\"\u041c\u044f\u0443 Rabbit in sauce 100 g\"}]},{\"@type\":\"WebSite\",\"@id\":\"https:\/\/zoo-land.az\/#website\",\"url\":\"https:\/\/zoo-land.az\/\",\"name\":\"Zooland.az\",\"description\":\"Xo\u015fb\u0259xt ev heyvanlar\u0131n\u0131n \u00fcnvan\u0131 Zooland.az\",\"publisher\":{\"@id\":\"https:\/\/zoo-land.az\/#organization\"},\"potentialAction\":[{\"@type\":\"SearchAction\",\"target\":{\"@type\":\"EntryPoint\",\"urlTemplate\":\"https:\/\/zoo-land.az\/?s={search_term_string}\"},\"query-input\":{\"@type\":\"PropertyValueSpecification\",\"valueRequired\":true,\"valueName\":\"search_term_string\"}}],\"inLanguage\":\"az\"},{\"@type\":\"Organization\",\"@id\":\"https:\/\/zoo-land.az\/#organization\",\"name\":\"Zooland.az\",\"url\":\"https:\/\/zoo-land.az\/\",\"logo\":{\"@type\":\"ImageObject\",\"inLanguage\":\"az\",\"@id\":\"https:\/\/zoo-land.az\/#\/schema\/logo\/image\/\",\"url\":\"https:\/\/zoo-land.az\/wp-content\/uploads\/2022\/05\/logo.svg\",\"contentUrl\":\"https:\/\/zoo-land.az\/wp-content\/uploads\/2022\/05\/logo.svg\",\"width\":113,\"height\":46,\"caption\":\"Zooland.az\"},\"image\":{\"@id\":\"https:\/\/zoo-land.az\/#\/schema\/logo\/image\/\"}}]}<\/script>\n<!-- \/ Yoast SEO plugin. -->","yoast_head_json":{"title":"\u041c\u044f\u0443 Rabbit in sauce 100 g - Zooland.az","robots":{"index":"index","follow":"follow","max-snippet":"max-snippet:-1","max-image-preview":"max-image-preview:large","max-video-preview":"max-video-preview:-1"},"canonical":"https:\/\/zoo-land.az\/az\/shop\/cat\/cat-wetfoods\/\u043c\u044f\u0443-rabbit-in-sauce-100-g\/","og_locale":"az_AZ","og_type":"article","og_title":"\u041c\u044f\u0443 Rabbit in sauce 100 g - Zooland.az","og_description":"Balance \u2013 The uniqueness of the recipe lies in the fact that all the nutrients in the feed are present in the necessary proportion to the caloric content of the diet and in the correct ratio to each other, considering the geography and living conditions of cats; Physiological Adequacy \u2013 The feed formulations and feeding norms are developed with consideration of the peculiarities of the animal's body: age, size, physiological state, activity; Safety \u2013 The feed undergoes multi-level quality checks at all stages of development and production; Palatability \u2013 The feed formulas are designed to meet not only the physiological needs of the body but also to provide the animal with pleasure from eating; Reliability \u2013 Modern vacuum packaging allows the product to stay fresh and appetizing, as if it was just prepared.  The wet cat food \"Meow!\" has been tested and approved by the State Scientific Research Control Institute of Veterinary Preparations and Feed Additives.","og_url":"https:\/\/zoo-land.az\/az\/shop\/cat\/cat-wetfoods\/\u043c\u044f\u0443-rabbit-in-sauce-100-g\/","og_site_name":"Zooland.az","article_modified_time":"2024-06-06T06:47:13+00:00","og_image":[{"width":840,"height":1203,"url":"https:\/\/zoo-land.az\/wp-content\/uploads\/2024\/06\/147635-59efc4de599cb3f3f2fdfd5e29ae8d3e.webp","type":"image\/webp"}],"twitter_card":"summary_large_image","twitter_misc":{"Est. reading time":"1 minute"},"schema":{"@context":"https:\/\/schema.org","@graph":[{"@type":"WebPage","@id":"https:\/\/zoo-land.az\/shop\/cat\/cat-wetfoods\/%d0%bc%d1%8f%d1%83-rabbit-in-sauce-100-g\/","url":"https:\/\/zoo-land.az\/shop\/cat\/cat-wetfoods\/%d0%bc%d1%8f%d1%83-rabbit-in-sauce-100-g\/","name":"\u041c\u044f\u0443 Rabbit in sauce 100 g - Zooland.az","isPartOf":{"@id":"https:\/\/zoo-land.az\/#website"},"primaryImageOfPage":{"@id":"https:\/\/zoo-land.az\/shop\/cat\/cat-wetfoods\/%d0%bc%d1%8f%d1%83-rabbit-in-sauce-100-g\/#primaryimage"},"image":{"@id":"https:\/\/zoo-land.az\/shop\/cat\/cat-wetfoods\/%d0%bc%d1%8f%d1%83-rabbit-in-sauce-100-g\/#primaryimage"},"thumbnailUrl":"https:\/\/zoo-land.az\/wp-content\/uploads\/2024\/06\/147635-59efc4de599cb3f3f2fdfd5e29ae8d3e.webp","datePublished":"2024-06-06T06:47:12+00:00","dateModified":"2024-06-06T06:47:13+00:00","breadcrumb":{"@id":"https:\/\/zoo-land.az\/shop\/cat\/cat-wetfoods\/%d0%bc%d1%8f%d1%83-rabbit-in-sauce-100-g\/#breadcrumb"},"inLanguage":"az","potentialAction":[{"@type":"ReadAction","target":["https:\/\/zoo-land.az\/shop\/cat\/cat-wetfoods\/%d0%bc%d1%8f%d1%83-rabbit-in-sauce-100-g\/"]}]},{"@type":"ImageObject","inLanguage":"az","@id":"https:\/\/zoo-land.az\/shop\/cat\/cat-wetfoods\/%d0%bc%d1%8f%d1%83-rabbit-in-sauce-100-g\/#primaryimage","url":"https:\/\/zoo-land.az\/wp-content\/uploads\/2024\/06\/147635-59efc4de599cb3f3f2fdfd5e29ae8d3e.webp","contentUrl":"https:\/\/zoo-land.az\/wp-content\/uploads\/2024\/06\/147635-59efc4de599cb3f3f2fdfd5e29ae8d3e.webp","width":840,"height":1203},{"@type":"BreadcrumbList","@id":"https:\/\/zoo-land.az\/shop\/cat\/cat-wetfoods\/%d0%bc%d1%8f%d1%83-rabbit-in-sauce-100-g\/#breadcrumb","itemListElement":[{"@type":"ListItem","position":1,"name":"Home","item":"https:\/\/zoo-land.az\/ru\/"},{"@type":"ListItem","position":2,"name":"Shop","item":"https:\/\/zoo-land.az\/ru\/"},{"@type":"ListItem","position":3,"name":"\u041c\u044f\u0443 Rabbit in sauce 100 g"}]},{"@type":"WebSite","@id":"https:\/\/zoo-land.az\/#website","url":"https:\/\/zoo-land.az\/","name":"Zooland.az","description":"Xo\u015fb\u0259xt ev heyvanlar\u0131n\u0131n \u00fcnvan\u0131 Zooland.az","publisher":{"@id":"https:\/\/zoo-land.az\/#organization"},"potentialAction":[{"@type":"SearchAction","target":{"@type":"EntryPoint","urlTemplate":"https:\/\/zoo-land.az\/?s={search_term_string}"},"query-input":{"@type":"PropertyValueSpecification","valueRequired":true,"valueName":"search_term_string"}}],"inLanguage":"az"},{"@type":"Organization","@id":"https:\/\/zoo-land.az\/#organization","name":"Zooland.az","url":"https:\/\/zoo-land.az\/","logo":{"@type":"ImageObject","inLanguage":"az","@id":"https:\/\/zoo-land.az\/#\/schema\/logo\/image\/","url":"https:\/\/zoo-land.az\/wp-content\/uploads\/2022\/05\/logo.svg","contentUrl":"https:\/\/zoo-land.az\/wp-content\/uploads\/2022\/05\/logo.svg","width":113,"height":46,"caption":"Zooland.az"},"image":{"@id":"https:\/\/zoo-land.az\/#\/schema\/logo\/image\/"}}]}},"_links":{"self":[{"href":"https:\/\/zoo-land.az\/az\/wp-json\/wp\/v2\/product\/22731","targetHints":{"allow":["GET"]}}],"collection":[{"href":"https:\/\/zoo-land.az\/az\/wp-json\/wp\/v2\/product"}],"about":[{"href":"https:\/\/zoo-land.az\/az\/wp-json\/wp\/v2\/types\/product"}],"wp:featuredmedia":[{"embeddable":true,"href":"https:\/\/zoo-land.az\/az\/wp-json\/wp\/v2\/media\/22732"}],"wp:attachment":[{"href":"https:\/\/zoo-land.az\/az\/wp-json\/wp\/v2\/media?parent=22731"}],"wp:term":[{"taxonomy":"product_cat","embeddable":true,"href":"https:\/\/zoo-land.az\/az\/wp-json\/wp\/v2\/product_cat?post=22731"},{"taxonomy":"product_tag","embeddable":true,"href":"https:\/\/zoo-land.az\/az\/wp-json\/wp\/v2\/product_tag?post=22731"}],"curies":[{"name":"wp","href":"https:\/\/api.w.org\/{rel}","templated":true}]}}