{"id":22768,"date":"2024-06-06T07:53:14","date_gmt":"2024-06-06T07:53:14","guid":{"rendered":"https:\/\/lightsteelblue-zebra-299715.hostingersite.com\/?post_type=product&#038;p=22768"},"modified":"2024-06-06T07:53:14","modified_gmt":"2024-06-06T07:53:14","slug":"brit-care-dog-hypoallergenic-adult-small-breed-1-kg","status":"publish","type":"product","link":"https:\/\/zoo-land.az\/az\/shop\/dog\/dog-food\/brit-care-dog-hypoallergenic-adult-small-breed-1-kg\/","title":{"rendered":"Brit Care dog Hypoallergenic Adult small breed 1 kg"},"content":{"rendered":"<p>Hypoallergenic Formula Lamb &amp; Rice for Adult Dogs of Small Breeds.<\/p>\n<p>Complete dog food. Super premium hypoallergenic food with a single source of animal protein for prevention of allergic reactions. Ideal for adult dogs of medium breeds with normal energy demands. The selected sources of proteins are nonallergenic, which minimizes the likelihood of allergic reactions. The food is especially suitable for dogs with sensitive digestion, dogs with special nutrition requirements, and dogs at risk of developing food allergies. The formulas are enriched with probiotics for balanced gut microflora and milk thistle, which supports liver function while cleansing the body and ridding it of harmful toxins.<\/p>\n<p class=\"composition\"><strong>T\u0259rkibi:<\/strong><\/p>\n<p>dehydrated lamb (42%), rice (33%), chicken fat, dried apple pulp, natural flavour, brewer\u00b4s yeast, salmon oil (2%), pea flour, glucosamine (260 mg\/kg), fructo-oligosaccharides (200 mg\/kg), chondroitin sulphate (200 mg\/kg), mannan-oligosaccharides (150 mg\/kg), Mojave yucca (150 mg\/kg), milk thistle seed (90 mg\/kg), \u03b2-glucans (50 mg\/kg), dried motherwort (50 mg\/kg), dried sea buckthorn (50 mg\/kg), probiotic Lactobacillus helveticus HA \u2013 122 inactivated (15&#215;109 cells\/kg).<\/p>\n<p>&nbsp;<\/p>\n<p><strong>Analitik madd\u0259l\u0259r:<\/strong><\/p>\n<p>crude protein 28.0%, crude fat 17.0%, moisture 10.0%, crude ash 7.0%, crude fibre 2.5%, calcium 1.5%, phosphorus 1.1%, sodium 0.4%, omega-3 fatty acids 0.5%, omega-6 fatty acids 2.1%, EPA (20:5 n-3) 0.05%, DHA (22:6 n-3) 0.1%.<\/p>\n<p>&nbsp;<\/p>\n<p><strong>Qidalanma t\u0259rkibi:<\/strong><\/p>\n<p>vitamin A (3a672a) 20,000 IU, vitamin D3 (3a671) 1,500 IU, vitamin E (3a700) 500 mg, vitamin C (3a312) 300 mg, taurine (3a370) 1,500 mg, choline chloride (3a890) 1,800 mg, L-carnitine (3a910) 250 mg, vitamin B1 (3a821) 2.5 mg, vitamin B2 (3a825i) 9.6 mg, biotin (3a880) 3.5 mg, folic acid (3a316) 1.2 mg, vitamin B6 (3a831) 2.5 mg, calcium-D-pantothenate (3a841) 25 mg, niacinamide (3a315) 32.5 mg, vitamin B12 0.1 mg, iodine (3b201) 0.8 mg, organic zinc (3b606) 85 mg, organic manganese (3b504) 40 mg, organic copper (3b406) 18 mg, organic iron (3b106) 75 mg, organic selenium (3b810) 0.16 mg.<\/p>\n<p>&nbsp;<\/p>\n<p><strong>Metabolizable energy:<\/strong><\/p>\n<p>3 870 kcal\/kg<\/p>","protected":false},"excerpt":{"rendered":"<p>Hypoallergenic Formula Lamb &amp; Rice for Adult Dogs of Small Breeds.<\/p>\n<p>Complete dog food. Super premium hypoallergenic food with a single source of animal protein for prevention of allergic reactions. Ideal for adult dogs of medium breeds with normal energy demands. The selected sources of proteins are nonallergenic, which minimizes the likelihood of allergic reactions. The food is especially suitable for dogs with sensitive digestion, dogs with special nutrition requirements, and dogs at risk of developing food allergies. The formulas are enriched with probiotics for balanced gut microflora and milk thistle, which supports liver function while cleansing the body and ridding it of harmful toxins.<\/p>","protected":false},"featured_media":22769,"template":"","meta":{"inline_featured_image":false,"_joinchat":[]},"product_cat":[132,107],"product_tag":[],"class_list":{"0":"post-22768","1":"product","2":"type-product","3":"status-publish","4":"has-post-thumbnail","6":"product_brand-brit","7":"product_cat-dog-food","8":"product_cat-dog","10":"first","11":"instock","12":"shipping-taxable","13":"purchasable","14":"product-type-simple"},"yoast_head":"<!-- This site is optimized with the Yoast SEO plugin v26.7 - https:\/\/yoast.com\/wordpress\/plugins\/seo\/ -->\n<title>Brit Care dog Hypoallergenic Adult small breed 1 kg - Zooland.az<\/title>\n<meta name=\"robots\" content=\"index, follow, max-snippet:-1, max-image-preview:large, max-video-preview:-1\" \/>\n<link rel=\"canonical\" href=\"https:\/\/zoo-land.az\/az\/shop\/dog\/dog-food\/brit-care-dog-hypoallergenic-adult-small-breed-1-kg\/\" \/>\n<meta property=\"og:locale\" content=\"az_AZ\" \/>\n<meta property=\"og:type\" content=\"article\" \/>\n<meta property=\"og:title\" content=\"Brit Care dog Hypoallergenic Adult small breed 1 kg - Zooland.az\" \/>\n<meta property=\"og:description\" content=\"Hypoallergenic Formula Lamb &amp; Rice for Adult Dogs of Small Breeds.  Complete dog food. Super premium hypoallergenic food with a single source of animal protein for prevention of allergic reactions. Ideal for adult dogs of medium breeds with normal energy demands. The selected sources of proteins are nonallergenic, which minimizes the likelihood of allergic reactions. The food is especially suitable for dogs with sensitive digestion, dogs with special nutrition requirements, and dogs at risk of developing food allergies. The formulas are enriched with probiotics for balanced gut microflora and milk thistle, which supports liver function while cleansing the body and ridding it of harmful toxins.\" \/>\n<meta property=\"og:url\" content=\"https:\/\/zoo-land.az\/az\/shop\/dog\/dog-food\/brit-care-dog-hypoallergenic-adult-small-breed-1-kg\/\" \/>\n<meta property=\"og:site_name\" content=\"Zooland.az\" \/>\n<meta property=\"og:image\" content=\"https:\/\/zoo-land.az\/wp-content\/uploads\/2024\/06\/100172651-1.png\" \/>\n\t<meta property=\"og:image:width\" content=\"1000\" \/>\n\t<meta property=\"og:image:height\" content=\"1000\" \/>\n\t<meta property=\"og:image:type\" content=\"image\/png\" \/>\n<meta name=\"twitter:card\" content=\"summary_large_image\" \/>\n<meta name=\"twitter:label1\" content=\"Est. reading time\" \/>\n\t<meta name=\"twitter:data1\" content=\"1 minute\" \/>\n<script type=\"application\/ld+json\" class=\"yoast-schema-graph\">{\"@context\":\"https:\/\/schema.org\",\"@graph\":[{\"@type\":\"WebPage\",\"@id\":\"https:\/\/zoo-land.az\/az\/shop\/dog\/dog-food\/brit-care-dog-hypoallergenic-adult-small-breed-1-kg\/\",\"url\":\"https:\/\/zoo-land.az\/az\/shop\/dog\/dog-food\/brit-care-dog-hypoallergenic-adult-small-breed-1-kg\/\",\"name\":\"Brit Care dog Hypoallergenic Adult small breed 1 kg - Zooland.az\",\"isPartOf\":{\"@id\":\"https:\/\/zoo-land.az\/#website\"},\"primaryImageOfPage\":{\"@id\":\"https:\/\/zoo-land.az\/az\/shop\/dog\/dog-food\/brit-care-dog-hypoallergenic-adult-small-breed-1-kg\/#primaryimage\"},\"image\":{\"@id\":\"https:\/\/zoo-land.az\/az\/shop\/dog\/dog-food\/brit-care-dog-hypoallergenic-adult-small-breed-1-kg\/#primaryimage\"},\"thumbnailUrl\":\"https:\/\/zoo-land.az\/wp-content\/uploads\/2024\/06\/100172651-1.png\",\"datePublished\":\"2024-06-06T07:53:14+00:00\",\"breadcrumb\":{\"@id\":\"https:\/\/zoo-land.az\/az\/shop\/dog\/dog-food\/brit-care-dog-hypoallergenic-adult-small-breed-1-kg\/#breadcrumb\"},\"inLanguage\":\"az\",\"potentialAction\":[{\"@type\":\"ReadAction\",\"target\":[\"https:\/\/zoo-land.az\/az\/shop\/dog\/dog-food\/brit-care-dog-hypoallergenic-adult-small-breed-1-kg\/\"]}]},{\"@type\":\"ImageObject\",\"inLanguage\":\"az\",\"@id\":\"https:\/\/zoo-land.az\/az\/shop\/dog\/dog-food\/brit-care-dog-hypoallergenic-adult-small-breed-1-kg\/#primaryimage\",\"url\":\"https:\/\/zoo-land.az\/wp-content\/uploads\/2024\/06\/100172651-1.png\",\"contentUrl\":\"https:\/\/zoo-land.az\/wp-content\/uploads\/2024\/06\/100172651-1.png\",\"width\":1000,\"height\":1000},{\"@type\":\"BreadcrumbList\",\"@id\":\"https:\/\/zoo-land.az\/az\/shop\/dog\/dog-food\/brit-care-dog-hypoallergenic-adult-small-breed-1-kg\/#breadcrumb\",\"itemListElement\":[{\"@type\":\"ListItem\",\"position\":1,\"name\":\"Home\",\"item\":\"https:\/\/zoo-land.az\/ru\/\"},{\"@type\":\"ListItem\",\"position\":2,\"name\":\"Shop\",\"item\":\"https:\/\/zoo-land.az\/ru\/\"},{\"@type\":\"ListItem\",\"position\":3,\"name\":\"Brit Care dog Hypoallergenic Adult small breed 1 kg\"}]},{\"@type\":\"WebSite\",\"@id\":\"https:\/\/zoo-land.az\/#website\",\"url\":\"https:\/\/zoo-land.az\/\",\"name\":\"Zooland.az\",\"description\":\"Xo\u015fb\u0259xt ev heyvanlar\u0131n\u0131n \u00fcnvan\u0131 Zooland.az\",\"publisher\":{\"@id\":\"https:\/\/zoo-land.az\/#organization\"},\"potentialAction\":[{\"@type\":\"SearchAction\",\"target\":{\"@type\":\"EntryPoint\",\"urlTemplate\":\"https:\/\/zoo-land.az\/?s={search_term_string}\"},\"query-input\":{\"@type\":\"PropertyValueSpecification\",\"valueRequired\":true,\"valueName\":\"search_term_string\"}}],\"inLanguage\":\"az\"},{\"@type\":\"Organization\",\"@id\":\"https:\/\/zoo-land.az\/#organization\",\"name\":\"Zooland.az\",\"url\":\"https:\/\/zoo-land.az\/\",\"logo\":{\"@type\":\"ImageObject\",\"inLanguage\":\"az\",\"@id\":\"https:\/\/zoo-land.az\/#\/schema\/logo\/image\/\",\"url\":\"https:\/\/zoo-land.az\/wp-content\/uploads\/2022\/05\/logo.svg\",\"contentUrl\":\"https:\/\/zoo-land.az\/wp-content\/uploads\/2022\/05\/logo.svg\",\"width\":113,\"height\":46,\"caption\":\"Zooland.az\"},\"image\":{\"@id\":\"https:\/\/zoo-land.az\/#\/schema\/logo\/image\/\"}}]}<\/script>\n<!-- \/ Yoast SEO plugin. -->","yoast_head_json":{"title":"Brit Care dog Hypoallergenic Adult small breed 1 kg - Zooland.az","robots":{"index":"index","follow":"follow","max-snippet":"max-snippet:-1","max-image-preview":"max-image-preview:large","max-video-preview":"max-video-preview:-1"},"canonical":"https:\/\/zoo-land.az\/az\/shop\/dog\/dog-food\/brit-care-dog-hypoallergenic-adult-small-breed-1-kg\/","og_locale":"az_AZ","og_type":"article","og_title":"Brit Care dog Hypoallergenic Adult small breed 1 kg - Zooland.az","og_description":"Hypoallergenic Formula Lamb &amp; Rice for Adult Dogs of Small Breeds.  Complete dog food. Super premium hypoallergenic food with a single source of animal protein for prevention of allergic reactions. Ideal for adult dogs of medium breeds with normal energy demands. The selected sources of proteins are nonallergenic, which minimizes the likelihood of allergic reactions. The food is especially suitable for dogs with sensitive digestion, dogs with special nutrition requirements, and dogs at risk of developing food allergies. The formulas are enriched with probiotics for balanced gut microflora and milk thistle, which supports liver function while cleansing the body and ridding it of harmful toxins.","og_url":"https:\/\/zoo-land.az\/az\/shop\/dog\/dog-food\/brit-care-dog-hypoallergenic-adult-small-breed-1-kg\/","og_site_name":"Zooland.az","og_image":[{"width":1000,"height":1000,"url":"https:\/\/zoo-land.az\/wp-content\/uploads\/2024\/06\/100172651-1.png","type":"image\/png"}],"twitter_card":"summary_large_image","twitter_misc":{"Est. reading time":"1 minute"},"schema":{"@context":"https:\/\/schema.org","@graph":[{"@type":"WebPage","@id":"https:\/\/zoo-land.az\/az\/shop\/dog\/dog-food\/brit-care-dog-hypoallergenic-adult-small-breed-1-kg\/","url":"https:\/\/zoo-land.az\/az\/shop\/dog\/dog-food\/brit-care-dog-hypoallergenic-adult-small-breed-1-kg\/","name":"Brit Care dog Hypoallergenic Adult small breed 1 kg - Zooland.az","isPartOf":{"@id":"https:\/\/zoo-land.az\/#website"},"primaryImageOfPage":{"@id":"https:\/\/zoo-land.az\/az\/shop\/dog\/dog-food\/brit-care-dog-hypoallergenic-adult-small-breed-1-kg\/#primaryimage"},"image":{"@id":"https:\/\/zoo-land.az\/az\/shop\/dog\/dog-food\/brit-care-dog-hypoallergenic-adult-small-breed-1-kg\/#primaryimage"},"thumbnailUrl":"https:\/\/zoo-land.az\/wp-content\/uploads\/2024\/06\/100172651-1.png","datePublished":"2024-06-06T07:53:14+00:00","breadcrumb":{"@id":"https:\/\/zoo-land.az\/az\/shop\/dog\/dog-food\/brit-care-dog-hypoallergenic-adult-small-breed-1-kg\/#breadcrumb"},"inLanguage":"az","potentialAction":[{"@type":"ReadAction","target":["https:\/\/zoo-land.az\/az\/shop\/dog\/dog-food\/brit-care-dog-hypoallergenic-adult-small-breed-1-kg\/"]}]},{"@type":"ImageObject","inLanguage":"az","@id":"https:\/\/zoo-land.az\/az\/shop\/dog\/dog-food\/brit-care-dog-hypoallergenic-adult-small-breed-1-kg\/#primaryimage","url":"https:\/\/zoo-land.az\/wp-content\/uploads\/2024\/06\/100172651-1.png","contentUrl":"https:\/\/zoo-land.az\/wp-content\/uploads\/2024\/06\/100172651-1.png","width":1000,"height":1000},{"@type":"BreadcrumbList","@id":"https:\/\/zoo-land.az\/az\/shop\/dog\/dog-food\/brit-care-dog-hypoallergenic-adult-small-breed-1-kg\/#breadcrumb","itemListElement":[{"@type":"ListItem","position":1,"name":"Home","item":"https:\/\/zoo-land.az\/ru\/"},{"@type":"ListItem","position":2,"name":"Shop","item":"https:\/\/zoo-land.az\/ru\/"},{"@type":"ListItem","position":3,"name":"Brit Care dog Hypoallergenic Adult small breed 1 kg"}]},{"@type":"WebSite","@id":"https:\/\/zoo-land.az\/#website","url":"https:\/\/zoo-land.az\/","name":"Zooland.az","description":"Xo\u015fb\u0259xt ev heyvanlar\u0131n\u0131n \u00fcnvan\u0131 Zooland.az","publisher":{"@id":"https:\/\/zoo-land.az\/#organization"},"potentialAction":[{"@type":"SearchAction","target":{"@type":"EntryPoint","urlTemplate":"https:\/\/zoo-land.az\/?s={search_term_string}"},"query-input":{"@type":"PropertyValueSpecification","valueRequired":true,"valueName":"search_term_string"}}],"inLanguage":"az"},{"@type":"Organization","@id":"https:\/\/zoo-land.az\/#organization","name":"Zooland.az","url":"https:\/\/zoo-land.az\/","logo":{"@type":"ImageObject","inLanguage":"az","@id":"https:\/\/zoo-land.az\/#\/schema\/logo\/image\/","url":"https:\/\/zoo-land.az\/wp-content\/uploads\/2022\/05\/logo.svg","contentUrl":"https:\/\/zoo-land.az\/wp-content\/uploads\/2022\/05\/logo.svg","width":113,"height":46,"caption":"Zooland.az"},"image":{"@id":"https:\/\/zoo-land.az\/#\/schema\/logo\/image\/"}}]}},"_links":{"self":[{"href":"https:\/\/zoo-land.az\/az\/wp-json\/wp\/v2\/product\/22768","targetHints":{"allow":["GET"]}}],"collection":[{"href":"https:\/\/zoo-land.az\/az\/wp-json\/wp\/v2\/product"}],"about":[{"href":"https:\/\/zoo-land.az\/az\/wp-json\/wp\/v2\/types\/product"}],"wp:featuredmedia":[{"embeddable":true,"href":"https:\/\/zoo-land.az\/az\/wp-json\/wp\/v2\/media\/22769"}],"wp:attachment":[{"href":"https:\/\/zoo-land.az\/az\/wp-json\/wp\/v2\/media?parent=22768"}],"wp:term":[{"taxonomy":"product_cat","embeddable":true,"href":"https:\/\/zoo-land.az\/az\/wp-json\/wp\/v2\/product_cat?post=22768"},{"taxonomy":"product_tag","embeddable":true,"href":"https:\/\/zoo-land.az\/az\/wp-json\/wp\/v2\/product_tag?post=22768"}],"curies":[{"name":"wp","href":"https:\/\/api.w.org\/{rel}","templated":true}]}}