{"id":22778,"date":"2024-06-06T08:07:56","date_gmt":"2024-06-06T08:07:56","guid":{"rendered":"https:\/\/lightsteelblue-zebra-299715.hostingersite.com\/?post_type=product&#038;p=22778"},"modified":"2026-03-13T14:28:22","modified_gmt":"2026-03-13T10:28:22","slug":"brit-care-cat-grain-free-sterilised-1-kg","status":"publish","type":"product","link":"https:\/\/zoo-land.az\/az\/shop\/cat\/cat-foods\/brit-care-cat-grain-free-sterilised-1-kg\/","title":{"rendered":"Brit Care Cat Tax\u0131ls\u0131z Sterilizasiya olunmu\u015f 1 kq"},"content":{"rendered":"<div class=\"hidden-xs\">\n<p>Brit Care Cat Tax\u0131ls\u0131z STER\u0130L\u0130Z\u018f ED\u0130LM\u0130\u015e \u0130mmunitet D\u018fST\u018fK HIPOALLERGEN\u0130K T\u018fZ\u018f DONUZ \u018fT\u0130 FORMULASI.<\/p>\n<p>Yetkin Sterilizasiya olunmu\u015f Pi\u015fikl\u0259r \u00fc\u00e7\u00fcn Tam Yem.<\/p>\n<p>\u0130mmunitet d\u0259st\u0259yi. Hipoalerjenik t\u0259z\u0259 donuz \u0259ti formulas\u0131. Yum\u015faq h\u0259zm v\u0259 g\u00fccl\u00fc immunitet \u00fc\u00e7\u00fcn probiotikl\u0259rl\u0259 tax\u0131ls\u0131z v\u0259 y\u00fcks\u0259k proteinli formula. B\u0259d\u0259ni s\u0259rb\u0259st radikallardan qoruyan v\u0259 \u00f6m\u00fcr boyu g\u00fccl\u00fc immunitet sistemini t\u0259min ed\u0259n t\u0259bii antioksidantlarla v\u0259 E vitamini il\u0259 z\u0259ngin meyv\u0259 v\u0259 otlardan ibar\u0259t sa\u011flam b\u00f6yr\u0259kl\u0259r v\u0259 sidik yollar\u0131 \u00fc\u00e7\u00fcn x\u00fcsusi haz\u0131rlanm\u0131\u015f formula. T\u0259z\u0259 donuz \u0259ti m\u0259d\u0259si h\u0259ssas olan pi\u015fikl\u0259r \u00fc\u00e7\u00fcn \u0259lad\u0131r. Donuz \u0259ti pi\u015fikl\u0259r \u00fc\u00e7\u00fcn sa\u011flam bir protein m\u0259nb\u0259yidir, tez-tez qida h\u0259ssasl\u0131\u011f\u0131 olan pi\u015fikl\u0259r \u00fc\u00e7\u00fcn t\u00f6vsiy\u0259 olunur. Asan h\u0259zm olunur v\u0259 m\u0259d\u0259 probleml\u0259rin\u0259 s\u0259b\u0259b olma ehtimal\u0131 azd\u0131r. Pi\u015fikl\u0259r daha \u00e7ox yay\u0131lm\u0131\u015f protein m\u0259nb\u0259l\u0259rin\u0259 qida allergiyas\u0131 il\u0259 qar\u015f\u0131la\u015fd\u0131qda, donuz \u0259ti tez-tez alternativ olaraq t\u00f6vsiy\u0259 olunur. Bo\u015f n\u0259cis v\u0259 q\u0259bizlik kimi zibil qutusunda problem ya\u015fayan pi\u015fikl\u0259r \u00fc\u00e7\u00fcn z\u00fclal m\u0259nb\u0259yi kimi donuz \u0259ti t\u00f6vsiy\u0259 oluna bil\u0259r.<\/p>\n<p>\u2022 D\u018fN\u0130 tikan\u0131 v\u0259 NASTURT\u0130UM b\u00f6yr\u0259k v\u0259 sidik yollar\u0131n\u0131n sa\u011flaml\u0131\u011f\u0131n\u0131 yax\u015f\u0131la\u015fd\u0131r\u0131r.<\/p>\n<p>\u2022 A\u015eA\u011eI MAQNEZ\u0130UM T\u018fRK\u0130B\u0130 v\u0259 l-metionin struvit v\u0259 oksalat da\u015flar\u0131n\u0131n qar\u015f\u0131s\u0131n\u0131n al\u0131nmas\u0131 \u00fc\u00e7\u00fcn optimal sidik pH 6,0-6,5 t\u0259\u015fkil edir.<\/p>\n<p>\u2022 PROB\u0130OT\u0130KL\u018fR v\u0259 PREBIOT\u0130KL\u018fR m\u0259d\u0259-ba\u011f\u0131rsaq trakt\u0131n\u0131n v\u0259 immun sisteminin sa\u011flaml\u0131\u011f\u0131n\u0131 qoruma\u011fa k\u00f6m\u0259k edir.<\/p>\n<p>\u2022 Tax\u0131ls\u0131z \u2013 R\u0259ngl\u0259ndirici yoxdur \u2013 Konservant YOXDUR \u2013 NO GMO \u2013 NO soya<\/p>\n<\/div>\n<div class=\"benefits\"><\/div>\n<div class=\"catalog-wrap\">\n<p class=\"composition\"><strong>T\u0259rkibi:<\/strong><\/p>\n<p>t\u0259z\u0259 donuz \u0259ti (26%), sar\u0131 noxud (25%), qurudulmu\u015f donuz \u0259ti (24%), noxud (4%), qurudulmu\u015f alma (4%), qu\u015f \u0259ti ya\u011f\u0131 (tokoferol il\u0259 konservl\u0259\u015fdirilmi\u015f, 4%), q\u0131z\u0131lbal\u0131q ya\u011f\u0131 (2%), hidroliz\u0259 edilmi\u015f toyuq \u0259ti (2%) ), piv\u0259 mayas\u0131 (2%), natrium xlorid (1.5%), noxud unu, k\u0259tan toxumu (1%), yumurta qab\u0131\u011f\u0131 (1%), kalium xlorid (1%), qurudulmu\u015f ana otu (0.5%), qurudulmu\u015f \u00e7obanyast\u0131\u011f\u0131 (0.5%) , yosun ya\u011f\u0131 (0.3%, Schizochytrium limacinum), qurudulmu\u015f d\u0259niz iti (0.3%), qurudulmu\u015f zo\u011fal (0.2%), frukto-oliqosaxaridl\u0259r (0.015%), mannan-oligosaxaridl\u0259r (0.010.03Tc), aktivl\u0259\u015fdirilib bakteriyalar v\u0259 onlar\u0131n hiss\u0259l\u0259ri (Lactobacillus helveticus HA \u2013 122 inaktivl\u0259\u015fdirilmi\u015f 15\u00d7109 h\u00fcceyr\u0259\/kq).<\/p>\n<p><strong>Analitik madd\u0259l\u0259r:<\/strong>\u00a0xam z\u00fclal 33.0%, xam ya\u011f 12.0%, xam lif 3.0%, xam k\u00fcl 8.5%, r\u00fctub\u0259t 10.0%, Omega-3 ya\u011f tur\u015fular\u0131 0.6%, Omega-6 ya\u011f tur\u015fular\u0131 18TP3T18. 0,7%, natrium 1,11 TP3T, maqnezium 0,04%, EPA (20:5 n-3) 0,15%, DHA (22:6 n-3) 0,2%.<\/p>\n<p><strong>Qidalanma t\u0259rkibi:<\/strong>\u00a0vitamin A (3a672a) 23,000 IU, vitamin D3 (3a671) 800 IU, vitamin E (3a700) 600 mq, vitamin C (3a312) 300 mq, taurin (3a370) 2,500 mq, L-karnitin (3a671) 5 mq xolorin, 5 mq (3a890) 2500 mq, biotin (3a880) 2,0 mq, vitamin B1 (3a821) 10 mq, vitamin B2 (3a825i) 12 mq, niasinamid (3a315) 50 mq, kalsium-D-pantotenat (3a8041, B6) 3a831) 10 mq, fol tur\u015fusu (3a316) 2 mq, B12 vitamini 0,04 mq, sink (3b606) 120 mq, d\u0259mir (3b106) 45 mq, manqan (3b504) 55 mq, yodid (3b201) 4,0 mq, mis (3b6) 10 mq, selenium (3b810) 0,2 mq, L-metionin (3c305) 4000 mq.<\/p>\n<p><strong>Qidalanma masas\u0131:<\/strong><\/p>\n<div class=\"overflow-auto\">\n<p>Yem\u0259yi quru v\u0259 ya il\u0131q su il\u0259 n\u0259ml\u0259ndir\u0259r\u0259k xidm\u0259t edin. Pi\u015fikinizin h\u0259r zaman t\u0259z\u0259 i\u00e7m\u0259li suya \u00e7\u0131x\u0131\u015f\u0131 oldu\u011fundan \u0259min olun. Yem\u0259k g\u00fcn \u0259rzind\u0259 pulsuz olmal\u0131d\u0131r. \u0130lk d\u0259f\u0259 t\u0259qdim ed\u0259rk\u0259n ke\u00e7idi asanla\u015fd\u0131rmaq \u00fc\u00e7\u00fcn \u0259vv\u0259lki qida il\u0259 qar\u0131\u015fd\u0131r\u0131n. Quru v\u0259 s\u0259rin yerd\u0259 saxlay\u0131n, birba\u015fa g\u00fcn\u0259\u015f i\u015f\u0131\u011f\u0131ndan qa\u00e7\u0131n v\u0259 a\u00e7\u0131ld\u0131qdan sonra yenid\u0259n ba\u011flay\u0131n.<\/p>\n<\/div>\n<\/div>","protected":false},"excerpt":{"rendered":"<div class=\"hidden-xs\">\n<p>Brit Care Cat Tax\u0131ls\u0131z STER\u0130L\u0130Z\u018f ED\u0130LM\u0130\u015e \u0130mmunitet D\u018fST\u018fK HIPOALLERGEN\u0130K T\u018fZ\u018f DONUZ \u018fT\u0130 FORMULASI.<\/p>\n<p>Yetkin Sterilizasiya olunmu\u015f Pi\u015fikl\u0259r \u00fc\u00e7\u00fcn Tam Yem.<\/p>\n<p>\u0130mmunitet d\u0259st\u0259yi. Hipoalerjenik t\u0259z\u0259 donuz \u0259ti formulas\u0131. Yum\u015faq h\u0259zm v\u0259 g\u00fccl\u00fc immunitet \u00fc\u00e7\u00fcn probiotikl\u0259rl\u0259 tax\u0131ls\u0131z v\u0259 y\u00fcks\u0259k proteinli formula. B\u0259d\u0259ni s\u0259rb\u0259st radikallardan qoruyan v\u0259 \u00f6m\u00fcr boyu g\u00fccl\u00fc immunitet sistemini t\u0259min ed\u0259n t\u0259bii antioksidantlarla v\u0259 E vitamini il\u0259 z\u0259ngin meyv\u0259 v\u0259 otlardan ibar\u0259t sa\u011flam b\u00f6yr\u0259kl\u0259r v\u0259 sidik yollar\u0131 \u00fc\u00e7\u00fcn x\u00fcsusi haz\u0131rlanm\u0131\u015f formula. T\u0259z\u0259 donuz \u0259ti m\u0259d\u0259si h\u0259ssas olan pi\u015fikl\u0259r \u00fc\u00e7\u00fcn \u0259lad\u0131r. Donuz \u0259ti pi\u015fikl\u0259r \u00fc\u00e7\u00fcn sa\u011flam bir protein m\u0259nb\u0259yidir, tez-tez qida h\u0259ssasl\u0131\u011f\u0131 olan pi\u015fikl\u0259r \u00fc\u00e7\u00fcn t\u00f6vsiy\u0259 olunur. Asan h\u0259zm olunur v\u0259 m\u0259d\u0259 probleml\u0259rin\u0259 s\u0259b\u0259b olma ehtimal\u0131 azd\u0131r. Pi\u015fikl\u0259r daha \u00e7ox yay\u0131lm\u0131\u015f protein m\u0259nb\u0259l\u0259rin\u0259 qida allergiyas\u0131 il\u0259 qar\u015f\u0131la\u015fd\u0131qda, donuz \u0259ti tez-tez alternativ olaraq t\u00f6vsiy\u0259 olunur. Bo\u015f n\u0259cis v\u0259 q\u0259bizlik kimi zibil qutusunda problem ya\u015fayan pi\u015fikl\u0259r \u00fc\u00e7\u00fcn z\u00fclal m\u0259nb\u0259yi kimi donuz \u0259ti t\u00f6vsiy\u0259 oluna bil\u0259r.<\/p>\n<p>\u2022 D\u018fN\u0130 tikan\u0131 v\u0259 NASTURT\u0130UM b\u00f6yr\u0259k v\u0259 sidik yollar\u0131n\u0131n sa\u011flaml\u0131\u011f\u0131n\u0131 yax\u015f\u0131la\u015fd\u0131r\u0131r.<\/p>\n<p>\u2022 A\u015eA\u011eI MAQNEZ\u0130UM T\u018fRK\u0130B\u0130 v\u0259 l-metionin struvit v\u0259 oksalat da\u015flar\u0131n\u0131n qar\u015f\u0131s\u0131n\u0131n al\u0131nmas\u0131 \u00fc\u00e7\u00fcn optimal sidik pH 6,0-6,5 t\u0259\u015fkil edir.<\/p>\n<p>\u2022 PROB\u0130OT\u0130KL\u018fR v\u0259 PREBIOT\u0130KL\u018fR m\u0259d\u0259-ba\u011f\u0131rsaq trakt\u0131n\u0131n v\u0259 immun sisteminin sa\u011flaml\u0131\u011f\u0131n\u0131 qoruma\u011fa k\u00f6m\u0259k edir.<\/p>\n<p>\u2022 Tax\u0131ls\u0131z \u2013 R\u0259ngl\u0259ndirici yoxdur \u2013 Konservant YOXDUR \u2013 NO GMO \u2013 NO soya<\/p>\n<\/div>\n<div class=\"benefits\"><\/div>\n<div class=\"catalog-wrap\"><\/div>","protected":false},"featured_media":22779,"template":"","meta":{"inline_featured_image":false,"_joinchat":[]},"product_cat":[189,188],"product_tag":[],"class_list":{"0":"post-22778","1":"product","2":"type-product","3":"status-publish","4":"has-post-thumbnail","6":"product_brand-brit","7":"product_cat-cat-foods","8":"product_cat-cat","10":"first","11":"outofstock","12":"shipping-taxable","13":"purchasable","14":"product-type-simple"},"yoast_head":"<!-- This site is optimized with the Yoast SEO plugin v27.4 - https:\/\/yoast.com\/product\/yoast-seo-wordpress\/ -->\n<title>Brit Care Cat Grain Free Sterilised 1 kg - Zooland.az<\/title>\n<meta name=\"robots\" content=\"index, follow, max-snippet:-1, max-image-preview:large, max-video-preview:-1\" \/>\n<link rel=\"canonical\" href=\"https:\/\/zoo-land.az\/az\/shop\/cat\/cat-foods\/brit-care-cat-grain-free-sterilised-1-kg\/\" \/>\n<meta property=\"og:locale\" content=\"az_AZ\" \/>\n<meta property=\"og:type\" content=\"article\" \/>\n<meta property=\"og:title\" content=\"Brit Care Cat Grain Free Sterilised 1 kg - Zooland.az\" \/>\n<meta property=\"og:description\" content=\"Brit Care Cat Grain-Free STERILISED IMMUNITY SUPPORT HYPOALLERGENIC FRESH PORK FORMULA.  Complete Feed for Adult Sterilized Cats.  Immunity support. Hypoallergenic fresh pork formula. A grain-free and high-protein formula with probiotics for gentle digestion and strong immunity. Tailor made formula for healthy kidneys and urinary tract containing fruits and herbs rich in natural antioxidants and vitamin E, which protect the body from free radicals and ensure a strong immune system for life. FRESH PORK is great for cats with sensitive stomachs. Pork is a healthy protein source for cats, often recommended for cats with food sensitivities. It is easily digestible and less likely to cause stomach issues. When cats experience food allergies to more common protein sources, pork is often recommended as an alternative. For cats that experience litter box problems like loose stools and constipation, pork may be recommended as a protein source to try.  \u2022 SEA BUCKTHORN AND NASTURTIUM promote kidney and urinary tract health.  \u2022 LOW MAGNESIUM CONTENT and l-methionine provide optimal urine ph of 6.0\u20136.5 for prevention of struvite and oxalate stones  \u2022 PROBIOTICS and PREBIOTICS help maintain gastrointestinal tract and immune system health.  \u2022 Grain free \u2013 NO colorants \u2013 NO preservatives \u2013 NO GMO \u2013 NO soy\" \/>\n<meta property=\"og:url\" content=\"https:\/\/zoo-land.az\/az\/shop\/cat\/cat-foods\/brit-care-cat-grain-free-sterilised-1-kg\/\" \/>\n<meta property=\"og:site_name\" content=\"Zooland.az\" \/>\n<meta property=\"article:modified_time\" content=\"2026-03-13T10:28:22+00:00\" \/>\n<meta property=\"og:image\" content=\"http:\/\/zoo-land.az\/wp-content\/uploads\/2024\/06\/bcc-dry-food-7kg-sterilised-pork-hd.png\" \/>\n\t<meta property=\"og:image:width\" content=\"550\" \/>\n\t<meta property=\"og:image:height\" content=\"1000\" \/>\n\t<meta property=\"og:image:type\" content=\"image\/png\" \/>\n<meta name=\"twitter:card\" content=\"summary_large_image\" \/>\n<meta name=\"twitter:label1\" content=\"Est. reading time\" \/>\n\t<meta name=\"twitter:data1\" content=\"2 minutes\" \/>\n<script type=\"application\/ld+json\" class=\"yoast-schema-graph\">{\"@context\":\"https:\\\/\\\/schema.org\",\"@graph\":[{\"@type\":\"WebPage\",\"@id\":\"https:\\\/\\\/zoo-land.az\\\/shop\\\/cat\\\/cat-foods\\\/brit-care-cat-grain-free-sterilised-1-kg\\\/\",\"url\":\"https:\\\/\\\/zoo-land.az\\\/shop\\\/cat\\\/cat-foods\\\/brit-care-cat-grain-free-sterilised-1-kg\\\/\",\"name\":\"Brit Care Cat Grain Free Sterilised 1 kg - Zooland.az\",\"isPartOf\":{\"@id\":\"https:\\\/\\\/zoo-land.az\\\/#website\"},\"primaryImageOfPage\":{\"@id\":\"https:\\\/\\\/zoo-land.az\\\/shop\\\/cat\\\/cat-foods\\\/brit-care-cat-grain-free-sterilised-1-kg\\\/#primaryimage\"},\"image\":{\"@id\":\"https:\\\/\\\/zoo-land.az\\\/shop\\\/cat\\\/cat-foods\\\/brit-care-cat-grain-free-sterilised-1-kg\\\/#primaryimage\"},\"thumbnailUrl\":\"https:\\\/\\\/zoo-land.az\\\/wp-content\\\/uploads\\\/2024\\\/06\\\/bcc-dry-food-7kg-sterilised-pork-hd.png\",\"datePublished\":\"2024-06-06T08:07:56+00:00\",\"dateModified\":\"2026-03-13T10:28:22+00:00\",\"breadcrumb\":{\"@id\":\"https:\\\/\\\/zoo-land.az\\\/shop\\\/cat\\\/cat-foods\\\/brit-care-cat-grain-free-sterilised-1-kg\\\/#breadcrumb\"},\"inLanguage\":\"az\",\"potentialAction\":[{\"@type\":\"ReadAction\",\"target\":[\"https:\\\/\\\/zoo-land.az\\\/shop\\\/cat\\\/cat-foods\\\/brit-care-cat-grain-free-sterilised-1-kg\\\/\"]}]},{\"@type\":\"ImageObject\",\"inLanguage\":\"az\",\"@id\":\"https:\\\/\\\/zoo-land.az\\\/shop\\\/cat\\\/cat-foods\\\/brit-care-cat-grain-free-sterilised-1-kg\\\/#primaryimage\",\"url\":\"https:\\\/\\\/zoo-land.az\\\/wp-content\\\/uploads\\\/2024\\\/06\\\/bcc-dry-food-7kg-sterilised-pork-hd.png\",\"contentUrl\":\"https:\\\/\\\/zoo-land.az\\\/wp-content\\\/uploads\\\/2024\\\/06\\\/bcc-dry-food-7kg-sterilised-pork-hd.png\",\"width\":550,\"height\":1000},{\"@type\":\"BreadcrumbList\",\"@id\":\"https:\\\/\\\/zoo-land.az\\\/shop\\\/cat\\\/cat-foods\\\/brit-care-cat-grain-free-sterilised-1-kg\\\/#breadcrumb\",\"itemListElement\":[{\"@type\":\"ListItem\",\"position\":1,\"name\":\"Home\",\"item\":\"https:\\\/\\\/zoo-land.az\\\/ru\\\/\"},{\"@type\":\"ListItem\",\"position\":2,\"name\":\"Shop\",\"item\":\"https:\\\/\\\/zoo-land.az\\\/ru\\\/\"},{\"@type\":\"ListItem\",\"position\":3,\"name\":\"Brit Care Cat Grain Free Sterilised 1 kg\"}]},{\"@type\":\"WebSite\",\"@id\":\"https:\\\/\\\/zoo-land.az\\\/#website\",\"url\":\"https:\\\/\\\/zoo-land.az\\\/\",\"name\":\"Zooland.az\",\"description\":\"Xo\u015fb\u0259xt ev heyvanlar\u0131n\u0131n \u00fcnvan\u0131 Zooland.az\",\"publisher\":{\"@id\":\"https:\\\/\\\/zoo-land.az\\\/#organization\"},\"potentialAction\":[{\"@type\":\"SearchAction\",\"target\":{\"@type\":\"EntryPoint\",\"urlTemplate\":\"https:\\\/\\\/zoo-land.az\\\/?s={search_term_string}\"},\"query-input\":{\"@type\":\"PropertyValueSpecification\",\"valueRequired\":true,\"valueName\":\"search_term_string\"}}],\"inLanguage\":\"az\"},{\"@type\":\"Organization\",\"@id\":\"https:\\\/\\\/zoo-land.az\\\/#organization\",\"name\":\"Zooland.az\",\"url\":\"https:\\\/\\\/zoo-land.az\\\/\",\"logo\":{\"@type\":\"ImageObject\",\"inLanguage\":\"az\",\"@id\":\"https:\\\/\\\/zoo-land.az\\\/#\\\/schema\\\/logo\\\/image\\\/\",\"url\":\"https:\\\/\\\/zoo-land.az\\\/wp-content\\\/uploads\\\/2022\\\/05\\\/logo.svg\",\"contentUrl\":\"https:\\\/\\\/zoo-land.az\\\/wp-content\\\/uploads\\\/2022\\\/05\\\/logo.svg\",\"width\":113,\"height\":46,\"caption\":\"Zooland.az\"},\"image\":{\"@id\":\"https:\\\/\\\/zoo-land.az\\\/#\\\/schema\\\/logo\\\/image\\\/\"}}]}<\/script>\n<!-- \/ Yoast SEO plugin. -->","yoast_head_json":{"title":"Brit Care Cat Grain Free Sterilised 1 kg - Zooland.az","robots":{"index":"index","follow":"follow","max-snippet":"max-snippet:-1","max-image-preview":"max-image-preview:large","max-video-preview":"max-video-preview:-1"},"canonical":"https:\/\/zoo-land.az\/az\/shop\/cat\/cat-foods\/brit-care-cat-grain-free-sterilised-1-kg\/","og_locale":"az_AZ","og_type":"article","og_title":"Brit Care Cat Grain Free Sterilised 1 kg - Zooland.az","og_description":"Brit Care Cat Grain-Free STERILISED IMMUNITY SUPPORT HYPOALLERGENIC FRESH PORK FORMULA.  Complete Feed for Adult Sterilized Cats.  Immunity support. Hypoallergenic fresh pork formula. A grain-free and high-protein formula with probiotics for gentle digestion and strong immunity. Tailor made formula for healthy kidneys and urinary tract containing fruits and herbs rich in natural antioxidants and vitamin E, which protect the body from free radicals and ensure a strong immune system for life. FRESH PORK is great for cats with sensitive stomachs. Pork is a healthy protein source for cats, often recommended for cats with food sensitivities. It is easily digestible and less likely to cause stomach issues. When cats experience food allergies to more common protein sources, pork is often recommended as an alternative. For cats that experience litter box problems like loose stools and constipation, pork may be recommended as a protein source to try.  \u2022 SEA BUCKTHORN AND NASTURTIUM promote kidney and urinary tract health.  \u2022 LOW MAGNESIUM CONTENT and l-methionine provide optimal urine ph of 6.0\u20136.5 for prevention of struvite and oxalate stones  \u2022 PROBIOTICS and PREBIOTICS help maintain gastrointestinal tract and immune system health.  \u2022 Grain free \u2013 NO colorants \u2013 NO preservatives \u2013 NO GMO \u2013 NO soy","og_url":"https:\/\/zoo-land.az\/az\/shop\/cat\/cat-foods\/brit-care-cat-grain-free-sterilised-1-kg\/","og_site_name":"Zooland.az","article_modified_time":"2026-03-13T10:28:22+00:00","og_image":[{"width":550,"height":1000,"url":"http:\/\/zoo-land.az\/wp-content\/uploads\/2024\/06\/bcc-dry-food-7kg-sterilised-pork-hd.png","type":"image\/png"}],"twitter_card":"summary_large_image","twitter_misc":{"Est. reading time":"2 minutes"},"schema":{"@context":"https:\/\/schema.org","@graph":[{"@type":"WebPage","@id":"https:\/\/zoo-land.az\/shop\/cat\/cat-foods\/brit-care-cat-grain-free-sterilised-1-kg\/","url":"https:\/\/zoo-land.az\/shop\/cat\/cat-foods\/brit-care-cat-grain-free-sterilised-1-kg\/","name":"Brit Care Cat Grain Free Sterilised 1 kg - Zooland.az","isPartOf":{"@id":"https:\/\/zoo-land.az\/#website"},"primaryImageOfPage":{"@id":"https:\/\/zoo-land.az\/shop\/cat\/cat-foods\/brit-care-cat-grain-free-sterilised-1-kg\/#primaryimage"},"image":{"@id":"https:\/\/zoo-land.az\/shop\/cat\/cat-foods\/brit-care-cat-grain-free-sterilised-1-kg\/#primaryimage"},"thumbnailUrl":"https:\/\/zoo-land.az\/wp-content\/uploads\/2024\/06\/bcc-dry-food-7kg-sterilised-pork-hd.png","datePublished":"2024-06-06T08:07:56+00:00","dateModified":"2026-03-13T10:28:22+00:00","breadcrumb":{"@id":"https:\/\/zoo-land.az\/shop\/cat\/cat-foods\/brit-care-cat-grain-free-sterilised-1-kg\/#breadcrumb"},"inLanguage":"az","potentialAction":[{"@type":"ReadAction","target":["https:\/\/zoo-land.az\/shop\/cat\/cat-foods\/brit-care-cat-grain-free-sterilised-1-kg\/"]}]},{"@type":"ImageObject","inLanguage":"az","@id":"https:\/\/zoo-land.az\/shop\/cat\/cat-foods\/brit-care-cat-grain-free-sterilised-1-kg\/#primaryimage","url":"https:\/\/zoo-land.az\/wp-content\/uploads\/2024\/06\/bcc-dry-food-7kg-sterilised-pork-hd.png","contentUrl":"https:\/\/zoo-land.az\/wp-content\/uploads\/2024\/06\/bcc-dry-food-7kg-sterilised-pork-hd.png","width":550,"height":1000},{"@type":"BreadcrumbList","@id":"https:\/\/zoo-land.az\/shop\/cat\/cat-foods\/brit-care-cat-grain-free-sterilised-1-kg\/#breadcrumb","itemListElement":[{"@type":"ListItem","position":1,"name":"Home","item":"https:\/\/zoo-land.az\/ru\/"},{"@type":"ListItem","position":2,"name":"Shop","item":"https:\/\/zoo-land.az\/ru\/"},{"@type":"ListItem","position":3,"name":"Brit Care Cat Grain Free Sterilised 1 kg"}]},{"@type":"WebSite","@id":"https:\/\/zoo-land.az\/#website","url":"https:\/\/zoo-land.az\/","name":"Zooland.az","description":"Xo\u015fb\u0259xt ev heyvanlar\u0131n\u0131n \u00fcnvan\u0131 Zooland.az","publisher":{"@id":"https:\/\/zoo-land.az\/#organization"},"potentialAction":[{"@type":"SearchAction","target":{"@type":"EntryPoint","urlTemplate":"https:\/\/zoo-land.az\/?s={search_term_string}"},"query-input":{"@type":"PropertyValueSpecification","valueRequired":true,"valueName":"search_term_string"}}],"inLanguage":"az"},{"@type":"Organization","@id":"https:\/\/zoo-land.az\/#organization","name":"Zooland.az","url":"https:\/\/zoo-land.az\/","logo":{"@type":"ImageObject","inLanguage":"az","@id":"https:\/\/zoo-land.az\/#\/schema\/logo\/image\/","url":"https:\/\/zoo-land.az\/wp-content\/uploads\/2022\/05\/logo.svg","contentUrl":"https:\/\/zoo-land.az\/wp-content\/uploads\/2022\/05\/logo.svg","width":113,"height":46,"caption":"Zooland.az"},"image":{"@id":"https:\/\/zoo-land.az\/#\/schema\/logo\/image\/"}}]}},"_links":{"self":[{"href":"https:\/\/zoo-land.az\/az\/wp-json\/wp\/v2\/product\/22778","targetHints":{"allow":["GET"]}}],"collection":[{"href":"https:\/\/zoo-land.az\/az\/wp-json\/wp\/v2\/product"}],"about":[{"href":"https:\/\/zoo-land.az\/az\/wp-json\/wp\/v2\/types\/product"}],"wp:featuredmedia":[{"embeddable":true,"href":"https:\/\/zoo-land.az\/az\/wp-json\/wp\/v2\/media\/22779"}],"wp:attachment":[{"href":"https:\/\/zoo-land.az\/az\/wp-json\/wp\/v2\/media?parent=22778"}],"wp:term":[{"taxonomy":"product_cat","embeddable":true,"href":"https:\/\/zoo-land.az\/az\/wp-json\/wp\/v2\/product_cat?post=22778"},{"taxonomy":"product_tag","embeddable":true,"href":"https:\/\/zoo-land.az\/az\/wp-json\/wp\/v2\/product_tag?post=22778"}],"curies":[{"name":"wp","href":"https:\/\/api.w.org\/{rel}","templated":true}]}}